{"id":3912,"date":"2024-08-01T07:04:39","date_gmt":"2024-08-01T06:04:39","guid":{"rendered":"https:\/\/sxpowercase.com\/?post_type=product&#038;p=3912"},"modified":"2024-08-01T07:04:40","modified_gmt":"2024-08-01T06:04:40","slug":"recessed-latches-loa303","status":"publish","type":"product","link":"https:\/\/sxflightcase.com\/es\/producto\/pestillos-empotrados-loa303-2\/","title":{"rendered":"Pestillos empotrados LOA303"},"content":{"rendered":"<h2>Asegure su equipo con los cierres empotrados SX<\/h2>\n<h3>Soluciones de seguridad Premium<\/h3>\n<p>A la hora de salvaguardar sus valiosos equipos, <strong>Pestillos empotrados<\/strong> de SX son una opci\u00f3n ideal. Estos cierres proporcionan una seguridad excepcional y son perfectos para flight cases, racks y otros armarios. Dise\u00f1ados con precisi\u00f3n, los cierres de SX garantizan que su equipo est\u00e9 seguro y protegido, ya sea de viaje o almacenado.<\/p>\n<h3>Directo de f\u00e1brica a precios imbatibles<\/h3>\n<p><a href=\"https:\/\/sxpowercase.com\/\" target=\"_blank\" rel=\"noopener\" title=\"SX\" data-wpil-monitor-id=\"615\">SX<\/a> ofrece <strong>Pestillos empotrados<\/strong> directamente de f\u00e1brica, lo que le garantiza productos de la m\u00e1xima calidad a precios directos de f\u00e1brica. Este modelo elimina a los intermediarios, lo que nos permite trasladarle el ahorro a usted. Nuestro compromiso con la asequibilidad significa que obtendr\u00e1 cierres duraderos y de alta calidad sin pagar un sobreprecio.<\/p>\n<h3>Fabricado para ofrecer durabilidad y fiabilidad<\/h3>\n<p>Nuestro <strong>Pestillos empotrados<\/strong> est\u00e1n fabricados con materiales robustos, construidos para soportar un uso intensivo y condiciones duras. En SX, la garant\u00eda de calidad es primordial; todos los cierres se someten a rigurosas pruebas para cumplir nuestros exigentes est\u00e1ndares. Esta durabilidad garantiza una seguridad duradera para su equipo, proporcion\u00e1ndole la tranquilidad de saber que su equipo est\u00e1 seguro.<\/p>\n<h3>Adaptaci\u00f3n a sus necesidades espec\u00edficas<\/h3>\n<p>En SX somos conscientes de que cada proyecto tiene unos requisitos \u00fanicos. Por eso ofrecemos opciones de personalizaci\u00f3n para nuestros <strong>Pestillos empotrados<\/strong>. Tanto si necesita un tama\u00f1o, un acabado o un material espec\u00edficos, podemos crear un cierre que se adapte perfectamente a sus necesidades. Esta personalizaci\u00f3n garantiza que reciba la soluci\u00f3n exacta que necesita, sin comprometer la calidad ni la funcionalidad.<\/p>\n<h3>F\u00e1cil instalaci\u00f3n y dise\u00f1o elegante<\/h3>\n<p>Instalaci\u00f3n de SX <strong>Pestillos empotrados<\/strong> es un proceso sencillo, gracias a su dise\u00f1o de f\u00e1cil manejo. El dise\u00f1o empotrado no s\u00f3lo a\u00f1ade un aspecto elegante a sus cajas y bastidores, sino que tambi\u00e9n evita enganches y da\u00f1os. Esto hace que nuestros cierres sean perfectos para una amplia gama de aplicaciones, como equipos audiovisuales profesionales, equipos inform\u00e1ticos y soluciones de almacenamiento en general.<\/p>\n<h3>La ventaja de SX<\/h3>\n<p>Elegir SX significa elegir la excelencia en calidad, rentabilidad y satisfacci\u00f3n del cliente. Nuestro modelo de venta directa le garantiza que recibir\u00e1 productos superiores a los precios m\u00e1s competitivos. Con nuestra <strong>Pestillos empotrados<\/strong>obtendr\u00e1 una soluci\u00f3n duradera y personalizable que se ajusta exactamente a sus especificaciones. Conf\u00ede en SX para obtener cierres que combinan seguridad, durabilidad y atractivo est\u00e9tico, todo ello a un precio asequible.<\/p>\n<h3>Cont\u00e1ctenos hoy<\/h3>\n<p>Garantice la seguridad de su equipo con SX <strong>Pestillos empotrados<\/strong>. Ofrecemos la mejor combinaci\u00f3n de seguridad, durabilidad y rentabilidad del mercado. Tanto si necesita cierres para flightcases, bastidores u otras soluciones de almacenamiento, SX tiene la soluci\u00f3n. P\u00f3ngase en contacto con nosotros hoy mismo para obtener m\u00e1s informaci\u00f3n sobre nuestros productos y opciones de personalizaci\u00f3n. Con SX, recibir\u00e1 productos de calidad directamente de f\u00e1brica, lo que garantiza el mejor valor para su inversi\u00f3n.<\/p>\n<p>Cont\u00e1ctenos ahora:<span style=\"color: #0000ff;\"><a style=\"color: #0000ff;\" href=\"https:\/\/sxpowercase.com\/contact-us\/\">https:\/\/sxpowercase.com\/<\/a><\/span><\/p>\n<p>Cat\u00e1logo de productos de hardware:<span style=\"color: #3366ff;\"><a style=\"color: #3366ff;\" href=\"https:\/\/sxpowercase.com\/wp-content\/uploads\/2024\/07\/\u4e94\u91d1.pdf\">Cat\u00e1logo de accesorios de ferreter\u00eda<\/a><\/span><\/p>","protected":false},"excerpt":{"rendered":"<div class=\"flex-shrink-0 flex flex-col relative items-end\">\n<div>\n<div class=\"pt-0\">\n<div class=\"gizmo-bot-avatar flex h-8 w-8 items-center justify-center overflow-hidden rounded-full\">\n<div class=\"relative p-1 rounded-sm flex items-center justify-center bg-token-main-surface-primary text-token-text-primary h-8 w-8\"><\/div>\n<\/div>\n<\/div>\n<\/div>\n<\/div>\n<div class=\"group\/conversation-turn relative flex w-full min-w-0 flex-col agent-turn\">\n<div class=\"flex-col gap-1 md:gap-3\">\n<div class=\"flex flex-grow flex-col max-w-full\">\n<div class=\"min-h-[20px] text-message flex w-full flex-col items-end gap-2 whitespace-pre-wrap break-words [.text-message+&amp;]:mt-5 overflow-x-auto\" dir=\"auto\" data-message-author-role=\"assistant\" data-message-id=\"1ab61275-2362-43eb-9fce-bafb1f1b29ea\">\n<div class=\"flex w-full flex-col gap-1 empty:hidden first:pt-[3px]\">\n<div class=\"markdown prose w-full break-words dark:prose-invert light\">\n<h3>Secure Your Gear with SX Recessed Latches<\/h3>\n<p>Protect your equipment with SX&#8217;s high-quality Recessed Latches, providing secure and convenient closures for various cases and enclosures.<\/p>\n<h3>Unbeatable Value with Factory Direct Sales<\/h3>\n<p>SX offers Recessed Latches at competitive prices through factory direct sales. Enjoy top-notch quality without the high cost.<\/p>\n<h3>Durable, Customisable, and Easy to Use<\/h3>\n<p>SX Recessed Latches are durable and versatile, with customisation options to fit your specific needs. Their recessed design ensures a smooth profile, perfect for professional equipment.<\/p>\n<\/div>\n<\/div>\n<\/div>\n<\/div>\n<div class=\"mt-1 flex gap-3 empty:hidden -ml-2\">\n<div class=\"items-center justify-start rounded-xl p-1 flex\">\n<div class=\"flex items-center\"><\/div>\n<\/div>\n<\/div>\n<\/div>\n<\/div>\n","protected":false},"featured_media":3787,"comment_status":"open","ping_status":"closed","template":"","meta":[],"product_brand":[],"product_cat":[61],"product_tag":[],"class_list":{"0":"post-3912","1":"product","2":"type-product","3":"status-publish","4":"has-post-thumbnail","6":"product_cat-catchother-locks","8":"first","9":"instock","10":"shipping-taxable","11":"product-type-simple"},"yoast_head":"<!-- This site is optimized with the Yoast SEO Premium plugin v27.1 (Yoast SEO v27.2) - https:\/\/yoast.com\/product\/yoast-seo-premium-wordpress\/ -->\n<title>Recessed Latches LOA303 - https:\/\/sxflightcase.com \ud83d\udc97<\/title>\n<meta name=\"description\" content=\"Recessed latch, factory direct! High-quality, secure latching solutions for flight cases and equipment. Ideal for a flush, protected fit in professional and industrial settings.\" \/>\n<meta name=\"robots\" content=\"index, follow, max-snippet:-1, max-image-preview:large, max-video-preview:-1\" \/>\n<link rel=\"canonical\" href=\"https:\/\/sxflightcase.com\/es\/producto\/pestillos-empotrados-loa303-2\/\" \/>\n<meta property=\"og:locale\" content=\"es_MX\" \/>\n<meta property=\"og:type\" content=\"article\" \/>\n<meta property=\"og:title\" content=\"Recessed Latches LOA303\" \/>\n<meta property=\"og:description\" content=\"Recessed latch, factory direct! High-quality, secure latching solutions for flight cases and equipment. Ideal for a flush, protected fit in professional and industrial settings.\" \/>\n<meta property=\"og:url\" content=\"https:\/\/sxflightcase.com\/es\/producto\/pestillos-empotrados-loa303-2\/\" \/>\n<meta property=\"og:site_name\" content=\"https:\/\/sxflightcase.com\" \/>\n<meta property=\"article:publisher\" content=\"https:\/\/www.facebook.com\/profile.php?id=61560407257971\" \/>\n<meta property=\"article:modified_time\" content=\"2024-08-01T06:04:40+00:00\" \/>\n<meta property=\"og:image\" content=\"https:\/\/sxflightcase.com\/wp-content\/uploads\/2024\/07\/LOA303.jpg\" \/>\n\t<meta property=\"og:image:width\" content=\"520\" \/>\n\t<meta property=\"og:image:height\" content=\"520\" \/>\n\t<meta property=\"og:image:type\" content=\"image\/jpeg\" \/>\n<meta name=\"twitter:card\" content=\"summary_large_image\" \/>\n<meta name=\"twitter:label1\" content=\"Tiempo de lectura\" \/>\n\t<meta name=\"twitter:data1\" content=\"3 minutos\" \/>\n<script type=\"application\/ld+json\" class=\"yoast-schema-graph\">{\"@context\":\"https:\/\/schema.org\",\"@graph\":[{\"@type\":\"WebPage\",\"@id\":\"https:\/\/sxflightcase.com\/es\/producto\/pestillos-empotrados-loa303-2\/\",\"url\":\"https:\/\/sxflightcase.com\/es\/producto\/pestillos-empotrados-loa303-2\/\",\"name\":\"Recessed Latches LOA303 - https:\/\/sxflightcase.com \ud83d\udc97\",\"isPartOf\":{\"@id\":\"https:\/\/sxflightcase.com\/th\/#website\"},\"primaryImageOfPage\":{\"@id\":\"https:\/\/sxflightcase.com\/es\/producto\/pestillos-empotrados-loa303-2\/#primaryimage\"},\"image\":{\"@id\":\"https:\/\/sxflightcase.com\/es\/producto\/pestillos-empotrados-loa303-2\/#primaryimage\"},\"thumbnailUrl\":\"https:\/\/sxflightcase.com\/wp-content\/uploads\/2024\/07\/LOA303.jpg\",\"datePublished\":\"2024-08-01T06:04:39+00:00\",\"dateModified\":\"2024-08-01T06:04:40+00:00\",\"description\":\"Recessed latch, factory direct! High-quality, secure latching solutions for flight cases and equipment. Ideal for a flush, protected fit in professional and industrial settings.\",\"breadcrumb\":{\"@id\":\"https:\/\/sxflightcase.com\/es\/producto\/pestillos-empotrados-loa303-2\/#breadcrumb\"},\"inLanguage\":\"es\",\"potentialAction\":[{\"@type\":\"ReadAction\",\"target\":[\"https:\/\/sxflightcase.com\/es\/producto\/pestillos-empotrados-loa303-2\/\"]}]},{\"@type\":\"ImageObject\",\"inLanguage\":\"es\",\"@id\":\"https:\/\/sxflightcase.com\/es\/producto\/pestillos-empotrados-loa303-2\/#primaryimage\",\"url\":\"https:\/\/sxflightcase.com\/wp-content\/uploads\/2024\/07\/LOA303.jpg\",\"contentUrl\":\"https:\/\/sxflightcase.com\/wp-content\/uploads\/2024\/07\/LOA303.jpg\",\"width\":520,\"height\":520,\"caption\":\"Recessed Latches\"},{\"@type\":\"BreadcrumbList\",\"@id\":\"https:\/\/sxflightcase.com\/es\/producto\/pestillos-empotrados-loa303-2\/#breadcrumb\",\"itemListElement\":[{\"@type\":\"ListItem\",\"position\":1,\"name\":\"Home\",\"item\":\"https:\/\/sxflightcase.com\/\"},{\"@type\":\"ListItem\",\"position\":2,\"name\":\"\u0e2a\u0e34\u0e19\u0e04\u0e49\u0e32\",\"item\":\"https:\/\/sxflightcase.com\/th\/shop\/\"},{\"@type\":\"ListItem\",\"position\":3,\"name\":\"Recessed Latches LOA303\"}]},{\"@type\":\"WebSite\",\"@id\":\"https:\/\/sxflightcase.com\/th\/#website\",\"url\":\"https:\/\/sxflightcase.com\/th\/\",\"name\":\"sxpowercase.com\",\"description\":\"Flight Case Factory\",\"publisher\":{\"@id\":\"https:\/\/sxflightcase.com\/th\/#organization\"},\"potentialAction\":[{\"@type\":\"SearchAction\",\"target\":{\"@type\":\"EntryPoint\",\"urlTemplate\":\"https:\/\/sxflightcase.com\/th\/?s={search_term_string}\"},\"query-input\":{\"@type\":\"PropertyValueSpecification\",\"valueRequired\":true,\"valueName\":\"search_term_string\"}}],\"inLanguage\":\"es\"},{\"@type\":\"Organization\",\"@id\":\"https:\/\/sxflightcase.com\/th\/#organization\",\"name\":\"sxpowercase.com\",\"url\":\"https:\/\/sxflightcase.com\/th\/\",\"logo\":{\"@type\":\"ImageObject\",\"inLanguage\":\"es\",\"@id\":\"https:\/\/sxflightcase.com\/th\/#\/schema\/logo\/image\/\",\"url\":\"https:\/\/sxflightcase.com\/wp-content\/uploads\/2024\/04\/1713919036007.jpg\",\"contentUrl\":\"https:\/\/sxflightcase.com\/wp-content\/uploads\/2024\/04\/1713919036007.jpg\",\"width\":382,\"height\":388,\"caption\":\"sxpowercase.com\"},\"image\":{\"@id\":\"https:\/\/sxflightcase.com\/th\/#\/schema\/logo\/image\/\"},\"sameAs\":[\"https:\/\/www.facebook.com\/profile.php?id=61560407257971\"],\"numberOfEmployees\":{\"@type\":\"QuantitativeValue\",\"minValue\":\"11\",\"maxValue\":\"50\"}}]}<\/script>\n<!-- \/ Yoast SEO Premium plugin. -->","yoast_head_json":{"title":"Recessed Latches LOA303 - https:\/\/sxflightcase.com \ud83d\udc97","description":"Cierre empotrado, \u00a1directo de f\u00e1brica! Soluciones de cierre seguras y de alta calidad para flight cases y equipos. Ideal para un ajuste enrasado y protegido en entornos profesionales e industriales.","robots":{"index":"index","follow":"follow","max-snippet":"max-snippet:-1","max-image-preview":"max-image-preview:large","max-video-preview":"max-video-preview:-1"},"canonical":"https:\/\/sxflightcase.com\/es\/producto\/pestillos-empotrados-loa303-2\/","og_locale":"es_MX","og_type":"article","og_title":"Recessed Latches LOA303","og_description":"Recessed latch, factory direct! High-quality, secure latching solutions for flight cases and equipment. Ideal for a flush, protected fit in professional and industrial settings.","og_url":"https:\/\/sxflightcase.com\/es\/producto\/pestillos-empotrados-loa303-2\/","og_site_name":"https:\/\/sxflightcase.com","article_publisher":"https:\/\/www.facebook.com\/profile.php?id=61560407257971","article_modified_time":"2024-08-01T06:04:40+00:00","og_image":[{"width":520,"height":520,"url":"https:\/\/sxflightcase.com\/wp-content\/uploads\/2024\/07\/LOA303.jpg","type":"image\/jpeg"}],"twitter_card":"summary_large_image","twitter_misc":{"Tiempo de lectura":"3 minutos"},"schema":{"@context":"https:\/\/schema.org","@graph":[{"@type":"WebPage","@id":"https:\/\/sxflightcase.com\/es\/producto\/pestillos-empotrados-loa303-2\/","url":"https:\/\/sxflightcase.com\/es\/producto\/pestillos-empotrados-loa303-2\/","name":"Recessed Latches LOA303 - https:\/\/sxflightcase.com \ud83d\udc97","isPartOf":{"@id":"https:\/\/sxflightcase.com\/th\/#website"},"primaryImageOfPage":{"@id":"https:\/\/sxflightcase.com\/es\/producto\/pestillos-empotrados-loa303-2\/#primaryimage"},"image":{"@id":"https:\/\/sxflightcase.com\/es\/producto\/pestillos-empotrados-loa303-2\/#primaryimage"},"thumbnailUrl":"https:\/\/sxflightcase.com\/wp-content\/uploads\/2024\/07\/LOA303.jpg","datePublished":"2024-08-01T06:04:39+00:00","dateModified":"2024-08-01T06:04:40+00:00","description":"Cierre empotrado, \u00a1directo de f\u00e1brica! Soluciones de cierre seguras y de alta calidad para flight cases y equipos. Ideal para un ajuste enrasado y protegido en entornos profesionales e industriales.","breadcrumb":{"@id":"https:\/\/sxflightcase.com\/es\/producto\/pestillos-empotrados-loa303-2\/#breadcrumb"},"inLanguage":"es","potentialAction":[{"@type":"ReadAction","target":["https:\/\/sxflightcase.com\/es\/producto\/pestillos-empotrados-loa303-2\/"]}]},{"@type":"ImageObject","inLanguage":"es","@id":"https:\/\/sxflightcase.com\/es\/producto\/pestillos-empotrados-loa303-2\/#primaryimage","url":"https:\/\/sxflightcase.com\/wp-content\/uploads\/2024\/07\/LOA303.jpg","contentUrl":"https:\/\/sxflightcase.com\/wp-content\/uploads\/2024\/07\/LOA303.jpg","width":520,"height":520,"caption":"Recessed Latches"},{"@type":"BreadcrumbList","@id":"https:\/\/sxflightcase.com\/es\/producto\/pestillos-empotrados-loa303-2\/#breadcrumb","itemListElement":[{"@type":"ListItem","position":1,"name":"Home","item":"https:\/\/sxflightcase.com\/"},{"@type":"ListItem","position":2,"name":"\u0e2a\u0e34\u0e19\u0e04\u0e49\u0e32","item":"https:\/\/sxflightcase.com\/th\/shop\/"},{"@type":"ListItem","position":3,"name":"Recessed Latches LOA303"}]},{"@type":"WebSite","@id":"https:\/\/sxflightcase.com\/th\/#website","url":"https:\/\/sxflightcase.com\/th\/","name":"es.sxpowercase.com","description":"F\u00e1brica de flightcases","publisher":{"@id":"https:\/\/sxflightcase.com\/th\/#organization"},"potentialAction":[{"@type":"SearchAction","target":{"@type":"EntryPoint","urlTemplate":"https:\/\/sxflightcase.com\/th\/?s={search_term_string}"},"query-input":{"@type":"PropertyValueSpecification","valueRequired":true,"valueName":"search_term_string"}}],"inLanguage":"es"},{"@type":"Organization","@id":"https:\/\/sxflightcase.com\/th\/#organization","name":"es.sxpowercase.com","url":"https:\/\/sxflightcase.com\/th\/","logo":{"@type":"ImageObject","inLanguage":"es","@id":"https:\/\/sxflightcase.com\/th\/#\/schema\/logo\/image\/","url":"https:\/\/sxflightcase.com\/wp-content\/uploads\/2024\/04\/1713919036007.jpg","contentUrl":"https:\/\/sxflightcase.com\/wp-content\/uploads\/2024\/04\/1713919036007.jpg","width":382,"height":388,"caption":"sxpowercase.com"},"image":{"@id":"https:\/\/sxflightcase.com\/th\/#\/schema\/logo\/image\/"},"sameAs":["https:\/\/www.facebook.com\/profile.php?id=61560407257971"],"numberOfEmployees":{"@type":"QuantitativeValue","minValue":"11","maxValue":"50"}}]}},"_links":{"self":[{"href":"https:\/\/sxflightcase.com\/es\/wp-json\/wp\/v2\/product\/3912","targetHints":{"allow":["GET"]}}],"collection":[{"href":"https:\/\/sxflightcase.com\/es\/wp-json\/wp\/v2\/product"}],"about":[{"href":"https:\/\/sxflightcase.com\/es\/wp-json\/wp\/v2\/types\/product"}],"replies":[{"embeddable":true,"href":"https:\/\/sxflightcase.com\/es\/wp-json\/wp\/v2\/comments?post=3912"}],"version-history":[{"count":0,"href":"https:\/\/sxflightcase.com\/es\/wp-json\/wp\/v2\/product\/3912\/revisions"}],"wp:featuredmedia":[{"embeddable":true,"href":"https:\/\/sxflightcase.com\/es\/wp-json\/wp\/v2\/media\/3787"}],"wp:attachment":[{"href":"https:\/\/sxflightcase.com\/es\/wp-json\/wp\/v2\/media?parent=3912"}],"wp:term":[{"taxonomy":"product_brand","embeddable":true,"href":"https:\/\/sxflightcase.com\/es\/wp-json\/wp\/v2\/product_brand?post=3912"},{"taxonomy":"product_cat","embeddable":true,"href":"https:\/\/sxflightcase.com\/es\/wp-json\/wp\/v2\/product_cat?post=3912"},{"taxonomy":"product_tag","embeddable":true,"href":"https:\/\/sxflightcase.com\/es\/wp-json\/wp\/v2\/product_tag?post=3912"}],"curies":[{"name":"wp","href":"https:\/\/api.w.org\/{rel}","templated":true}]}}