{"id":3928,"date":"2024-08-02T07:38:09","date_gmt":"2024-08-02T06:38:09","guid":{"rendered":"https:\/\/sxpowercase.com\/?post_type=product&#038;p=3928"},"modified":"2024-08-02T07:38:10","modified_gmt":"2024-08-02T06:38:10","slug":"flight-case-clasps-loa502","status":"publish","type":"product","link":"https:\/\/sxflightcase.com\/es\/producto\/cierres-de-flight-case-loa502\/","title":{"rendered":"Cierres para estuches de vuelo LOA502"},"content":{"rendered":"<h2>Asegure su equipo con los cierres para flightcases SX<\/h2>\n<h3>Precios directos de f\u00e1brica<\/h3>\n<p>SX ofrece <strong>Cierres para flightcases<\/strong> a precios imbatibles directos de f\u00e1brica. Sin intermediarios, le entregamos productos de alta calidad directamente desde nuestra f\u00e1brica. Este enfoque garantiza la mejor relaci\u00f3n calidad-precio, por lo que nuestros cierres son asequibles y fiables.<\/p>\n<h3>Construido para durar<\/h3>\n<p>La durabilidad es clave cuando se trata de proteger su equipo. Nuestro <strong>Cierres para flightcases<\/strong> est\u00e1n fabricados con materiales de alta calidad, dise\u00f1ados para soportar las condiciones m\u00e1s duras. Tanto si viajas como si transportas o guardas tu equipo, estos cierres proporcionan una seguridad inquebrantable. En <a href=\"https:\/\/sxpowercase.com\/\" target=\"_blank\" rel=\"noopener\" title=\"SX\" data-wpil-monitor-id=\"625\">SX<\/a>Probamos rigurosamente cada cierre para garantizar que cumple las estrictas normas de calidad.<\/p>\n<h3>Soluciones personalizables<\/h3>\n<p>Cada equipo tiene unos requisitos \u00fanicos y en SX somos conscientes de la importancia de la personalizaci\u00f3n. Nuestra <strong>Cierres para flightcases<\/strong> pueden adaptarse a sus necesidades, con opciones de distintos tama\u00f1os, acabados y mecanismos de cierre. Esta flexibilidad garantiza una combinaci\u00f3n perfecta para sus maletas, mejorando la protecci\u00f3n y la facilidad de uso.<\/p>\n<h3>Dise\u00f1o f\u00e1cil de usar<\/h3>\n<p>SX <strong>Cierres para flightcases<\/strong> se han dise\u00f1ado pensando en la practicidad. Son f\u00e1ciles de instalar y manejar, y ofrecen una soluci\u00f3n de cierre segura para sus maletas. Su dise\u00f1o de f\u00e1cil manejo garantiza un acceso r\u00e1pido, al tiempo que mantiene un alto nivel de seguridad. Estos cierres no s\u00f3lo funcionan bien, sino que tambi\u00e9n a\u00f1aden un toque profesional a sus maletas para equipos.<\/p>\n<h3>La ventaja de SX<\/h3>\n<p>Elegir SX significa elegir calidad, asequibilidad y un servicio de atenci\u00f3n al cliente excepcional. Nuestra <strong>Cierre de flight case<\/strong>\u00a0ofrecen una forma fiable y rentable de proteger sus valiosos equipos. Nos dedicamos a proporcionar productos que satisfagan sus necesidades sin arruinarle. Con SX, obtendr\u00e1 algo m\u00e1s que cierres: obtendr\u00e1 tranquilidad.<\/p>\n<h3>Cont\u00e1ctenos hoy<\/h3>\n<p>Proteja su equipo con la fiabilidad de SX <strong>Cierre de flight case<\/strong>. P\u00f3ngase en contacto con nosotros para explorar nuestras opciones de productos y aprovechar nuestros competitivos precios directos de f\u00e1brica. En SX, nos comprometemos a ofrecer las mejores soluciones para asegurar sus equipos, garantizando la seguridad y la tranquilidad.<\/p>\n<p>Cont\u00e1ctenos ahora:<span style=\"color: #0000ff;\"><a style=\"color: #0000ff;\" href=\"https:\/\/sxpowercase.com\/contact-us\/\">https:\/\/sxpowercase.com\/<\/a><\/span><\/p>\n<p>Cat\u00e1logo de productos de hardware:<span style=\"color: #3366ff;\"><a style=\"color: #3366ff;\" href=\"https:\/\/sxpowercase.com\/wp-content\/uploads\/2024\/07\/\u4e94\u91d1.pdf\">Cat\u00e1logo de accesorios de ferreter\u00eda<\/a><\/span><\/p>","protected":false},"excerpt":{"rendered":"<div class=\"&quot;flex\">ex-col max-w-full&#8221;&gt;&amp;lt;div class=&#8221;min-h-[20px] text-message flex w-full flex-col items-end gap-2 whitespace-pre-wrap break-words [.text-message+&amp;]:mt-5 overflow-x-auto&#8221; dir=&#8221;auto&#8221; data-message-author-role=&#8221;assistant&#8221; data-message-id=&#8221;613e971c-79c4-4874-b464-6b43df0fb464&#8243;&gt;<\/p>\n<div class=\"flex w-full flex-col gap-1 empty:hidden first:pt-[3px]\">\n<div class=\"markdown prose w-full break-words dark:prose-invert light\">\n<h3>Affordable Quality with SX Flight Case Clasps&lt;\/h3&gt;<\/h3>\n<p>Get top-quality Flight Case Clasps at factory-direct prices. SX provides cost-effective solutions without compromising on durability and security for your valuable equipment.<\/p>\n<h3>Durable and Customisable<\/h3>\n<p>SX Flight Case Clasps are built to last, with options for customisation to meet your specific needs. Choose from various sizes, finishes, and locking mechanisms for a perfect fit.<\/p>\n<h3>Easy to Install and Use<\/h3>\n<p>SX clasps are d<\/p>\n<h3>esigned for easy installation and operation, combining functionality with a sleek, professional look. Secure your cases quickly and efficiently with reliable locking mechanisms.<\/h3>\n<\/div>\n<\/div>\n<\/div>\n","protected":false},"featured_media":3793,"comment_status":"open","ping_status":"closed","template":"","meta":[],"product_brand":[],"product_cat":[61],"product_tag":[],"class_list":{"0":"post-3928","1":"product","2":"type-product","3":"status-publish","4":"has-post-thumbnail","6":"product_cat-catchother-locks","8":"first","9":"instock","10":"shipping-taxable","11":"product-type-simple"},"yoast_head":"<!-- This site is optimized with the Yoast SEO Premium plugin v27.1 (Yoast SEO v27.2) - https:\/\/yoast.com\/product\/yoast-seo-premium-wordpress\/ -->\n<title>Flight Case Clasps LOA502 - https:\/\/sxflightcase.com \ud83d\udc97<\/title>\n<meta name=\"description\" content=\"Flight case clasps, factory direct! Durable, high-quality clasps designed for secure closure and easy handling of flight cases, protecting your equipment in transit.\" \/>\n<meta name=\"robots\" content=\"index, follow, max-snippet:-1, max-image-preview:large, max-video-preview:-1\" \/>\n<link rel=\"canonical\" href=\"https:\/\/sxflightcase.com\/es\/san-pham\/flight-case-clasps-loa502\/\" \/>\n<meta property=\"og:locale\" content=\"es_MX\" \/>\n<meta property=\"og:type\" content=\"article\" \/>\n<meta property=\"og:title\" content=\"Flight Case Clasps LOA502\" \/>\n<meta property=\"og:description\" content=\"Flight case clasps, factory direct! Durable, high-quality clasps designed for secure closure and easy handling of flight cases, protecting your equipment in transit.\" \/>\n<meta property=\"og:url\" content=\"https:\/\/sxflightcase.com\/es\/san-pham\/flight-case-clasps-loa502\/\" \/>\n<meta property=\"og:site_name\" content=\"https:\/\/sxflightcase.com\" \/>\n<meta property=\"article:publisher\" content=\"https:\/\/www.facebook.com\/profile.php?id=61560407257971\" \/>\n<meta property=\"article:modified_time\" content=\"2024-08-02T06:38:10+00:00\" \/>\n<meta property=\"og:image\" content=\"https:\/\/sxflightcase.com\/wp-content\/uploads\/2024\/07\/LOA502.jpg\" \/>\n\t<meta property=\"og:image:width\" content=\"520\" \/>\n\t<meta property=\"og:image:height\" content=\"391\" \/>\n\t<meta property=\"og:image:type\" content=\"image\/jpeg\" \/>\n<meta name=\"twitter:card\" content=\"summary_large_image\" \/>\n<meta name=\"twitter:label1\" content=\"Tiempo de lectura\" \/>\n\t<meta name=\"twitter:data1\" content=\"2 minutos\" \/>\n<script type=\"application\/ld+json\" class=\"yoast-schema-graph\">{\"@context\":\"https:\/\/schema.org\",\"@graph\":[{\"@type\":\"WebPage\",\"@id\":\"https:\/\/sxflightcase.com\/vi\/san-pham\/flight-case-clasps-loa502\/\",\"url\":\"https:\/\/sxflightcase.com\/vi\/san-pham\/flight-case-clasps-loa502\/\",\"name\":\"Flight Case Clasps LOA502 - https:\/\/sxflightcase.com \ud83d\udc97\",\"isPartOf\":{\"@id\":\"https:\/\/sxflightcase.com\/th\/#website\"},\"primaryImageOfPage\":{\"@id\":\"https:\/\/sxflightcase.com\/vi\/san-pham\/flight-case-clasps-loa502\/#primaryimage\"},\"image\":{\"@id\":\"https:\/\/sxflightcase.com\/vi\/san-pham\/flight-case-clasps-loa502\/#primaryimage\"},\"thumbnailUrl\":\"https:\/\/sxflightcase.com\/wp-content\/uploads\/2024\/07\/LOA502.jpg\",\"datePublished\":\"2024-08-02T06:38:09+00:00\",\"dateModified\":\"2024-08-02T06:38:10+00:00\",\"description\":\"Flight case clasps, factory direct! Durable, high-quality clasps designed for secure closure and easy handling of flight cases, protecting your equipment in transit.\",\"breadcrumb\":{\"@id\":\"https:\/\/sxflightcase.com\/vi\/san-pham\/flight-case-clasps-loa502\/#breadcrumb\"},\"inLanguage\":\"es\",\"potentialAction\":[{\"@type\":\"ReadAction\",\"target\":[\"https:\/\/sxflightcase.com\/vi\/san-pham\/flight-case-clasps-loa502\/\"]}]},{\"@type\":\"ImageObject\",\"inLanguage\":\"es\",\"@id\":\"https:\/\/sxflightcase.com\/vi\/san-pham\/flight-case-clasps-loa502\/#primaryimage\",\"url\":\"https:\/\/sxflightcase.com\/wp-content\/uploads\/2024\/07\/LOA502.jpg\",\"contentUrl\":\"https:\/\/sxflightcase.com\/wp-content\/uploads\/2024\/07\/LOA502.jpg\",\"width\":520,\"height\":391,\"caption\":\"flight case clasps\"},{\"@type\":\"BreadcrumbList\",\"@id\":\"https:\/\/sxflightcase.com\/vi\/san-pham\/flight-case-clasps-loa502\/#breadcrumb\",\"itemListElement\":[{\"@type\":\"ListItem\",\"position\":1,\"name\":\"Home\",\"item\":\"https:\/\/sxflightcase.com\/\"},{\"@type\":\"ListItem\",\"position\":2,\"name\":\"\u0e2a\u0e34\u0e19\u0e04\u0e49\u0e32\",\"item\":\"https:\/\/sxflightcase.com\/th\/shop\/\"},{\"@type\":\"ListItem\",\"position\":3,\"name\":\"Flight Case Clasps LOA502\"}]},{\"@type\":\"WebSite\",\"@id\":\"https:\/\/sxflightcase.com\/th\/#website\",\"url\":\"https:\/\/sxflightcase.com\/th\/\",\"name\":\"sxpowercase.com\",\"description\":\"Flight Case Factory\",\"publisher\":{\"@id\":\"https:\/\/sxflightcase.com\/th\/#organization\"},\"potentialAction\":[{\"@type\":\"SearchAction\",\"target\":{\"@type\":\"EntryPoint\",\"urlTemplate\":\"https:\/\/sxflightcase.com\/th\/?s={search_term_string}\"},\"query-input\":{\"@type\":\"PropertyValueSpecification\",\"valueRequired\":true,\"valueName\":\"search_term_string\"}}],\"inLanguage\":\"es\"},{\"@type\":\"Organization\",\"@id\":\"https:\/\/sxflightcase.com\/th\/#organization\",\"name\":\"sxpowercase.com\",\"url\":\"https:\/\/sxflightcase.com\/th\/\",\"logo\":{\"@type\":\"ImageObject\",\"inLanguage\":\"es\",\"@id\":\"https:\/\/sxflightcase.com\/th\/#\/schema\/logo\/image\/\",\"url\":\"https:\/\/sxflightcase.com\/wp-content\/uploads\/2024\/04\/1713919036007.jpg\",\"contentUrl\":\"https:\/\/sxflightcase.com\/wp-content\/uploads\/2024\/04\/1713919036007.jpg\",\"width\":382,\"height\":388,\"caption\":\"sxpowercase.com\"},\"image\":{\"@id\":\"https:\/\/sxflightcase.com\/th\/#\/schema\/logo\/image\/\"},\"sameAs\":[\"https:\/\/www.facebook.com\/profile.php?id=61560407257971\"],\"numberOfEmployees\":{\"@type\":\"QuantitativeValue\",\"minValue\":\"11\",\"maxValue\":\"50\"}}]}<\/script>\n<!-- \/ Yoast SEO Premium plugin. -->","yoast_head_json":{"title":"Flight Case Clasps LOA502 - https:\/\/sxflightcase.com \ud83d\udc97","description":"Cierres para flightcases, \u00a1directos de f\u00e1brica! Cierres duraderos y de alta calidad dise\u00f1ados para un cierre seguro y un manejo sencillo de los flightcases, protegiendo su equipo durante el transporte.","robots":{"index":"index","follow":"follow","max-snippet":"max-snippet:-1","max-image-preview":"max-image-preview:large","max-video-preview":"max-video-preview:-1"},"canonical":"https:\/\/sxflightcase.com\/es\/san-pham\/flight-case-clasps-loa502\/","og_locale":"es_MX","og_type":"article","og_title":"Flight Case Clasps LOA502","og_description":"Flight case clasps, factory direct! Durable, high-quality clasps designed for secure closure and easy handling of flight cases, protecting your equipment in transit.","og_url":"https:\/\/sxflightcase.com\/es\/san-pham\/flight-case-clasps-loa502\/","og_site_name":"https:\/\/sxflightcase.com","article_publisher":"https:\/\/www.facebook.com\/profile.php?id=61560407257971","article_modified_time":"2024-08-02T06:38:10+00:00","og_image":[{"width":520,"height":391,"url":"https:\/\/sxflightcase.com\/wp-content\/uploads\/2024\/07\/LOA502.jpg","type":"image\/jpeg"}],"twitter_card":"summary_large_image","twitter_misc":{"Tiempo de lectura":"2 minutos"},"schema":{"@context":"https:\/\/schema.org","@graph":[{"@type":"WebPage","@id":"https:\/\/sxflightcase.com\/vi\/san-pham\/flight-case-clasps-loa502\/","url":"https:\/\/sxflightcase.com\/vi\/san-pham\/flight-case-clasps-loa502\/","name":"Flight Case Clasps LOA502 - https:\/\/sxflightcase.com \ud83d\udc97","isPartOf":{"@id":"https:\/\/sxflightcase.com\/th\/#website"},"primaryImageOfPage":{"@id":"https:\/\/sxflightcase.com\/vi\/san-pham\/flight-case-clasps-loa502\/#primaryimage"},"image":{"@id":"https:\/\/sxflightcase.com\/vi\/san-pham\/flight-case-clasps-loa502\/#primaryimage"},"thumbnailUrl":"https:\/\/sxflightcase.com\/wp-content\/uploads\/2024\/07\/LOA502.jpg","datePublished":"2024-08-02T06:38:09+00:00","dateModified":"2024-08-02T06:38:10+00:00","description":"Cierres para flightcases, \u00a1directos de f\u00e1brica! Cierres duraderos y de alta calidad dise\u00f1ados para un cierre seguro y un manejo sencillo de los flightcases, protegiendo su equipo durante el transporte.","breadcrumb":{"@id":"https:\/\/sxflightcase.com\/vi\/san-pham\/flight-case-clasps-loa502\/#breadcrumb"},"inLanguage":"es","potentialAction":[{"@type":"ReadAction","target":["https:\/\/sxflightcase.com\/vi\/san-pham\/flight-case-clasps-loa502\/"]}]},{"@type":"ImageObject","inLanguage":"es","@id":"https:\/\/sxflightcase.com\/vi\/san-pham\/flight-case-clasps-loa502\/#primaryimage","url":"https:\/\/sxflightcase.com\/wp-content\/uploads\/2024\/07\/LOA502.jpg","contentUrl":"https:\/\/sxflightcase.com\/wp-content\/uploads\/2024\/07\/LOA502.jpg","width":520,"height":391,"caption":"flight case clasps"},{"@type":"BreadcrumbList","@id":"https:\/\/sxflightcase.com\/vi\/san-pham\/flight-case-clasps-loa502\/#breadcrumb","itemListElement":[{"@type":"ListItem","position":1,"name":"Home","item":"https:\/\/sxflightcase.com\/"},{"@type":"ListItem","position":2,"name":"\u0e2a\u0e34\u0e19\u0e04\u0e49\u0e32","item":"https:\/\/sxflightcase.com\/th\/shop\/"},{"@type":"ListItem","position":3,"name":"Flight Case Clasps LOA502"}]},{"@type":"WebSite","@id":"https:\/\/sxflightcase.com\/th\/#website","url":"https:\/\/sxflightcase.com\/th\/","name":"es.sxpowercase.com","description":"F\u00e1brica de flightcases","publisher":{"@id":"https:\/\/sxflightcase.com\/th\/#organization"},"potentialAction":[{"@type":"SearchAction","target":{"@type":"EntryPoint","urlTemplate":"https:\/\/sxflightcase.com\/th\/?s={search_term_string}"},"query-input":{"@type":"PropertyValueSpecification","valueRequired":true,"valueName":"search_term_string"}}],"inLanguage":"es"},{"@type":"Organization","@id":"https:\/\/sxflightcase.com\/th\/#organization","name":"es.sxpowercase.com","url":"https:\/\/sxflightcase.com\/th\/","logo":{"@type":"ImageObject","inLanguage":"es","@id":"https:\/\/sxflightcase.com\/th\/#\/schema\/logo\/image\/","url":"https:\/\/sxflightcase.com\/wp-content\/uploads\/2024\/04\/1713919036007.jpg","contentUrl":"https:\/\/sxflightcase.com\/wp-content\/uploads\/2024\/04\/1713919036007.jpg","width":382,"height":388,"caption":"sxpowercase.com"},"image":{"@id":"https:\/\/sxflightcase.com\/th\/#\/schema\/logo\/image\/"},"sameAs":["https:\/\/www.facebook.com\/profile.php?id=61560407257971"],"numberOfEmployees":{"@type":"QuantitativeValue","minValue":"11","maxValue":"50"}}]}},"_links":{"self":[{"href":"https:\/\/sxflightcase.com\/es\/wp-json\/wp\/v2\/product\/3928","targetHints":{"allow":["GET"]}}],"collection":[{"href":"https:\/\/sxflightcase.com\/es\/wp-json\/wp\/v2\/product"}],"about":[{"href":"https:\/\/sxflightcase.com\/es\/wp-json\/wp\/v2\/types\/product"}],"replies":[{"embeddable":true,"href":"https:\/\/sxflightcase.com\/es\/wp-json\/wp\/v2\/comments?post=3928"}],"version-history":[{"count":0,"href":"https:\/\/sxflightcase.com\/es\/wp-json\/wp\/v2\/product\/3928\/revisions"}],"wp:featuredmedia":[{"embeddable":true,"href":"https:\/\/sxflightcase.com\/es\/wp-json\/wp\/v2\/media\/3793"}],"wp:attachment":[{"href":"https:\/\/sxflightcase.com\/es\/wp-json\/wp\/v2\/media?parent=3928"}],"wp:term":[{"taxonomy":"product_brand","embeddable":true,"href":"https:\/\/sxflightcase.com\/es\/wp-json\/wp\/v2\/product_brand?post=3928"},{"taxonomy":"product_cat","embeddable":true,"href":"https:\/\/sxflightcase.com\/es\/wp-json\/wp\/v2\/product_cat?post=3928"},{"taxonomy":"product_tag","embeddable":true,"href":"https:\/\/sxflightcase.com\/es\/wp-json\/wp\/v2\/product_tag?post=3928"}],"curies":[{"name":"wp","href":"https:\/\/api.w.org\/{rel}","templated":true}]}}