{"id":3959,"date":"2024-08-06T02:58:55","date_gmt":"2024-08-06T01:58:55","guid":{"rendered":"https:\/\/sxpowercase.com\/?post_type=product&#038;p=3959"},"modified":"2024-08-06T02:58:56","modified_gmt":"2024-08-06T01:58:56","slug":"road-case-latches-lob101","status":"publish","type":"product","link":"https:\/\/sxflightcase.com\/es\/producto\/maletin-de-carretera-cierres-lob101-2\/","title":{"rendered":"Cierres para maletas de carretera LOB101"},"content":{"rendered":"<h2>Cierres fiables para maletas de carretera de SX<\/h2>\n<h3>Precios asequibles directos de f\u00e1brica<\/h3>\n<p>SX se enorgullece de ofrecer <strong>Cierres de maletas de carretera<\/strong> a precios de f\u00e1brica imbatibles. Al abastecernos directamente de nuestras instalaciones de fabricaci\u00f3n, eliminamos a los intermediarios y le repercutimos el ahorro a usted. Esto le garantiza que recibir\u00e1 cierres de la m\u00e1xima calidad por una fracci\u00f3n del coste, lo que los convierte en una opci\u00f3n econ\u00f3mica para las cajas de sus equipos.<\/p>\n<h3>Garant\u00eda de calidad en la que puede confiar<\/h3>\n<p>Cuando se trata de proteger su valioso equipo, la calidad es primordial. En <a href=\"https:\/\/sxpowercase.com\/\" target=\"_blank\" rel=\"noopener\" title=\"SX\" data-wpil-monitor-id=\"627\">SX<\/a>, nuestro <strong>Cierres de maletas de carretera<\/strong> se fabrican seg\u00fan las normas m\u00e1s exigentes, lo que garantiza su durabilidad y rendimiento a largo plazo. Cada cierre se somete a rigurosas pruebas para cumplir las estrictas directrices de garant\u00eda de calidad. Puede confiar en nuestros cierres para mantener su equipo seguro, tanto si est\u00e1 de gira como si transporta o almacena el equipo.<\/p>\n<h3>Opciones personalizables para sus necesidades<\/h3>\n<p>Entendemos que cada caso de carretera tiene unos requisitos \u00fanicos. Por eso SX ofrece soluciones personalizables <strong>Cierres de maletas de carretera<\/strong> para satisfacer sus necesidades espec\u00edficas. Elija entre una gran variedad de tama\u00f1os, acabados y mecanismos de cierre para que se adapten perfectamente a sus maletas. Esta personalizaci\u00f3n garantiza un ajuste seguro y un aspecto profesional, aportando funcionalidad y est\u00e9tica.<\/p>\n<h3>Instalaci\u00f3n y funcionamiento sencillos<\/h3>\n<p>SX <strong>Cierres de maletas de carretera<\/strong> est\u00e1n dise\u00f1ados para facilitar su uso. Son f\u00e1ciles de instalar, lo que las convierte en una opci\u00f3n pr\u00e1ctica tanto para aficionados al bricolaje como para profesionales. El dise\u00f1o f\u00e1cil de usar permite un cierre r\u00e1pido y seguro, garantizando que sus maletas est\u00e9n siempre protegidas. Con SX, obtendr\u00e1 cierres que no s\u00f3lo son robustos, sino tambi\u00e9n c\u00f3modos de manejar.<\/p>\n<h3>El compromiso de SX<\/h3>\n<p>En SX, nos comprometemos a ofrecer productos de alta calidad a precios asequibles. Nuestra <strong>Cierres de maletas de carretera<\/strong> ejemplifican este compromiso, ofreciendo un rendimiento fiable a bajo coste. Nos enorgullecemos de ofrecer productos que satisfacen las necesidades de nuestros clientes sin salirnos del presupuesto. Cuando elige SX, elige calidad, asequibilidad y un excelente servicio de atenci\u00f3n al cliente.<\/p>\n<h3>Asegure su equipo hoy mismo<\/h3>\n<p>Garantice la seguridad de su equipo con SX <strong>Pestillo de la maleta de carretera<\/strong>. P\u00f3ngase en contacto con nosotros hoy mismo para explorar nuestra gama de cierres y beneficiarse de nuestros precios directos de f\u00e1brica. Con SX, puede estar seguro de que su equipo est\u00e1 protegido por cierres fabricados para durar, que le proporcionar\u00e1n tranquilidad dondequiera que le lleve la carretera.<\/p>\n<p>Cont\u00e1ctenos ahora:<span style=\"color: #0000ff;\"><a style=\"color: #0000ff;\" href=\"https:\/\/sxpowercase.com\/contact-us\/\">https:\/\/sxpowercase.com\/<\/a><\/span><\/p>\n<p>Cat\u00e1logo de productos de hardware:<span style=\"color: #3366ff;\"><a style=\"color: #3366ff;\" href=\"https:\/\/sxpowercase.com\/wp-content\/uploads\/2024\/07\/\u4e94\u91d1.pdf\">Cat\u00e1logo de accesorios de ferreter\u00eda<\/a><\/span><\/p>","protected":false},"excerpt":{"rendered":"<div class=\"flex-shrink-0 flex flex-col relative items-end\">\n<div>\n<div class=\"pt-0\">\n<div class=\"gizmo-bot-avatar flex h-8 w-8 items-center justify-center overflow-hidden rounded-full\">\n<div class=\"relative p-1 rounded-sm flex items-center justify-center bg-token-main-surface-primary text-token-text-primary h-8 w-8\"><\/div>\n<\/div>\n<\/div>\n<\/div>\n<\/div>\n<div class=\"group\/conversation-turn relative flex w-full min-w-0 flex-col agent-turn\">\n<div class=\"flex-col gap-1 md:gap-3\">\n<div class=\"flex flex-grow flex-col max-w-full\">\n<div class=\"min-h-[20px] text-message flex w-full flex-col items-end gap-2 whitespace-pre-wrap break-words [.text-message+&amp;]:mt-5 overflow-x-auto\" dir=\"auto\" data-message-author-role=\"assistant\" data-message-id=\"bb8e4fd2-91c9-4cb1-b993-7fe4fdb55f22\">\n<div class=\"flex w-full flex-col gap-1 empty:hidden first:pt-[3px]\">\n<div class=\"markdown prose w-full break-words dark:prose-invert light\">\n<h3>Affordable SX Road Case Latches<\/h3>\n<p>Get top-quality Road Case Latches at factory-direct prices from SX. We eliminate middleman costs, providing economical solutions for securing your equipment cases.<\/p>\n<h3>Reliable and Durable<\/h3>\n<p>SX Road Case Latches are rigorously tested for durability and quality. Trust our latches to keep your gear safe during tours, transport, or storage.<\/p>\n<h3>Customisable and Easy to Use<\/h3>\n<p>&amp;lt;p&gt;Choose from various sizes, finishes, and locking mechanisms with SX&#8217;s customisable Road Case Latches. Easy to install and operate, they offer both functionality and a professional look.<\/p><\/div>\n<\/div>\n<\/div>\n<\/div>\n<\/div>\n<\/div>\n","protected":false},"featured_media":3794,"comment_status":"open","ping_status":"closed","template":"","meta":[],"product_brand":[],"product_cat":[61],"product_tag":[],"class_list":{"0":"post-3959","1":"product","2":"type-product","3":"status-publish","4":"has-post-thumbnail","6":"product_cat-catchother-locks","8":"first","9":"instock","10":"shipping-taxable","11":"product-type-simple"},"yoast_head":"<!-- This site is optimized with the Yoast SEO Premium plugin v27.1 (Yoast SEO v27.2) - https:\/\/yoast.com\/product\/yoast-seo-premium-wordpress\/ -->\n<title>Road Case Latches LOB101 - https:\/\/sxflightcase.com \ud83d\udc97<\/title>\n<meta name=\"description\" content=\"Road case latches, factory direct! High-quality, durable latches for secure closure of road cases. Ideal for protecting equipment during transport, ensuring reliability and ease of use.\" \/>\n<meta name=\"robots\" content=\"index, follow, max-snippet:-1, max-image-preview:large, max-video-preview:-1\" \/>\n<link rel=\"canonical\" href=\"https:\/\/sxflightcase.com\/es\/producto\/maletin-de-carretera-cierres-lob101-2\/\" \/>\n<meta property=\"og:locale\" content=\"es_MX\" \/>\n<meta property=\"og:type\" content=\"article\" \/>\n<meta property=\"og:title\" content=\"Road Case Latches LOB101\" \/>\n<meta property=\"og:description\" content=\"Road case latches, factory direct! High-quality, durable latches for secure closure of road cases. Ideal for protecting equipment during transport, ensuring reliability and ease of use.\" \/>\n<meta property=\"og:url\" content=\"https:\/\/sxflightcase.com\/es\/producto\/maletin-de-carretera-cierres-lob101-2\/\" \/>\n<meta property=\"og:site_name\" content=\"https:\/\/sxflightcase.com\" \/>\n<meta property=\"article:publisher\" content=\"https:\/\/www.facebook.com\/profile.php?id=61560407257971\" \/>\n<meta property=\"article:modified_time\" content=\"2024-08-06T01:58:56+00:00\" \/>\n<meta property=\"og:image\" content=\"https:\/\/sxflightcase.com\/wp-content\/uploads\/2024\/07\/LOB101-2.jpg\" \/>\n\t<meta property=\"og:image:width\" content=\"700\" \/>\n\t<meta property=\"og:image:height\" content=\"700\" \/>\n\t<meta property=\"og:image:type\" content=\"image\/jpeg\" \/>\n<meta name=\"twitter:card\" content=\"summary_large_image\" \/>\n<meta name=\"twitter:label1\" content=\"Tiempo de lectura\" \/>\n\t<meta name=\"twitter:data1\" content=\"3 minutos\" \/>\n<script type=\"application\/ld+json\" class=\"yoast-schema-graph\">{\"@context\":\"https:\/\/schema.org\",\"@graph\":[{\"@type\":\"WebPage\",\"@id\":\"https:\/\/sxflightcase.com\/product\/road-case-latches-lob101\/\",\"url\":\"https:\/\/sxflightcase.com\/product\/road-case-latches-lob101\/\",\"name\":\"Road Case Latches LOB101 - https:\/\/sxflightcase.com \ud83d\udc97\",\"isPartOf\":{\"@id\":\"https:\/\/sxflightcase.com\/th\/#website\"},\"primaryImageOfPage\":{\"@id\":\"https:\/\/sxflightcase.com\/product\/road-case-latches-lob101\/#primaryimage\"},\"image\":{\"@id\":\"https:\/\/sxflightcase.com\/product\/road-case-latches-lob101\/#primaryimage\"},\"thumbnailUrl\":\"https:\/\/sxflightcase.com\/wp-content\/uploads\/2024\/07\/LOB101-2.jpg\",\"datePublished\":\"2024-08-06T01:58:55+00:00\",\"dateModified\":\"2024-08-06T01:58:56+00:00\",\"description\":\"Road case latches, factory direct! High-quality, durable latches for secure closure of road cases. Ideal for protecting equipment during transport, ensuring reliability and ease of use.\",\"breadcrumb\":{\"@id\":\"https:\/\/sxflightcase.com\/product\/road-case-latches-lob101\/#breadcrumb\"},\"inLanguage\":\"es\",\"potentialAction\":[{\"@type\":\"ReadAction\",\"target\":[\"https:\/\/sxflightcase.com\/product\/road-case-latches-lob101\/\"]}]},{\"@type\":\"ImageObject\",\"inLanguage\":\"es\",\"@id\":\"https:\/\/sxflightcase.com\/product\/road-case-latches-lob101\/#primaryimage\",\"url\":\"https:\/\/sxflightcase.com\/wp-content\/uploads\/2024\/07\/LOB101-2.jpg\",\"contentUrl\":\"https:\/\/sxflightcase.com\/wp-content\/uploads\/2024\/07\/LOB101-2.jpg\",\"width\":700,\"height\":700,\"caption\":\"road case latches\"},{\"@type\":\"BreadcrumbList\",\"@id\":\"https:\/\/sxflightcase.com\/product\/road-case-latches-lob101\/#breadcrumb\",\"itemListElement\":[{\"@type\":\"ListItem\",\"position\":1,\"name\":\"Home\",\"item\":\"https:\/\/sxflightcase.com\/\"},{\"@type\":\"ListItem\",\"position\":2,\"name\":\"\u0e2a\u0e34\u0e19\u0e04\u0e49\u0e32\",\"item\":\"https:\/\/sxflightcase.com\/th\/shop\/\"},{\"@type\":\"ListItem\",\"position\":3,\"name\":\"Road Case Latches LOB101\"}]},{\"@type\":\"WebSite\",\"@id\":\"https:\/\/sxflightcase.com\/th\/#website\",\"url\":\"https:\/\/sxflightcase.com\/th\/\",\"name\":\"sxpowercase.com\",\"description\":\"Flight Case Factory\",\"publisher\":{\"@id\":\"https:\/\/sxflightcase.com\/th\/#organization\"},\"potentialAction\":[{\"@type\":\"SearchAction\",\"target\":{\"@type\":\"EntryPoint\",\"urlTemplate\":\"https:\/\/sxflightcase.com\/th\/?s={search_term_string}\"},\"query-input\":{\"@type\":\"PropertyValueSpecification\",\"valueRequired\":true,\"valueName\":\"search_term_string\"}}],\"inLanguage\":\"es\"},{\"@type\":\"Organization\",\"@id\":\"https:\/\/sxflightcase.com\/th\/#organization\",\"name\":\"sxpowercase.com\",\"url\":\"https:\/\/sxflightcase.com\/th\/\",\"logo\":{\"@type\":\"ImageObject\",\"inLanguage\":\"es\",\"@id\":\"https:\/\/sxflightcase.com\/th\/#\/schema\/logo\/image\/\",\"url\":\"https:\/\/sxflightcase.com\/wp-content\/uploads\/2024\/04\/1713919036007.jpg\",\"contentUrl\":\"https:\/\/sxflightcase.com\/wp-content\/uploads\/2024\/04\/1713919036007.jpg\",\"width\":382,\"height\":388,\"caption\":\"sxpowercase.com\"},\"image\":{\"@id\":\"https:\/\/sxflightcase.com\/th\/#\/schema\/logo\/image\/\"},\"sameAs\":[\"https:\/\/www.facebook.com\/profile.php?id=61560407257971\"],\"numberOfEmployees\":{\"@type\":\"QuantitativeValue\",\"minValue\":\"11\",\"maxValue\":\"50\"}}]}<\/script>\n<!-- \/ Yoast SEO Premium plugin. -->","yoast_head_json":{"title":"Road Case Latches LOB101 - https:\/\/sxflightcase.com \ud83d\udc97","description":"Cierres para maletas de carretera, \u00a1directos de f\u00e1brica! Cierres duraderos de alta calidad para el cierre seguro de maletas de carretera. Ideales para proteger los equipos durante el transporte, garantizando fiabilidad y facilidad de uso.","robots":{"index":"index","follow":"follow","max-snippet":"max-snippet:-1","max-image-preview":"max-image-preview:large","max-video-preview":"max-video-preview:-1"},"canonical":"https:\/\/sxflightcase.com\/es\/producto\/maletin-de-carretera-cierres-lob101-2\/","og_locale":"es_MX","og_type":"article","og_title":"Road Case Latches LOB101","og_description":"Road case latches, factory direct! High-quality, durable latches for secure closure of road cases. Ideal for protecting equipment during transport, ensuring reliability and ease of use.","og_url":"https:\/\/sxflightcase.com\/es\/producto\/maletin-de-carretera-cierres-lob101-2\/","og_site_name":"https:\/\/sxflightcase.com","article_publisher":"https:\/\/www.facebook.com\/profile.php?id=61560407257971","article_modified_time":"2024-08-06T01:58:56+00:00","og_image":[{"width":700,"height":700,"url":"https:\/\/sxflightcase.com\/wp-content\/uploads\/2024\/07\/LOB101-2.jpg","type":"image\/jpeg"}],"twitter_card":"summary_large_image","twitter_misc":{"Tiempo de lectura":"3 minutos"},"schema":{"@context":"https:\/\/schema.org","@graph":[{"@type":"WebPage","@id":"https:\/\/sxflightcase.com\/product\/road-case-latches-lob101\/","url":"https:\/\/sxflightcase.com\/product\/road-case-latches-lob101\/","name":"Road Case Latches LOB101 - https:\/\/sxflightcase.com \ud83d\udc97","isPartOf":{"@id":"https:\/\/sxflightcase.com\/th\/#website"},"primaryImageOfPage":{"@id":"https:\/\/sxflightcase.com\/product\/road-case-latches-lob101\/#primaryimage"},"image":{"@id":"https:\/\/sxflightcase.com\/product\/road-case-latches-lob101\/#primaryimage"},"thumbnailUrl":"https:\/\/sxflightcase.com\/wp-content\/uploads\/2024\/07\/LOB101-2.jpg","datePublished":"2024-08-06T01:58:55+00:00","dateModified":"2024-08-06T01:58:56+00:00","description":"Cierres para maletas de carretera, \u00a1directos de f\u00e1brica! Cierres duraderos de alta calidad para el cierre seguro de maletas de carretera. Ideales para proteger los equipos durante el transporte, garantizando fiabilidad y facilidad de uso.","breadcrumb":{"@id":"https:\/\/sxflightcase.com\/product\/road-case-latches-lob101\/#breadcrumb"},"inLanguage":"es","potentialAction":[{"@type":"ReadAction","target":["https:\/\/sxflightcase.com\/product\/road-case-latches-lob101\/"]}]},{"@type":"ImageObject","inLanguage":"es","@id":"https:\/\/sxflightcase.com\/product\/road-case-latches-lob101\/#primaryimage","url":"https:\/\/sxflightcase.com\/wp-content\/uploads\/2024\/07\/LOB101-2.jpg","contentUrl":"https:\/\/sxflightcase.com\/wp-content\/uploads\/2024\/07\/LOB101-2.jpg","width":700,"height":700,"caption":"road case latches"},{"@type":"BreadcrumbList","@id":"https:\/\/sxflightcase.com\/product\/road-case-latches-lob101\/#breadcrumb","itemListElement":[{"@type":"ListItem","position":1,"name":"Home","item":"https:\/\/sxflightcase.com\/"},{"@type":"ListItem","position":2,"name":"\u0e2a\u0e34\u0e19\u0e04\u0e49\u0e32","item":"https:\/\/sxflightcase.com\/th\/shop\/"},{"@type":"ListItem","position":3,"name":"Road Case Latches LOB101"}]},{"@type":"WebSite","@id":"https:\/\/sxflightcase.com\/th\/#website","url":"https:\/\/sxflightcase.com\/th\/","name":"es.sxpowercase.com","description":"F\u00e1brica de flightcases","publisher":{"@id":"https:\/\/sxflightcase.com\/th\/#organization"},"potentialAction":[{"@type":"SearchAction","target":{"@type":"EntryPoint","urlTemplate":"https:\/\/sxflightcase.com\/th\/?s={search_term_string}"},"query-input":{"@type":"PropertyValueSpecification","valueRequired":true,"valueName":"search_term_string"}}],"inLanguage":"es"},{"@type":"Organization","@id":"https:\/\/sxflightcase.com\/th\/#organization","name":"es.sxpowercase.com","url":"https:\/\/sxflightcase.com\/th\/","logo":{"@type":"ImageObject","inLanguage":"es","@id":"https:\/\/sxflightcase.com\/th\/#\/schema\/logo\/image\/","url":"https:\/\/sxflightcase.com\/wp-content\/uploads\/2024\/04\/1713919036007.jpg","contentUrl":"https:\/\/sxflightcase.com\/wp-content\/uploads\/2024\/04\/1713919036007.jpg","width":382,"height":388,"caption":"sxpowercase.com"},"image":{"@id":"https:\/\/sxflightcase.com\/th\/#\/schema\/logo\/image\/"},"sameAs":["https:\/\/www.facebook.com\/profile.php?id=61560407257971"],"numberOfEmployees":{"@type":"QuantitativeValue","minValue":"11","maxValue":"50"}}]}},"_links":{"self":[{"href":"https:\/\/sxflightcase.com\/es\/wp-json\/wp\/v2\/product\/3959","targetHints":{"allow":["GET"]}}],"collection":[{"href":"https:\/\/sxflightcase.com\/es\/wp-json\/wp\/v2\/product"}],"about":[{"href":"https:\/\/sxflightcase.com\/es\/wp-json\/wp\/v2\/types\/product"}],"replies":[{"embeddable":true,"href":"https:\/\/sxflightcase.com\/es\/wp-json\/wp\/v2\/comments?post=3959"}],"version-history":[{"count":0,"href":"https:\/\/sxflightcase.com\/es\/wp-json\/wp\/v2\/product\/3959\/revisions"}],"wp:featuredmedia":[{"embeddable":true,"href":"https:\/\/sxflightcase.com\/es\/wp-json\/wp\/v2\/media\/3794"}],"wp:attachment":[{"href":"https:\/\/sxflightcase.com\/es\/wp-json\/wp\/v2\/media?parent=3959"}],"wp:term":[{"taxonomy":"product_brand","embeddable":true,"href":"https:\/\/sxflightcase.com\/es\/wp-json\/wp\/v2\/product_brand?post=3959"},{"taxonomy":"product_cat","embeddable":true,"href":"https:\/\/sxflightcase.com\/es\/wp-json\/wp\/v2\/product_cat?post=3959"},{"taxonomy":"product_tag","embeddable":true,"href":"https:\/\/sxflightcase.com\/es\/wp-json\/wp\/v2\/product_tag?post=3959"}],"curies":[{"name":"wp","href":"https:\/\/api.w.org\/{rel}","templated":true}]}}