{"id":4058,"date":"2024-08-10T07:33:07","date_gmt":"2024-08-10T06:33:07","guid":{"rendered":"https:\/\/sxpowercase.com\/?post_type=product&#038;p=4058"},"modified":"2024-08-10T07:33:08","modified_gmt":"2024-08-10T06:33:08","slug":"spring-loaded-case-handle-hag01","status":"publish","type":"product","link":"https:\/\/sxflightcase.com\/es\/producto\/asa-de-maleta-con-muelle-hag01-2\/","title":{"rendered":"Manija de caja con resorte HAG01"},"content":{"rendered":"<h3>Aumente la durabilidad con el asa de maleta con resorte SX<\/h3>\n<h4>Calidad insuperable a precios directos de f\u00e1brica<\/h4>\n<p>En SX, sabemos que sus maletas deben soportar las exigencias de los viajes constantes y el uso intensivo. Por eso nuestras <strong>Asa de maleta con muelle<\/strong>\u00a0est\u00e1n dise\u00f1adas para ofrecer una durabilidad y fiabilidad inigualables. Con nuestro enfoque directo de f\u00e1brica, obtendr\u00e1 asas de primer nivel sin el sobreprecio de venta al por menor. Tanto si est\u00e1 equipando maletas de carretera, cajas de herramientas o armarios a medida, <a href=\"https:\/\/sxpowercase.com\/\" target=\"_blank\" rel=\"noopener\" title=\"SX\" data-wpil-monitor-id=\"649\">SX<\/a> ofrece la soluci\u00f3n perfecta a un precio ajustado a su presupuesto.<\/p>\n<h4>Dise\u00f1ado para ofrecer resistencia y comodidad<\/h4>\n<p>SX <strong>Asas de maleta con resorte<\/strong> est\u00e1n fabricadas con materiales de alta calidad, lo que garantiza que puedan soportar los rigores de un manejo frecuente. El dise\u00f1o con resorte mantiene el asa a ras de la maleta cuando no se utiliza, lo que evita enganches accidentales y proporciona un aspecto elegante y compacto. Esta caracter\u00edstica es especialmente \u00fatil para las maletas que se apilan o transportan con frecuencia, ya que reduce el riesgo de da\u00f1os tanto en el asa como en la propia maleta.<\/p>\n<h4>Dise\u00f1o vers\u00e1til para cualquier aplicaci\u00f3n<\/h4>\n<p>Nuestro <strong>Asas de maleta con resorte<\/strong> son vers\u00e1tiles, lo que las hace ideales para una amplia gama de aplicaciones. Tanto si trabaja en el sector del ocio, como si maneja equipos pesados o simplemente necesita asas fiables para sus soluciones de almacenamiento, SX le tiene cubierto. Estas asas son f\u00e1ciles de instalar y ofrecen un agarre c\u00f3modo, garantizando que transportar incluso las cargas m\u00e1s pesadas sea lo m\u00e1s c\u00f3modo posible.<\/p>\n<h4>Adaptaci\u00f3n a sus necesidades espec\u00edficas<\/h4>\n<p>En SX somos conscientes de que cada caso es \u00fanico. Por eso ofrecemos opciones de personalizaci\u00f3n para nuestros <strong>Asas de maleta con resorte<\/strong>. Tanto si necesita un tama\u00f1o espec\u00edfico como un acabado o caracter\u00edsticas adicionales, podemos adaptar nuestras asas para satisfacer sus requisitos exactos. Esto garantiza que sus maletas no solo funcionen bien, sino que tambi\u00e9n tengan un aspecto estupendo, proporcionando un acabado profesional que refleje la calidad de su trabajo.<\/p>\n<h4>Directamente del fabricante para obtener el m\u00e1ximo valor<\/h4>\n<p>Comprar directamente a SX significa obtener el mejor valor posible por su dinero. Eliminamos a los intermediarios para que no tenga que pagar precios al por menor inflados. Nuestra <strong>Asas de maleta con resorte<\/strong> tienen un precio competitivo sin comprometer la calidad, lo que los convierte en la opci\u00f3n preferida de los profesionales que necesitan un hardware fiable a un precio asequible.<\/p>\n<h4>\u00bfPor qu\u00e9 elegir SX?<\/h4>\n<p>Cuando elige SX, est\u00e1 eligiendo una marca que da prioridad a la durabilidad, la funcionalidad y la satisfacci\u00f3n del cliente. Nuestra <strong>Asas de maleta con resorte<\/strong> est\u00e1n dise\u00f1ados para cumplir los est\u00e1ndares m\u00e1s exigentes, garantizando que ofrezcan el rendimiento que necesita d\u00eda tras d\u00eda. Ya sea fabricante, distribuidor o usuario final, puede confiar en SX para obtener un hardware que resista las condiciones m\u00e1s duras.<\/p>\n<h4>Cont\u00e1ctenos hoy<\/h4>\n<p>Listo para actualizar sus maletas con SX <strong>Asas de maleta con resorte<\/strong>? P\u00f3ngase en contacto con nosotros hoy mismo para obtener m\u00e1s informaci\u00f3n sobre nuestros productos o realizar un pedido. Con SX, no s\u00f3lo est\u00e1 comprando manillas: est\u00e1 invirtiendo en calidad, fiabilidad y tranquilidad. Perm\u00edtanos ayudarle a encontrar la soluci\u00f3n perfecta para sus necesidades.<\/p>\n<p>Cont\u00e1ctenos ahora:<span style=\"color: #0000ff;\"><a style=\"color: #0000ff;\" href=\"https:\/\/sxpowercase.com\/contact-us\/\">https:\/\/sxpowercase.com\/<\/a><\/span><\/p>\n<p>Cat\u00e1logo de productos de hardware:<span style=\"color: #3366ff;\"><a style=\"color: #3366ff;\" href=\"https:\/\/sxpowercase.com\/wp-content\/uploads\/2024\/07\/\u4e94\u91d1.pdf\">Cat\u00e1logo de accesorios de ferreter\u00eda<\/a><\/span><\/p>","protected":false},"excerpt":{"rendered":"<div class=\"flex max-w-full flex-col flex-grow\">\n<div class=\"min-h-[20px] text-message flex w-full flex-col items-end gap-2 whitespace-pre-wrap break-words [.text-message+&amp;]:mt-5 overflow-x-auto\" dir=\"auto\" data-message-author-role=\"assistant\" data-message-id=\"98c59072-ec4c-4d12-b471-b61ebf5e6bc9\">\n<div class=\"flex w-full flex-col gap-1 empty:hidden first:pt-[3px]\">\n<div class=\"markdown prose w-full break-words dark:prose-invert light\">\n<h3>SX Spring Loaded Case Handles: Durable and Reliable<\/h3>\n<p>Ensure your cases stand up to heavy use with SX Spring Loaded Case Handles, designed for strength and comfort. Perfect for any application.<\/p>\n<h3>Factory-Direct Pricing for Maximum Value<\/h3>\n<p>Get top-quality Spring Loaded Case Handles without the retail markup. SX offers unbeatable value with durable, high-performance hardware at factory-direct prices.<\/p>\n<h3>Customisable Solutions for Every Need<\/h3>\n<p>SX provides tailored Spring Loaded Case Handles to meet your specific requirements, ensuring your cases look professional and perform flawlessly.<\/p>\n<\/div>\n<\/div>\n<\/div>\n<\/div>\n","protected":false},"featured_media":4034,"comment_status":"open","ping_status":"closed","template":"","meta":[],"product_brand":[],"product_cat":[62],"product_tag":[],"class_list":{"0":"post-4058","1":"product","2":"type-product","3":"status-publish","4":"has-post-thumbnail","6":"product_cat-handles","8":"first","9":"instock","10":"shipping-taxable","11":"product-type-simple"},"yoast_head":"<!-- This site is optimized with the Yoast SEO Premium plugin v27.1 (Yoast SEO v27.2) - https:\/\/yoast.com\/product\/yoast-seo-premium-wordpress\/ -->\n<title>Spring Loaded Case Handle HAG01 - https:\/\/sxflightcase.com \ud83d\udc97<\/title>\n<meta name=\"description\" content=\"Spring-loaded case handle, factory direct! High-quality, durable handles designed for secure and comfortable transport with a retractable feature. Perfect for professional and industrial cases.\" \/>\n<meta name=\"robots\" content=\"index, follow, max-snippet:-1, max-image-preview:large, max-video-preview:-1\" \/>\n<link rel=\"canonical\" href=\"https:\/\/sxflightcase.com\/es\/produk\/pegangan-kasing-bermuatan-pegas-hag01-2\/\" \/>\n<meta property=\"og:locale\" content=\"es_MX\" \/>\n<meta property=\"og:type\" content=\"article\" \/>\n<meta property=\"og:title\" content=\"Spring Loaded Case Handle HAG01\" \/>\n<meta property=\"og:description\" content=\"Spring-loaded case handle, factory direct! High-quality, durable handles designed for secure and comfortable transport with a retractable feature. Perfect for professional and industrial cases.\" \/>\n<meta property=\"og:url\" content=\"https:\/\/sxflightcase.com\/es\/produk\/pegangan-kasing-bermuatan-pegas-hag01-2\/\" \/>\n<meta property=\"og:site_name\" content=\"https:\/\/sxflightcase.com\" \/>\n<meta property=\"article:publisher\" content=\"https:\/\/www.facebook.com\/profile.php?id=61560407257971\" \/>\n<meta property=\"article:modified_time\" content=\"2024-08-10T06:33:08+00:00\" \/>\n<meta property=\"og:image\" content=\"https:\/\/sxflightcase.com\/wp-content\/uploads\/2024\/08\/HAG01.jpg\" \/>\n\t<meta property=\"og:image:width\" content=\"700\" \/>\n\t<meta property=\"og:image:height\" content=\"700\" \/>\n\t<meta property=\"og:image:type\" content=\"image\/jpeg\" \/>\n<meta name=\"twitter:card\" content=\"summary_large_image\" \/>\n<meta name=\"twitter:label1\" content=\"Tiempo de lectura\" \/>\n\t<meta name=\"twitter:data1\" content=\"3 minutos\" \/>\n<script type=\"application\/ld+json\" class=\"yoast-schema-graph\">{\"@context\":\"https:\/\/schema.org\",\"@graph\":[{\"@type\":\"WebPage\",\"@id\":\"https:\/\/sxflightcase.com\/id\/produk\/pegangan-kasing-bermuatan-pegas-hag01-2\/\",\"url\":\"https:\/\/sxflightcase.com\/id\/produk\/pegangan-kasing-bermuatan-pegas-hag01-2\/\",\"name\":\"Spring Loaded Case Handle HAG01 - https:\/\/sxflightcase.com \ud83d\udc97\",\"isPartOf\":{\"@id\":\"https:\/\/sxflightcase.com\/th\/#website\"},\"primaryImageOfPage\":{\"@id\":\"https:\/\/sxflightcase.com\/id\/produk\/pegangan-kasing-bermuatan-pegas-hag01-2\/#primaryimage\"},\"image\":{\"@id\":\"https:\/\/sxflightcase.com\/id\/produk\/pegangan-kasing-bermuatan-pegas-hag01-2\/#primaryimage\"},\"thumbnailUrl\":\"https:\/\/sxflightcase.com\/wp-content\/uploads\/2024\/08\/HAG01.jpg\",\"datePublished\":\"2024-08-10T06:33:07+00:00\",\"dateModified\":\"2024-08-10T06:33:08+00:00\",\"description\":\"Spring-loaded case handle, factory direct! High-quality, durable handles designed for secure and comfortable transport with a retractable feature. Perfect for professional and industrial cases.\",\"breadcrumb\":{\"@id\":\"https:\/\/sxflightcase.com\/id\/produk\/pegangan-kasing-bermuatan-pegas-hag01-2\/#breadcrumb\"},\"inLanguage\":\"es\",\"potentialAction\":[{\"@type\":\"ReadAction\",\"target\":[\"https:\/\/sxflightcase.com\/id\/produk\/pegangan-kasing-bermuatan-pegas-hag01-2\/\"]}]},{\"@type\":\"ImageObject\",\"inLanguage\":\"es\",\"@id\":\"https:\/\/sxflightcase.com\/id\/produk\/pegangan-kasing-bermuatan-pegas-hag01-2\/#primaryimage\",\"url\":\"https:\/\/sxflightcase.com\/wp-content\/uploads\/2024\/08\/HAG01.jpg\",\"contentUrl\":\"https:\/\/sxflightcase.com\/wp-content\/uploads\/2024\/08\/HAG01.jpg\",\"width\":700,\"height\":700,\"caption\":\"Spring Loaded Case Handle\"},{\"@type\":\"BreadcrumbList\",\"@id\":\"https:\/\/sxflightcase.com\/id\/produk\/pegangan-kasing-bermuatan-pegas-hag01-2\/#breadcrumb\",\"itemListElement\":[{\"@type\":\"ListItem\",\"position\":1,\"name\":\"Home\",\"item\":\"https:\/\/sxflightcase.com\/\"},{\"@type\":\"ListItem\",\"position\":2,\"name\":\"\u0e2a\u0e34\u0e19\u0e04\u0e49\u0e32\",\"item\":\"https:\/\/sxflightcase.com\/th\/shop\/\"},{\"@type\":\"ListItem\",\"position\":3,\"name\":\"Spring Loaded Case Handle HAG01\"}]},{\"@type\":\"WebSite\",\"@id\":\"https:\/\/sxflightcase.com\/th\/#website\",\"url\":\"https:\/\/sxflightcase.com\/th\/\",\"name\":\"sxpowercase.com\",\"description\":\"Flight Case Factory\",\"publisher\":{\"@id\":\"https:\/\/sxflightcase.com\/th\/#organization\"},\"potentialAction\":[{\"@type\":\"SearchAction\",\"target\":{\"@type\":\"EntryPoint\",\"urlTemplate\":\"https:\/\/sxflightcase.com\/th\/?s={search_term_string}\"},\"query-input\":{\"@type\":\"PropertyValueSpecification\",\"valueRequired\":true,\"valueName\":\"search_term_string\"}}],\"inLanguage\":\"es\"},{\"@type\":\"Organization\",\"@id\":\"https:\/\/sxflightcase.com\/th\/#organization\",\"name\":\"sxpowercase.com\",\"url\":\"https:\/\/sxflightcase.com\/th\/\",\"logo\":{\"@type\":\"ImageObject\",\"inLanguage\":\"es\",\"@id\":\"https:\/\/sxflightcase.com\/th\/#\/schema\/logo\/image\/\",\"url\":\"https:\/\/sxflightcase.com\/wp-content\/uploads\/2024\/04\/1713919036007.jpg\",\"contentUrl\":\"https:\/\/sxflightcase.com\/wp-content\/uploads\/2024\/04\/1713919036007.jpg\",\"width\":382,\"height\":388,\"caption\":\"sxpowercase.com\"},\"image\":{\"@id\":\"https:\/\/sxflightcase.com\/th\/#\/schema\/logo\/image\/\"},\"sameAs\":[\"https:\/\/www.facebook.com\/profile.php?id=61560407257971\"],\"numberOfEmployees\":{\"@type\":\"QuantitativeValue\",\"minValue\":\"11\",\"maxValue\":\"50\"}}]}<\/script>\n<!-- \/ Yoast SEO Premium plugin. -->","yoast_head_json":{"title":"Spring Loaded Case Handle HAG01 - https:\/\/sxflightcase.com \ud83d\udc97","description":"Asa de maleta con resorte, \u00a1directa de f\u00e1brica! Asas duraderas de alta calidad dise\u00f1adas para un transporte seguro y c\u00f3modo con funci\u00f3n retr\u00e1ctil. Perfectas para maletas profesionales e industriales.","robots":{"index":"index","follow":"follow","max-snippet":"max-snippet:-1","max-image-preview":"max-image-preview:large","max-video-preview":"max-video-preview:-1"},"canonical":"https:\/\/sxflightcase.com\/es\/produk\/pegangan-kasing-bermuatan-pegas-hag01-2\/","og_locale":"es_MX","og_type":"article","og_title":"Spring Loaded Case Handle HAG01","og_description":"Spring-loaded case handle, factory direct! High-quality, durable handles designed for secure and comfortable transport with a retractable feature. Perfect for professional and industrial cases.","og_url":"https:\/\/sxflightcase.com\/es\/produk\/pegangan-kasing-bermuatan-pegas-hag01-2\/","og_site_name":"https:\/\/sxflightcase.com","article_publisher":"https:\/\/www.facebook.com\/profile.php?id=61560407257971","article_modified_time":"2024-08-10T06:33:08+00:00","og_image":[{"width":700,"height":700,"url":"https:\/\/sxflightcase.com\/wp-content\/uploads\/2024\/08\/HAG01.jpg","type":"image\/jpeg"}],"twitter_card":"summary_large_image","twitter_misc":{"Tiempo de lectura":"3 minutos"},"schema":{"@context":"https:\/\/schema.org","@graph":[{"@type":"WebPage","@id":"https:\/\/sxflightcase.com\/id\/produk\/pegangan-kasing-bermuatan-pegas-hag01-2\/","url":"https:\/\/sxflightcase.com\/id\/produk\/pegangan-kasing-bermuatan-pegas-hag01-2\/","name":"Spring Loaded Case Handle HAG01 - https:\/\/sxflightcase.com \ud83d\udc97","isPartOf":{"@id":"https:\/\/sxflightcase.com\/th\/#website"},"primaryImageOfPage":{"@id":"https:\/\/sxflightcase.com\/id\/produk\/pegangan-kasing-bermuatan-pegas-hag01-2\/#primaryimage"},"image":{"@id":"https:\/\/sxflightcase.com\/id\/produk\/pegangan-kasing-bermuatan-pegas-hag01-2\/#primaryimage"},"thumbnailUrl":"https:\/\/sxflightcase.com\/wp-content\/uploads\/2024\/08\/HAG01.jpg","datePublished":"2024-08-10T06:33:07+00:00","dateModified":"2024-08-10T06:33:08+00:00","description":"Asa de maleta con resorte, \u00a1directa de f\u00e1brica! Asas duraderas de alta calidad dise\u00f1adas para un transporte seguro y c\u00f3modo con funci\u00f3n retr\u00e1ctil. Perfectas para maletas profesionales e industriales.","breadcrumb":{"@id":"https:\/\/sxflightcase.com\/id\/produk\/pegangan-kasing-bermuatan-pegas-hag01-2\/#breadcrumb"},"inLanguage":"es","potentialAction":[{"@type":"ReadAction","target":["https:\/\/sxflightcase.com\/id\/produk\/pegangan-kasing-bermuatan-pegas-hag01-2\/"]}]},{"@type":"ImageObject","inLanguage":"es","@id":"https:\/\/sxflightcase.com\/id\/produk\/pegangan-kasing-bermuatan-pegas-hag01-2\/#primaryimage","url":"https:\/\/sxflightcase.com\/wp-content\/uploads\/2024\/08\/HAG01.jpg","contentUrl":"https:\/\/sxflightcase.com\/wp-content\/uploads\/2024\/08\/HAG01.jpg","width":700,"height":700,"caption":"Spring Loaded Case Handle"},{"@type":"BreadcrumbList","@id":"https:\/\/sxflightcase.com\/id\/produk\/pegangan-kasing-bermuatan-pegas-hag01-2\/#breadcrumb","itemListElement":[{"@type":"ListItem","position":1,"name":"Home","item":"https:\/\/sxflightcase.com\/"},{"@type":"ListItem","position":2,"name":"\u0e2a\u0e34\u0e19\u0e04\u0e49\u0e32","item":"https:\/\/sxflightcase.com\/th\/shop\/"},{"@type":"ListItem","position":3,"name":"Spring Loaded Case Handle HAG01"}]},{"@type":"WebSite","@id":"https:\/\/sxflightcase.com\/th\/#website","url":"https:\/\/sxflightcase.com\/th\/","name":"es.sxpowercase.com","description":"F\u00e1brica de flightcases","publisher":{"@id":"https:\/\/sxflightcase.com\/th\/#organization"},"potentialAction":[{"@type":"SearchAction","target":{"@type":"EntryPoint","urlTemplate":"https:\/\/sxflightcase.com\/th\/?s={search_term_string}"},"query-input":{"@type":"PropertyValueSpecification","valueRequired":true,"valueName":"search_term_string"}}],"inLanguage":"es"},{"@type":"Organization","@id":"https:\/\/sxflightcase.com\/th\/#organization","name":"es.sxpowercase.com","url":"https:\/\/sxflightcase.com\/th\/","logo":{"@type":"ImageObject","inLanguage":"es","@id":"https:\/\/sxflightcase.com\/th\/#\/schema\/logo\/image\/","url":"https:\/\/sxflightcase.com\/wp-content\/uploads\/2024\/04\/1713919036007.jpg","contentUrl":"https:\/\/sxflightcase.com\/wp-content\/uploads\/2024\/04\/1713919036007.jpg","width":382,"height":388,"caption":"sxpowercase.com"},"image":{"@id":"https:\/\/sxflightcase.com\/th\/#\/schema\/logo\/image\/"},"sameAs":["https:\/\/www.facebook.com\/profile.php?id=61560407257971"],"numberOfEmployees":{"@type":"QuantitativeValue","minValue":"11","maxValue":"50"}}]}},"_links":{"self":[{"href":"https:\/\/sxflightcase.com\/es\/wp-json\/wp\/v2\/product\/4058","targetHints":{"allow":["GET"]}}],"collection":[{"href":"https:\/\/sxflightcase.com\/es\/wp-json\/wp\/v2\/product"}],"about":[{"href":"https:\/\/sxflightcase.com\/es\/wp-json\/wp\/v2\/types\/product"}],"replies":[{"embeddable":true,"href":"https:\/\/sxflightcase.com\/es\/wp-json\/wp\/v2\/comments?post=4058"}],"version-history":[{"count":0,"href":"https:\/\/sxflightcase.com\/es\/wp-json\/wp\/v2\/product\/4058\/revisions"}],"wp:featuredmedia":[{"embeddable":true,"href":"https:\/\/sxflightcase.com\/es\/wp-json\/wp\/v2\/media\/4034"}],"wp:attachment":[{"href":"https:\/\/sxflightcase.com\/es\/wp-json\/wp\/v2\/media?parent=4058"}],"wp:term":[{"taxonomy":"product_brand","embeddable":true,"href":"https:\/\/sxflightcase.com\/es\/wp-json\/wp\/v2\/product_brand?post=4058"},{"taxonomy":"product_cat","embeddable":true,"href":"https:\/\/sxflightcase.com\/es\/wp-json\/wp\/v2\/product_cat?post=4058"},{"taxonomy":"product_tag","embeddable":true,"href":"https:\/\/sxflightcase.com\/es\/wp-json\/wp\/v2\/product_tag?post=4058"}],"curies":[{"name":"wp","href":"https:\/\/api.w.org\/{rel}","templated":true}]}}