{"id":4111,"date":"2024-08-14T09:34:10","date_gmt":"2024-08-14T08:34:10","guid":{"rendered":"https:\/\/sxpowercase.com\/?post_type=product&#038;p=4111"},"modified":"2024-08-14T09:34:11","modified_gmt":"2024-08-14T08:34:11","slug":"flight-case-ball-corners-coa107","status":"publish","type":"product","link":"https:\/\/sxflightcase.com\/es\/producto\/flight-case-esquinas-de-bola-coa107\/","title":{"rendered":"Flight Case Esquinas de bola COA107"},"content":{"rendered":"<h3>Asegure su equipo con las esquinas esf\u00e9ricas SX Flight Case<\/h3>\n<h4>M\u00e1xima protecci\u00f3n para su equipo<\/h4>\n<p>Cuando se transportan equipos delicados, lo \u00faltimo que se necesita son da\u00f1os en la maleta o en su contenido. Ah\u00ed es donde SX <strong>Flight Case Esquinas esf\u00e9ricas<\/strong> entran. Estas robustas esquinas est\u00e1n dise\u00f1adas para absorber los impactos, proporcionando una protecci\u00f3n superior a su equipo durante el transporte. Con <a href=\"https:\/\/sxpowercase.com\/\" target=\"_blank\" rel=\"noopener\" title=\"SX\" data-wpil-monitor-id=\"661\">SX<\/a>con la calidad directa de f\u00e1brica en la que puede confiar, todo ello a un precio competitivo.<\/p>\n<h4>Construido para durar<\/h4>\n<p>Nuestro <strong>Flight Case Esquinas esf\u00e9ricas<\/strong> est\u00e1n fabricadas con materiales de alta calidad para garantizar su longevidad y durabilidad. Tanto si sus maletas viajan con frecuencia como si se almacenan durante largos periodos, estas esquinas esf\u00e9ricas resistir\u00e1n el paso del tiempo. SX se dedica a proporcionar productos que ofrecen un rendimiento excepcional, sin importar las condiciones.<\/p>\n<h4>F\u00e1cil de instalar, listo para usar<\/h4>\n<p>SX <strong>Flight Case Esquinas esf\u00e9ricas<\/strong> est\u00e1n dise\u00f1ados para una instalaci\u00f3n sencilla y se adaptan a la perfecci\u00f3n a una gran variedad de tipos de carcasas. Esta compatibilidad universal facilita la actualizaci\u00f3n de las cajas existentes o su incorporaci\u00f3n en nuevas construcciones. Con un dise\u00f1o elegante, estas esquinas esf\u00e9ricas a\u00f1aden funcionalidad y atractivo est\u00e9tico a sus cajas.<\/p>\n<h4>Soluciones personalizadas para necesidades \u00fanicas<\/h4>\n<p>En SX somos conscientes de que cada proyecto requiere una soluci\u00f3n diferente. Por eso ofrecemos opciones de personalizaci\u00f3n para nuestros <strong>Flight Case Esquinas esf\u00e9ricas<\/strong>. Tanto si necesita un tama\u00f1o, una forma o un acabado espec\u00edficos, SX puede adaptar nuestros productos a sus necesidades concretas. Nuestro compromiso con la flexibilidad le garantiza que obtendr\u00e1 exactamente lo que necesita.<\/p>\n<h4>Calidad asequible<\/h4>\n<p>En SX, creemos que hay que ofrecer productos de primera calidad sin un precio elevado. Al fabricar y vender directamente, podemos ofrecer <strong>Flight Case Esquinas esf\u00e9ricas<\/strong> a precios dif\u00edciles de superar. Este enfoque directo le garantiza que recibir\u00e1 hardware de alta calidad por una fracci\u00f3n del coste, lo que le facilitar\u00e1 ajustarse a su presupuesto.<\/p>\n<h4>La confianza de los profesionales<\/h4>\n<p>SX <strong>Flight Case Esquina de bola<\/strong>\u00a0son una elecci\u00f3n de confianza entre los profesionales que exigen lo mejor en herrajes para cajas. Conocidas por su fiabilidad y resistencia, estas esquinas se han convertido en un elemento b\u00e1sico del sector. Elegir SX significa elegir calidad, respaldada por una marca que prioriza su satisfacci\u00f3n.<\/p>\n<h4>Cont\u00e1ctenos hoy<\/h4>\n<p>Si est\u00e1 listo para actualizar sus flight cases con SX <strong>Flight Case Esquina de bola<\/strong>p\u00f3ngase en contacto con nosotros hoy mismo. Nuestro equipo est\u00e1 aqu\u00ed para ayudarle a encontrar la soluci\u00f3n perfecta para sus necesidades. Con SX, est\u00e1 invirtiendo en protecci\u00f3n, durabilidad y tranquilidad, todo a un precio que le encantar\u00e1.<\/p>\n<p>Cont\u00e1ctenos ahora:<span style=\"color: #0000ff;\"><a style=\"color: #0000ff;\" href=\"https:\/\/sxpowercase.com\/contact-us\/\">https:\/\/sxpowercase.com\/<\/a><\/span><\/p>\n<p>Cat\u00e1logo de productos de hardware:<span style=\"color: #3366ff;\"><a style=\"color: #3366ff;\" href=\"https:\/\/sxpowercase.com\/wp-content\/uploads\/2024\/07\/\u4e94\u91d1.pdf\">Cat\u00e1logo de accesorios de ferreter\u00eda<\/a><\/span><\/p>","protected":false},"excerpt":{"rendered":"<h3>SX Flight Case Esquinas de Bola: Protecci\u00f3n insuperable<\/h3>\n<p>Proteja su equipo con las robustas esquinas esf\u00e9ricas Flight Case de SX, dise\u00f1adas para absorber impactos y evitar da\u00f1os durante el transporte. Disfrute de una protecci\u00f3n de primera a un precio competitivo.<\/p>\n<h3>Duradero y f\u00e1cil de instalar<\/h3>\n<p>Las cantoneras esf\u00e9ricas SX est\u00e1n fabricadas con materiales de alta calidad para ofrecer una larga duraci\u00f3n. Son f\u00e1ciles de instalar y se adaptan perfectamente a varios tipos de carcasas, mejorando tanto la protecci\u00f3n como el estilo.<\/p>\n<h3>Soluciones personalizables a precios directos de f\u00e1brica<\/h3>\n<p>SX ofrece esquinas de bola personalizables para satisfacer sus necesidades espec\u00edficas, lo que le garantiza una protecci\u00f3n a medida de alta calidad sin tener que pagar un precio elevado.<\/p>","protected":false},"featured_media":4079,"comment_status":"open","ping_status":"closed","template":"","meta":[],"product_brand":[],"product_cat":[63],"product_tag":[],"class_list":{"0":"post-4111","1":"product","2":"type-product","3":"status-publish","4":"has-post-thumbnail","6":"product_cat-corners","8":"first","9":"instock","10":"shipping-taxable","11":"product-type-simple"},"yoast_head":"<!-- This site is optimized with the Yoast SEO Premium plugin v27.1 (Yoast SEO v27.2) - https:\/\/yoast.com\/product\/yoast-seo-premium-wordpress\/ -->\n<title>Flight Case Ball Corners COA107 - https:\/\/sxflightcase.com \ud83d\udc97<\/title>\n<meta name=\"description\" content=\"Flight case ball corners, factory direct! Durable protection for case edges, preventing damage during transport. High-quality and reliable for long-lasting equipment safety.\" \/>\n<meta name=\"robots\" content=\"index, follow, max-snippet:-1, max-image-preview:large, max-video-preview:-1\" \/>\n<link rel=\"canonical\" href=\"https:\/\/sxflightcase.com\/es\/\u4ea7\u54c1\/\u98de\u884c\u7bb1\u7403\u89d2-coa107\/\" \/>\n<meta property=\"og:locale\" content=\"es_MX\" \/>\n<meta property=\"og:type\" content=\"article\" \/>\n<meta property=\"og:title\" content=\"Flight Case Ball Corners COA107\" \/>\n<meta property=\"og:description\" content=\"Flight case ball corners, factory direct! Durable protection for case edges, preventing damage during transport. High-quality and reliable for long-lasting equipment safety.\" \/>\n<meta property=\"og:url\" content=\"https:\/\/sxflightcase.com\/es\/\u4ea7\u54c1\/\u98de\u884c\u7bb1\u7403\u89d2-coa107\/\" \/>\n<meta property=\"og:site_name\" content=\"https:\/\/sxflightcase.com\" \/>\n<meta property=\"article:publisher\" content=\"https:\/\/www.facebook.com\/profile.php?id=61560407257971\" \/>\n<meta property=\"article:modified_time\" content=\"2024-08-14T08:34:11+00:00\" \/>\n<meta property=\"og:image\" content=\"https:\/\/sxflightcase.com\/wp-content\/uploads\/2024\/08\/COA107.jpg\" \/>\n\t<meta property=\"og:image:width\" content=\"520\" \/>\n\t<meta property=\"og:image:height\" content=\"520\" \/>\n\t<meta property=\"og:image:type\" content=\"image\/jpeg\" \/>\n<meta name=\"twitter:card\" content=\"summary_large_image\" \/>\n<meta name=\"twitter:label1\" content=\"Tiempo de lectura\" \/>\n\t<meta name=\"twitter:data1\" content=\"3 minutos\" \/>\n<script type=\"application\/ld+json\" class=\"yoast-schema-graph\">{\"@context\":\"https:\/\/schema.org\",\"@graph\":[{\"@type\":\"WebPage\",\"@id\":\"https:\/\/sxflightcase.com\/zh\/\u4ea7\u54c1\/\u98de\u884c\u7bb1\u7403\u89d2-coa107\/\",\"url\":\"https:\/\/sxflightcase.com\/zh\/\u4ea7\u54c1\/\u98de\u884c\u7bb1\u7403\u89d2-coa107\/\",\"name\":\"Flight Case Ball Corners COA107 - https:\/\/sxflightcase.com \ud83d\udc97\",\"isPartOf\":{\"@id\":\"https:\/\/sxflightcase.com\/th\/#website\"},\"primaryImageOfPage\":{\"@id\":\"https:\/\/sxflightcase.com\/zh\/\u4ea7\u54c1\/\u98de\u884c\u7bb1\u7403\u89d2-coa107\/#primaryimage\"},\"image\":{\"@id\":\"https:\/\/sxflightcase.com\/zh\/\u4ea7\u54c1\/\u98de\u884c\u7bb1\u7403\u89d2-coa107\/#primaryimage\"},\"thumbnailUrl\":\"https:\/\/sxflightcase.com\/wp-content\/uploads\/2024\/08\/COA107.jpg\",\"datePublished\":\"2024-08-14T08:34:10+00:00\",\"dateModified\":\"2024-08-14T08:34:11+00:00\",\"description\":\"Flight case ball corners, factory direct! Durable protection for case edges, preventing damage during transport. High-quality and reliable for long-lasting equipment safety.\",\"breadcrumb\":{\"@id\":\"https:\/\/sxflightcase.com\/zh\/\u4ea7\u54c1\/\u98de\u884c\u7bb1\u7403\u89d2-coa107\/#breadcrumb\"},\"inLanguage\":\"es\",\"potentialAction\":[{\"@type\":\"ReadAction\",\"target\":[\"https:\/\/sxflightcase.com\/zh\/\u4ea7\u54c1\/\u98de\u884c\u7bb1\u7403\u89d2-coa107\/\"]}]},{\"@type\":\"ImageObject\",\"inLanguage\":\"es\",\"@id\":\"https:\/\/sxflightcase.com\/zh\/\u4ea7\u54c1\/\u98de\u884c\u7bb1\u7403\u89d2-coa107\/#primaryimage\",\"url\":\"https:\/\/sxflightcase.com\/wp-content\/uploads\/2024\/08\/COA107.jpg\",\"contentUrl\":\"https:\/\/sxflightcase.com\/wp-content\/uploads\/2024\/08\/COA107.jpg\",\"width\":520,\"height\":520,\"caption\":\"Flight Case Ball Corners\"},{\"@type\":\"BreadcrumbList\",\"@id\":\"https:\/\/sxflightcase.com\/zh\/\u4ea7\u54c1\/\u98de\u884c\u7bb1\u7403\u89d2-coa107\/#breadcrumb\",\"itemListElement\":[{\"@type\":\"ListItem\",\"position\":1,\"name\":\"Home\",\"item\":\"https:\/\/sxflightcase.com\/\"},{\"@type\":\"ListItem\",\"position\":2,\"name\":\"\u0e2a\u0e34\u0e19\u0e04\u0e49\u0e32\",\"item\":\"https:\/\/sxflightcase.com\/th\/shop\/\"},{\"@type\":\"ListItem\",\"position\":3,\"name\":\"Flight Case Ball Corners COA107\"}]},{\"@type\":\"WebSite\",\"@id\":\"https:\/\/sxflightcase.com\/th\/#website\",\"url\":\"https:\/\/sxflightcase.com\/th\/\",\"name\":\"sxpowercase.com\",\"description\":\"Flight Case Factory\",\"publisher\":{\"@id\":\"https:\/\/sxflightcase.com\/th\/#organization\"},\"potentialAction\":[{\"@type\":\"SearchAction\",\"target\":{\"@type\":\"EntryPoint\",\"urlTemplate\":\"https:\/\/sxflightcase.com\/th\/?s={search_term_string}\"},\"query-input\":{\"@type\":\"PropertyValueSpecification\",\"valueRequired\":true,\"valueName\":\"search_term_string\"}}],\"inLanguage\":\"es\"},{\"@type\":\"Organization\",\"@id\":\"https:\/\/sxflightcase.com\/th\/#organization\",\"name\":\"sxpowercase.com\",\"url\":\"https:\/\/sxflightcase.com\/th\/\",\"logo\":{\"@type\":\"ImageObject\",\"inLanguage\":\"es\",\"@id\":\"https:\/\/sxflightcase.com\/th\/#\/schema\/logo\/image\/\",\"url\":\"https:\/\/sxflightcase.com\/wp-content\/uploads\/2024\/04\/1713919036007.jpg\",\"contentUrl\":\"https:\/\/sxflightcase.com\/wp-content\/uploads\/2024\/04\/1713919036007.jpg\",\"width\":382,\"height\":388,\"caption\":\"sxpowercase.com\"},\"image\":{\"@id\":\"https:\/\/sxflightcase.com\/th\/#\/schema\/logo\/image\/\"},\"sameAs\":[\"https:\/\/www.facebook.com\/profile.php?id=61560407257971\"],\"numberOfEmployees\":{\"@type\":\"QuantitativeValue\",\"minValue\":\"11\",\"maxValue\":\"50\"}}]}<\/script>\n<!-- \/ Yoast SEO Premium plugin. -->","yoast_head_json":{"title":"Flight Case Ball Corners COA107 - https:\/\/sxflightcase.com \ud83d\udc97","description":"Flight case esquinas esf\u00e9ricas, \u00a1directo de f\u00e1brica! Protecci\u00f3n duradera para los bordes de la maleta, que evita da\u00f1os durante el transporte. Alta calidad y fiabilidad para una seguridad duradera del equipo.","robots":{"index":"index","follow":"follow","max-snippet":"max-snippet:-1","max-image-preview":"max-image-preview:large","max-video-preview":"max-video-preview:-1"},"canonical":"https:\/\/sxflightcase.com\/es\/\u4ea7\u54c1\/\u98de\u884c\u7bb1\u7403\u89d2-coa107\/","og_locale":"es_MX","og_type":"article","og_title":"Flight Case Ball Corners COA107","og_description":"Flight case ball corners, factory direct! Durable protection for case edges, preventing damage during transport. High-quality and reliable for long-lasting equipment safety.","og_url":"https:\/\/sxflightcase.com\/es\/\u4ea7\u54c1\/\u98de\u884c\u7bb1\u7403\u89d2-coa107\/","og_site_name":"https:\/\/sxflightcase.com","article_publisher":"https:\/\/www.facebook.com\/profile.php?id=61560407257971","article_modified_time":"2024-08-14T08:34:11+00:00","og_image":[{"width":520,"height":520,"url":"https:\/\/sxflightcase.com\/wp-content\/uploads\/2024\/08\/COA107.jpg","type":"image\/jpeg"}],"twitter_card":"summary_large_image","twitter_misc":{"Tiempo de lectura":"3 minutos"},"schema":{"@context":"https:\/\/schema.org","@graph":[{"@type":"WebPage","@id":"https:\/\/sxflightcase.com\/zh\/\u4ea7\u54c1\/\u98de\u884c\u7bb1\u7403\u89d2-coa107\/","url":"https:\/\/sxflightcase.com\/zh\/\u4ea7\u54c1\/\u98de\u884c\u7bb1\u7403\u89d2-coa107\/","name":"Flight Case Ball Corners COA107 - https:\/\/sxflightcase.com \ud83d\udc97","isPartOf":{"@id":"https:\/\/sxflightcase.com\/th\/#website"},"primaryImageOfPage":{"@id":"https:\/\/sxflightcase.com\/zh\/\u4ea7\u54c1\/\u98de\u884c\u7bb1\u7403\u89d2-coa107\/#primaryimage"},"image":{"@id":"https:\/\/sxflightcase.com\/zh\/\u4ea7\u54c1\/\u98de\u884c\u7bb1\u7403\u89d2-coa107\/#primaryimage"},"thumbnailUrl":"https:\/\/sxflightcase.com\/wp-content\/uploads\/2024\/08\/COA107.jpg","datePublished":"2024-08-14T08:34:10+00:00","dateModified":"2024-08-14T08:34:11+00:00","description":"Flight case esquinas esf\u00e9ricas, \u00a1directo de f\u00e1brica! Protecci\u00f3n duradera para los bordes de la maleta, que evita da\u00f1os durante el transporte. Alta calidad y fiabilidad para una seguridad duradera del equipo.","breadcrumb":{"@id":"https:\/\/sxflightcase.com\/zh\/\u4ea7\u54c1\/\u98de\u884c\u7bb1\u7403\u89d2-coa107\/#breadcrumb"},"inLanguage":"es","potentialAction":[{"@type":"ReadAction","target":["https:\/\/sxflightcase.com\/zh\/\u4ea7\u54c1\/\u98de\u884c\u7bb1\u7403\u89d2-coa107\/"]}]},{"@type":"ImageObject","inLanguage":"es","@id":"https:\/\/sxflightcase.com\/zh\/\u4ea7\u54c1\/\u98de\u884c\u7bb1\u7403\u89d2-coa107\/#primaryimage","url":"https:\/\/sxflightcase.com\/wp-content\/uploads\/2024\/08\/COA107.jpg","contentUrl":"https:\/\/sxflightcase.com\/wp-content\/uploads\/2024\/08\/COA107.jpg","width":520,"height":520,"caption":"Flight Case Ball Corners"},{"@type":"BreadcrumbList","@id":"https:\/\/sxflightcase.com\/zh\/\u4ea7\u54c1\/\u98de\u884c\u7bb1\u7403\u89d2-coa107\/#breadcrumb","itemListElement":[{"@type":"ListItem","position":1,"name":"Home","item":"https:\/\/sxflightcase.com\/"},{"@type":"ListItem","position":2,"name":"\u0e2a\u0e34\u0e19\u0e04\u0e49\u0e32","item":"https:\/\/sxflightcase.com\/th\/shop\/"},{"@type":"ListItem","position":3,"name":"Flight Case Ball Corners COA107"}]},{"@type":"WebSite","@id":"https:\/\/sxflightcase.com\/th\/#website","url":"https:\/\/sxflightcase.com\/th\/","name":"es.sxpowercase.com","description":"F\u00e1brica de flightcases","publisher":{"@id":"https:\/\/sxflightcase.com\/th\/#organization"},"potentialAction":[{"@type":"SearchAction","target":{"@type":"EntryPoint","urlTemplate":"https:\/\/sxflightcase.com\/th\/?s={search_term_string}"},"query-input":{"@type":"PropertyValueSpecification","valueRequired":true,"valueName":"search_term_string"}}],"inLanguage":"es"},{"@type":"Organization","@id":"https:\/\/sxflightcase.com\/th\/#organization","name":"es.sxpowercase.com","url":"https:\/\/sxflightcase.com\/th\/","logo":{"@type":"ImageObject","inLanguage":"es","@id":"https:\/\/sxflightcase.com\/th\/#\/schema\/logo\/image\/","url":"https:\/\/sxflightcase.com\/wp-content\/uploads\/2024\/04\/1713919036007.jpg","contentUrl":"https:\/\/sxflightcase.com\/wp-content\/uploads\/2024\/04\/1713919036007.jpg","width":382,"height":388,"caption":"sxpowercase.com"},"image":{"@id":"https:\/\/sxflightcase.com\/th\/#\/schema\/logo\/image\/"},"sameAs":["https:\/\/www.facebook.com\/profile.php?id=61560407257971"],"numberOfEmployees":{"@type":"QuantitativeValue","minValue":"11","maxValue":"50"}}]}},"_links":{"self":[{"href":"https:\/\/sxflightcase.com\/es\/wp-json\/wp\/v2\/product\/4111","targetHints":{"allow":["GET"]}}],"collection":[{"href":"https:\/\/sxflightcase.com\/es\/wp-json\/wp\/v2\/product"}],"about":[{"href":"https:\/\/sxflightcase.com\/es\/wp-json\/wp\/v2\/types\/product"}],"replies":[{"embeddable":true,"href":"https:\/\/sxflightcase.com\/es\/wp-json\/wp\/v2\/comments?post=4111"}],"version-history":[{"count":0,"href":"https:\/\/sxflightcase.com\/es\/wp-json\/wp\/v2\/product\/4111\/revisions"}],"wp:featuredmedia":[{"embeddable":true,"href":"https:\/\/sxflightcase.com\/es\/wp-json\/wp\/v2\/media\/4079"}],"wp:attachment":[{"href":"https:\/\/sxflightcase.com\/es\/wp-json\/wp\/v2\/media?parent=4111"}],"wp:term":[{"taxonomy":"product_brand","embeddable":true,"href":"https:\/\/sxflightcase.com\/es\/wp-json\/wp\/v2\/product_brand?post=4111"},{"taxonomy":"product_cat","embeddable":true,"href":"https:\/\/sxflightcase.com\/es\/wp-json\/wp\/v2\/product_cat?post=4111"},{"taxonomy":"product_tag","embeddable":true,"href":"https:\/\/sxflightcase.com\/es\/wp-json\/wp\/v2\/product_tag?post=4111"}],"curies":[{"name":"wp","href":"https:\/\/api.w.org\/{rel}","templated":true}]}}