{"id":4120,"date":"2024-08-15T07:54:59","date_gmt":"2024-08-15T06:54:59","guid":{"rendered":"https:\/\/sxpowercase.com\/?post_type=product&#038;p=4120"},"modified":"2024-08-15T07:55:00","modified_gmt":"2024-08-15T06:55:00","slug":"flight-case-corner-coa108","status":"publish","type":"product","link":"https:\/\/sxflightcase.com\/es\/producto\/flight-case-corner-coa108-2\/","title":{"rendered":"Estuche de vuelo Corner COA108"},"content":{"rendered":"<h3>Asegure su equipo con SX Flight Case Corner<\/h3>\n<h4>M\u00e1xima protecci\u00f3n para su equipo<\/h4>\n<p>Cuando se trata de salvaguardar su valioso equipo, el <strong>Flight Case Corner<\/strong>\u00a0de SX ofrecen una protecci\u00f3n insuperable. Estas esquinas est\u00e1n dise\u00f1adas para soportar condiciones duras, garantizando al mismo tiempo la seguridad de su equipo durante el transporte. En SX, nos centramos en proporcionar productos de calidad directa de f\u00e1brica, lo que nos permite ofrecer productos de primera clase. <strong>Flight Case Corner<\/strong>\u00a0a precios bajos sin renunciar a la durabilidad.<\/p>\n<h4>Fabricado para ofrecer durabilidad y fiabilidad<\/h4>\n<p>Fabricado con materiales de alta calidad, <a href=\"https:\/\/sxpowercase.com\/\" target=\"_blank\" rel=\"noopener\" title=\"SX\" data-wpil-monitor-id=\"665\">SX<\/a> <strong>Flight Case Esquinas<\/strong> est\u00e1n dise\u00f1adas para soportar un desgaste significativo. Tanto si viaja constantemente como si necesita soluciones de almacenamiento a largo plazo, estas esquinas le ayudar\u00e1n a evitar da\u00f1os por impacto en sus flight cases. SX se enorgullece de ofrecer productos fiables y asequibles que cumplen con los m\u00e1s altos est\u00e1ndares de la industria.<\/p>\n<h4>F\u00e1cil instalaci\u00f3n y versatilidad<\/h4>\n<p>Nuestro <strong>Flight Case Esquinas<\/strong> son f\u00e1ciles de instalar y compatibles con una amplia gama de dise\u00f1os de carcasas. Tanto si est\u00e1 construyendo nuevas cajas como actualizando las existentes, estas esquinas se integran a la perfecci\u00f3n, mejorando tanto el aspecto como la funci\u00f3n de sus cajas. Con SX, puede esperar un proceso de instalaci\u00f3n sin problemas y un ajuste perfecto en todo momento.<\/p>\n<h4>Soluciones a medida para cada necesidad<\/h4>\n<p>En SX somos conscientes de que cada proyecto tiene unas necesidades \u00fanicas. Por eso nuestros <strong>Flight Case Esquinas<\/strong> vienen con opciones personalizables para adaptarse a diversos requisitos. Tanto si necesita una forma, un tama\u00f1o o un acabado espec\u00edficos, SX le ofrece soluciones a medida que se adaptan a sus preferencias. Consiga exactamente lo que necesita sin comprometer la calidad ni el coste.<\/p>\n<h4>Valor excepcional<\/h4>\n<p>Nuestro enfoque directo de f\u00e1brica nos permite ofrecer <strong>Flight Case Esquinas<\/strong> a precios muy competitivos. SX se compromete a ofrecer una calidad en la que pueda confiar a un precio razonable. Nos centramos en ofrecer productos que no solo duren, sino que tambi\u00e9n sean rentables tanto para proyectos a peque\u00f1a como a gran escala.<\/p>\n<h4>Con la confianza de profesionales de todo el mundo<\/h4>\n<p>SX <strong>Flight Case Esquinas<\/strong> cuentan con la confianza de profesionales de todos los sectores que conf\u00edan en que sus equipos est\u00e9n seguros, protegidos y listos para la acci\u00f3n. Ya sea para equipos audiovisuales, instrumentos musicales u otros equipos delicados, las esquinas SX est\u00e1n dise\u00f1adas para proteger lo que m\u00e1s importa. Elegir SX significa elegir una marca conocida por su fiabilidad y la excelente satisfacci\u00f3n de sus clientes.<\/p>\n<h4>P\u00f3ngase en contacto hoy mismo<\/h4>\n<p>Listo para mejorar sus casos con SX <strong>Flight Case Esquinas<\/strong>? P\u00f3ngase en contacto con nosotros hoy mismo para descubrir la soluci\u00f3n perfecta para sus necesidades. Con SX, est\u00e1 eligiendo una marca que combina calidad, asequibilidad y artesan\u00eda experta para ofrecer lo mejor en herrajes de protecci\u00f3n.<\/p>\n<p>Cont\u00e1ctenos ahora:<span style=\"color: #0000ff;\"><a style=\"color: #0000ff;\" href=\"https:\/\/sxpowercase.com\/contact-us\/\">https:\/\/sxpowercase.com\/<\/a><\/span><\/p>\n<p>Cat\u00e1logo de productos de hardware:<span style=\"color: #3366ff;\"><a style=\"color: #3366ff;\" href=\"https:\/\/sxpowercase.com\/wp-content\/uploads\/2024\/07\/\u4e94\u91d1.pdf\">Cat\u00e1logo de accesorios de ferreter\u00eda<\/a><\/span><\/p>","protected":false},"excerpt":{"rendered":"<h3>SX Flight Case Esquinas: Lo \u00faltimo en protecci\u00f3n de equipos<\/h3>\n<p>Proteja su valioso equipo con las esquinas SX Flight Case, dise\u00f1adas para las condiciones m\u00e1s duras y para mantener su equipo seguro durante el transporte. Obtenga calidad directa de f\u00e1brica a precios asequibles.<\/p>\n<h3>Duradero y f\u00e1cil de instalar<\/h3>\n<p>Las esquinas SX Flight Case est\u00e1n fabricadas con materiales de alta calidad para ofrecer una durabilidad fiable. Son f\u00e1ciles de instalar y compatibles con una amplia gama de maletas, por lo que ofrecen una integraci\u00f3n perfecta y una mayor protecci\u00f3n.<\/p>\n<h3>Soluciones personalizadas a precios competitivos<\/h3>\n<p>SX ofrece Flight Case Corners personalizables adaptados a sus necesidades. Benef\u00edciese de una calidad superior y una artesan\u00eda experta sin salirse de su presupuesto, en la que conf\u00edan profesionales de todo el mundo.<\/p>","protected":false},"featured_media":4081,"comment_status":"open","ping_status":"closed","template":"","meta":[],"product_brand":[],"product_cat":[63],"product_tag":[],"class_list":{"0":"post-4120","1":"product","2":"type-product","3":"status-publish","4":"has-post-thumbnail","6":"product_cat-corners","8":"first","9":"instock","10":"shipping-taxable","11":"product-type-simple"},"yoast_head":"<!-- This site is optimized with the Yoast SEO Premium plugin v27.1 (Yoast SEO v27.2) - https:\/\/yoast.com\/product\/yoast-seo-premium-wordpress\/ -->\n<title>Flight Case Corner COA108 - https:\/\/sxflightcase.com \ud83d\udc97<\/title>\n<meta name=\"description\" content=\"Flight case corner, factory direct! High-quality, durable protection for case edges, ensuring long-lasting reliability during transport. Ideal for safeguarding your equipment.\" \/>\n<meta name=\"robots\" content=\"index, follow, max-snippet:-1, max-image-preview:large, max-video-preview:-1\" \/>\n<link rel=\"canonical\" href=\"https:\/\/sxflightcase.com\/es\/produk\/sudut-kotak-penerbangan-coa108\/\" \/>\n<meta property=\"og:locale\" content=\"es_MX\" \/>\n<meta property=\"og:type\" content=\"article\" \/>\n<meta property=\"og:title\" content=\"Flight Case Corner COA108\" \/>\n<meta property=\"og:description\" content=\"Flight case corner, factory direct! High-quality, durable protection for case edges, ensuring long-lasting reliability during transport. Ideal for safeguarding your equipment.\" \/>\n<meta property=\"og:url\" content=\"https:\/\/sxflightcase.com\/es\/produk\/sudut-kotak-penerbangan-coa108\/\" \/>\n<meta property=\"og:site_name\" content=\"https:\/\/sxflightcase.com\" \/>\n<meta property=\"article:publisher\" content=\"https:\/\/www.facebook.com\/profile.php?id=61560407257971\" \/>\n<meta property=\"article:modified_time\" content=\"2024-08-15T06:55:00+00:00\" \/>\n<meta property=\"og:image\" content=\"https:\/\/sxflightcase.com\/wp-content\/uploads\/2024\/08\/COA109.jpg\" \/>\n\t<meta property=\"og:image:width\" content=\"520\" \/>\n\t<meta property=\"og:image:height\" content=\"520\" \/>\n\t<meta property=\"og:image:type\" content=\"image\/jpeg\" \/>\n<meta name=\"twitter:card\" content=\"summary_large_image\" \/>\n<meta name=\"twitter:label1\" content=\"Tiempo de lectura\" \/>\n\t<meta name=\"twitter:data1\" content=\"3 minutos\" \/>\n<script type=\"application\/ld+json\" class=\"yoast-schema-graph\">{\"@context\":\"https:\/\/schema.org\",\"@graph\":[{\"@type\":\"WebPage\",\"@id\":\"https:\/\/sxflightcase.com\/id\/produk\/sudut-kotak-penerbangan-coa108\/\",\"url\":\"https:\/\/sxflightcase.com\/id\/produk\/sudut-kotak-penerbangan-coa108\/\",\"name\":\"Flight Case Corner COA108 - https:\/\/sxflightcase.com \ud83d\udc97\",\"isPartOf\":{\"@id\":\"https:\/\/sxflightcase.com\/th\/#website\"},\"primaryImageOfPage\":{\"@id\":\"https:\/\/sxflightcase.com\/id\/produk\/sudut-kotak-penerbangan-coa108\/#primaryimage\"},\"image\":{\"@id\":\"https:\/\/sxflightcase.com\/id\/produk\/sudut-kotak-penerbangan-coa108\/#primaryimage\"},\"thumbnailUrl\":\"https:\/\/sxflightcase.com\/wp-content\/uploads\/2024\/08\/COA109.jpg\",\"datePublished\":\"2024-08-15T06:54:59+00:00\",\"dateModified\":\"2024-08-15T06:55:00+00:00\",\"description\":\"Flight case corner, factory direct! High-quality, durable protection for case edges, ensuring long-lasting reliability during transport. Ideal for safeguarding your equipment.\",\"breadcrumb\":{\"@id\":\"https:\/\/sxflightcase.com\/id\/produk\/sudut-kotak-penerbangan-coa108\/#breadcrumb\"},\"inLanguage\":\"es\",\"potentialAction\":[{\"@type\":\"ReadAction\",\"target\":[\"https:\/\/sxflightcase.com\/id\/produk\/sudut-kotak-penerbangan-coa108\/\"]}]},{\"@type\":\"ImageObject\",\"inLanguage\":\"es\",\"@id\":\"https:\/\/sxflightcase.com\/id\/produk\/sudut-kotak-penerbangan-coa108\/#primaryimage\",\"url\":\"https:\/\/sxflightcase.com\/wp-content\/uploads\/2024\/08\/COA109.jpg\",\"contentUrl\":\"https:\/\/sxflightcase.com\/wp-content\/uploads\/2024\/08\/COA109.jpg\",\"width\":520,\"height\":520,\"caption\":\"Flight Case Corner\"},{\"@type\":\"BreadcrumbList\",\"@id\":\"https:\/\/sxflightcase.com\/id\/produk\/sudut-kotak-penerbangan-coa108\/#breadcrumb\",\"itemListElement\":[{\"@type\":\"ListItem\",\"position\":1,\"name\":\"Home\",\"item\":\"https:\/\/sxflightcase.com\/\"},{\"@type\":\"ListItem\",\"position\":2,\"name\":\"\u0e2a\u0e34\u0e19\u0e04\u0e49\u0e32\",\"item\":\"https:\/\/sxflightcase.com\/th\/shop\/\"},{\"@type\":\"ListItem\",\"position\":3,\"name\":\"Flight Case Corner COA108\"}]},{\"@type\":\"WebSite\",\"@id\":\"https:\/\/sxflightcase.com\/th\/#website\",\"url\":\"https:\/\/sxflightcase.com\/th\/\",\"name\":\"sxpowercase.com\",\"description\":\"Flight Case Factory\",\"publisher\":{\"@id\":\"https:\/\/sxflightcase.com\/th\/#organization\"},\"potentialAction\":[{\"@type\":\"SearchAction\",\"target\":{\"@type\":\"EntryPoint\",\"urlTemplate\":\"https:\/\/sxflightcase.com\/th\/?s={search_term_string}\"},\"query-input\":{\"@type\":\"PropertyValueSpecification\",\"valueRequired\":true,\"valueName\":\"search_term_string\"}}],\"inLanguage\":\"es\"},{\"@type\":\"Organization\",\"@id\":\"https:\/\/sxflightcase.com\/th\/#organization\",\"name\":\"sxpowercase.com\",\"url\":\"https:\/\/sxflightcase.com\/th\/\",\"logo\":{\"@type\":\"ImageObject\",\"inLanguage\":\"es\",\"@id\":\"https:\/\/sxflightcase.com\/th\/#\/schema\/logo\/image\/\",\"url\":\"https:\/\/sxflightcase.com\/wp-content\/uploads\/2024\/04\/1713919036007.jpg\",\"contentUrl\":\"https:\/\/sxflightcase.com\/wp-content\/uploads\/2024\/04\/1713919036007.jpg\",\"width\":382,\"height\":388,\"caption\":\"sxpowercase.com\"},\"image\":{\"@id\":\"https:\/\/sxflightcase.com\/th\/#\/schema\/logo\/image\/\"},\"sameAs\":[\"https:\/\/www.facebook.com\/profile.php?id=61560407257971\"],\"numberOfEmployees\":{\"@type\":\"QuantitativeValue\",\"minValue\":\"11\",\"maxValue\":\"50\"}}]}<\/script>\n<!-- \/ Yoast SEO Premium plugin. -->","yoast_head_json":{"title":"Flight Case Corner COA108 - https:\/\/sxflightcase.com \ud83d\udc97","description":"Esquina de flight case, \u00a1directo de f\u00e1brica! Protecci\u00f3n duradera y de alta calidad para los bordes de la maleta, que garantiza una fiabilidad duradera durante el transporte. Ideal para proteger su equipo.","robots":{"index":"index","follow":"follow","max-snippet":"max-snippet:-1","max-image-preview":"max-image-preview:large","max-video-preview":"max-video-preview:-1"},"canonical":"https:\/\/sxflightcase.com\/es\/produk\/sudut-kotak-penerbangan-coa108\/","og_locale":"es_MX","og_type":"article","og_title":"Flight Case Corner COA108","og_description":"Flight case corner, factory direct! High-quality, durable protection for case edges, ensuring long-lasting reliability during transport. Ideal for safeguarding your equipment.","og_url":"https:\/\/sxflightcase.com\/es\/produk\/sudut-kotak-penerbangan-coa108\/","og_site_name":"https:\/\/sxflightcase.com","article_publisher":"https:\/\/www.facebook.com\/profile.php?id=61560407257971","article_modified_time":"2024-08-15T06:55:00+00:00","og_image":[{"width":520,"height":520,"url":"https:\/\/sxflightcase.com\/wp-content\/uploads\/2024\/08\/COA109.jpg","type":"image\/jpeg"}],"twitter_card":"summary_large_image","twitter_misc":{"Tiempo de lectura":"3 minutos"},"schema":{"@context":"https:\/\/schema.org","@graph":[{"@type":"WebPage","@id":"https:\/\/sxflightcase.com\/id\/produk\/sudut-kotak-penerbangan-coa108\/","url":"https:\/\/sxflightcase.com\/id\/produk\/sudut-kotak-penerbangan-coa108\/","name":"Flight Case Corner COA108 - https:\/\/sxflightcase.com \ud83d\udc97","isPartOf":{"@id":"https:\/\/sxflightcase.com\/th\/#website"},"primaryImageOfPage":{"@id":"https:\/\/sxflightcase.com\/id\/produk\/sudut-kotak-penerbangan-coa108\/#primaryimage"},"image":{"@id":"https:\/\/sxflightcase.com\/id\/produk\/sudut-kotak-penerbangan-coa108\/#primaryimage"},"thumbnailUrl":"https:\/\/sxflightcase.com\/wp-content\/uploads\/2024\/08\/COA109.jpg","datePublished":"2024-08-15T06:54:59+00:00","dateModified":"2024-08-15T06:55:00+00:00","description":"Esquina de flight case, \u00a1directo de f\u00e1brica! Protecci\u00f3n duradera y de alta calidad para los bordes de la maleta, que garantiza una fiabilidad duradera durante el transporte. Ideal para proteger su equipo.","breadcrumb":{"@id":"https:\/\/sxflightcase.com\/id\/produk\/sudut-kotak-penerbangan-coa108\/#breadcrumb"},"inLanguage":"es","potentialAction":[{"@type":"ReadAction","target":["https:\/\/sxflightcase.com\/id\/produk\/sudut-kotak-penerbangan-coa108\/"]}]},{"@type":"ImageObject","inLanguage":"es","@id":"https:\/\/sxflightcase.com\/id\/produk\/sudut-kotak-penerbangan-coa108\/#primaryimage","url":"https:\/\/sxflightcase.com\/wp-content\/uploads\/2024\/08\/COA109.jpg","contentUrl":"https:\/\/sxflightcase.com\/wp-content\/uploads\/2024\/08\/COA109.jpg","width":520,"height":520,"caption":"Flight Case Corner"},{"@type":"BreadcrumbList","@id":"https:\/\/sxflightcase.com\/id\/produk\/sudut-kotak-penerbangan-coa108\/#breadcrumb","itemListElement":[{"@type":"ListItem","position":1,"name":"Home","item":"https:\/\/sxflightcase.com\/"},{"@type":"ListItem","position":2,"name":"\u0e2a\u0e34\u0e19\u0e04\u0e49\u0e32","item":"https:\/\/sxflightcase.com\/th\/shop\/"},{"@type":"ListItem","position":3,"name":"Flight Case Corner COA108"}]},{"@type":"WebSite","@id":"https:\/\/sxflightcase.com\/th\/#website","url":"https:\/\/sxflightcase.com\/th\/","name":"es.sxpowercase.com","description":"F\u00e1brica de flightcases","publisher":{"@id":"https:\/\/sxflightcase.com\/th\/#organization"},"potentialAction":[{"@type":"SearchAction","target":{"@type":"EntryPoint","urlTemplate":"https:\/\/sxflightcase.com\/th\/?s={search_term_string}"},"query-input":{"@type":"PropertyValueSpecification","valueRequired":true,"valueName":"search_term_string"}}],"inLanguage":"es"},{"@type":"Organization","@id":"https:\/\/sxflightcase.com\/th\/#organization","name":"es.sxpowercase.com","url":"https:\/\/sxflightcase.com\/th\/","logo":{"@type":"ImageObject","inLanguage":"es","@id":"https:\/\/sxflightcase.com\/th\/#\/schema\/logo\/image\/","url":"https:\/\/sxflightcase.com\/wp-content\/uploads\/2024\/04\/1713919036007.jpg","contentUrl":"https:\/\/sxflightcase.com\/wp-content\/uploads\/2024\/04\/1713919036007.jpg","width":382,"height":388,"caption":"sxpowercase.com"},"image":{"@id":"https:\/\/sxflightcase.com\/th\/#\/schema\/logo\/image\/"},"sameAs":["https:\/\/www.facebook.com\/profile.php?id=61560407257971"],"numberOfEmployees":{"@type":"QuantitativeValue","minValue":"11","maxValue":"50"}}]}},"_links":{"self":[{"href":"https:\/\/sxflightcase.com\/es\/wp-json\/wp\/v2\/product\/4120","targetHints":{"allow":["GET"]}}],"collection":[{"href":"https:\/\/sxflightcase.com\/es\/wp-json\/wp\/v2\/product"}],"about":[{"href":"https:\/\/sxflightcase.com\/es\/wp-json\/wp\/v2\/types\/product"}],"replies":[{"embeddable":true,"href":"https:\/\/sxflightcase.com\/es\/wp-json\/wp\/v2\/comments?post=4120"}],"version-history":[{"count":0,"href":"https:\/\/sxflightcase.com\/es\/wp-json\/wp\/v2\/product\/4120\/revisions"}],"wp:featuredmedia":[{"embeddable":true,"href":"https:\/\/sxflightcase.com\/es\/wp-json\/wp\/v2\/media\/4081"}],"wp:attachment":[{"href":"https:\/\/sxflightcase.com\/es\/wp-json\/wp\/v2\/media?parent=4120"}],"wp:term":[{"taxonomy":"product_brand","embeddable":true,"href":"https:\/\/sxflightcase.com\/es\/wp-json\/wp\/v2\/product_brand?post=4120"},{"taxonomy":"product_cat","embeddable":true,"href":"https:\/\/sxflightcase.com\/es\/wp-json\/wp\/v2\/product_cat?post=4120"},{"taxonomy":"product_tag","embeddable":true,"href":"https:\/\/sxflightcase.com\/es\/wp-json\/wp\/v2\/product_tag?post=4120"}],"curies":[{"name":"wp","href":"https:\/\/api.w.org\/{rel}","templated":true}]}}