{"id":4122,"date":"2024-08-15T08:02:54","date_gmt":"2024-08-15T07:02:54","guid":{"rendered":"https:\/\/sxpowercase.com\/?post_type=product&#038;p=4122"},"modified":"2024-08-15T08:02:55","modified_gmt":"2024-08-15T07:02:55","slug":"flight-case-corner-coa110","status":"publish","type":"product","link":"https:\/\/sxflightcase.com\/es\/producto\/flight-case-corner-coa110-2\/","title":{"rendered":"Estuche de vuelo Corner COA110"},"content":{"rendered":"<h3>Mejore la protecci\u00f3n con SX Flight Case Corner<\/h3>\n<h4>Protecci\u00f3n confiable para su equipo<\/h4>\n<p>Cuando se transportan equipos sensibles, es esencial contar con una protecci\u00f3n fiable. SX <strong>Flight Case Corner<\/strong>\u00a0est\u00e1n dise\u00f1adas espec\u00edficamente para proteger su equipo de los impactos y el desgaste durante el transporte. Fabricadas para ofrecer resistencia y durabilidad, estas esquinas proporcionan la s\u00f3lida defensa que necesitan sus maletas, al tiempo que garantizan una fiabilidad a largo plazo. Con precios directos de f\u00e1brica, <a href=\"https:\/\/sxpowercase.com\/\" target=\"_blank\" rel=\"noopener\" title=\"SX\" data-wpil-monitor-id=\"666\">SX<\/a> ofrece soluciones de m\u00e1xima calidad a precios asequibles.<\/p>\n<h4>Duradera y hecha para durar<\/h4>\n<p>SX <strong>Flight Case Esquinas<\/strong> est\u00e1n fabricadas con materiales resistentes de alta calidad que soportan fuertes impactos y condiciones adversas. Tanto si viaja con frecuencia como si necesita un almacenamiento fiable, estas esquinas proporcionan una mayor protecci\u00f3n donde m\u00e1s se necesita. El compromiso de SX con la calidad garantiza que cada esquina cumpla las rigurosas normas del sector a un precio asequible.<\/p>\n<h4>Vers\u00e1til y f\u00e1cil de instalar<\/h4>\n<p>Dise\u00f1ado para una instalaci\u00f3n r\u00e1pida y sencilla, SX <strong>Flight Case Esquinas<\/strong> se adaptan perfectamente a distintos tipos de flightcases. Tanto si est\u00e1 montando maletas nuevas como actualizando las antiguas, estas esquinas mejoran tanto la durabilidad como el aspecto de sus flight cases. Con SX, puede esperar un proceso de instalaci\u00f3n sin complicaciones que garantiza un ajuste seguro.<\/p>\n<h4>Opciones personalizables para necesidades \u00fanicas<\/h4>\n<p>Cada proyecto es diferente, y SX lo reconoce. Por eso nuestros <strong>Flight Case Esquinas<\/strong> vienen en una variedad de opciones personalizables, lo que le permite elegir el tama\u00f1o, la forma y el acabado perfectos para satisfacer sus necesidades espec\u00edficas. SX combina artesan\u00eda de calidad con opciones de dise\u00f1o flexibles para garantizarle que obtiene el producto ideal sin arruinarse.<\/p>\n<h4>Calidad asequible en la que puede confiar<\/h4>\n<p>Con nuestro modelo directo de f\u00e1brica, SX ofrece <strong>Flight Case Esquinas<\/strong> a precios competitivos. Hacemos hincapi\u00e9 en la asequibilidad sin comprometer la calidad, ofreci\u00e9ndole el mejor valor por su dinero. Tanto si es una peque\u00f1a empresa como si se encarga de proyectos a gran escala, SX le ofrece soluciones fiables que se ajustan a su presupuesto.<\/p>\n<h4>Profesionales de todo el mundo conf\u00edan en nosotros<\/h4>\n<p>SX <strong>Flight Case Esquinas<\/strong> son utilizadas por profesionales de m\u00faltiples sectores por su resistencia y eficacia. Desde m\u00fasicos hasta t\u00e9cnicos audiovisuales, nuestras cantoneras son la opci\u00f3n preferida de quienes dan prioridad a la seguridad de los equipos. Cuando elige SX, est\u00e1 eligiendo una marca conocida por su rendimiento superior y la satisfacci\u00f3n de sus clientes.<\/p>\n<h4>M\u00e1s informaci\u00f3n<\/h4>\n<p>Listo para actualizar sus maletas con SX de alta calidad <strong>Flight Case Esquinas<\/strong>? P\u00f3ngase en contacto con nosotros hoy mismo para explorar sus opciones y encontrar la soluci\u00f3n perfecta para sus necesidades. SX se dedica a ofrecer calidad, asequibilidad y dise\u00f1os innovadores que ofrecen una protecci\u00f3n inmejorable para su equipo.<\/p>\n<p>Cont\u00e1ctenos ahora:<span style=\"color: #0000ff;\"><a style=\"color: #0000ff;\" href=\"https:\/\/sxpowercase.com\/contact-us\/\">https:\/\/sxpowercase.com\/<\/a><\/span><\/p>\n<p>Cat\u00e1logo de productos de hardware:<span style=\"color: #3366ff;\"><a style=\"color: #3366ff;\" href=\"https:\/\/sxpowercase.com\/wp-content\/uploads\/2024\/07\/\u4e94\u91d1.pdf\">Cat\u00e1logo de accesorios de ferreter\u00eda<\/a><\/span><\/p>","protected":false},"excerpt":{"rendered":"<h3>SX Flight Case Esquinas: Lo \u00faltimo en protecci\u00f3n de equipos<\/h3>\n<p>Proteja su valioso equipo con las esquinas SX Flight Case, dise\u00f1adas para las condiciones m\u00e1s duras y para mantener su equipo seguro durante el transporte. Obtenga calidad directa de f\u00e1brica a precios asequibles.<\/p>\n<h3>Duradero y f\u00e1cil de instalar<\/h3>\n<p>Las esquinas SX Flight Case est\u00e1n fabricadas con materiales de alta calidad para ofrecer una durabilidad fiable. Son f\u00e1ciles de instalar y compatibles con una amplia gama de maletas, por lo que ofrecen una integraci\u00f3n perfecta y una mayor protecci\u00f3n.<\/p>\n<h3>Soluciones personalizadas a precios competitivos<\/h3>\n<p>SX ofrece Flight Case Corners personalizables adaptados a sus necesidades. Benef\u00edciese de una calidad superior y una artesan\u00eda experta sin salirse de su presupuesto, en la que conf\u00edan profesionales de todo el mundo.<\/p>","protected":false},"featured_media":4082,"comment_status":"open","ping_status":"closed","template":"","meta":[],"product_brand":[],"product_cat":[63],"product_tag":[],"class_list":{"0":"post-4122","1":"product","2":"type-product","3":"status-publish","4":"has-post-thumbnail","6":"product_cat-corners","8":"first","9":"instock","10":"shipping-taxable","11":"product-type-simple"},"yoast_head":"<!-- This site is optimized with the Yoast SEO Premium plugin v27.1 (Yoast SEO v27.2) - https:\/\/yoast.com\/product\/yoast-seo-premium-wordpress\/ -->\n<title>Flight Case Corner COA110 - https:\/\/sxflightcase.com \ud83d\udc97<\/title>\n<meta name=\"description\" content=\"Flight case corner, factory direct! High-quality, durable protection for case edges, ensuring long-lasting reliability during transport. Ideal for safeguarding your equipment.\" \/>\n<meta name=\"robots\" content=\"index, follow, max-snippet:-1, max-image-preview:large, max-video-preview:-1\" \/>\n<link rel=\"canonical\" href=\"https:\/\/sxflightcase.com\/es\/\u4ea7\u54c1\/\u98de\u884c\u7bb1\u8f6c\u89d2-coa110\/\" \/>\n<meta property=\"og:locale\" content=\"es_MX\" \/>\n<meta property=\"og:type\" content=\"article\" \/>\n<meta property=\"og:title\" content=\"Flight Case Corner COA110\" \/>\n<meta property=\"og:description\" content=\"Flight case corner, factory direct! High-quality, durable protection for case edges, ensuring long-lasting reliability during transport. Ideal for safeguarding your equipment.\" \/>\n<meta property=\"og:url\" content=\"https:\/\/sxflightcase.com\/es\/\u4ea7\u54c1\/\u98de\u884c\u7bb1\u8f6c\u89d2-coa110\/\" \/>\n<meta property=\"og:site_name\" content=\"https:\/\/sxflightcase.com\" \/>\n<meta property=\"article:publisher\" content=\"https:\/\/www.facebook.com\/profile.php?id=61560407257971\" \/>\n<meta property=\"article:modified_time\" content=\"2024-08-15T07:02:55+00:00\" \/>\n<meta property=\"og:image\" content=\"https:\/\/sxflightcase.com\/wp-content\/uploads\/2024\/08\/COA110.jpg\" \/>\n\t<meta property=\"og:image:width\" content=\"520\" \/>\n\t<meta property=\"og:image:height\" content=\"511\" \/>\n\t<meta property=\"og:image:type\" content=\"image\/jpeg\" \/>\n<meta name=\"twitter:card\" content=\"summary_large_image\" \/>\n<meta name=\"twitter:label1\" content=\"Tiempo de lectura\" \/>\n\t<meta name=\"twitter:data1\" content=\"3 minutos\" \/>\n<script type=\"application\/ld+json\" class=\"yoast-schema-graph\">{\"@context\":\"https:\/\/schema.org\",\"@graph\":[{\"@type\":\"WebPage\",\"@id\":\"https:\/\/sxflightcase.com\/zh\/\u4ea7\u54c1\/\u98de\u884c\u7bb1\u8f6c\u89d2-coa110\/\",\"url\":\"https:\/\/sxflightcase.com\/zh\/\u4ea7\u54c1\/\u98de\u884c\u7bb1\u8f6c\u89d2-coa110\/\",\"name\":\"Flight Case Corner COA110 - https:\/\/sxflightcase.com \ud83d\udc97\",\"isPartOf\":{\"@id\":\"https:\/\/sxflightcase.com\/th\/#website\"},\"primaryImageOfPage\":{\"@id\":\"https:\/\/sxflightcase.com\/zh\/\u4ea7\u54c1\/\u98de\u884c\u7bb1\u8f6c\u89d2-coa110\/#primaryimage\"},\"image\":{\"@id\":\"https:\/\/sxflightcase.com\/zh\/\u4ea7\u54c1\/\u98de\u884c\u7bb1\u8f6c\u89d2-coa110\/#primaryimage\"},\"thumbnailUrl\":\"https:\/\/sxflightcase.com\/wp-content\/uploads\/2024\/08\/COA110.jpg\",\"datePublished\":\"2024-08-15T07:02:54+00:00\",\"dateModified\":\"2024-08-15T07:02:55+00:00\",\"description\":\"Flight case corner, factory direct! High-quality, durable protection for case edges, ensuring long-lasting reliability during transport. Ideal for safeguarding your equipment.\",\"breadcrumb\":{\"@id\":\"https:\/\/sxflightcase.com\/zh\/\u4ea7\u54c1\/\u98de\u884c\u7bb1\u8f6c\u89d2-coa110\/#breadcrumb\"},\"inLanguage\":\"es\",\"potentialAction\":[{\"@type\":\"ReadAction\",\"target\":[\"https:\/\/sxflightcase.com\/zh\/\u4ea7\u54c1\/\u98de\u884c\u7bb1\u8f6c\u89d2-coa110\/\"]}]},{\"@type\":\"ImageObject\",\"inLanguage\":\"es\",\"@id\":\"https:\/\/sxflightcase.com\/zh\/\u4ea7\u54c1\/\u98de\u884c\u7bb1\u8f6c\u89d2-coa110\/#primaryimage\",\"url\":\"https:\/\/sxflightcase.com\/wp-content\/uploads\/2024\/08\/COA110.jpg\",\"contentUrl\":\"https:\/\/sxflightcase.com\/wp-content\/uploads\/2024\/08\/COA110.jpg\",\"width\":520,\"height\":511,\"caption\":\"Flight Case Corner\"},{\"@type\":\"BreadcrumbList\",\"@id\":\"https:\/\/sxflightcase.com\/zh\/\u4ea7\u54c1\/\u98de\u884c\u7bb1\u8f6c\u89d2-coa110\/#breadcrumb\",\"itemListElement\":[{\"@type\":\"ListItem\",\"position\":1,\"name\":\"Home\",\"item\":\"https:\/\/sxflightcase.com\/\"},{\"@type\":\"ListItem\",\"position\":2,\"name\":\"\u0e2a\u0e34\u0e19\u0e04\u0e49\u0e32\",\"item\":\"https:\/\/sxflightcase.com\/th\/shop\/\"},{\"@type\":\"ListItem\",\"position\":3,\"name\":\"Flight Case Corner COA110\"}]},{\"@type\":\"WebSite\",\"@id\":\"https:\/\/sxflightcase.com\/th\/#website\",\"url\":\"https:\/\/sxflightcase.com\/th\/\",\"name\":\"sxpowercase.com\",\"description\":\"Flight Case Factory\",\"publisher\":{\"@id\":\"https:\/\/sxflightcase.com\/th\/#organization\"},\"potentialAction\":[{\"@type\":\"SearchAction\",\"target\":{\"@type\":\"EntryPoint\",\"urlTemplate\":\"https:\/\/sxflightcase.com\/th\/?s={search_term_string}\"},\"query-input\":{\"@type\":\"PropertyValueSpecification\",\"valueRequired\":true,\"valueName\":\"search_term_string\"}}],\"inLanguage\":\"es\"},{\"@type\":\"Organization\",\"@id\":\"https:\/\/sxflightcase.com\/th\/#organization\",\"name\":\"sxpowercase.com\",\"url\":\"https:\/\/sxflightcase.com\/th\/\",\"logo\":{\"@type\":\"ImageObject\",\"inLanguage\":\"es\",\"@id\":\"https:\/\/sxflightcase.com\/th\/#\/schema\/logo\/image\/\",\"url\":\"https:\/\/sxflightcase.com\/wp-content\/uploads\/2024\/04\/1713919036007.jpg\",\"contentUrl\":\"https:\/\/sxflightcase.com\/wp-content\/uploads\/2024\/04\/1713919036007.jpg\",\"width\":382,\"height\":388,\"caption\":\"sxpowercase.com\"},\"image\":{\"@id\":\"https:\/\/sxflightcase.com\/th\/#\/schema\/logo\/image\/\"},\"sameAs\":[\"https:\/\/www.facebook.com\/profile.php?id=61560407257971\"],\"numberOfEmployees\":{\"@type\":\"QuantitativeValue\",\"minValue\":\"11\",\"maxValue\":\"50\"}}]}<\/script>\n<!-- \/ Yoast SEO Premium plugin. -->","yoast_head_json":{"title":"Flight Case Corner COA110 - https:\/\/sxflightcase.com \ud83d\udc97","description":"Esquina de flight case, \u00a1directo de f\u00e1brica! Protecci\u00f3n duradera y de alta calidad para los bordes de la maleta, que garantiza una fiabilidad duradera durante el transporte. Ideal para proteger su equipo.","robots":{"index":"index","follow":"follow","max-snippet":"max-snippet:-1","max-image-preview":"max-image-preview:large","max-video-preview":"max-video-preview:-1"},"canonical":"https:\/\/sxflightcase.com\/es\/\u4ea7\u54c1\/\u98de\u884c\u7bb1\u8f6c\u89d2-coa110\/","og_locale":"es_MX","og_type":"article","og_title":"Flight Case Corner COA110","og_description":"Flight case corner, factory direct! High-quality, durable protection for case edges, ensuring long-lasting reliability during transport. Ideal for safeguarding your equipment.","og_url":"https:\/\/sxflightcase.com\/es\/\u4ea7\u54c1\/\u98de\u884c\u7bb1\u8f6c\u89d2-coa110\/","og_site_name":"https:\/\/sxflightcase.com","article_publisher":"https:\/\/www.facebook.com\/profile.php?id=61560407257971","article_modified_time":"2024-08-15T07:02:55+00:00","og_image":[{"width":520,"height":511,"url":"https:\/\/sxflightcase.com\/wp-content\/uploads\/2024\/08\/COA110.jpg","type":"image\/jpeg"}],"twitter_card":"summary_large_image","twitter_misc":{"Tiempo de lectura":"3 minutos"},"schema":{"@context":"https:\/\/schema.org","@graph":[{"@type":"WebPage","@id":"https:\/\/sxflightcase.com\/zh\/\u4ea7\u54c1\/\u98de\u884c\u7bb1\u8f6c\u89d2-coa110\/","url":"https:\/\/sxflightcase.com\/zh\/\u4ea7\u54c1\/\u98de\u884c\u7bb1\u8f6c\u89d2-coa110\/","name":"Flight Case Corner COA110 - https:\/\/sxflightcase.com \ud83d\udc97","isPartOf":{"@id":"https:\/\/sxflightcase.com\/th\/#website"},"primaryImageOfPage":{"@id":"https:\/\/sxflightcase.com\/zh\/\u4ea7\u54c1\/\u98de\u884c\u7bb1\u8f6c\u89d2-coa110\/#primaryimage"},"image":{"@id":"https:\/\/sxflightcase.com\/zh\/\u4ea7\u54c1\/\u98de\u884c\u7bb1\u8f6c\u89d2-coa110\/#primaryimage"},"thumbnailUrl":"https:\/\/sxflightcase.com\/wp-content\/uploads\/2024\/08\/COA110.jpg","datePublished":"2024-08-15T07:02:54+00:00","dateModified":"2024-08-15T07:02:55+00:00","description":"Esquina de flight case, \u00a1directo de f\u00e1brica! Protecci\u00f3n duradera y de alta calidad para los bordes de la maleta, que garantiza una fiabilidad duradera durante el transporte. Ideal para proteger su equipo.","breadcrumb":{"@id":"https:\/\/sxflightcase.com\/zh\/\u4ea7\u54c1\/\u98de\u884c\u7bb1\u8f6c\u89d2-coa110\/#breadcrumb"},"inLanguage":"es","potentialAction":[{"@type":"ReadAction","target":["https:\/\/sxflightcase.com\/zh\/\u4ea7\u54c1\/\u98de\u884c\u7bb1\u8f6c\u89d2-coa110\/"]}]},{"@type":"ImageObject","inLanguage":"es","@id":"https:\/\/sxflightcase.com\/zh\/\u4ea7\u54c1\/\u98de\u884c\u7bb1\u8f6c\u89d2-coa110\/#primaryimage","url":"https:\/\/sxflightcase.com\/wp-content\/uploads\/2024\/08\/COA110.jpg","contentUrl":"https:\/\/sxflightcase.com\/wp-content\/uploads\/2024\/08\/COA110.jpg","width":520,"height":511,"caption":"Flight Case Corner"},{"@type":"BreadcrumbList","@id":"https:\/\/sxflightcase.com\/zh\/\u4ea7\u54c1\/\u98de\u884c\u7bb1\u8f6c\u89d2-coa110\/#breadcrumb","itemListElement":[{"@type":"ListItem","position":1,"name":"Home","item":"https:\/\/sxflightcase.com\/"},{"@type":"ListItem","position":2,"name":"\u0e2a\u0e34\u0e19\u0e04\u0e49\u0e32","item":"https:\/\/sxflightcase.com\/th\/shop\/"},{"@type":"ListItem","position":3,"name":"Flight Case Corner COA110"}]},{"@type":"WebSite","@id":"https:\/\/sxflightcase.com\/th\/#website","url":"https:\/\/sxflightcase.com\/th\/","name":"es.sxpowercase.com","description":"F\u00e1brica de flightcases","publisher":{"@id":"https:\/\/sxflightcase.com\/th\/#organization"},"potentialAction":[{"@type":"SearchAction","target":{"@type":"EntryPoint","urlTemplate":"https:\/\/sxflightcase.com\/th\/?s={search_term_string}"},"query-input":{"@type":"PropertyValueSpecification","valueRequired":true,"valueName":"search_term_string"}}],"inLanguage":"es"},{"@type":"Organization","@id":"https:\/\/sxflightcase.com\/th\/#organization","name":"es.sxpowercase.com","url":"https:\/\/sxflightcase.com\/th\/","logo":{"@type":"ImageObject","inLanguage":"es","@id":"https:\/\/sxflightcase.com\/th\/#\/schema\/logo\/image\/","url":"https:\/\/sxflightcase.com\/wp-content\/uploads\/2024\/04\/1713919036007.jpg","contentUrl":"https:\/\/sxflightcase.com\/wp-content\/uploads\/2024\/04\/1713919036007.jpg","width":382,"height":388,"caption":"sxpowercase.com"},"image":{"@id":"https:\/\/sxflightcase.com\/th\/#\/schema\/logo\/image\/"},"sameAs":["https:\/\/www.facebook.com\/profile.php?id=61560407257971"],"numberOfEmployees":{"@type":"QuantitativeValue","minValue":"11","maxValue":"50"}}]}},"_links":{"self":[{"href":"https:\/\/sxflightcase.com\/es\/wp-json\/wp\/v2\/product\/4122","targetHints":{"allow":["GET"]}}],"collection":[{"href":"https:\/\/sxflightcase.com\/es\/wp-json\/wp\/v2\/product"}],"about":[{"href":"https:\/\/sxflightcase.com\/es\/wp-json\/wp\/v2\/types\/product"}],"replies":[{"embeddable":true,"href":"https:\/\/sxflightcase.com\/es\/wp-json\/wp\/v2\/comments?post=4122"}],"version-history":[{"count":0,"href":"https:\/\/sxflightcase.com\/es\/wp-json\/wp\/v2\/product\/4122\/revisions"}],"wp:featuredmedia":[{"embeddable":true,"href":"https:\/\/sxflightcase.com\/es\/wp-json\/wp\/v2\/media\/4082"}],"wp:attachment":[{"href":"https:\/\/sxflightcase.com\/es\/wp-json\/wp\/v2\/media?parent=4122"}],"wp:term":[{"taxonomy":"product_brand","embeddable":true,"href":"https:\/\/sxflightcase.com\/es\/wp-json\/wp\/v2\/product_brand?post=4122"},{"taxonomy":"product_cat","embeddable":true,"href":"https:\/\/sxflightcase.com\/es\/wp-json\/wp\/v2\/product_cat?post=4122"},{"taxonomy":"product_tag","embeddable":true,"href":"https:\/\/sxflightcase.com\/es\/wp-json\/wp\/v2\/product_tag?post=4122"}],"curies":[{"name":"wp","href":"https:\/\/api.w.org\/{rel}","templated":true}]}}