{"id":4123,"date":"2024-08-15T08:06:33","date_gmt":"2024-08-15T07:06:33","guid":{"rendered":"https:\/\/sxpowercase.com\/?post_type=product&#038;p=4123"},"modified":"2024-08-15T08:06:34","modified_gmt":"2024-08-15T07:06:34","slug":"flight-case-corners-coa201","status":"publish","type":"product","link":"https:\/\/sxflightcase.com\/es\/producto\/flight-case-esquinas-coa201-2\/","title":{"rendered":"Esquinas para Flight Case COA201"},"content":{"rendered":"<h3>Aumente su protecci\u00f3n con las esquinas SX Flight Case<\/h3>\n<h4>Protecci\u00f3n superior para equipos fr\u00e1giles<\/h4>\n<p>Cuando su equipo est\u00e1 en movimiento, es fundamental protegerlo de posibles da\u00f1os. SX <strong>Flight Case Esquinas<\/strong> ofrecen una protecci\u00f3n excepcional contra golpes, ca\u00eddas y el desgaste diario. Construidas para resistir, estas esquinas garantizan que sus flight cases mantengan la integridad estructural a la vez que ofrecen una durabilidad inigualable. Gracias a los precios directos de f\u00e1brica de SX, obtendr\u00e1 una protecci\u00f3n de alta calidad sin costes inflados.<\/p>\n<h4>Fabricado para soportar un uso intensivo<\/h4>\n<p>Fabricado con materiales de primera calidad, <a href=\"https:\/\/sxpowercase.com\/\" target=\"_blank\" rel=\"noopener\" title=\"SX\" data-wpil-monitor-id=\"667\">SX<\/a> <strong>Flight Case Esquinas<\/strong> est\u00e1n dise\u00f1adas para soportar las condiciones m\u00e1s duras. Tanto en giras como en almacenes, estas esquinas fortalecen sus maletas frente a una manipulaci\u00f3n rigurosa. SX le garantiza componentes fiables, resistentes y asequibles, que le ayudar\u00e1n a ahorrar en reparaciones y sustituciones.<\/p>\n<h4>F\u00e1cil aplicaci\u00f3n y ajuste seguro<\/h4>\n<p>SX <strong>Flight Case Esquinas<\/strong> est\u00e1n dise\u00f1adas para una instalaci\u00f3n sin complicaciones, ofreciendo un ajuste perfecto en varios tipos de carcasas. Tanto si se trata de reequipar maletas antiguas como de construir otras nuevas, estas esquinas proporcionan a sus maletas una mayor resistencia y un aspecto pulido. Con SX, asegurar su equipo nunca ha sido tan f\u00e1cil y rentable.<\/p>\n<h4>Adaptaci\u00f3n a sus necesidades<\/h4>\n<p>Cada caso tiene sus requisitos particulares, y SX ofrece <strong>Flight Case Esquinas<\/strong> que pueden personalizarse para satisfacer sus necesidades espec\u00edficas. Desde diferentes formas hasta acabados a medida, nuestras esquinas est\u00e1n dise\u00f1adas para ajustarse tanto a las preferencias funcionales como est\u00e9ticas. SX ofrece soluciones vers\u00e1tiles sin comprometer el precio, proporcion\u00e1ndole la flexibilidad que necesita.<\/p>\n<h4>Calidad asequible<\/h4>\n<p>SX combina el ahorro directo de f\u00e1brica con un riguroso control de calidad, ofreciendo <strong>Flight Case Corner<\/strong>\u00a0que ofrecen un valor excepcional. Nuestros precios est\u00e1n dise\u00f1ados para ser competitivos sin sacrificar la durabilidad y la protecci\u00f3n que exigen sus casos. Tanto si sus necesidades son a peque\u00f1a escala como de tama\u00f1o industrial, SX ofrece la combinaci\u00f3n perfecta de asequibilidad y calidad.<\/p>\n<h4>La confianza de expertos de todo el mundo<\/h4>\n<p>Profesionales de diversos sectores conf\u00edan en SX <strong>Flight Case Esquinas<\/strong> por su fiabilidad demostrada y su rendimiento duradero. Tanto si maneja equipos de audio como de iluminaci\u00f3n u otras herramientas delicadas, nuestras esquinas ofrecen una protecci\u00f3n robusta que resiste la manipulaci\u00f3n brusca. Cuando se trata de proteger su equipo, conf\u00ede en la marca que eligen los expertos: Sax.<\/p>\n<h4>P\u00f3ngase en contacto con nosotros para obtener las mejores soluciones<\/h4>\n<p>En busca del <strong>Flight Case Esquinas<\/strong> para sus necesidades? P\u00f3ngase en contacto con SX hoy mismo para obtener m\u00e1s informaci\u00f3n sobre nuestras opciones personalizables y precios competitivos. Con una reputaci\u00f3n de ofrecer productos de calidad y un valor excepcional, SX es la fuente a la que acuden los profesionales que desean soluciones fiables que no supongan un gasto excesivo.<\/p>\n<p>Cont\u00e1ctenos ahora:<span style=\"color: #0000ff;\"><a style=\"color: #0000ff;\" href=\"https:\/\/sxpowercase.com\/contact-us\/\">https:\/\/sxpowercase.com\/<\/a><\/span><\/p>\n<p>Cat\u00e1logo de productos de hardware:<span style=\"color: #3366ff;\"><a style=\"color: #3366ff;\" href=\"https:\/\/sxpowercase.com\/wp-content\/uploads\/2024\/07\/\u4e94\u91d1.pdf\">Cat\u00e1logo de accesorios de ferreter\u00eda<\/a><\/span><\/p>","protected":false},"excerpt":{"rendered":"<h3>Esquinas SX Flight Case: Protecci\u00f3n superior del equipo<\/h3>\n<p>Proteja su fr\u00e1gil equipo con las esquinas SX Flight Case, dise\u00f1adas para resistir golpes, ca\u00eddas y el desgaste diario. Obtenga calidad de primera a precios directos de f\u00e1brica, garantizando una protecci\u00f3n fiable sin costes inflados.<\/p>\n<h3>Instalaci\u00f3n sencilla, rendimiento resistente<\/h3>\n<p>Las esquinas SX Flight Case est\u00e1n fabricadas para un uso intensivo y una aplicaci\u00f3n sin esfuerzo. Tanto si se trata de actualizar maletas antiguas como de montar maletas nuevas, estas esquinas mejoran la resistencia y ofrecen un aspecto pulido.<\/p>\n<h3>Soluciones personalizadas a precios asequibles<\/h3>\n<p>SX ofrece Flight Case Corners personalizables adaptados a sus necesidades exactas, combinando versatilidad con asequibilidad. Con la confianza de profesionales de todo el mundo, SX ofrece una calidad en la que puede confiar.<\/p>","protected":false},"featured_media":4083,"comment_status":"open","ping_status":"closed","template":"","meta":[],"product_brand":[],"product_cat":[63],"product_tag":[],"class_list":{"0":"post-4123","1":"product","2":"type-product","3":"status-publish","4":"has-post-thumbnail","6":"product_cat-corners","8":"first","9":"instock","10":"shipping-taxable","11":"product-type-simple"},"yoast_head":"<!-- This site is optimized with the Yoast SEO Premium plugin v27.1 (Yoast SEO v27.2) - https:\/\/yoast.com\/product\/yoast-seo-premium-wordpress\/ -->\n<title>Flight Case Corners COA201 - https:\/\/sxflightcase.com \ud83d\udc97<\/title>\n<meta name=\"description\" content=\"Flight case corners, factory direct! High-quality, durable edge protection for flight cases. Prevents damage during transport and ensures long-lasting reliability for your equipment.\" \/>\n<meta name=\"robots\" content=\"index, follow, max-snippet:-1, max-image-preview:large, max-video-preview:-1\" \/>\n<link rel=\"canonical\" href=\"https:\/\/sxflightcase.com\/es\/produkt\/flight-case-hjorner-coa201-2\/\" \/>\n<meta property=\"og:locale\" content=\"es_MX\" \/>\n<meta property=\"og:type\" content=\"article\" \/>\n<meta property=\"og:title\" content=\"Flight Case Corners COA201\" \/>\n<meta property=\"og:description\" content=\"Flight case corners, factory direct! High-quality, durable edge protection for flight cases. Prevents damage during transport and ensures long-lasting reliability for your equipment.\" \/>\n<meta property=\"og:url\" content=\"https:\/\/sxflightcase.com\/es\/produkt\/flight-case-hjorner-coa201-2\/\" \/>\n<meta property=\"og:site_name\" content=\"https:\/\/sxflightcase.com\" \/>\n<meta property=\"article:publisher\" content=\"https:\/\/www.facebook.com\/profile.php?id=61560407257971\" \/>\n<meta property=\"article:modified_time\" content=\"2024-08-15T07:06:34+00:00\" \/>\n<meta property=\"og:image\" content=\"https:\/\/sxflightcase.com\/wp-content\/uploads\/2024\/08\/COA201.jpg\" \/>\n\t<meta property=\"og:image:width\" content=\"520\" \/>\n\t<meta property=\"og:image:height\" content=\"551\" \/>\n\t<meta property=\"og:image:type\" content=\"image\/jpeg\" \/>\n<meta name=\"twitter:card\" content=\"summary_large_image\" \/>\n<meta name=\"twitter:label1\" content=\"Tiempo de lectura\" \/>\n\t<meta name=\"twitter:data1\" content=\"3 minutos\" \/>\n<script type=\"application\/ld+json\" class=\"yoast-schema-graph\">{\"@context\":\"https:\/\/schema.org\",\"@graph\":[{\"@type\":\"WebPage\",\"@id\":\"https:\/\/sxflightcase.com\/da\/produkt\/flight-case-hjorner-coa201-2\/\",\"url\":\"https:\/\/sxflightcase.com\/da\/produkt\/flight-case-hjorner-coa201-2\/\",\"name\":\"Flight Case Corners COA201 - https:\/\/sxflightcase.com \ud83d\udc97\",\"isPartOf\":{\"@id\":\"https:\/\/sxflightcase.com\/th\/#website\"},\"primaryImageOfPage\":{\"@id\":\"https:\/\/sxflightcase.com\/da\/produkt\/flight-case-hjorner-coa201-2\/#primaryimage\"},\"image\":{\"@id\":\"https:\/\/sxflightcase.com\/da\/produkt\/flight-case-hjorner-coa201-2\/#primaryimage\"},\"thumbnailUrl\":\"https:\/\/sxflightcase.com\/wp-content\/uploads\/2024\/08\/COA201.jpg\",\"datePublished\":\"2024-08-15T07:06:33+00:00\",\"dateModified\":\"2024-08-15T07:06:34+00:00\",\"description\":\"Flight case corners, factory direct! High-quality, durable edge protection for flight cases. Prevents damage during transport and ensures long-lasting reliability for your equipment.\",\"breadcrumb\":{\"@id\":\"https:\/\/sxflightcase.com\/da\/produkt\/flight-case-hjorner-coa201-2\/#breadcrumb\"},\"inLanguage\":\"es\",\"potentialAction\":[{\"@type\":\"ReadAction\",\"target\":[\"https:\/\/sxflightcase.com\/da\/produkt\/flight-case-hjorner-coa201-2\/\"]}]},{\"@type\":\"ImageObject\",\"inLanguage\":\"es\",\"@id\":\"https:\/\/sxflightcase.com\/da\/produkt\/flight-case-hjorner-coa201-2\/#primaryimage\",\"url\":\"https:\/\/sxflightcase.com\/wp-content\/uploads\/2024\/08\/COA201.jpg\",\"contentUrl\":\"https:\/\/sxflightcase.com\/wp-content\/uploads\/2024\/08\/COA201.jpg\",\"width\":520,\"height\":551,\"caption\":\"Flight Case Corners\"},{\"@type\":\"BreadcrumbList\",\"@id\":\"https:\/\/sxflightcase.com\/da\/produkt\/flight-case-hjorner-coa201-2\/#breadcrumb\",\"itemListElement\":[{\"@type\":\"ListItem\",\"position\":1,\"name\":\"Home\",\"item\":\"https:\/\/sxflightcase.com\/\"},{\"@type\":\"ListItem\",\"position\":2,\"name\":\"\u0e2a\u0e34\u0e19\u0e04\u0e49\u0e32\",\"item\":\"https:\/\/sxflightcase.com\/th\/shop\/\"},{\"@type\":\"ListItem\",\"position\":3,\"name\":\"Flight Case Corners COA201\"}]},{\"@type\":\"WebSite\",\"@id\":\"https:\/\/sxflightcase.com\/th\/#website\",\"url\":\"https:\/\/sxflightcase.com\/th\/\",\"name\":\"sxpowercase.com\",\"description\":\"Flight Case Factory\",\"publisher\":{\"@id\":\"https:\/\/sxflightcase.com\/th\/#organization\"},\"potentialAction\":[{\"@type\":\"SearchAction\",\"target\":{\"@type\":\"EntryPoint\",\"urlTemplate\":\"https:\/\/sxflightcase.com\/th\/?s={search_term_string}\"},\"query-input\":{\"@type\":\"PropertyValueSpecification\",\"valueRequired\":true,\"valueName\":\"search_term_string\"}}],\"inLanguage\":\"es\"},{\"@type\":\"Organization\",\"@id\":\"https:\/\/sxflightcase.com\/th\/#organization\",\"name\":\"sxpowercase.com\",\"url\":\"https:\/\/sxflightcase.com\/th\/\",\"logo\":{\"@type\":\"ImageObject\",\"inLanguage\":\"es\",\"@id\":\"https:\/\/sxflightcase.com\/th\/#\/schema\/logo\/image\/\",\"url\":\"https:\/\/sxflightcase.com\/wp-content\/uploads\/2024\/04\/1713919036007.jpg\",\"contentUrl\":\"https:\/\/sxflightcase.com\/wp-content\/uploads\/2024\/04\/1713919036007.jpg\",\"width\":382,\"height\":388,\"caption\":\"sxpowercase.com\"},\"image\":{\"@id\":\"https:\/\/sxflightcase.com\/th\/#\/schema\/logo\/image\/\"},\"sameAs\":[\"https:\/\/www.facebook.com\/profile.php?id=61560407257971\"],\"numberOfEmployees\":{\"@type\":\"QuantitativeValue\",\"minValue\":\"11\",\"maxValue\":\"50\"}}]}<\/script>\n<!-- \/ Yoast SEO Premium plugin. -->","yoast_head_json":{"title":"Flight Case Corners COA201 - https:\/\/sxflightcase.com \ud83d\udc97","description":"Esquinas para flightcases, \u00a1directas de f\u00e1brica! Protecci\u00f3n de bordes duradera y de alta calidad para flightcases. Evita da\u00f1os durante el transporte y garantiza la fiabilidad duradera de su equipo.","robots":{"index":"index","follow":"follow","max-snippet":"max-snippet:-1","max-image-preview":"max-image-preview:large","max-video-preview":"max-video-preview:-1"},"canonical":"https:\/\/sxflightcase.com\/es\/produkt\/flight-case-hjorner-coa201-2\/","og_locale":"es_MX","og_type":"article","og_title":"Flight Case Corners COA201","og_description":"Flight case corners, factory direct! High-quality, durable edge protection for flight cases. Prevents damage during transport and ensures long-lasting reliability for your equipment.","og_url":"https:\/\/sxflightcase.com\/es\/produkt\/flight-case-hjorner-coa201-2\/","og_site_name":"https:\/\/sxflightcase.com","article_publisher":"https:\/\/www.facebook.com\/profile.php?id=61560407257971","article_modified_time":"2024-08-15T07:06:34+00:00","og_image":[{"width":520,"height":551,"url":"https:\/\/sxflightcase.com\/wp-content\/uploads\/2024\/08\/COA201.jpg","type":"image\/jpeg"}],"twitter_card":"summary_large_image","twitter_misc":{"Tiempo de lectura":"3 minutos"},"schema":{"@context":"https:\/\/schema.org","@graph":[{"@type":"WebPage","@id":"https:\/\/sxflightcase.com\/da\/produkt\/flight-case-hjorner-coa201-2\/","url":"https:\/\/sxflightcase.com\/da\/produkt\/flight-case-hjorner-coa201-2\/","name":"Flight Case Corners COA201 - https:\/\/sxflightcase.com \ud83d\udc97","isPartOf":{"@id":"https:\/\/sxflightcase.com\/th\/#website"},"primaryImageOfPage":{"@id":"https:\/\/sxflightcase.com\/da\/produkt\/flight-case-hjorner-coa201-2\/#primaryimage"},"image":{"@id":"https:\/\/sxflightcase.com\/da\/produkt\/flight-case-hjorner-coa201-2\/#primaryimage"},"thumbnailUrl":"https:\/\/sxflightcase.com\/wp-content\/uploads\/2024\/08\/COA201.jpg","datePublished":"2024-08-15T07:06:33+00:00","dateModified":"2024-08-15T07:06:34+00:00","description":"Esquinas para flightcases, \u00a1directas de f\u00e1brica! Protecci\u00f3n de bordes duradera y de alta calidad para flightcases. Evita da\u00f1os durante el transporte y garantiza la fiabilidad duradera de su equipo.","breadcrumb":{"@id":"https:\/\/sxflightcase.com\/da\/produkt\/flight-case-hjorner-coa201-2\/#breadcrumb"},"inLanguage":"es","potentialAction":[{"@type":"ReadAction","target":["https:\/\/sxflightcase.com\/da\/produkt\/flight-case-hjorner-coa201-2\/"]}]},{"@type":"ImageObject","inLanguage":"es","@id":"https:\/\/sxflightcase.com\/da\/produkt\/flight-case-hjorner-coa201-2\/#primaryimage","url":"https:\/\/sxflightcase.com\/wp-content\/uploads\/2024\/08\/COA201.jpg","contentUrl":"https:\/\/sxflightcase.com\/wp-content\/uploads\/2024\/08\/COA201.jpg","width":520,"height":551,"caption":"Flight Case Corners"},{"@type":"BreadcrumbList","@id":"https:\/\/sxflightcase.com\/da\/produkt\/flight-case-hjorner-coa201-2\/#breadcrumb","itemListElement":[{"@type":"ListItem","position":1,"name":"Home","item":"https:\/\/sxflightcase.com\/"},{"@type":"ListItem","position":2,"name":"\u0e2a\u0e34\u0e19\u0e04\u0e49\u0e32","item":"https:\/\/sxflightcase.com\/th\/shop\/"},{"@type":"ListItem","position":3,"name":"Flight Case Corners COA201"}]},{"@type":"WebSite","@id":"https:\/\/sxflightcase.com\/th\/#website","url":"https:\/\/sxflightcase.com\/th\/","name":"es.sxpowercase.com","description":"F\u00e1brica de flightcases","publisher":{"@id":"https:\/\/sxflightcase.com\/th\/#organization"},"potentialAction":[{"@type":"SearchAction","target":{"@type":"EntryPoint","urlTemplate":"https:\/\/sxflightcase.com\/th\/?s={search_term_string}"},"query-input":{"@type":"PropertyValueSpecification","valueRequired":true,"valueName":"search_term_string"}}],"inLanguage":"es"},{"@type":"Organization","@id":"https:\/\/sxflightcase.com\/th\/#organization","name":"es.sxpowercase.com","url":"https:\/\/sxflightcase.com\/th\/","logo":{"@type":"ImageObject","inLanguage":"es","@id":"https:\/\/sxflightcase.com\/th\/#\/schema\/logo\/image\/","url":"https:\/\/sxflightcase.com\/wp-content\/uploads\/2024\/04\/1713919036007.jpg","contentUrl":"https:\/\/sxflightcase.com\/wp-content\/uploads\/2024\/04\/1713919036007.jpg","width":382,"height":388,"caption":"sxpowercase.com"},"image":{"@id":"https:\/\/sxflightcase.com\/th\/#\/schema\/logo\/image\/"},"sameAs":["https:\/\/www.facebook.com\/profile.php?id=61560407257971"],"numberOfEmployees":{"@type":"QuantitativeValue","minValue":"11","maxValue":"50"}}]}},"_links":{"self":[{"href":"https:\/\/sxflightcase.com\/es\/wp-json\/wp\/v2\/product\/4123","targetHints":{"allow":["GET"]}}],"collection":[{"href":"https:\/\/sxflightcase.com\/es\/wp-json\/wp\/v2\/product"}],"about":[{"href":"https:\/\/sxflightcase.com\/es\/wp-json\/wp\/v2\/types\/product"}],"replies":[{"embeddable":true,"href":"https:\/\/sxflightcase.com\/es\/wp-json\/wp\/v2\/comments?post=4123"}],"version-history":[{"count":0,"href":"https:\/\/sxflightcase.com\/es\/wp-json\/wp\/v2\/product\/4123\/revisions"}],"wp:featuredmedia":[{"embeddable":true,"href":"https:\/\/sxflightcase.com\/es\/wp-json\/wp\/v2\/media\/4083"}],"wp:attachment":[{"href":"https:\/\/sxflightcase.com\/es\/wp-json\/wp\/v2\/media?parent=4123"}],"wp:term":[{"taxonomy":"product_brand","embeddable":true,"href":"https:\/\/sxflightcase.com\/es\/wp-json\/wp\/v2\/product_brand?post=4123"},{"taxonomy":"product_cat","embeddable":true,"href":"https:\/\/sxflightcase.com\/es\/wp-json\/wp\/v2\/product_cat?post=4123"},{"taxonomy":"product_tag","embeddable":true,"href":"https:\/\/sxflightcase.com\/es\/wp-json\/wp\/v2\/product_tag?post=4123"}],"curies":[{"name":"wp","href":"https:\/\/api.w.org\/{rel}","templated":true}]}}