{"id":4137,"date":"2024-08-16T08:42:52","date_gmt":"2024-08-16T07:42:52","guid":{"rendered":"https:\/\/sxpowercase.com\/?post_type=product&#038;p=4137"},"modified":"2024-08-16T08:43:20","modified_gmt":"2024-08-16T07:43:20","slug":"flight-case-corner-protector-coa205","status":"publish","type":"product","link":"https:\/\/sxflightcase.com\/es\/producto\/flight-case-protector-de-esquinas-coa205-2\/","title":{"rendered":"Protector de esquinas para estuche de vuelo COA205"},"content":{"rendered":"<h3>Protector de esquinas SX Flight Case: Lo \u00faltimo en protecci\u00f3n de equipos<\/h3>\n<h4>Defensa fiable para su equipo<\/h4>\n<p>Cuando se trata de proteger su valioso equipo, conf\u00ede en SX's <strong>Protector de esquinas para flightcases<\/strong>\u00a0para ofrecer una protecci\u00f3n excepcional. Estos protectores est\u00e1n espec\u00edficamente dise\u00f1ados para absorber los golpes y evitar da\u00f1os durante el transporte. Al elegir SX, est\u00e1 invirtiendo en calidad de primera a precios directos de f\u00e1brica, lo que garantiza que su equipo se mantenga en perfectas condiciones.<\/p>\n<h4>Dise\u00f1ado para durar<\/h4>\n<p><a title=\"SX\" href=\"https:\/\/sxpowercase.com\/\" target=\"_blank\" rel=\"noopener\" data-wpil-monitor-id=\"671\">SX<\/a> <strong>Protector de esquinas para flightcases<\/strong>\u00a0est\u00e1n fabricados con materiales de alta calidad que garantizan una larga durabilidad. Tanto si su equipo se carga, se descarga o se manipula con brusquedad, estos protectores est\u00e1n fabricados para resistirlo todo. Proporcionan una s\u00f3lida barrera contra el desgaste del uso frecuente, por lo que son ideales para los profesionales que exigen fiabilidad.<\/p>\n<h4>F\u00e1cil integraci\u00f3n con cualquier malet\u00edn<\/h4>\n<p>Independientemente del tipo de flight case que utilice, SX <strong>Protector de esquinas para flightcases<\/strong>\u00a0ofrecen un ajuste perfecto. Su dise\u00f1o universal facilita su instalaci\u00f3n en una gran variedad de maletas, mejorando tanto su funcionalidad como su aspecto. Con SX, obtendr\u00e1 lo mejor de ambos mundos: asequibilidad y versatilidad, al tiempo que garantiza la m\u00e1xima protecci\u00f3n para su equipo.<\/p>\n<h4>Opciones personalizables disponibles<\/h4>\n<p>En SX entendemos que cada profesional tiene unas necesidades \u00fanicas. Por eso, nuestros <strong>Protector de esquinas para flightcases<\/strong>\u00a0est\u00e1n disponibles en opciones personalizables para adaptarse a sus requisitos espec\u00edficos. Desde diferentes tama\u00f1os hasta acabados exclusivos, SX ofrece soluciones que se ajustan a sus especificaciones exactas, manteniendo los costes bajos gracias a nuestros precios directos de f\u00e1brica.<\/p>\n<h4>Calidad y rendimiento probados<\/h4>\n<p>La garant\u00eda de calidad est\u00e1 en el centro de todo lo que hacemos en SX. Nuestro sitio <strong>Protectores de esquinas para flightcases<\/strong> se someten a rigurosas pruebas para garantizar que cumplen las normas m\u00e1s exigentes del sector. Este compromiso con la calidad significa que puede confiar en SX para proteger su equipo, sabiendo que cada protector se elabora con precisi\u00f3n y cuidado.<\/p>\n<h4>La confianza de los profesionales<\/h4>\n<p>SX es la marca elegida por los expertos del sector que necesitan un hardware fiable. Nuestra <strong>Protectores de esquinas para flightcases<\/strong> se utilizan ampliamente en diversos sectores, como los eventos en directo, la radiodifusi\u00f3n y las giras. Los profesionales conf\u00edan en SX para que les proporcione soluciones duraderas y de alta calidad que mantengan sus equipos seguros durante el transporte.<\/p>\n<h4>Protecci\u00f3n asequible para su equipo<\/h4>\n<p>Ofertas SX <strong>Protectores de esquinas para flightcases<\/strong> a precios competitivos, lo que le permite proteger su equipo sin arruinarse. Nuestro enfoque directo al consumidor garantiza que reciba productos de primera calidad al menor coste posible. P\u00f3ngase en contacto con SX hoy mismo para obtener m\u00e1s informaci\u00f3n sobre c\u00f3mo nuestro hardware para flightcases puede proporcionarle la protecci\u00f3n que necesita, a precios que le encantar\u00e1n.<\/p>\n<p>Cont\u00e1ctenos ahora:<span style=\"color: #0000ff;\"><a style=\"color: #0000ff;\" href=\"https:\/\/sxpowercase.com\/contact-us\/\">https:\/\/sxpowercase.com\/<\/a><\/span><\/p>\n<p>Cat\u00e1logo de productos de hardware:<span style=\"color: #3366ff;\"><a style=\"color: #3366ff;\" href=\"https:\/\/sxpowercase.com\/wp-content\/uploads\/2024\/07\/\u4e94\u91d1.pdf\">Cat\u00e1logo de accesorios de ferreter\u00eda<\/a><\/span><\/p>","protected":false},"excerpt":{"rendered":"<h3>Protectores de esquinas SX Flight Case: Protecci\u00f3n fiable del equipo<\/h3>\n<p>Proteja su equipo con los protectores de esquinas Flight Case de SX. Dise\u00f1ados para absorber golpes y evitar da\u00f1os, ofrecen una protecci\u00f3n de primera a precios directos de f\u00e1brica, garantizando que tu equipo se mantenga seguro durante el transporte.<\/p>\n<h3>Duradero y f\u00e1cil de instalar<\/h3>\n<p>Fabricados con materiales de alta calidad, los protectores de esquinas SX est\u00e1n dise\u00f1ados para un uso duradero. Su dise\u00f1o universal facilita su integraci\u00f3n con cualquier flight case, proporcionando una protecci\u00f3n robusta y un aspecto elegante.<\/p>\n<h3>Opciones personalizables para sus necesidades<\/h3>\n<p>SX ofrece cantoneras personalizables para flightcases en varios tama\u00f1os y acabados. Obtenga soluciones a medida que satisfagan sus requisitos espec\u00edficos sin comprometer la asequibilidad, en las que conf\u00edan profesionales de todo el mundo.<\/p>","protected":false},"featured_media":4087,"comment_status":"open","ping_status":"closed","template":"","meta":[],"product_brand":[],"product_cat":[63],"product_tag":[],"class_list":{"0":"post-4137","1":"product","2":"type-product","3":"status-publish","4":"has-post-thumbnail","6":"product_cat-corners","8":"first","9":"instock","10":"shipping-taxable","11":"product-type-simple"},"yoast_head":"<!-- This site is optimized with the Yoast SEO Premium plugin v27.1 (Yoast SEO v27.2) - https:\/\/yoast.com\/product\/yoast-seo-premium-wordpress\/ -->\n<title>Flight Case Corner Protector COA205 - https:\/\/sxflightcase.com \ud83d\udc97<\/title>\n<meta name=\"description\" content=\"Flight case corner protector, factory direct! High-quality, durable edge protection for flight cases. Safeguards equipment from impact during transport, ensuring long-lasting reliability.\" \/>\n<meta name=\"robots\" content=\"index, follow, max-snippet:-1, max-image-preview:large, max-video-preview:-1\" \/>\n<link rel=\"canonical\" href=\"https:\/\/sxflightcase.com\/es\/producto\/flight-case-protector-de-esquinas-coa205-2\/\" \/>\n<meta property=\"og:locale\" content=\"es_MX\" \/>\n<meta property=\"og:type\" content=\"article\" \/>\n<meta property=\"og:title\" content=\"Flight Case Corner Protector COA205\" \/>\n<meta property=\"og:description\" content=\"Flight case corner protector, factory direct! High-quality, durable edge protection for flight cases. Safeguards equipment from impact during transport, ensuring long-lasting reliability.\" \/>\n<meta property=\"og:url\" content=\"https:\/\/sxflightcase.com\/es\/producto\/flight-case-protector-de-esquinas-coa205-2\/\" \/>\n<meta property=\"og:site_name\" content=\"https:\/\/sxflightcase.com\" \/>\n<meta property=\"article:publisher\" content=\"https:\/\/www.facebook.com\/profile.php?id=61560407257971\" \/>\n<meta property=\"article:modified_time\" content=\"2024-08-16T07:43:20+00:00\" \/>\n<meta property=\"og:image\" content=\"https:\/\/sxflightcase.com\/wp-content\/uploads\/2024\/08\/COA205.jpg\" \/>\n\t<meta property=\"og:image:width\" content=\"508\" \/>\n\t<meta property=\"og:image:height\" content=\"508\" \/>\n\t<meta property=\"og:image:type\" content=\"image\/jpeg\" \/>\n<meta name=\"twitter:card\" content=\"summary_large_image\" \/>\n<meta name=\"twitter:label1\" content=\"Tiempo de lectura\" \/>\n\t<meta name=\"twitter:data1\" content=\"3 minutos\" \/>\n<script type=\"application\/ld+json\" class=\"yoast-schema-graph\">{\"@context\":\"https:\/\/schema.org\",\"@graph\":[{\"@type\":\"WebPage\",\"@id\":\"https:\/\/sxflightcase.com\/product\/flight-case-corner-protector-coa205\/\",\"url\":\"https:\/\/sxflightcase.com\/product\/flight-case-corner-protector-coa205\/\",\"name\":\"Flight Case Corner Protector COA205 - https:\/\/sxflightcase.com \ud83d\udc97\",\"isPartOf\":{\"@id\":\"https:\/\/sxflightcase.com\/th\/#website\"},\"primaryImageOfPage\":{\"@id\":\"https:\/\/sxflightcase.com\/product\/flight-case-corner-protector-coa205\/#primaryimage\"},\"image\":{\"@id\":\"https:\/\/sxflightcase.com\/product\/flight-case-corner-protector-coa205\/#primaryimage\"},\"thumbnailUrl\":\"https:\/\/sxflightcase.com\/wp-content\/uploads\/2024\/08\/COA205.jpg\",\"datePublished\":\"2024-08-16T07:42:52+00:00\",\"dateModified\":\"2024-08-16T07:43:20+00:00\",\"description\":\"Flight case corner protector, factory direct! High-quality, durable edge protection for flight cases. Safeguards equipment from impact during transport, ensuring long-lasting reliability.\",\"breadcrumb\":{\"@id\":\"https:\/\/sxflightcase.com\/product\/flight-case-corner-protector-coa205\/#breadcrumb\"},\"inLanguage\":\"es\",\"potentialAction\":[{\"@type\":\"ReadAction\",\"target\":[\"https:\/\/sxflightcase.com\/product\/flight-case-corner-protector-coa205\/\"]}]},{\"@type\":\"ImageObject\",\"inLanguage\":\"es\",\"@id\":\"https:\/\/sxflightcase.com\/product\/flight-case-corner-protector-coa205\/#primaryimage\",\"url\":\"https:\/\/sxflightcase.com\/wp-content\/uploads\/2024\/08\/COA205.jpg\",\"contentUrl\":\"https:\/\/sxflightcase.com\/wp-content\/uploads\/2024\/08\/COA205.jpg\",\"width\":508,\"height\":508,\"caption\":\"Flight Case Corner Protector\"},{\"@type\":\"BreadcrumbList\",\"@id\":\"https:\/\/sxflightcase.com\/product\/flight-case-corner-protector-coa205\/#breadcrumb\",\"itemListElement\":[{\"@type\":\"ListItem\",\"position\":1,\"name\":\"Home\",\"item\":\"https:\/\/sxflightcase.com\/\"},{\"@type\":\"ListItem\",\"position\":2,\"name\":\"\u0e2a\u0e34\u0e19\u0e04\u0e49\u0e32\",\"item\":\"https:\/\/sxflightcase.com\/th\/shop\/\"},{\"@type\":\"ListItem\",\"position\":3,\"name\":\"Flight Case Corner Protector COA205\"}]},{\"@type\":\"WebSite\",\"@id\":\"https:\/\/sxflightcase.com\/th\/#website\",\"url\":\"https:\/\/sxflightcase.com\/th\/\",\"name\":\"sxpowercase.com\",\"description\":\"Flight Case Factory\",\"publisher\":{\"@id\":\"https:\/\/sxflightcase.com\/th\/#organization\"},\"potentialAction\":[{\"@type\":\"SearchAction\",\"target\":{\"@type\":\"EntryPoint\",\"urlTemplate\":\"https:\/\/sxflightcase.com\/th\/?s={search_term_string}\"},\"query-input\":{\"@type\":\"PropertyValueSpecification\",\"valueRequired\":true,\"valueName\":\"search_term_string\"}}],\"inLanguage\":\"es\"},{\"@type\":\"Organization\",\"@id\":\"https:\/\/sxflightcase.com\/th\/#organization\",\"name\":\"sxpowercase.com\",\"url\":\"https:\/\/sxflightcase.com\/th\/\",\"logo\":{\"@type\":\"ImageObject\",\"inLanguage\":\"es\",\"@id\":\"https:\/\/sxflightcase.com\/th\/#\/schema\/logo\/image\/\",\"url\":\"https:\/\/sxflightcase.com\/wp-content\/uploads\/2024\/04\/1713919036007.jpg\",\"contentUrl\":\"https:\/\/sxflightcase.com\/wp-content\/uploads\/2024\/04\/1713919036007.jpg\",\"width\":382,\"height\":388,\"caption\":\"sxpowercase.com\"},\"image\":{\"@id\":\"https:\/\/sxflightcase.com\/th\/#\/schema\/logo\/image\/\"},\"sameAs\":[\"https:\/\/www.facebook.com\/profile.php?id=61560407257971\"],\"numberOfEmployees\":{\"@type\":\"QuantitativeValue\",\"minValue\":\"11\",\"maxValue\":\"50\"}}]}<\/script>\n<!-- \/ Yoast SEO Premium plugin. -->","yoast_head_json":{"title":"Flight Case Corner Protector COA205 - https:\/\/sxflightcase.com \ud83d\udc97","description":"Protector de esquinas para flightcases, \u00a1directo de f\u00e1brica! Protecci\u00f3n de bordes duradera y de alta calidad para flightcases. Protege el equipo de los impactos durante el transporte, garantizando una fiabilidad duradera.","robots":{"index":"index","follow":"follow","max-snippet":"max-snippet:-1","max-image-preview":"max-image-preview:large","max-video-preview":"max-video-preview:-1"},"canonical":"https:\/\/sxflightcase.com\/es\/producto\/flight-case-protector-de-esquinas-coa205-2\/","og_locale":"es_MX","og_type":"article","og_title":"Flight Case Corner Protector COA205","og_description":"Flight case corner protector, factory direct! High-quality, durable edge protection for flight cases. Safeguards equipment from impact during transport, ensuring long-lasting reliability.","og_url":"https:\/\/sxflightcase.com\/es\/producto\/flight-case-protector-de-esquinas-coa205-2\/","og_site_name":"https:\/\/sxflightcase.com","article_publisher":"https:\/\/www.facebook.com\/profile.php?id=61560407257971","article_modified_time":"2024-08-16T07:43:20+00:00","og_image":[{"width":508,"height":508,"url":"https:\/\/sxflightcase.com\/wp-content\/uploads\/2024\/08\/COA205.jpg","type":"image\/jpeg"}],"twitter_card":"summary_large_image","twitter_misc":{"Tiempo de lectura":"3 minutos"},"schema":{"@context":"https:\/\/schema.org","@graph":[{"@type":"WebPage","@id":"https:\/\/sxflightcase.com\/product\/flight-case-corner-protector-coa205\/","url":"https:\/\/sxflightcase.com\/product\/flight-case-corner-protector-coa205\/","name":"Flight Case Corner Protector COA205 - https:\/\/sxflightcase.com \ud83d\udc97","isPartOf":{"@id":"https:\/\/sxflightcase.com\/th\/#website"},"primaryImageOfPage":{"@id":"https:\/\/sxflightcase.com\/product\/flight-case-corner-protector-coa205\/#primaryimage"},"image":{"@id":"https:\/\/sxflightcase.com\/product\/flight-case-corner-protector-coa205\/#primaryimage"},"thumbnailUrl":"https:\/\/sxflightcase.com\/wp-content\/uploads\/2024\/08\/COA205.jpg","datePublished":"2024-08-16T07:42:52+00:00","dateModified":"2024-08-16T07:43:20+00:00","description":"Protector de esquinas para flightcases, \u00a1directo de f\u00e1brica! Protecci\u00f3n de bordes duradera y de alta calidad para flightcases. Protege el equipo de los impactos durante el transporte, garantizando una fiabilidad duradera.","breadcrumb":{"@id":"https:\/\/sxflightcase.com\/product\/flight-case-corner-protector-coa205\/#breadcrumb"},"inLanguage":"es","potentialAction":[{"@type":"ReadAction","target":["https:\/\/sxflightcase.com\/product\/flight-case-corner-protector-coa205\/"]}]},{"@type":"ImageObject","inLanguage":"es","@id":"https:\/\/sxflightcase.com\/product\/flight-case-corner-protector-coa205\/#primaryimage","url":"https:\/\/sxflightcase.com\/wp-content\/uploads\/2024\/08\/COA205.jpg","contentUrl":"https:\/\/sxflightcase.com\/wp-content\/uploads\/2024\/08\/COA205.jpg","width":508,"height":508,"caption":"Flight Case Corner Protector"},{"@type":"BreadcrumbList","@id":"https:\/\/sxflightcase.com\/product\/flight-case-corner-protector-coa205\/#breadcrumb","itemListElement":[{"@type":"ListItem","position":1,"name":"Home","item":"https:\/\/sxflightcase.com\/"},{"@type":"ListItem","position":2,"name":"\u0e2a\u0e34\u0e19\u0e04\u0e49\u0e32","item":"https:\/\/sxflightcase.com\/th\/shop\/"},{"@type":"ListItem","position":3,"name":"Flight Case Corner Protector COA205"}]},{"@type":"WebSite","@id":"https:\/\/sxflightcase.com\/th\/#website","url":"https:\/\/sxflightcase.com\/th\/","name":"es.sxpowercase.com","description":"F\u00e1brica de flightcases","publisher":{"@id":"https:\/\/sxflightcase.com\/th\/#organization"},"potentialAction":[{"@type":"SearchAction","target":{"@type":"EntryPoint","urlTemplate":"https:\/\/sxflightcase.com\/th\/?s={search_term_string}"},"query-input":{"@type":"PropertyValueSpecification","valueRequired":true,"valueName":"search_term_string"}}],"inLanguage":"es"},{"@type":"Organization","@id":"https:\/\/sxflightcase.com\/th\/#organization","name":"es.sxpowercase.com","url":"https:\/\/sxflightcase.com\/th\/","logo":{"@type":"ImageObject","inLanguage":"es","@id":"https:\/\/sxflightcase.com\/th\/#\/schema\/logo\/image\/","url":"https:\/\/sxflightcase.com\/wp-content\/uploads\/2024\/04\/1713919036007.jpg","contentUrl":"https:\/\/sxflightcase.com\/wp-content\/uploads\/2024\/04\/1713919036007.jpg","width":382,"height":388,"caption":"sxpowercase.com"},"image":{"@id":"https:\/\/sxflightcase.com\/th\/#\/schema\/logo\/image\/"},"sameAs":["https:\/\/www.facebook.com\/profile.php?id=61560407257971"],"numberOfEmployees":{"@type":"QuantitativeValue","minValue":"11","maxValue":"50"}}]}},"_links":{"self":[{"href":"https:\/\/sxflightcase.com\/es\/wp-json\/wp\/v2\/product\/4137","targetHints":{"allow":["GET"]}}],"collection":[{"href":"https:\/\/sxflightcase.com\/es\/wp-json\/wp\/v2\/product"}],"about":[{"href":"https:\/\/sxflightcase.com\/es\/wp-json\/wp\/v2\/types\/product"}],"replies":[{"embeddable":true,"href":"https:\/\/sxflightcase.com\/es\/wp-json\/wp\/v2\/comments?post=4137"}],"version-history":[{"count":0,"href":"https:\/\/sxflightcase.com\/es\/wp-json\/wp\/v2\/product\/4137\/revisions"}],"wp:featuredmedia":[{"embeddable":true,"href":"https:\/\/sxflightcase.com\/es\/wp-json\/wp\/v2\/media\/4087"}],"wp:attachment":[{"href":"https:\/\/sxflightcase.com\/es\/wp-json\/wp\/v2\/media?parent=4137"}],"wp:term":[{"taxonomy":"product_brand","embeddable":true,"href":"https:\/\/sxflightcase.com\/es\/wp-json\/wp\/v2\/product_brand?post=4137"},{"taxonomy":"product_cat","embeddable":true,"href":"https:\/\/sxflightcase.com\/es\/wp-json\/wp\/v2\/product_cat?post=4137"},{"taxonomy":"product_tag","embeddable":true,"href":"https:\/\/sxflightcase.com\/es\/wp-json\/wp\/v2\/product_tag?post=4137"}],"curies":[{"name":"wp","href":"https:\/\/api.w.org\/{rel}","templated":true}]}}