{"id":4138,"date":"2024-08-16T08:45:16","date_gmt":"2024-08-16T07:45:16","guid":{"rendered":"https:\/\/sxpowercase.com\/?post_type=product&#038;p=4138"},"modified":"2024-08-16T08:45:17","modified_gmt":"2024-08-16T07:45:17","slug":"flight-case-corner-protector-coa301","status":"publish","type":"product","link":"https:\/\/sxflightcase.com\/es\/producto\/flight-case-protector-de-esquinas-coa301-2\/","title":{"rendered":"Protector de esquinas para estuche de vuelo COA301"},"content":{"rendered":"<h3>Protector de esquinas SX Flight Case: Protecci\u00f3n duradera y asequible<\/h3>\n<h4>Protecci\u00f3n de alta calidad para sus equipos<\/h4>\n<p>Cuando se trata de asegurar su equipo durante el transporte, SX <strong>Protector de esquinas para flightcases<\/strong>\u00a0son la elecci\u00f3n definitiva. Dise\u00f1ados para evitar abolladuras, ara\u00f1azos y da\u00f1os por impacto, estos protectores de esquinas ofrecen una s\u00f3lida protecci\u00f3n al tiempo que garantizan que su equipo permanezca intacto. Con SX, recibir\u00e1 un producto de primera calidad respaldado por una garant\u00eda de calidad y un precio directo de f\u00e1brica.<\/p>\n<h4>Dise\u00f1ado para entornos dif\u00edciles<\/h4>\n<p>Fabricado con materiales robustos y resistentes a los golpes, <a href=\"https:\/\/sxpowercase.com\/\" target=\"_blank\" rel=\"noopener\" title=\"SX\" data-wpil-monitor-id=\"672\">SX<\/a> <strong>Protectores de esquinas para flightcases<\/strong> est\u00e1n dise\u00f1ados para soportar condiciones duras. Tanto si transporta equipos de audio delicados como iluminaci\u00f3n de gran potencia, nuestros protectores de esquinas ofrecen un rendimiento fiable que resiste el uso repetido. Proteja su inversi\u00f3n con la calidad de primer nivel de SX manteniendo los costes bajos.<\/p>\n<h4>Compatibilidad sin fisuras<\/h4>\n<p>SX <strong>Protectores de esquinas para flightcases<\/strong> est\u00e1n dise\u00f1ados para integrarse sin problemas con varios modelos de fundas. Su dise\u00f1o universal garantiza que, sea cual sea el estilo o el tama\u00f1o de su funda, estos protectores encajar\u00e1n a la perfecci\u00f3n. No solo aumentan la longevidad de tus fundas, sino que tambi\u00e9n mejoran su aspecto, ofreciendo funcionalidad y estilo.<\/p>\n<h4>Adaptaci\u00f3n a sus necesidades<\/h4>\n<p>En SX somos conscientes de que cada aplicaci\u00f3n requiere una soluci\u00f3n diferente. Nuestra <strong>Protectores de esquinas para flightcases<\/strong> vienen con opciones personalizables, desde opciones de material hasta acabados de color. Esto le permite adaptar sus protectores a sus necesidades espec\u00edficas, garantizando una combinaci\u00f3n perfecta para su equipo y benefici\u00e1ndose al mismo tiempo de nuestros bajos precios de f\u00e1brica.<\/p>\n<h4>Fiabilidad probada<\/h4>\n<p>Todos los productos de SX pasan por estrictos procesos de control de calidad, y nuestro <strong>Protectores de esquinas para flightcases<\/strong> no son una excepci\u00f3n. Cada protector se somete a rigurosas pruebas de resistencia, durabilidad y rendimiento, lo que garantiza que recibir\u00e1 un producto que cumple los est\u00e1ndares profesionales. Con SX, puede estar tranquilo sabiendo que su equipo est\u00e1 en buenas manos.<\/p>\n<h4>Amplia confianza de los profesionales<\/h4>\n<p>SX es conocida en el sector por ofrecer soluciones fiables y rentables. Los profesionales de las giras, la producci\u00f3n y la gesti\u00f3n de eventos eligen SX <strong>Protectores de esquinas para flightcases<\/strong> para salvaguardar su valioso equipo. Nuestro empe\u00f1o en ofrecer productos duraderos y asequibles nos ha convertido en la opci\u00f3n preferida del mercado.<\/p>\n<h4>Excelencia asequible<\/h4>\n<p>No tiene por qu\u00e9 renunciar a la calidad ni gastarse una fortuna para obtener una protecci\u00f3n fiable. El modelo directo al consumidor de SX le garantiza una alta calidad. <strong>Protectores de esquinas para flightcases<\/strong> a precios imbatibles. P\u00f3ngase en contacto con SX hoy mismo y descubra c\u00f3mo nuestras soluciones pueden ofrecer una protecci\u00f3n superior para su equipo por una fracci\u00f3n del coste.<\/p>\n<p>Cont\u00e1ctenos ahora:<span style=\"color: #0000ff;\"><a style=\"color: #0000ff;\" href=\"https:\/\/sxpowercase.com\/contact-us\/\">https:\/\/sxpowercase.com\/<\/a><\/span><\/p>\n<p>Cat\u00e1logo de productos de hardware:<span style=\"color: #3366ff;\"><a style=\"color: #3366ff;\" href=\"https:\/\/sxpowercase.com\/wp-content\/uploads\/2024\/07\/\u4e94\u91d1.pdf\">Cat\u00e1logo de accesorios de ferreter\u00eda<\/a><\/span><\/p>","protected":false},"excerpt":{"rendered":"<h3>Protectores de esquinas SX Flight Case: Protecci\u00f3n fiable del equipo<\/h3>\n<p>Proteja su equipo con los protectores de esquinas Flight Case de SX. Dise\u00f1ados para absorber golpes y evitar da\u00f1os, ofrecen una protecci\u00f3n de primera a precios directos de f\u00e1brica, garantizando que tu equipo se mantenga seguro durante el transporte.<\/p>\n<h3>Duradero y f\u00e1cil de instalar<\/h3>\n<p>Fabricados con materiales de alta calidad, los protectores de esquinas SX est\u00e1n dise\u00f1ados para un uso duradero. Su dise\u00f1o universal facilita su integraci\u00f3n con cualquier flight case, proporcionando una protecci\u00f3n robusta y un aspecto elegante.<\/p>\n<h3>Opciones personalizables para sus necesidades<\/h3>\n<p>SX ofrece cantoneras personalizables para flightcases en varios tama\u00f1os y acabados. Obtenga soluciones a medida que satisfagan sus requisitos espec\u00edficos sin comprometer la asequibilidad, en las que conf\u00edan profesionales de todo el mundo.<\/p>","protected":false},"featured_media":4088,"comment_status":"open","ping_status":"closed","template":"","meta":[],"product_brand":[],"product_cat":[63],"product_tag":[],"class_list":{"0":"post-4138","1":"product","2":"type-product","3":"status-publish","4":"has-post-thumbnail","6":"product_cat-corners","8":"first","9":"instock","10":"shipping-taxable","11":"product-type-simple"},"yoast_head":"<!-- This site is optimized with the Yoast SEO Premium plugin v27.1 (Yoast SEO v27.2) - https:\/\/yoast.com\/product\/yoast-seo-premium-wordpress\/ -->\n<title>Flight Case Corner Protector COA301 - https:\/\/sxflightcase.com \ud83d\udc97<\/title>\n<meta name=\"description\" content=\"Flight case corner protector, factory direct! High-quality, durable edge protection for flight cases. Safeguards equipment from impact during transport, ensuring long-lasting reliability.\" \/>\n<meta name=\"robots\" content=\"index, follow, max-snippet:-1, max-image-preview:large, max-video-preview:-1\" \/>\n<link rel=\"canonical\" href=\"https:\/\/sxflightcase.com\/es\/producto\/flight-case-protector-de-esquinas-coa301-2\/\" \/>\n<meta property=\"og:locale\" content=\"es_MX\" \/>\n<meta property=\"og:type\" content=\"article\" \/>\n<meta property=\"og:title\" content=\"Flight Case Corner Protector COA301\" \/>\n<meta property=\"og:description\" content=\"Flight case corner protector, factory direct! High-quality, durable edge protection for flight cases. Safeguards equipment from impact during transport, ensuring long-lasting reliability.\" \/>\n<meta property=\"og:url\" content=\"https:\/\/sxflightcase.com\/es\/producto\/flight-case-protector-de-esquinas-coa301-2\/\" \/>\n<meta property=\"og:site_name\" content=\"https:\/\/sxflightcase.com\" \/>\n<meta property=\"article:publisher\" content=\"https:\/\/www.facebook.com\/profile.php?id=61560407257971\" \/>\n<meta property=\"article:modified_time\" content=\"2024-08-16T07:45:17+00:00\" \/>\n<meta property=\"og:image\" content=\"https:\/\/sxflightcase.com\/wp-content\/uploads\/2024\/08\/COA301.jpg\" \/>\n\t<meta property=\"og:image:width\" content=\"253\" \/>\n\t<meta property=\"og:image:height\" content=\"235\" \/>\n\t<meta property=\"og:image:type\" content=\"image\/jpeg\" \/>\n<meta name=\"twitter:card\" content=\"summary_large_image\" \/>\n<meta name=\"twitter:label1\" content=\"Tiempo de lectura\" \/>\n\t<meta name=\"twitter:data1\" content=\"3 minutos\" \/>\n<script type=\"application\/ld+json\" class=\"yoast-schema-graph\">{\"@context\":\"https:\/\/schema.org\",\"@graph\":[{\"@type\":\"WebPage\",\"@id\":\"https:\/\/sxflightcase.com\/product\/flight-case-corner-protector-coa301\/\",\"url\":\"https:\/\/sxflightcase.com\/product\/flight-case-corner-protector-coa301\/\",\"name\":\"Flight Case Corner Protector COA301 - https:\/\/sxflightcase.com \ud83d\udc97\",\"isPartOf\":{\"@id\":\"https:\/\/sxflightcase.com\/th\/#website\"},\"primaryImageOfPage\":{\"@id\":\"https:\/\/sxflightcase.com\/product\/flight-case-corner-protector-coa301\/#primaryimage\"},\"image\":{\"@id\":\"https:\/\/sxflightcase.com\/product\/flight-case-corner-protector-coa301\/#primaryimage\"},\"thumbnailUrl\":\"https:\/\/sxflightcase.com\/wp-content\/uploads\/2024\/08\/COA301.jpg\",\"datePublished\":\"2024-08-16T07:45:16+00:00\",\"dateModified\":\"2024-08-16T07:45:17+00:00\",\"description\":\"Flight case corner protector, factory direct! High-quality, durable edge protection for flight cases. Safeguards equipment from impact during transport, ensuring long-lasting reliability.\",\"breadcrumb\":{\"@id\":\"https:\/\/sxflightcase.com\/product\/flight-case-corner-protector-coa301\/#breadcrumb\"},\"inLanguage\":\"es\",\"potentialAction\":[{\"@type\":\"ReadAction\",\"target\":[\"https:\/\/sxflightcase.com\/product\/flight-case-corner-protector-coa301\/\"]}]},{\"@type\":\"ImageObject\",\"inLanguage\":\"es\",\"@id\":\"https:\/\/sxflightcase.com\/product\/flight-case-corner-protector-coa301\/#primaryimage\",\"url\":\"https:\/\/sxflightcase.com\/wp-content\/uploads\/2024\/08\/COA301.jpg\",\"contentUrl\":\"https:\/\/sxflightcase.com\/wp-content\/uploads\/2024\/08\/COA301.jpg\",\"width\":253,\"height\":235,\"caption\":\"Flight Case Corner Protector\"},{\"@type\":\"BreadcrumbList\",\"@id\":\"https:\/\/sxflightcase.com\/product\/flight-case-corner-protector-coa301\/#breadcrumb\",\"itemListElement\":[{\"@type\":\"ListItem\",\"position\":1,\"name\":\"Home\",\"item\":\"https:\/\/sxflightcase.com\/\"},{\"@type\":\"ListItem\",\"position\":2,\"name\":\"\u0e2a\u0e34\u0e19\u0e04\u0e49\u0e32\",\"item\":\"https:\/\/sxflightcase.com\/th\/shop\/\"},{\"@type\":\"ListItem\",\"position\":3,\"name\":\"Flight Case Corner Protector COA301\"}]},{\"@type\":\"WebSite\",\"@id\":\"https:\/\/sxflightcase.com\/th\/#website\",\"url\":\"https:\/\/sxflightcase.com\/th\/\",\"name\":\"sxpowercase.com\",\"description\":\"Flight Case Factory\",\"publisher\":{\"@id\":\"https:\/\/sxflightcase.com\/th\/#organization\"},\"potentialAction\":[{\"@type\":\"SearchAction\",\"target\":{\"@type\":\"EntryPoint\",\"urlTemplate\":\"https:\/\/sxflightcase.com\/th\/?s={search_term_string}\"},\"query-input\":{\"@type\":\"PropertyValueSpecification\",\"valueRequired\":true,\"valueName\":\"search_term_string\"}}],\"inLanguage\":\"es\"},{\"@type\":\"Organization\",\"@id\":\"https:\/\/sxflightcase.com\/th\/#organization\",\"name\":\"sxpowercase.com\",\"url\":\"https:\/\/sxflightcase.com\/th\/\",\"logo\":{\"@type\":\"ImageObject\",\"inLanguage\":\"es\",\"@id\":\"https:\/\/sxflightcase.com\/th\/#\/schema\/logo\/image\/\",\"url\":\"https:\/\/sxflightcase.com\/wp-content\/uploads\/2024\/04\/1713919036007.jpg\",\"contentUrl\":\"https:\/\/sxflightcase.com\/wp-content\/uploads\/2024\/04\/1713919036007.jpg\",\"width\":382,\"height\":388,\"caption\":\"sxpowercase.com\"},\"image\":{\"@id\":\"https:\/\/sxflightcase.com\/th\/#\/schema\/logo\/image\/\"},\"sameAs\":[\"https:\/\/www.facebook.com\/profile.php?id=61560407257971\"],\"numberOfEmployees\":{\"@type\":\"QuantitativeValue\",\"minValue\":\"11\",\"maxValue\":\"50\"}}]}<\/script>\n<!-- \/ Yoast SEO Premium plugin. -->","yoast_head_json":{"title":"Flight Case Corner Protector COA301 - https:\/\/sxflightcase.com \ud83d\udc97","description":"Protector de esquinas para flightcases, \u00a1directo de f\u00e1brica! Protecci\u00f3n de bordes duradera y de alta calidad para flightcases. Protege el equipo de los impactos durante el transporte, garantizando una fiabilidad duradera.","robots":{"index":"index","follow":"follow","max-snippet":"max-snippet:-1","max-image-preview":"max-image-preview:large","max-video-preview":"max-video-preview:-1"},"canonical":"https:\/\/sxflightcase.com\/es\/producto\/flight-case-protector-de-esquinas-coa301-2\/","og_locale":"es_MX","og_type":"article","og_title":"Flight Case Corner Protector COA301","og_description":"Flight case corner protector, factory direct! High-quality, durable edge protection for flight cases. Safeguards equipment from impact during transport, ensuring long-lasting reliability.","og_url":"https:\/\/sxflightcase.com\/es\/producto\/flight-case-protector-de-esquinas-coa301-2\/","og_site_name":"https:\/\/sxflightcase.com","article_publisher":"https:\/\/www.facebook.com\/profile.php?id=61560407257971","article_modified_time":"2024-08-16T07:45:17+00:00","og_image":[{"width":253,"height":235,"url":"https:\/\/sxflightcase.com\/wp-content\/uploads\/2024\/08\/COA301.jpg","type":"image\/jpeg"}],"twitter_card":"summary_large_image","twitter_misc":{"Tiempo de lectura":"3 minutos"},"schema":{"@context":"https:\/\/schema.org","@graph":[{"@type":"WebPage","@id":"https:\/\/sxflightcase.com\/product\/flight-case-corner-protector-coa301\/","url":"https:\/\/sxflightcase.com\/product\/flight-case-corner-protector-coa301\/","name":"Flight Case Corner Protector COA301 - https:\/\/sxflightcase.com \ud83d\udc97","isPartOf":{"@id":"https:\/\/sxflightcase.com\/th\/#website"},"primaryImageOfPage":{"@id":"https:\/\/sxflightcase.com\/product\/flight-case-corner-protector-coa301\/#primaryimage"},"image":{"@id":"https:\/\/sxflightcase.com\/product\/flight-case-corner-protector-coa301\/#primaryimage"},"thumbnailUrl":"https:\/\/sxflightcase.com\/wp-content\/uploads\/2024\/08\/COA301.jpg","datePublished":"2024-08-16T07:45:16+00:00","dateModified":"2024-08-16T07:45:17+00:00","description":"Protector de esquinas para flightcases, \u00a1directo de f\u00e1brica! Protecci\u00f3n de bordes duradera y de alta calidad para flightcases. Protege el equipo de los impactos durante el transporte, garantizando una fiabilidad duradera.","breadcrumb":{"@id":"https:\/\/sxflightcase.com\/product\/flight-case-corner-protector-coa301\/#breadcrumb"},"inLanguage":"es","potentialAction":[{"@type":"ReadAction","target":["https:\/\/sxflightcase.com\/product\/flight-case-corner-protector-coa301\/"]}]},{"@type":"ImageObject","inLanguage":"es","@id":"https:\/\/sxflightcase.com\/product\/flight-case-corner-protector-coa301\/#primaryimage","url":"https:\/\/sxflightcase.com\/wp-content\/uploads\/2024\/08\/COA301.jpg","contentUrl":"https:\/\/sxflightcase.com\/wp-content\/uploads\/2024\/08\/COA301.jpg","width":253,"height":235,"caption":"Flight Case Corner Protector"},{"@type":"BreadcrumbList","@id":"https:\/\/sxflightcase.com\/product\/flight-case-corner-protector-coa301\/#breadcrumb","itemListElement":[{"@type":"ListItem","position":1,"name":"Home","item":"https:\/\/sxflightcase.com\/"},{"@type":"ListItem","position":2,"name":"\u0e2a\u0e34\u0e19\u0e04\u0e49\u0e32","item":"https:\/\/sxflightcase.com\/th\/shop\/"},{"@type":"ListItem","position":3,"name":"Flight Case Corner Protector COA301"}]},{"@type":"WebSite","@id":"https:\/\/sxflightcase.com\/th\/#website","url":"https:\/\/sxflightcase.com\/th\/","name":"es.sxpowercase.com","description":"F\u00e1brica de flightcases","publisher":{"@id":"https:\/\/sxflightcase.com\/th\/#organization"},"potentialAction":[{"@type":"SearchAction","target":{"@type":"EntryPoint","urlTemplate":"https:\/\/sxflightcase.com\/th\/?s={search_term_string}"},"query-input":{"@type":"PropertyValueSpecification","valueRequired":true,"valueName":"search_term_string"}}],"inLanguage":"es"},{"@type":"Organization","@id":"https:\/\/sxflightcase.com\/th\/#organization","name":"es.sxpowercase.com","url":"https:\/\/sxflightcase.com\/th\/","logo":{"@type":"ImageObject","inLanguage":"es","@id":"https:\/\/sxflightcase.com\/th\/#\/schema\/logo\/image\/","url":"https:\/\/sxflightcase.com\/wp-content\/uploads\/2024\/04\/1713919036007.jpg","contentUrl":"https:\/\/sxflightcase.com\/wp-content\/uploads\/2024\/04\/1713919036007.jpg","width":382,"height":388,"caption":"sxpowercase.com"},"image":{"@id":"https:\/\/sxflightcase.com\/th\/#\/schema\/logo\/image\/"},"sameAs":["https:\/\/www.facebook.com\/profile.php?id=61560407257971"],"numberOfEmployees":{"@type":"QuantitativeValue","minValue":"11","maxValue":"50"}}]}},"_links":{"self":[{"href":"https:\/\/sxflightcase.com\/es\/wp-json\/wp\/v2\/product\/4138","targetHints":{"allow":["GET"]}}],"collection":[{"href":"https:\/\/sxflightcase.com\/es\/wp-json\/wp\/v2\/product"}],"about":[{"href":"https:\/\/sxflightcase.com\/es\/wp-json\/wp\/v2\/types\/product"}],"replies":[{"embeddable":true,"href":"https:\/\/sxflightcase.com\/es\/wp-json\/wp\/v2\/comments?post=4138"}],"version-history":[{"count":0,"href":"https:\/\/sxflightcase.com\/es\/wp-json\/wp\/v2\/product\/4138\/revisions"}],"wp:featuredmedia":[{"embeddable":true,"href":"https:\/\/sxflightcase.com\/es\/wp-json\/wp\/v2\/media\/4088"}],"wp:attachment":[{"href":"https:\/\/sxflightcase.com\/es\/wp-json\/wp\/v2\/media?parent=4138"}],"wp:term":[{"taxonomy":"product_brand","embeddable":true,"href":"https:\/\/sxflightcase.com\/es\/wp-json\/wp\/v2\/product_brand?post=4138"},{"taxonomy":"product_cat","embeddable":true,"href":"https:\/\/sxflightcase.com\/es\/wp-json\/wp\/v2\/product_cat?post=4138"},{"taxonomy":"product_tag","embeddable":true,"href":"https:\/\/sxflightcase.com\/es\/wp-json\/wp\/v2\/product_tag?post=4138"}],"curies":[{"name":"wp","href":"https:\/\/api.w.org\/{rel}","templated":true}]}}