{"id":4144,"date":"2024-08-20T07:44:04","date_gmt":"2024-08-20T06:44:04","guid":{"rendered":"https:\/\/sxpowercase.com\/?post_type=product&#038;p=4144"},"modified":"2024-08-20T07:44:05","modified_gmt":"2024-08-20T06:44:05","slug":"road-case-corner-cob401","status":"publish","type":"product","link":"https:\/\/sxflightcase.com\/es\/producto\/road-case-corner-cob401-2\/","title":{"rendered":"Estuche de viaje en esquina COB401"},"content":{"rendered":"<h3>SX Road Case Corner: Protecci\u00f3n esencial para su equipo<\/h3>\n<h4>Protecci\u00f3n robusta para su valioso equipo<\/h4>\n<p>Cuando se trata de salvaguardar su equipo durante el transporte, el <strong>SX <span style=\"color: #3366ff;\"><a style=\"color: #3366ff;\" href=\"https:\/\/sxpowercase.com\/product\/road-case-corner-coa302\/\">Road Case Corner<\/a><\/span><\/strong> es su soluci\u00f3n. Estas resistentes cantoneras est\u00e1n dise\u00f1adas para absorber los impactos y evitar da\u00f1os en la maleta y en el valioso contenido de su interior. Ya sea de viaje o en el almac\u00e9n, garantizan la seguridad de su equipo.<\/p>\n<h4>Construcci\u00f3n duradera para entornos dif\u00edciles<\/h4>\n<p><a href=\"https:\/\/sxpowercase.com\/\" target=\"_blank\" rel=\"noopener\" title=\"SX\" data-wpil-monitor-id=\"674\">SX<\/a> entiende las exigencias del uso profesional, por lo que nuestra <strong>Road Case Esquinas<\/strong> est\u00e1n fabricados con materiales resistentes y duraderos. Est\u00e1n fabricados para soportar una manipulaci\u00f3n repetida, un transporte duro y entornos dif\u00edciles. Nuestro precio directo de f\u00e1brica significa que obtendr\u00e1 alta calidad a un precio asequible, lo que convierte a SX en la elecci\u00f3n inteligente para componentes de cajas fiables.<\/p>\n<h4>F\u00e1cil instalaci\u00f3n y compatibilidad perfecta<\/h4>\n<p>Nuestro <strong>Road Case Esquinas<\/strong> est\u00e1n dise\u00f1ados con precisi\u00f3n para adaptarse a la mayor\u00eda de maletas de carretera est\u00e1ndar. Con una instalaci\u00f3n sencilla, mejoran tanto la protecci\u00f3n como la apariencia. SX se centra en la entrega de productos que ofrecen un ajuste perfecto, una protecci\u00f3n superior y un valor excepcional.<\/p>\n<h4>Personalizaci\u00f3n para necesidades espec\u00edficas<\/h4>\n<p>Cada proyecto requiere una soluci\u00f3n diferente. Por eso SX ofrece opciones personalizables para nuestros <strong>Road Case Esquinas<\/strong>. Elija el tama\u00f1o, el material y el acabado que mejor se adapten a sus necesidades de carcasa y protecci\u00f3n, mientras disfruta de las ventajas del ahorro directo de f\u00e1brica y de la garant\u00eda de calidad.<\/p>\n<h4>Rendimiento fiable en todos los sectores<\/h4>\n<p>Los profesionales del espect\u00e1culo, la producci\u00f3n y la organizaci\u00f3n de eventos conf\u00edan en SX por la calidad en la que pueden confiar. Nuestra <strong>Road Case Esquinas<\/strong> son la opci\u00f3n preferida por su s\u00f3lida protecci\u00f3n y su precio econ\u00f3mico. Con SX, obtendr\u00e1 componentes fabricados para durar, dise\u00f1ados para su uso en el mundo real y disponibles a precios inmejorables.<\/p>\n<h4>Excelencia asequible con precios de f\u00e1brica<\/h4>\n<p>En SX combinamos calidad y rentabilidad. Nuestra <strong>Road Case Esquinas<\/strong> est\u00e1n disponibles a precios directos del fabricante, lo que le ofrece una excelente relaci\u00f3n calidad-precio. Le facilitamos la tarea de equipar sus maletas con componentes duraderos y protectores sin forzar su presupuesto.<\/p>\n<h4>Calidad superior a precios competitivos<\/h4>\n<p>Elegir SX significa optar por productos que equilibren calidad, durabilidad y asequibilidad. Nuestro <strong>Road Case Esquinas<\/strong> est\u00e1n dise\u00f1adas para satisfacer las necesidades de los profesionales que requieren tanto rendimiento como valor. P\u00f3ngase en contacto con SX hoy mismo para obtener m\u00e1s informaci\u00f3n sobre c\u00f3mo nuestras soluciones de protecci\u00f3n pueden satisfacer sus necesidades de protecci\u00f3n en carretera.<\/p>\n<p>Cont\u00e1ctenos ahora:<span style=\"color: #0000ff;\"><a style=\"color: #0000ff;\" href=\"https:\/\/sxpowercase.com\/contact-us\/\">https:\/\/sxpowercase.com\/<\/a><\/span><\/p>\n<p>Cat\u00e1logo de productos de hardware:<span style=\"color: #3366ff;\"><a style=\"color: #3366ff;\" href=\"https:\/\/sxpowercase.com\/wp-content\/uploads\/2024\/07\/\u4e94\u91d1.pdf\">Cat\u00e1logo de accesorios de ferreter\u00eda<\/a><\/span><\/p>","protected":false},"excerpt":{"rendered":"<h3>SX Road Case Corners: Lo \u00faltimo en protecci\u00f3n para su equipo<\/h3>\n<p>Garantice la seguridad de su equipo con las cantoneras para maletas SX Road. Dise\u00f1adas para resistir impactos, estas cantoneras ofrecen una durabilidad de primer nivel a precios directos de f\u00e1brica, lo que las hace perfectas para uso profesional.<\/p>\n<h3>Construcci\u00f3n resistente para un rendimiento duradero<\/h3>\n<p>Las cantoneras para maletas de carretera SX est\u00e1n fabricadas con materiales resistentes para soportar las condiciones m\u00e1s duras. Ya sea para giras o eventos, conf\u00eda en SX para una protecci\u00f3n fiable que no rompa el banco.<\/p>\n<h3>Opciones personalizables para un ajuste perfecto<\/h3>\n<p>Adapte sus cantoneras SX Road Case con tama\u00f1os y materiales personalizables. Consigue la protecci\u00f3n exacta que necesitas combinando calidad y asequibilidad.<\/p>","protected":false},"featured_media":4090,"comment_status":"open","ping_status":"closed","template":"","meta":[],"product_brand":[],"product_cat":[63],"product_tag":[],"class_list":{"0":"post-4144","1":"product","2":"type-product","3":"status-publish","4":"has-post-thumbnail","6":"product_cat-corners","8":"first","9":"instock","10":"shipping-taxable","11":"product-type-simple"},"yoast_head":"<!-- This site is optimized with the Yoast SEO Premium plugin v27.1 (Yoast SEO v27.2) - https:\/\/yoast.com\/product\/yoast-seo-premium-wordpress\/ -->\n<title>Road Case Corner COB401 - https:\/\/sxflightcase.com \ud83d\udc97<\/title>\n<meta name=\"description\" content=\"Road case corner, factory direct! Durable, high-quality protection for case edges. Prevents damage during transport, ensuring long-lasting reliability for your equipment. Ideal for heavy-duty use.\" \/>\n<meta name=\"robots\" content=\"index, follow, max-snippet:-1, max-image-preview:large, max-video-preview:-1\" \/>\n<link rel=\"canonical\" href=\"https:\/\/sxflightcase.com\/es\/\u88fd\u54c1\/\u30ed\u30fc\u30c9\u30b1\u30fc\u30b9\u30b3\u30fc\u30ca\u30fc-cob401-2\/\" \/>\n<meta property=\"og:locale\" content=\"es_MX\" \/>\n<meta property=\"og:type\" content=\"article\" \/>\n<meta property=\"og:title\" content=\"Road Case Corner COB401\" \/>\n<meta property=\"og:description\" content=\"Road case corner, factory direct! Durable, high-quality protection for case edges. Prevents damage during transport, ensuring long-lasting reliability for your equipment. Ideal for heavy-duty use.\" \/>\n<meta property=\"og:url\" content=\"https:\/\/sxflightcase.com\/es\/\u88fd\u54c1\/\u30ed\u30fc\u30c9\u30b1\u30fc\u30b9\u30b3\u30fc\u30ca\u30fc-cob401-2\/\" \/>\n<meta property=\"og:site_name\" content=\"https:\/\/sxflightcase.com\" \/>\n<meta property=\"article:publisher\" content=\"https:\/\/www.facebook.com\/profile.php?id=61560407257971\" \/>\n<meta property=\"article:modified_time\" content=\"2024-08-20T06:44:05+00:00\" \/>\n<meta property=\"og:image\" content=\"https:\/\/sxflightcase.com\/wp-content\/uploads\/2024\/08\/COB401.jpg\" \/>\n\t<meta property=\"og:image:width\" content=\"700\" \/>\n\t<meta property=\"og:image:height\" content=\"700\" \/>\n\t<meta property=\"og:image:type\" content=\"image\/jpeg\" \/>\n<meta name=\"twitter:card\" content=\"summary_large_image\" \/>\n<meta name=\"twitter:label1\" content=\"Tiempo de lectura\" \/>\n\t<meta name=\"twitter:data1\" content=\"3 minutos\" \/>\n<script type=\"application\/ld+json\" class=\"yoast-schema-graph\">{\"@context\":\"https:\/\/schema.org\",\"@graph\":[{\"@type\":\"WebPage\",\"@id\":\"https:\/\/sxflightcase.com\/ja\/\u88fd\u54c1\/\u30ed\u30fc\u30c9\u30b1\u30fc\u30b9\u30b3\u30fc\u30ca\u30fc-cob401-2\/\",\"url\":\"https:\/\/sxflightcase.com\/ja\/\u88fd\u54c1\/\u30ed\u30fc\u30c9\u30b1\u30fc\u30b9\u30b3\u30fc\u30ca\u30fc-cob401-2\/\",\"name\":\"Road Case Corner COB401 - https:\/\/sxflightcase.com \ud83d\udc97\",\"isPartOf\":{\"@id\":\"https:\/\/sxflightcase.com\/th\/#website\"},\"primaryImageOfPage\":{\"@id\":\"https:\/\/sxflightcase.com\/ja\/\u88fd\u54c1\/\u30ed\u30fc\u30c9\u30b1\u30fc\u30b9\u30b3\u30fc\u30ca\u30fc-cob401-2\/#primaryimage\"},\"image\":{\"@id\":\"https:\/\/sxflightcase.com\/ja\/\u88fd\u54c1\/\u30ed\u30fc\u30c9\u30b1\u30fc\u30b9\u30b3\u30fc\u30ca\u30fc-cob401-2\/#primaryimage\"},\"thumbnailUrl\":\"https:\/\/sxflightcase.com\/wp-content\/uploads\/2024\/08\/COB401.jpg\",\"datePublished\":\"2024-08-20T06:44:04+00:00\",\"dateModified\":\"2024-08-20T06:44:05+00:00\",\"description\":\"Road case corner, factory direct! Durable, high-quality protection for case edges. Prevents damage during transport, ensuring long-lasting reliability for your equipment. Ideal for heavy-duty use.\",\"breadcrumb\":{\"@id\":\"https:\/\/sxflightcase.com\/ja\/\u88fd\u54c1\/\u30ed\u30fc\u30c9\u30b1\u30fc\u30b9\u30b3\u30fc\u30ca\u30fc-cob401-2\/#breadcrumb\"},\"inLanguage\":\"es\",\"potentialAction\":[{\"@type\":\"ReadAction\",\"target\":[\"https:\/\/sxflightcase.com\/ja\/\u88fd\u54c1\/\u30ed\u30fc\u30c9\u30b1\u30fc\u30b9\u30b3\u30fc\u30ca\u30fc-cob401-2\/\"]}]},{\"@type\":\"ImageObject\",\"inLanguage\":\"es\",\"@id\":\"https:\/\/sxflightcase.com\/ja\/\u88fd\u54c1\/\u30ed\u30fc\u30c9\u30b1\u30fc\u30b9\u30b3\u30fc\u30ca\u30fc-cob401-2\/#primaryimage\",\"url\":\"https:\/\/sxflightcase.com\/wp-content\/uploads\/2024\/08\/COB401.jpg\",\"contentUrl\":\"https:\/\/sxflightcase.com\/wp-content\/uploads\/2024\/08\/COB401.jpg\",\"width\":700,\"height\":700,\"caption\":\"Road Case Corner\"},{\"@type\":\"BreadcrumbList\",\"@id\":\"https:\/\/sxflightcase.com\/ja\/\u88fd\u54c1\/\u30ed\u30fc\u30c9\u30b1\u30fc\u30b9\u30b3\u30fc\u30ca\u30fc-cob401-2\/#breadcrumb\",\"itemListElement\":[{\"@type\":\"ListItem\",\"position\":1,\"name\":\"Home\",\"item\":\"https:\/\/sxflightcase.com\/\"},{\"@type\":\"ListItem\",\"position\":2,\"name\":\"\u0e2a\u0e34\u0e19\u0e04\u0e49\u0e32\",\"item\":\"https:\/\/sxflightcase.com\/th\/shop\/\"},{\"@type\":\"ListItem\",\"position\":3,\"name\":\"Road Case Corner COB401\"}]},{\"@type\":\"WebSite\",\"@id\":\"https:\/\/sxflightcase.com\/th\/#website\",\"url\":\"https:\/\/sxflightcase.com\/th\/\",\"name\":\"sxpowercase.com\",\"description\":\"Flight Case Factory\",\"publisher\":{\"@id\":\"https:\/\/sxflightcase.com\/th\/#organization\"},\"potentialAction\":[{\"@type\":\"SearchAction\",\"target\":{\"@type\":\"EntryPoint\",\"urlTemplate\":\"https:\/\/sxflightcase.com\/th\/?s={search_term_string}\"},\"query-input\":{\"@type\":\"PropertyValueSpecification\",\"valueRequired\":true,\"valueName\":\"search_term_string\"}}],\"inLanguage\":\"es\"},{\"@type\":\"Organization\",\"@id\":\"https:\/\/sxflightcase.com\/th\/#organization\",\"name\":\"sxpowercase.com\",\"url\":\"https:\/\/sxflightcase.com\/th\/\",\"logo\":{\"@type\":\"ImageObject\",\"inLanguage\":\"es\",\"@id\":\"https:\/\/sxflightcase.com\/th\/#\/schema\/logo\/image\/\",\"url\":\"https:\/\/sxflightcase.com\/wp-content\/uploads\/2024\/04\/1713919036007.jpg\",\"contentUrl\":\"https:\/\/sxflightcase.com\/wp-content\/uploads\/2024\/04\/1713919036007.jpg\",\"width\":382,\"height\":388,\"caption\":\"sxpowercase.com\"},\"image\":{\"@id\":\"https:\/\/sxflightcase.com\/th\/#\/schema\/logo\/image\/\"},\"sameAs\":[\"https:\/\/www.facebook.com\/profile.php?id=61560407257971\"],\"numberOfEmployees\":{\"@type\":\"QuantitativeValue\",\"minValue\":\"11\",\"maxValue\":\"50\"}}]}<\/script>\n<!-- \/ Yoast SEO Premium plugin. -->","yoast_head_json":{"title":"Road Case Corner COB401 - https:\/\/sxflightcase.com \ud83d\udc97","description":"Esquina de funda de carretera, \u00a1directa de f\u00e1brica! Protecci\u00f3n duradera y de alta calidad para los bordes de la maleta. Evita da\u00f1os durante el transporte, garantizando una fiabilidad duradera para su equipo. Ideal para uso intensivo.","robots":{"index":"index","follow":"follow","max-snippet":"max-snippet:-1","max-image-preview":"max-image-preview:large","max-video-preview":"max-video-preview:-1"},"canonical":"https:\/\/sxflightcase.com\/es\/\u88fd\u54c1\/\u30ed\u30fc\u30c9\u30b1\u30fc\u30b9\u30b3\u30fc\u30ca\u30fc-cob401-2\/","og_locale":"es_MX","og_type":"article","og_title":"Road Case Corner COB401","og_description":"Road case corner, factory direct! Durable, high-quality protection for case edges. Prevents damage during transport, ensuring long-lasting reliability for your equipment. Ideal for heavy-duty use.","og_url":"https:\/\/sxflightcase.com\/es\/\u88fd\u54c1\/\u30ed\u30fc\u30c9\u30b1\u30fc\u30b9\u30b3\u30fc\u30ca\u30fc-cob401-2\/","og_site_name":"https:\/\/sxflightcase.com","article_publisher":"https:\/\/www.facebook.com\/profile.php?id=61560407257971","article_modified_time":"2024-08-20T06:44:05+00:00","og_image":[{"width":700,"height":700,"url":"https:\/\/sxflightcase.com\/wp-content\/uploads\/2024\/08\/COB401.jpg","type":"image\/jpeg"}],"twitter_card":"summary_large_image","twitter_misc":{"Tiempo de lectura":"3 minutos"},"schema":{"@context":"https:\/\/schema.org","@graph":[{"@type":"WebPage","@id":"https:\/\/sxflightcase.com\/ja\/\u88fd\u54c1\/\u30ed\u30fc\u30c9\u30b1\u30fc\u30b9\u30b3\u30fc\u30ca\u30fc-cob401-2\/","url":"https:\/\/sxflightcase.com\/ja\/\u88fd\u54c1\/\u30ed\u30fc\u30c9\u30b1\u30fc\u30b9\u30b3\u30fc\u30ca\u30fc-cob401-2\/","name":"Road Case Corner COB401 - https:\/\/sxflightcase.com \ud83d\udc97","isPartOf":{"@id":"https:\/\/sxflightcase.com\/th\/#website"},"primaryImageOfPage":{"@id":"https:\/\/sxflightcase.com\/ja\/\u88fd\u54c1\/\u30ed\u30fc\u30c9\u30b1\u30fc\u30b9\u30b3\u30fc\u30ca\u30fc-cob401-2\/#primaryimage"},"image":{"@id":"https:\/\/sxflightcase.com\/ja\/\u88fd\u54c1\/\u30ed\u30fc\u30c9\u30b1\u30fc\u30b9\u30b3\u30fc\u30ca\u30fc-cob401-2\/#primaryimage"},"thumbnailUrl":"https:\/\/sxflightcase.com\/wp-content\/uploads\/2024\/08\/COB401.jpg","datePublished":"2024-08-20T06:44:04+00:00","dateModified":"2024-08-20T06:44:05+00:00","description":"Esquina de funda de carretera, \u00a1directa de f\u00e1brica! Protecci\u00f3n duradera y de alta calidad para los bordes de la maleta. Evita da\u00f1os durante el transporte, garantizando una fiabilidad duradera para su equipo. Ideal para uso intensivo.","breadcrumb":{"@id":"https:\/\/sxflightcase.com\/ja\/\u88fd\u54c1\/\u30ed\u30fc\u30c9\u30b1\u30fc\u30b9\u30b3\u30fc\u30ca\u30fc-cob401-2\/#breadcrumb"},"inLanguage":"es","potentialAction":[{"@type":"ReadAction","target":["https:\/\/sxflightcase.com\/ja\/\u88fd\u54c1\/\u30ed\u30fc\u30c9\u30b1\u30fc\u30b9\u30b3\u30fc\u30ca\u30fc-cob401-2\/"]}]},{"@type":"ImageObject","inLanguage":"es","@id":"https:\/\/sxflightcase.com\/ja\/\u88fd\u54c1\/\u30ed\u30fc\u30c9\u30b1\u30fc\u30b9\u30b3\u30fc\u30ca\u30fc-cob401-2\/#primaryimage","url":"https:\/\/sxflightcase.com\/wp-content\/uploads\/2024\/08\/COB401.jpg","contentUrl":"https:\/\/sxflightcase.com\/wp-content\/uploads\/2024\/08\/COB401.jpg","width":700,"height":700,"caption":"Road Case Corner"},{"@type":"BreadcrumbList","@id":"https:\/\/sxflightcase.com\/ja\/\u88fd\u54c1\/\u30ed\u30fc\u30c9\u30b1\u30fc\u30b9\u30b3\u30fc\u30ca\u30fc-cob401-2\/#breadcrumb","itemListElement":[{"@type":"ListItem","position":1,"name":"Home","item":"https:\/\/sxflightcase.com\/"},{"@type":"ListItem","position":2,"name":"\u0e2a\u0e34\u0e19\u0e04\u0e49\u0e32","item":"https:\/\/sxflightcase.com\/th\/shop\/"},{"@type":"ListItem","position":3,"name":"Road Case Corner COB401"}]},{"@type":"WebSite","@id":"https:\/\/sxflightcase.com\/th\/#website","url":"https:\/\/sxflightcase.com\/th\/","name":"es.sxpowercase.com","description":"F\u00e1brica de flightcases","publisher":{"@id":"https:\/\/sxflightcase.com\/th\/#organization"},"potentialAction":[{"@type":"SearchAction","target":{"@type":"EntryPoint","urlTemplate":"https:\/\/sxflightcase.com\/th\/?s={search_term_string}"},"query-input":{"@type":"PropertyValueSpecification","valueRequired":true,"valueName":"search_term_string"}}],"inLanguage":"es"},{"@type":"Organization","@id":"https:\/\/sxflightcase.com\/th\/#organization","name":"es.sxpowercase.com","url":"https:\/\/sxflightcase.com\/th\/","logo":{"@type":"ImageObject","inLanguage":"es","@id":"https:\/\/sxflightcase.com\/th\/#\/schema\/logo\/image\/","url":"https:\/\/sxflightcase.com\/wp-content\/uploads\/2024\/04\/1713919036007.jpg","contentUrl":"https:\/\/sxflightcase.com\/wp-content\/uploads\/2024\/04\/1713919036007.jpg","width":382,"height":388,"caption":"sxpowercase.com"},"image":{"@id":"https:\/\/sxflightcase.com\/th\/#\/schema\/logo\/image\/"},"sameAs":["https:\/\/www.facebook.com\/profile.php?id=61560407257971"],"numberOfEmployees":{"@type":"QuantitativeValue","minValue":"11","maxValue":"50"}}]}},"_links":{"self":[{"href":"https:\/\/sxflightcase.com\/es\/wp-json\/wp\/v2\/product\/4144","targetHints":{"allow":["GET"]}}],"collection":[{"href":"https:\/\/sxflightcase.com\/es\/wp-json\/wp\/v2\/product"}],"about":[{"href":"https:\/\/sxflightcase.com\/es\/wp-json\/wp\/v2\/types\/product"}],"replies":[{"embeddable":true,"href":"https:\/\/sxflightcase.com\/es\/wp-json\/wp\/v2\/comments?post=4144"}],"version-history":[{"count":0,"href":"https:\/\/sxflightcase.com\/es\/wp-json\/wp\/v2\/product\/4144\/revisions"}],"wp:featuredmedia":[{"embeddable":true,"href":"https:\/\/sxflightcase.com\/es\/wp-json\/wp\/v2\/media\/4090"}],"wp:attachment":[{"href":"https:\/\/sxflightcase.com\/es\/wp-json\/wp\/v2\/media?parent=4144"}],"wp:term":[{"taxonomy":"product_brand","embeddable":true,"href":"https:\/\/sxflightcase.com\/es\/wp-json\/wp\/v2\/product_brand?post=4144"},{"taxonomy":"product_cat","embeddable":true,"href":"https:\/\/sxflightcase.com\/es\/wp-json\/wp\/v2\/product_cat?post=4144"},{"taxonomy":"product_tag","embeddable":true,"href":"https:\/\/sxflightcase.com\/es\/wp-json\/wp\/v2\/product_tag?post=4144"}],"curies":[{"name":"wp","href":"https:\/\/api.w.org\/{rel}","templated":true}]}}