{"id":4159,"date":"2024-08-21T07:29:02","date_gmt":"2024-08-21T06:29:02","guid":{"rendered":"https:\/\/sxpowercase.com\/?post_type=product&#038;p=4159"},"modified":"2024-08-21T07:43:43","modified_gmt":"2024-08-21T06:43:43","slug":"metal-corner-protector-coc602","status":"publish","type":"product","link":"https:\/\/sxflightcase.com\/es\/producto\/cantonera-metalica-coc602-2\/","title":{"rendered":"Protector de esquinas de metal COC602"},"content":{"rendered":"<h3>Duradero protector de esquinas de metal SX para una protecci\u00f3n superior de la funda<\/h3>\n<h4>Defensa fiable para su equipo<\/h4>\n<p>Al transportar equipos valiosos, lo \u00faltimo que desea es que sus maletas sufran da\u00f1os. El sistema SX <span style=\"color: #3366ff;\"><a style=\"color: #3366ff;\" href=\"https:\/\/sxpowercase.com\/product\/metal-corner-protector-coc601\/\"><strong>Protector met\u00e1lico para esquinas<\/strong><\/a><\/span> est\u00e1 dise\u00f1ado para ofrecer una protecci\u00f3n de primera categor\u00eda, garantizando que sus flight cases y maletas de carretera permanezcan intactos incluso en entornos dif\u00edciles. Con SX, obtienes precios directos de f\u00e1brica que ofrecen un valor inmejorable sin comprometer la calidad.<\/p>\n<h4>Resistente y duradero<\/h4>\n<p>El <a title=\"SX\" href=\"https:\/\/sxpowercase.com\/\" target=\"_blank\" rel=\"noopener\" data-wpil-monitor-id=\"680\">SX<\/a> <strong>Cantoneras met\u00e1licas<\/strong> est\u00e1n fabricados con materiales de alta calidad que resisten los impactos, los ara\u00f1azos y el desgaste. Estos protectores est\u00e1n dise\u00f1ados para resistir un manejo brusco, ofreciendo la m\u00e1xima protecci\u00f3n a un precio rentable. Tanto si env\u00eda equipos a todo el pa\u00eds como a diferentes eventos, estos protectores de esquinas garantizan que sus maletas no sufran da\u00f1os, alargando su vida \u00fatil.<\/p>\n<h4>F\u00e1cil de instalar, listo para proteger<\/h4>\n<p>SX <strong>Cantoneras met\u00e1licas<\/strong> son f\u00e1ciles de instalar, lo que los convierte en un complemento sencillo para cualquier maleta. Su dise\u00f1o vers\u00e1til se adapta a varios tipos de maletas, ofreciendo flexibilidad para diferentes aplicaciones. Al comprar directamente al fabricante, se beneficia de productos de alta calidad y bajo coste que son eficientes y duraderos.<\/p>\n<h4>Adaptado a sus necesidades<\/h4>\n<p>En SX entendemos que cada caso tiene unos requisitos \u00fanicos. Por eso nuestros <strong>Cantoneras met\u00e1licas<\/strong> pueden personalizarse seg\u00fan sus especificaciones, garantizando un ajuste perfecto para sus cajas. Tanto si necesita un tama\u00f1o como un acabado espec\u00edficos, nuestras opciones directas de f\u00e1brica hacen que las soluciones personalizadas sean asequibles y accesibles.<\/p>\n<h4>La confianza de los expertos del sector<\/h4>\n<p>Profesionales de sectores como el entretenimiento, la producci\u00f3n audiovisual y la log\u00edstica conf\u00edan en SX para una protecci\u00f3n fiable de sus maletas. Nuestra <strong>Cantoneras met\u00e1licas<\/strong> est\u00e1n fabricados para soportar las exigencias del transporte frecuente, ofreciendo tranquilidad y fiabilidad. Centrada en ofrecer un alto rendimiento a un precio de f\u00e1brica, SX es una marca en la que puede confiar.<\/p>\n<h4>Protecci\u00f3n de alta calidad a precios asequibles<\/h4>\n<p>Elegir SX significa elegir una marca que combina calidad y asequibilidad. Nuestra <strong>Cantoneras met\u00e1licas<\/strong> se someten a rigurosas pruebas de resistencia y durabilidad, lo que garantiza que cumplen las normas m\u00e1s exigentes sin salirse del presupuesto. Con nuestro enfoque de venta directa, obtendr\u00e1 una excelente protecci\u00f3n para sus maletas sin pagar de m\u00e1s.<\/p>\n<h4>Rentable y duradero<\/h4>\n<p>Proteger tus maletas no deber\u00eda ser caro. SX <strong>Cantoneras met\u00e1licas<\/strong> proporcionan una defensa duradera a un precio competitivo. Con una instalaci\u00f3n sencilla y un rendimiento fiable, son una soluci\u00f3n rentable para proteger sus valiosos equipos. Conf\u00ede en SX para obtener productos de calidad que ofrecen valor y fiabilidad.<\/p>\n<p>Cont\u00e1ctenos ahora:<span style=\"color: #0000ff;\"><a style=\"color: #0000ff;\" href=\"https:\/\/sxpowercase.com\/contact-us\/\">https:\/\/sxpowercase.com\/<\/a><\/span><\/p>\n<p>Cat\u00e1logo de productos de hardware:<span style=\"color: #3366ff;\"><a style=\"color: #3366ff;\" href=\"https:\/\/sxpowercase.com\/wp-content\/uploads\/2024\/07\/\u4e94\u91d1.pdf\">Cat\u00e1logo de accesorios de ferreter\u00eda<\/a><\/span><\/p>","protected":false},"excerpt":{"rendered":"<div class=\"flex max-w-full flex-col flex-grow\">\n<div class=\"min-h-[20px] text-message flex w-full flex-col items-end gap-2 break-words [.text-message+&amp;]:mt-5 overflow-x-auto whitespace-pre-wrap\" dir=\"auto\" data-message-author-role=\"assistant\" data-message-id=\"1065a7ee-4302-4017-b1b0-786dd3af75a9\">\n<div class=\"flex w-full flex-col gap-1 empty:hidden first:pt-[3px]\">\n<div class=\"markdown prose w-full break-words dark:prose-invert light\">\n<h3>SX Metal Corner Protector: Essential Defense for Your Gear<\/h3>\n<p>Protect your equipment from impacts with SX Metal Corner Protectors, offering top-tier durability and factory-direct pricing for unbeatable value.<\/p>\n<h3>Built for Tough Conditions<\/h3>\n<p>Engineered from premium materials, SX Metal Corner Protectors withstand rough handling and heavy use, ensuring your cases stay intact in any environment.<\/p>\n<h3>Customizable and Easy to Install<\/h3>\n<p>SX provides customizable options to fit your unique needs, with quick installation and universal compatibility that make upgrading your cases effortless.<\/p>\n<\/div>\n<\/div>\n<\/div>\n<\/div>\n","protected":false},"featured_media":4094,"comment_status":"open","ping_status":"closed","template":"","meta":[],"product_brand":[],"product_cat":[63],"product_tag":[],"class_list":{"0":"post-4159","1":"product","2":"type-product","3":"status-publish","4":"has-post-thumbnail","6":"product_cat-corners","8":"first","9":"instock","10":"shipping-taxable","11":"product-type-simple"},"yoast_head":"<!-- This site is optimized with the Yoast SEO Premium plugin v27.1 (Yoast SEO v27.2) - https:\/\/yoast.com\/product\/yoast-seo-premium-wordpress\/ -->\n<title>Metal Corner Protector COC602 - https:\/\/sxflightcase.com \ud83d\udc97<\/title>\n<meta name=\"description\" content=\"Metal corner protector, factory direct! High-quality, durable protection for case edges. Ideal for safeguarding against impact during transport, ensuring long-lasting reliability and safety.\" \/>\n<meta name=\"robots\" content=\"index, follow, max-snippet:-1, max-image-preview:large, max-video-preview:-1\" \/>\n<link rel=\"canonical\" href=\"https:\/\/sxflightcase.com\/es\/san-pham\/metal-corner-protector-coc602\/\" \/>\n<meta property=\"og:locale\" content=\"es_MX\" \/>\n<meta property=\"og:type\" content=\"article\" \/>\n<meta property=\"og:title\" content=\"Metal Corner Protector COC602\" \/>\n<meta property=\"og:description\" content=\"Metal corner protector, factory direct! High-quality, durable protection for case edges. Ideal for safeguarding against impact during transport, ensuring long-lasting reliability and safety.\" \/>\n<meta property=\"og:url\" content=\"https:\/\/sxflightcase.com\/es\/san-pham\/metal-corner-protector-coc602\/\" \/>\n<meta property=\"og:site_name\" content=\"https:\/\/sxflightcase.com\" \/>\n<meta property=\"article:publisher\" content=\"https:\/\/www.facebook.com\/profile.php?id=61560407257971\" \/>\n<meta property=\"article:modified_time\" content=\"2024-08-21T06:43:43+00:00\" \/>\n<meta property=\"og:image\" content=\"https:\/\/sxflightcase.com\/wp-content\/uploads\/2024\/08\/COC602.jpg\" \/>\n\t<meta property=\"og:image:width\" content=\"520\" \/>\n\t<meta property=\"og:image:height\" content=\"558\" \/>\n\t<meta property=\"og:image:type\" content=\"image\/jpeg\" \/>\n<meta name=\"twitter:card\" content=\"summary_large_image\" \/>\n<meta name=\"twitter:label1\" content=\"Tiempo de lectura\" \/>\n\t<meta name=\"twitter:data1\" content=\"3 minutos\" \/>\n<script type=\"application\/ld+json\" class=\"yoast-schema-graph\">{\"@context\":\"https:\/\/schema.org\",\"@graph\":[{\"@type\":\"WebPage\",\"@id\":\"https:\/\/sxflightcase.com\/vi\/san-pham\/metal-corner-protector-coc602\/\",\"url\":\"https:\/\/sxflightcase.com\/vi\/san-pham\/metal-corner-protector-coc602\/\",\"name\":\"Metal Corner Protector COC602 - https:\/\/sxflightcase.com \ud83d\udc97\",\"isPartOf\":{\"@id\":\"https:\/\/sxflightcase.com\/th\/#website\"},\"primaryImageOfPage\":{\"@id\":\"https:\/\/sxflightcase.com\/vi\/san-pham\/metal-corner-protector-coc602\/#primaryimage\"},\"image\":{\"@id\":\"https:\/\/sxflightcase.com\/vi\/san-pham\/metal-corner-protector-coc602\/#primaryimage\"},\"thumbnailUrl\":\"https:\/\/sxflightcase.com\/wp-content\/uploads\/2024\/08\/COC602.jpg\",\"datePublished\":\"2024-08-21T06:29:02+00:00\",\"dateModified\":\"2024-08-21T06:43:43+00:00\",\"description\":\"Metal corner protector, factory direct! High-quality, durable protection for case edges. Ideal for safeguarding against impact during transport, ensuring long-lasting reliability and safety.\",\"breadcrumb\":{\"@id\":\"https:\/\/sxflightcase.com\/vi\/san-pham\/metal-corner-protector-coc602\/#breadcrumb\"},\"inLanguage\":\"es\",\"potentialAction\":[{\"@type\":\"ReadAction\",\"target\":[\"https:\/\/sxflightcase.com\/vi\/san-pham\/metal-corner-protector-coc602\/\"]}]},{\"@type\":\"ImageObject\",\"inLanguage\":\"es\",\"@id\":\"https:\/\/sxflightcase.com\/vi\/san-pham\/metal-corner-protector-coc602\/#primaryimage\",\"url\":\"https:\/\/sxflightcase.com\/wp-content\/uploads\/2024\/08\/COC602.jpg\",\"contentUrl\":\"https:\/\/sxflightcase.com\/wp-content\/uploads\/2024\/08\/COC602.jpg\",\"width\":520,\"height\":558,\"caption\":\"Metal Corner Protector\"},{\"@type\":\"BreadcrumbList\",\"@id\":\"https:\/\/sxflightcase.com\/vi\/san-pham\/metal-corner-protector-coc602\/#breadcrumb\",\"itemListElement\":[{\"@type\":\"ListItem\",\"position\":1,\"name\":\"Home\",\"item\":\"https:\/\/sxflightcase.com\/\"},{\"@type\":\"ListItem\",\"position\":2,\"name\":\"\u0e2a\u0e34\u0e19\u0e04\u0e49\u0e32\",\"item\":\"https:\/\/sxflightcase.com\/th\/shop\/\"},{\"@type\":\"ListItem\",\"position\":3,\"name\":\"Metal Corner Protector COC602\"}]},{\"@type\":\"WebSite\",\"@id\":\"https:\/\/sxflightcase.com\/th\/#website\",\"url\":\"https:\/\/sxflightcase.com\/th\/\",\"name\":\"sxpowercase.com\",\"description\":\"Flight Case Factory\",\"publisher\":{\"@id\":\"https:\/\/sxflightcase.com\/th\/#organization\"},\"potentialAction\":[{\"@type\":\"SearchAction\",\"target\":{\"@type\":\"EntryPoint\",\"urlTemplate\":\"https:\/\/sxflightcase.com\/th\/?s={search_term_string}\"},\"query-input\":{\"@type\":\"PropertyValueSpecification\",\"valueRequired\":true,\"valueName\":\"search_term_string\"}}],\"inLanguage\":\"es\"},{\"@type\":\"Organization\",\"@id\":\"https:\/\/sxflightcase.com\/th\/#organization\",\"name\":\"sxpowercase.com\",\"url\":\"https:\/\/sxflightcase.com\/th\/\",\"logo\":{\"@type\":\"ImageObject\",\"inLanguage\":\"es\",\"@id\":\"https:\/\/sxflightcase.com\/th\/#\/schema\/logo\/image\/\",\"url\":\"https:\/\/sxflightcase.com\/wp-content\/uploads\/2024\/04\/1713919036007.jpg\",\"contentUrl\":\"https:\/\/sxflightcase.com\/wp-content\/uploads\/2024\/04\/1713919036007.jpg\",\"width\":382,\"height\":388,\"caption\":\"sxpowercase.com\"},\"image\":{\"@id\":\"https:\/\/sxflightcase.com\/th\/#\/schema\/logo\/image\/\"},\"sameAs\":[\"https:\/\/www.facebook.com\/profile.php?id=61560407257971\"],\"numberOfEmployees\":{\"@type\":\"QuantitativeValue\",\"minValue\":\"11\",\"maxValue\":\"50\"}}]}<\/script>\n<!-- \/ Yoast SEO Premium plugin. -->","yoast_head_json":{"title":"Metal Corner Protector COC602 - https:\/\/sxflightcase.com \ud83d\udc97","description":"Protector de esquinas met\u00e1lico, \u00a1directo de f\u00e1brica! Protecci\u00f3n duradera y de alta calidad para los bordes de las maletas. Ideal para proteger contra impactos durante el transporte, garantizando una fiabilidad y seguridad duraderas.","robots":{"index":"index","follow":"follow","max-snippet":"max-snippet:-1","max-image-preview":"max-image-preview:large","max-video-preview":"max-video-preview:-1"},"canonical":"https:\/\/sxflightcase.com\/es\/san-pham\/metal-corner-protector-coc602\/","og_locale":"es_MX","og_type":"article","og_title":"Metal Corner Protector COC602","og_description":"Metal corner protector, factory direct! High-quality, durable protection for case edges. Ideal for safeguarding against impact during transport, ensuring long-lasting reliability and safety.","og_url":"https:\/\/sxflightcase.com\/es\/san-pham\/metal-corner-protector-coc602\/","og_site_name":"https:\/\/sxflightcase.com","article_publisher":"https:\/\/www.facebook.com\/profile.php?id=61560407257971","article_modified_time":"2024-08-21T06:43:43+00:00","og_image":[{"width":520,"height":558,"url":"https:\/\/sxflightcase.com\/wp-content\/uploads\/2024\/08\/COC602.jpg","type":"image\/jpeg"}],"twitter_card":"summary_large_image","twitter_misc":{"Tiempo de lectura":"3 minutos"},"schema":{"@context":"https:\/\/schema.org","@graph":[{"@type":"WebPage","@id":"https:\/\/sxflightcase.com\/vi\/san-pham\/metal-corner-protector-coc602\/","url":"https:\/\/sxflightcase.com\/vi\/san-pham\/metal-corner-protector-coc602\/","name":"Metal Corner Protector COC602 - https:\/\/sxflightcase.com \ud83d\udc97","isPartOf":{"@id":"https:\/\/sxflightcase.com\/th\/#website"},"primaryImageOfPage":{"@id":"https:\/\/sxflightcase.com\/vi\/san-pham\/metal-corner-protector-coc602\/#primaryimage"},"image":{"@id":"https:\/\/sxflightcase.com\/vi\/san-pham\/metal-corner-protector-coc602\/#primaryimage"},"thumbnailUrl":"https:\/\/sxflightcase.com\/wp-content\/uploads\/2024\/08\/COC602.jpg","datePublished":"2024-08-21T06:29:02+00:00","dateModified":"2024-08-21T06:43:43+00:00","description":"Protector de esquinas met\u00e1lico, \u00a1directo de f\u00e1brica! Protecci\u00f3n duradera y de alta calidad para los bordes de las maletas. Ideal para proteger contra impactos durante el transporte, garantizando una fiabilidad y seguridad duraderas.","breadcrumb":{"@id":"https:\/\/sxflightcase.com\/vi\/san-pham\/metal-corner-protector-coc602\/#breadcrumb"},"inLanguage":"es","potentialAction":[{"@type":"ReadAction","target":["https:\/\/sxflightcase.com\/vi\/san-pham\/metal-corner-protector-coc602\/"]}]},{"@type":"ImageObject","inLanguage":"es","@id":"https:\/\/sxflightcase.com\/vi\/san-pham\/metal-corner-protector-coc602\/#primaryimage","url":"https:\/\/sxflightcase.com\/wp-content\/uploads\/2024\/08\/COC602.jpg","contentUrl":"https:\/\/sxflightcase.com\/wp-content\/uploads\/2024\/08\/COC602.jpg","width":520,"height":558,"caption":"Metal Corner Protector"},{"@type":"BreadcrumbList","@id":"https:\/\/sxflightcase.com\/vi\/san-pham\/metal-corner-protector-coc602\/#breadcrumb","itemListElement":[{"@type":"ListItem","position":1,"name":"Home","item":"https:\/\/sxflightcase.com\/"},{"@type":"ListItem","position":2,"name":"\u0e2a\u0e34\u0e19\u0e04\u0e49\u0e32","item":"https:\/\/sxflightcase.com\/th\/shop\/"},{"@type":"ListItem","position":3,"name":"Metal Corner Protector COC602"}]},{"@type":"WebSite","@id":"https:\/\/sxflightcase.com\/th\/#website","url":"https:\/\/sxflightcase.com\/th\/","name":"es.sxpowercase.com","description":"F\u00e1brica de flightcases","publisher":{"@id":"https:\/\/sxflightcase.com\/th\/#organization"},"potentialAction":[{"@type":"SearchAction","target":{"@type":"EntryPoint","urlTemplate":"https:\/\/sxflightcase.com\/th\/?s={search_term_string}"},"query-input":{"@type":"PropertyValueSpecification","valueRequired":true,"valueName":"search_term_string"}}],"inLanguage":"es"},{"@type":"Organization","@id":"https:\/\/sxflightcase.com\/th\/#organization","name":"es.sxpowercase.com","url":"https:\/\/sxflightcase.com\/th\/","logo":{"@type":"ImageObject","inLanguage":"es","@id":"https:\/\/sxflightcase.com\/th\/#\/schema\/logo\/image\/","url":"https:\/\/sxflightcase.com\/wp-content\/uploads\/2024\/04\/1713919036007.jpg","contentUrl":"https:\/\/sxflightcase.com\/wp-content\/uploads\/2024\/04\/1713919036007.jpg","width":382,"height":388,"caption":"sxpowercase.com"},"image":{"@id":"https:\/\/sxflightcase.com\/th\/#\/schema\/logo\/image\/"},"sameAs":["https:\/\/www.facebook.com\/profile.php?id=61560407257971"],"numberOfEmployees":{"@type":"QuantitativeValue","minValue":"11","maxValue":"50"}}]}},"_links":{"self":[{"href":"https:\/\/sxflightcase.com\/es\/wp-json\/wp\/v2\/product\/4159","targetHints":{"allow":["GET"]}}],"collection":[{"href":"https:\/\/sxflightcase.com\/es\/wp-json\/wp\/v2\/product"}],"about":[{"href":"https:\/\/sxflightcase.com\/es\/wp-json\/wp\/v2\/types\/product"}],"replies":[{"embeddable":true,"href":"https:\/\/sxflightcase.com\/es\/wp-json\/wp\/v2\/comments?post=4159"}],"version-history":[{"count":0,"href":"https:\/\/sxflightcase.com\/es\/wp-json\/wp\/v2\/product\/4159\/revisions"}],"wp:featuredmedia":[{"embeddable":true,"href":"https:\/\/sxflightcase.com\/es\/wp-json\/wp\/v2\/media\/4094"}],"wp:attachment":[{"href":"https:\/\/sxflightcase.com\/es\/wp-json\/wp\/v2\/media?parent=4159"}],"wp:term":[{"taxonomy":"product_brand","embeddable":true,"href":"https:\/\/sxflightcase.com\/es\/wp-json\/wp\/v2\/product_brand?post=4159"},{"taxonomy":"product_cat","embeddable":true,"href":"https:\/\/sxflightcase.com\/es\/wp-json\/wp\/v2\/product_cat?post=4159"},{"taxonomy":"product_tag","embeddable":true,"href":"https:\/\/sxflightcase.com\/es\/wp-json\/wp\/v2\/product_tag?post=4159"}],"curies":[{"name":"wp","href":"https:\/\/api.w.org\/{rel}","templated":true}]}}