{"id":4161,"date":"2024-08-21T07:51:36","date_gmt":"2024-08-21T06:51:36","guid":{"rendered":"https:\/\/sxpowercase.com\/?post_type=product&#038;p=4161"},"modified":"2024-08-21T07:51:37","modified_gmt":"2024-08-21T06:51:37","slug":"metal-corner-protectors-cod101","status":"publish","type":"product","link":"https:\/\/sxflightcase.com\/es\/producto\/cantoneras-metalicas-cod101-2\/","title":{"rendered":"Protectores de esquinas de metal COD101"},"content":{"rendered":"<h3>Protecci\u00f3n inigualable con cantoneras met\u00e1licas SX<\/h3>\n<h4>Defensa fiable para su equipo<\/h4>\n<p>Cuando se trata de proteger sus valiosos equipos, SX <span style=\"color: #3366ff;\"><a style=\"color: #3366ff;\" href=\"https:\/\/sxpowercase.com\/product\/metal-corner-protectors-coc701\/\"><strong>Cantoneras met\u00e1licas<\/strong><\/a><\/span> ofrecen la durabilidad y fiabilidad que necesita. Dise\u00f1ados espec\u00edficamente para flight cases, maletas de carretera y otras cajas de alta resistencia, estos protectores proporcionan un refuerzo esencial en los puntos clave de impacto. Con SX, no s\u00f3lo obtendr\u00e1 calidad, sino tambi\u00e9n precios directos de f\u00e1brica que mantienen los costes bajos al tiempo que garantizan una protecci\u00f3n s\u00f3lida.<\/p>\n<h4>Fabricado para soportar condiciones duras<\/h4>\n<p><a href=\"https:\/\/sxpowercase.com\/\" target=\"_blank\" rel=\"noopener\" title=\"SX\" data-wpil-monitor-id=\"682\">SX<\/a> <strong>Cantoneras met\u00e1licas<\/strong> est\u00e1n fabricados con materiales de alta calidad, lo que garantiza que resistan una manipulaci\u00f3n brusca y protejan su equipo mediante un uso constante. Ya sea para viajes profesionales, log\u00edstica o entornos industriales, estos protectores mantienen su resistencia con el paso del tiempo. La venta directa de f\u00e1brica significa que recibir\u00e1 una protecci\u00f3n de primera calidad a precios competitivos, lo que la convierte en una inversi\u00f3n inteligente para cualquier empresa.<\/p>\n<h4>F\u00e1cil aplicaci\u00f3n para una protecci\u00f3n inmediata<\/h4>\n<p>El proceso de instalaci\u00f3n de SX <strong>Cantoneras met\u00e1licas<\/strong> es sencillo y f\u00e1cil de usar, lo que le permite actualizar sus fundas r\u00e1pidamente. Estos vers\u00e1tiles protectores son compatibles con varios dise\u00f1os de fundas, ofreciendo un ajuste fiable en diferentes modelos. Al comprar directamente a SX, te beneficias de productos de calidad a precios bajos sin intermediarios que inflen los costes.<\/p>\n<h4>A la medida de sus necesidades espec\u00edficas<\/h4>\n<p>SX entiende que cada equipo tiene unos requisitos \u00fanicos. Por eso, nuestros <strong>Cantoneras met\u00e1licas<\/strong> pueden personalizarse para ajustarse a las especificaciones de su caso, ofreci\u00e9ndole la protecci\u00f3n exacta que necesita. Disfrute tanto de la flexibilidad como del ahorro de los precios directos de f\u00e1brica, lo que le garantiza soluciones de primera calidad que se ajustan a su presupuesto.<\/p>\n<h4>La confianza de los l\u00edderes del sector<\/h4>\n<p>Profesionales de todo el mundo conf\u00edan en SX <strong>Cantoneras met\u00e1licas<\/strong> para mantener su equipo seguro. Desde la industria del entretenimiento hasta las operaciones log\u00edsticas, nuestros protectores son conocidos por su calidad y fiabilidad. Al ofrecer precios directos de f\u00e1brica con una garant\u00eda de calidad constante, SX proporciona una protecci\u00f3n fiable que resiste el paso del tiempo.<\/p>\n<h4>Calidad y asequibilidad combinadas<\/h4>\n<p>SX <strong>Cantoneras met\u00e1licas<\/strong> ofrecen una combinaci\u00f3n perfecta de construcci\u00f3n de alta calidad y precios asequibles. La venta directa de f\u00e1brica le permite no renunciar a la protecci\u00f3n y mantener los gastos bajo control. Proteja sus equipos de forma asequible con las soluciones resistentes y duraderas que ofrece SX.<\/p>\n<h4>Invierta en durabilidad a largo plazo<\/h4>\n<p>Si elige SX <strong>Cantoneras met\u00e1licas<\/strong>invierta en una soluci\u00f3n duradera. Al ofrecer una s\u00f3lida protecci\u00f3n contra el desgaste, estos protectores ayudan a prolongar la vida \u00fatil de sus fundas. El ahorro directo de f\u00e1brica y la calidad sin concesiones hacen de SX una elecci\u00f3n de confianza para cualquiera que busque una protecci\u00f3n fiable a un precio razonable.<\/p>\n<p>Cont\u00e1ctenos ahora:<span style=\"color: #0000ff;\"><a style=\"color: #0000ff;\" href=\"https:\/\/sxpowercase.com\/contact-us\/\">https:\/\/sxpowercase.com\/<\/a><\/span><\/p>\n<p>Cat\u00e1logo de productos de hardware:<span style=\"color: #3366ff;\"><a style=\"color: #3366ff;\" href=\"https:\/\/sxpowercase.com\/wp-content\/uploads\/2024\/07\/\u4e94\u91d1.pdf\">Cat\u00e1logo de accesorios de ferreter\u00eda<\/a><\/span><\/p>","protected":false},"excerpt":{"rendered":"<h3>Cantoneras met\u00e1licas SX: La mejor defensa para su equipo<\/h3>\n<p>Garantice la seguridad de sus equipos durante el transporte con las cantoneras met\u00e1licas SX, dise\u00f1adas para ofrecer una protecci\u00f3n de primera categor\u00eda a precios directos de f\u00e1brica.<\/p>\n<h3>Protecci\u00f3n duradera y resistente<\/h3>\n<p>Fabricados con materiales de alta calidad, los cantoneras met\u00e1licas SX ofrecen una resistencia excepcional contra los impactos y el desgaste, proporcionando una defensa fiable y duradera.<\/p>\n<h3>Personalizable y f\u00e1cil de instalar<\/h3>\n<p>SX ofrece protectores de esquinas personalizables que son f\u00e1ciles de instalar y se adaptan a varios tipos de carcasas, al tiempo que ofrecen una protecci\u00f3n asequible y de alta calidad adaptada a sus necesidades.<\/p>","protected":false},"featured_media":4096,"comment_status":"open","ping_status":"closed","template":"","meta":[],"product_brand":[],"product_cat":[63],"product_tag":[],"class_list":{"0":"post-4161","1":"product","2":"type-product","3":"status-publish","4":"has-post-thumbnail","6":"product_cat-corners","8":"first","9":"instock","10":"shipping-taxable","11":"product-type-simple"},"yoast_head":"<!-- This site is optimized with the Yoast SEO Premium plugin v27.1 (Yoast SEO v27.2) - https:\/\/yoast.com\/product\/yoast-seo-premium-wordpress\/ -->\n<title>Metal Corner Protectors COD101 - https:\/\/sxflightcase.com \ud83d\udc97<\/title>\n<meta name=\"description\" content=\"Metal corner protectors, factory direct! High-quality, durable protection for case edges. Ideal for safeguarding against impact during transport\" \/>\n<meta name=\"robots\" content=\"index, follow, max-snippet:-1, max-image-preview:large, max-video-preview:-1\" \/>\n<link rel=\"canonical\" href=\"https:\/\/sxflightcase.com\/es\/producto\/cantoneras-metalicas-cod101-2\/\" \/>\n<meta property=\"og:locale\" content=\"es_MX\" \/>\n<meta property=\"og:type\" content=\"article\" \/>\n<meta property=\"og:title\" content=\"Metal Corner Protectors COD101\" \/>\n<meta property=\"og:description\" content=\"Metal corner protectors, factory direct! High-quality, durable protection for case edges. Ideal for safeguarding against impact during transport\" \/>\n<meta property=\"og:url\" content=\"https:\/\/sxflightcase.com\/es\/producto\/cantoneras-metalicas-cod101-2\/\" \/>\n<meta property=\"og:site_name\" content=\"https:\/\/sxflightcase.com\" \/>\n<meta property=\"article:publisher\" content=\"https:\/\/www.facebook.com\/profile.php?id=61560407257971\" \/>\n<meta property=\"article:modified_time\" content=\"2024-08-21T06:51:37+00:00\" \/>\n<meta property=\"og:image\" content=\"https:\/\/sxflightcase.com\/wp-content\/uploads\/2024\/08\/COD101.jpg\" \/>\n\t<meta property=\"og:image:width\" content=\"520\" \/>\n\t<meta property=\"og:image:height\" content=\"561\" \/>\n\t<meta property=\"og:image:type\" content=\"image\/jpeg\" \/>\n<meta name=\"twitter:card\" content=\"summary_large_image\" \/>\n<meta name=\"twitter:label1\" content=\"Tiempo de lectura\" \/>\n\t<meta name=\"twitter:data1\" content=\"3 minutos\" \/>\n<script type=\"application\/ld+json\" class=\"yoast-schema-graph\">{\"@context\":\"https:\/\/schema.org\",\"@graph\":[{\"@type\":\"WebPage\",\"@id\":\"https:\/\/sxflightcase.com\/product\/metal-corner-protectors-cod101\/\",\"url\":\"https:\/\/sxflightcase.com\/product\/metal-corner-protectors-cod101\/\",\"name\":\"Metal Corner Protectors COD101 - https:\/\/sxflightcase.com \ud83d\udc97\",\"isPartOf\":{\"@id\":\"https:\/\/sxflightcase.com\/th\/#website\"},\"primaryImageOfPage\":{\"@id\":\"https:\/\/sxflightcase.com\/product\/metal-corner-protectors-cod101\/#primaryimage\"},\"image\":{\"@id\":\"https:\/\/sxflightcase.com\/product\/metal-corner-protectors-cod101\/#primaryimage\"},\"thumbnailUrl\":\"https:\/\/sxflightcase.com\/wp-content\/uploads\/2024\/08\/COD101.jpg\",\"datePublished\":\"2024-08-21T06:51:36+00:00\",\"dateModified\":\"2024-08-21T06:51:37+00:00\",\"description\":\"Metal corner protectors, factory direct! High-quality, durable protection for case edges. Ideal for safeguarding against impact during transport\",\"breadcrumb\":{\"@id\":\"https:\/\/sxflightcase.com\/product\/metal-corner-protectors-cod101\/#breadcrumb\"},\"inLanguage\":\"es\",\"potentialAction\":[{\"@type\":\"ReadAction\",\"target\":[\"https:\/\/sxflightcase.com\/product\/metal-corner-protectors-cod101\/\"]}]},{\"@type\":\"ImageObject\",\"inLanguage\":\"es\",\"@id\":\"https:\/\/sxflightcase.com\/product\/metal-corner-protectors-cod101\/#primaryimage\",\"url\":\"https:\/\/sxflightcase.com\/wp-content\/uploads\/2024\/08\/COD101.jpg\",\"contentUrl\":\"https:\/\/sxflightcase.com\/wp-content\/uploads\/2024\/08\/COD101.jpg\",\"width\":520,\"height\":561,\"caption\":\"Metal Corner Protectors\"},{\"@type\":\"BreadcrumbList\",\"@id\":\"https:\/\/sxflightcase.com\/product\/metal-corner-protectors-cod101\/#breadcrumb\",\"itemListElement\":[{\"@type\":\"ListItem\",\"position\":1,\"name\":\"Home\",\"item\":\"https:\/\/sxflightcase.com\/\"},{\"@type\":\"ListItem\",\"position\":2,\"name\":\"\u0e2a\u0e34\u0e19\u0e04\u0e49\u0e32\",\"item\":\"https:\/\/sxflightcase.com\/th\/shop\/\"},{\"@type\":\"ListItem\",\"position\":3,\"name\":\"Metal Corner Protectors COD101\"}]},{\"@type\":\"WebSite\",\"@id\":\"https:\/\/sxflightcase.com\/th\/#website\",\"url\":\"https:\/\/sxflightcase.com\/th\/\",\"name\":\"sxpowercase.com\",\"description\":\"Flight Case Factory\",\"publisher\":{\"@id\":\"https:\/\/sxflightcase.com\/th\/#organization\"},\"potentialAction\":[{\"@type\":\"SearchAction\",\"target\":{\"@type\":\"EntryPoint\",\"urlTemplate\":\"https:\/\/sxflightcase.com\/th\/?s={search_term_string}\"},\"query-input\":{\"@type\":\"PropertyValueSpecification\",\"valueRequired\":true,\"valueName\":\"search_term_string\"}}],\"inLanguage\":\"es\"},{\"@type\":\"Organization\",\"@id\":\"https:\/\/sxflightcase.com\/th\/#organization\",\"name\":\"sxpowercase.com\",\"url\":\"https:\/\/sxflightcase.com\/th\/\",\"logo\":{\"@type\":\"ImageObject\",\"inLanguage\":\"es\",\"@id\":\"https:\/\/sxflightcase.com\/th\/#\/schema\/logo\/image\/\",\"url\":\"https:\/\/sxflightcase.com\/wp-content\/uploads\/2024\/04\/1713919036007.jpg\",\"contentUrl\":\"https:\/\/sxflightcase.com\/wp-content\/uploads\/2024\/04\/1713919036007.jpg\",\"width\":382,\"height\":388,\"caption\":\"sxpowercase.com\"},\"image\":{\"@id\":\"https:\/\/sxflightcase.com\/th\/#\/schema\/logo\/image\/\"},\"sameAs\":[\"https:\/\/www.facebook.com\/profile.php?id=61560407257971\"],\"numberOfEmployees\":{\"@type\":\"QuantitativeValue\",\"minValue\":\"11\",\"maxValue\":\"50\"}}]}<\/script>\n<!-- \/ Yoast SEO Premium plugin. -->","yoast_head_json":{"title":"Metal Corner Protectors COD101 - https:\/\/sxflightcase.com \ud83d\udc97","description":"Cantoneras met\u00e1licas, \u00a1directas de f\u00e1brica! Protecci\u00f3n duradera y de alta calidad para los bordes de las maletas. Ideales para proteger contra golpes durante el transporte.","robots":{"index":"index","follow":"follow","max-snippet":"max-snippet:-1","max-image-preview":"max-image-preview:large","max-video-preview":"max-video-preview:-1"},"canonical":"https:\/\/sxflightcase.com\/es\/producto\/cantoneras-metalicas-cod101-2\/","og_locale":"es_MX","og_type":"article","og_title":"Metal Corner Protectors COD101","og_description":"Metal corner protectors, factory direct! High-quality, durable protection for case edges. Ideal for safeguarding against impact during transport","og_url":"https:\/\/sxflightcase.com\/es\/producto\/cantoneras-metalicas-cod101-2\/","og_site_name":"https:\/\/sxflightcase.com","article_publisher":"https:\/\/www.facebook.com\/profile.php?id=61560407257971","article_modified_time":"2024-08-21T06:51:37+00:00","og_image":[{"width":520,"height":561,"url":"https:\/\/sxflightcase.com\/wp-content\/uploads\/2024\/08\/COD101.jpg","type":"image\/jpeg"}],"twitter_card":"summary_large_image","twitter_misc":{"Tiempo de lectura":"3 minutos"},"schema":{"@context":"https:\/\/schema.org","@graph":[{"@type":"WebPage","@id":"https:\/\/sxflightcase.com\/product\/metal-corner-protectors-cod101\/","url":"https:\/\/sxflightcase.com\/product\/metal-corner-protectors-cod101\/","name":"Metal Corner Protectors COD101 - https:\/\/sxflightcase.com \ud83d\udc97","isPartOf":{"@id":"https:\/\/sxflightcase.com\/th\/#website"},"primaryImageOfPage":{"@id":"https:\/\/sxflightcase.com\/product\/metal-corner-protectors-cod101\/#primaryimage"},"image":{"@id":"https:\/\/sxflightcase.com\/product\/metal-corner-protectors-cod101\/#primaryimage"},"thumbnailUrl":"https:\/\/sxflightcase.com\/wp-content\/uploads\/2024\/08\/COD101.jpg","datePublished":"2024-08-21T06:51:36+00:00","dateModified":"2024-08-21T06:51:37+00:00","description":"Cantoneras met\u00e1licas, \u00a1directas de f\u00e1brica! Protecci\u00f3n duradera y de alta calidad para los bordes de las maletas. Ideales para proteger contra golpes durante el transporte.","breadcrumb":{"@id":"https:\/\/sxflightcase.com\/product\/metal-corner-protectors-cod101\/#breadcrumb"},"inLanguage":"es","potentialAction":[{"@type":"ReadAction","target":["https:\/\/sxflightcase.com\/product\/metal-corner-protectors-cod101\/"]}]},{"@type":"ImageObject","inLanguage":"es","@id":"https:\/\/sxflightcase.com\/product\/metal-corner-protectors-cod101\/#primaryimage","url":"https:\/\/sxflightcase.com\/wp-content\/uploads\/2024\/08\/COD101.jpg","contentUrl":"https:\/\/sxflightcase.com\/wp-content\/uploads\/2024\/08\/COD101.jpg","width":520,"height":561,"caption":"Metal Corner Protectors"},{"@type":"BreadcrumbList","@id":"https:\/\/sxflightcase.com\/product\/metal-corner-protectors-cod101\/#breadcrumb","itemListElement":[{"@type":"ListItem","position":1,"name":"Home","item":"https:\/\/sxflightcase.com\/"},{"@type":"ListItem","position":2,"name":"\u0e2a\u0e34\u0e19\u0e04\u0e49\u0e32","item":"https:\/\/sxflightcase.com\/th\/shop\/"},{"@type":"ListItem","position":3,"name":"Metal Corner Protectors COD101"}]},{"@type":"WebSite","@id":"https:\/\/sxflightcase.com\/th\/#website","url":"https:\/\/sxflightcase.com\/th\/","name":"es.sxpowercase.com","description":"F\u00e1brica de flightcases","publisher":{"@id":"https:\/\/sxflightcase.com\/th\/#organization"},"potentialAction":[{"@type":"SearchAction","target":{"@type":"EntryPoint","urlTemplate":"https:\/\/sxflightcase.com\/th\/?s={search_term_string}"},"query-input":{"@type":"PropertyValueSpecification","valueRequired":true,"valueName":"search_term_string"}}],"inLanguage":"es"},{"@type":"Organization","@id":"https:\/\/sxflightcase.com\/th\/#organization","name":"es.sxpowercase.com","url":"https:\/\/sxflightcase.com\/th\/","logo":{"@type":"ImageObject","inLanguage":"es","@id":"https:\/\/sxflightcase.com\/th\/#\/schema\/logo\/image\/","url":"https:\/\/sxflightcase.com\/wp-content\/uploads\/2024\/04\/1713919036007.jpg","contentUrl":"https:\/\/sxflightcase.com\/wp-content\/uploads\/2024\/04\/1713919036007.jpg","width":382,"height":388,"caption":"sxpowercase.com"},"image":{"@id":"https:\/\/sxflightcase.com\/th\/#\/schema\/logo\/image\/"},"sameAs":["https:\/\/www.facebook.com\/profile.php?id=61560407257971"],"numberOfEmployees":{"@type":"QuantitativeValue","minValue":"11","maxValue":"50"}}]}},"_links":{"self":[{"href":"https:\/\/sxflightcase.com\/es\/wp-json\/wp\/v2\/product\/4161","targetHints":{"allow":["GET"]}}],"collection":[{"href":"https:\/\/sxflightcase.com\/es\/wp-json\/wp\/v2\/product"}],"about":[{"href":"https:\/\/sxflightcase.com\/es\/wp-json\/wp\/v2\/types\/product"}],"replies":[{"embeddable":true,"href":"https:\/\/sxflightcase.com\/es\/wp-json\/wp\/v2\/comments?post=4161"}],"version-history":[{"count":0,"href":"https:\/\/sxflightcase.com\/es\/wp-json\/wp\/v2\/product\/4161\/revisions"}],"wp:featuredmedia":[{"embeddable":true,"href":"https:\/\/sxflightcase.com\/es\/wp-json\/wp\/v2\/media\/4096"}],"wp:attachment":[{"href":"https:\/\/sxflightcase.com\/es\/wp-json\/wp\/v2\/media?parent=4161"}],"wp:term":[{"taxonomy":"product_brand","embeddable":true,"href":"https:\/\/sxflightcase.com\/es\/wp-json\/wp\/v2\/product_brand?post=4161"},{"taxonomy":"product_cat","embeddable":true,"href":"https:\/\/sxflightcase.com\/es\/wp-json\/wp\/v2\/product_cat?post=4161"},{"taxonomy":"product_tag","embeddable":true,"href":"https:\/\/sxflightcase.com\/es\/wp-json\/wp\/v2\/product_tag?post=4161"}],"curies":[{"name":"wp","href":"https:\/\/api.w.org\/{rel}","templated":true}]}}