{"id":4197,"date":"2024-08-22T07:42:06","date_gmt":"2024-08-22T06:42:06","guid":{"rendered":"https:\/\/sxpowercase.com\/?post_type=product&#038;p=4197"},"modified":"2024-08-22T07:42:07","modified_gmt":"2024-08-22T06:42:07","slug":"road-case-corner-clamp-cla102","status":"publish","type":"product","link":"https:\/\/sxflightcase.com\/es\/producto\/road-case-corner-clamp-cla102-2\/","title":{"rendered":"Abrazadera de esquina para maletas de carretera CLA102"},"content":{"rendered":"<h3>SX Road Case Abrazadera de Esquina: Protecci\u00f3n esencial para su equipo<\/h3>\n<h4>Asegure sus maletas de carretera con confianza<\/h4>\n<p>El transporte de equipos valiosos requiere una protecci\u00f3n robusta. El <span style=\"color: #3366ff;\"><a style=\"color: #3366ff;\" href=\"https:\/\/sxpowercase.com\/product\/road-case-corner-clamp-cla101\/\"><strong>Abrazadera de esquina para maletas de carretera<\/strong><\/a><\/span>\u00a0de SX est\u00e1n dise\u00f1adas espec\u00edficamente para proporcionar esa seguridad. Al reforzar firmemente las esquinas de tus maletas de carretera, estas abrazaderas garantizan que tu equipo permanezca seguro y sin da\u00f1os durante todo el viaje. <a href=\"https:\/\/sxpowercase.com\/\" target=\"_blank\" rel=\"noopener\" title=\"SX\" data-wpil-monitor-id=\"685\">SX<\/a> combina una calidad fiable con precios directos de f\u00e1brica, ofreciendo hardware de primera calidad a un coste inferior.<\/p>\n<h4>Dise\u00f1o resistente para un uso duradero<\/h4>\n<p>SX <strong>Abrazaderas de esquina para maletas de carretera<\/strong> est\u00e1n fabricadas para soportar las condiciones m\u00e1s duras. Fabricadas con materiales de alta resistencia, estas abrazaderas resisten el desgaste, proporcionando estabilidad a largo plazo para sus maletas de carretera. Tanto si est\u00e1 de gira, en producci\u00f3n o transportando equipos pesados, nuestras abrazaderas ofrecen la durabilidad necesaria para mantener sus maletas intactas. Gracias a nuestro modelo directo de f\u00e1brica, SX le garantiza una protecci\u00f3n de primera calidad sin tener que pagar un precio elevado.<\/p>\n<h4>Instalaci\u00f3n sencilla, amplia compatibilidad<\/h4>\n<p>Instalaci\u00f3n del SX <strong>Abrazaderas de esquina para maletas de carretera<\/strong> es sencillo, lo que las convierte en un complemento sin complicaciones para sus maletas. Dise\u00f1adas para adaptarse a una gran variedad de modelos de maletas de carretera, estas abrazaderas son vers\u00e1tiles y f\u00e1ciles de ajustar a su configuraci\u00f3n espec\u00edfica. El ahorro directo de f\u00e1brica significa que puede actualizar la protecci\u00f3n de su maleta sin exceder su presupuesto, al tiempo que garantiza que sus maletas est\u00e1n reforzadas de forma segura.<\/p>\n<h4>Soluciones personalizadas para cada aplicaci\u00f3n<\/h4>\n<p>La configuraci\u00f3n de cada maleta de carretera es \u00fanica, y SX ofrece la flexibilidad necesaria para adaptarse a sus requisitos espec\u00edficos. Nuestro <strong>Abrazaderas de esquina para maletas de carretera<\/strong> se pueden personalizar para varios tipos de cajas, garantizando un rendimiento \u00f3ptimo en la protecci\u00f3n de sus equipos. Con acceso directo a los precios de f\u00e1brica, ahorrar\u00e1 en costes y obtendr\u00e1 exactamente lo que necesita: abrazaderas fiables adaptadas a sus especificaciones.<\/p>\n<h4>Con la confianza de los profesionales de la industria<\/h4>\n<p>SX goza de una s\u00f3lida reputaci\u00f3n en sectores como los eventos en directo, las giras y la log\u00edstica. Nuestra <strong>Abrazaderas de esquina para maletas de carretera<\/strong> son de confianza por su fiabilidad y rendimiento en situaciones exigentes. Al elegir SX, se beneficia de precios directos de f\u00e1brica, que mantienen los costes bajos al tiempo que se mantienen altos niveles de calidad y durabilidad. Profesionales de todo el mundo conf\u00edan en SX para obtener soluciones de hardware seguras y asequibles.<\/p>\n<h4>Calidad y asequibilidad combinadas<\/h4>\n<p>SX se compromete a ofrecer valor y calidad. Nuestra <strong>Abrazaderas de esquina para maletas de carretera<\/strong> se fabrican con un alto nivel de calidad y se ofrecen a precios directos de f\u00e1brica, lo que le garantiza una protecci\u00f3n duradera y rentable. Invertir en herrajes SX significa invertir en productos duraderos que no supondr\u00e1n una carga para su presupuesto.<\/p>\n<h4>Protecci\u00f3n mejorada para cualquier configuraci\u00f3n<\/h4>\n<p>Cuando se trata de proteger su equipo, SX <strong>Abrazaderas de esquina para maletas de carretera<\/strong> ofrecen el equilibrio perfecto entre resistencia y asequibilidad. Dise\u00f1adas para condiciones duras y f\u00e1ciles de instalar, estas abrazaderas ofrecen una protecci\u00f3n mejorada para cualquier maleta de carretera. Con el ahorro directo de f\u00e1brica, puede asegurar su equipo sin comprometer la calidad ni el precio.<\/p>\n<p>Cont\u00e1ctenos ahora:<span style=\"color: #0000ff;\"><a style=\"color: #0000ff;\" href=\"https:\/\/sxpowercase.com\/contact-us\/\">https:\/\/sxpowercase.com\/<\/a><\/span><\/p>\n<p>Cat\u00e1logo de productos de hardware:<span style=\"color: #3366ff;\"><a style=\"color: #3366ff;\" href=\"https:\/\/sxpowercase.com\/wp-content\/uploads\/2024\/07\/\u4e94\u91d1.pdf\">Cat\u00e1logo de accesorios de ferreter\u00eda<\/a><\/span><\/p>","protected":false},"excerpt":{"rendered":"<h3>Abrazaderas de esquina para maletas de carretera SX: Soporte seguro y estable<\/h3>\n<p>Las abrazaderas de esquina para maletas SX Road proporcionan una s\u00f3lida protecci\u00f3n para su equipo durante el transporte. Dise\u00f1adas para ofrecer resistencia y precisi\u00f3n, estas abrazaderas garantizan que sus maletas permanezcan bien sujetas a precios directos de f\u00e1brica.<\/p>\n<h3>Fabricado para durar y soportar un uso intensivo<\/h3>\n<p>Fabricadas con materiales duraderos, las abrazaderas de esquina para maletas de carretera SX resisten los rigores de los viajes y la manipulaci\u00f3n pesada, ofreciendo fiabilidad y protecci\u00f3n duraderas.<\/p>\n<h3>Soluciones personalizables y de f\u00e1cil instalaci\u00f3n<\/h3>\n<p>Las abrazaderas SX son f\u00e1ciles de instalar y se adaptan a varios dise\u00f1os de maletas de carretera. Disponemos de opciones personalizables que garantizan soluciones a medida a un precio asequible sin comprometer la calidad.<\/p>","protected":false},"featured_media":4173,"comment_status":"open","ping_status":"closed","template":"","meta":[],"product_brand":[],"product_cat":[64],"product_tag":[],"class_list":{"0":"post-4197","1":"product","2":"type-product","3":"status-publish","4":"has-post-thumbnail","6":"product_cat-clamps","8":"first","9":"instock","10":"shipping-taxable","11":"product-type-simple"},"yoast_head":"<!-- This site is optimized with the Yoast SEO Premium plugin v27.1 (Yoast SEO v27.2) - https:\/\/yoast.com\/product\/yoast-seo-premium-wordpress\/ -->\n<title>Road Case Corner Clamp CLA102 - https:\/\/sxflightcase.com \ud83d\udc97<\/title>\n<meta name=\"description\" content=\"Road case corner clamp, factory direct! High-quality, durable clamps designed for secure assembly and reinforcement of case corners. Ideal for heavy-duty protection during transport.\" \/>\n<meta name=\"robots\" content=\"index, follow, max-snippet:-1, max-image-preview:large, max-video-preview:-1\" \/>\n<link rel=\"canonical\" href=\"https:\/\/sxflightcase.com\/es\/producto\/road-case-corner-clamp-cla102-2\/\" \/>\n<meta property=\"og:locale\" content=\"es_MX\" \/>\n<meta property=\"og:type\" content=\"article\" \/>\n<meta property=\"og:title\" content=\"Road Case Corner Clamp CLA102\" \/>\n<meta property=\"og:description\" content=\"Road case corner clamp, factory direct! High-quality, durable clamps designed for secure assembly and reinforcement of case corners. Ideal for heavy-duty protection during transport.\" \/>\n<meta property=\"og:url\" content=\"https:\/\/sxflightcase.com\/es\/producto\/road-case-corner-clamp-cla102-2\/\" \/>\n<meta property=\"og:site_name\" content=\"https:\/\/sxflightcase.com\" \/>\n<meta property=\"article:publisher\" content=\"https:\/\/www.facebook.com\/profile.php?id=61560407257971\" \/>\n<meta property=\"article:modified_time\" content=\"2024-08-22T06:42:07+00:00\" \/>\n<meta property=\"og:image\" content=\"https:\/\/sxflightcase.com\/wp-content\/uploads\/2024\/08\/CLA102.jpg\" \/>\n\t<meta property=\"og:image:width\" content=\"520\" \/>\n\t<meta property=\"og:image:height\" content=\"520\" \/>\n\t<meta property=\"og:image:type\" content=\"image\/jpeg\" \/>\n<meta name=\"twitter:card\" content=\"summary_large_image\" \/>\n<meta name=\"twitter:label1\" content=\"Tiempo de lectura\" \/>\n\t<meta name=\"twitter:data1\" content=\"3 minutos\" \/>\n<script type=\"application\/ld+json\" class=\"yoast-schema-graph\">{\"@context\":\"https:\/\/schema.org\",\"@graph\":[{\"@type\":\"WebPage\",\"@id\":\"https:\/\/sxflightcase.com\/product\/road-case-corner-clamp-cla102\/\",\"url\":\"https:\/\/sxflightcase.com\/product\/road-case-corner-clamp-cla102\/\",\"name\":\"Road Case Corner Clamp CLA102 - https:\/\/sxflightcase.com \ud83d\udc97\",\"isPartOf\":{\"@id\":\"https:\/\/sxflightcase.com\/th\/#website\"},\"primaryImageOfPage\":{\"@id\":\"https:\/\/sxflightcase.com\/product\/road-case-corner-clamp-cla102\/#primaryimage\"},\"image\":{\"@id\":\"https:\/\/sxflightcase.com\/product\/road-case-corner-clamp-cla102\/#primaryimage\"},\"thumbnailUrl\":\"https:\/\/sxflightcase.com\/wp-content\/uploads\/2024\/08\/CLA102.jpg\",\"datePublished\":\"2024-08-22T06:42:06+00:00\",\"dateModified\":\"2024-08-22T06:42:07+00:00\",\"description\":\"Road case corner clamp, factory direct! High-quality, durable clamps designed for secure assembly and reinforcement of case corners. Ideal for heavy-duty protection during transport.\",\"breadcrumb\":{\"@id\":\"https:\/\/sxflightcase.com\/product\/road-case-corner-clamp-cla102\/#breadcrumb\"},\"inLanguage\":\"es\",\"potentialAction\":[{\"@type\":\"ReadAction\",\"target\":[\"https:\/\/sxflightcase.com\/product\/road-case-corner-clamp-cla102\/\"]}]},{\"@type\":\"ImageObject\",\"inLanguage\":\"es\",\"@id\":\"https:\/\/sxflightcase.com\/product\/road-case-corner-clamp-cla102\/#primaryimage\",\"url\":\"https:\/\/sxflightcase.com\/wp-content\/uploads\/2024\/08\/CLA102.jpg\",\"contentUrl\":\"https:\/\/sxflightcase.com\/wp-content\/uploads\/2024\/08\/CLA102.jpg\",\"width\":520,\"height\":520,\"caption\":\"Road Case Corner Clamp\"},{\"@type\":\"BreadcrumbList\",\"@id\":\"https:\/\/sxflightcase.com\/product\/road-case-corner-clamp-cla102\/#breadcrumb\",\"itemListElement\":[{\"@type\":\"ListItem\",\"position\":1,\"name\":\"Home\",\"item\":\"https:\/\/sxflightcase.com\/\"},{\"@type\":\"ListItem\",\"position\":2,\"name\":\"\u0e2a\u0e34\u0e19\u0e04\u0e49\u0e32\",\"item\":\"https:\/\/sxflightcase.com\/th\/shop\/\"},{\"@type\":\"ListItem\",\"position\":3,\"name\":\"Road Case Corner Clamp CLA102\"}]},{\"@type\":\"WebSite\",\"@id\":\"https:\/\/sxflightcase.com\/th\/#website\",\"url\":\"https:\/\/sxflightcase.com\/th\/\",\"name\":\"sxpowercase.com\",\"description\":\"Flight Case Factory\",\"publisher\":{\"@id\":\"https:\/\/sxflightcase.com\/th\/#organization\"},\"potentialAction\":[{\"@type\":\"SearchAction\",\"target\":{\"@type\":\"EntryPoint\",\"urlTemplate\":\"https:\/\/sxflightcase.com\/th\/?s={search_term_string}\"},\"query-input\":{\"@type\":\"PropertyValueSpecification\",\"valueRequired\":true,\"valueName\":\"search_term_string\"}}],\"inLanguage\":\"es\"},{\"@type\":\"Organization\",\"@id\":\"https:\/\/sxflightcase.com\/th\/#organization\",\"name\":\"sxpowercase.com\",\"url\":\"https:\/\/sxflightcase.com\/th\/\",\"logo\":{\"@type\":\"ImageObject\",\"inLanguage\":\"es\",\"@id\":\"https:\/\/sxflightcase.com\/th\/#\/schema\/logo\/image\/\",\"url\":\"https:\/\/sxflightcase.com\/wp-content\/uploads\/2024\/04\/1713919036007.jpg\",\"contentUrl\":\"https:\/\/sxflightcase.com\/wp-content\/uploads\/2024\/04\/1713919036007.jpg\",\"width\":382,\"height\":388,\"caption\":\"sxpowercase.com\"},\"image\":{\"@id\":\"https:\/\/sxflightcase.com\/th\/#\/schema\/logo\/image\/\"},\"sameAs\":[\"https:\/\/www.facebook.com\/profile.php?id=61560407257971\"],\"numberOfEmployees\":{\"@type\":\"QuantitativeValue\",\"minValue\":\"11\",\"maxValue\":\"50\"}}]}<\/script>\n<!-- \/ Yoast SEO Premium plugin. -->","yoast_head_json":{"title":"Road Case Corner Clamp CLA102 - https:\/\/sxflightcase.com \ud83d\udc97","description":"abrazadera para esquinas de maletas de carretera, \u00a1directa de f\u00e1brica! Abrazaderas duraderas de alta calidad dise\u00f1adas para el montaje seguro y el refuerzo de las esquinas de las maletas. Ideales para una protecci\u00f3n resistente durante el transporte.","robots":{"index":"index","follow":"follow","max-snippet":"max-snippet:-1","max-image-preview":"max-image-preview:large","max-video-preview":"max-video-preview:-1"},"canonical":"https:\/\/sxflightcase.com\/es\/producto\/road-case-corner-clamp-cla102-2\/","og_locale":"es_MX","og_type":"article","og_title":"Road Case Corner Clamp CLA102","og_description":"Road case corner clamp, factory direct! High-quality, durable clamps designed for secure assembly and reinforcement of case corners. Ideal for heavy-duty protection during transport.","og_url":"https:\/\/sxflightcase.com\/es\/producto\/road-case-corner-clamp-cla102-2\/","og_site_name":"https:\/\/sxflightcase.com","article_publisher":"https:\/\/www.facebook.com\/profile.php?id=61560407257971","article_modified_time":"2024-08-22T06:42:07+00:00","og_image":[{"width":520,"height":520,"url":"https:\/\/sxflightcase.com\/wp-content\/uploads\/2024\/08\/CLA102.jpg","type":"image\/jpeg"}],"twitter_card":"summary_large_image","twitter_misc":{"Tiempo de lectura":"3 minutos"},"schema":{"@context":"https:\/\/schema.org","@graph":[{"@type":"WebPage","@id":"https:\/\/sxflightcase.com\/product\/road-case-corner-clamp-cla102\/","url":"https:\/\/sxflightcase.com\/product\/road-case-corner-clamp-cla102\/","name":"Road Case Corner Clamp CLA102 - https:\/\/sxflightcase.com \ud83d\udc97","isPartOf":{"@id":"https:\/\/sxflightcase.com\/th\/#website"},"primaryImageOfPage":{"@id":"https:\/\/sxflightcase.com\/product\/road-case-corner-clamp-cla102\/#primaryimage"},"image":{"@id":"https:\/\/sxflightcase.com\/product\/road-case-corner-clamp-cla102\/#primaryimage"},"thumbnailUrl":"https:\/\/sxflightcase.com\/wp-content\/uploads\/2024\/08\/CLA102.jpg","datePublished":"2024-08-22T06:42:06+00:00","dateModified":"2024-08-22T06:42:07+00:00","description":"abrazadera para esquinas de maletas de carretera, \u00a1directa de f\u00e1brica! Abrazaderas duraderas de alta calidad dise\u00f1adas para el montaje seguro y el refuerzo de las esquinas de las maletas. Ideales para una protecci\u00f3n resistente durante el transporte.","breadcrumb":{"@id":"https:\/\/sxflightcase.com\/product\/road-case-corner-clamp-cla102\/#breadcrumb"},"inLanguage":"es","potentialAction":[{"@type":"ReadAction","target":["https:\/\/sxflightcase.com\/product\/road-case-corner-clamp-cla102\/"]}]},{"@type":"ImageObject","inLanguage":"es","@id":"https:\/\/sxflightcase.com\/product\/road-case-corner-clamp-cla102\/#primaryimage","url":"https:\/\/sxflightcase.com\/wp-content\/uploads\/2024\/08\/CLA102.jpg","contentUrl":"https:\/\/sxflightcase.com\/wp-content\/uploads\/2024\/08\/CLA102.jpg","width":520,"height":520,"caption":"Road Case Corner Clamp"},{"@type":"BreadcrumbList","@id":"https:\/\/sxflightcase.com\/product\/road-case-corner-clamp-cla102\/#breadcrumb","itemListElement":[{"@type":"ListItem","position":1,"name":"Home","item":"https:\/\/sxflightcase.com\/"},{"@type":"ListItem","position":2,"name":"\u0e2a\u0e34\u0e19\u0e04\u0e49\u0e32","item":"https:\/\/sxflightcase.com\/th\/shop\/"},{"@type":"ListItem","position":3,"name":"Road Case Corner Clamp CLA102"}]},{"@type":"WebSite","@id":"https:\/\/sxflightcase.com\/th\/#website","url":"https:\/\/sxflightcase.com\/th\/","name":"es.sxpowercase.com","description":"F\u00e1brica de flightcases","publisher":{"@id":"https:\/\/sxflightcase.com\/th\/#organization"},"potentialAction":[{"@type":"SearchAction","target":{"@type":"EntryPoint","urlTemplate":"https:\/\/sxflightcase.com\/th\/?s={search_term_string}"},"query-input":{"@type":"PropertyValueSpecification","valueRequired":true,"valueName":"search_term_string"}}],"inLanguage":"es"},{"@type":"Organization","@id":"https:\/\/sxflightcase.com\/th\/#organization","name":"es.sxpowercase.com","url":"https:\/\/sxflightcase.com\/th\/","logo":{"@type":"ImageObject","inLanguage":"es","@id":"https:\/\/sxflightcase.com\/th\/#\/schema\/logo\/image\/","url":"https:\/\/sxflightcase.com\/wp-content\/uploads\/2024\/04\/1713919036007.jpg","contentUrl":"https:\/\/sxflightcase.com\/wp-content\/uploads\/2024\/04\/1713919036007.jpg","width":382,"height":388,"caption":"sxpowercase.com"},"image":{"@id":"https:\/\/sxflightcase.com\/th\/#\/schema\/logo\/image\/"},"sameAs":["https:\/\/www.facebook.com\/profile.php?id=61560407257971"],"numberOfEmployees":{"@type":"QuantitativeValue","minValue":"11","maxValue":"50"}}]}},"_links":{"self":[{"href":"https:\/\/sxflightcase.com\/es\/wp-json\/wp\/v2\/product\/4197","targetHints":{"allow":["GET"]}}],"collection":[{"href":"https:\/\/sxflightcase.com\/es\/wp-json\/wp\/v2\/product"}],"about":[{"href":"https:\/\/sxflightcase.com\/es\/wp-json\/wp\/v2\/types\/product"}],"replies":[{"embeddable":true,"href":"https:\/\/sxflightcase.com\/es\/wp-json\/wp\/v2\/comments?post=4197"}],"version-history":[{"count":0,"href":"https:\/\/sxflightcase.com\/es\/wp-json\/wp\/v2\/product\/4197\/revisions"}],"wp:featuredmedia":[{"embeddable":true,"href":"https:\/\/sxflightcase.com\/es\/wp-json\/wp\/v2\/media\/4173"}],"wp:attachment":[{"href":"https:\/\/sxflightcase.com\/es\/wp-json\/wp\/v2\/media?parent=4197"}],"wp:term":[{"taxonomy":"product_brand","embeddable":true,"href":"https:\/\/sxflightcase.com\/es\/wp-json\/wp\/v2\/product_brand?post=4197"},{"taxonomy":"product_cat","embeddable":true,"href":"https:\/\/sxflightcase.com\/es\/wp-json\/wp\/v2\/product_cat?post=4197"},{"taxonomy":"product_tag","embeddable":true,"href":"https:\/\/sxflightcase.com\/es\/wp-json\/wp\/v2\/product_tag?post=4197"}],"curies":[{"name":"wp","href":"https:\/\/api.w.org\/{rel}","templated":true}]}}