{"id":4208,"date":"2024-08-23T07:20:31","date_gmt":"2024-08-23T06:20:31","guid":{"rendered":"https:\/\/sxpowercase.com\/?post_type=product&#038;p=4208"},"modified":"2024-08-23T07:20:32","modified_gmt":"2024-08-23T06:20:32","slug":"flight-case-corner-clamp-cla501","status":"publish","type":"product","link":"https:\/\/sxflightcase.com\/es\/producto\/flight-case-abrazadera-de-esquina-cla501-2\/","title":{"rendered":"Abrazadera de esquina para caja de vuelo CLA501"},"content":{"rendered":"<h3>SX Flight Case Abrazadera de Esquina: Hardware de alta calidad a precios asequibles<\/h3>\n<h4>Refuerce sus flight cases con abrazaderas fiables<\/h4>\n<p>Para quienes necesitan una protecci\u00f3n duradera para sus equipos, SX's <span style=\"color: #3366ff;\"><a style=\"color: #3366ff;\" href=\"https:\/\/sxpowercase.com\/product\/flight-case-corner-clamp-cla401\/\"><strong>Abrazadera de esquina para Flight Case<\/strong><\/a><\/span> es un componente crucial. Dise\u00f1adas para a\u00f1adir estabilidad y seguridad, estas abrazaderas son perfectas para reforzar las esquinas de sus flight cases. Con nuestros precios directos de f\u00e1brica, SX se asegura de que reciba hardware de primera categor\u00eda a precios competitivos, ofreciendo un excelente valor sin sacrificar la calidad.<\/p>\n<h4>Construcci\u00f3n duradera en la que puede confiar<\/h4>\n<p><a href=\"https:\/\/sxpowercase.com\/\" target=\"_blank\" rel=\"noopener\" title=\"SX\" data-wpil-monitor-id=\"691\">SX<\/a> <strong>Abrazaderas de esquina para flightcases<\/strong> est\u00e1n fabricadas con materiales met\u00e1licos resistentes dise\u00f1ados para soportar las condiciones m\u00e1s duras. Estas abrazaderas proporcionan una protecci\u00f3n superior, garantizando que su equipo permanezca seguro durante el transporte. Al fabricar directamente y eliminar intermediarios innecesarios, SX es capaz de ofrecer estos productos de alta calidad a precios que se ajustan a cualquier presupuesto.<\/p>\n<h4>Instalaci\u00f3n r\u00e1pida y m\u00e1xima protecci\u00f3n<\/h4>\n<p>El dise\u00f1o de SX <strong>Abrazadera de esquina para Flight Case<\/strong> permite una instalaci\u00f3n f\u00e1cil y r\u00e1pida. Tanto si eres un constructor profesional como si est\u00e1s realizando un proyecto de bricolaje, estas abrazaderas ofrecen un ajuste perfecto que mantiene las esquinas de tu flight case en su sitio. Esta estabilidad minimiza el riesgo de da\u00f1os, lo que las convierte en una opci\u00f3n esencial para cualquiera que desee proteger su valioso equipo. Con los ahorros directos de f\u00e1brica de SX, puede asegurar sus maletas a un precio asequible.<\/p>\n<h4>Garant\u00eda de calidad en cada compra<\/h4>\n<p>En SX, damos gran importancia al suministro de productos de alta calidad. Nuestra <strong>Abrazaderas de esquina para flightcases<\/strong> pasan por estrictos procesos de control de calidad para garantizar que cumplen las normas del sector. Al gestionar la producci\u00f3n y la distribuci\u00f3n internamente, SX ofrece hardware fiable a precios m\u00e1s bajos, manteniendo la calidad en la que conf\u00edan los profesionales.<\/p>\n<h4>Hardware vers\u00e1til para varios dise\u00f1os de cajas<\/h4>\n<p>SX <strong>Abrazaderas de esquina para flightcases<\/strong> son vers\u00e1tiles y se adaptan a diferentes configuraciones de cajas. Tanto si est\u00e1 construyendo una caja nueva como reforzando una existente, estas abrazaderas proporcionan un soporte fiable de las esquinas en cajas de distintos tama\u00f1os. Nuestro compromiso con las ventas directas de f\u00e1brica le permite disfrutar de herrajes de primera calidad a precios asequibles, lo que facilita la finalizaci\u00f3n de sus proyectos sin salirse del presupuesto.<\/p>\n<h4>Soluciones personalizadas para necesidades \u00fanicas<\/h4>\n<p>SX ofrece opciones de personalizaci\u00f3n para nuestros <strong>Abrazaderas de esquina para flightcases<\/strong> para satisfacer las necesidades espec\u00edficas de cada proyecto. Si necesita materiales, acabados o dimensiones especiales, podemos ajustar nuestros productos en consecuencia. Nuestro modelo directo de f\u00e1brica garantiza que incluso las abrazaderas personalizadas est\u00e9n disponibles a precios competitivos, ofreci\u00e9ndole soluciones a medida sin costes inflados.<\/p>\n<h4>SX: combinar calidad y asequibilidad<\/h4>\n<p>SX se dedica a ofrecer hardware de alta calidad a precios bajos. Nuestra <strong>Abrazaderas de esquina para flightcases<\/strong> son un excelente ejemplo de c\u00f3mo ofrecemos durabilidad, fiabilidad y asequibilidad en un solo paquete. Mediante el control del proceso de producci\u00f3n y la reducci\u00f3n de costes innecesarios, proporcionamos a nuestros clientes abrazaderas resistentes y fiables con una excelente relaci\u00f3n calidad-precio.<\/p>\n<h4>Asegure sus maletas con SX Flight Case Hardware<\/h4>\n<p>Cuando se trata de reforzar sus flight cases, conf\u00ede en SX's <strong>Abrazaderas de esquina para flightcases<\/strong>. Con una instalaci\u00f3n sencilla, una construcci\u00f3n duradera y un precio competitivo, nuestras abrazaderas son la elecci\u00f3n perfecta tanto para profesionales como para aficionados. Elija SX para su pr\u00f3ximo proyecto y experimente la calidad y el ahorro que solo pueden ofrecer los productos directos de f\u00e1brica.<\/p>\n<p>Cont\u00e1ctenos ahora:<span style=\"color: #0000ff;\"><a style=\"color: #0000ff;\" href=\"https:\/\/sxpowercase.com\/contact-us\/\">https:\/\/sxpowercase.com\/<\/a><\/span><\/p>\n<p>Cat\u00e1logo de productos de hardware:<span style=\"color: #3366ff;\"><a style=\"color: #3366ff;\" href=\"https:\/\/sxpowercase.com\/wp-content\/uploads\/2024\/07\/\u4e94\u91d1.pdf\">Cat\u00e1logo de accesorios de ferreter\u00eda<\/a><\/span><\/p>","protected":false},"excerpt":{"rendered":"<h3>SX Flight Case Abrazaderas de Esquina: Protecci\u00f3n asequible para su equipo<\/h3>\n<p>SX ofrece abrazaderas esquineras para flightcases de alta calidad que proporcionan un refuerzo fiable de las esquinas de sus flightcases. Con precios directos de f\u00e1brica, obtendr\u00e1 un hardware duradero dise\u00f1ado para proteger su equipo sin gastar de m\u00e1s.<\/p>\n<h3>Fabricado para durar, f\u00e1cil de instalar<\/h3>\n<p>Fabricadas en metal robusto, las abrazaderas de esquina para flightcases SX garantizan una larga durabilidad y son r\u00e1pidas de instalar. Tanto si eres un profesional como un aficionado al bricolaje, estas abrazaderas ofrecen un fuerte soporte para unas flight cases seguras y estables.<\/p>\n<h3>Opciones personalizables a precios de f\u00e1brica<\/h3>\n<p>SX ofrece dimensiones y acabados personalizables para nuestras abrazaderas de esquina para flightcases. Disfrute de un hardware de primera calidad adaptado a sus necesidades a precios inmejorables, gracias a nuestro modelo de venta directa al cliente.<\/p>","protected":false},"featured_media":4179,"comment_status":"open","ping_status":"closed","template":"","meta":[],"product_brand":[],"product_cat":[64],"product_tag":[],"class_list":{"0":"post-4208","1":"product","2":"type-product","3":"status-publish","4":"has-post-thumbnail","6":"product_cat-clamps","8":"first","9":"instock","10":"shipping-taxable","11":"product-type-simple"},"yoast_head":"<!-- This site is optimized with the Yoast SEO Premium plugin v27.1 (Yoast SEO v27.2) - https:\/\/yoast.com\/product\/yoast-seo-premium-wordpress\/ -->\n<title>Flight Case Corner Clamp CLA501 - https:\/\/sxflightcase.com \ud83d\udc97<\/title>\n<meta name=\"description\" content=\"Flight case corner clamp, factory direct! High-quality, durable clamps designed to reinforce and securely fasten flight case corners. Ideal for ensuring long-lasting protection during transport.\" \/>\n<meta name=\"robots\" content=\"index, follow, max-snippet:-1, max-image-preview:large, max-video-preview:-1\" \/>\n<link rel=\"canonical\" href=\"https:\/\/sxflightcase.com\/es\/producto\/flight-case-abrazadera-de-esquina-cla501-2\/\" \/>\n<meta property=\"og:locale\" content=\"es_MX\" \/>\n<meta property=\"og:type\" content=\"article\" \/>\n<meta property=\"og:title\" content=\"Flight Case Corner Clamp CLA501\" \/>\n<meta property=\"og:description\" content=\"Flight case corner clamp, factory direct! High-quality, durable clamps designed to reinforce and securely fasten flight case corners. Ideal for ensuring long-lasting protection during transport.\" \/>\n<meta property=\"og:url\" content=\"https:\/\/sxflightcase.com\/es\/producto\/flight-case-abrazadera-de-esquina-cla501-2\/\" \/>\n<meta property=\"og:site_name\" content=\"https:\/\/sxflightcase.com\" \/>\n<meta property=\"article:publisher\" content=\"https:\/\/www.facebook.com\/profile.php?id=61560407257971\" \/>\n<meta property=\"article:modified_time\" content=\"2024-08-23T06:20:32+00:00\" \/>\n<meta property=\"og:image\" content=\"https:\/\/sxflightcase.com\/wp-content\/uploads\/2024\/08\/CLA501.jpg\" \/>\n\t<meta property=\"og:image:width\" content=\"700\" \/>\n\t<meta property=\"og:image:height\" content=\"700\" \/>\n\t<meta property=\"og:image:type\" content=\"image\/jpeg\" \/>\n<meta name=\"twitter:card\" content=\"summary_large_image\" \/>\n<meta name=\"twitter:label1\" content=\"Tiempo de lectura\" \/>\n\t<meta name=\"twitter:data1\" content=\"3 minutos\" \/>\n<script type=\"application\/ld+json\" class=\"yoast-schema-graph\">{\"@context\":\"https:\/\/schema.org\",\"@graph\":[{\"@type\":\"WebPage\",\"@id\":\"https:\/\/sxflightcase.com\/product\/flight-case-corner-clamp-cla501\/\",\"url\":\"https:\/\/sxflightcase.com\/product\/flight-case-corner-clamp-cla501\/\",\"name\":\"Flight Case Corner Clamp CLA501 - https:\/\/sxflightcase.com \ud83d\udc97\",\"isPartOf\":{\"@id\":\"https:\/\/sxflightcase.com\/th\/#website\"},\"primaryImageOfPage\":{\"@id\":\"https:\/\/sxflightcase.com\/product\/flight-case-corner-clamp-cla501\/#primaryimage\"},\"image\":{\"@id\":\"https:\/\/sxflightcase.com\/product\/flight-case-corner-clamp-cla501\/#primaryimage\"},\"thumbnailUrl\":\"https:\/\/sxflightcase.com\/wp-content\/uploads\/2024\/08\/CLA501.jpg\",\"datePublished\":\"2024-08-23T06:20:31+00:00\",\"dateModified\":\"2024-08-23T06:20:32+00:00\",\"description\":\"Flight case corner clamp, factory direct! High-quality, durable clamps designed to reinforce and securely fasten flight case corners. Ideal for ensuring long-lasting protection during transport.\",\"breadcrumb\":{\"@id\":\"https:\/\/sxflightcase.com\/product\/flight-case-corner-clamp-cla501\/#breadcrumb\"},\"inLanguage\":\"es\",\"potentialAction\":[{\"@type\":\"ReadAction\",\"target\":[\"https:\/\/sxflightcase.com\/product\/flight-case-corner-clamp-cla501\/\"]}]},{\"@type\":\"ImageObject\",\"inLanguage\":\"es\",\"@id\":\"https:\/\/sxflightcase.com\/product\/flight-case-corner-clamp-cla501\/#primaryimage\",\"url\":\"https:\/\/sxflightcase.com\/wp-content\/uploads\/2024\/08\/CLA501.jpg\",\"contentUrl\":\"https:\/\/sxflightcase.com\/wp-content\/uploads\/2024\/08\/CLA501.jpg\",\"width\":700,\"height\":700,\"caption\":\"Flight Case Corner Clamp\"},{\"@type\":\"BreadcrumbList\",\"@id\":\"https:\/\/sxflightcase.com\/product\/flight-case-corner-clamp-cla501\/#breadcrumb\",\"itemListElement\":[{\"@type\":\"ListItem\",\"position\":1,\"name\":\"Home\",\"item\":\"https:\/\/sxflightcase.com\/\"},{\"@type\":\"ListItem\",\"position\":2,\"name\":\"\u0e2a\u0e34\u0e19\u0e04\u0e49\u0e32\",\"item\":\"https:\/\/sxflightcase.com\/th\/shop\/\"},{\"@type\":\"ListItem\",\"position\":3,\"name\":\"Flight Case Corner Clamp CLA501\"}]},{\"@type\":\"WebSite\",\"@id\":\"https:\/\/sxflightcase.com\/th\/#website\",\"url\":\"https:\/\/sxflightcase.com\/th\/\",\"name\":\"sxpowercase.com\",\"description\":\"Flight Case Factory\",\"publisher\":{\"@id\":\"https:\/\/sxflightcase.com\/th\/#organization\"},\"potentialAction\":[{\"@type\":\"SearchAction\",\"target\":{\"@type\":\"EntryPoint\",\"urlTemplate\":\"https:\/\/sxflightcase.com\/th\/?s={search_term_string}\"},\"query-input\":{\"@type\":\"PropertyValueSpecification\",\"valueRequired\":true,\"valueName\":\"search_term_string\"}}],\"inLanguage\":\"es\"},{\"@type\":\"Organization\",\"@id\":\"https:\/\/sxflightcase.com\/th\/#organization\",\"name\":\"sxpowercase.com\",\"url\":\"https:\/\/sxflightcase.com\/th\/\",\"logo\":{\"@type\":\"ImageObject\",\"inLanguage\":\"es\",\"@id\":\"https:\/\/sxflightcase.com\/th\/#\/schema\/logo\/image\/\",\"url\":\"https:\/\/sxflightcase.com\/wp-content\/uploads\/2024\/04\/1713919036007.jpg\",\"contentUrl\":\"https:\/\/sxflightcase.com\/wp-content\/uploads\/2024\/04\/1713919036007.jpg\",\"width\":382,\"height\":388,\"caption\":\"sxpowercase.com\"},\"image\":{\"@id\":\"https:\/\/sxflightcase.com\/th\/#\/schema\/logo\/image\/\"},\"sameAs\":[\"https:\/\/www.facebook.com\/profile.php?id=61560407257971\"],\"numberOfEmployees\":{\"@type\":\"QuantitativeValue\",\"minValue\":\"11\",\"maxValue\":\"50\"}}]}<\/script>\n<!-- \/ Yoast SEO Premium plugin. -->","yoast_head_json":{"title":"Flight Case Corner Clamp CLA501 - https:\/\/sxflightcase.com \ud83d\udc97","description":"Abrazaderas para esquinas de flightcases, \u00a1directas de f\u00e1brica! Abrazaderas duraderas de alta calidad dise\u00f1adas para reforzar y sujetar con seguridad las esquinas de los flightcases. Ideales para garantizar una protecci\u00f3n duradera durante el transporte.","robots":{"index":"index","follow":"follow","max-snippet":"max-snippet:-1","max-image-preview":"max-image-preview:large","max-video-preview":"max-video-preview:-1"},"canonical":"https:\/\/sxflightcase.com\/es\/producto\/flight-case-abrazadera-de-esquina-cla501-2\/","og_locale":"es_MX","og_type":"article","og_title":"Flight Case Corner Clamp CLA501","og_description":"Flight case corner clamp, factory direct! High-quality, durable clamps designed to reinforce and securely fasten flight case corners. Ideal for ensuring long-lasting protection during transport.","og_url":"https:\/\/sxflightcase.com\/es\/producto\/flight-case-abrazadera-de-esquina-cla501-2\/","og_site_name":"https:\/\/sxflightcase.com","article_publisher":"https:\/\/www.facebook.com\/profile.php?id=61560407257971","article_modified_time":"2024-08-23T06:20:32+00:00","og_image":[{"width":700,"height":700,"url":"https:\/\/sxflightcase.com\/wp-content\/uploads\/2024\/08\/CLA501.jpg","type":"image\/jpeg"}],"twitter_card":"summary_large_image","twitter_misc":{"Tiempo de lectura":"3 minutos"},"schema":{"@context":"https:\/\/schema.org","@graph":[{"@type":"WebPage","@id":"https:\/\/sxflightcase.com\/product\/flight-case-corner-clamp-cla501\/","url":"https:\/\/sxflightcase.com\/product\/flight-case-corner-clamp-cla501\/","name":"Flight Case Corner Clamp CLA501 - https:\/\/sxflightcase.com \ud83d\udc97","isPartOf":{"@id":"https:\/\/sxflightcase.com\/th\/#website"},"primaryImageOfPage":{"@id":"https:\/\/sxflightcase.com\/product\/flight-case-corner-clamp-cla501\/#primaryimage"},"image":{"@id":"https:\/\/sxflightcase.com\/product\/flight-case-corner-clamp-cla501\/#primaryimage"},"thumbnailUrl":"https:\/\/sxflightcase.com\/wp-content\/uploads\/2024\/08\/CLA501.jpg","datePublished":"2024-08-23T06:20:31+00:00","dateModified":"2024-08-23T06:20:32+00:00","description":"Abrazaderas para esquinas de flightcases, \u00a1directas de f\u00e1brica! Abrazaderas duraderas de alta calidad dise\u00f1adas para reforzar y sujetar con seguridad las esquinas de los flightcases. Ideales para garantizar una protecci\u00f3n duradera durante el transporte.","breadcrumb":{"@id":"https:\/\/sxflightcase.com\/product\/flight-case-corner-clamp-cla501\/#breadcrumb"},"inLanguage":"es","potentialAction":[{"@type":"ReadAction","target":["https:\/\/sxflightcase.com\/product\/flight-case-corner-clamp-cla501\/"]}]},{"@type":"ImageObject","inLanguage":"es","@id":"https:\/\/sxflightcase.com\/product\/flight-case-corner-clamp-cla501\/#primaryimage","url":"https:\/\/sxflightcase.com\/wp-content\/uploads\/2024\/08\/CLA501.jpg","contentUrl":"https:\/\/sxflightcase.com\/wp-content\/uploads\/2024\/08\/CLA501.jpg","width":700,"height":700,"caption":"Flight Case Corner Clamp"},{"@type":"BreadcrumbList","@id":"https:\/\/sxflightcase.com\/product\/flight-case-corner-clamp-cla501\/#breadcrumb","itemListElement":[{"@type":"ListItem","position":1,"name":"Home","item":"https:\/\/sxflightcase.com\/"},{"@type":"ListItem","position":2,"name":"\u0e2a\u0e34\u0e19\u0e04\u0e49\u0e32","item":"https:\/\/sxflightcase.com\/th\/shop\/"},{"@type":"ListItem","position":3,"name":"Flight Case Corner Clamp CLA501"}]},{"@type":"WebSite","@id":"https:\/\/sxflightcase.com\/th\/#website","url":"https:\/\/sxflightcase.com\/th\/","name":"es.sxpowercase.com","description":"F\u00e1brica de flightcases","publisher":{"@id":"https:\/\/sxflightcase.com\/th\/#organization"},"potentialAction":[{"@type":"SearchAction","target":{"@type":"EntryPoint","urlTemplate":"https:\/\/sxflightcase.com\/th\/?s={search_term_string}"},"query-input":{"@type":"PropertyValueSpecification","valueRequired":true,"valueName":"search_term_string"}}],"inLanguage":"es"},{"@type":"Organization","@id":"https:\/\/sxflightcase.com\/th\/#organization","name":"es.sxpowercase.com","url":"https:\/\/sxflightcase.com\/th\/","logo":{"@type":"ImageObject","inLanguage":"es","@id":"https:\/\/sxflightcase.com\/th\/#\/schema\/logo\/image\/","url":"https:\/\/sxflightcase.com\/wp-content\/uploads\/2024\/04\/1713919036007.jpg","contentUrl":"https:\/\/sxflightcase.com\/wp-content\/uploads\/2024\/04\/1713919036007.jpg","width":382,"height":388,"caption":"sxpowercase.com"},"image":{"@id":"https:\/\/sxflightcase.com\/th\/#\/schema\/logo\/image\/"},"sameAs":["https:\/\/www.facebook.com\/profile.php?id=61560407257971"],"numberOfEmployees":{"@type":"QuantitativeValue","minValue":"11","maxValue":"50"}}]}},"_links":{"self":[{"href":"https:\/\/sxflightcase.com\/es\/wp-json\/wp\/v2\/product\/4208","targetHints":{"allow":["GET"]}}],"collection":[{"href":"https:\/\/sxflightcase.com\/es\/wp-json\/wp\/v2\/product"}],"about":[{"href":"https:\/\/sxflightcase.com\/es\/wp-json\/wp\/v2\/types\/product"}],"replies":[{"embeddable":true,"href":"https:\/\/sxflightcase.com\/es\/wp-json\/wp\/v2\/comments?post=4208"}],"version-history":[{"count":0,"href":"https:\/\/sxflightcase.com\/es\/wp-json\/wp\/v2\/product\/4208\/revisions"}],"wp:featuredmedia":[{"embeddable":true,"href":"https:\/\/sxflightcase.com\/es\/wp-json\/wp\/v2\/media\/4179"}],"wp:attachment":[{"href":"https:\/\/sxflightcase.com\/es\/wp-json\/wp\/v2\/media?parent=4208"}],"wp:term":[{"taxonomy":"product_brand","embeddable":true,"href":"https:\/\/sxflightcase.com\/es\/wp-json\/wp\/v2\/product_brand?post=4208"},{"taxonomy":"product_cat","embeddable":true,"href":"https:\/\/sxflightcase.com\/es\/wp-json\/wp\/v2\/product_cat?post=4208"},{"taxonomy":"product_tag","embeddable":true,"href":"https:\/\/sxflightcase.com\/es\/wp-json\/wp\/v2\/product_tag?post=4208"}],"curies":[{"name":"wp","href":"https:\/\/api.w.org\/{rel}","templated":true}]}}