{"id":4221,"date":"2024-08-26T08:28:53","date_gmt":"2024-08-26T07:28:53","guid":{"rendered":"https:\/\/sxpowercase.com\/?post_type=product&#038;p=4221"},"modified":"2024-08-26T08:28:54","modified_gmt":"2024-08-26T07:28:54","slug":"flight-case-corner-brace-cla802","status":"publish","type":"product","link":"https:\/\/sxflightcase.com\/es\/producto\/flight-case-cantonera-cla802\/","title":{"rendered":"Soporte de esquina para Flight Case CLA802"},"content":{"rendered":"<h3>SX Flight Case Corner Brace: Aumente la durabilidad sin arruinarse<\/h3>\n<h4>Protecci\u00f3n superior con SX Flight Case Corner Brace<\/h4>\n<p>A la hora de proteger sus valiosos equipos, es esencial contar con un hardware fiable. SX proporciona <span style=\"color: #3366ff;\"><a style=\"color: #3366ff;\" href=\"https:\/\/sxpowercase.com\/product\/flight-case-corner-brace-cla801\/\"><strong>Cantonera para Flight Case<\/strong><\/a><\/span>\u00a0que ofrecen una mayor durabilidad y protecci\u00f3n para su equipo. Dise\u00f1ados tanto para profesionales como para aficionados al bricolaje, estos soportes ayudan a reforzar la integridad estructural de las maletas a un precio asequible.<\/p>\n<h4>Dise\u00f1ado para un alto rendimiento<\/h4>\n<p>SX <strong>Refuerzos esquineros para flightcases<\/strong> est\u00e1n fabricadas con materiales met\u00e1licos robustos, lo que garantiza que resistan el desgaste del uso frecuente. Estas cantoneras protegen las maletas de da\u00f1os por impacto y mantienen el equipo a salvo durante el transporte. Con un enfoque en la garant\u00eda de calidad, <a href=\"https:\/\/sxpowercase.com\/\" target=\"_blank\" rel=\"noopener\" title=\"SX\" data-wpil-monitor-id=\"699\">SX<\/a> ofrece soluciones de hardware duraderas que rinden en cualquier entorno.<\/p>\n<h4>Precios directos de f\u00e1brica para un mayor ahorro<\/h4>\n<p>En SX, creemos que hay que ofrecer productos de alta calidad a precios asequibles. Al abastecernos directamente de nuestra f\u00e1brica, mantenemos los costes bajos y repercutimos el ahorro en usted. Nuestra <strong>Refuerzos esquineros para flightcases<\/strong> ofrecen una soluci\u00f3n asequible para quienes desean durabilidad y calidad sin gastar de m\u00e1s. Los precios directos de f\u00e1brica le garantizan m\u00e1s valor por su dinero.<\/p>\n<h4>F\u00e1cil instalaci\u00f3n y ajuste vers\u00e1til<\/h4>\n<p>El <strong>Refuerzos esquineros para flightcases<\/strong> de SX est\u00e1n dise\u00f1ados para una instalaci\u00f3n r\u00e1pida y sencilla, por lo que son ideales para diversos dise\u00f1os de cajas. Tanto si est\u00e1 actualizando una maleta existente como montando una nueva, nuestras cantoneras encajan a la perfecci\u00f3n, proporcion\u00e1ndole la estabilidad que necesita. La versatilidad de nuestros herrajes garantiza la compatibilidad con m\u00faltiples configuraciones, atendiendo a los distintos requisitos de los proyectos.<\/p>\n<h4>Opciones de personalizaci\u00f3n adaptadas a sus necesidades<\/h4>\n<p>En SX, la personalizaci\u00f3n es la clave. Ofrecemos una amplia gama de opciones para nuestros <strong>Refuerzos esquineros para flightcases<\/strong>, lo que le permite elegir las especificaciones que mejor se adapten a sus casos. Desde diferentes tama\u00f1os hasta acabados y materiales, adaptamos nuestros productos a sus preferencias exactas manteniendo precios competitivos. Las soluciones personalizadas no tienen por qu\u00e9 ser caras con SX.<\/p>\n<h4>SX: su socio de confianza para el hardware de maletines<\/h4>\n<p>SX se compromete a suministrar hardware fiable y rentable para flight cases. Nuestro <strong>Refuerzos esquineros para flightcases<\/strong> se fabrican con atenci\u00f3n al detalle, garantizando una protecci\u00f3n y un rendimiento \u00f3ptimos. Cuando eliges SX, eliges una marca conocida por su garant\u00eda de calidad, asequibilidad y satisfacci\u00f3n del cliente.<\/p>\n<h4>Proteja su equipo con las cantoneras SX Flight Case<\/h4>\n<p>A la hora de construir o reparar una flight case, cada componente desempe\u00f1a un papel fundamental para garantizar la seguridad de su equipo. SX <strong>Refuerzos esquineros para flightcases<\/strong> a\u00f1aden el refuerzo extra necesario para mantener sus maletas en las mejores condiciones. Con una mezcla de asequibilidad, calidad y facilidad de uso, SX ofrece la soluci\u00f3n perfecta para cualquiera que busque mejorar su flight case con un hardware duradero y fiable.<\/p>\n<p>Cont\u00e1ctenos ahora:<span style=\"color: #0000ff;\"><a style=\"color: #0000ff;\" href=\"https:\/\/sxpowercase.com\/contact-us\/\">https:\/\/sxpowercase.com\/<\/a><\/span><\/p>\n<p>Cat\u00e1logo de productos de hardware:<span style=\"color: #3366ff;\"><a style=\"color: #3366ff;\" href=\"https:\/\/sxpowercase.com\/wp-content\/uploads\/2024\/07\/\u4e94\u91d1.pdf\">Cat\u00e1logo de accesorios de ferreter\u00eda<\/a><\/span><\/p>","protected":false},"excerpt":{"rendered":"<h3>SX Flight Case Corner Brace: Protecci\u00f3n reforzada a precios asequibles<\/h3>\n<p>SX ofrece cantoneras met\u00e1licas de alta calidad para reforzar sus cajas durante el transporte frecuente. Las ventas directas de f\u00e1brica garantizan un hardware duradero a precios asequibles.<\/p>\n<h3>Escuadras SX duraderas y f\u00e1ciles de instalar<\/h3>\n<p>Las cantoneras SX se adaptan a varios dise\u00f1os de cajas y son f\u00e1ciles de instalar, proporcionando una mayor estabilidad. Tanto si se trata de actualizar cajas antiguas como de construir nuevas, SX es una elecci\u00f3n de confianza.<\/p>\n<h3>Soluciones personalizadas para satisfacer sus necesidades espec\u00edficas<\/h3>\n<p>SX ofrece opciones de personalizaci\u00f3n del tama\u00f1o y el material, al tiempo que mantiene los precios directos de f\u00e1brica, proporcionando un hardware rentable adaptado a sus requisitos exclusivos.<\/p>","protected":false},"featured_media":4187,"comment_status":"open","ping_status":"closed","template":"","meta":[],"product_brand":[],"product_cat":[64],"product_tag":[],"class_list":{"0":"post-4221","1":"product","2":"type-product","3":"status-publish","4":"has-post-thumbnail","6":"product_cat-clamps","8":"first","9":"instock","10":"shipping-taxable","11":"product-type-simple"},"yoast_head":"<!-- This site is optimized with the Yoast SEO Premium plugin v27.1 (Yoast SEO v27.2) - https:\/\/yoast.com\/product\/yoast-seo-premium-wordpress\/ -->\n<title>Flight Case Corner Brace CLA802 - https:\/\/sxflightcase.com \ud83d\udc97<\/title>\n<meta name=\"description\" content=\"Flight case corner brace, factory direct! Durable, high-quality braces designed to reinforce and secure flight case corners. Ideal for ensuring stability and long-lasting protection during transport.\" \/>\n<meta name=\"robots\" content=\"index, follow, max-snippet:-1, max-image-preview:large, max-video-preview:-1\" \/>\n<link rel=\"canonical\" href=\"https:\/\/sxflightcase.com\/es\/producto\/flight-case-cantonera-cla802\/\" \/>\n<meta property=\"og:locale\" content=\"es_MX\" \/>\n<meta property=\"og:type\" content=\"article\" \/>\n<meta property=\"og:title\" content=\"Flight Case Corner Brace CLA802\" \/>\n<meta property=\"og:description\" content=\"Flight case corner brace, factory direct! Durable, high-quality braces designed to reinforce and secure flight case corners. Ideal for ensuring stability and long-lasting protection during transport.\" \/>\n<meta property=\"og:url\" content=\"https:\/\/sxflightcase.com\/es\/producto\/flight-case-cantonera-cla802\/\" \/>\n<meta property=\"og:site_name\" content=\"https:\/\/sxflightcase.com\" \/>\n<meta property=\"article:publisher\" content=\"https:\/\/www.facebook.com\/profile.php?id=61560407257971\" \/>\n<meta property=\"article:modified_time\" content=\"2024-08-26T07:28:54+00:00\" \/>\n<meta property=\"og:image\" content=\"https:\/\/sxflightcase.com\/wp-content\/uploads\/2024\/08\/CLA802.jpg\" \/>\n\t<meta property=\"og:image:width\" content=\"700\" \/>\n\t<meta property=\"og:image:height\" content=\"700\" \/>\n\t<meta property=\"og:image:type\" content=\"image\/jpeg\" \/>\n<meta name=\"twitter:card\" content=\"summary_large_image\" \/>\n<meta name=\"twitter:label1\" content=\"Tiempo de lectura\" \/>\n\t<meta name=\"twitter:data1\" content=\"3 minutos\" \/>\n<script type=\"application\/ld+json\" class=\"yoast-schema-graph\">{\"@context\":\"https:\/\/schema.org\",\"@graph\":[{\"@type\":\"WebPage\",\"@id\":\"https:\/\/sxflightcase.com\/product\/flight-case-corner-brace-cla802\/\",\"url\":\"https:\/\/sxflightcase.com\/product\/flight-case-corner-brace-cla802\/\",\"name\":\"Flight Case Corner Brace CLA802 - https:\/\/sxflightcase.com \ud83d\udc97\",\"isPartOf\":{\"@id\":\"https:\/\/sxflightcase.com\/th\/#website\"},\"primaryImageOfPage\":{\"@id\":\"https:\/\/sxflightcase.com\/product\/flight-case-corner-brace-cla802\/#primaryimage\"},\"image\":{\"@id\":\"https:\/\/sxflightcase.com\/product\/flight-case-corner-brace-cla802\/#primaryimage\"},\"thumbnailUrl\":\"https:\/\/sxflightcase.com\/wp-content\/uploads\/2024\/08\/CLA802.jpg\",\"datePublished\":\"2024-08-26T07:28:53+00:00\",\"dateModified\":\"2024-08-26T07:28:54+00:00\",\"description\":\"Flight case corner brace, factory direct! Durable, high-quality braces designed to reinforce and secure flight case corners. Ideal for ensuring stability and long-lasting protection during transport.\",\"breadcrumb\":{\"@id\":\"https:\/\/sxflightcase.com\/product\/flight-case-corner-brace-cla802\/#breadcrumb\"},\"inLanguage\":\"es\",\"potentialAction\":[{\"@type\":\"ReadAction\",\"target\":[\"https:\/\/sxflightcase.com\/product\/flight-case-corner-brace-cla802\/\"]}]},{\"@type\":\"ImageObject\",\"inLanguage\":\"es\",\"@id\":\"https:\/\/sxflightcase.com\/product\/flight-case-corner-brace-cla802\/#primaryimage\",\"url\":\"https:\/\/sxflightcase.com\/wp-content\/uploads\/2024\/08\/CLA802.jpg\",\"contentUrl\":\"https:\/\/sxflightcase.com\/wp-content\/uploads\/2024\/08\/CLA802.jpg\",\"width\":700,\"height\":700,\"caption\":\"Flight Case Corner Brace\"},{\"@type\":\"BreadcrumbList\",\"@id\":\"https:\/\/sxflightcase.com\/product\/flight-case-corner-brace-cla802\/#breadcrumb\",\"itemListElement\":[{\"@type\":\"ListItem\",\"position\":1,\"name\":\"Home\",\"item\":\"https:\/\/sxflightcase.com\/\"},{\"@type\":\"ListItem\",\"position\":2,\"name\":\"\u0e2a\u0e34\u0e19\u0e04\u0e49\u0e32\",\"item\":\"https:\/\/sxflightcase.com\/th\/shop\/\"},{\"@type\":\"ListItem\",\"position\":3,\"name\":\"Flight Case Corner Brace CLA802\"}]},{\"@type\":\"WebSite\",\"@id\":\"https:\/\/sxflightcase.com\/th\/#website\",\"url\":\"https:\/\/sxflightcase.com\/th\/\",\"name\":\"sxpowercase.com\",\"description\":\"Flight Case Factory\",\"publisher\":{\"@id\":\"https:\/\/sxflightcase.com\/th\/#organization\"},\"potentialAction\":[{\"@type\":\"SearchAction\",\"target\":{\"@type\":\"EntryPoint\",\"urlTemplate\":\"https:\/\/sxflightcase.com\/th\/?s={search_term_string}\"},\"query-input\":{\"@type\":\"PropertyValueSpecification\",\"valueRequired\":true,\"valueName\":\"search_term_string\"}}],\"inLanguage\":\"es\"},{\"@type\":\"Organization\",\"@id\":\"https:\/\/sxflightcase.com\/th\/#organization\",\"name\":\"sxpowercase.com\",\"url\":\"https:\/\/sxflightcase.com\/th\/\",\"logo\":{\"@type\":\"ImageObject\",\"inLanguage\":\"es\",\"@id\":\"https:\/\/sxflightcase.com\/th\/#\/schema\/logo\/image\/\",\"url\":\"https:\/\/sxflightcase.com\/wp-content\/uploads\/2024\/04\/1713919036007.jpg\",\"contentUrl\":\"https:\/\/sxflightcase.com\/wp-content\/uploads\/2024\/04\/1713919036007.jpg\",\"width\":382,\"height\":388,\"caption\":\"sxpowercase.com\"},\"image\":{\"@id\":\"https:\/\/sxflightcase.com\/th\/#\/schema\/logo\/image\/\"},\"sameAs\":[\"https:\/\/www.facebook.com\/profile.php?id=61560407257971\"],\"numberOfEmployees\":{\"@type\":\"QuantitativeValue\",\"minValue\":\"11\",\"maxValue\":\"50\"}}]}<\/script>\n<!-- \/ Yoast SEO Premium plugin. -->","yoast_head_json":{"title":"Flight Case Corner Brace CLA802 - https:\/\/sxflightcase.com \ud83d\udc97","description":"Escuadra de flight case, \u00a1directa de f\u00e1brica! Soportes duraderos y de alta calidad dise\u00f1ados para reforzar y asegurar las esquinas de los flightcases. Ideal para garantizar la estabilidad y la protecci\u00f3n duradera durante el transporte.","robots":{"index":"index","follow":"follow","max-snippet":"max-snippet:-1","max-image-preview":"max-image-preview:large","max-video-preview":"max-video-preview:-1"},"canonical":"https:\/\/sxflightcase.com\/es\/producto\/flight-case-cantonera-cla802\/","og_locale":"es_MX","og_type":"article","og_title":"Flight Case Corner Brace CLA802","og_description":"Flight case corner brace, factory direct! Durable, high-quality braces designed to reinforce and secure flight case corners. Ideal for ensuring stability and long-lasting protection during transport.","og_url":"https:\/\/sxflightcase.com\/es\/producto\/flight-case-cantonera-cla802\/","og_site_name":"https:\/\/sxflightcase.com","article_publisher":"https:\/\/www.facebook.com\/profile.php?id=61560407257971","article_modified_time":"2024-08-26T07:28:54+00:00","og_image":[{"width":700,"height":700,"url":"https:\/\/sxflightcase.com\/wp-content\/uploads\/2024\/08\/CLA802.jpg","type":"image\/jpeg"}],"twitter_card":"summary_large_image","twitter_misc":{"Tiempo de lectura":"3 minutos"},"schema":{"@context":"https:\/\/schema.org","@graph":[{"@type":"WebPage","@id":"https:\/\/sxflightcase.com\/product\/flight-case-corner-brace-cla802\/","url":"https:\/\/sxflightcase.com\/product\/flight-case-corner-brace-cla802\/","name":"Flight Case Corner Brace CLA802 - https:\/\/sxflightcase.com \ud83d\udc97","isPartOf":{"@id":"https:\/\/sxflightcase.com\/th\/#website"},"primaryImageOfPage":{"@id":"https:\/\/sxflightcase.com\/product\/flight-case-corner-brace-cla802\/#primaryimage"},"image":{"@id":"https:\/\/sxflightcase.com\/product\/flight-case-corner-brace-cla802\/#primaryimage"},"thumbnailUrl":"https:\/\/sxflightcase.com\/wp-content\/uploads\/2024\/08\/CLA802.jpg","datePublished":"2024-08-26T07:28:53+00:00","dateModified":"2024-08-26T07:28:54+00:00","description":"Escuadra de flight case, \u00a1directa de f\u00e1brica! Soportes duraderos y de alta calidad dise\u00f1ados para reforzar y asegurar las esquinas de los flightcases. Ideal para garantizar la estabilidad y la protecci\u00f3n duradera durante el transporte.","breadcrumb":{"@id":"https:\/\/sxflightcase.com\/product\/flight-case-corner-brace-cla802\/#breadcrumb"},"inLanguage":"es","potentialAction":[{"@type":"ReadAction","target":["https:\/\/sxflightcase.com\/product\/flight-case-corner-brace-cla802\/"]}]},{"@type":"ImageObject","inLanguage":"es","@id":"https:\/\/sxflightcase.com\/product\/flight-case-corner-brace-cla802\/#primaryimage","url":"https:\/\/sxflightcase.com\/wp-content\/uploads\/2024\/08\/CLA802.jpg","contentUrl":"https:\/\/sxflightcase.com\/wp-content\/uploads\/2024\/08\/CLA802.jpg","width":700,"height":700,"caption":"Flight Case Corner Brace"},{"@type":"BreadcrumbList","@id":"https:\/\/sxflightcase.com\/product\/flight-case-corner-brace-cla802\/#breadcrumb","itemListElement":[{"@type":"ListItem","position":1,"name":"Home","item":"https:\/\/sxflightcase.com\/"},{"@type":"ListItem","position":2,"name":"\u0e2a\u0e34\u0e19\u0e04\u0e49\u0e32","item":"https:\/\/sxflightcase.com\/th\/shop\/"},{"@type":"ListItem","position":3,"name":"Flight Case Corner Brace CLA802"}]},{"@type":"WebSite","@id":"https:\/\/sxflightcase.com\/th\/#website","url":"https:\/\/sxflightcase.com\/th\/","name":"es.sxpowercase.com","description":"F\u00e1brica de flightcases","publisher":{"@id":"https:\/\/sxflightcase.com\/th\/#organization"},"potentialAction":[{"@type":"SearchAction","target":{"@type":"EntryPoint","urlTemplate":"https:\/\/sxflightcase.com\/th\/?s={search_term_string}"},"query-input":{"@type":"PropertyValueSpecification","valueRequired":true,"valueName":"search_term_string"}}],"inLanguage":"es"},{"@type":"Organization","@id":"https:\/\/sxflightcase.com\/th\/#organization","name":"es.sxpowercase.com","url":"https:\/\/sxflightcase.com\/th\/","logo":{"@type":"ImageObject","inLanguage":"es","@id":"https:\/\/sxflightcase.com\/th\/#\/schema\/logo\/image\/","url":"https:\/\/sxflightcase.com\/wp-content\/uploads\/2024\/04\/1713919036007.jpg","contentUrl":"https:\/\/sxflightcase.com\/wp-content\/uploads\/2024\/04\/1713919036007.jpg","width":382,"height":388,"caption":"sxpowercase.com"},"image":{"@id":"https:\/\/sxflightcase.com\/th\/#\/schema\/logo\/image\/"},"sameAs":["https:\/\/www.facebook.com\/profile.php?id=61560407257971"],"numberOfEmployees":{"@type":"QuantitativeValue","minValue":"11","maxValue":"50"}}]}},"_links":{"self":[{"href":"https:\/\/sxflightcase.com\/es\/wp-json\/wp\/v2\/product\/4221","targetHints":{"allow":["GET"]}}],"collection":[{"href":"https:\/\/sxflightcase.com\/es\/wp-json\/wp\/v2\/product"}],"about":[{"href":"https:\/\/sxflightcase.com\/es\/wp-json\/wp\/v2\/types\/product"}],"replies":[{"embeddable":true,"href":"https:\/\/sxflightcase.com\/es\/wp-json\/wp\/v2\/comments?post=4221"}],"version-history":[{"count":0,"href":"https:\/\/sxflightcase.com\/es\/wp-json\/wp\/v2\/product\/4221\/revisions"}],"wp:featuredmedia":[{"embeddable":true,"href":"https:\/\/sxflightcase.com\/es\/wp-json\/wp\/v2\/media\/4187"}],"wp:attachment":[{"href":"https:\/\/sxflightcase.com\/es\/wp-json\/wp\/v2\/media?parent=4221"}],"wp:term":[{"taxonomy":"product_brand","embeddable":true,"href":"https:\/\/sxflightcase.com\/es\/wp-json\/wp\/v2\/product_brand?post=4221"},{"taxonomy":"product_cat","embeddable":true,"href":"https:\/\/sxflightcase.com\/es\/wp-json\/wp\/v2\/product_cat?post=4221"},{"taxonomy":"product_tag","embeddable":true,"href":"https:\/\/sxflightcase.com\/es\/wp-json\/wp\/v2\/product_tag?post=4221"}],"curies":[{"name":"wp","href":"https:\/\/api.w.org\/{rel}","templated":true}]}}