{"id":4224,"date":"2024-08-27T03:45:20","date_gmt":"2024-08-27T02:45:20","guid":{"rendered":"https:\/\/sxpowercase.com\/?post_type=product&#038;p=4224"},"modified":"2024-08-27T03:45:21","modified_gmt":"2024-08-27T02:45:21","slug":"road-case-corner-brace-cla803","status":"publish","type":"product","link":"https:\/\/sxflightcase.com\/es\/producto\/puntal-de-esquina-cla803-2\/","title":{"rendered":"Road Case Esquinera CLA803"},"content":{"rendered":"<h3>Protecci\u00f3n fiable con la cantonera SX Road Case<\/h3>\n<p>A la hora de construir o reparar maletas de carretera, la durabilidad y la resistencia son esenciales. SX ofrece <span style=\"color: #3366ff;\"><a style=\"color: #3366ff;\" href=\"https:\/\/sxpowercase.com\/product\/flight-case-corner-brace-cla802\/\"><strong>Soporte de esquina para caja de carretera<\/strong><\/a><\/span>\u00a0dise\u00f1adas para proporcionar una protecci\u00f3n \u00f3ptima a su equipo. Estas cantoneras a\u00f1aden estabilidad a sus maletas, garantizando que puedan soportar los rigores del transporte frecuente. <a href=\"https:\/\/sxpowercase.com\/\" target=\"_blank\" rel=\"noopener\" title=\"SX\" data-wpil-monitor-id=\"700\">SX<\/a> combinan materiales de primera calidad con precios directos de f\u00e1brica, ofreciendo una excelente relaci\u00f3n calidad-precio.<\/p>\n<h3>Construido para durar con materiales resistentes<\/h3>\n<p>SX entiende que las maletas de carretera deben ser lo suficientemente resistentes para soportar las exigencias de la carretera. Nuestro <strong>Soporte de esquina para caja de carretera<\/strong>\u00a0est\u00e1n fabricadas en metal resistente, lo que garantiza un rendimiento duradero y una mayor protecci\u00f3n para sus maletas. La robusta construcci\u00f3n ofrece un refuerzo adicional, protegiendo contra impactos, ca\u00eddas y desgaste durante los viajes. Con SX, puede confiar en que la calidad nunca se ve comprometida, ni siquiera con nuestros precios competitivos.<\/p>\n<h3>Calidad asequible de f\u00e1brica<\/h3>\n<p>En SX creemos que la calidad debe ser accesible. Al obtener nuestros productos directamente de f\u00e1brica, eliminamos costes innecesarios y ofrecemos <strong>Soporte de esquina para caja de carretera<\/strong>\u00a0a precios imbatibles. Este enfoque directo de f\u00e1brica garantiza que reciba un hardware duradero y fiable sin pagar m\u00e1s. La garant\u00eda de calidad es nuestra prioridad, y mantenemos unos est\u00e1ndares estrictos al tiempo que mantenemos los precios bajos.<\/p>\n<h3>F\u00e1cil instalaci\u00f3n para cualquier proyecto<\/h3>\n<p>SX <strong>Esquineras para maletas de carretera<\/strong> est\u00e1n dise\u00f1ados para una instalaci\u00f3n sencilla, tanto si est\u00e1 construyendo una maleta nueva como si est\u00e1 reforzando una existente. El dise\u00f1o vers\u00e1til garantiza la compatibilidad con varias configuraciones de cajas de carretera, lo que le permite mejorar la durabilidad de su caja con el m\u00ednimo esfuerzo. Esta flexibilidad hace que nuestras cantoneras sean ideales tanto para los constructores profesionales como para los aficionados al bricolaje.<\/p>\n<h3>Opciones personalizables para satisfacer sus necesidades<\/h3>\n<p>Reconocemos que cada proyecto es \u00fanico, por lo que SX ofrece opciones personalizables para nuestros <strong>Esquineras para maletas de carretera<\/strong>. Desde distintos tama\u00f1os y acabados hasta soluciones a medida para dise\u00f1os de cajas espec\u00edficos, SX tiene la variedad que necesita a precios asequibles. Nuestro objetivo es ofrecer personalizaci\u00f3n sin comprometer la calidad ni elevar los costes.<\/p>\n<h3>Con la confianza de profesionales de todo el mundo<\/h3>\n<p>SX se ha forjado una reputaci\u00f3n por ofrecer soluciones de hardware fiables y directas de f\u00e1brica para el sector de las maletas de carretera. Nuestro <strong>Esquineras para maletas de carretera<\/strong> cuentan con la confianza de los profesionales que valoran tanto la calidad como la asequibilidad. Tanto si est\u00e1 montando maletas para uso intensivo como para protecci\u00f3n diaria, SX le ofrece la soluci\u00f3n adecuada para sus necesidades de hardware.<\/p>\n<h3>Refuerce sus maletas de carretera con SX<\/h3>\n<p>Cuando se trata de proteger sus valiosos equipos, cada componente es importante. SX <strong>Esquineras para maletas de carretera<\/strong> ofrecen el soporte adicional necesario para mantener sus maletas intactas durante el transporte. Con un enfoque en precios directos de f\u00e1brica, alta calidad y dise\u00f1os f\u00e1ciles de usar, SX es su marca de referencia para el hardware de maletas de carretera fiable y rentable. Proteja su inversi\u00f3n eligiendo SX para su pr\u00f3ximo proyecto.<\/p>\n<p>Cont\u00e1ctenos ahora:<span style=\"color: #0000ff;\"><a style=\"color: #0000ff;\" href=\"https:\/\/sxpowercase.com\/contact-us\/\">https:\/\/sxpowercase.com\/<\/a><\/span><\/p>\n<p>Cat\u00e1logo de productos de hardware:<span style=\"color: #3366ff;\"><a style=\"color: #3366ff;\" href=\"https:\/\/sxpowercase.com\/wp-content\/uploads\/2024\/07\/\u4e94\u91d1.pdf\">Cat\u00e1logo de accesorios de ferreter\u00eda<\/a><\/span><\/p>","protected":false},"excerpt":{"rendered":"<h3>Esquinera SX Road Case: Protecci\u00f3n duradera y asequible<\/h3>\n<p>SX ofrece esquineros de alta resistencia que proporcionan una estabilidad fiable para las maletas de carretera. Fabricadas en metal resistente, estas cantoneras garantizan un rendimiento duradero a precios directos de f\u00e1brica.<\/p>\n<h3>Refuerce sus maletas con las cantoneras SX<\/h3>\n<p>Las cantoneras SX est\u00e1n dise\u00f1adas para facilitar su instalaci\u00f3n y son ideales tanto para profesionales como para proyectos de bricolaje. A\u00f1aden protecci\u00f3n y resistencia adicionales a las maletas de carretera, protegi\u00e9ndolas contra el desgaste.<\/p>\n<h3>Hardware personalizable y rentable de SX<\/h3>\n<p>SX ofrece opciones personalizables para las cantoneras de las cajas de carretera, satisfaciendo las necesidades \u00fanicas de los proyectos sin dejar de ser asequible. Con la confianza de los profesionales, SX combina calidad y valor en cada producto.<\/p>","protected":false},"featured_media":4188,"comment_status":"open","ping_status":"closed","template":"","meta":[],"product_brand":[],"product_cat":[64],"product_tag":[],"class_list":{"0":"post-4224","1":"product","2":"type-product","3":"status-publish","4":"has-post-thumbnail","6":"product_cat-clamps","8":"first","9":"instock","10":"shipping-taxable","11":"product-type-simple"},"yoast_head":"<!-- This site is optimized with the Yoast SEO Premium plugin v27.1 (Yoast SEO v27.2) - https:\/\/yoast.com\/product\/yoast-seo-premium-wordpress\/ -->\n<title>Road Case Corner Brace CLA803 - https:\/\/sxflightcase.com \ud83d\udc97<\/title>\n<meta name=\"description\" content=\"Road case corner brace, factory direct! High-quality, durable braces designed to reinforce and secure road case corners. Ideal for added stability and protection during heavy-duty transport.\" \/>\n<meta name=\"robots\" content=\"index, follow, max-snippet:-1, max-image-preview:large, max-video-preview:-1\" \/>\n<link rel=\"canonical\" href=\"https:\/\/sxflightcase.com\/es\/producto\/puntal-de-esquina-cla803-2\/\" \/>\n<meta property=\"og:locale\" content=\"es_MX\" \/>\n<meta property=\"og:type\" content=\"article\" \/>\n<meta property=\"og:title\" content=\"Road Case Corner Brace CLA803\" \/>\n<meta property=\"og:description\" content=\"Road case corner brace, factory direct! High-quality, durable braces designed to reinforce and secure road case corners. Ideal for added stability and protection during heavy-duty transport.\" \/>\n<meta property=\"og:url\" content=\"https:\/\/sxflightcase.com\/es\/producto\/puntal-de-esquina-cla803-2\/\" \/>\n<meta property=\"og:site_name\" content=\"https:\/\/sxflightcase.com\" \/>\n<meta property=\"article:publisher\" content=\"https:\/\/www.facebook.com\/profile.php?id=61560407257971\" \/>\n<meta property=\"article:modified_time\" content=\"2024-08-27T02:45:21+00:00\" \/>\n<meta property=\"og:image\" content=\"https:\/\/sxflightcase.com\/wp-content\/uploads\/2024\/08\/CLA803.jpg\" \/>\n\t<meta property=\"og:image:width\" content=\"700\" \/>\n\t<meta property=\"og:image:height\" content=\"700\" \/>\n\t<meta property=\"og:image:type\" content=\"image\/jpeg\" \/>\n<meta name=\"twitter:card\" content=\"summary_large_image\" \/>\n<meta name=\"twitter:label1\" content=\"Tiempo de lectura\" \/>\n\t<meta name=\"twitter:data1\" content=\"3 minutos\" \/>\n<script type=\"application\/ld+json\" class=\"yoast-schema-graph\">{\"@context\":\"https:\/\/schema.org\",\"@graph\":[{\"@type\":\"WebPage\",\"@id\":\"https:\/\/sxflightcase.com\/product\/road-case-corner-brace-cla803\/\",\"url\":\"https:\/\/sxflightcase.com\/product\/road-case-corner-brace-cla803\/\",\"name\":\"Road Case Corner Brace CLA803 - https:\/\/sxflightcase.com \ud83d\udc97\",\"isPartOf\":{\"@id\":\"https:\/\/sxflightcase.com\/th\/#website\"},\"primaryImageOfPage\":{\"@id\":\"https:\/\/sxflightcase.com\/product\/road-case-corner-brace-cla803\/#primaryimage\"},\"image\":{\"@id\":\"https:\/\/sxflightcase.com\/product\/road-case-corner-brace-cla803\/#primaryimage\"},\"thumbnailUrl\":\"https:\/\/sxflightcase.com\/wp-content\/uploads\/2024\/08\/CLA803.jpg\",\"datePublished\":\"2024-08-27T02:45:20+00:00\",\"dateModified\":\"2024-08-27T02:45:21+00:00\",\"description\":\"Road case corner brace, factory direct! High-quality, durable braces designed to reinforce and secure road case corners. Ideal for added stability and protection during heavy-duty transport.\",\"breadcrumb\":{\"@id\":\"https:\/\/sxflightcase.com\/product\/road-case-corner-brace-cla803\/#breadcrumb\"},\"inLanguage\":\"es\",\"potentialAction\":[{\"@type\":\"ReadAction\",\"target\":[\"https:\/\/sxflightcase.com\/product\/road-case-corner-brace-cla803\/\"]}]},{\"@type\":\"ImageObject\",\"inLanguage\":\"es\",\"@id\":\"https:\/\/sxflightcase.com\/product\/road-case-corner-brace-cla803\/#primaryimage\",\"url\":\"https:\/\/sxflightcase.com\/wp-content\/uploads\/2024\/08\/CLA803.jpg\",\"contentUrl\":\"https:\/\/sxflightcase.com\/wp-content\/uploads\/2024\/08\/CLA803.jpg\",\"width\":700,\"height\":700,\"caption\":\"Road Case Corner Brace\"},{\"@type\":\"BreadcrumbList\",\"@id\":\"https:\/\/sxflightcase.com\/product\/road-case-corner-brace-cla803\/#breadcrumb\",\"itemListElement\":[{\"@type\":\"ListItem\",\"position\":1,\"name\":\"Home\",\"item\":\"https:\/\/sxflightcase.com\/\"},{\"@type\":\"ListItem\",\"position\":2,\"name\":\"\u0e2a\u0e34\u0e19\u0e04\u0e49\u0e32\",\"item\":\"https:\/\/sxflightcase.com\/th\/shop\/\"},{\"@type\":\"ListItem\",\"position\":3,\"name\":\"Road Case Corner Brace CLA803\"}]},{\"@type\":\"WebSite\",\"@id\":\"https:\/\/sxflightcase.com\/th\/#website\",\"url\":\"https:\/\/sxflightcase.com\/th\/\",\"name\":\"sxpowercase.com\",\"description\":\"Flight Case Factory\",\"publisher\":{\"@id\":\"https:\/\/sxflightcase.com\/th\/#organization\"},\"potentialAction\":[{\"@type\":\"SearchAction\",\"target\":{\"@type\":\"EntryPoint\",\"urlTemplate\":\"https:\/\/sxflightcase.com\/th\/?s={search_term_string}\"},\"query-input\":{\"@type\":\"PropertyValueSpecification\",\"valueRequired\":true,\"valueName\":\"search_term_string\"}}],\"inLanguage\":\"es\"},{\"@type\":\"Organization\",\"@id\":\"https:\/\/sxflightcase.com\/th\/#organization\",\"name\":\"sxpowercase.com\",\"url\":\"https:\/\/sxflightcase.com\/th\/\",\"logo\":{\"@type\":\"ImageObject\",\"inLanguage\":\"es\",\"@id\":\"https:\/\/sxflightcase.com\/th\/#\/schema\/logo\/image\/\",\"url\":\"https:\/\/sxflightcase.com\/wp-content\/uploads\/2024\/04\/1713919036007.jpg\",\"contentUrl\":\"https:\/\/sxflightcase.com\/wp-content\/uploads\/2024\/04\/1713919036007.jpg\",\"width\":382,\"height\":388,\"caption\":\"sxpowercase.com\"},\"image\":{\"@id\":\"https:\/\/sxflightcase.com\/th\/#\/schema\/logo\/image\/\"},\"sameAs\":[\"https:\/\/www.facebook.com\/profile.php?id=61560407257971\"],\"numberOfEmployees\":{\"@type\":\"QuantitativeValue\",\"minValue\":\"11\",\"maxValue\":\"50\"}}]}<\/script>\n<!-- \/ Yoast SEO Premium plugin. -->","yoast_head_json":{"title":"Road Case Corner Brace CLA803 - https:\/\/sxflightcase.com \ud83d\udc97","description":"Refuerzo de esquinas para maletas de carretera, \u00a1directo de f\u00e1brica! Soportes duraderos de alta calidad dise\u00f1ados para reforzar y asegurar las esquinas de las maletas de carretera. Ideal para una mayor estabilidad y protecci\u00f3n durante el transporte de alta resistencia.","robots":{"index":"index","follow":"follow","max-snippet":"max-snippet:-1","max-image-preview":"max-image-preview:large","max-video-preview":"max-video-preview:-1"},"canonical":"https:\/\/sxflightcase.com\/es\/producto\/puntal-de-esquina-cla803-2\/","og_locale":"es_MX","og_type":"article","og_title":"Road Case Corner Brace CLA803","og_description":"Road case corner brace, factory direct! High-quality, durable braces designed to reinforce and secure road case corners. Ideal for added stability and protection during heavy-duty transport.","og_url":"https:\/\/sxflightcase.com\/es\/producto\/puntal-de-esquina-cla803-2\/","og_site_name":"https:\/\/sxflightcase.com","article_publisher":"https:\/\/www.facebook.com\/profile.php?id=61560407257971","article_modified_time":"2024-08-27T02:45:21+00:00","og_image":[{"width":700,"height":700,"url":"https:\/\/sxflightcase.com\/wp-content\/uploads\/2024\/08\/CLA803.jpg","type":"image\/jpeg"}],"twitter_card":"summary_large_image","twitter_misc":{"Tiempo de lectura":"3 minutos"},"schema":{"@context":"https:\/\/schema.org","@graph":[{"@type":"WebPage","@id":"https:\/\/sxflightcase.com\/product\/road-case-corner-brace-cla803\/","url":"https:\/\/sxflightcase.com\/product\/road-case-corner-brace-cla803\/","name":"Road Case Corner Brace CLA803 - https:\/\/sxflightcase.com \ud83d\udc97","isPartOf":{"@id":"https:\/\/sxflightcase.com\/th\/#website"},"primaryImageOfPage":{"@id":"https:\/\/sxflightcase.com\/product\/road-case-corner-brace-cla803\/#primaryimage"},"image":{"@id":"https:\/\/sxflightcase.com\/product\/road-case-corner-brace-cla803\/#primaryimage"},"thumbnailUrl":"https:\/\/sxflightcase.com\/wp-content\/uploads\/2024\/08\/CLA803.jpg","datePublished":"2024-08-27T02:45:20+00:00","dateModified":"2024-08-27T02:45:21+00:00","description":"Refuerzo de esquinas para maletas de carretera, \u00a1directo de f\u00e1brica! Soportes duraderos de alta calidad dise\u00f1ados para reforzar y asegurar las esquinas de las maletas de carretera. Ideal para una mayor estabilidad y protecci\u00f3n durante el transporte de alta resistencia.","breadcrumb":{"@id":"https:\/\/sxflightcase.com\/product\/road-case-corner-brace-cla803\/#breadcrumb"},"inLanguage":"es","potentialAction":[{"@type":"ReadAction","target":["https:\/\/sxflightcase.com\/product\/road-case-corner-brace-cla803\/"]}]},{"@type":"ImageObject","inLanguage":"es","@id":"https:\/\/sxflightcase.com\/product\/road-case-corner-brace-cla803\/#primaryimage","url":"https:\/\/sxflightcase.com\/wp-content\/uploads\/2024\/08\/CLA803.jpg","contentUrl":"https:\/\/sxflightcase.com\/wp-content\/uploads\/2024\/08\/CLA803.jpg","width":700,"height":700,"caption":"Road Case Corner Brace"},{"@type":"BreadcrumbList","@id":"https:\/\/sxflightcase.com\/product\/road-case-corner-brace-cla803\/#breadcrumb","itemListElement":[{"@type":"ListItem","position":1,"name":"Home","item":"https:\/\/sxflightcase.com\/"},{"@type":"ListItem","position":2,"name":"\u0e2a\u0e34\u0e19\u0e04\u0e49\u0e32","item":"https:\/\/sxflightcase.com\/th\/shop\/"},{"@type":"ListItem","position":3,"name":"Road Case Corner Brace CLA803"}]},{"@type":"WebSite","@id":"https:\/\/sxflightcase.com\/th\/#website","url":"https:\/\/sxflightcase.com\/th\/","name":"es.sxpowercase.com","description":"F\u00e1brica de flightcases","publisher":{"@id":"https:\/\/sxflightcase.com\/th\/#organization"},"potentialAction":[{"@type":"SearchAction","target":{"@type":"EntryPoint","urlTemplate":"https:\/\/sxflightcase.com\/th\/?s={search_term_string}"},"query-input":{"@type":"PropertyValueSpecification","valueRequired":true,"valueName":"search_term_string"}}],"inLanguage":"es"},{"@type":"Organization","@id":"https:\/\/sxflightcase.com\/th\/#organization","name":"es.sxpowercase.com","url":"https:\/\/sxflightcase.com\/th\/","logo":{"@type":"ImageObject","inLanguage":"es","@id":"https:\/\/sxflightcase.com\/th\/#\/schema\/logo\/image\/","url":"https:\/\/sxflightcase.com\/wp-content\/uploads\/2024\/04\/1713919036007.jpg","contentUrl":"https:\/\/sxflightcase.com\/wp-content\/uploads\/2024\/04\/1713919036007.jpg","width":382,"height":388,"caption":"sxpowercase.com"},"image":{"@id":"https:\/\/sxflightcase.com\/th\/#\/schema\/logo\/image\/"},"sameAs":["https:\/\/www.facebook.com\/profile.php?id=61560407257971"],"numberOfEmployees":{"@type":"QuantitativeValue","minValue":"11","maxValue":"50"}}]}},"_links":{"self":[{"href":"https:\/\/sxflightcase.com\/es\/wp-json\/wp\/v2\/product\/4224","targetHints":{"allow":["GET"]}}],"collection":[{"href":"https:\/\/sxflightcase.com\/es\/wp-json\/wp\/v2\/product"}],"about":[{"href":"https:\/\/sxflightcase.com\/es\/wp-json\/wp\/v2\/types\/product"}],"replies":[{"embeddable":true,"href":"https:\/\/sxflightcase.com\/es\/wp-json\/wp\/v2\/comments?post=4224"}],"version-history":[{"count":0,"href":"https:\/\/sxflightcase.com\/es\/wp-json\/wp\/v2\/product\/4224\/revisions"}],"wp:featuredmedia":[{"embeddable":true,"href":"https:\/\/sxflightcase.com\/es\/wp-json\/wp\/v2\/media\/4188"}],"wp:attachment":[{"href":"https:\/\/sxflightcase.com\/es\/wp-json\/wp\/v2\/media?parent=4224"}],"wp:term":[{"taxonomy":"product_brand","embeddable":true,"href":"https:\/\/sxflightcase.com\/es\/wp-json\/wp\/v2\/product_brand?post=4224"},{"taxonomy":"product_cat","embeddable":true,"href":"https:\/\/sxflightcase.com\/es\/wp-json\/wp\/v2\/product_cat?post=4224"},{"taxonomy":"product_tag","embeddable":true,"href":"https:\/\/sxflightcase.com\/es\/wp-json\/wp\/v2\/product_tag?post=4224"}],"curies":[{"name":"wp","href":"https:\/\/api.w.org\/{rel}","templated":true}]}}