{"id":4232,"date":"2024-09-02T07:23:24","date_gmt":"2024-09-02T06:23:24","guid":{"rendered":"https:\/\/sxpowercase.com\/?post_type=product&#038;p=4232"},"modified":"2024-09-02T07:23:35","modified_gmt":"2024-09-02T06:23:35","slug":"road-case-brace","status":"publish","type":"product","link":"https:\/\/sxflightcase.com\/es\/producto\/refuerzo-de-la-maleta-de-carretera\/","title":{"rendered":"Soporte para maletas de carretera CLB103"},"content":{"rendered":"<h3>Refuerce sus maletas de carretera con SX Road Case Brace<\/h3>\n<p>Cuando se transportan equipos valiosos, lo \u00faltimo que se desea son da\u00f1os debidos a una protecci\u00f3n inadecuada. SX ofrece una soluci\u00f3n duradera y rentable con nuestros <a href=\"https:\/\/sxpowercase.com\/product\/flight-case-brace-clb102\/\"><strong>Road Case Brace<\/strong><\/a>dise\u00f1ado para proporcionar un refuerzo adicional a sus maletas de carretera. En SX, creemos en la entrega de calidad y fiabilidad a precios directos de f\u00e1brica, asegur\u00e1ndose de obtener el mejor valor para su inversi\u00f3n.<\/p>\n<h3>Durabilidad que perdura<\/h3>\n<p>El <strong>Road Case Brace<\/strong> de <a title=\"SX\" href=\"https:\/\/sxpowercase.com\/\" target=\"_blank\" rel=\"noopener\" data-wpil-monitor-id=\"704\">SX<\/a> est\u00e1 fabricado con materiales de alta calidad que pueden soportar los rigores de los viajes. Tanto si sus maletas se someten a manipulaciones frecuentes como a transportes de larga distancia, nuestro soporte garantiza que sus maletas de carretera permanezcan intactas y seguras. La resistencia y durabilidad de nuestras abrazaderas ofrecen la tranquilidad de saber que su equipo est\u00e1 protegido incluso en las condiciones m\u00e1s exigentes. Conf\u00ede en SX para obtener productos duraderos sin renunciar a la calidad.<\/p>\n<h3>Garant\u00eda de calidad a precios directos de f\u00e1brica<\/h3>\n<p>SX se compromete a suministrar productos de alta calidad directamente de f\u00e1brica. Esto significa que usted se beneficia de un importante ahorro de costes sin sacrificar la calidad de sus <strong>Road Case Brace<\/strong>. Nuestro enfoque directo de f\u00e1brica nos permite mantener estrictos controles de calidad, garantizando que cada refuerzo cumpla con nuestros altos est\u00e1ndares. No tiene que gastar de m\u00e1s para conseguir el refuerzo que necesitan sus maletas de carretera; SX hace asequible una protecci\u00f3n de primer nivel.<\/p>\n<h3>Adaptado a sus necesidades<\/h3>\n<p>Cada caso de carretera es diferente, y en SX reconocemos la necesidad de flexibilidad. Por eso nuestros <strong>Road Case Brace<\/strong> est\u00e1 disponible en varios tama\u00f1os y configuraciones, lo que le permite elegir la opci\u00f3n que mejor se adapte a sus necesidades. Tanto si necesita una abrazadera est\u00e1ndar como una soluci\u00f3n personalizada, SX le ofrece opciones que se adaptan a sus necesidades espec\u00edficas, todo ello a precios competitivos. Nuestro objetivo es ofrecer productos que no s\u00f3lo cumplan sus expectativas, sino que las superen.<\/p>\n<h3>La confianza de los profesionales<\/h3>\n<p>SX se ha convertido en un nombre de confianza entre los profesionales que conf\u00edan en que sus equipos est\u00e9n bien protegidos. Nuestro <strong>Road Case Brace<\/strong> es el preferido por los profesionales de los sectores del entretenimiento, la radiodifusi\u00f3n y los eventos por su robustez y fiabilidad. Cuando eliges SX, eliges una marca que entiende la importancia de mantener tu equipo sano y salvo durante el transporte.<\/p>\n<h3>\u00bfPor qu\u00e9 elegir SX?<\/h3>\n<p>En SX, combinamos calidad, asequibilidad y facilidad de uso en nuestros <strong>Road Case Brace<\/strong>. Nuestro compromiso con las ventas directas de f\u00e1brica significa que usted recibe un producto de alta calidad a un precio bajo, a la vez que se beneficia de nuestros rigurosos procesos de garant\u00eda de calidad. Cuando se trata de reforzar sus maletas de carretera, SX es la elecci\u00f3n inteligente para los profesionales que exigen lo mejor a un precio razonable. Proteja su equipo con SX y experimente la diferencia que marca la calidad.<\/p>\n<p>Cont\u00e1ctenos ahora:<span style=\"color: #0000ff;\"><a style=\"color: #0000ff;\" href=\"https:\/\/sxpowercase.com\/contact-us\/\">https:\/\/sxpowercase.com\/<\/a><\/span><\/p>\n<p>Cat\u00e1logo de productos de hardware:<span style=\"color: #3366ff;\"><a style=\"color: #3366ff;\" href=\"https:\/\/sxpowercase.com\/wp-content\/uploads\/2024\/07\/\u4e94\u91d1.pdf\">Cat\u00e1logo de accesorios de ferreter\u00eda<\/a><\/span><\/p>","protected":false},"excerpt":{"rendered":"<div class=\"flex max-w-full flex-col flex-grow\">\n<div class=\"min-h-[20px] text-message flex w-full flex-col items-end gap-2 break-words [.text-message+&amp;]:mt-5 overflow-x-auto whitespace-normal\" dir=\"auto\" data-message-author-role=\"assistant\" data-message-id=\"60de0853-cc30-4040-89ae-7656540583ea\">\n<div class=\"flex w-full flex-col gap-1 empty:hidden first:pt-[3px]\">\n<div class=\"markdown prose w-full break-words dark:prose-invert light\">\n<h3>SX Road Case Brace: Affordable, Durable Protection<\/h3>\n<p>Ensure your road cases are secure with SX\u2019s high-grade braces, designed to withstand the toughest travel conditions. Quality and durability at factory-direct prices.<\/p>\n<h3>Reinforce Your Road Cases with SX Braces<\/h3>\n<p>SX offers robust, reliable road case braces that protect your valuable gear during transport. Benefit from customizable options and unbeatable value.<\/p>\n<h3>Trusted by Professionals: SX Road Case Brace<\/h3>\n<p>Favored by industry experts, SX\u2019s Road Case Brace provides top-tier reinforcement at low costs. Choose SX for dependable protection and peace of mind.<\/p>\n<\/div>\n<\/div>\n<\/div>\n<\/div>\n","protected":false},"featured_media":4192,"comment_status":"open","ping_status":"closed","template":"","meta":[],"product_brand":[],"product_cat":[64],"product_tag":[],"class_list":{"0":"post-4232","1":"product","2":"type-product","3":"status-publish","4":"has-post-thumbnail","6":"product_cat-clamps","8":"first","9":"instock","10":"shipping-taxable","11":"product-type-simple"},"yoast_head":"<!-- This site is optimized with the Yoast SEO Premium plugin v27.1 (Yoast SEO v27.2) - https:\/\/yoast.com\/product\/yoast-seo-premium-wordpress\/ -->\n<title>Road Case Brace CLB103 - https:\/\/sxflightcase.com \ud83d\udc97<\/title>\n<meta name=\"description\" content=\"Road case brace, factory direct! High-quality, durable braces designed to reinforce and secure road case panels and corners. Ideal for ensuring stability and protection during heavy-duty transport.\" \/>\n<meta name=\"robots\" content=\"index, follow, max-snippet:-1, max-image-preview:large, max-video-preview:-1\" \/>\n<link rel=\"canonical\" href=\"https:\/\/sxflightcase.com\/es\/producto\/refuerzo-de-la-maleta-de-carretera\/\" \/>\n<meta property=\"og:locale\" content=\"es_MX\" \/>\n<meta property=\"og:type\" content=\"article\" \/>\n<meta property=\"og:title\" content=\"Road Case Brace CLB103\" \/>\n<meta property=\"og:description\" content=\"Road case brace, factory direct! High-quality, durable braces designed to reinforce and secure road case panels and corners. Ideal for ensuring stability and protection during heavy-duty transport.\" \/>\n<meta property=\"og:url\" content=\"https:\/\/sxflightcase.com\/es\/producto\/refuerzo-de-la-maleta-de-carretera\/\" \/>\n<meta property=\"og:site_name\" content=\"https:\/\/sxflightcase.com\" \/>\n<meta property=\"article:publisher\" content=\"https:\/\/www.facebook.com\/profile.php?id=61560407257971\" \/>\n<meta property=\"article:modified_time\" content=\"2024-09-02T06:23:35+00:00\" \/>\n<meta property=\"og:image\" content=\"https:\/\/sxflightcase.com\/wp-content\/uploads\/2024\/08\/CLB103.jpg\" \/>\n\t<meta property=\"og:image:width\" content=\"700\" \/>\n\t<meta property=\"og:image:height\" content=\"700\" \/>\n\t<meta property=\"og:image:type\" content=\"image\/jpeg\" \/>\n<meta name=\"twitter:card\" content=\"summary_large_image\" \/>\n<meta name=\"twitter:label1\" content=\"Tiempo de lectura\" \/>\n\t<meta name=\"twitter:data1\" content=\"3 minutos\" \/>\n<script type=\"application\/ld+json\" class=\"yoast-schema-graph\">{\"@context\":\"https:\/\/schema.org\",\"@graph\":[{\"@type\":\"WebPage\",\"@id\":\"https:\/\/sxflightcase.com\/product\/road-case-brace\/\",\"url\":\"https:\/\/sxflightcase.com\/product\/road-case-brace\/\",\"name\":\"Road Case Brace CLB103 - https:\/\/sxflightcase.com \ud83d\udc97\",\"isPartOf\":{\"@id\":\"https:\/\/sxflightcase.com\/th\/#website\"},\"primaryImageOfPage\":{\"@id\":\"https:\/\/sxflightcase.com\/product\/road-case-brace\/#primaryimage\"},\"image\":{\"@id\":\"https:\/\/sxflightcase.com\/product\/road-case-brace\/#primaryimage\"},\"thumbnailUrl\":\"https:\/\/sxflightcase.com\/wp-content\/uploads\/2024\/08\/CLB103.jpg\",\"datePublished\":\"2024-09-02T06:23:24+00:00\",\"dateModified\":\"2024-09-02T06:23:35+00:00\",\"description\":\"Road case brace, factory direct! High-quality, durable braces designed to reinforce and secure road case panels and corners. Ideal for ensuring stability and protection during heavy-duty transport.\",\"breadcrumb\":{\"@id\":\"https:\/\/sxflightcase.com\/product\/road-case-brace\/#breadcrumb\"},\"inLanguage\":\"es\",\"potentialAction\":[{\"@type\":\"ReadAction\",\"target\":[\"https:\/\/sxflightcase.com\/product\/road-case-brace\/\"]}]},{\"@type\":\"ImageObject\",\"inLanguage\":\"es\",\"@id\":\"https:\/\/sxflightcase.com\/product\/road-case-brace\/#primaryimage\",\"url\":\"https:\/\/sxflightcase.com\/wp-content\/uploads\/2024\/08\/CLB103.jpg\",\"contentUrl\":\"https:\/\/sxflightcase.com\/wp-content\/uploads\/2024\/08\/CLB103.jpg\",\"width\":700,\"height\":700,\"caption\":\"Road Case Brace\"},{\"@type\":\"BreadcrumbList\",\"@id\":\"https:\/\/sxflightcase.com\/product\/road-case-brace\/#breadcrumb\",\"itemListElement\":[{\"@type\":\"ListItem\",\"position\":1,\"name\":\"Home\",\"item\":\"https:\/\/sxflightcase.com\/\"},{\"@type\":\"ListItem\",\"position\":2,\"name\":\"\u0e2a\u0e34\u0e19\u0e04\u0e49\u0e32\",\"item\":\"https:\/\/sxflightcase.com\/th\/shop\/\"},{\"@type\":\"ListItem\",\"position\":3,\"name\":\"Road Case Brace CLB103\"}]},{\"@type\":\"WebSite\",\"@id\":\"https:\/\/sxflightcase.com\/th\/#website\",\"url\":\"https:\/\/sxflightcase.com\/th\/\",\"name\":\"sxpowercase.com\",\"description\":\"Flight Case Factory\",\"publisher\":{\"@id\":\"https:\/\/sxflightcase.com\/th\/#organization\"},\"potentialAction\":[{\"@type\":\"SearchAction\",\"target\":{\"@type\":\"EntryPoint\",\"urlTemplate\":\"https:\/\/sxflightcase.com\/th\/?s={search_term_string}\"},\"query-input\":{\"@type\":\"PropertyValueSpecification\",\"valueRequired\":true,\"valueName\":\"search_term_string\"}}],\"inLanguage\":\"es\"},{\"@type\":\"Organization\",\"@id\":\"https:\/\/sxflightcase.com\/th\/#organization\",\"name\":\"sxpowercase.com\",\"url\":\"https:\/\/sxflightcase.com\/th\/\",\"logo\":{\"@type\":\"ImageObject\",\"inLanguage\":\"es\",\"@id\":\"https:\/\/sxflightcase.com\/th\/#\/schema\/logo\/image\/\",\"url\":\"https:\/\/sxflightcase.com\/wp-content\/uploads\/2024\/04\/1713919036007.jpg\",\"contentUrl\":\"https:\/\/sxflightcase.com\/wp-content\/uploads\/2024\/04\/1713919036007.jpg\",\"width\":382,\"height\":388,\"caption\":\"sxpowercase.com\"},\"image\":{\"@id\":\"https:\/\/sxflightcase.com\/th\/#\/schema\/logo\/image\/\"},\"sameAs\":[\"https:\/\/www.facebook.com\/profile.php?id=61560407257971\"],\"numberOfEmployees\":{\"@type\":\"QuantitativeValue\",\"minValue\":\"11\",\"maxValue\":\"50\"}}]}<\/script>\n<!-- \/ Yoast SEO Premium plugin. -->","yoast_head_json":{"title":"Road Case Brace CLB103 - https:\/\/sxflightcase.com \ud83d\udc97","description":"Refuerzo para maletas de carretera, \u00a1directo de f\u00e1brica! Tirantes duraderos de alta calidad dise\u00f1ados para reforzar y asegurar los paneles y las esquinas de las maletas de carretera. Ideales para garantizar la estabilidad y la protecci\u00f3n durante el transporte de cargas pesadas.","robots":{"index":"index","follow":"follow","max-snippet":"max-snippet:-1","max-image-preview":"max-image-preview:large","max-video-preview":"max-video-preview:-1"},"canonical":"https:\/\/sxflightcase.com\/es\/producto\/refuerzo-de-la-maleta-de-carretera\/","og_locale":"es_MX","og_type":"article","og_title":"Road Case Brace CLB103","og_description":"Road case brace, factory direct! High-quality, durable braces designed to reinforce and secure road case panels and corners. Ideal for ensuring stability and protection during heavy-duty transport.","og_url":"https:\/\/sxflightcase.com\/es\/producto\/refuerzo-de-la-maleta-de-carretera\/","og_site_name":"https:\/\/sxflightcase.com","article_publisher":"https:\/\/www.facebook.com\/profile.php?id=61560407257971","article_modified_time":"2024-09-02T06:23:35+00:00","og_image":[{"width":700,"height":700,"url":"https:\/\/sxflightcase.com\/wp-content\/uploads\/2024\/08\/CLB103.jpg","type":"image\/jpeg"}],"twitter_card":"summary_large_image","twitter_misc":{"Tiempo de lectura":"3 minutos"},"schema":{"@context":"https:\/\/schema.org","@graph":[{"@type":"WebPage","@id":"https:\/\/sxflightcase.com\/product\/road-case-brace\/","url":"https:\/\/sxflightcase.com\/product\/road-case-brace\/","name":"Road Case Brace CLB103 - https:\/\/sxflightcase.com \ud83d\udc97","isPartOf":{"@id":"https:\/\/sxflightcase.com\/th\/#website"},"primaryImageOfPage":{"@id":"https:\/\/sxflightcase.com\/product\/road-case-brace\/#primaryimage"},"image":{"@id":"https:\/\/sxflightcase.com\/product\/road-case-brace\/#primaryimage"},"thumbnailUrl":"https:\/\/sxflightcase.com\/wp-content\/uploads\/2024\/08\/CLB103.jpg","datePublished":"2024-09-02T06:23:24+00:00","dateModified":"2024-09-02T06:23:35+00:00","description":"Refuerzo para maletas de carretera, \u00a1directo de f\u00e1brica! Tirantes duraderos de alta calidad dise\u00f1ados para reforzar y asegurar los paneles y las esquinas de las maletas de carretera. Ideales para garantizar la estabilidad y la protecci\u00f3n durante el transporte de cargas pesadas.","breadcrumb":{"@id":"https:\/\/sxflightcase.com\/product\/road-case-brace\/#breadcrumb"},"inLanguage":"es","potentialAction":[{"@type":"ReadAction","target":["https:\/\/sxflightcase.com\/product\/road-case-brace\/"]}]},{"@type":"ImageObject","inLanguage":"es","@id":"https:\/\/sxflightcase.com\/product\/road-case-brace\/#primaryimage","url":"https:\/\/sxflightcase.com\/wp-content\/uploads\/2024\/08\/CLB103.jpg","contentUrl":"https:\/\/sxflightcase.com\/wp-content\/uploads\/2024\/08\/CLB103.jpg","width":700,"height":700,"caption":"Road Case Brace"},{"@type":"BreadcrumbList","@id":"https:\/\/sxflightcase.com\/product\/road-case-brace\/#breadcrumb","itemListElement":[{"@type":"ListItem","position":1,"name":"Home","item":"https:\/\/sxflightcase.com\/"},{"@type":"ListItem","position":2,"name":"\u0e2a\u0e34\u0e19\u0e04\u0e49\u0e32","item":"https:\/\/sxflightcase.com\/th\/shop\/"},{"@type":"ListItem","position":3,"name":"Road Case Brace CLB103"}]},{"@type":"WebSite","@id":"https:\/\/sxflightcase.com\/th\/#website","url":"https:\/\/sxflightcase.com\/th\/","name":"es.sxpowercase.com","description":"F\u00e1brica de flightcases","publisher":{"@id":"https:\/\/sxflightcase.com\/th\/#organization"},"potentialAction":[{"@type":"SearchAction","target":{"@type":"EntryPoint","urlTemplate":"https:\/\/sxflightcase.com\/th\/?s={search_term_string}"},"query-input":{"@type":"PropertyValueSpecification","valueRequired":true,"valueName":"search_term_string"}}],"inLanguage":"es"},{"@type":"Organization","@id":"https:\/\/sxflightcase.com\/th\/#organization","name":"es.sxpowercase.com","url":"https:\/\/sxflightcase.com\/th\/","logo":{"@type":"ImageObject","inLanguage":"es","@id":"https:\/\/sxflightcase.com\/th\/#\/schema\/logo\/image\/","url":"https:\/\/sxflightcase.com\/wp-content\/uploads\/2024\/04\/1713919036007.jpg","contentUrl":"https:\/\/sxflightcase.com\/wp-content\/uploads\/2024\/04\/1713919036007.jpg","width":382,"height":388,"caption":"sxpowercase.com"},"image":{"@id":"https:\/\/sxflightcase.com\/th\/#\/schema\/logo\/image\/"},"sameAs":["https:\/\/www.facebook.com\/profile.php?id=61560407257971"],"numberOfEmployees":{"@type":"QuantitativeValue","minValue":"11","maxValue":"50"}}]}},"_links":{"self":[{"href":"https:\/\/sxflightcase.com\/es\/wp-json\/wp\/v2\/product\/4232","targetHints":{"allow":["GET"]}}],"collection":[{"href":"https:\/\/sxflightcase.com\/es\/wp-json\/wp\/v2\/product"}],"about":[{"href":"https:\/\/sxflightcase.com\/es\/wp-json\/wp\/v2\/types\/product"}],"replies":[{"embeddable":true,"href":"https:\/\/sxflightcase.com\/es\/wp-json\/wp\/v2\/comments?post=4232"}],"version-history":[{"count":0,"href":"https:\/\/sxflightcase.com\/es\/wp-json\/wp\/v2\/product\/4232\/revisions"}],"wp:featuredmedia":[{"embeddable":true,"href":"https:\/\/sxflightcase.com\/es\/wp-json\/wp\/v2\/media\/4192"}],"wp:attachment":[{"href":"https:\/\/sxflightcase.com\/es\/wp-json\/wp\/v2\/media?parent=4232"}],"wp:term":[{"taxonomy":"product_brand","embeddable":true,"href":"https:\/\/sxflightcase.com\/es\/wp-json\/wp\/v2\/product_brand?post=4232"},{"taxonomy":"product_cat","embeddable":true,"href":"https:\/\/sxflightcase.com\/es\/wp-json\/wp\/v2\/product_cat?post=4232"},{"taxonomy":"product_tag","embeddable":true,"href":"https:\/\/sxflightcase.com\/es\/wp-json\/wp\/v2\/product_tag?post=4232"}],"curies":[{"name":"wp","href":"https:\/\/api.w.org\/{rel}","templated":true}]}}