{"id":4234,"date":"2024-09-02T07:37:21","date_gmt":"2024-09-02T06:37:21","guid":{"rendered":"https:\/\/sxpowercase.com\/?post_type=product&#038;p=4234"},"modified":"2024-09-02T07:37:22","modified_gmt":"2024-09-02T06:37:22","slug":"flight-case-clamps-clb202","status":"publish","type":"product","link":"https:\/\/sxflightcase.com\/es\/producto\/abrazaderas-para-flight-case-clampsb202\/","title":{"rendered":"Abrazaderas para cajas de vuelo CLB202"},"content":{"rendered":"<h3>Abrazaderas de calidad superior para flightcases de SX<\/h3>\n<p>Cuando se trata de asegurar sus flight cases, la calidad es esencial. En SX, ofrecemos<a href=\"https:\/\/sxpowercase.com\/product\/road-case-brace-clb201\/\"> <strong>Abrazaderas para flightcases<\/strong><\/a> dise\u00f1adas para proporcionar un soporte fiable y una durabilidad duradera. Nuestras abrazaderas est\u00e1n fabricadas con precisi\u00f3n para garantizar que sus valiosos equipos permanezcan protegidos durante el transporte. Con <a href=\"https:\/\/sxpowercase.com\/\" target=\"_blank\" rel=\"noopener\" title=\"SX\" data-wpil-monitor-id=\"706\">SX<\/a>con el que obtendr\u00e1 un equilibrio perfecto entre calidad de primera y asequibilidad.<\/p>\n<h3>Dise\u00f1ado para ofrecer la m\u00e1xima protecci\u00f3n y durabilidad<\/h3>\n<p>SX <strong>Abrazaderas para flightcases<\/strong> est\u00e1n fabricadas con los m\u00e1s altos est\u00e1ndares en mente. Tanto si es usted un profesional de las giras, un organizador de eventos o simplemente necesita mantener su equipo a salvo, nuestras abrazaderas son la elecci\u00f3n ideal. Fabricadas con materiales resistentes y duraderos, est\u00e1n dise\u00f1adas para soportar un uso intensivo a la vez que mantienen sus maletas bien cerradas. Esto significa que su equipo llegar\u00e1 sano y salvo, por duro que sea el viaje.<\/p>\n<h3>Venta directa de f\u00e1brica a precios imbatibles<\/h3>\n<p>Una de las caracter\u00edsticas m\u00e1s destacadas de SX es nuestro compromiso con la venta directa de f\u00e1brica. Al eliminar al intermediario, ofrecemos <strong>Abrazaderas para flightcases<\/strong> a precios dif\u00edciles de superar. Nuestro enfoque directo al consumidor le garantiza la mejor relaci\u00f3n calidad-precio, sin sacrificar la calidad. Cuando compra en SX, no s\u00f3lo obtiene precios bajos, sino tambi\u00e9n la garant\u00eda de que cada abrazadera est\u00e1 fabricada con los m\u00e1s altos est\u00e1ndares.<\/p>\n<h3>Riguroso control de calidad para un rendimiento fiable<\/h3>\n<p>Adem\u00e1s de nuestros precios competitivos, SX garantiza la calidad de todos los productos que vende. Nuestra <strong>Abrazaderas para flightcases<\/strong> se someten a estrictos procesos de control de calidad para garantizar que cumplen nuestros rigurosos est\u00e1ndares. Esto significa que puede confiar en que cada pinza que adquiera funcionar\u00e1 de forma fiable a lo largo del tiempo, proporcion\u00e1ndole la tranquilidad que se merece.<\/p>\n<h3>Satisfacci\u00f3n del cliente garantizada<\/h3>\n<p>En SX somos conscientes de la importancia de la satisfacci\u00f3n del cliente. Por eso no s\u00f3lo ofrecemos precios asequibles, sino tambi\u00e9n una garant\u00eda de satisfacci\u00f3n en todos nuestros productos. <strong>Abrazaderas para flightcases<\/strong>. Respaldamos la durabilidad y el rendimiento de nuestros productos, y nuestro equipo est\u00e1 siempre dispuesto a ayudarle con cualquier pregunta o duda.<\/p>\n<h3>Conf\u00ede en SX para todas sus necesidades de flightcases<\/h3>\n<p>Elegir SX significa elegir una marca que valora sus necesidades. Tanto si est\u00e1 equipando un nuevo juego de maletas como sustituyendo hardware antiguo, nuestros <strong>Abrazadera para Flight Case<\/strong>\u00a0proporcionan la resistencia y fiabilidad que necesita. Descubra por qu\u00e9 profesionales de todo el mundo conf\u00edan en SX para sus necesidades de flightcases y aprov\u00e9chese hoy mismo de nuestros imbatibles precios directos de f\u00e1brica.<\/p>\n<p>Cont\u00e1ctenos ahora:<span style=\"color: #0000ff;\"><a style=\"color: #0000ff;\" href=\"https:\/\/sxpowercase.com\/contact-us\/\">https:\/\/sxpowercase.com\/<\/a><\/span><\/p>\n<p>Cat\u00e1logo de productos de hardware:<span style=\"color: #3366ff;\"><a style=\"color: #3366ff;\" href=\"https:\/\/sxpowercase.com\/wp-content\/uploads\/2024\/07\/\u4e94\u91d1.pdf\">Cat\u00e1logo de accesorios de ferreter\u00eda<\/a><\/span><\/p>","protected":false},"excerpt":{"rendered":"<div class=\"flex max-w-full flex-col flex-grow\">\n<div class=\"min-h-[20px] text-message flex w-full flex-col items-end gap-2 break-words [.text-message+&amp;]:mt-5 overflow-x-auto whitespace-normal\" dir=\"auto\" data-message-author-role=\"assistant\" data-message-id=\"d91c7d02-28cb-40d5-842f-74035d9988ba\">\n<div class=\"flex w-full flex-col gap-1 empty:hidden first:pt-[3px]\">\n<div class=\"markdown prose w-full break-words dark:prose-invert light\">\n<h3>SX Flight Case Clamps: Top-Quality Protection at Affordable Prices<\/h3>\n<p>Secure your gear with SX\u2019s durable Flight Case Clamps, designed for maximum protection during transport. Enjoy factory-direct pricing without sacrificing quality.<\/p>\n<h3>Reliable Flight Case Clamps by SX<\/h3>\n<p>SX offers precision-crafted Flight Case Clamps that ensure your equipment stays safe. Trusted by professionals, our clamps deliver long-lasting performance.<\/p>\n<h3>Factory-Direct Savings with SX Flight Case Clamps<\/h3>\n<p>Get premium Flight Case Clamps at unbeatable prices from SX. Our commitment to quality control guarantees reliable, durable protection for your gear.<\/p>\n<\/div>\n<\/div>\n<\/div>\n<\/div>\n","protected":false},"featured_media":4194,"comment_status":"open","ping_status":"closed","template":"","meta":[],"product_brand":[],"product_cat":[64],"product_tag":[],"class_list":{"0":"post-4234","1":"product","2":"type-product","3":"status-publish","4":"has-post-thumbnail","6":"product_cat-clamps","8":"first","9":"instock","10":"shipping-taxable","11":"product-type-simple"},"yoast_head":"<!-- This site is optimized with the Yoast SEO Premium plugin v27.1 (Yoast SEO v27.2) - https:\/\/yoast.com\/product\/yoast-seo-premium-wordpress\/ -->\n<title>Flight Case Clamps CLB202 - https:\/\/sxflightcase.com \ud83d\udc97<\/title>\n<meta name=\"description\" content=\"Flight case clamps, factory direct! High-quality, durable clamps designed for securely assembling and reinforcing flight case panels and corners. Perfect for ensuring long-lasting protection and stability.\" \/>\n<meta name=\"robots\" content=\"index, follow, max-snippet:-1, max-image-preview:large, max-video-preview:-1\" \/>\n<link rel=\"canonical\" href=\"https:\/\/sxflightcase.com\/es\/producto\/abrazaderas-para-flight-case-clampsb202\/\" \/>\n<meta property=\"og:locale\" content=\"es_MX\" \/>\n<meta property=\"og:type\" content=\"article\" \/>\n<meta property=\"og:title\" content=\"Flight Case Clamps CLB202\" \/>\n<meta property=\"og:description\" content=\"Flight case clamps, factory direct! High-quality, durable clamps designed for securely assembling and reinforcing flight case panels and corners. Perfect for ensuring long-lasting protection and stability.\" \/>\n<meta property=\"og:url\" content=\"https:\/\/sxflightcase.com\/es\/producto\/abrazaderas-para-flight-case-clampsb202\/\" \/>\n<meta property=\"og:site_name\" content=\"https:\/\/sxflightcase.com\" \/>\n<meta property=\"article:publisher\" content=\"https:\/\/www.facebook.com\/profile.php?id=61560407257971\" \/>\n<meta property=\"article:modified_time\" content=\"2024-09-02T06:37:22+00:00\" \/>\n<meta property=\"og:image\" content=\"https:\/\/sxflightcase.com\/wp-content\/uploads\/2024\/08\/CLB202.jpg\" \/>\n\t<meta property=\"og:image:width\" content=\"700\" \/>\n\t<meta property=\"og:image:height\" content=\"700\" \/>\n\t<meta property=\"og:image:type\" content=\"image\/jpeg\" \/>\n<meta name=\"twitter:card\" content=\"summary_large_image\" \/>\n<meta name=\"twitter:label1\" content=\"Tiempo de lectura\" \/>\n\t<meta name=\"twitter:data1\" content=\"3 minutos\" \/>\n<script type=\"application\/ld+json\" class=\"yoast-schema-graph\">{\"@context\":\"https:\/\/schema.org\",\"@graph\":[{\"@type\":\"WebPage\",\"@id\":\"https:\/\/sxflightcase.com\/product\/flight-case-clamps-clb202\/\",\"url\":\"https:\/\/sxflightcase.com\/product\/flight-case-clamps-clb202\/\",\"name\":\"Flight Case Clamps CLB202 - https:\/\/sxflightcase.com \ud83d\udc97\",\"isPartOf\":{\"@id\":\"https:\/\/sxflightcase.com\/th\/#website\"},\"primaryImageOfPage\":{\"@id\":\"https:\/\/sxflightcase.com\/product\/flight-case-clamps-clb202\/#primaryimage\"},\"image\":{\"@id\":\"https:\/\/sxflightcase.com\/product\/flight-case-clamps-clb202\/#primaryimage\"},\"thumbnailUrl\":\"https:\/\/sxflightcase.com\/wp-content\/uploads\/2024\/08\/CLB202.jpg\",\"datePublished\":\"2024-09-02T06:37:21+00:00\",\"dateModified\":\"2024-09-02T06:37:22+00:00\",\"description\":\"Flight case clamps, factory direct! High-quality, durable clamps designed for securely assembling and reinforcing flight case panels and corners. Perfect for ensuring long-lasting protection and stability.\",\"breadcrumb\":{\"@id\":\"https:\/\/sxflightcase.com\/product\/flight-case-clamps-clb202\/#breadcrumb\"},\"inLanguage\":\"es\",\"potentialAction\":[{\"@type\":\"ReadAction\",\"target\":[\"https:\/\/sxflightcase.com\/product\/flight-case-clamps-clb202\/\"]}]},{\"@type\":\"ImageObject\",\"inLanguage\":\"es\",\"@id\":\"https:\/\/sxflightcase.com\/product\/flight-case-clamps-clb202\/#primaryimage\",\"url\":\"https:\/\/sxflightcase.com\/wp-content\/uploads\/2024\/08\/CLB202.jpg\",\"contentUrl\":\"https:\/\/sxflightcase.com\/wp-content\/uploads\/2024\/08\/CLB202.jpg\",\"width\":700,\"height\":700,\"caption\":\"Flight Case Clamps\"},{\"@type\":\"BreadcrumbList\",\"@id\":\"https:\/\/sxflightcase.com\/product\/flight-case-clamps-clb202\/#breadcrumb\",\"itemListElement\":[{\"@type\":\"ListItem\",\"position\":1,\"name\":\"Home\",\"item\":\"https:\/\/sxflightcase.com\/\"},{\"@type\":\"ListItem\",\"position\":2,\"name\":\"\u0e2a\u0e34\u0e19\u0e04\u0e49\u0e32\",\"item\":\"https:\/\/sxflightcase.com\/th\/shop\/\"},{\"@type\":\"ListItem\",\"position\":3,\"name\":\"Flight Case Clamps CLB202\"}]},{\"@type\":\"WebSite\",\"@id\":\"https:\/\/sxflightcase.com\/th\/#website\",\"url\":\"https:\/\/sxflightcase.com\/th\/\",\"name\":\"sxpowercase.com\",\"description\":\"Flight Case Factory\",\"publisher\":{\"@id\":\"https:\/\/sxflightcase.com\/th\/#organization\"},\"potentialAction\":[{\"@type\":\"SearchAction\",\"target\":{\"@type\":\"EntryPoint\",\"urlTemplate\":\"https:\/\/sxflightcase.com\/th\/?s={search_term_string}\"},\"query-input\":{\"@type\":\"PropertyValueSpecification\",\"valueRequired\":true,\"valueName\":\"search_term_string\"}}],\"inLanguage\":\"es\"},{\"@type\":\"Organization\",\"@id\":\"https:\/\/sxflightcase.com\/th\/#organization\",\"name\":\"sxpowercase.com\",\"url\":\"https:\/\/sxflightcase.com\/th\/\",\"logo\":{\"@type\":\"ImageObject\",\"inLanguage\":\"es\",\"@id\":\"https:\/\/sxflightcase.com\/th\/#\/schema\/logo\/image\/\",\"url\":\"https:\/\/sxflightcase.com\/wp-content\/uploads\/2024\/04\/1713919036007.jpg\",\"contentUrl\":\"https:\/\/sxflightcase.com\/wp-content\/uploads\/2024\/04\/1713919036007.jpg\",\"width\":382,\"height\":388,\"caption\":\"sxpowercase.com\"},\"image\":{\"@id\":\"https:\/\/sxflightcase.com\/th\/#\/schema\/logo\/image\/\"},\"sameAs\":[\"https:\/\/www.facebook.com\/profile.php?id=61560407257971\"],\"numberOfEmployees\":{\"@type\":\"QuantitativeValue\",\"minValue\":\"11\",\"maxValue\":\"50\"}}]}<\/script>\n<!-- \/ Yoast SEO Premium plugin. -->","yoast_head_json":{"title":"Flight Case Clamps CLB202 - https:\/\/sxflightcase.com \ud83d\udc97","description":"Abrazaderas para flightcases, \u00a1directas de f\u00e1brica! Abrazaderas duraderas de alta calidad dise\u00f1adas para ensamblar y reforzar de forma segura paneles y esquinas de flightcases. Perfectas para garantizar una protecci\u00f3n y estabilidad duraderas.","robots":{"index":"index","follow":"follow","max-snippet":"max-snippet:-1","max-image-preview":"max-image-preview:large","max-video-preview":"max-video-preview:-1"},"canonical":"https:\/\/sxflightcase.com\/es\/producto\/abrazaderas-para-flight-case-clampsb202\/","og_locale":"es_MX","og_type":"article","og_title":"Flight Case Clamps CLB202","og_description":"Flight case clamps, factory direct! High-quality, durable clamps designed for securely assembling and reinforcing flight case panels and corners. Perfect for ensuring long-lasting protection and stability.","og_url":"https:\/\/sxflightcase.com\/es\/producto\/abrazaderas-para-flight-case-clampsb202\/","og_site_name":"https:\/\/sxflightcase.com","article_publisher":"https:\/\/www.facebook.com\/profile.php?id=61560407257971","article_modified_time":"2024-09-02T06:37:22+00:00","og_image":[{"width":700,"height":700,"url":"https:\/\/sxflightcase.com\/wp-content\/uploads\/2024\/08\/CLB202.jpg","type":"image\/jpeg"}],"twitter_card":"summary_large_image","twitter_misc":{"Tiempo de lectura":"3 minutos"},"schema":{"@context":"https:\/\/schema.org","@graph":[{"@type":"WebPage","@id":"https:\/\/sxflightcase.com\/product\/flight-case-clamps-clb202\/","url":"https:\/\/sxflightcase.com\/product\/flight-case-clamps-clb202\/","name":"Flight Case Clamps CLB202 - https:\/\/sxflightcase.com \ud83d\udc97","isPartOf":{"@id":"https:\/\/sxflightcase.com\/th\/#website"},"primaryImageOfPage":{"@id":"https:\/\/sxflightcase.com\/product\/flight-case-clamps-clb202\/#primaryimage"},"image":{"@id":"https:\/\/sxflightcase.com\/product\/flight-case-clamps-clb202\/#primaryimage"},"thumbnailUrl":"https:\/\/sxflightcase.com\/wp-content\/uploads\/2024\/08\/CLB202.jpg","datePublished":"2024-09-02T06:37:21+00:00","dateModified":"2024-09-02T06:37:22+00:00","description":"Abrazaderas para flightcases, \u00a1directas de f\u00e1brica! Abrazaderas duraderas de alta calidad dise\u00f1adas para ensamblar y reforzar de forma segura paneles y esquinas de flightcases. Perfectas para garantizar una protecci\u00f3n y estabilidad duraderas.","breadcrumb":{"@id":"https:\/\/sxflightcase.com\/product\/flight-case-clamps-clb202\/#breadcrumb"},"inLanguage":"es","potentialAction":[{"@type":"ReadAction","target":["https:\/\/sxflightcase.com\/product\/flight-case-clamps-clb202\/"]}]},{"@type":"ImageObject","inLanguage":"es","@id":"https:\/\/sxflightcase.com\/product\/flight-case-clamps-clb202\/#primaryimage","url":"https:\/\/sxflightcase.com\/wp-content\/uploads\/2024\/08\/CLB202.jpg","contentUrl":"https:\/\/sxflightcase.com\/wp-content\/uploads\/2024\/08\/CLB202.jpg","width":700,"height":700,"caption":"Flight Case Clamps"},{"@type":"BreadcrumbList","@id":"https:\/\/sxflightcase.com\/product\/flight-case-clamps-clb202\/#breadcrumb","itemListElement":[{"@type":"ListItem","position":1,"name":"Home","item":"https:\/\/sxflightcase.com\/"},{"@type":"ListItem","position":2,"name":"\u0e2a\u0e34\u0e19\u0e04\u0e49\u0e32","item":"https:\/\/sxflightcase.com\/th\/shop\/"},{"@type":"ListItem","position":3,"name":"Flight Case Clamps CLB202"}]},{"@type":"WebSite","@id":"https:\/\/sxflightcase.com\/th\/#website","url":"https:\/\/sxflightcase.com\/th\/","name":"es.sxpowercase.com","description":"F\u00e1brica de flightcases","publisher":{"@id":"https:\/\/sxflightcase.com\/th\/#organization"},"potentialAction":[{"@type":"SearchAction","target":{"@type":"EntryPoint","urlTemplate":"https:\/\/sxflightcase.com\/th\/?s={search_term_string}"},"query-input":{"@type":"PropertyValueSpecification","valueRequired":true,"valueName":"search_term_string"}}],"inLanguage":"es"},{"@type":"Organization","@id":"https:\/\/sxflightcase.com\/th\/#organization","name":"es.sxpowercase.com","url":"https:\/\/sxflightcase.com\/th\/","logo":{"@type":"ImageObject","inLanguage":"es","@id":"https:\/\/sxflightcase.com\/th\/#\/schema\/logo\/image\/","url":"https:\/\/sxflightcase.com\/wp-content\/uploads\/2024\/04\/1713919036007.jpg","contentUrl":"https:\/\/sxflightcase.com\/wp-content\/uploads\/2024\/04\/1713919036007.jpg","width":382,"height":388,"caption":"sxpowercase.com"},"image":{"@id":"https:\/\/sxflightcase.com\/th\/#\/schema\/logo\/image\/"},"sameAs":["https:\/\/www.facebook.com\/profile.php?id=61560407257971"],"numberOfEmployees":{"@type":"QuantitativeValue","minValue":"11","maxValue":"50"}}]}},"_links":{"self":[{"href":"https:\/\/sxflightcase.com\/es\/wp-json\/wp\/v2\/product\/4234","targetHints":{"allow":["GET"]}}],"collection":[{"href":"https:\/\/sxflightcase.com\/es\/wp-json\/wp\/v2\/product"}],"about":[{"href":"https:\/\/sxflightcase.com\/es\/wp-json\/wp\/v2\/types\/product"}],"replies":[{"embeddable":true,"href":"https:\/\/sxflightcase.com\/es\/wp-json\/wp\/v2\/comments?post=4234"}],"version-history":[{"count":0,"href":"https:\/\/sxflightcase.com\/es\/wp-json\/wp\/v2\/product\/4234\/revisions"}],"wp:featuredmedia":[{"embeddable":true,"href":"https:\/\/sxflightcase.com\/es\/wp-json\/wp\/v2\/media\/4194"}],"wp:attachment":[{"href":"https:\/\/sxflightcase.com\/es\/wp-json\/wp\/v2\/media?parent=4234"}],"wp:term":[{"taxonomy":"product_brand","embeddable":true,"href":"https:\/\/sxflightcase.com\/es\/wp-json\/wp\/v2\/product_brand?post=4234"},{"taxonomy":"product_cat","embeddable":true,"href":"https:\/\/sxflightcase.com\/es\/wp-json\/wp\/v2\/product_cat?post=4234"},{"taxonomy":"product_tag","embeddable":true,"href":"https:\/\/sxflightcase.com\/es\/wp-json\/wp\/v2\/product_tag?post=4234"}],"curies":[{"name":"wp","href":"https:\/\/api.w.org\/{rel}","templated":true}]}}