{"id":4320,"date":"2024-09-09T07:11:30","date_gmt":"2024-09-09T06:11:30","guid":{"rendered":"https:\/\/sxpowercase.com\/?post_type=product&#038;p=4320"},"modified":"2024-09-09T07:11:31","modified_gmt":"2024-09-09T06:11:31","slug":"rack-mounting-rails-rab102","status":"publish","type":"product","link":"https:\/\/sxflightcase.com\/es\/producto\/railes-de-montaje-en-bastidor-rab102-2\/","title":{"rendered":"Rieles de montaje en bastidor RAB102"},"content":{"rendered":"<h3>Mejore su instalaci\u00f3n con los ra\u00edles de montaje en bastidor SX<\/h3>\n<p>Cuando se trata de montar con seguridad su equipo, <strong>SX <a href=\"https:\/\/sxpowercase.com\/product\/rack-rail-rab101\/\">Rieles de montaje en bastidor<\/a><\/strong> son un componente esencial para cualquier configuraci\u00f3n profesional. Estos ra\u00edles est\u00e1n dise\u00f1ados para ofrecer resistencia y fiabilidad, facilitando el soporte de su valioso equipo. Con <strong>SX<\/strong>con precios directos de f\u00e1brica, lo que garantiza una calidad de primera a un precio que se ajusta a su presupuesto.<\/p>\n<h3>Durabilidad con la que puede contar<\/h3>\n<p>Nuestro <strong>Rieles de montaje en bastidor<\/strong> est\u00e1n fabricados con materiales de primera calidad, dise\u00f1ados para soportar los rigores del uso diario. Tanto si se instala en un estudio, una sala de servidores o un taller, estos ra\u00edles ofrecen un rendimiento duradero. <strong><a href=\"https:\/\/sxpowercase.com\/\" target=\"_blank\" rel=\"noopener\" title=\"SX\" data-wpil-monitor-id=\"731\">SX<\/a><\/strong> garantiza que todos los productos cumplen estrictas normas de calidad, por lo que puede confiar en la durabilidad y resistencia de cada ra\u00edl.<\/p>\n<h3>F\u00e1cil integraci\u00f3n y personalizaci\u00f3n<\/h3>\n<p>SX <strong>Rieles de montaje en bastidor<\/strong> son compatibles con la mayor\u00eda de los sistemas de rack est\u00e1ndar, lo que facilita su integraci\u00f3n en la configuraci\u00f3n existente. Tanto si trabaja con equipos de audio, hardware inform\u00e1tico o herramientas industriales, estos ra\u00edles ofrecen la versatilidad necesaria para soportar cualquier tipo de equipo. Adem\u00e1s, su dise\u00f1o adaptable permite una instalaci\u00f3n r\u00e1pida y sencilla, ahorr\u00e1ndole tiempo.<\/p>\n<h3>Precios directos de f\u00e1brica para obtener el m\u00e1ximo valor<\/h3>\n<p>En <strong>SX<\/strong>eliminamos al intermediario para entregar <strong>Carril de montaje en bastidor<\/strong>\u00a0a precios de f\u00e1brica imbatibles. Esto significa que obtendr\u00e1 la m\u00e1xima calidad por menos dinero, sin comprometer el rendimiento ni la fiabilidad. Para empresas que buscan maximizar el valor sin gastar de m\u00e1s, <strong>SX<\/strong> es la opci\u00f3n ideal.<\/p>\n<h3>Estabilidad fiable para sus equipos<\/h3>\n<p>La estabilidad es fundamental a la hora de montar equipos pesados, y <strong>Carril de montaje en bastidor SX<\/strong>\u00a0est\u00e1n dise\u00f1ados para mantener sus dispositivos en su sitio. Tanto si se trata de servidores pesados como de equipos de audio delicados, estos ra\u00edles garantizan que todo permanezca en su sitio. Este nivel de apoyo ayuda a proteger sus valiosos activos de da\u00f1os accidentales.<\/p>\n<h3>Vers\u00e1til y fiable<\/h3>\n<p>Desde equipos de radiodifusi\u00f3n hasta infraestructuras inform\u00e1ticas, <strong>Carril de montaje en bastidor SX<\/strong>\u00a0est\u00e1n dise\u00f1ados para una amplia gama de aplicaciones. Su flexibilidad, combinada con una gran durabilidad, las hace adecuadas para su uso en cualquier entorno. Los profesionales conf\u00edan en <strong>SX<\/strong> por su robustez y f\u00e1cil adaptabilidad.<\/p>\n<h3>Calidad y garant\u00eda<\/h3>\n<p>En <strong>SX<\/strong>nos enorgullecemos de ofrecer una calidad en la que puede confiar. Cada <strong>Carril de montaje en bastidor<\/strong> se somete a rigurosas pruebas para garantizar que cumple nuestros elevados est\u00e1ndares. Con precios directos de f\u00e1brica y materiales de primera calidad, <strong>SX<\/strong> es su marca de referencia para soluciones de montaje en bastidor fiables y asequibles.<\/p>\n<p>Para una soluci\u00f3n fiable, duradera y asequible, elija <strong>Carril de montaje en bastidor SX<\/strong>\u00a0para apoyar su equipo con confianza.<\/p>\n<ol>\n<li>Cont\u00e1ctenos ahora:<span style=\"color: #0000ff;\"><a style=\"color: #0000ff;\" href=\"https:\/\/sxpowercase.com\/contact-us\/\">https:\/\/sxpowercase.com\/<\/a><\/span><\/li>\n<li>Cat\u00e1logo de productos de hardware:<span style=\"color: #3366ff;\"><a style=\"color: #3366ff;\" href=\"https:\/\/sxpowercase.com\/wp-content\/uploads\/2024\/07\/\u4e94\u91d1.pdf\">Cat\u00e1logo de accesorios de ferreter\u00eda<\/a><\/span><\/li>\n<\/ol>","protected":false},"excerpt":{"rendered":"<h3>Asegure sus equipos con los ra\u00edles de montaje en bastidor SX<\/h3>\n<p>Los ra\u00edles de montaje en bastidor SX ofrecen un soporte s\u00f3lido y fiable para su instalaci\u00f3n profesional, garantizando la estabilidad y seguridad de su equipo a precios directos de f\u00e1brica.<\/p>\n<h3>Duradera y hecha para durar<\/h3>\n<p>Fabricados con materiales de primera calidad, los ra\u00edles de montaje en bastidor SX est\u00e1n dise\u00f1ados para soportar un uso intensivo, proporcionando un rendimiento duradero en cualquier entorno.<\/p>\n<h3>F\u00e1cil instalaci\u00f3n y compatibilidad vers\u00e1til<\/h3>\n<p>Compatibles con la mayor\u00eda de los sistemas de rack est\u00e1ndar, los ra\u00edles de montaje en rack SX garantizan una instalaci\u00f3n r\u00e1pida y un soporte adaptable para una amplia gama de equipos.<\/p>","protected":false},"featured_media":4276,"comment_status":"open","ping_status":"closed","template":"","meta":[],"product_brand":[],"product_cat":[66],"product_tag":[],"class_list":{"0":"post-4320","1":"product","2":"type-product","3":"status-publish","4":"has-post-thumbnail","6":"product_cat-rack-hardware","8":"first","9":"instock","10":"shipping-taxable","11":"product-type-simple"},"yoast_head":"<!-- This site is optimized with the Yoast SEO Premium plugin v27.1 (Yoast SEO v27.2) - https:\/\/yoast.com\/product\/yoast-seo-premium-wordpress\/ -->\n<title>Rack Mounting Rails RAB102 - https:\/\/sxflightcase.com \ud83d\udc97<\/title>\n<meta name=\"description\" content=\"Rack mounting rails, factory direct! High-quality, durable rails designed for securely mounting and organizing equipment in racks.\" \/>\n<meta name=\"robots\" content=\"index, follow, max-snippet:-1, max-image-preview:large, max-video-preview:-1\" \/>\n<link rel=\"canonical\" href=\"https:\/\/sxflightcase.com\/es\/producto\/railes-de-montaje-en-bastidor-rab102-2\/\" \/>\n<meta property=\"og:locale\" content=\"es_MX\" \/>\n<meta property=\"og:type\" content=\"article\" \/>\n<meta property=\"og:title\" content=\"Rack Mounting Rails RAB102\" \/>\n<meta property=\"og:description\" content=\"Rack mounting rails, factory direct! High-quality, durable rails designed for securely mounting and organizing equipment in racks.\" \/>\n<meta property=\"og:url\" content=\"https:\/\/sxflightcase.com\/es\/producto\/railes-de-montaje-en-bastidor-rab102-2\/\" \/>\n<meta property=\"og:site_name\" content=\"https:\/\/sxflightcase.com\" \/>\n<meta property=\"article:publisher\" content=\"https:\/\/www.facebook.com\/profile.php?id=61560407257971\" \/>\n<meta property=\"article:modified_time\" content=\"2024-09-09T06:11:31+00:00\" \/>\n<meta property=\"og:image\" content=\"https:\/\/sxflightcase.com\/wp-content\/uploads\/2024\/09\/RAB102.jpg\" \/>\n\t<meta property=\"og:image:width\" content=\"700\" \/>\n\t<meta property=\"og:image:height\" content=\"700\" \/>\n\t<meta property=\"og:image:type\" content=\"image\/jpeg\" \/>\n<meta name=\"twitter:card\" content=\"summary_large_image\" \/>\n<meta name=\"twitter:label1\" content=\"Tiempo de lectura\" \/>\n\t<meta name=\"twitter:data1\" content=\"3 minutos\" \/>\n<script type=\"application\/ld+json\" class=\"yoast-schema-graph\">{\"@context\":\"https:\/\/schema.org\",\"@graph\":[{\"@type\":\"WebPage\",\"@id\":\"https:\/\/sxflightcase.com\/product\/rack-mounting-rails-rab102\/\",\"url\":\"https:\/\/sxflightcase.com\/product\/rack-mounting-rails-rab102\/\",\"name\":\"Rack Mounting Rails RAB102 - https:\/\/sxflightcase.com \ud83d\udc97\",\"isPartOf\":{\"@id\":\"https:\/\/sxflightcase.com\/th\/#website\"},\"primaryImageOfPage\":{\"@id\":\"https:\/\/sxflightcase.com\/product\/rack-mounting-rails-rab102\/#primaryimage\"},\"image\":{\"@id\":\"https:\/\/sxflightcase.com\/product\/rack-mounting-rails-rab102\/#primaryimage\"},\"thumbnailUrl\":\"https:\/\/sxflightcase.com\/wp-content\/uploads\/2024\/09\/RAB102.jpg\",\"datePublished\":\"2024-09-09T06:11:30+00:00\",\"dateModified\":\"2024-09-09T06:11:31+00:00\",\"description\":\"Rack mounting rails, factory direct! High-quality, durable rails designed for securely mounting and organizing equipment in racks.\",\"breadcrumb\":{\"@id\":\"https:\/\/sxflightcase.com\/product\/rack-mounting-rails-rab102\/#breadcrumb\"},\"inLanguage\":\"es\",\"potentialAction\":[{\"@type\":\"ReadAction\",\"target\":[\"https:\/\/sxflightcase.com\/product\/rack-mounting-rails-rab102\/\"]}]},{\"@type\":\"ImageObject\",\"inLanguage\":\"es\",\"@id\":\"https:\/\/sxflightcase.com\/product\/rack-mounting-rails-rab102\/#primaryimage\",\"url\":\"https:\/\/sxflightcase.com\/wp-content\/uploads\/2024\/09\/RAB102.jpg\",\"contentUrl\":\"https:\/\/sxflightcase.com\/wp-content\/uploads\/2024\/09\/RAB102.jpg\",\"width\":700,\"height\":700,\"caption\":\"Rack Mounting Rails\"},{\"@type\":\"BreadcrumbList\",\"@id\":\"https:\/\/sxflightcase.com\/product\/rack-mounting-rails-rab102\/#breadcrumb\",\"itemListElement\":[{\"@type\":\"ListItem\",\"position\":1,\"name\":\"Home\",\"item\":\"https:\/\/sxflightcase.com\/\"},{\"@type\":\"ListItem\",\"position\":2,\"name\":\"\u0e2a\u0e34\u0e19\u0e04\u0e49\u0e32\",\"item\":\"https:\/\/sxflightcase.com\/th\/shop\/\"},{\"@type\":\"ListItem\",\"position\":3,\"name\":\"Rack Mounting Rails RAB102\"}]},{\"@type\":\"WebSite\",\"@id\":\"https:\/\/sxflightcase.com\/th\/#website\",\"url\":\"https:\/\/sxflightcase.com\/th\/\",\"name\":\"sxpowercase.com\",\"description\":\"Flight Case Factory\",\"publisher\":{\"@id\":\"https:\/\/sxflightcase.com\/th\/#organization\"},\"potentialAction\":[{\"@type\":\"SearchAction\",\"target\":{\"@type\":\"EntryPoint\",\"urlTemplate\":\"https:\/\/sxflightcase.com\/th\/?s={search_term_string}\"},\"query-input\":{\"@type\":\"PropertyValueSpecification\",\"valueRequired\":true,\"valueName\":\"search_term_string\"}}],\"inLanguage\":\"es\"},{\"@type\":\"Organization\",\"@id\":\"https:\/\/sxflightcase.com\/th\/#organization\",\"name\":\"sxpowercase.com\",\"url\":\"https:\/\/sxflightcase.com\/th\/\",\"logo\":{\"@type\":\"ImageObject\",\"inLanguage\":\"es\",\"@id\":\"https:\/\/sxflightcase.com\/th\/#\/schema\/logo\/image\/\",\"url\":\"https:\/\/sxflightcase.com\/wp-content\/uploads\/2024\/04\/1713919036007.jpg\",\"contentUrl\":\"https:\/\/sxflightcase.com\/wp-content\/uploads\/2024\/04\/1713919036007.jpg\",\"width\":382,\"height\":388,\"caption\":\"sxpowercase.com\"},\"image\":{\"@id\":\"https:\/\/sxflightcase.com\/th\/#\/schema\/logo\/image\/\"},\"sameAs\":[\"https:\/\/www.facebook.com\/profile.php?id=61560407257971\"],\"numberOfEmployees\":{\"@type\":\"QuantitativeValue\",\"minValue\":\"11\",\"maxValue\":\"50\"}}]}<\/script>\n<!-- \/ Yoast SEO Premium plugin. -->","yoast_head_json":{"title":"Rack Mounting Rails RAB102 - https:\/\/sxflightcase.com \ud83d\udc97","description":"Rieles de montaje en bastidor, \u00a1directos de f\u00e1brica! Rieles duraderos de alta calidad dise\u00f1ados para montar y organizar equipos en bastidores de forma segura.","robots":{"index":"index","follow":"follow","max-snippet":"max-snippet:-1","max-image-preview":"max-image-preview:large","max-video-preview":"max-video-preview:-1"},"canonical":"https:\/\/sxflightcase.com\/es\/producto\/railes-de-montaje-en-bastidor-rab102-2\/","og_locale":"es_MX","og_type":"article","og_title":"Rack Mounting Rails RAB102","og_description":"Rack mounting rails, factory direct! High-quality, durable rails designed for securely mounting and organizing equipment in racks.","og_url":"https:\/\/sxflightcase.com\/es\/producto\/railes-de-montaje-en-bastidor-rab102-2\/","og_site_name":"https:\/\/sxflightcase.com","article_publisher":"https:\/\/www.facebook.com\/profile.php?id=61560407257971","article_modified_time":"2024-09-09T06:11:31+00:00","og_image":[{"width":700,"height":700,"url":"https:\/\/sxflightcase.com\/wp-content\/uploads\/2024\/09\/RAB102.jpg","type":"image\/jpeg"}],"twitter_card":"summary_large_image","twitter_misc":{"Tiempo de lectura":"3 minutos"},"schema":{"@context":"https:\/\/schema.org","@graph":[{"@type":"WebPage","@id":"https:\/\/sxflightcase.com\/product\/rack-mounting-rails-rab102\/","url":"https:\/\/sxflightcase.com\/product\/rack-mounting-rails-rab102\/","name":"Rack Mounting Rails RAB102 - https:\/\/sxflightcase.com \ud83d\udc97","isPartOf":{"@id":"https:\/\/sxflightcase.com\/th\/#website"},"primaryImageOfPage":{"@id":"https:\/\/sxflightcase.com\/product\/rack-mounting-rails-rab102\/#primaryimage"},"image":{"@id":"https:\/\/sxflightcase.com\/product\/rack-mounting-rails-rab102\/#primaryimage"},"thumbnailUrl":"https:\/\/sxflightcase.com\/wp-content\/uploads\/2024\/09\/RAB102.jpg","datePublished":"2024-09-09T06:11:30+00:00","dateModified":"2024-09-09T06:11:31+00:00","description":"Rieles de montaje en bastidor, \u00a1directos de f\u00e1brica! Rieles duraderos de alta calidad dise\u00f1ados para montar y organizar equipos en bastidores de forma segura.","breadcrumb":{"@id":"https:\/\/sxflightcase.com\/product\/rack-mounting-rails-rab102\/#breadcrumb"},"inLanguage":"es","potentialAction":[{"@type":"ReadAction","target":["https:\/\/sxflightcase.com\/product\/rack-mounting-rails-rab102\/"]}]},{"@type":"ImageObject","inLanguage":"es","@id":"https:\/\/sxflightcase.com\/product\/rack-mounting-rails-rab102\/#primaryimage","url":"https:\/\/sxflightcase.com\/wp-content\/uploads\/2024\/09\/RAB102.jpg","contentUrl":"https:\/\/sxflightcase.com\/wp-content\/uploads\/2024\/09\/RAB102.jpg","width":700,"height":700,"caption":"Rack Mounting Rails"},{"@type":"BreadcrumbList","@id":"https:\/\/sxflightcase.com\/product\/rack-mounting-rails-rab102\/#breadcrumb","itemListElement":[{"@type":"ListItem","position":1,"name":"Home","item":"https:\/\/sxflightcase.com\/"},{"@type":"ListItem","position":2,"name":"\u0e2a\u0e34\u0e19\u0e04\u0e49\u0e32","item":"https:\/\/sxflightcase.com\/th\/shop\/"},{"@type":"ListItem","position":3,"name":"Rack Mounting Rails RAB102"}]},{"@type":"WebSite","@id":"https:\/\/sxflightcase.com\/th\/#website","url":"https:\/\/sxflightcase.com\/th\/","name":"es.sxpowercase.com","description":"F\u00e1brica de flightcases","publisher":{"@id":"https:\/\/sxflightcase.com\/th\/#organization"},"potentialAction":[{"@type":"SearchAction","target":{"@type":"EntryPoint","urlTemplate":"https:\/\/sxflightcase.com\/th\/?s={search_term_string}"},"query-input":{"@type":"PropertyValueSpecification","valueRequired":true,"valueName":"search_term_string"}}],"inLanguage":"es"},{"@type":"Organization","@id":"https:\/\/sxflightcase.com\/th\/#organization","name":"es.sxpowercase.com","url":"https:\/\/sxflightcase.com\/th\/","logo":{"@type":"ImageObject","inLanguage":"es","@id":"https:\/\/sxflightcase.com\/th\/#\/schema\/logo\/image\/","url":"https:\/\/sxflightcase.com\/wp-content\/uploads\/2024\/04\/1713919036007.jpg","contentUrl":"https:\/\/sxflightcase.com\/wp-content\/uploads\/2024\/04\/1713919036007.jpg","width":382,"height":388,"caption":"sxpowercase.com"},"image":{"@id":"https:\/\/sxflightcase.com\/th\/#\/schema\/logo\/image\/"},"sameAs":["https:\/\/www.facebook.com\/profile.php?id=61560407257971"],"numberOfEmployees":{"@type":"QuantitativeValue","minValue":"11","maxValue":"50"}}]}},"_links":{"self":[{"href":"https:\/\/sxflightcase.com\/es\/wp-json\/wp\/v2\/product\/4320","targetHints":{"allow":["GET"]}}],"collection":[{"href":"https:\/\/sxflightcase.com\/es\/wp-json\/wp\/v2\/product"}],"about":[{"href":"https:\/\/sxflightcase.com\/es\/wp-json\/wp\/v2\/types\/product"}],"replies":[{"embeddable":true,"href":"https:\/\/sxflightcase.com\/es\/wp-json\/wp\/v2\/comments?post=4320"}],"version-history":[{"count":0,"href":"https:\/\/sxflightcase.com\/es\/wp-json\/wp\/v2\/product\/4320\/revisions"}],"wp:featuredmedia":[{"embeddable":true,"href":"https:\/\/sxflightcase.com\/es\/wp-json\/wp\/v2\/media\/4276"}],"wp:attachment":[{"href":"https:\/\/sxflightcase.com\/es\/wp-json\/wp\/v2\/media?parent=4320"}],"wp:term":[{"taxonomy":"product_brand","embeddable":true,"href":"https:\/\/sxflightcase.com\/es\/wp-json\/wp\/v2\/product_brand?post=4320"},{"taxonomy":"product_cat","embeddable":true,"href":"https:\/\/sxflightcase.com\/es\/wp-json\/wp\/v2\/product_cat?post=4320"},{"taxonomy":"product_tag","embeddable":true,"href":"https:\/\/sxflightcase.com\/es\/wp-json\/wp\/v2\/product_tag?post=4320"}],"curies":[{"name":"wp","href":"https:\/\/api.w.org\/{rel}","templated":true}]}}