{"id":4398,"date":"2024-09-13T07:12:03","date_gmt":"2024-09-13T06:12:03","guid":{"rendered":"https:\/\/sxpowercase.com\/?post_type=product&#038;p=4398"},"modified":"2024-09-13T07:12:03","modified_gmt":"2024-09-13T06:12:03","slug":"audio-rack-panel-rab304","status":"publish","type":"product","link":"https:\/\/sxflightcase.com\/es\/producto\/panel-rack-audio-rab304-2\/","title":{"rendered":"Panel de audio en rack RAB304"},"content":{"rendered":"<h3>Paneles para rack de audio profesional de SX<\/h3>\n<p>Cuando se trata de organizar su equipo de audio, un <span style=\"color: #0000ff;\"><a style=\"color: #0000ff;\" href=\"https:\/\/sxpowercase.com\/product\/blank-rack-panels\/\"><strong>Panel Audio Rack<\/strong><\/a><\/span> es esencial tanto para la funcionalidad como para la apariencia. En <strong>SX<\/strong>Ofrecemos paneles de alta calidad dise\u00f1ados para adaptarse a distintas configuraciones de audio, garantizando la protecci\u00f3n y organizaci\u00f3n de sus equipos. Con a\u00f1os de experiencia en la producci\u00f3n de soluciones de audio fiables, <strong>SX<\/strong> garantiza que nuestros paneles cumplen las normas m\u00e1s estrictas del sector.<\/p>\n<h3>Construcci\u00f3n de calidad para una mayor durabilidad<\/h3>\n<p>Nuestro <strong>Panel Audio Rack<\/strong>\u00a0est\u00e1n fabricados con materiales de alta calidad para garantizar su resistencia y longevidad. Tanto si gestionas un sistema de sonido profesional como un estudio dom\u00e9stico, <strong><a href=\"https:\/\/sxpowercase.com\/\" target=\"_blank\" rel=\"noopener\" title=\"SX\" data-wpil-monitor-id=\"751\">SX<\/a><\/strong> ofrecen una base s\u00f3lida para su equipo. Dise\u00f1ados para durar, estos paneles resisten el desgaste, lo que los convierte en una opci\u00f3n fiable para todas sus necesidades de configuraci\u00f3n de audio.<\/p>\n<h3>Precios directos de f\u00e1brica en los que puede confiar<\/h3>\n<p>En <strong>SX<\/strong>creemos en la entrega de productos de primera calidad sin la etiqueta de precio premium. La venta directa de f\u00e1brica nos permite prescindir de intermediarios y garantizarle la mejor relaci\u00f3n calidad-precio. Nuestra <strong>Panel Audio Rack<\/strong>\u00a0tienen un precio competitivo y ofrecen soluciones rentables sin comprometer la calidad. Esto le permite equipar su instalaci\u00f3n con equipos fiables por una fracci\u00f3n del coste.<\/p>\n<h3>F\u00e1cil instalaci\u00f3n y compatibilidad<\/h3>\n<p>SX <strong>Panel Audio Rack<\/strong>\u00a0est\u00e1n dise\u00f1ados para ser sencillos y f\u00e1ciles de instalar. Compatibles con los sistemas de rack est\u00e1ndar, pueden montarse r\u00e1pidamente para crear un sistema de audio organizado. El dise\u00f1o limpio garantiza que su bastidor de equipos siga siendo profesional y funcional, proporcionando un espacio \u00f3ptimo para la gesti\u00f3n de cables y equipos de audio.<\/p>\n<h3>Protecci\u00f3n \u00f3ptima para su instalaci\u00f3n de audio<\/h3>\n<p>Proteger su equipo de audio es esencial, y nuestro <strong>Panel Audio Rack<\/strong>\u00a0ofrecen una soluci\u00f3n. No s\u00f3lo ayudan a asegurar su equipo, sino que tambi\u00e9n mejoran el flujo de aire, reduciendo el riesgo de sobrecalentamiento. Estos paneles protegen su equipo del polvo y la suciedad, garantizando la longevidad y el buen funcionamiento de todos sus dispositivos.<\/p>\n<h3>Con la confianza de profesionales de todo el mundo<\/h3>\n<p><strong>SX<\/strong> es un nombre de confianza en la industria del audio, conocido por ofrecer alta calidad <strong>Paneles para rack de audio<\/strong>. Desde estudios de m\u00fasica hasta montajes para eventos en directo, profesionales de todo el mundo conf\u00edan en nuestros paneles por su durabilidad, funcionalidad y asequibilidad. Centrados en la calidad y el precio, <strong>SX<\/strong> le garantiza que obtendr\u00e1 los mejores productos para su rack de audio.<\/p>\n<h3>Mejora tu equipo de audio con SX<\/h3>\n<p>Si busca mejorar la organizaci\u00f3n y protecci\u00f3n de su equipo de audio, <strong>Paneles para rack SX Audio<\/strong> son la soluci\u00f3n perfecta. Con nuestro compromiso de precios directos de f\u00e1brica, materiales duraderos y dise\u00f1os profesionales, <strong>SX<\/strong> ofrece las mejores opciones tanto para los entusiastas del audio como para los profesionales. Equipe su rack con <strong>SX<\/strong> y experimente la diferencia en calidad y rendimiento.<\/p>\n<ol>\n<li>Cont\u00e1ctenos ahora:<span style=\"color: #0000ff;\"><a style=\"color: #0000ff;\" href=\"https:\/\/sxpowercase.com\/contact-us\/\">https:\/\/sxpowercase.com\/<\/a><\/span><\/li>\n<li>Cat\u00e1logo de productos de hardware:<span style=\"color: #0000ff;\"><a style=\"color: #0000ff;\" href=\"https:\/\/sxpowercase.com\/wp-content\/uploads\/2024\/07\/\u4e94\u91d1.pdf\">Cat\u00e1logo de accesorios de ferreter\u00eda<\/a><\/span><\/li>\n<\/ol>","protected":false},"excerpt":{"rendered":"<div class=\"flex max-w-full flex-col flex-grow\">\n<div class=\"min-h-[20px] text-message flex w-full flex-col items-end gap-2 whitespace-normal break-words [.text-message+&amp;]:mt-5\" dir=\"auto\" data-message-author-role=\"assistant\" data-message-id=\"aba26d0f-37c4-4886-8751-c903e68e8cbc\">\n<div class=\"flex w-full flex-col gap-1 empty:hidden first:pt-[3px]\">\n<div class=\"markdown prose w-full break-words dark:prose-invert light\">\n<h3>Durable Audio Rack Panels by SX<\/h3>\n<p>SX Audio Rack Panels are built with high-quality materials, ensuring strength and longevity for both professional and home studio setups.<\/p>\n<h3>Affordable Factory-Direct Pricing<\/h3>\n<p>Get premium audio solutions at unbeatable factory-direct prices with SX, offering high-performance Audio Rack Panels without the middleman mark-up.<\/p>\n<h3>Easy Installation and Equipment Protection<\/h3>\n<p>SX Audio Rack Panels are simple to install, compatible with standard racks, and provide optimal protection by improving airflow and reducing dust buildup.<\/p>\n<\/div>\n<\/div>\n<\/div>\n<\/div>\n","protected":false},"featured_media":4286,"comment_status":"open","ping_status":"closed","template":"","meta":[],"product_brand":[],"product_cat":[66],"product_tag":[],"class_list":{"0":"post-4398","1":"product","2":"type-product","3":"status-publish","4":"has-post-thumbnail","6":"product_cat-rack-hardware","8":"first","9":"instock","10":"shipping-taxable","11":"product-type-simple"},"yoast_head":"<!-- This site is optimized with the Yoast SEO Premium plugin v27.1 (Yoast SEO v27.2) - https:\/\/yoast.com\/product\/yoast-seo-premium-wordpress\/ -->\n<title>Audio Rack Panel RAB304 - https:\/\/sxflightcase.com \ud83d\udc97<\/title>\n<meta name=\"description\" content=\"Audio rack panel, factory direct! High-quality, durable panels designed for securely mounting and organizing audio equipment in racks. Ideal for professional studios, live sound setups, and AV installations.\" \/>\n<meta name=\"robots\" content=\"index, follow, max-snippet:-1, max-image-preview:large, max-video-preview:-1\" \/>\n<link rel=\"canonical\" href=\"https:\/\/sxflightcase.com\/es\/producto\/panel-rack-audio-rab304-2\/\" \/>\n<meta property=\"og:locale\" content=\"es_MX\" \/>\n<meta property=\"og:type\" content=\"article\" \/>\n<meta property=\"og:title\" content=\"Audio Rack Panel RAB304\" \/>\n<meta property=\"og:description\" content=\"Audio rack panel, factory direct! High-quality, durable panels designed for securely mounting and organizing audio equipment in racks. Ideal for professional studios, live sound setups, and AV installations.\" \/>\n<meta property=\"og:url\" content=\"https:\/\/sxflightcase.com\/es\/producto\/panel-rack-audio-rab304-2\/\" \/>\n<meta property=\"og:site_name\" content=\"https:\/\/sxflightcase.com\" \/>\n<meta property=\"article:publisher\" content=\"https:\/\/www.facebook.com\/profile.php?id=61560407257971\" \/>\n<meta property=\"og:image\" content=\"https:\/\/sxflightcase.com\/wp-content\/uploads\/2024\/09\/RAB304.jpg\" \/>\n\t<meta property=\"og:image:width\" content=\"700\" \/>\n\t<meta property=\"og:image:height\" content=\"700\" \/>\n\t<meta property=\"og:image:type\" content=\"image\/jpeg\" \/>\n<meta name=\"twitter:card\" content=\"summary_large_image\" \/>\n<meta name=\"twitter:label1\" content=\"Tiempo de lectura\" \/>\n\t<meta name=\"twitter:data1\" content=\"3 minutos\" \/>\n<script type=\"application\/ld+json\" class=\"yoast-schema-graph\">{\"@context\":\"https:\/\/schema.org\",\"@graph\":[{\"@type\":\"WebPage\",\"@id\":\"https:\/\/sxflightcase.com\/product\/audio-rack-panel-rab304\/\",\"url\":\"https:\/\/sxflightcase.com\/product\/audio-rack-panel-rab304\/\",\"name\":\"Audio Rack Panel RAB304 - https:\/\/sxflightcase.com \ud83d\udc97\",\"isPartOf\":{\"@id\":\"https:\/\/sxflightcase.com\/th\/#website\"},\"primaryImageOfPage\":{\"@id\":\"https:\/\/sxflightcase.com\/product\/audio-rack-panel-rab304\/#primaryimage\"},\"image\":{\"@id\":\"https:\/\/sxflightcase.com\/product\/audio-rack-panel-rab304\/#primaryimage\"},\"thumbnailUrl\":\"https:\/\/sxflightcase.com\/wp-content\/uploads\/2024\/09\/RAB304.jpg\",\"datePublished\":\"2024-09-13T06:12:03+00:00\",\"description\":\"Audio rack panel, factory direct! High-quality, durable panels designed for securely mounting and organizing audio equipment in racks. Ideal for professional studios, live sound setups, and AV installations.\",\"breadcrumb\":{\"@id\":\"https:\/\/sxflightcase.com\/product\/audio-rack-panel-rab304\/#breadcrumb\"},\"inLanguage\":\"es\",\"potentialAction\":[{\"@type\":\"ReadAction\",\"target\":[\"https:\/\/sxflightcase.com\/product\/audio-rack-panel-rab304\/\"]}]},{\"@type\":\"ImageObject\",\"inLanguage\":\"es\",\"@id\":\"https:\/\/sxflightcase.com\/product\/audio-rack-panel-rab304\/#primaryimage\",\"url\":\"https:\/\/sxflightcase.com\/wp-content\/uploads\/2024\/09\/RAB304.jpg\",\"contentUrl\":\"https:\/\/sxflightcase.com\/wp-content\/uploads\/2024\/09\/RAB304.jpg\",\"width\":700,\"height\":700,\"caption\":\"Audio Rack Panel\"},{\"@type\":\"BreadcrumbList\",\"@id\":\"https:\/\/sxflightcase.com\/product\/audio-rack-panel-rab304\/#breadcrumb\",\"itemListElement\":[{\"@type\":\"ListItem\",\"position\":1,\"name\":\"Home\",\"item\":\"https:\/\/sxflightcase.com\/\"},{\"@type\":\"ListItem\",\"position\":2,\"name\":\"\u0e2a\u0e34\u0e19\u0e04\u0e49\u0e32\",\"item\":\"https:\/\/sxflightcase.com\/th\/shop\/\"},{\"@type\":\"ListItem\",\"position\":3,\"name\":\"Audio Rack Panel RAB304\"}]},{\"@type\":\"WebSite\",\"@id\":\"https:\/\/sxflightcase.com\/th\/#website\",\"url\":\"https:\/\/sxflightcase.com\/th\/\",\"name\":\"sxpowercase.com\",\"description\":\"Flight Case Factory\",\"publisher\":{\"@id\":\"https:\/\/sxflightcase.com\/th\/#organization\"},\"potentialAction\":[{\"@type\":\"SearchAction\",\"target\":{\"@type\":\"EntryPoint\",\"urlTemplate\":\"https:\/\/sxflightcase.com\/th\/?s={search_term_string}\"},\"query-input\":{\"@type\":\"PropertyValueSpecification\",\"valueRequired\":true,\"valueName\":\"search_term_string\"}}],\"inLanguage\":\"es\"},{\"@type\":\"Organization\",\"@id\":\"https:\/\/sxflightcase.com\/th\/#organization\",\"name\":\"sxpowercase.com\",\"url\":\"https:\/\/sxflightcase.com\/th\/\",\"logo\":{\"@type\":\"ImageObject\",\"inLanguage\":\"es\",\"@id\":\"https:\/\/sxflightcase.com\/th\/#\/schema\/logo\/image\/\",\"url\":\"https:\/\/sxflightcase.com\/wp-content\/uploads\/2024\/04\/1713919036007.jpg\",\"contentUrl\":\"https:\/\/sxflightcase.com\/wp-content\/uploads\/2024\/04\/1713919036007.jpg\",\"width\":382,\"height\":388,\"caption\":\"sxpowercase.com\"},\"image\":{\"@id\":\"https:\/\/sxflightcase.com\/th\/#\/schema\/logo\/image\/\"},\"sameAs\":[\"https:\/\/www.facebook.com\/profile.php?id=61560407257971\"],\"numberOfEmployees\":{\"@type\":\"QuantitativeValue\",\"minValue\":\"11\",\"maxValue\":\"50\"}}]}<\/script>\n<!-- \/ Yoast SEO Premium plugin. -->","yoast_head_json":{"title":"Audio Rack Panel RAB304 - https:\/\/sxflightcase.com \ud83d\udc97","description":"Panel para rack de audio, \u00a1directo de f\u00e1brica! Paneles duraderos de alta calidad dise\u00f1ados para montar y organizar de forma segura equipos de audio en bastidores. Ideal para estudios profesionales, configuraciones de sonido en directo e instalaciones audiovisuales.","robots":{"index":"index","follow":"follow","max-snippet":"max-snippet:-1","max-image-preview":"max-image-preview:large","max-video-preview":"max-video-preview:-1"},"canonical":"https:\/\/sxflightcase.com\/es\/producto\/panel-rack-audio-rab304-2\/","og_locale":"es_MX","og_type":"article","og_title":"Audio Rack Panel RAB304","og_description":"Audio rack panel, factory direct! High-quality, durable panels designed for securely mounting and organizing audio equipment in racks. Ideal for professional studios, live sound setups, and AV installations.","og_url":"https:\/\/sxflightcase.com\/es\/producto\/panel-rack-audio-rab304-2\/","og_site_name":"https:\/\/sxflightcase.com","article_publisher":"https:\/\/www.facebook.com\/profile.php?id=61560407257971","og_image":[{"width":700,"height":700,"url":"https:\/\/sxflightcase.com\/wp-content\/uploads\/2024\/09\/RAB304.jpg","type":"image\/jpeg"}],"twitter_card":"summary_large_image","twitter_misc":{"Tiempo de lectura":"3 minutos"},"schema":{"@context":"https:\/\/schema.org","@graph":[{"@type":"WebPage","@id":"https:\/\/sxflightcase.com\/product\/audio-rack-panel-rab304\/","url":"https:\/\/sxflightcase.com\/product\/audio-rack-panel-rab304\/","name":"Audio Rack Panel RAB304 - https:\/\/sxflightcase.com \ud83d\udc97","isPartOf":{"@id":"https:\/\/sxflightcase.com\/th\/#website"},"primaryImageOfPage":{"@id":"https:\/\/sxflightcase.com\/product\/audio-rack-panel-rab304\/#primaryimage"},"image":{"@id":"https:\/\/sxflightcase.com\/product\/audio-rack-panel-rab304\/#primaryimage"},"thumbnailUrl":"https:\/\/sxflightcase.com\/wp-content\/uploads\/2024\/09\/RAB304.jpg","datePublished":"2024-09-13T06:12:03+00:00","description":"Panel para rack de audio, \u00a1directo de f\u00e1brica! Paneles duraderos de alta calidad dise\u00f1ados para montar y organizar de forma segura equipos de audio en bastidores. Ideal para estudios profesionales, configuraciones de sonido en directo e instalaciones audiovisuales.","breadcrumb":{"@id":"https:\/\/sxflightcase.com\/product\/audio-rack-panel-rab304\/#breadcrumb"},"inLanguage":"es","potentialAction":[{"@type":"ReadAction","target":["https:\/\/sxflightcase.com\/product\/audio-rack-panel-rab304\/"]}]},{"@type":"ImageObject","inLanguage":"es","@id":"https:\/\/sxflightcase.com\/product\/audio-rack-panel-rab304\/#primaryimage","url":"https:\/\/sxflightcase.com\/wp-content\/uploads\/2024\/09\/RAB304.jpg","contentUrl":"https:\/\/sxflightcase.com\/wp-content\/uploads\/2024\/09\/RAB304.jpg","width":700,"height":700,"caption":"Audio Rack Panel"},{"@type":"BreadcrumbList","@id":"https:\/\/sxflightcase.com\/product\/audio-rack-panel-rab304\/#breadcrumb","itemListElement":[{"@type":"ListItem","position":1,"name":"Home","item":"https:\/\/sxflightcase.com\/"},{"@type":"ListItem","position":2,"name":"\u0e2a\u0e34\u0e19\u0e04\u0e49\u0e32","item":"https:\/\/sxflightcase.com\/th\/shop\/"},{"@type":"ListItem","position":3,"name":"Audio Rack Panel RAB304"}]},{"@type":"WebSite","@id":"https:\/\/sxflightcase.com\/th\/#website","url":"https:\/\/sxflightcase.com\/th\/","name":"es.sxpowercase.com","description":"F\u00e1brica de flightcases","publisher":{"@id":"https:\/\/sxflightcase.com\/th\/#organization"},"potentialAction":[{"@type":"SearchAction","target":{"@type":"EntryPoint","urlTemplate":"https:\/\/sxflightcase.com\/th\/?s={search_term_string}"},"query-input":{"@type":"PropertyValueSpecification","valueRequired":true,"valueName":"search_term_string"}}],"inLanguage":"es"},{"@type":"Organization","@id":"https:\/\/sxflightcase.com\/th\/#organization","name":"es.sxpowercase.com","url":"https:\/\/sxflightcase.com\/th\/","logo":{"@type":"ImageObject","inLanguage":"es","@id":"https:\/\/sxflightcase.com\/th\/#\/schema\/logo\/image\/","url":"https:\/\/sxflightcase.com\/wp-content\/uploads\/2024\/04\/1713919036007.jpg","contentUrl":"https:\/\/sxflightcase.com\/wp-content\/uploads\/2024\/04\/1713919036007.jpg","width":382,"height":388,"caption":"sxpowercase.com"},"image":{"@id":"https:\/\/sxflightcase.com\/th\/#\/schema\/logo\/image\/"},"sameAs":["https:\/\/www.facebook.com\/profile.php?id=61560407257971"],"numberOfEmployees":{"@type":"QuantitativeValue","minValue":"11","maxValue":"50"}}]}},"_links":{"self":[{"href":"https:\/\/sxflightcase.com\/es\/wp-json\/wp\/v2\/product\/4398","targetHints":{"allow":["GET"]}}],"collection":[{"href":"https:\/\/sxflightcase.com\/es\/wp-json\/wp\/v2\/product"}],"about":[{"href":"https:\/\/sxflightcase.com\/es\/wp-json\/wp\/v2\/types\/product"}],"replies":[{"embeddable":true,"href":"https:\/\/sxflightcase.com\/es\/wp-json\/wp\/v2\/comments?post=4398"}],"version-history":[{"count":0,"href":"https:\/\/sxflightcase.com\/es\/wp-json\/wp\/v2\/product\/4398\/revisions"}],"wp:featuredmedia":[{"embeddable":true,"href":"https:\/\/sxflightcase.com\/es\/wp-json\/wp\/v2\/media\/4286"}],"wp:attachment":[{"href":"https:\/\/sxflightcase.com\/es\/wp-json\/wp\/v2\/media?parent=4398"}],"wp:term":[{"taxonomy":"product_brand","embeddable":true,"href":"https:\/\/sxflightcase.com\/es\/wp-json\/wp\/v2\/product_brand?post=4398"},{"taxonomy":"product_cat","embeddable":true,"href":"https:\/\/sxflightcase.com\/es\/wp-json\/wp\/v2\/product_cat?post=4398"},{"taxonomy":"product_tag","embeddable":true,"href":"https:\/\/sxflightcase.com\/es\/wp-json\/wp\/v2\/product_tag?post=4398"}],"curies":[{"name":"wp","href":"https:\/\/api.w.org\/{rel}","templated":true}]}}