{"id":4436,"date":"2024-09-19T04:09:39","date_gmt":"2024-09-19T03:09:39","guid":{"rendered":"https:\/\/sxpowercase.com\/?post_type=product&#038;p=4436"},"modified":"2024-09-19T04:10:17","modified_gmt":"2024-09-19T03:10:17","slug":"rack-accessories-raf301","status":"publish","type":"product","link":"https:\/\/sxflightcase.com\/es\/producto\/accesorios-para-estanterias-raf301-2\/","title":{"rendered":"Accesorios para bastidores RAF301"},"content":{"rendered":"<h3>Accesorios para racks SX: Mejore su sistema de estanter\u00edas con soluciones asequibles<\/h3>\n<p>Elegir bien <a href=\"https:\/\/sxpowercase.com\/product\/rack-accessories-raf201\/\"><strong>Accesorios para estanter\u00edas<\/strong><\/a> es crucial para maximizar la funcionalidad de su sistema de estanter\u00edas. En <strong>SX<\/strong>Ofrecemos una amplia gama de accesorios de alta calidad, como paneles de ventilaci\u00f3n, herramientas de gesti\u00f3n de cables y soportes de montaje. Cada producto est\u00e1 dise\u00f1ado para satisfacer las necesidades espec\u00edficas de las instalaciones audiovisuales e inform\u00e1ticas profesionales, garantizando que sus equipos permanezcan organizados y seguros.<\/p>\n<h3>Ahorro directo de f\u00e1brica y garant\u00eda de calidad<\/h3>\n<p>Con <strong><a title=\"SX\" href=\"https:\/\/sxpowercase.com\/\" target=\"_blank\" rel=\"noopener\" data-wpil-monitor-id=\"767\">SX<\/a><\/strong>obtendr\u00e1 una prima <strong>Accesorios para estanter\u00edas<\/strong> a precios imbatibles. Nuestro modelo de venta directa de f\u00e1brica nos permite prescindir de intermediarios y trasladarle directamente el ahorro a usted. Damos prioridad a la calidad sin elevar el precio, garantizando que cada producto ofrezca un rendimiento fiable a un precio rentable. Elija <strong>SX<\/strong> para soluciones de rack asequibles y fiables.<\/p>\n<h3>F\u00e1cil de usar e instalar<\/h3>\n<p>Nuestro <strong>Accesorios para estanter\u00edas SX<\/strong> est\u00e1n dise\u00f1ados para una instalaci\u00f3n r\u00e1pida y sencilla. Tanto si desea a\u00f1adir ventilaci\u00f3n adicional para evitar el sobrecalentamiento como instalar un sistema de gesti\u00f3n de cables para mantener el orden, cada accesorio se adapta perfectamente a las configuraciones de rack est\u00e1ndar. Con <strong>SX<\/strong>configurar o actualizar su sistema es muy sencillo, lo que le ahorrar\u00e1 tiempo y esfuerzo.<\/p>\n<h3>Duradero y de larga duraci\u00f3n<\/h3>\n<p>Todos <strong>SX<\/strong> est\u00e1n fabricados con materiales duraderos de calidad industrial que garantizan que su <strong>Accesorios para estanter\u00edas<\/strong> duran a\u00f1os. Tanto si se trata de componentes electr\u00f3nicos delicados como de hardware de alta resistencia, nuestros accesorios ofrecen la resistencia y durabilidad necesarias para proteger sus valiosos equipos. Con <strong>SX<\/strong>Adem\u00e1s, obtendr\u00e1 accesorios dise\u00f1ados para soportar entornos exigentes.<\/p>\n<h3>Opciones vers\u00e1tiles para todas las configuraciones de bastidor<\/h3>\n<p>En <strong>SX<\/strong>Ofrecemos una amplia selecci\u00f3n de <strong>Accesorio de estanter\u00eda<\/strong>\u00a0para satisfacer todas las necesidades. Desde paneles de relleno hasta bandejas portacables y ra\u00edles de montaje, nuestros productos cubren todos los aspectos esenciales. Sea cual sea su configuraci\u00f3n, <strong>SX<\/strong> tiene los accesorios para completar su sistema de estanter\u00edas, haci\u00e9ndolo m\u00e1s organizado, eficiente y seguro.<\/p>\n<h3>Conclusi\u00f3n<\/h3>\n<p>Para obtener la m\u00e1xima calidad a un precio asequible <strong>Accesorio de estanter\u00eda<\/strong>confianza <strong>SX<\/strong> para cumplir. Nuestros precios directos de f\u00e1brica, materiales duraderos y facilidad de instalaci\u00f3n nos convierten en la opci\u00f3n preferida de los profesionales que desean mejorar sus sistemas de estanter\u00edas. Mejore su sistema de rack con <strong>Accesorios para estanter\u00edas SX<\/strong> hoy.<\/p>\n<ol>\n<li>Cont\u00e1ctenos ahora:<span style=\"color: #0000ff;\"><a style=\"color: #0000ff;\" href=\"https:\/\/sxpowercase.com\/contact-us\/\">https:\/\/sxpowercase.com\/<\/a><\/span><\/li>\n<li>Cat\u00e1logo de productos de hardware:<span style=\"color: #0000ff;\"><a style=\"color: #0000ff;\" href=\"https:\/\/sxpowercase.com\/wp-content\/uploads\/2024\/07\/\u4e94\u91d1.pdf\">Cat\u00e1logo de accesorios de ferreter\u00eda<\/a><\/span><\/li>\n<\/ol>","protected":false},"excerpt":{"rendered":"<h3>Optimice su estanter\u00eda con los accesorios para estanter\u00edas SX<\/h3>\n<p>Los accesorios para rack SX ofrecen una organizaci\u00f3n y protecci\u00f3n superiores para su sistema, con soluciones duraderas como la gesti\u00f3n de cables y los ra\u00edles para rack.<\/p>\n<h3>Precios directos de f\u00e1brica para el m\u00e1ximo ahorro<\/h3>\n<p>Disfrute de los mejores accesorios para rack a precios directos de f\u00e1brica con SX, lo que le garantiza una calidad superior sin salirse de su presupuesto.<\/p>\n<h3>F\u00e1cil instalaci\u00f3n y materiales duraderos<\/h3>\n<p>Los accesorios para racks SX est\u00e1n fabricados para durar y dise\u00f1ados para una instalaci\u00f3n sencilla, por lo que son perfectos para mejorar la eficacia y la vida \u00fatil de la configuraci\u00f3n de su rack.<\/p>","protected":false},"featured_media":4298,"comment_status":"open","ping_status":"closed","template":"","meta":[],"product_brand":[],"product_cat":[66],"product_tag":[],"class_list":{"0":"post-4436","1":"product","2":"type-product","3":"status-publish","4":"has-post-thumbnail","6":"product_cat-rack-hardware","8":"first","9":"instock","10":"shipping-taxable","11":"product-type-simple"},"yoast_head":"<!-- This site is optimized with the Yoast SEO Premium plugin v27.1 (Yoast SEO v27.2) - https:\/\/yoast.com\/product\/yoast-seo-premium-wordpress\/ -->\n<title>Rack Accessories RAF301 - https:\/\/sxflightcase.com \ud83d\udc97<\/title>\n<meta name=\"description\" content=\"SX Rack Accessories offer durable, affordable solutions for any rack setup. Factory-direct pricing ensures you get premium products without the high cost.\" \/>\n<meta name=\"robots\" content=\"index, follow, max-snippet:-1, max-image-preview:large, max-video-preview:-1\" \/>\n<link rel=\"canonical\" href=\"https:\/\/sxflightcase.com\/es\/produk\/aksesoris-rak-raf301-2\/\" \/>\n<meta property=\"og:locale\" content=\"es_MX\" \/>\n<meta property=\"og:type\" content=\"article\" \/>\n<meta property=\"og:title\" content=\"Rack Accessories RAF301\" \/>\n<meta property=\"og:description\" content=\"SX Rack Accessories offer durable, affordable solutions for any rack setup. Factory-direct pricing ensures you get premium products without the high cost.\" \/>\n<meta property=\"og:url\" content=\"https:\/\/sxflightcase.com\/es\/produk\/aksesoris-rak-raf301-2\/\" \/>\n<meta property=\"og:site_name\" content=\"https:\/\/sxflightcase.com\" \/>\n<meta property=\"article:publisher\" content=\"https:\/\/www.facebook.com\/profile.php?id=61560407257971\" \/>\n<meta property=\"article:modified_time\" content=\"2024-09-19T03:10:17+00:00\" \/>\n<meta property=\"og:image\" content=\"https:\/\/sxflightcase.com\/wp-content\/uploads\/2024\/09\/RAF301.jpg\" \/>\n\t<meta property=\"og:image:width\" content=\"700\" \/>\n\t<meta property=\"og:image:height\" content=\"700\" \/>\n\t<meta property=\"og:image:type\" content=\"image\/jpeg\" \/>\n<meta name=\"twitter:card\" content=\"summary_large_image\" \/>\n<meta name=\"twitter:label1\" content=\"Tiempo de lectura\" \/>\n\t<meta name=\"twitter:data1\" content=\"3 minutos\" \/>\n<script type=\"application\/ld+json\" class=\"yoast-schema-graph\">{\"@context\":\"https:\/\/schema.org\",\"@graph\":[{\"@type\":\"WebPage\",\"@id\":\"https:\/\/sxflightcase.com\/id\/produk\/aksesoris-rak-raf301-2\/\",\"url\":\"https:\/\/sxflightcase.com\/id\/produk\/aksesoris-rak-raf301-2\/\",\"name\":\"Rack Accessories RAF301 - https:\/\/sxflightcase.com \ud83d\udc97\",\"isPartOf\":{\"@id\":\"https:\/\/sxflightcase.com\/th\/#website\"},\"primaryImageOfPage\":{\"@id\":\"https:\/\/sxflightcase.com\/id\/produk\/aksesoris-rak-raf301-2\/#primaryimage\"},\"image\":{\"@id\":\"https:\/\/sxflightcase.com\/id\/produk\/aksesoris-rak-raf301-2\/#primaryimage\"},\"thumbnailUrl\":\"https:\/\/sxflightcase.com\/wp-content\/uploads\/2024\/09\/RAF301.jpg\",\"datePublished\":\"2024-09-19T03:09:39+00:00\",\"dateModified\":\"2024-09-19T03:10:17+00:00\",\"description\":\"SX Rack Accessories offer durable, affordable solutions for any rack setup. Factory-direct pricing ensures you get premium products without the high cost.\",\"breadcrumb\":{\"@id\":\"https:\/\/sxflightcase.com\/id\/produk\/aksesoris-rak-raf301-2\/#breadcrumb\"},\"inLanguage\":\"es\",\"potentialAction\":[{\"@type\":\"ReadAction\",\"target\":[\"https:\/\/sxflightcase.com\/id\/produk\/aksesoris-rak-raf301-2\/\"]}]},{\"@type\":\"ImageObject\",\"inLanguage\":\"es\",\"@id\":\"https:\/\/sxflightcase.com\/id\/produk\/aksesoris-rak-raf301-2\/#primaryimage\",\"url\":\"https:\/\/sxflightcase.com\/wp-content\/uploads\/2024\/09\/RAF301.jpg\",\"contentUrl\":\"https:\/\/sxflightcase.com\/wp-content\/uploads\/2024\/09\/RAF301.jpg\",\"width\":700,\"height\":700,\"caption\":\"Rack Accessories\"},{\"@type\":\"BreadcrumbList\",\"@id\":\"https:\/\/sxflightcase.com\/id\/produk\/aksesoris-rak-raf301-2\/#breadcrumb\",\"itemListElement\":[{\"@type\":\"ListItem\",\"position\":1,\"name\":\"Home\",\"item\":\"https:\/\/sxflightcase.com\/\"},{\"@type\":\"ListItem\",\"position\":2,\"name\":\"\u0e2a\u0e34\u0e19\u0e04\u0e49\u0e32\",\"item\":\"https:\/\/sxflightcase.com\/th\/shop\/\"},{\"@type\":\"ListItem\",\"position\":3,\"name\":\"Rack Accessories RAF301\"}]},{\"@type\":\"WebSite\",\"@id\":\"https:\/\/sxflightcase.com\/th\/#website\",\"url\":\"https:\/\/sxflightcase.com\/th\/\",\"name\":\"sxpowercase.com\",\"description\":\"Flight Case Factory\",\"publisher\":{\"@id\":\"https:\/\/sxflightcase.com\/th\/#organization\"},\"potentialAction\":[{\"@type\":\"SearchAction\",\"target\":{\"@type\":\"EntryPoint\",\"urlTemplate\":\"https:\/\/sxflightcase.com\/th\/?s={search_term_string}\"},\"query-input\":{\"@type\":\"PropertyValueSpecification\",\"valueRequired\":true,\"valueName\":\"search_term_string\"}}],\"inLanguage\":\"es\"},{\"@type\":\"Organization\",\"@id\":\"https:\/\/sxflightcase.com\/th\/#organization\",\"name\":\"sxpowercase.com\",\"url\":\"https:\/\/sxflightcase.com\/th\/\",\"logo\":{\"@type\":\"ImageObject\",\"inLanguage\":\"es\",\"@id\":\"https:\/\/sxflightcase.com\/th\/#\/schema\/logo\/image\/\",\"url\":\"https:\/\/sxflightcase.com\/wp-content\/uploads\/2024\/04\/1713919036007.jpg\",\"contentUrl\":\"https:\/\/sxflightcase.com\/wp-content\/uploads\/2024\/04\/1713919036007.jpg\",\"width\":382,\"height\":388,\"caption\":\"sxpowercase.com\"},\"image\":{\"@id\":\"https:\/\/sxflightcase.com\/th\/#\/schema\/logo\/image\/\"},\"sameAs\":[\"https:\/\/www.facebook.com\/profile.php?id=61560407257971\"],\"numberOfEmployees\":{\"@type\":\"QuantitativeValue\",\"minValue\":\"11\",\"maxValue\":\"50\"}}]}<\/script>\n<!-- \/ Yoast SEO Premium plugin. -->","yoast_head_json":{"title":"Rack Accessories RAF301 - https:\/\/sxflightcase.com \ud83d\udc97","description":"Los accesorios para rack SX ofrecen soluciones duraderas y asequibles para cualquier configuraci\u00f3n de rack. Los precios directos de f\u00e1brica le garantizan productos de primera calidad sin el coste elevado.","robots":{"index":"index","follow":"follow","max-snippet":"max-snippet:-1","max-image-preview":"max-image-preview:large","max-video-preview":"max-video-preview:-1"},"canonical":"https:\/\/sxflightcase.com\/es\/produk\/aksesoris-rak-raf301-2\/","og_locale":"es_MX","og_type":"article","og_title":"Rack Accessories RAF301","og_description":"SX Rack Accessories offer durable, affordable solutions for any rack setup. Factory-direct pricing ensures you get premium products without the high cost.","og_url":"https:\/\/sxflightcase.com\/es\/produk\/aksesoris-rak-raf301-2\/","og_site_name":"https:\/\/sxflightcase.com","article_publisher":"https:\/\/www.facebook.com\/profile.php?id=61560407257971","article_modified_time":"2024-09-19T03:10:17+00:00","og_image":[{"width":700,"height":700,"url":"https:\/\/sxflightcase.com\/wp-content\/uploads\/2024\/09\/RAF301.jpg","type":"image\/jpeg"}],"twitter_card":"summary_large_image","twitter_misc":{"Tiempo de lectura":"3 minutos"},"schema":{"@context":"https:\/\/schema.org","@graph":[{"@type":"WebPage","@id":"https:\/\/sxflightcase.com\/id\/produk\/aksesoris-rak-raf301-2\/","url":"https:\/\/sxflightcase.com\/id\/produk\/aksesoris-rak-raf301-2\/","name":"Rack Accessories RAF301 - https:\/\/sxflightcase.com \ud83d\udc97","isPartOf":{"@id":"https:\/\/sxflightcase.com\/th\/#website"},"primaryImageOfPage":{"@id":"https:\/\/sxflightcase.com\/id\/produk\/aksesoris-rak-raf301-2\/#primaryimage"},"image":{"@id":"https:\/\/sxflightcase.com\/id\/produk\/aksesoris-rak-raf301-2\/#primaryimage"},"thumbnailUrl":"https:\/\/sxflightcase.com\/wp-content\/uploads\/2024\/09\/RAF301.jpg","datePublished":"2024-09-19T03:09:39+00:00","dateModified":"2024-09-19T03:10:17+00:00","description":"Los accesorios para rack SX ofrecen soluciones duraderas y asequibles para cualquier configuraci\u00f3n de rack. Los precios directos de f\u00e1brica le garantizan productos de primera calidad sin el coste elevado.","breadcrumb":{"@id":"https:\/\/sxflightcase.com\/id\/produk\/aksesoris-rak-raf301-2\/#breadcrumb"},"inLanguage":"es","potentialAction":[{"@type":"ReadAction","target":["https:\/\/sxflightcase.com\/id\/produk\/aksesoris-rak-raf301-2\/"]}]},{"@type":"ImageObject","inLanguage":"es","@id":"https:\/\/sxflightcase.com\/id\/produk\/aksesoris-rak-raf301-2\/#primaryimage","url":"https:\/\/sxflightcase.com\/wp-content\/uploads\/2024\/09\/RAF301.jpg","contentUrl":"https:\/\/sxflightcase.com\/wp-content\/uploads\/2024\/09\/RAF301.jpg","width":700,"height":700,"caption":"Rack Accessories"},{"@type":"BreadcrumbList","@id":"https:\/\/sxflightcase.com\/id\/produk\/aksesoris-rak-raf301-2\/#breadcrumb","itemListElement":[{"@type":"ListItem","position":1,"name":"Home","item":"https:\/\/sxflightcase.com\/"},{"@type":"ListItem","position":2,"name":"\u0e2a\u0e34\u0e19\u0e04\u0e49\u0e32","item":"https:\/\/sxflightcase.com\/th\/shop\/"},{"@type":"ListItem","position":3,"name":"Rack Accessories RAF301"}]},{"@type":"WebSite","@id":"https:\/\/sxflightcase.com\/th\/#website","url":"https:\/\/sxflightcase.com\/th\/","name":"es.sxpowercase.com","description":"F\u00e1brica de flightcases","publisher":{"@id":"https:\/\/sxflightcase.com\/th\/#organization"},"potentialAction":[{"@type":"SearchAction","target":{"@type":"EntryPoint","urlTemplate":"https:\/\/sxflightcase.com\/th\/?s={search_term_string}"},"query-input":{"@type":"PropertyValueSpecification","valueRequired":true,"valueName":"search_term_string"}}],"inLanguage":"es"},{"@type":"Organization","@id":"https:\/\/sxflightcase.com\/th\/#organization","name":"es.sxpowercase.com","url":"https:\/\/sxflightcase.com\/th\/","logo":{"@type":"ImageObject","inLanguage":"es","@id":"https:\/\/sxflightcase.com\/th\/#\/schema\/logo\/image\/","url":"https:\/\/sxflightcase.com\/wp-content\/uploads\/2024\/04\/1713919036007.jpg","contentUrl":"https:\/\/sxflightcase.com\/wp-content\/uploads\/2024\/04\/1713919036007.jpg","width":382,"height":388,"caption":"sxpowercase.com"},"image":{"@id":"https:\/\/sxflightcase.com\/th\/#\/schema\/logo\/image\/"},"sameAs":["https:\/\/www.facebook.com\/profile.php?id=61560407257971"],"numberOfEmployees":{"@type":"QuantitativeValue","minValue":"11","maxValue":"50"}}]}},"_links":{"self":[{"href":"https:\/\/sxflightcase.com\/es\/wp-json\/wp\/v2\/product\/4436","targetHints":{"allow":["GET"]}}],"collection":[{"href":"https:\/\/sxflightcase.com\/es\/wp-json\/wp\/v2\/product"}],"about":[{"href":"https:\/\/sxflightcase.com\/es\/wp-json\/wp\/v2\/types\/product"}],"replies":[{"embeddable":true,"href":"https:\/\/sxflightcase.com\/es\/wp-json\/wp\/v2\/comments?post=4436"}],"version-history":[{"count":0,"href":"https:\/\/sxflightcase.com\/es\/wp-json\/wp\/v2\/product\/4436\/revisions"}],"wp:featuredmedia":[{"embeddable":true,"href":"https:\/\/sxflightcase.com\/es\/wp-json\/wp\/v2\/media\/4298"}],"wp:attachment":[{"href":"https:\/\/sxflightcase.com\/es\/wp-json\/wp\/v2\/media?parent=4436"}],"wp:term":[{"taxonomy":"product_brand","embeddable":true,"href":"https:\/\/sxflightcase.com\/es\/wp-json\/wp\/v2\/product_brand?post=4436"},{"taxonomy":"product_cat","embeddable":true,"href":"https:\/\/sxflightcase.com\/es\/wp-json\/wp\/v2\/product_cat?post=4436"},{"taxonomy":"product_tag","embeddable":true,"href":"https:\/\/sxflightcase.com\/es\/wp-json\/wp\/v2\/product_tag?post=4436"}],"curies":[{"name":"wp","href":"https:\/\/api.w.org\/{rel}","templated":true}]}}