{"id":4561,"date":"2024-09-26T07:09:29","date_gmt":"2024-09-26T06:09:29","guid":{"rendered":"https:\/\/sxpowercase.com\/?post_type=product&#038;p=4561"},"modified":"2024-09-26T07:09:31","modified_gmt":"2024-09-26T06:09:31","slug":"flight-case-support-hinges-stc201","status":"publish","type":"product","link":"https:\/\/sxflightcase.com\/es\/producto\/bisagras-de-soporte-de-flight-case-stc201-2\/","title":{"rendered":"Bisagras de soporte para Flight Case STC201"},"content":{"rendered":"<h3>SX: Premium <strong>Bisagras de soporte de Flight Case<\/strong> para una protecci\u00f3n duradera<\/h3>\n<p>En busca de alta calidad <a href=\"https:\/\/sxpowercase.com\/product\/support-hinge-kits-stc102\/\"><strong>Bisagras de soporte de Flight Case<\/strong><\/a> para garantizar la seguridad de sus equipos durante el transporte? SX ofrece bisagras de soporte de primera categor\u00eda centradas en <strong>Precio directo de f\u00e1brica<\/strong>. Al elegir SX, se beneficia de productos duraderos y fiables sin pagar costes adicionales, lo que garantiza la m\u00e1xima protecci\u00f3n para sus flight cases.<\/p>\n<h3>Dise\u00f1ado para ofrecer resistencia y precisi\u00f3n<\/h3>\n<p>SX <strong>Bisagras de soporte de Flight Case<\/strong> est\u00e1n dise\u00f1ados con <strong>calidad<\/strong> y longevidad en mente. Construido a partir de <strong>materiales de alta calidad<\/strong>, proporcionan la resistencia necesaria para soportar cargas pesadas y resistir un uso frecuente. Nuestro <strong>enfoque directo de f\u00e1brica<\/strong> le garantiza que obtendr\u00e1 el mejor precio al tiempo que mantiene los m\u00e1s altos niveles de calidad, lo que la convierte en la elecci\u00f3n inteligente para los profesionales que buscan <strong>hardware asequible y fiable<\/strong>.<\/p>\n<h3>Perfecto para Flight Cases hechos a medida<\/h3>\n<p>Tanto si construye flight cases para <strong>equipo de audio<\/strong>iluminaci\u00f3n o instrumentos delicados, nuestros <strong>Bisagras de soporte de Flight Case<\/strong> ofrecer la <strong>versatilidad<\/strong> que necesita. Estas bisagras garantizan que sus maletas se abran con suavidad y proporcionan una excelente <strong>soporte<\/strong> cuando est\u00e1n en uso. F\u00e1ciles de instalar y muy duraderos, son perfectos para proteger equipos valiosos. Y como <a href=\"https:\/\/sxpowercase.com\/\" target=\"_blank\" rel=\"noopener\" title=\"SX\" data-wpil-monitor-id=\"787\">SX<\/a> entrega <strong>directamente de f\u00e1brica<\/strong>se obtiene <strong>productos de primera calidad<\/strong> a una fracci\u00f3n del coste.<\/p>\n<h3>Calidad en la que puede confiar<\/h3>\n<p>En SX somos conscientes de que <strong>seguro de calidad<\/strong> es fundamental cuando se trata de proteger equipos costosos. Nuestro <strong>Bisagras de soporte de Flight Case<\/strong> se someten a estrictos procesos de control de calidad, lo que garantiza su rendimiento incluso en las condiciones m\u00e1s duras. SX respalda cada uno de sus productos, ofreciendo una fiabilidad de primer nivel al mejor precio. <strong>precios bajos<\/strong>. Esta combinaci\u00f3n de <strong>calidad y asequibilidad<\/strong> es la raz\u00f3n por la que SX sigue siendo una opci\u00f3n de confianza para profesionales de diversos sectores.<\/p>\n<h3>\u00bfPor qu\u00e9 elegir SX?<\/h3>\n<p>SX <strong>\u00a0Bisagras de soporte<\/strong> proporcionan una mezcla perfecta de resistencia, facilidad de instalaci\u00f3n y <strong>ahorro directo de f\u00e1brica<\/strong>. Nuestro compromiso <strong>calidad<\/strong> garantiza un rendimiento fiable de sus flight cases, protegiendo su valioso equipo durante el transporte. Con SX, no tendr\u00e1 que renunciar a <strong>calidad<\/strong> o el precio: nuestro proceso directo de f\u00e1brica le garantiza lo mejor de ambos mundos.<\/p>\n<h3>Conclusi\u00f3n<\/h3>\n<p>SX <strong>\u00a0Bisagras de soporte<\/strong> son la soluci\u00f3n a la que recurren los profesionales que buscan asegurar y proteger sus flight cases. Con <strong>precios directos de f\u00e1brica<\/strong> y <strong>calidad de confianza<\/strong>SX le garantiza el mejor <strong>valor<\/strong> para su inversi\u00f3n.<\/p>\n<ol>\n<li>Cont\u00e1ctenos ahora:<span style=\"color: #0000ff;\"><a style=\"color: #0000ff;\" href=\"https:\/\/sxpowercase.com\/contact-us\/\">https:\/\/sxpowercase.com\/<\/a><\/span><\/li>\n<li>Cat\u00e1logo de productos de hardware:<span style=\"color: #0000ff;\"><a style=\"color: #0000ff;\" href=\"https:\/\/sxpowercase.com\/wp-content\/uploads\/2024\/07\/\u4e94\u91d1.pdf\">Cat\u00e1logo de accesorios de ferreter\u00eda<\/a><\/span><\/li>\n<\/ol>","protected":false},"excerpt":{"rendered":"<h3>Bisagras de soporte Premium Flight Case<\/h3>\n<p>SX ofrece bisagras de soporte duraderas y de alta calidad para flight cases, que garantizan la m\u00e1xima protecci\u00f3n durante el transporte a precios directos de f\u00e1brica.<\/p>\n<h3>Resistencia y fiabilidad<\/h3>\n<p>Las bisagras SX Flight Case Support est\u00e1n fabricadas con materiales de alta calidad, dise\u00f1adas para ofrecer resistencia, longevidad y un funcionamiento suave, perfectas para aplicaciones de uso intensivo.<\/p>\n<h3>Bisagras asequibles y f\u00e1ciles de instalar<\/h3>\n<p>Nuestras bisagras son vers\u00e1tiles, f\u00e1ciles de instalar y est\u00e1n dise\u00f1adas para carcasas a medida, por lo que ofrecen una protecci\u00f3n de primer nivel a un precio muy inferior.<\/p>","protected":false},"featured_media":4505,"comment_status":"open","ping_status":"closed","template":"","meta":[],"product_brand":[],"product_cat":[67],"product_tag":[],"class_list":{"0":"post-4561","1":"product","2":"type-product","3":"status-publish","4":"has-post-thumbnail","6":"product_cat-hingesstays","8":"first","9":"instock","10":"shipping-taxable","11":"product-type-simple"},"yoast_head":"<!-- This site is optimized with the Yoast SEO Premium plugin v27.1 (Yoast SEO v27.2) - https:\/\/yoast.com\/product\/yoast-seo-premium-wordpress\/ -->\n<title>Flight Case Support Hinges STC201 - https:\/\/sxflightcase.com \ud83d\udc97<\/title>\n<meta name=\"description\" content=\"Discover SX\u2019s high-quality, affordable Flight Case Support Hinges. Factory-direct pricing ensures durability and reliability at the best price.\" \/>\n<meta name=\"robots\" content=\"index, follow, max-snippet:-1, max-image-preview:large, max-video-preview:-1\" \/>\n<link rel=\"canonical\" href=\"https:\/\/sxflightcase.com\/es\/producto\/bisagras-de-soporte-de-flight-case-stc201-2\/\" \/>\n<meta property=\"og:locale\" content=\"es_MX\" \/>\n<meta property=\"og:type\" content=\"article\" \/>\n<meta property=\"og:title\" content=\"Flight Case Support Hinges STC201\" \/>\n<meta property=\"og:description\" content=\"Discover SX\u2019s high-quality, affordable Flight Case Support Hinges. Factory-direct pricing ensures durability and reliability at the best price.\" \/>\n<meta property=\"og:url\" content=\"https:\/\/sxflightcase.com\/es\/producto\/bisagras-de-soporte-de-flight-case-stc201-2\/\" \/>\n<meta property=\"og:site_name\" content=\"https:\/\/sxflightcase.com\" \/>\n<meta property=\"article:publisher\" content=\"https:\/\/www.facebook.com\/profile.php?id=61560407257971\" \/>\n<meta property=\"article:modified_time\" content=\"2024-09-26T06:09:31+00:00\" \/>\n<meta property=\"og:image\" content=\"https:\/\/sxflightcase.com\/wp-content\/uploads\/2024\/09\/STC201.jpg\" \/>\n\t<meta property=\"og:image:width\" content=\"700\" \/>\n\t<meta property=\"og:image:height\" content=\"700\" \/>\n\t<meta property=\"og:image:type\" content=\"image\/jpeg\" \/>\n<meta name=\"twitter:card\" content=\"summary_large_image\" \/>\n<meta name=\"twitter:label1\" content=\"Tiempo de lectura\" \/>\n\t<meta name=\"twitter:data1\" content=\"3 minutos\" \/>\n<script type=\"application\/ld+json\" class=\"yoast-schema-graph\">{\"@context\":\"https:\/\/schema.org\",\"@graph\":[{\"@type\":\"WebPage\",\"@id\":\"https:\/\/sxflightcase.com\/product\/flight-case-support-hinges-stc201\/\",\"url\":\"https:\/\/sxflightcase.com\/product\/flight-case-support-hinges-stc201\/\",\"name\":\"Flight Case Support Hinges STC201 - https:\/\/sxflightcase.com \ud83d\udc97\",\"isPartOf\":{\"@id\":\"https:\/\/sxflightcase.com\/th\/#website\"},\"primaryImageOfPage\":{\"@id\":\"https:\/\/sxflightcase.com\/product\/flight-case-support-hinges-stc201\/#primaryimage\"},\"image\":{\"@id\":\"https:\/\/sxflightcase.com\/product\/flight-case-support-hinges-stc201\/#primaryimage\"},\"thumbnailUrl\":\"https:\/\/sxflightcase.com\/wp-content\/uploads\/2024\/09\/STC201.jpg\",\"datePublished\":\"2024-09-26T06:09:29+00:00\",\"dateModified\":\"2024-09-26T06:09:31+00:00\",\"description\":\"Discover SX\u2019s high-quality, affordable Flight Case Support Hinges. Factory-direct pricing ensures durability and reliability at the best price.\",\"breadcrumb\":{\"@id\":\"https:\/\/sxflightcase.com\/product\/flight-case-support-hinges-stc201\/#breadcrumb\"},\"inLanguage\":\"es\",\"potentialAction\":[{\"@type\":\"ReadAction\",\"target\":[\"https:\/\/sxflightcase.com\/product\/flight-case-support-hinges-stc201\/\"]}]},{\"@type\":\"ImageObject\",\"inLanguage\":\"es\",\"@id\":\"https:\/\/sxflightcase.com\/product\/flight-case-support-hinges-stc201\/#primaryimage\",\"url\":\"https:\/\/sxflightcase.com\/wp-content\/uploads\/2024\/09\/STC201.jpg\",\"contentUrl\":\"https:\/\/sxflightcase.com\/wp-content\/uploads\/2024\/09\/STC201.jpg\",\"width\":700,\"height\":700,\"caption\":\"Flight Case Support Hinges\"},{\"@type\":\"BreadcrumbList\",\"@id\":\"https:\/\/sxflightcase.com\/product\/flight-case-support-hinges-stc201\/#breadcrumb\",\"itemListElement\":[{\"@type\":\"ListItem\",\"position\":1,\"name\":\"Home\",\"item\":\"https:\/\/sxflightcase.com\/\"},{\"@type\":\"ListItem\",\"position\":2,\"name\":\"\u0e2a\u0e34\u0e19\u0e04\u0e49\u0e32\",\"item\":\"https:\/\/sxflightcase.com\/th\/shop\/\"},{\"@type\":\"ListItem\",\"position\":3,\"name\":\"Flight Case Support Hinges STC201\"}]},{\"@type\":\"WebSite\",\"@id\":\"https:\/\/sxflightcase.com\/th\/#website\",\"url\":\"https:\/\/sxflightcase.com\/th\/\",\"name\":\"sxpowercase.com\",\"description\":\"Flight Case Factory\",\"publisher\":{\"@id\":\"https:\/\/sxflightcase.com\/th\/#organization\"},\"potentialAction\":[{\"@type\":\"SearchAction\",\"target\":{\"@type\":\"EntryPoint\",\"urlTemplate\":\"https:\/\/sxflightcase.com\/th\/?s={search_term_string}\"},\"query-input\":{\"@type\":\"PropertyValueSpecification\",\"valueRequired\":true,\"valueName\":\"search_term_string\"}}],\"inLanguage\":\"es\"},{\"@type\":\"Organization\",\"@id\":\"https:\/\/sxflightcase.com\/th\/#organization\",\"name\":\"sxpowercase.com\",\"url\":\"https:\/\/sxflightcase.com\/th\/\",\"logo\":{\"@type\":\"ImageObject\",\"inLanguage\":\"es\",\"@id\":\"https:\/\/sxflightcase.com\/th\/#\/schema\/logo\/image\/\",\"url\":\"https:\/\/sxflightcase.com\/wp-content\/uploads\/2024\/04\/1713919036007.jpg\",\"contentUrl\":\"https:\/\/sxflightcase.com\/wp-content\/uploads\/2024\/04\/1713919036007.jpg\",\"width\":382,\"height\":388,\"caption\":\"sxpowercase.com\"},\"image\":{\"@id\":\"https:\/\/sxflightcase.com\/th\/#\/schema\/logo\/image\/\"},\"sameAs\":[\"https:\/\/www.facebook.com\/profile.php?id=61560407257971\"],\"numberOfEmployees\":{\"@type\":\"QuantitativeValue\",\"minValue\":\"11\",\"maxValue\":\"50\"}}]}<\/script>\n<!-- \/ Yoast SEO Premium plugin. -->","yoast_head_json":{"title":"Flight Case Support Hinges STC201 - https:\/\/sxflightcase.com \ud83d\udc97","description":"Descubra las bisagras de soporte para flightcases de SX, asequibles y de alta calidad. Los precios directos de f\u00e1brica garantizan durabilidad y fiabilidad al mejor precio.","robots":{"index":"index","follow":"follow","max-snippet":"max-snippet:-1","max-image-preview":"max-image-preview:large","max-video-preview":"max-video-preview:-1"},"canonical":"https:\/\/sxflightcase.com\/es\/producto\/bisagras-de-soporte-de-flight-case-stc201-2\/","og_locale":"es_MX","og_type":"article","og_title":"Flight Case Support Hinges STC201","og_description":"Discover SX\u2019s high-quality, affordable Flight Case Support Hinges. Factory-direct pricing ensures durability and reliability at the best price.","og_url":"https:\/\/sxflightcase.com\/es\/producto\/bisagras-de-soporte-de-flight-case-stc201-2\/","og_site_name":"https:\/\/sxflightcase.com","article_publisher":"https:\/\/www.facebook.com\/profile.php?id=61560407257971","article_modified_time":"2024-09-26T06:09:31+00:00","og_image":[{"width":700,"height":700,"url":"https:\/\/sxflightcase.com\/wp-content\/uploads\/2024\/09\/STC201.jpg","type":"image\/jpeg"}],"twitter_card":"summary_large_image","twitter_misc":{"Tiempo de lectura":"3 minutos"},"schema":{"@context":"https:\/\/schema.org","@graph":[{"@type":"WebPage","@id":"https:\/\/sxflightcase.com\/product\/flight-case-support-hinges-stc201\/","url":"https:\/\/sxflightcase.com\/product\/flight-case-support-hinges-stc201\/","name":"Flight Case Support Hinges STC201 - https:\/\/sxflightcase.com \ud83d\udc97","isPartOf":{"@id":"https:\/\/sxflightcase.com\/th\/#website"},"primaryImageOfPage":{"@id":"https:\/\/sxflightcase.com\/product\/flight-case-support-hinges-stc201\/#primaryimage"},"image":{"@id":"https:\/\/sxflightcase.com\/product\/flight-case-support-hinges-stc201\/#primaryimage"},"thumbnailUrl":"https:\/\/sxflightcase.com\/wp-content\/uploads\/2024\/09\/STC201.jpg","datePublished":"2024-09-26T06:09:29+00:00","dateModified":"2024-09-26T06:09:31+00:00","description":"Descubra las bisagras de soporte para flightcases de SX, asequibles y de alta calidad. Los precios directos de f\u00e1brica garantizan durabilidad y fiabilidad al mejor precio.","breadcrumb":{"@id":"https:\/\/sxflightcase.com\/product\/flight-case-support-hinges-stc201\/#breadcrumb"},"inLanguage":"es","potentialAction":[{"@type":"ReadAction","target":["https:\/\/sxflightcase.com\/product\/flight-case-support-hinges-stc201\/"]}]},{"@type":"ImageObject","inLanguage":"es","@id":"https:\/\/sxflightcase.com\/product\/flight-case-support-hinges-stc201\/#primaryimage","url":"https:\/\/sxflightcase.com\/wp-content\/uploads\/2024\/09\/STC201.jpg","contentUrl":"https:\/\/sxflightcase.com\/wp-content\/uploads\/2024\/09\/STC201.jpg","width":700,"height":700,"caption":"Flight Case Support Hinges"},{"@type":"BreadcrumbList","@id":"https:\/\/sxflightcase.com\/product\/flight-case-support-hinges-stc201\/#breadcrumb","itemListElement":[{"@type":"ListItem","position":1,"name":"Home","item":"https:\/\/sxflightcase.com\/"},{"@type":"ListItem","position":2,"name":"\u0e2a\u0e34\u0e19\u0e04\u0e49\u0e32","item":"https:\/\/sxflightcase.com\/th\/shop\/"},{"@type":"ListItem","position":3,"name":"Flight Case Support Hinges STC201"}]},{"@type":"WebSite","@id":"https:\/\/sxflightcase.com\/th\/#website","url":"https:\/\/sxflightcase.com\/th\/","name":"es.sxpowercase.com","description":"F\u00e1brica de flightcases","publisher":{"@id":"https:\/\/sxflightcase.com\/th\/#organization"},"potentialAction":[{"@type":"SearchAction","target":{"@type":"EntryPoint","urlTemplate":"https:\/\/sxflightcase.com\/th\/?s={search_term_string}"},"query-input":{"@type":"PropertyValueSpecification","valueRequired":true,"valueName":"search_term_string"}}],"inLanguage":"es"},{"@type":"Organization","@id":"https:\/\/sxflightcase.com\/th\/#organization","name":"es.sxpowercase.com","url":"https:\/\/sxflightcase.com\/th\/","logo":{"@type":"ImageObject","inLanguage":"es","@id":"https:\/\/sxflightcase.com\/th\/#\/schema\/logo\/image\/","url":"https:\/\/sxflightcase.com\/wp-content\/uploads\/2024\/04\/1713919036007.jpg","contentUrl":"https:\/\/sxflightcase.com\/wp-content\/uploads\/2024\/04\/1713919036007.jpg","width":382,"height":388,"caption":"sxpowercase.com"},"image":{"@id":"https:\/\/sxflightcase.com\/th\/#\/schema\/logo\/image\/"},"sameAs":["https:\/\/www.facebook.com\/profile.php?id=61560407257971"],"numberOfEmployees":{"@type":"QuantitativeValue","minValue":"11","maxValue":"50"}}]}},"_links":{"self":[{"href":"https:\/\/sxflightcase.com\/es\/wp-json\/wp\/v2\/product\/4561","targetHints":{"allow":["GET"]}}],"collection":[{"href":"https:\/\/sxflightcase.com\/es\/wp-json\/wp\/v2\/product"}],"about":[{"href":"https:\/\/sxflightcase.com\/es\/wp-json\/wp\/v2\/types\/product"}],"replies":[{"embeddable":true,"href":"https:\/\/sxflightcase.com\/es\/wp-json\/wp\/v2\/comments?post=4561"}],"version-history":[{"count":0,"href":"https:\/\/sxflightcase.com\/es\/wp-json\/wp\/v2\/product\/4561\/revisions"}],"wp:featuredmedia":[{"embeddable":true,"href":"https:\/\/sxflightcase.com\/es\/wp-json\/wp\/v2\/media\/4505"}],"wp:attachment":[{"href":"https:\/\/sxflightcase.com\/es\/wp-json\/wp\/v2\/media?parent=4561"}],"wp:term":[{"taxonomy":"product_brand","embeddable":true,"href":"https:\/\/sxflightcase.com\/es\/wp-json\/wp\/v2\/product_brand?post=4561"},{"taxonomy":"product_cat","embeddable":true,"href":"https:\/\/sxflightcase.com\/es\/wp-json\/wp\/v2\/product_cat?post=4561"},{"taxonomy":"product_tag","embeddable":true,"href":"https:\/\/sxflightcase.com\/es\/wp-json\/wp\/v2\/product_tag?post=4561"}],"curies":[{"name":"wp","href":"https:\/\/api.w.org\/{rel}","templated":true}]}}