{"id":1052,"date":"2024-05-06T03:11:55","date_gmt":"2024-05-06T02:11:55","guid":{"rendered":"https:\/\/sxpowercase.com\/?post_type=product&#038;p=1052"},"modified":"2025-02-17T23:17:57","modified_gmt":"2025-02-18T07:17:57","slug":"flight-case-workstation","status":"publish","type":"product","link":"https:\/\/sxflightcase.com\/es_es\/producto\/estacion-de-trabajo-con-estuche-de-vuelo\/","title":{"rendered":"Estaci\u00f3n de trabajo Flight Case"},"content":{"rendered":"<div class=\"module_title\">\n<div class=\"product-title-container\" data-aplus-ae=\"x1_575504cc\" data-spm-anchor-id=\"a2700.details.0.i0.46af3b1dP9vXH4\" data-aplus-clk=\"x1_19fc0ab9\">\n<p><strong>T\u00edtulo:<\/strong><br \/>\nEstaci\u00f3n de trabajo FOH Pro Audio System Box 12U <a href=\"https:\/\/sxpowercase.com\/product\/12u-rack-flight-case\/\">Estuche de vuelo<\/a> | Estuche personalizable para profesionales de eventos<\/p>\n<p><strong>Meta Descripci\u00f3n:<\/strong><br \/>\nDescubra la estaci\u00f3n de trabajo Flight Case 12U de SX, la soluci\u00f3n definitiva para los profesionales de eventos. Duradera, personalizable y port\u00e1til, agiliza la organizaci\u00f3n de eventos y protege su equipo.<\/p>\n<hr \/>\n<p><strong>Presentamos la estaci\u00f3n de trabajo Flight Case 12U de SX: La soluci\u00f3n definitiva para eventos<\/strong><\/p>\n<p>En el vertiginoso mundo de la producci\u00f3n de eventos, la eficacia y la fiabilidad son fundamentales. SX\u00a0<strong>12U <a href=\"https:\/\/sxpowercase.com\/product\/mixer-hard-case\/\">Estuche de vuelo<\/a> Estaci\u00f3n de trabajo<\/strong>\u00a0est\u00e1 dise\u00f1ada para transformar la forma en que los profesionales de eventos gestionan sus montajes. Esta estaci\u00f3n de trabajo personalizable, duradera y port\u00e1til es la soluci\u00f3n perfecta para organizar y proteger su equipo, garantizando una ejecuci\u00f3n perfecta del evento.<\/p>\n<hr \/>\n<h3><strong>\u00bfPor qu\u00e9 elegir la estaci\u00f3n de trabajo Flight Case de SX?<\/strong><\/h3>\n<ol start=\"1\">\n<li><strong>Dise\u00f1o personalizable para cada necesidad<\/strong><br \/>\nNo hay dos eventos iguales, ni tampoco sus montajes. SX se especializa en crear\u00a0<strong>totalmente personalizable <a href=\"https:\/\/sxpowercase.com\/product\/dj-coffin-case-manufacture\/\">Estuches de vuelo<\/a><\/strong>\u00a0a la medida de sus necesidades espec\u00edficas. Tanto si necesita un almacenamiento seguro para equipos de audio delicados como una estaci\u00f3n de trabajo m\u00f3vil para realizar ajustes sobre la marcha, tenemos todo lo que necesita.<\/li>\n<li><strong>Construido para durar<\/strong><br \/>\nConstruido con un\u00a0<strong>marco de aluminio<\/strong>,\u00a0<strong>contrachapado ign\u00edfugo de 12 mm<\/strong>, y\u00a0<strong>espuma antichoque de alta densidad<\/strong>Nuestras flight cases est\u00e1n fabricadas para soportar los rigores de la carretera. Su equipo se mantiene seguro durante el transporte y el almacenamiento, sin importar las condiciones.<\/li>\n<li><strong>La mejor portabilidad<\/strong><br \/>\nCon\u00a0<strong>cuatro cierres de mariposa<\/strong>,\u00a0<strong>cuatro asas robustas<\/strong>, y\u00a0<strong>cuatro ruedas de marcha suave<\/strong>Nuestras flight cases est\u00e1n dise\u00f1adas para facilitar el transporte. Traslade su estaci\u00f3n de trabajo de un lugar a otro sin esfuerzo, ahorrando tiempo y reduciendo el estr\u00e9s de la instalaci\u00f3n.<\/li>\n<li><strong>Racionalice su flujo de trabajo<\/strong><br \/>\nAl centralizar tu equipo en un espacio organizado, la estaci\u00f3n de trabajo Flight Case de SX te ayuda a montarlo m\u00e1s r\u00e1pido y a trabajar de forma m\u00e1s eficiente. Esto se traduce en m\u00e1s actuaciones, m\u00e1s ingresos y clientes m\u00e1s satisfechos.<\/li>\n<\/ol>\n<hr \/>\n<h3><strong>Caracter\u00edsticas principales:<\/strong><\/h3>\n<ul>\n<li><strong>Material:<\/strong>\u00a0Estructura de aluminio + contrachapado ign\u00edfugo de 12 mm<\/li>\n<li><strong>Interior:<\/strong>\u00a0Espuma antigolpes de alta densidad para una m\u00e1xima protecci\u00f3n<\/li>\n<li><strong>Tama\u00f1o:<\/strong>\u00a0Totalmente personalizable para adaptarse a su equipo<\/li>\n<li><strong>Accesorios:<\/strong>\u00a0Cuatro cierres de mariposa, cuatro ruedas, cuatro asas resistentes<\/li>\n<li><strong>Personalizaci\u00f3n:<\/strong>\u00a0Adapte la maleta a sus necesidades: elija materiales, dimensiones, rellenos interiores, asas y cierres.<\/li>\n<\/ul>\n<hr \/>\n<h3><strong>Aumente la eficacia de su evento<\/strong><\/h3>\n<p>Invertir en la estaci\u00f3n de trabajo Flight Case de SX es invertir en el \u00e9xito de su negocio. Al agilizar el proceso de configuraci\u00f3n, podr\u00e1 organizar m\u00e1s eventos, aumentar su rentabilidad y mejorar su imagen profesional.<\/p>\n<hr \/>\n<h3><strong>Satisfacci\u00f3n del cliente garantizada<\/strong><\/h3>\n<p>Los profesionales de eventos de todo el mundo conf\u00edan en las Flight Case Workstations de SX por su fiabilidad, durabilidad y comodidad. \u00danase a las filas de los l\u00edderes del sector que conf\u00edan en SX para proteger sus equipos y mejorar su flujo de trabajo.<\/p>\n<hr \/>\n<h3><strong>Preguntas frecuentes<\/strong><\/h3>\n<p><strong>P: \u00bfPuede SX personalizar la disposici\u00f3n de la estaci\u00f3n de trabajo Flight Case para adaptarla a mi equipo espec\u00edfico?<\/strong><br \/>\nR: \u00a1Por supuesto! Nos especializamos en la creaci\u00f3n de maletas de carretera personalizadas adaptadas a sus necesidades \u00fanicas y a las especificaciones de su equipo.<\/p>\n<p><strong>P: \u00bfQu\u00e9 durabilidad tienen las estaciones de trabajo Flight Case de SX?<\/strong><br \/>\nR: Extremadamente duraderas. Nuestras maletas est\u00e1n fabricadas para soportar las exigencias de la carretera, proporcionando una protecci\u00f3n fiable para tu equipo.<\/p>\n<p><strong>P: \u00bfSon f\u00e1ciles de transportar las estaciones de trabajo Flight Case de SX?<\/strong><br \/>\nR: S\u00ed, nuestras maletas est\u00e1n dise\u00f1adas con asas y ruedas integradas para facilitar su manejo, lo que las hace ideales para la organizaci\u00f3n de eventos sobre la marcha.<\/p>\n<p><strong>P: \u00bfPuede ayudarme el uso de Flight Case Workstations de SX a aumentar la rentabilidad de mi negocio?<\/strong><br \/>\nR: Sin duda. Al agilizar el proceso de organizaci\u00f3n de eventos, puedes completar m\u00e1s actuaciones en menos tiempo, maximizando tu potencial de ingresos.<\/p>\n<p><strong>P: \u00bfC\u00f3mo puedo encargar una estaci\u00f3n de trabajo Flight Cases personalizada a SX?<\/strong><br \/>\nR: P\u00f3ngase en contacto con nuestro equipo y trabajaremos con usted para dise\u00f1ar la soluci\u00f3n perfecta para sus necesidades de organizaci\u00f3n de eventos.<\/p>\n<\/div>\n<\/div>","protected":false},"excerpt":{"rendered":"<div class=\"react-scroll-to-bottom--css-fywsr-1n7m0yu\">\n<div class=\"flex flex-col text-sm pb-9\">\n<div class=\"w-full text-token-text-primary sm:AIPRM__conversation__response\" dir=\"auto\" data-testid=\"conversation-turn-5\" data-scroll-anchor=\"true\">\n<div class=\"yoast-text-mark\">class=&#8221;py-2 px-3 text-base md:px-4 m-auto md:px-5 lg:px-1 xl:px-5&#8243;&amp;gt;&amp;amp;amp;lt;div class=&#8221;mx-auto flex flex-1 gap-3 text-base juice:gap-4 juice:md:gap-6 md:max-w-3xl lg:max-w-[40rem] xl:max-w-[48rem]&#8221;&gt;<\/p>\n<div class=\"relative flex w-full min-w-0 flex-col agent-turn\">\n<div class=\"flex-col gap-1 md:gap-3\">\n<div class=\"flex flex-grow flex-col max-w-full AIPRM__conversation__response\">&amp;lt;div class=&#8221;min-h-[20px] text-message flex flex-col items-start whitespace-pre-wrap break-words [.text-message+&amp;]:mt-5 overflow-x-auto gap-3&#8243; dir=&#8221;auto&#8221; data-message-author-role=&#8221;assistant&#8221; data-message-id=&#8221;91a35e7c-0e92-4987-b0b7-0f394f7149a4&#8243;&gt;<\/p>\n<div class=\"markdown prose w-full break-words dark:prose-invert light\">\n<h2><strong>Streamline Your Workflow<\/strong><\/h2>\n<p>SX&#8217;s Flight Case Workstations revolutionize event operations with their centralized workspace. Custom-built with compartments and trays, they make setup a breeze, saving time and reducing stress.<\/p>\n<h2><strong>Tailored Solutions for Every Event<\/strong><\/h2>\n<p>No event is the same, and neither should their setups be. SX crafts custom road cases to fit your unique needs, from secure storage to mobile workstations, ensuring event success.<\/p>\n<h2><strong>Durable and Portable Design<\/strong><\/h2>\n<p>Built tough for the road, SX&#8217;s Flight Case Workstations offer unparalleled durability. With high-quality materials and built-in handles and wheels, setup and teardown are effortless.<\/p>\n<\/div>\n<\/div>\n<\/div>\n<\/div>\n<\/div>\n<\/div>\n<\/div>\n<\/div>\n","protected":false},"featured_media":1053,"comment_status":"open","ping_status":"closed","template":"","meta":[],"product_brand":[],"product_cat":[41],"product_tag":[],"class_list":{"0":"post-1052","1":"product","2":"type-product","3":"status-publish","4":"has-post-thumbnail","6":"product_cat-equipment-cases","8":"first","9":"instock","10":"shipping-taxable","11":"product-type-simple"},"yoast_head":"<!-- This site is optimized with the Yoast SEO Premium plugin v27.1 (Yoast SEO v27.2) - https:\/\/yoast.com\/product\/yoast-seo-premium-wordpress\/ -->\n<title>Flight Case Workstation - https:\/\/sxflightcase.com \ud83d\udc97<\/title>\n<meta name=\"description\" content=\"flight case workstation: Factory-direct sales and professional customization for precise control solutions tailored to your needs.\" \/>\n<meta name=\"robots\" content=\"index, follow, max-snippet:-1, max-image-preview:large, max-video-preview:-1\" \/>\n<link rel=\"canonical\" href=\"https:\/\/sxflightcase.com\/es_es\/prodotto\/postazione-di-lavoro-flight-case\/\" \/>\n<meta property=\"og:locale\" content=\"es_ES\" \/>\n<meta property=\"og:type\" content=\"article\" \/>\n<meta property=\"og:title\" content=\"Flight Case Workstation\" \/>\n<meta property=\"og:description\" content=\"flight case workstation: Factory-direct sales and professional customization for precise control solutions tailored to your needs.\" \/>\n<meta property=\"og:url\" content=\"https:\/\/sxflightcase.com\/es_es\/prodotto\/postazione-di-lavoro-flight-case\/\" \/>\n<meta property=\"og:site_name\" content=\"https:\/\/sxflightcase.com\" \/>\n<meta property=\"article:publisher\" content=\"https:\/\/www.facebook.com\/profile.php?id=61560407257971\" \/>\n<meta property=\"article:modified_time\" content=\"2025-02-18T07:17:57+00:00\" \/>\n<meta property=\"og:image\" content=\"https:\/\/sxflightcase.com\/wp-content\/uploads\/2024\/05\/1714811992851.jpg\" \/>\n\t<meta property=\"og:image:width\" content=\"700\" \/>\n\t<meta property=\"og:image:height\" content=\"700\" \/>\n\t<meta property=\"og:image:type\" content=\"image\/jpeg\" \/>\n<meta name=\"twitter:card\" content=\"summary_large_image\" \/>\n<meta name=\"twitter:label1\" content=\"Tiempo de lectura\" \/>\n\t<meta name=\"twitter:data1\" content=\"4 minutos\" \/>\n<script type=\"application\/ld+json\" class=\"yoast-schema-graph\">{\"@context\":\"https:\/\/schema.org\",\"@graph\":[{\"@type\":\"WebPage\",\"@id\":\"https:\/\/sxflightcase.com\/it\/prodotto\/postazione-di-lavoro-flight-case\/\",\"url\":\"https:\/\/sxflightcase.com\/it\/prodotto\/postazione-di-lavoro-flight-case\/\",\"name\":\"Flight Case Workstation - https:\/\/sxflightcase.com \ud83d\udc97\",\"isPartOf\":{\"@id\":\"https:\/\/sxflightcase.com\/th\/#website\"},\"primaryImageOfPage\":{\"@id\":\"https:\/\/sxflightcase.com\/it\/prodotto\/postazione-di-lavoro-flight-case\/#primaryimage\"},\"image\":{\"@id\":\"https:\/\/sxflightcase.com\/it\/prodotto\/postazione-di-lavoro-flight-case\/#primaryimage\"},\"thumbnailUrl\":\"https:\/\/sxflightcase.com\/wp-content\/uploads\/2024\/05\/1714811992851.jpg\",\"datePublished\":\"2024-05-06T02:11:55+00:00\",\"dateModified\":\"2025-02-18T07:17:57+00:00\",\"description\":\"flight case workstation: Factory-direct sales and professional customization for precise control solutions tailored to your needs.\",\"breadcrumb\":{\"@id\":\"https:\/\/sxflightcase.com\/it\/prodotto\/postazione-di-lavoro-flight-case\/#breadcrumb\"},\"inLanguage\":\"es\",\"potentialAction\":[{\"@type\":\"ReadAction\",\"target\":[\"https:\/\/sxflightcase.com\/it\/prodotto\/postazione-di-lavoro-flight-case\/\"]}]},{\"@type\":\"ImageObject\",\"inLanguage\":\"es\",\"@id\":\"https:\/\/sxflightcase.com\/it\/prodotto\/postazione-di-lavoro-flight-case\/#primaryimage\",\"url\":\"https:\/\/sxflightcase.com\/wp-content\/uploads\/2024\/05\/1714811992851.jpg\",\"contentUrl\":\"https:\/\/sxflightcase.com\/wp-content\/uploads\/2024\/05\/1714811992851.jpg\",\"width\":700,\"height\":700,\"caption\":\"flight case workstation\"},{\"@type\":\"BreadcrumbList\",\"@id\":\"https:\/\/sxflightcase.com\/it\/prodotto\/postazione-di-lavoro-flight-case\/#breadcrumb\",\"itemListElement\":[{\"@type\":\"ListItem\",\"position\":1,\"name\":\"Home\",\"item\":\"https:\/\/sxflightcase.com\/\"},{\"@type\":\"ListItem\",\"position\":2,\"name\":\"\u0e2a\u0e34\u0e19\u0e04\u0e49\u0e32\",\"item\":\"https:\/\/sxflightcase.com\/th\/shop\/\"},{\"@type\":\"ListItem\",\"position\":3,\"name\":\"Flight Case Workstation\"}]},{\"@type\":\"WebSite\",\"@id\":\"https:\/\/sxflightcase.com\/th\/#website\",\"url\":\"https:\/\/sxflightcase.com\/th\/\",\"name\":\"sxpowercase.com\",\"description\":\"Flight Case Factory\",\"publisher\":{\"@id\":\"https:\/\/sxflightcase.com\/th\/#organization\"},\"potentialAction\":[{\"@type\":\"SearchAction\",\"target\":{\"@type\":\"EntryPoint\",\"urlTemplate\":\"https:\/\/sxflightcase.com\/th\/?s={search_term_string}\"},\"query-input\":{\"@type\":\"PropertyValueSpecification\",\"valueRequired\":true,\"valueName\":\"search_term_string\"}}],\"inLanguage\":\"es\"},{\"@type\":\"Organization\",\"@id\":\"https:\/\/sxflightcase.com\/th\/#organization\",\"name\":\"sxpowercase.com\",\"url\":\"https:\/\/sxflightcase.com\/th\/\",\"logo\":{\"@type\":\"ImageObject\",\"inLanguage\":\"es\",\"@id\":\"https:\/\/sxflightcase.com\/th\/#\/schema\/logo\/image\/\",\"url\":\"https:\/\/sxflightcase.com\/wp-content\/uploads\/2024\/04\/1713919036007.jpg\",\"contentUrl\":\"https:\/\/sxflightcase.com\/wp-content\/uploads\/2024\/04\/1713919036007.jpg\",\"width\":382,\"height\":388,\"caption\":\"sxpowercase.com\"},\"image\":{\"@id\":\"https:\/\/sxflightcase.com\/th\/#\/schema\/logo\/image\/\"},\"sameAs\":[\"https:\/\/www.facebook.com\/profile.php?id=61560407257971\"],\"numberOfEmployees\":{\"@type\":\"QuantitativeValue\",\"minValue\":\"11\",\"maxValue\":\"50\"}}]}<\/script>\n<!-- \/ Yoast SEO Premium plugin. -->","yoast_head_json":{"title":"Flight Case Workstation - https:\/\/sxflightcase.com \ud83d\udc97","description":"estaci\u00f3n de trabajo flight case: Venta directa de f\u00e1brica y personalizaci\u00f3n profesional para soluciones de control precisas y adaptadas a sus necesidades.","robots":{"index":"index","follow":"follow","max-snippet":"max-snippet:-1","max-image-preview":"max-image-preview:large","max-video-preview":"max-video-preview:-1"},"canonical":"https:\/\/sxflightcase.com\/es_es\/prodotto\/postazione-di-lavoro-flight-case\/","og_locale":"es_ES","og_type":"article","og_title":"Flight Case Workstation","og_description":"flight case workstation: Factory-direct sales and professional customization for precise control solutions tailored to your needs.","og_url":"https:\/\/sxflightcase.com\/es_es\/prodotto\/postazione-di-lavoro-flight-case\/","og_site_name":"https:\/\/sxflightcase.com","article_publisher":"https:\/\/www.facebook.com\/profile.php?id=61560407257971","article_modified_time":"2025-02-18T07:17:57+00:00","og_image":[{"width":700,"height":700,"url":"https:\/\/sxflightcase.com\/wp-content\/uploads\/2024\/05\/1714811992851.jpg","type":"image\/jpeg"}],"twitter_card":"summary_large_image","twitter_misc":{"Tiempo de lectura":"4 minutos"},"schema":{"@context":"https:\/\/schema.org","@graph":[{"@type":"WebPage","@id":"https:\/\/sxflightcase.com\/it\/prodotto\/postazione-di-lavoro-flight-case\/","url":"https:\/\/sxflightcase.com\/it\/prodotto\/postazione-di-lavoro-flight-case\/","name":"Flight Case Workstation - https:\/\/sxflightcase.com \ud83d\udc97","isPartOf":{"@id":"https:\/\/sxflightcase.com\/th\/#website"},"primaryImageOfPage":{"@id":"https:\/\/sxflightcase.com\/it\/prodotto\/postazione-di-lavoro-flight-case\/#primaryimage"},"image":{"@id":"https:\/\/sxflightcase.com\/it\/prodotto\/postazione-di-lavoro-flight-case\/#primaryimage"},"thumbnailUrl":"https:\/\/sxflightcase.com\/wp-content\/uploads\/2024\/05\/1714811992851.jpg","datePublished":"2024-05-06T02:11:55+00:00","dateModified":"2025-02-18T07:17:57+00:00","description":"estaci\u00f3n de trabajo flight case: Venta directa de f\u00e1brica y personalizaci\u00f3n profesional para soluciones de control precisas y adaptadas a sus necesidades.","breadcrumb":{"@id":"https:\/\/sxflightcase.com\/it\/prodotto\/postazione-di-lavoro-flight-case\/#breadcrumb"},"inLanguage":"es","potentialAction":[{"@type":"ReadAction","target":["https:\/\/sxflightcase.com\/it\/prodotto\/postazione-di-lavoro-flight-case\/"]}]},{"@type":"ImageObject","inLanguage":"es","@id":"https:\/\/sxflightcase.com\/it\/prodotto\/postazione-di-lavoro-flight-case\/#primaryimage","url":"https:\/\/sxflightcase.com\/wp-content\/uploads\/2024\/05\/1714811992851.jpg","contentUrl":"https:\/\/sxflightcase.com\/wp-content\/uploads\/2024\/05\/1714811992851.jpg","width":700,"height":700,"caption":"flight case workstation"},{"@type":"BreadcrumbList","@id":"https:\/\/sxflightcase.com\/it\/prodotto\/postazione-di-lavoro-flight-case\/#breadcrumb","itemListElement":[{"@type":"ListItem","position":1,"name":"Home","item":"https:\/\/sxflightcase.com\/"},{"@type":"ListItem","position":2,"name":"\u0e2a\u0e34\u0e19\u0e04\u0e49\u0e32","item":"https:\/\/sxflightcase.com\/th\/shop\/"},{"@type":"ListItem","position":3,"name":"Flight Case Workstation"}]},{"@type":"WebSite","@id":"https:\/\/sxflightcase.com\/th\/#website","url":"https:\/\/sxflightcase.com\/th\/","name":"es.sxpowercase.com","description":"F\u00e1brica de flightcases","publisher":{"@id":"https:\/\/sxflightcase.com\/th\/#organization"},"potentialAction":[{"@type":"SearchAction","target":{"@type":"EntryPoint","urlTemplate":"https:\/\/sxflightcase.com\/th\/?s={search_term_string}"},"query-input":{"@type":"PropertyValueSpecification","valueRequired":true,"valueName":"search_term_string"}}],"inLanguage":"es"},{"@type":"Organization","@id":"https:\/\/sxflightcase.com\/th\/#organization","name":"es.sxpowercase.com","url":"https:\/\/sxflightcase.com\/th\/","logo":{"@type":"ImageObject","inLanguage":"es","@id":"https:\/\/sxflightcase.com\/th\/#\/schema\/logo\/image\/","url":"https:\/\/sxflightcase.com\/wp-content\/uploads\/2024\/04\/1713919036007.jpg","contentUrl":"https:\/\/sxflightcase.com\/wp-content\/uploads\/2024\/04\/1713919036007.jpg","width":382,"height":388,"caption":"sxpowercase.com"},"image":{"@id":"https:\/\/sxflightcase.com\/th\/#\/schema\/logo\/image\/"},"sameAs":["https:\/\/www.facebook.com\/profile.php?id=61560407257971"],"numberOfEmployees":{"@type":"QuantitativeValue","minValue":"11","maxValue":"50"}}]}},"_links":{"self":[{"href":"https:\/\/sxflightcase.com\/es_es\/wp-json\/wp\/v2\/product\/1052","targetHints":{"allow":["GET"]}}],"collection":[{"href":"https:\/\/sxflightcase.com\/es_es\/wp-json\/wp\/v2\/product"}],"about":[{"href":"https:\/\/sxflightcase.com\/es_es\/wp-json\/wp\/v2\/types\/product"}],"replies":[{"embeddable":true,"href":"https:\/\/sxflightcase.com\/es_es\/wp-json\/wp\/v2\/comments?post=1052"}],"version-history":[{"count":0,"href":"https:\/\/sxflightcase.com\/es_es\/wp-json\/wp\/v2\/product\/1052\/revisions"}],"wp:featuredmedia":[{"embeddable":true,"href":"https:\/\/sxflightcase.com\/es_es\/wp-json\/wp\/v2\/media\/1053"}],"wp:attachment":[{"href":"https:\/\/sxflightcase.com\/es_es\/wp-json\/wp\/v2\/media?parent=1052"}],"wp:term":[{"taxonomy":"product_brand","embeddable":true,"href":"https:\/\/sxflightcase.com\/es_es\/wp-json\/wp\/v2\/product_brand?post=1052"},{"taxonomy":"product_cat","embeddable":true,"href":"https:\/\/sxflightcase.com\/es_es\/wp-json\/wp\/v2\/product_cat?post=1052"},{"taxonomy":"product_tag","embeddable":true,"href":"https:\/\/sxflightcase.com\/es_es\/wp-json\/wp\/v2\/product_tag?post=1052"}],"curies":[{"name":"wp","href":"https:\/\/api.w.org\/{rel}","templated":true}]}}