{"id":1097,"date":"2024-05-07T04:52:19","date_gmt":"2024-05-07T03:52:19","guid":{"rendered":"https:\/\/sxpowercase.com\/?post_type=product&#038;p=1097"},"modified":"2025-02-19T22:45:15","modified_gmt":"2025-02-20T06:45:15","slug":"mixer-flight-case","status":"publish","type":"product","link":"https:\/\/sxflightcase.com\/es_es\/producto\/estuche-de-vuelo-para-mezclador\/","title":{"rendered":"SX Mixer Flight Case: La protecci\u00f3n definitiva para tu mezclador de DJ | Personalizable y duradera"},"content":{"rendered":"<h3><strong>Proteja su mezclador con el estuche de transporte SX Mixer<\/strong><\/h3>\n<p>Cuando necesite trasladar su equipo de DJ, <strong>SX<\/strong> est\u00e1 aqu\u00ed para ayudar. Nuestra <a href=\"https:\/\/sxpowercase.com\/product\/19-rackmount-mixer-flight-cases\/\"><strong>Estuche de vuelo para mezclador <\/strong><\/a>est\u00e1n hechos para mantener tu batidora a salvo. Son perfectas para viajar o preparar un espect\u00e1culo.<\/p>\n<h3><strong>\u00bfPor qu\u00e9 elegir SX Mixer Flight Case?<\/strong><\/h3>\n<ol>\n<li><strong>Protecci\u00f3n superior para su mezclador<\/strong><br \/>\nNuestros casos han <strong>marcos de aluminio<\/strong>, <strong>contrachapado ign\u00edfugo de 9 mm<\/strong>, y <strong>hardware industrial est\u00e1ndar<\/strong>. Son resistentes a la carretera. Las esquinas est\u00e1n reforzadas y los cierres son seguros, para que su batidora se mantenga a salvo.<\/li>\n<li><strong>Soluciones personalizadas para su mezclador<\/strong><br \/>\nCada mezcladora es diferente, y nuestros casos tambi\u00e9n. Podemos fabricar una <strong>el estuche a medida perfecto<\/strong> para tu equipo, ya sea un mezclador o varios.<\/li>\n<li><strong>Aumente la eficacia de su empresa<\/strong><br \/>\nNuestras maletas mantienen su mezclador seguro y organizado. Esto le permite centrarse en su actuaci\u00f3n, no en arreglar el equipo roto. Ser\u00e1s m\u00e1s productivo, dar\u00e1s m\u00e1s conciertos y ganar\u00e1s m\u00e1s dinero.<\/li>\n<li><strong>Maximice sus ganancias<\/strong><br \/>\nComprar cajas para mezcladoras SX es una opci\u00f3n inteligente para su negocio. Le ahorran dinero al evitar reparaciones y sustituciones. Adem\u00e1s, puedes hacer m\u00e1s actuaciones, lo que significa m\u00e1s dinero para ti.<\/li>\n<li><strong>Calidad y servicio excepcionales<\/strong><br \/>\nEn SX, todo gira en torno a <strong>calidad excepcional<\/strong> y <strong>atenci\u00f3n al cliente<\/strong>. Trabajamos con usted de principio a fin para asegurarnos de que est\u00e9 satisfecho.<\/li>\n<\/ol>\n<h3><strong>Caracter\u00edsticas principales:<\/strong><\/h3>\n<ul>\n<li><strong>Material:<\/strong> Estructura de aluminio + contrachapado ign\u00edfugo de 9 mm<\/li>\n<li><strong>Interior:<\/strong> Parte superior deslizante para facilitar el acceso<\/li>\n<li><strong>Hardware:<\/strong> Herrajes de uso industrial, incluidas esquinas de bola apilables, pestillos empotrados con candados y asas resistentes.<\/li>\n<li><strong>Personalizaci\u00f3n:<\/strong> Adapte la maleta a sus necesidades: elija estilo, color, tama\u00f1o y materiales.<\/li>\n<li><strong>Embalaje:<\/strong> Bolsa de burbujas + cart\u00f3n exterior para una entrega segura<\/li>\n<\/ul>\n<h3><strong>Mejora tu configuraci\u00f3n de DJ con la funda para mezclador SX<\/strong><\/h3>\n<p>No deje que su mezcladora se estropee por el camino. Con SX Mixer <a href=\"https:\/\/sxpowercase.com\/product\/rack-case-12u-flight-cases\/\">Estuches de vuelo<\/a>puedes:<\/p>\n<ul>\n<li><strong>Proteja su valiosa batidora<\/strong> de da\u00f1os durante el transporte.<\/li>\n<li><strong>Organ\u00edcese<\/strong> y listo para cada actuaci\u00f3n.<\/li>\n<li><strong>Aumente su cuenta de resultados<\/strong> asumiendo m\u00e1s proyectos con confianza.<\/li>\n<\/ul>\n<h3><strong>Preguntas frecuentes<\/strong><\/h3>\n<p><strong>P: \u00bfPuede SX personalizar las carcasas de los mezcladores para modelos espec\u00edficos?<\/strong><br \/>\nR: S\u00ed, ofrecemos soluciones personalizadas dise\u00f1adas para adaptarse perfectamente a su mezclador.<\/p>\n<p><strong>P: \u00bfLos estuches para mezcladores SX son adecuados tanto para DJ profesionales como para aficionados?<\/strong><br \/>\nR: \u00a1Por supuesto! Nuestros estuches para mezcladores est\u00e1n dise\u00f1ados para satisfacer las necesidades de DJ de todos los niveles.<\/p>\n<p><strong>P: \u00bfCu\u00e1nto tiempo se tarda en recibir un estuche de mezclador personalizado de SX?<\/strong><br \/>\nR: Los plazos de entrega var\u00edan en funci\u00f3n de la complejidad del caso y de nuestra carga de trabajo actual. P\u00f3ngase en contacto con nosotros para conocer los plazos de entrega.<\/p>\n<p><strong>P: \u00bfLas fundas de las mesas de mezclas SX tienen garant\u00eda?<\/strong><br \/>\nR: S\u00ed, nuestras fundas incluyen cobertura de garant\u00eda para mayor tranquilidad.<\/p>\n<p><strong>P: \u00bfPuedo pedir cajas de mezcladoras al por mayor desde SX?<\/strong><br \/>\nR: S\u00ed, podemos aceptar pedidos al por mayor. P\u00f3ngase en contacto con nosotros para consultar precios y disponibilidad.<\/p>\n<h3><strong>Pida hoy mismo su malet\u00edn de transporte para mesa de mezclas<\/strong><\/h3>\n<p>\u00bfPreparado para proteger su mesa de mezclas con las flight cases premium de SX? P\u00f3ngase en contacto con nosotros para dise\u00f1ar su soluci\u00f3n personalizada.<\/p>\n<p><strong>Obtenga acceso ahora:<\/strong> <a href=\"https:\/\/sxpowercase.com\/contact-us\/\" target=\"_blank\" rel=\"noopener noreferrer\">https:\/\/sxpowercase.com\/contact-us\/<\/a><\/p>\n<h3><strong>Hot Tags:<\/strong><\/h3>\n<p>Precio bajo, en stock, muestra gratis, cable de alimentaci\u00f3n y se\u00f1al, cable de 4 conductores de calibre 16, caja de soporte de micr\u00f3fono, gabinete de exhibici\u00f3n de LED al aire libre, montaje en bastidor, caja de distribuci\u00f3n el\u00e9ctrica, China, proveedores, f\u00e1brica, modificado para requisitos particulares, al por mayor, cajas de alimentaci\u00f3n, cables de alimentaci\u00f3n, controladores de elevaci\u00f3n, casos de vuelo.<\/p>","protected":false},"excerpt":{"rendered":"<h2 id=\"ali-title-AliPostDhMb-smk2m\"><span data-spm-anchor-id=\"a2700.details.0.i67.3f0523687cJVAX\">Descripci\u00f3n del Producto<\/span><\/h2>\n<div>\n<p>Estuche tipo ata\u00fad para reproductor de CD y mezclador de DJ profesional, con 2 pozos para plato giratorio y un pozo para mezclador, parte superior inclinada deslizante, conectores de bola apilables y orificios para cable de alimentaci\u00f3n, tambi\u00e9n con luz LED en el interior, proporciona una protecci\u00f3n confiable y \u00fatil para los equipos y es conveniente en uso.<\/p>\n<h2>Caracter\u00edsticas principales:<\/h2>\n<ul>\n<li>\u00a0 \u00a0Extrusiones de aluminio y madera contrachapada resistentes de 9 mm<\/li>\n<li>\u00a0 \u00a0Hardware est\u00e1ndar industrial<\/li>\n<li>\u00a0 \u00a0Revestimiento de espuma (seleccionable)<\/li>\n<li>\u00a0 \u00a0Asas de transporte empotradas<\/li>\n<li>\u00a0 \u00a0Ruedas de transporte incorporadas<\/li>\n<\/ul>\n<\/div>","protected":false},"featured_media":1101,"comment_status":"open","ping_status":"closed","template":"","meta":[],"product_brand":[],"product_cat":[41],"product_tag":[],"class_list":{"0":"post-1097","1":"product","2":"type-product","3":"status-publish","4":"has-post-thumbnail","6":"product_cat-equipment-cases","8":"first","9":"instock","10":"shipping-taxable","11":"product-type-simple"},"yoast_head":"<!-- This site is optimized with the Yoast SEO Premium plugin v27.1 (Yoast SEO v27.2) - https:\/\/yoast.com\/product\/yoast-seo-premium-wordpress\/ -->\n<title>SX Mixer Flight Case: Ultimate Protection for Your DJ Mixer | Customizable &amp; Durable - https:\/\/sxflightcase.com \ud83d\udc97<\/title>\n<meta name=\"description\" content=\"mixer flight case: Explore factory-direct sales and professional customization for the ultimate protection of your equipment.\" \/>\n<meta name=\"robots\" content=\"index, follow, max-snippet:-1, max-image-preview:large, max-video-preview:-1\" \/>\n<link rel=\"canonical\" href=\"https:\/\/sxflightcase.com\/es_es\/\u88fd\u54c1\/\u30df\u30ad\u30b5\u30fc\u30d5\u30e9\u30a4\u30c8\u30b1\u30fc\u30b9\/\" \/>\n<meta property=\"og:locale\" content=\"es_ES\" \/>\n<meta property=\"og:type\" content=\"article\" \/>\n<meta property=\"og:title\" content=\"SX Mixer Flight Case: Ultimate Protection for Your DJ Mixer | Customizable &amp; Durable\" \/>\n<meta property=\"og:description\" content=\"mixer flight case: Explore factory-direct sales and professional customization for the ultimate protection of your equipment.\" \/>\n<meta property=\"og:url\" content=\"https:\/\/sxflightcase.com\/es_es\/\u88fd\u54c1\/\u30df\u30ad\u30b5\u30fc\u30d5\u30e9\u30a4\u30c8\u30b1\u30fc\u30b9\/\" \/>\n<meta property=\"og:site_name\" content=\"https:\/\/sxflightcase.com\" \/>\n<meta property=\"article:publisher\" content=\"https:\/\/www.facebook.com\/profile.php?id=61560407257971\" \/>\n<meta property=\"article:modified_time\" content=\"2025-02-20T06:45:15+00:00\" \/>\n<meta property=\"og:image\" content=\"https:\/\/sxflightcase.com\/wp-content\/uploads\/2024\/05\/1714984324343.jpg\" \/>\n\t<meta property=\"og:image:width\" content=\"750\" \/>\n\t<meta property=\"og:image:height\" content=\"750\" \/>\n\t<meta property=\"og:image:type\" content=\"image\/jpeg\" \/>\n<meta name=\"twitter:card\" content=\"summary_large_image\" \/>\n<meta name=\"twitter:label1\" content=\"Tiempo de lectura\" \/>\n\t<meta name=\"twitter:data1\" content=\"4 minutos\" \/>\n<script type=\"application\/ld+json\" class=\"yoast-schema-graph\">{\"@context\":\"https:\/\/schema.org\",\"@graph\":[{\"@type\":\"WebPage\",\"@id\":\"https:\/\/sxflightcase.com\/ja\/\u88fd\u54c1\/\u30df\u30ad\u30b5\u30fc\u30d5\u30e9\u30a4\u30c8\u30b1\u30fc\u30b9\/\",\"url\":\"https:\/\/sxflightcase.com\/ja\/\u88fd\u54c1\/\u30df\u30ad\u30b5\u30fc\u30d5\u30e9\u30a4\u30c8\u30b1\u30fc\u30b9\/\",\"name\":\"SX Mixer Flight Case: Ultimate Protection for Your DJ Mixer | Customizable & Durable - https:\/\/sxflightcase.com \ud83d\udc97\",\"isPartOf\":{\"@id\":\"https:\/\/sxflightcase.com\/th\/#website\"},\"primaryImageOfPage\":{\"@id\":\"https:\/\/sxflightcase.com\/ja\/\u88fd\u54c1\/\u30df\u30ad\u30b5\u30fc\u30d5\u30e9\u30a4\u30c8\u30b1\u30fc\u30b9\/#primaryimage\"},\"image\":{\"@id\":\"https:\/\/sxflightcase.com\/ja\/\u88fd\u54c1\/\u30df\u30ad\u30b5\u30fc\u30d5\u30e9\u30a4\u30c8\u30b1\u30fc\u30b9\/#primaryimage\"},\"thumbnailUrl\":\"https:\/\/sxflightcase.com\/wp-content\/uploads\/2024\/05\/1714984324343.jpg\",\"datePublished\":\"2024-05-07T03:52:19+00:00\",\"dateModified\":\"2025-02-20T06:45:15+00:00\",\"description\":\"mixer flight case: Explore factory-direct sales and professional customization for the ultimate protection of your equipment.\",\"breadcrumb\":{\"@id\":\"https:\/\/sxflightcase.com\/ja\/\u88fd\u54c1\/\u30df\u30ad\u30b5\u30fc\u30d5\u30e9\u30a4\u30c8\u30b1\u30fc\u30b9\/#breadcrumb\"},\"inLanguage\":\"es\",\"potentialAction\":[{\"@type\":\"ReadAction\",\"target\":[\"https:\/\/sxflightcase.com\/ja\/\u88fd\u54c1\/\u30df\u30ad\u30b5\u30fc\u30d5\u30e9\u30a4\u30c8\u30b1\u30fc\u30b9\/\"]}]},{\"@type\":\"ImageObject\",\"inLanguage\":\"es\",\"@id\":\"https:\/\/sxflightcase.com\/ja\/\u88fd\u54c1\/\u30df\u30ad\u30b5\u30fc\u30d5\u30e9\u30a4\u30c8\u30b1\u30fc\u30b9\/#primaryimage\",\"url\":\"https:\/\/sxflightcase.com\/wp-content\/uploads\/2024\/05\/1714984324343.jpg\",\"contentUrl\":\"https:\/\/sxflightcase.com\/wp-content\/uploads\/2024\/05\/1714984324343.jpg\",\"width\":750,\"height\":750,\"caption\":\"mixer flight case\"},{\"@type\":\"BreadcrumbList\",\"@id\":\"https:\/\/sxflightcase.com\/ja\/\u88fd\u54c1\/\u30df\u30ad\u30b5\u30fc\u30d5\u30e9\u30a4\u30c8\u30b1\u30fc\u30b9\/#breadcrumb\",\"itemListElement\":[{\"@type\":\"ListItem\",\"position\":1,\"name\":\"Home\",\"item\":\"https:\/\/sxflightcase.com\/\"},{\"@type\":\"ListItem\",\"position\":2,\"name\":\"\u0e2a\u0e34\u0e19\u0e04\u0e49\u0e32\",\"item\":\"https:\/\/sxflightcase.com\/th\/shop\/\"},{\"@type\":\"ListItem\",\"position\":3,\"name\":\"SX Mixer Flight Case: Ultimate Protection for Your DJ Mixer | Customizable &#038; Durable\"}]},{\"@type\":\"WebSite\",\"@id\":\"https:\/\/sxflightcase.com\/th\/#website\",\"url\":\"https:\/\/sxflightcase.com\/th\/\",\"name\":\"sxpowercase.com\",\"description\":\"Flight Case Factory\",\"publisher\":{\"@id\":\"https:\/\/sxflightcase.com\/th\/#organization\"},\"potentialAction\":[{\"@type\":\"SearchAction\",\"target\":{\"@type\":\"EntryPoint\",\"urlTemplate\":\"https:\/\/sxflightcase.com\/th\/?s={search_term_string}\"},\"query-input\":{\"@type\":\"PropertyValueSpecification\",\"valueRequired\":true,\"valueName\":\"search_term_string\"}}],\"inLanguage\":\"es\"},{\"@type\":\"Organization\",\"@id\":\"https:\/\/sxflightcase.com\/th\/#organization\",\"name\":\"sxpowercase.com\",\"url\":\"https:\/\/sxflightcase.com\/th\/\",\"logo\":{\"@type\":\"ImageObject\",\"inLanguage\":\"es\",\"@id\":\"https:\/\/sxflightcase.com\/th\/#\/schema\/logo\/image\/\",\"url\":\"https:\/\/sxflightcase.com\/wp-content\/uploads\/2024\/04\/1713919036007.jpg\",\"contentUrl\":\"https:\/\/sxflightcase.com\/wp-content\/uploads\/2024\/04\/1713919036007.jpg\",\"width\":382,\"height\":388,\"caption\":\"sxpowercase.com\"},\"image\":{\"@id\":\"https:\/\/sxflightcase.com\/th\/#\/schema\/logo\/image\/\"},\"sameAs\":[\"https:\/\/www.facebook.com\/profile.php?id=61560407257971\"],\"numberOfEmployees\":{\"@type\":\"QuantitativeValue\",\"minValue\":\"11\",\"maxValue\":\"50\"}}]}<\/script>\n<!-- \/ Yoast SEO Premium plugin. -->","yoast_head_json":{"title":"SX Mixer Flight Case: Ultimate Protection for Your DJ Mixer | Customizable & Durable - https:\/\/sxflightcase.com \ud83d\udc97","description":"Estuche de vuelo para mezclador: Explore las ventas directas de f\u00e1brica y la personalizaci\u00f3n profesional para la m\u00e1xima protecci\u00f3n de su equipo.","robots":{"index":"index","follow":"follow","max-snippet":"max-snippet:-1","max-image-preview":"max-image-preview:large","max-video-preview":"max-video-preview:-1"},"canonical":"https:\/\/sxflightcase.com\/es_es\/\u88fd\u54c1\/\u30df\u30ad\u30b5\u30fc\u30d5\u30e9\u30a4\u30c8\u30b1\u30fc\u30b9\/","og_locale":"es_ES","og_type":"article","og_title":"SX Mixer Flight Case: Ultimate Protection for Your DJ Mixer | Customizable & Durable","og_description":"mixer flight case: Explore factory-direct sales and professional customization for the ultimate protection of your equipment.","og_url":"https:\/\/sxflightcase.com\/es_es\/\u88fd\u54c1\/\u30df\u30ad\u30b5\u30fc\u30d5\u30e9\u30a4\u30c8\u30b1\u30fc\u30b9\/","og_site_name":"https:\/\/sxflightcase.com","article_publisher":"https:\/\/www.facebook.com\/profile.php?id=61560407257971","article_modified_time":"2025-02-20T06:45:15+00:00","og_image":[{"width":750,"height":750,"url":"https:\/\/sxflightcase.com\/wp-content\/uploads\/2024\/05\/1714984324343.jpg","type":"image\/jpeg"}],"twitter_card":"summary_large_image","twitter_misc":{"Tiempo de lectura":"4 minutos"},"schema":{"@context":"https:\/\/schema.org","@graph":[{"@type":"WebPage","@id":"https:\/\/sxflightcase.com\/ja\/\u88fd\u54c1\/\u30df\u30ad\u30b5\u30fc\u30d5\u30e9\u30a4\u30c8\u30b1\u30fc\u30b9\/","url":"https:\/\/sxflightcase.com\/ja\/\u88fd\u54c1\/\u30df\u30ad\u30b5\u30fc\u30d5\u30e9\u30a4\u30c8\u30b1\u30fc\u30b9\/","name":"SX Mixer Flight Case: Ultimate Protection for Your DJ Mixer | Customizable & Durable - https:\/\/sxflightcase.com \ud83d\udc97","isPartOf":{"@id":"https:\/\/sxflightcase.com\/th\/#website"},"primaryImageOfPage":{"@id":"https:\/\/sxflightcase.com\/ja\/\u88fd\u54c1\/\u30df\u30ad\u30b5\u30fc\u30d5\u30e9\u30a4\u30c8\u30b1\u30fc\u30b9\/#primaryimage"},"image":{"@id":"https:\/\/sxflightcase.com\/ja\/\u88fd\u54c1\/\u30df\u30ad\u30b5\u30fc\u30d5\u30e9\u30a4\u30c8\u30b1\u30fc\u30b9\/#primaryimage"},"thumbnailUrl":"https:\/\/sxflightcase.com\/wp-content\/uploads\/2024\/05\/1714984324343.jpg","datePublished":"2024-05-07T03:52:19+00:00","dateModified":"2025-02-20T06:45:15+00:00","description":"Estuche de vuelo para mezclador: Explore las ventas directas de f\u00e1brica y la personalizaci\u00f3n profesional para la m\u00e1xima protecci\u00f3n de su equipo.","breadcrumb":{"@id":"https:\/\/sxflightcase.com\/ja\/\u88fd\u54c1\/\u30df\u30ad\u30b5\u30fc\u30d5\u30e9\u30a4\u30c8\u30b1\u30fc\u30b9\/#breadcrumb"},"inLanguage":"es","potentialAction":[{"@type":"ReadAction","target":["https:\/\/sxflightcase.com\/ja\/\u88fd\u54c1\/\u30df\u30ad\u30b5\u30fc\u30d5\u30e9\u30a4\u30c8\u30b1\u30fc\u30b9\/"]}]},{"@type":"ImageObject","inLanguage":"es","@id":"https:\/\/sxflightcase.com\/ja\/\u88fd\u54c1\/\u30df\u30ad\u30b5\u30fc\u30d5\u30e9\u30a4\u30c8\u30b1\u30fc\u30b9\/#primaryimage","url":"https:\/\/sxflightcase.com\/wp-content\/uploads\/2024\/05\/1714984324343.jpg","contentUrl":"https:\/\/sxflightcase.com\/wp-content\/uploads\/2024\/05\/1714984324343.jpg","width":750,"height":750,"caption":"mixer flight case"},{"@type":"BreadcrumbList","@id":"https:\/\/sxflightcase.com\/ja\/\u88fd\u54c1\/\u30df\u30ad\u30b5\u30fc\u30d5\u30e9\u30a4\u30c8\u30b1\u30fc\u30b9\/#breadcrumb","itemListElement":[{"@type":"ListItem","position":1,"name":"Home","item":"https:\/\/sxflightcase.com\/"},{"@type":"ListItem","position":2,"name":"\u0e2a\u0e34\u0e19\u0e04\u0e49\u0e32","item":"https:\/\/sxflightcase.com\/th\/shop\/"},{"@type":"ListItem","position":3,"name":"SX Mixer Flight Case: Ultimate Protection for Your DJ Mixer | Customizable &#038; Durable"}]},{"@type":"WebSite","@id":"https:\/\/sxflightcase.com\/th\/#website","url":"https:\/\/sxflightcase.com\/th\/","name":"es.sxpowercase.com","description":"F\u00e1brica de flightcases","publisher":{"@id":"https:\/\/sxflightcase.com\/th\/#organization"},"potentialAction":[{"@type":"SearchAction","target":{"@type":"EntryPoint","urlTemplate":"https:\/\/sxflightcase.com\/th\/?s={search_term_string}"},"query-input":{"@type":"PropertyValueSpecification","valueRequired":true,"valueName":"search_term_string"}}],"inLanguage":"es"},{"@type":"Organization","@id":"https:\/\/sxflightcase.com\/th\/#organization","name":"es.sxpowercase.com","url":"https:\/\/sxflightcase.com\/th\/","logo":{"@type":"ImageObject","inLanguage":"es","@id":"https:\/\/sxflightcase.com\/th\/#\/schema\/logo\/image\/","url":"https:\/\/sxflightcase.com\/wp-content\/uploads\/2024\/04\/1713919036007.jpg","contentUrl":"https:\/\/sxflightcase.com\/wp-content\/uploads\/2024\/04\/1713919036007.jpg","width":382,"height":388,"caption":"sxpowercase.com"},"image":{"@id":"https:\/\/sxflightcase.com\/th\/#\/schema\/logo\/image\/"},"sameAs":["https:\/\/www.facebook.com\/profile.php?id=61560407257971"],"numberOfEmployees":{"@type":"QuantitativeValue","minValue":"11","maxValue":"50"}}]}},"_links":{"self":[{"href":"https:\/\/sxflightcase.com\/es_es\/wp-json\/wp\/v2\/product\/1097","targetHints":{"allow":["GET"]}}],"collection":[{"href":"https:\/\/sxflightcase.com\/es_es\/wp-json\/wp\/v2\/product"}],"about":[{"href":"https:\/\/sxflightcase.com\/es_es\/wp-json\/wp\/v2\/types\/product"}],"replies":[{"embeddable":true,"href":"https:\/\/sxflightcase.com\/es_es\/wp-json\/wp\/v2\/comments?post=1097"}],"version-history":[{"count":0,"href":"https:\/\/sxflightcase.com\/es_es\/wp-json\/wp\/v2\/product\/1097\/revisions"}],"wp:featuredmedia":[{"embeddable":true,"href":"https:\/\/sxflightcase.com\/es_es\/wp-json\/wp\/v2\/media\/1101"}],"wp:attachment":[{"href":"https:\/\/sxflightcase.com\/es_es\/wp-json\/wp\/v2\/media?parent=1097"}],"wp:term":[{"taxonomy":"product_brand","embeddable":true,"href":"https:\/\/sxflightcase.com\/es_es\/wp-json\/wp\/v2\/product_brand?post=1097"},{"taxonomy":"product_cat","embeddable":true,"href":"https:\/\/sxflightcase.com\/es_es\/wp-json\/wp\/v2\/product_cat?post=1097"},{"taxonomy":"product_tag","embeddable":true,"href":"https:\/\/sxflightcase.com\/es_es\/wp-json\/wp\/v2\/product_tag?post=1097"}],"curies":[{"name":"wp","href":"https:\/\/api.w.org\/{rel}","templated":true}]}}