{"id":1107,"date":"2024-05-07T06:46:14","date_gmt":"2024-05-07T05:46:14","guid":{"rendered":"https:\/\/sxpowercase.com\/?post_type=product&#038;p=1107"},"modified":"2025-02-20T00:04:50","modified_gmt":"2025-02-20T08:04:50","slug":"mixer-hard-case","status":"publish","type":"product","link":"https:\/\/sxflightcase.com\/es_es\/producto\/mezclador-estuche-rigido-2\/","title":{"rendered":"Mezclador Estuche r\u00edgido"},"content":{"rendered":"<h3><strong>Resumen de productos: Estuche r\u00edgido para mesa de mezclas<\/strong><\/h3>\n<p>El\u00a0<strong>SX Mixer Estuche r\u00edgido<\/strong>\u00a0est\u00e1 dise\u00f1ado para proporcionar la m\u00e1xima protecci\u00f3n a su equipo de audio. Tanto si eres DJ, ingeniero de sonido o m\u00fasico, nuestras fundas garantizan que tu mesa de mezclas est\u00e9 a salvo de golpes, ca\u00eddas y otros peligros durante el transporte.<\/p>\n<hr \/>\n<h3><strong>Caracter\u00edsticas principales:<\/strong><\/h3>\n<ul>\n<li><strong>Material:<\/strong>\u00a0Contrachapado de 9 mm con\u00a0<strong>herrajes cromados\/zincados<\/strong>\u00a0y\u00a0<strong>extrusi\u00f3n de aluminio<\/strong>\u00a0para una durabilidad m\u00e1xima<\/li>\n<li><strong>Forro de espuma:<\/strong>\u00a0Las opciones incluyen\u00a0<strong>espuma de perla<\/strong>,\u00a0<strong>Espuma EVA<\/strong>, o\u00a0<strong>espuma de huevo<\/strong>\u00a0para una amortiguaci\u00f3n superior<\/li>\n<li><strong>Opciones de color:<\/strong>\u00a0Disponible en\u00a0<strong>Negro (por defecto)<\/strong>Rojo, azul, naranja, amarillo, verde, etc.<\/li>\n<li><strong>Plazo de entrega:<\/strong>\u00a0Pedido de muestras en\u00a0<strong>3 d\u00edas<\/strong>orden normal en\u00a0<strong>7-15 d\u00edas<\/strong><\/li>\n<li><strong>Dimensiones:<\/strong>\u00a0Personalizable para adaptarse a su equipo espec\u00edfico<\/li>\n<\/ul>\n<hr \/>\n<h3><strong>\u00bfPor qu\u00e9 elegir las carcasas r\u00edgidas para mezcladoras SX?<\/strong><\/h3>\n<ol start=\"1\">\n<li><strong>Venta directa de f\u00e1brica a un precio inmejorable<\/strong><br \/>\nAl eliminar al intermediario, ofrecemos\u00a0<strong>maletas de alta calidad a precios competitivos<\/strong>. Nuestro modelo directo de f\u00e1brica le garantiza el mejor precio sin comprometer la calidad.<\/li>\n<li><strong>Adaptable a sus necesidades<\/strong><br \/>\nCada profesional tiene unas necesidades \u00fanicas. Nosotros ofrecemos\u00a0<strong>amplias opciones de personalizaci\u00f3n<\/strong>incluyendo dimensiones espec\u00edficas, tipos de espuma y compartimentos adicionales, para crear una maleta que se adapte perfectamente a su equipo.<\/li>\n<li><strong>Duradero y fiable<\/strong><br \/>\nFabricadas para soportar las condiciones m\u00e1s duras, nuestras cajas r\u00edgidas para mezcladoras est\u00e1n dise\u00f1adas para\u00a0<strong>protecci\u00f3n duradera<\/strong>. Tanto si est\u00e1 de viaje como en el estudio, su equipo estar\u00e1 seguro y protegido.<\/li>\n<li><strong>Movilidad mejorada<\/strong><br \/>\nCon asas resistentes y ruedas opcionales, nuestras maletas facilitan el transporte de la mezcladora de un lugar a otro, ahorr\u00e1ndole tiempo y esfuerzo.<\/li>\n<\/ol>\n<hr \/>\n<h3><strong>Aplicaciones:<\/strong><\/h3>\n<p>El malet\u00edn r\u00edgido para mezclador SX es ideal para:<\/p>\n<ul>\n<li><strong>DJs<\/strong><\/li>\n<li><strong>Ingenieros de sonido<\/strong><\/li>\n<li><strong>M\u00fasicos<\/strong><\/li>\n<li><strong>Organizadores de eventos<\/strong><\/li>\n<li><strong>Profesionales del estudio<\/strong><\/li>\n<\/ul>\n<hr \/>\n<h3><strong>Embalaje y env\u00edo:<\/strong><\/h3>\n<ul>\n<li><strong>Plazo de entrega:<\/strong>\n<ul>\n<li>Por mar: 15-60 d\u00edas<\/li>\n<li>Por avi\u00f3n: 4-9 d\u00edas<\/li>\n<li>Por expreso: 4-9 d\u00edas<\/li>\n<\/ul>\n<\/li>\n<li><strong>Plazo de entrega:<\/strong>\u00a07-15 d\u00edas laborables o seg\u00fan sus necesidades<\/li>\n<li><strong>Embalaje:<\/strong>\u00a0Embalaje de cart\u00f3n o personalizado disponible<\/li>\n<\/ul>\n<hr \/>\n<h3><strong>Nuestro servicio:<\/strong><\/h3>\n<ul>\n<li><strong>Servicio profesional:<\/strong>\u00a0Experiencia en la fabricaci\u00f3n y exportaci\u00f3n de maletas de alta calidad<\/li>\n<li><strong>Excelencia en la fabricaci\u00f3n:<\/strong>\u00a0Atenci\u00f3n al detalle y artesan\u00eda superior<\/li>\n<li><strong>Opciones de pago flexibles:<\/strong>\u00a0T\/T, Western Union y m\u00e1s<\/li>\n<\/ul>\n<hr \/>\n<h3><strong>Qui\u00e9nes somos:<\/strong><\/h3>\n<p>Con a\u00f1os de experiencia, SX se ha forjado una reputaci\u00f3n de\u00a0<strong>integridad, profesionalidad y precios excelentes<\/strong>. Nuestros productos gozan de la confianza de clientes de todo el mundo, y mantenemos nuestro compromiso de ofrecer\u00a0<strong>calidad, valor y satisfacci\u00f3n del cliente<\/strong>.<\/p>\n<hr \/>\n<h3><strong>Preguntas frecuentes:<\/strong><\/h3>\n<p><strong>P: \u00bfSon ustedes comerciantes o fabricantes?<\/strong><br \/>\nR: Somos una\u00a0<strong>fabricante profesional<\/strong>\u00a0especializada en estuches de alta calidad para equipos de audio.<\/p>\n<p><strong>P: \u00bfViene la funda con espuma adicional para diferentes tama\u00f1os de mandos?<\/strong><br \/>\nR: La maleta incluye espuma extra\u00edble bajo la plataforma deslizante para asegurar la mezcladora durante el transporte. Se puede personalizar espuma adicional bajo pedido.<\/p>\n<p><strong>P: \u00bfEs f\u00e1cil retirar la espuma para distintos usos?<\/strong><br \/>\nR: La espuma puede retirarse o cortarse f\u00e1cilmente para adaptarse a distintos tama\u00f1os de equipos, lo que ofrece flexibilidad para diversos usos.<\/p>\n<p><strong>P: \u00bfPuedo hacer pedidos al por mayor?<\/strong><br \/>\nR: S\u00ed, podemos aceptar pedidos al por mayor. P\u00f3ngase en contacto con nosotros para consultar precios y disponibilidad.<\/p>\n<hr \/>\n<h3><strong>Pida hoy mismo su malet\u00edn r\u00edgido para batidora<\/strong><\/h3>\n<p>\u00bfPreparado para proteger su mezcladora con las fundas r\u00edgidas de alta calidad de SX? P\u00f3ngase en contacto con nosotros ahora para dise\u00f1ar su soluci\u00f3n personalizada.<\/p>\n<p><strong>Obtenga acceso ahora:<\/strong>\u00a0<a href=\"https:\/\/sxpowercase.com\/contact-us\/\" target=\"_blank\" rel=\"noopener noreferrer\">https:\/\/sxpowercase.com\/contact-us\/<\/a><\/p>\n<p>Hot Tags: Low price, Power And Signal Cable, 16 Gauge 4 Conductor Wire, Microphone Stand Case, Outdoor Led Display Cabinet, Rack Mount,electrical distro box, China, proveedores, f\u00e1brica, modificado para requisitos particulares, al por mayor, <span style=\"color: #993366;\"><a style=\"color: #993366;\" href=\"https:\/\/sxflightcase.com\/es_es\/product-category\/all-product\/power-distribution-boxes\/\">cajas de poder<\/a>,\u00a0<a style=\"color: #993366;\" href=\"https:\/\/sxflightcase.com\/es_es\/product-category\/all-product\/hoist-controllers\/\">cables de alimentaci\u00f3n<\/a>,\u00a0<a style=\"color: #993366;\" href=\"https:\/\/sxflightcase.com\/es_es\/product-category\/all-product\/hoist-controllers\/\">controladores de polipasto<\/a>,\u00a0<a style=\"color: #993366;\" href=\"https:\/\/sxflightcase.com\/es_es\/product-category\/all-product\/flight-case\/\">Estuches de vuelo.<\/a><\/span><\/p>","protected":false},"excerpt":{"rendered":"<h2 class=\"prodetails-name\">Mezclador Estuche r\u00edgido<\/h2>\n<p>Nuestra experiencia interna nos permite comprender las expectativas de nuestros clientes con respecto a la maleta y, al mismo tiempo, ofrecer varias opciones de personalizaci\u00f3n para facilitarle el trabajo a la hora de trasladar su equipo. La maleta r\u00edgida Mixer es una de las flight cases m\u00e1s populares del mercado debido a su versatilidad.<\/p>\n<h2><strong>Introducci\u00f3n de la producci\u00f3n<\/strong><\/h2>\n<p>Estuche r\u00edgido para mezcladora<\/p>\n<p>Fabricado con contrachapado laminado de vinilo de 9 mm, robustos perfiles de aluminio y pestillos de mariposa de alta resistencia, proporciona un transporte seguro y una estaci\u00f3n de trabajo en uno. Gracias a la plataforma deslizante integrada para el port\u00e1til y al c\u00f3modo puerto de acceso a los cables, la configuraci\u00f3n est\u00e1 lista para la acci\u00f3n en un abrir y cerrar de ojos.<\/p>","protected":false},"featured_media":1108,"comment_status":"open","ping_status":"closed","template":"","meta":[],"product_brand":[],"product_cat":[41],"product_tag":[],"class_list":{"0":"post-1107","1":"product","2":"type-product","3":"status-publish","4":"has-post-thumbnail","6":"product_cat-equipment-cases","8":"first","9":"instock","10":"shipping-taxable","11":"product-type-simple"},"yoast_head":"<!-- This site is optimized with the Yoast SEO Premium plugin v27.1 (Yoast SEO v27.2) - https:\/\/yoast.com\/product\/yoast-seo-premium-wordpress\/ -->\n<title>Mixer Hard Case - https:\/\/sxflightcase.com \ud83d\udc97<\/title>\n<meta name=\"description\" content=\"Mixer Hard Case Factory: Specializing in direct sales and professional customization for premium equipment protection solutions.\" \/>\n<meta name=\"robots\" content=\"index, follow, max-snippet:-1, max-image-preview:large, max-video-preview:-1\" \/>\n<link rel=\"canonical\" href=\"https:\/\/sxflightcase.com\/es_es\/san-pham\/mixer-hard-case\/\" \/>\n<meta property=\"og:locale\" content=\"es_ES\" \/>\n<meta property=\"og:type\" content=\"article\" \/>\n<meta property=\"og:title\" content=\"Mixer Hard Case\" \/>\n<meta property=\"og:description\" content=\"Mixer Hard Case Factory: Specializing in direct sales and professional customization for premium equipment protection solutions.\" \/>\n<meta property=\"og:url\" content=\"https:\/\/sxflightcase.com\/es_es\/san-pham\/mixer-hard-case\/\" \/>\n<meta property=\"og:site_name\" content=\"https:\/\/sxflightcase.com\" \/>\n<meta property=\"article:publisher\" content=\"https:\/\/www.facebook.com\/profile.php?id=61560407257971\" \/>\n<meta property=\"article:modified_time\" content=\"2025-02-20T08:04:50+00:00\" \/>\n<meta property=\"og:image\" content=\"https:\/\/sxflightcase.com\/wp-content\/uploads\/2024\/05\/mixer-hard-case55546902954.webp\" \/>\n\t<meta property=\"og:image:width\" content=\"700\" \/>\n\t<meta property=\"og:image:height\" content=\"700\" \/>\n\t<meta property=\"og:image:type\" content=\"image\/webp\" \/>\n<meta name=\"twitter:card\" content=\"summary_large_image\" \/>\n<meta name=\"twitter:label1\" content=\"Tiempo de lectura\" \/>\n\t<meta name=\"twitter:data1\" content=\"4 minutos\" \/>\n<script type=\"application\/ld+json\" class=\"yoast-schema-graph\">{\"@context\":\"https:\/\/schema.org\",\"@graph\":[{\"@type\":\"WebPage\",\"@id\":\"https:\/\/sxflightcase.com\/vi\/san-pham\/mixer-hard-case\/\",\"url\":\"https:\/\/sxflightcase.com\/vi\/san-pham\/mixer-hard-case\/\",\"name\":\"Mixer Hard Case - https:\/\/sxflightcase.com \ud83d\udc97\",\"isPartOf\":{\"@id\":\"https:\/\/sxflightcase.com\/th\/#website\"},\"primaryImageOfPage\":{\"@id\":\"https:\/\/sxflightcase.com\/vi\/san-pham\/mixer-hard-case\/#primaryimage\"},\"image\":{\"@id\":\"https:\/\/sxflightcase.com\/vi\/san-pham\/mixer-hard-case\/#primaryimage\"},\"thumbnailUrl\":\"https:\/\/sxflightcase.com\/wp-content\/uploads\/2024\/05\/mixer-hard-case55546902954.webp\",\"datePublished\":\"2024-05-07T05:46:14+00:00\",\"dateModified\":\"2025-02-20T08:04:50+00:00\",\"description\":\"Mixer Hard Case Factory: Specializing in direct sales and professional customization for premium equipment protection solutions.\",\"breadcrumb\":{\"@id\":\"https:\/\/sxflightcase.com\/vi\/san-pham\/mixer-hard-case\/#breadcrumb\"},\"inLanguage\":\"es\",\"potentialAction\":[{\"@type\":\"ReadAction\",\"target\":[\"https:\/\/sxflightcase.com\/vi\/san-pham\/mixer-hard-case\/\"]}]},{\"@type\":\"ImageObject\",\"inLanguage\":\"es\",\"@id\":\"https:\/\/sxflightcase.com\/vi\/san-pham\/mixer-hard-case\/#primaryimage\",\"url\":\"https:\/\/sxflightcase.com\/wp-content\/uploads\/2024\/05\/mixer-hard-case55546902954.webp\",\"contentUrl\":\"https:\/\/sxflightcase.com\/wp-content\/uploads\/2024\/05\/mixer-hard-case55546902954.webp\",\"width\":700,\"height\":700,\"caption\":\"Mixer Hard Case\"},{\"@type\":\"BreadcrumbList\",\"@id\":\"https:\/\/sxflightcase.com\/vi\/san-pham\/mixer-hard-case\/#breadcrumb\",\"itemListElement\":[{\"@type\":\"ListItem\",\"position\":1,\"name\":\"Home\",\"item\":\"https:\/\/sxflightcase.com\/\"},{\"@type\":\"ListItem\",\"position\":2,\"name\":\"\u0e2a\u0e34\u0e19\u0e04\u0e49\u0e32\",\"item\":\"https:\/\/sxflightcase.com\/th\/shop\/\"},{\"@type\":\"ListItem\",\"position\":3,\"name\":\"Mixer Hard Case\"}]},{\"@type\":\"WebSite\",\"@id\":\"https:\/\/sxflightcase.com\/th\/#website\",\"url\":\"https:\/\/sxflightcase.com\/th\/\",\"name\":\"sxpowercase.com\",\"description\":\"Flight Case Factory\",\"publisher\":{\"@id\":\"https:\/\/sxflightcase.com\/th\/#organization\"},\"potentialAction\":[{\"@type\":\"SearchAction\",\"target\":{\"@type\":\"EntryPoint\",\"urlTemplate\":\"https:\/\/sxflightcase.com\/th\/?s={search_term_string}\"},\"query-input\":{\"@type\":\"PropertyValueSpecification\",\"valueRequired\":true,\"valueName\":\"search_term_string\"}}],\"inLanguage\":\"es\"},{\"@type\":\"Organization\",\"@id\":\"https:\/\/sxflightcase.com\/th\/#organization\",\"name\":\"sxpowercase.com\",\"url\":\"https:\/\/sxflightcase.com\/th\/\",\"logo\":{\"@type\":\"ImageObject\",\"inLanguage\":\"es\",\"@id\":\"https:\/\/sxflightcase.com\/th\/#\/schema\/logo\/image\/\",\"url\":\"https:\/\/sxflightcase.com\/wp-content\/uploads\/2024\/04\/1713919036007.jpg\",\"contentUrl\":\"https:\/\/sxflightcase.com\/wp-content\/uploads\/2024\/04\/1713919036007.jpg\",\"width\":382,\"height\":388,\"caption\":\"sxpowercase.com\"},\"image\":{\"@id\":\"https:\/\/sxflightcase.com\/th\/#\/schema\/logo\/image\/\"},\"sameAs\":[\"https:\/\/www.facebook.com\/profile.php?id=61560407257971\"],\"numberOfEmployees\":{\"@type\":\"QuantitativeValue\",\"minValue\":\"11\",\"maxValue\":\"50\"}}]}<\/script>\n<!-- \/ Yoast SEO Premium plugin. -->","yoast_head_json":{"title":"Mixer Hard Case - https:\/\/sxflightcase.com \ud83d\udc97","description":"F\u00e1brica de maletas r\u00edgidas para mezcladoras: Especializada en venta directa y personalizaci\u00f3n profesional para soluciones de protecci\u00f3n de equipos de primera calidad.","robots":{"index":"index","follow":"follow","max-snippet":"max-snippet:-1","max-image-preview":"max-image-preview:large","max-video-preview":"max-video-preview:-1"},"canonical":"https:\/\/sxflightcase.com\/es_es\/san-pham\/mixer-hard-case\/","og_locale":"es_ES","og_type":"article","og_title":"Mixer Hard Case","og_description":"Mixer Hard Case Factory: Specializing in direct sales and professional customization for premium equipment protection solutions.","og_url":"https:\/\/sxflightcase.com\/es_es\/san-pham\/mixer-hard-case\/","og_site_name":"https:\/\/sxflightcase.com","article_publisher":"https:\/\/www.facebook.com\/profile.php?id=61560407257971","article_modified_time":"2025-02-20T08:04:50+00:00","og_image":[{"width":700,"height":700,"url":"https:\/\/sxflightcase.com\/wp-content\/uploads\/2024\/05\/mixer-hard-case55546902954.webp","type":"image\/webp"}],"twitter_card":"summary_large_image","twitter_misc":{"Tiempo de lectura":"4 minutos"},"schema":{"@context":"https:\/\/schema.org","@graph":[{"@type":"WebPage","@id":"https:\/\/sxflightcase.com\/vi\/san-pham\/mixer-hard-case\/","url":"https:\/\/sxflightcase.com\/vi\/san-pham\/mixer-hard-case\/","name":"Mixer Hard Case - https:\/\/sxflightcase.com \ud83d\udc97","isPartOf":{"@id":"https:\/\/sxflightcase.com\/th\/#website"},"primaryImageOfPage":{"@id":"https:\/\/sxflightcase.com\/vi\/san-pham\/mixer-hard-case\/#primaryimage"},"image":{"@id":"https:\/\/sxflightcase.com\/vi\/san-pham\/mixer-hard-case\/#primaryimage"},"thumbnailUrl":"https:\/\/sxflightcase.com\/wp-content\/uploads\/2024\/05\/mixer-hard-case55546902954.webp","datePublished":"2024-05-07T05:46:14+00:00","dateModified":"2025-02-20T08:04:50+00:00","description":"F\u00e1brica de maletas r\u00edgidas para mezcladoras: Especializada en venta directa y personalizaci\u00f3n profesional para soluciones de protecci\u00f3n de equipos de primera calidad.","breadcrumb":{"@id":"https:\/\/sxflightcase.com\/vi\/san-pham\/mixer-hard-case\/#breadcrumb"},"inLanguage":"es","potentialAction":[{"@type":"ReadAction","target":["https:\/\/sxflightcase.com\/vi\/san-pham\/mixer-hard-case\/"]}]},{"@type":"ImageObject","inLanguage":"es","@id":"https:\/\/sxflightcase.com\/vi\/san-pham\/mixer-hard-case\/#primaryimage","url":"https:\/\/sxflightcase.com\/wp-content\/uploads\/2024\/05\/mixer-hard-case55546902954.webp","contentUrl":"https:\/\/sxflightcase.com\/wp-content\/uploads\/2024\/05\/mixer-hard-case55546902954.webp","width":700,"height":700,"caption":"Mixer Hard Case"},{"@type":"BreadcrumbList","@id":"https:\/\/sxflightcase.com\/vi\/san-pham\/mixer-hard-case\/#breadcrumb","itemListElement":[{"@type":"ListItem","position":1,"name":"Home","item":"https:\/\/sxflightcase.com\/"},{"@type":"ListItem","position":2,"name":"\u0e2a\u0e34\u0e19\u0e04\u0e49\u0e32","item":"https:\/\/sxflightcase.com\/th\/shop\/"},{"@type":"ListItem","position":3,"name":"Mixer Hard Case"}]},{"@type":"WebSite","@id":"https:\/\/sxflightcase.com\/th\/#website","url":"https:\/\/sxflightcase.com\/th\/","name":"es.sxpowercase.com","description":"F\u00e1brica de flightcases","publisher":{"@id":"https:\/\/sxflightcase.com\/th\/#organization"},"potentialAction":[{"@type":"SearchAction","target":{"@type":"EntryPoint","urlTemplate":"https:\/\/sxflightcase.com\/th\/?s={search_term_string}"},"query-input":{"@type":"PropertyValueSpecification","valueRequired":true,"valueName":"search_term_string"}}],"inLanguage":"es"},{"@type":"Organization","@id":"https:\/\/sxflightcase.com\/th\/#organization","name":"es.sxpowercase.com","url":"https:\/\/sxflightcase.com\/th\/","logo":{"@type":"ImageObject","inLanguage":"es","@id":"https:\/\/sxflightcase.com\/th\/#\/schema\/logo\/image\/","url":"https:\/\/sxflightcase.com\/wp-content\/uploads\/2024\/04\/1713919036007.jpg","contentUrl":"https:\/\/sxflightcase.com\/wp-content\/uploads\/2024\/04\/1713919036007.jpg","width":382,"height":388,"caption":"sxpowercase.com"},"image":{"@id":"https:\/\/sxflightcase.com\/th\/#\/schema\/logo\/image\/"},"sameAs":["https:\/\/www.facebook.com\/profile.php?id=61560407257971"],"numberOfEmployees":{"@type":"QuantitativeValue","minValue":"11","maxValue":"50"}}]}},"_links":{"self":[{"href":"https:\/\/sxflightcase.com\/es_es\/wp-json\/wp\/v2\/product\/1107","targetHints":{"allow":["GET"]}}],"collection":[{"href":"https:\/\/sxflightcase.com\/es_es\/wp-json\/wp\/v2\/product"}],"about":[{"href":"https:\/\/sxflightcase.com\/es_es\/wp-json\/wp\/v2\/types\/product"}],"replies":[{"embeddable":true,"href":"https:\/\/sxflightcase.com\/es_es\/wp-json\/wp\/v2\/comments?post=1107"}],"version-history":[{"count":0,"href":"https:\/\/sxflightcase.com\/es_es\/wp-json\/wp\/v2\/product\/1107\/revisions"}],"wp:featuredmedia":[{"embeddable":true,"href":"https:\/\/sxflightcase.com\/es_es\/wp-json\/wp\/v2\/media\/1108"}],"wp:attachment":[{"href":"https:\/\/sxflightcase.com\/es_es\/wp-json\/wp\/v2\/media?parent=1107"}],"wp:term":[{"taxonomy":"product_brand","embeddable":true,"href":"https:\/\/sxflightcase.com\/es_es\/wp-json\/wp\/v2\/product_brand?post=1107"},{"taxonomy":"product_cat","embeddable":true,"href":"https:\/\/sxflightcase.com\/es_es\/wp-json\/wp\/v2\/product_cat?post=1107"},{"taxonomy":"product_tag","embeddable":true,"href":"https:\/\/sxflightcase.com\/es_es\/wp-json\/wp\/v2\/product_tag?post=1107"}],"curies":[{"name":"wp","href":"https:\/\/api.w.org\/{rel}","templated":true}]}}