{"id":1592,"date":"2024-05-10T02:03:41","date_gmt":"2024-05-10T01:03:41","guid":{"rendered":"https:\/\/sxpowercase.com\/?post_type=product&#038;p=1592"},"modified":"2024-10-18T09:33:09","modified_gmt":"2024-10-18T08:33:09","slug":"rack-mount-case","status":"publish","type":"product","link":"https:\/\/sxflightcase.com\/es_es\/producto\/caja-para-montaje-en-bastidor\/","title":{"rendered":"Malet\u00edn de montaje en bastidor personalizado"},"content":{"rendered":"<p><strong>Par\u00e1metros del producto<\/strong><\/p>\n<section class=\"table-wrap\">\n<table class=\"table\" width=\"100%\" cellspacing=\"0\" cellpadding=\"0\">\n<tbody>\n<tr class=\"firstRow\">\n<td width=\"134\">Nombre del producto:<\/td>\n<td width=\"503\">Caja para montaje en bastidor<\/td>\n<\/tr>\n<tr>\n<td width=\"134\">Dimensi\u00f3n<\/td>\n<td width=\"503\">A petici\u00f3n del cliente<\/td>\n<\/tr>\n<tr>\n<td width=\"134\">Color<\/td>\n<td width=\"503\">Plata \/negro \/rojo \/azul, etc.<\/td>\n<\/tr>\n<tr>\n<td width=\"134\">Materiales<\/td>\n<td width=\"503\">Aluminio + panel MDF<\/td>\n<\/tr>\n<tr>\n<td width=\"134\">Logotipo<\/td>\n<td width=\"503\">Disponible para logotipo serigrafiado \/ logotipo en relieve \/ logotipo l\u00e1ser<\/td>\n<\/tr>\n<tr>\n<td width=\"134\">Condiciones de precio<\/td>\n<td width=\"503\">Ex-work \/ FOB \/ CIF \/ DDU<\/td>\n<\/tr>\n<\/tbody>\n<\/table>\n<\/section>\n<h3>Eleve su configuraci\u00f3n con la caja de montaje en bastidor SX<\/h3>\n<h4>Asegure su equipo con la caja de montaje en bastidor SX<\/h4>\n<p>El <a title=\"SX\" href=\"https:\/\/sxpowercase.com\/\" target=\"_blank\" rel=\"noopener\" data-wpil-monitor-id=\"500\">SX<\/a> Rack Mount Case es la soluci\u00f3n definitiva para proteger y organizar sus valiosos equipos. Tanto si monta servidores como equipos de audio u otros componentes electr\u00f3nicos, esta maleta ofrece una s\u00f3lida protecci\u00f3n contra golpes, vibraciones y otros riesgos del transporte. SX garantiza que su equipo permanezca seguro y operativo dondequiera que le lleve su trabajo.<\/p>\n<h4>Directo de la f\u00e1brica a usted<\/h4>\n<p>En SX, eliminamos a los intermediarios para ofrecerle una calidad excepcional directamente desde nuestra f\u00e1brica. Este enfoque de venta directa no s\u00f3lo asegura la asequibilidad, sino que tambi\u00e9n garantiza que usted est\u00e1 recibiendo el m\u00e1s alto nivel de artesan\u00eda. Nuestra caja de montaje en bastidor est\u00e1 fabricada para soportar las exigencias del uso profesional, por lo que es la elecci\u00f3n perfecta para cualquier configuraci\u00f3n que requiera una protecci\u00f3n fiable del equipo.<\/p>\n<h4>Soluciones personalizadas para sus necesidades<\/h4>\n<p>Cada configuraci\u00f3n es \u00fanica, y nuestras soluciones tambi\u00e9n. El malet\u00edn de montaje en bastidor SX puede personalizarse para adaptarse a sus requisitos espec\u00edficos, tanto si necesita dimensiones especiales, caracter\u00edsticas adicionales o configuraciones \u00fanicas. Nuestras opciones de personalizaci\u00f3n garantizan que su equipo se ajuste perfectamente y de forma segura, maximizando tanto la protecci\u00f3n como la eficiencia.<\/p>\n<hr \/>\n<h4>\u00bfPor qu\u00e9 elegir la caja de montaje en bastidor SX?<\/h4>\n<p>Elegir SX significa elegir fiabilidad, durabilidad y valor. Nuestras cajas de montaje en bastidor est\u00e1n dise\u00f1adas para soportar los rigores del uso y transporte frecuentes, garantizando que su equipo permanezca seguro y operativo. Con ventas directas desde nuestra f\u00e1brica, usted obtiene el mejor precio sin comprometer la calidad.<\/p>\n<hr \/>\n<h4>Proteja su inversi\u00f3n con SX<\/h4>\n<p>Invierta en las cajas de montaje en bastidor SX y aseg\u00farese de que su equipo est\u00e1 protegido dondequiera que vaya. Nuestro compromiso con la calidad y la satisfacci\u00f3n del cliente significa que puede confiar en SX para todas sus necesidades de protecci\u00f3n de equipos. P\u00f3ngase en contacto con nosotros hoy mismo para obtener m\u00e1s informaci\u00f3n sobre nuestras cajas de montaje en bastidor y c\u00f3mo pueden mejorar su configuraci\u00f3n.<\/p>\n<p><strong>PREGUNTAS FRECUENTES<\/strong><\/p>\n<p>P: \u00bfCu\u00e1nto tiempo dura el env\u00edo?<\/p>\n<p>R: El plazo de entrega general es de 15-20 d\u00edas despu\u00e9s de recibir su confirmaci\u00f3n de pedido. Anther, si tenemos las mercanc\u00edas en la acci\u00f3n, tardar\u00e1 solamente 1-2 d\u00edas.<\/p>\n<p>P: \u00bfPueden hacer OEM y ODM?<\/p>\n<p>R: S\u00ed, se aceptan tanto OEM como ODM. El material, el color y el estilo se pueden personalizar. Le informaremos la cantidad b\u00e1sica despu\u00e9s de analizarla.<\/p>\n<p>P: \u00bfPodemos utilizar nuestro propio logotipo?<\/p>\n<p>A: S\u00ed, podemos imprimir su logotipo privado seg\u00fan su solicitud.<\/p>\n<p>Hot Tags: Low price, in stock, free sample, Power And Signal Cable, 16 Gauge 4 Conductor Wire, Microphone Stand Case, Outdoor Led Display Cabinet, Rack Mount, 19\" Rackmount Mixer Flight Cases\uff0celectrical distro box, China, proveedores, f\u00e1brica, modificado para requisitos particulares, al por mayor, <span style=\"color: #993366;\"><a style=\"color: #993366;\" href=\"https:\/\/sxflightcase.com\/es_es\/product-category\/all-product\/power-distribution-boxes\/\">cajas de poder<\/a>,\u00a0<a style=\"color: #993366;\" href=\"https:\/\/sxflightcase.com\/es_es\/product-category\/all-product\/hoist-controllers\/\">cables de alimentaci\u00f3n<\/a>,\u00a0<a style=\"color: #993366;\" href=\"https:\/\/sxflightcase.com\/es_es\/product-category\/all-product\/hoist-controllers\/\">controladores de polipasto<\/a>,\u00a0<a style=\"color: #993366;\" href=\"https:\/\/sxflightcase.com\/es_es\/product-category\/all-product\/flight-case\/\">Estuches de vuelo.<\/a><\/span><\/p>","protected":false},"excerpt":{"rendered":"<h2 class=\"prodetails-name\">Caja de montaje en bastidor<\/h2>\n<p>Suministramos maletas de montaje en bastidor con ruedas para ofrecer una protecci\u00f3n fiable a los equipos y engranajes caros durante su uso, embalaje, almacenamiento y transporte. Nos dedicamos a <a>=\"wpil_keyword_link\" title=\"flight case\" href=\"https:\/\/sxpowercase.com\/product-category\/all-product\/flight-case\/\" target=\"_blank\" rel=\"noopener\" data-wpil-keyword-link=\"linked\" data-wpil-monitor-id=\"388\u2033&gt;flight case<\/a> durante muchos a\u00f1os, cubriendo la mayor parte del mercado americano y asi\u00e1tico. Esperamos convertirnos en su socio de equipo a largo plazo en China.<\/p>\n<h2><strong>Introducci\u00f3n de la producci\u00f3n<\/strong><\/h2>\n<p>Construcci\u00f3n resistente<\/p>\n<p>Secci\u00f3n central de 500 mm de profundidad<\/p>\n<p>Cierres y asas empotrados<\/p>\n<p>Ruedas HD (2 con freno)<\/p>\n<p>Regleta delantera y trasera&lt;\/p&gt;<\/p>","protected":false},"featured_media":1595,"comment_status":"open","ping_status":"closed","template":"","meta":[],"product_brand":[],"product_cat":[35],"product_tag":[54],"class_list":{"0":"post-1592","1":"product","2":"type-product","3":"status-publish","4":"has-post-thumbnail","6":"product_cat-standard-rack-cases","7":"product_tag-customize","9":"first","10":"instock","11":"shipping-taxable","12":"product-type-simple"},"yoast_head":"<!-- This site is optimized with the Yoast SEO Premium plugin v27.1 (Yoast SEO v27.2) - https:\/\/yoast.com\/product\/yoast-seo-premium-wordpress\/ -->\n<title>Customize Rack Mount Case - https:\/\/sxflightcase.com \ud83d\udc97<\/title>\n<meta name=\"description\" content=\"Rack mount Case: Explore our factory-direct options for professional customization, ensuring your equipment stays protected and organized.&quot;\" \/>\n<meta name=\"robots\" content=\"index, follow, max-snippet:-1, max-image-preview:large, max-video-preview:-1\" \/>\n<link rel=\"canonical\" href=\"https:\/\/sxflightcase.com\/es_es\/\u7522\u54c1\/\u6a5f\u67b6\u5b89\u88dd\u7bb1\/\" \/>\n<meta property=\"og:locale\" content=\"es_ES\" \/>\n<meta property=\"og:type\" content=\"article\" \/>\n<meta property=\"og:title\" content=\"Customize Rack Mount Case\" \/>\n<meta property=\"og:description\" content=\"Rack mount Case: Explore our factory-direct options for professional customization, ensuring your equipment stays protected and organized.&quot;\" \/>\n<meta property=\"og:url\" content=\"https:\/\/sxflightcase.com\/es_es\/\u7522\u54c1\/\u6a5f\u67b6\u5b89\u88dd\u7bb1\/\" \/>\n<meta property=\"og:site_name\" content=\"https:\/\/sxflightcase.com\" \/>\n<meta property=\"article:publisher\" content=\"https:\/\/www.facebook.com\/profile.php?id=61560407257971\" \/>\n<meta property=\"article:modified_time\" content=\"2024-10-18T08:33:09+00:00\" \/>\n<meta property=\"og:image\" content=\"https:\/\/sxflightcase.com\/wp-content\/uploads\/2024\/05\/rackmount-case12286554388.webp\" \/>\n\t<meta property=\"og:image:width\" content=\"700\" \/>\n\t<meta property=\"og:image:height\" content=\"700\" \/>\n\t<meta property=\"og:image:type\" content=\"image\/webp\" \/>\n<meta name=\"twitter:card\" content=\"summary_large_image\" \/>\n<meta name=\"twitter:label1\" content=\"Tiempo de lectura\" \/>\n\t<meta name=\"twitter:data1\" content=\"3 minutos\" \/>\n<script type=\"application\/ld+json\" class=\"yoast-schema-graph\">{\"@context\":\"https:\/\/schema.org\",\"@graph\":[{\"@type\":\"WebPage\",\"@id\":\"https:\/\/sxflightcase.com\/zh_hk\/\u7522\u54c1\/\u6a5f\u67b6\u5b89\u88dd\u7bb1\/\",\"url\":\"https:\/\/sxflightcase.com\/zh_hk\/\u7522\u54c1\/\u6a5f\u67b6\u5b89\u88dd\u7bb1\/\",\"name\":\"Customize Rack Mount Case - https:\/\/sxflightcase.com \ud83d\udc97\",\"isPartOf\":{\"@id\":\"https:\/\/sxflightcase.com\/th\/#website\"},\"primaryImageOfPage\":{\"@id\":\"https:\/\/sxflightcase.com\/zh_hk\/\u7522\u54c1\/\u6a5f\u67b6\u5b89\u88dd\u7bb1\/#primaryimage\"},\"image\":{\"@id\":\"https:\/\/sxflightcase.com\/zh_hk\/\u7522\u54c1\/\u6a5f\u67b6\u5b89\u88dd\u7bb1\/#primaryimage\"},\"thumbnailUrl\":\"https:\/\/sxflightcase.com\/wp-content\/uploads\/2024\/05\/rackmount-case12286554388.webp\",\"datePublished\":\"2024-05-10T01:03:41+00:00\",\"dateModified\":\"2024-10-18T08:33:09+00:00\",\"description\":\"Rack mount Case: Explore our factory-direct options for professional customization, ensuring your equipment stays protected and organized.\\\"\",\"breadcrumb\":{\"@id\":\"https:\/\/sxflightcase.com\/zh_hk\/\u7522\u54c1\/\u6a5f\u67b6\u5b89\u88dd\u7bb1\/#breadcrumb\"},\"inLanguage\":\"es\",\"potentialAction\":[{\"@type\":\"ReadAction\",\"target\":[\"https:\/\/sxflightcase.com\/zh_hk\/\u7522\u54c1\/\u6a5f\u67b6\u5b89\u88dd\u7bb1\/\"]}]},{\"@type\":\"ImageObject\",\"inLanguage\":\"es\",\"@id\":\"https:\/\/sxflightcase.com\/zh_hk\/\u7522\u54c1\/\u6a5f\u67b6\u5b89\u88dd\u7bb1\/#primaryimage\",\"url\":\"https:\/\/sxflightcase.com\/wp-content\/uploads\/2024\/05\/rackmount-case12286554388.webp\",\"contentUrl\":\"https:\/\/sxflightcase.com\/wp-content\/uploads\/2024\/05\/rackmount-case12286554388.webp\",\"width\":700,\"height\":700,\"caption\":\"Rackmount Case\"},{\"@type\":\"BreadcrumbList\",\"@id\":\"https:\/\/sxflightcase.com\/zh_hk\/\u7522\u54c1\/\u6a5f\u67b6\u5b89\u88dd\u7bb1\/#breadcrumb\",\"itemListElement\":[{\"@type\":\"ListItem\",\"position\":1,\"name\":\"Home\",\"item\":\"https:\/\/sxflightcase.com\/\"},{\"@type\":\"ListItem\",\"position\":2,\"name\":\"\u0e2a\u0e34\u0e19\u0e04\u0e49\u0e32\",\"item\":\"https:\/\/sxflightcase.com\/th\/shop\/\"},{\"@type\":\"ListItem\",\"position\":3,\"name\":\"Customize Rack Mount Case\"}]},{\"@type\":\"WebSite\",\"@id\":\"https:\/\/sxflightcase.com\/th\/#website\",\"url\":\"https:\/\/sxflightcase.com\/th\/\",\"name\":\"sxpowercase.com\",\"description\":\"Flight Case Factory\",\"publisher\":{\"@id\":\"https:\/\/sxflightcase.com\/th\/#organization\"},\"potentialAction\":[{\"@type\":\"SearchAction\",\"target\":{\"@type\":\"EntryPoint\",\"urlTemplate\":\"https:\/\/sxflightcase.com\/th\/?s={search_term_string}\"},\"query-input\":{\"@type\":\"PropertyValueSpecification\",\"valueRequired\":true,\"valueName\":\"search_term_string\"}}],\"inLanguage\":\"es\"},{\"@type\":\"Organization\",\"@id\":\"https:\/\/sxflightcase.com\/th\/#organization\",\"name\":\"sxpowercase.com\",\"url\":\"https:\/\/sxflightcase.com\/th\/\",\"logo\":{\"@type\":\"ImageObject\",\"inLanguage\":\"es\",\"@id\":\"https:\/\/sxflightcase.com\/th\/#\/schema\/logo\/image\/\",\"url\":\"https:\/\/sxflightcase.com\/wp-content\/uploads\/2024\/04\/1713919036007.jpg\",\"contentUrl\":\"https:\/\/sxflightcase.com\/wp-content\/uploads\/2024\/04\/1713919036007.jpg\",\"width\":382,\"height\":388,\"caption\":\"sxpowercase.com\"},\"image\":{\"@id\":\"https:\/\/sxflightcase.com\/th\/#\/schema\/logo\/image\/\"},\"sameAs\":[\"https:\/\/www.facebook.com\/profile.php?id=61560407257971\"],\"numberOfEmployees\":{\"@type\":\"QuantitativeValue\",\"minValue\":\"11\",\"maxValue\":\"50\"}}]}<\/script>\n<!-- \/ Yoast SEO Premium plugin. -->","yoast_head_json":{"title":"Customize Rack Mount Case - https:\/\/sxflightcase.com \ud83d\udc97","description":"Estuche para montaje en bastidor: Explore nuestras opciones directas de f\u00e1brica para una personalizaci\u00f3n profesional, garantizando que su equipo permanezca protegido y organizado.\"","robots":{"index":"index","follow":"follow","max-snippet":"max-snippet:-1","max-image-preview":"max-image-preview:large","max-video-preview":"max-video-preview:-1"},"canonical":"https:\/\/sxflightcase.com\/es_es\/\u7522\u54c1\/\u6a5f\u67b6\u5b89\u88dd\u7bb1\/","og_locale":"es_ES","og_type":"article","og_title":"Customize Rack Mount Case","og_description":"Rack mount Case: Explore our factory-direct options for professional customization, ensuring your equipment stays protected and organized.\"","og_url":"https:\/\/sxflightcase.com\/es_es\/\u7522\u54c1\/\u6a5f\u67b6\u5b89\u88dd\u7bb1\/","og_site_name":"https:\/\/sxflightcase.com","article_publisher":"https:\/\/www.facebook.com\/profile.php?id=61560407257971","article_modified_time":"2024-10-18T08:33:09+00:00","og_image":[{"width":700,"height":700,"url":"https:\/\/sxflightcase.com\/wp-content\/uploads\/2024\/05\/rackmount-case12286554388.webp","type":"image\/webp"}],"twitter_card":"summary_large_image","twitter_misc":{"Tiempo de lectura":"3 minutos"},"schema":{"@context":"https:\/\/schema.org","@graph":[{"@type":"WebPage","@id":"https:\/\/sxflightcase.com\/zh_hk\/\u7522\u54c1\/\u6a5f\u67b6\u5b89\u88dd\u7bb1\/","url":"https:\/\/sxflightcase.com\/zh_hk\/\u7522\u54c1\/\u6a5f\u67b6\u5b89\u88dd\u7bb1\/","name":"Customize Rack Mount Case - https:\/\/sxflightcase.com \ud83d\udc97","isPartOf":{"@id":"https:\/\/sxflightcase.com\/th\/#website"},"primaryImageOfPage":{"@id":"https:\/\/sxflightcase.com\/zh_hk\/\u7522\u54c1\/\u6a5f\u67b6\u5b89\u88dd\u7bb1\/#primaryimage"},"image":{"@id":"https:\/\/sxflightcase.com\/zh_hk\/\u7522\u54c1\/\u6a5f\u67b6\u5b89\u88dd\u7bb1\/#primaryimage"},"thumbnailUrl":"https:\/\/sxflightcase.com\/wp-content\/uploads\/2024\/05\/rackmount-case12286554388.webp","datePublished":"2024-05-10T01:03:41+00:00","dateModified":"2024-10-18T08:33:09+00:00","description":"Estuche para montaje en bastidor: Explore nuestras opciones directas de f\u00e1brica para una personalizaci\u00f3n profesional, garantizando que su equipo permanezca protegido y organizado.\"","breadcrumb":{"@id":"https:\/\/sxflightcase.com\/zh_hk\/\u7522\u54c1\/\u6a5f\u67b6\u5b89\u88dd\u7bb1\/#breadcrumb"},"inLanguage":"es","potentialAction":[{"@type":"ReadAction","target":["https:\/\/sxflightcase.com\/zh_hk\/\u7522\u54c1\/\u6a5f\u67b6\u5b89\u88dd\u7bb1\/"]}]},{"@type":"ImageObject","inLanguage":"es","@id":"https:\/\/sxflightcase.com\/zh_hk\/\u7522\u54c1\/\u6a5f\u67b6\u5b89\u88dd\u7bb1\/#primaryimage","url":"https:\/\/sxflightcase.com\/wp-content\/uploads\/2024\/05\/rackmount-case12286554388.webp","contentUrl":"https:\/\/sxflightcase.com\/wp-content\/uploads\/2024\/05\/rackmount-case12286554388.webp","width":700,"height":700,"caption":"Rackmount Case"},{"@type":"BreadcrumbList","@id":"https:\/\/sxflightcase.com\/zh_hk\/\u7522\u54c1\/\u6a5f\u67b6\u5b89\u88dd\u7bb1\/#breadcrumb","itemListElement":[{"@type":"ListItem","position":1,"name":"Home","item":"https:\/\/sxflightcase.com\/"},{"@type":"ListItem","position":2,"name":"\u0e2a\u0e34\u0e19\u0e04\u0e49\u0e32","item":"https:\/\/sxflightcase.com\/th\/shop\/"},{"@type":"ListItem","position":3,"name":"Customize Rack Mount Case"}]},{"@type":"WebSite","@id":"https:\/\/sxflightcase.com\/th\/#website","url":"https:\/\/sxflightcase.com\/th\/","name":"es.sxpowercase.com","description":"F\u00e1brica de flightcases","publisher":{"@id":"https:\/\/sxflightcase.com\/th\/#organization"},"potentialAction":[{"@type":"SearchAction","target":{"@type":"EntryPoint","urlTemplate":"https:\/\/sxflightcase.com\/th\/?s={search_term_string}"},"query-input":{"@type":"PropertyValueSpecification","valueRequired":true,"valueName":"search_term_string"}}],"inLanguage":"es"},{"@type":"Organization","@id":"https:\/\/sxflightcase.com\/th\/#organization","name":"es.sxpowercase.com","url":"https:\/\/sxflightcase.com\/th\/","logo":{"@type":"ImageObject","inLanguage":"es","@id":"https:\/\/sxflightcase.com\/th\/#\/schema\/logo\/image\/","url":"https:\/\/sxflightcase.com\/wp-content\/uploads\/2024\/04\/1713919036007.jpg","contentUrl":"https:\/\/sxflightcase.com\/wp-content\/uploads\/2024\/04\/1713919036007.jpg","width":382,"height":388,"caption":"sxpowercase.com"},"image":{"@id":"https:\/\/sxflightcase.com\/th\/#\/schema\/logo\/image\/"},"sameAs":["https:\/\/www.facebook.com\/profile.php?id=61560407257971"],"numberOfEmployees":{"@type":"QuantitativeValue","minValue":"11","maxValue":"50"}}]}},"_links":{"self":[{"href":"https:\/\/sxflightcase.com\/es_es\/wp-json\/wp\/v2\/product\/1592","targetHints":{"allow":["GET"]}}],"collection":[{"href":"https:\/\/sxflightcase.com\/es_es\/wp-json\/wp\/v2\/product"}],"about":[{"href":"https:\/\/sxflightcase.com\/es_es\/wp-json\/wp\/v2\/types\/product"}],"replies":[{"embeddable":true,"href":"https:\/\/sxflightcase.com\/es_es\/wp-json\/wp\/v2\/comments?post=1592"}],"version-history":[{"count":0,"href":"https:\/\/sxflightcase.com\/es_es\/wp-json\/wp\/v2\/product\/1592\/revisions"}],"wp:featuredmedia":[{"embeddable":true,"href":"https:\/\/sxflightcase.com\/es_es\/wp-json\/wp\/v2\/media\/1595"}],"wp:attachment":[{"href":"https:\/\/sxflightcase.com\/es_es\/wp-json\/wp\/v2\/media?parent=1592"}],"wp:term":[{"taxonomy":"product_brand","embeddable":true,"href":"https:\/\/sxflightcase.com\/es_es\/wp-json\/wp\/v2\/product_brand?post=1592"},{"taxonomy":"product_cat","embeddable":true,"href":"https:\/\/sxflightcase.com\/es_es\/wp-json\/wp\/v2\/product_cat?post=1592"},{"taxonomy":"product_tag","embeddable":true,"href":"https:\/\/sxflightcase.com\/es_es\/wp-json\/wp\/v2\/product_tag?post=1592"}],"curies":[{"name":"wp","href":"https:\/\/api.w.org\/{rel}","templated":true}]}}