{"id":1596,"date":"2024-05-10T02:09:14","date_gmt":"2024-05-10T01:09:14","guid":{"rendered":"https:\/\/sxpowercase.com\/?post_type=product&#038;p=1596"},"modified":"2024-06-27T08:14:30","modified_gmt":"2024-06-27T07:14:30","slug":"19-inch-rack","status":"publish","type":"product","link":"https:\/\/sxflightcase.com\/es_es\/producto\/estante-de-19-pulgadas-2\/","title":{"rendered":"Bastidor FP de 19 pulgadas"},"content":{"rendered":"<p><strong>Par\u00e1metros del producto<\/strong><\/p>\n<section class=\"table-wrap\">\n<table class=\"table\" width=\"100%\" cellspacing=\"0\" cellpadding=\"0\">\n<tbody>\n<tr class=\"firstRow\">\n<td width=\"134\">Nombre del producto:<\/td>\n<td width=\"503\">Bastidor de 19 pulgadas<\/td>\n<\/tr>\n<tr>\n<td width=\"134\">Material:<\/td>\n<td width=\"503\">Contrachapado de 9 mm + Herrajes cromados\/zincados + Extrusi\u00f3n de aluminio<\/td>\n<\/tr>\n<tr>\n<td width=\"134\">Forro de espuma:<\/td>\n<td width=\"503\">Espuma perlada\/espuma de EVA\/espuma de huevo, etc...regular o seg\u00fan pedido<\/td>\n<\/tr>\n<tr>\n<td width=\"134\">Color:<\/td>\n<td width=\"503\">Negro (color por defecto), Rojo, Azul, Naranja, Amarillo, Verde, etc.<\/td>\n<\/tr>\n<tr>\n<td width=\"134\">Plazo de entrega:<\/td>\n<td width=\"503\">Pedido de muestra 3 d\u00edas, Pedido normal 7-15d\u00edas<\/td>\n<\/tr>\n<tr>\n<td width=\"134\">Dimensi\u00f3n:<\/td>\n<td width=\"503\">Depende de las dimensiones del equipo<\/td>\n<\/tr>\n<\/tbody>\n<\/table>\n<\/section>\n<h3>Organice su equipo con las soluciones de estanter\u00edas SX de 19 pulgadas<\/h3>\n<h4>Estanter\u00eda SX de 19 pulgadas: Organice su espacio de trabajo de forma eficiente<\/h4>\n<p>El <a href=\"https:\/\/sxpowercase.com\/\" target=\"_blank\"  rel=\"noopener\" title=\"SX\"  data-wpil-monitor-id=\"501\">SX<\/a> Rack de 19 pulgadas est\u00e1 dise\u00f1ado para optimizar su espacio de trabajo proporcionando una soluci\u00f3n vers\u00e1til y fiable para montar y organizar su equipo. Tanto si gestiona servidores como equipos de audio o redes, nuestros racks garantizan un acceso sencillo y un uso eficiente del espacio.<\/p>\n<h4>Calidad directa de f\u00e1brica<\/h4>\n<p>En SX, damos prioridad a la calidad y a la asequibilidad ofreciendo nuestro Rack de 19 pulgadas directamente desde nuestra f\u00e1brica. Al eliminar intermediarios, mantenemos el control sobre los est\u00e1ndares y costes de producci\u00f3n, garantizando que usted reciba un producto de alta calidad a un precio competitivo.<\/p>\n<h4>A la medida de sus necesidades<\/h4>\n<p>Entendemos que cada configuraci\u00f3n es \u00fanica. Por eso nuestro rack de 19 pulgadas puede personalizarse para adaptarse a sus requisitos espec\u00edficos. Tanto si necesita estantes adicionales, soluciones de gesti\u00f3n de cables o un tama\u00f1o diferente, nuestros racks pueden adaptarse a la perfecci\u00f3n a su entorno.<\/p>\n<hr \/>\n<h4>\u00bfPor qu\u00e9 elegir la estanter\u00eda SX de 19 pulgadas?<\/h4>\n<p>Elegir SX significa elegir durabilidad, fiabilidad y rentabilidad. Nuestras estanter\u00edas est\u00e1n fabricadas para durar y dise\u00f1adas para optimizar el espacio y la organizaci\u00f3n en cualquier entorno. Con una instalaci\u00f3n sencilla y una construcci\u00f3n robusta, son un activo esencial para cualquier entorno profesional.<\/p>\n<hr \/>\n<h4>Mejore su espacio de trabajo con SX<\/h4>\n<p>Invierta hoy mismo en un rack de pulgadas SX y experimente la diferencia en organizaci\u00f3n y eficiencia. Ya sea para uso dom\u00e9stico, en estudios o en instalaciones profesionales, los racks SX ofrecen una calidad y funcionalidad inigualables. P\u00f3ngase en contacto con nosotros ahora para explorar nuestra gama de opciones de Inch Rack y encontrar la soluci\u00f3n perfecta para sus necesidades.<\/p>\n<p><strong>PREGUNTAS FRECUENTES<\/strong><\/p>\n<p>P: \u00bfCu\u00e1nto tiempo dura el env\u00edo?<\/p>\n<p>R: El plazo de entrega general es de 15-20 d\u00edas despu\u00e9s de recibir su confirmaci\u00f3n de pedido. Anther, si tenemos las mercanc\u00edas en la acci\u00f3n, tardar\u00e1 solamente 1-2 d\u00edas.<\/p>\n<p>P: \u00bfPueden hacer OEM y ODM?<\/p>\n<p>R: S\u00ed, se aceptan tanto OEM como ODM. El material, el color y el estilo se pueden personalizar. Le informaremos la cantidad b\u00e1sica despu\u00e9s de analizarla.<\/p>\n<p>P: \u00bfPodemos utilizar nuestro propio logotipo?<\/p>\n<p>A: S\u00ed, podemos imprimir su logotipo privado seg\u00fan su solicitud.<\/p>\n<p>Hot Tags: Low price, in stock, free sample, Power And Signal Cable, 16 Gauge 4 Conductor Wire, Microphone Stand Case, Outdoor Led Display Cabinet, Rack Mount, 19\" Rackmount Mixer Flight Cases\uff0celectrical distro box, China, proveedores, f\u00e1brica, modificado para requisitos particulares, al por mayor, <span style=\"color: #993366;\"><a style=\"color: #993366;\" href=\"https:\/\/sxflightcase.com\/es_es\/product-category\/all-product\/power-distribution-boxes\/\">cajas de poder<\/a>,\u00a0<a style=\"color: #993366;\" href=\"https:\/\/sxflightcase.com\/es_es\/product-category\/all-product\/hoist-controllers\/\">cables de alimentaci\u00f3n<\/a>,\u00a0<a style=\"color: #993366;\" href=\"https:\/\/sxflightcase.com\/es_es\/product-category\/all-product\/hoist-controllers\/\">controladores de polipasto<\/a>,\u00a0<a style=\"color: #993366;\" href=\"https:\/\/sxflightcase.com\/es_es\/product-category\/all-product\/flight-case\/\">Estuches de vuelo.<\/a><\/span><\/p>","protected":false},"excerpt":{"rendered":"<h2 class=\"prodetails-name\">Estante de 19 pulgadas<\/h2>\n<p>Suministramos bastidores de 19 pulgadas para ofrecer una protecci\u00f3n fiable de los costosos engranajes y equipos durante su uso, embalaje, almacenamiento y transporte.<\/p>\n<h2><strong>Introducci\u00f3n de la producci\u00f3n<\/strong>&lt;\/h2&gt;<\/h2>\n<p>Pesado<\/p>\n<h2>construcci\u00f3n resistente<\/h2>\n<p>Secci\u00f3n central de 500 mm de profundidad<\/p>\n<p>Cierres y asas empotrados<\/p>\n<p>Ruedas HD (2 con freno)<\/p>\n<p>Regleta delantera y trasera<\/p>","protected":false},"featured_media":1597,"comment_status":"open","ping_status":"closed","template":"","meta":[],"product_brand":[],"product_cat":[35],"product_tag":[53],"class_list":{"0":"post-1596","1":"product","2":"type-product","3":"status-publish","4":"has-post-thumbnail","6":"product_cat-standard-rack-cases","7":"product_tag-fp","9":"first","10":"instock","11":"shipping-taxable","12":"product-type-simple"},"yoast_head":"<!-- This site is optimized with the Yoast SEO Premium plugin v27.1 (Yoast SEO v27.2) - https:\/\/yoast.com\/product\/yoast-seo-premium-wordpress\/ -->\n<title>FP 19 Inch Rack - https:\/\/sxflightcase.com \ud83d\udc97<\/title>\n<meta name=\"description\" content=\"19 Inch Rack: Discover our factory-direct options, offering professional customization for efficient organization and storage of your equipment\" \/>\n<meta name=\"robots\" content=\"index, follow, max-snippet:-1, max-image-preview:large, max-video-preview:-1\" \/>\n<link rel=\"canonical\" href=\"https:\/\/sxflightcase.com\/es_es\/produk\/19-inch-rack\/\" \/>\n<meta property=\"og:locale\" content=\"es_ES\" \/>\n<meta property=\"og:type\" content=\"article\" \/>\n<meta property=\"og:title\" content=\"FP 19 Inch Rack\" \/>\n<meta property=\"og:description\" content=\"19 Inch Rack: Discover our factory-direct options, offering professional customization for efficient organization and storage of your equipment\" \/>\n<meta property=\"og:url\" content=\"https:\/\/sxflightcase.com\/es_es\/produk\/19-inch-rack\/\" \/>\n<meta property=\"og:site_name\" content=\"https:\/\/sxflightcase.com\" \/>\n<meta property=\"article:publisher\" content=\"https:\/\/www.facebook.com\/profile.php?id=61560407257971\" \/>\n<meta property=\"article:modified_time\" content=\"2024-06-27T07:14:30+00:00\" \/>\n<meta property=\"og:image\" content=\"https:\/\/sxflightcase.com\/wp-content\/uploads\/2024\/05\/19-inch09185401738.webp\" \/>\n\t<meta property=\"og:image:width\" content=\"750\" \/>\n\t<meta property=\"og:image:height\" content=\"750\" \/>\n\t<meta property=\"og:image:type\" content=\"image\/webp\" \/>\n<meta name=\"twitter:card\" content=\"summary_large_image\" \/>\n<meta name=\"twitter:label1\" content=\"Tiempo de lectura\" \/>\n\t<meta name=\"twitter:data1\" content=\"3 minutos\" \/>\n<script type=\"application\/ld+json\" class=\"yoast-schema-graph\">{\"@context\":\"https:\/\/schema.org\",\"@graph\":[{\"@type\":\"WebPage\",\"@id\":\"https:\/\/sxflightcase.com\/af\/produk\/19-inch-rack\/\",\"url\":\"https:\/\/sxflightcase.com\/af\/produk\/19-inch-rack\/\",\"name\":\"FP 19 Inch Rack - https:\/\/sxflightcase.com \ud83d\udc97\",\"isPartOf\":{\"@id\":\"https:\/\/sxflightcase.com\/th\/#website\"},\"primaryImageOfPage\":{\"@id\":\"https:\/\/sxflightcase.com\/af\/produk\/19-inch-rack\/#primaryimage\"},\"image\":{\"@id\":\"https:\/\/sxflightcase.com\/af\/produk\/19-inch-rack\/#primaryimage\"},\"thumbnailUrl\":\"https:\/\/sxflightcase.com\/wp-content\/uploads\/2024\/05\/19-inch09185401738.webp\",\"datePublished\":\"2024-05-10T01:09:14+00:00\",\"dateModified\":\"2024-06-27T07:14:30+00:00\",\"description\":\"19 Inch Rack: Discover our factory-direct options, offering professional customization for efficient organization and storage of your equipment\",\"breadcrumb\":{\"@id\":\"https:\/\/sxflightcase.com\/af\/produk\/19-inch-rack\/#breadcrumb\"},\"inLanguage\":\"es\",\"potentialAction\":[{\"@type\":\"ReadAction\",\"target\":[\"https:\/\/sxflightcase.com\/af\/produk\/19-inch-rack\/\"]}]},{\"@type\":\"ImageObject\",\"inLanguage\":\"es\",\"@id\":\"https:\/\/sxflightcase.com\/af\/produk\/19-inch-rack\/#primaryimage\",\"url\":\"https:\/\/sxflightcase.com\/wp-content\/uploads\/2024\/05\/19-inch09185401738.webp\",\"contentUrl\":\"https:\/\/sxflightcase.com\/wp-content\/uploads\/2024\/05\/19-inch09185401738.webp\",\"width\":750,\"height\":750,\"caption\":\"19 Inch Rack\"},{\"@type\":\"BreadcrumbList\",\"@id\":\"https:\/\/sxflightcase.com\/af\/produk\/19-inch-rack\/#breadcrumb\",\"itemListElement\":[{\"@type\":\"ListItem\",\"position\":1,\"name\":\"Home\",\"item\":\"https:\/\/sxflightcase.com\/\"},{\"@type\":\"ListItem\",\"position\":2,\"name\":\"\u0e2a\u0e34\u0e19\u0e04\u0e49\u0e32\",\"item\":\"https:\/\/sxflightcase.com\/th\/shop\/\"},{\"@type\":\"ListItem\",\"position\":3,\"name\":\"FP 19 Inch Rack\"}]},{\"@type\":\"WebSite\",\"@id\":\"https:\/\/sxflightcase.com\/th\/#website\",\"url\":\"https:\/\/sxflightcase.com\/th\/\",\"name\":\"sxpowercase.com\",\"description\":\"Flight Case Factory\",\"publisher\":{\"@id\":\"https:\/\/sxflightcase.com\/th\/#organization\"},\"potentialAction\":[{\"@type\":\"SearchAction\",\"target\":{\"@type\":\"EntryPoint\",\"urlTemplate\":\"https:\/\/sxflightcase.com\/th\/?s={search_term_string}\"},\"query-input\":{\"@type\":\"PropertyValueSpecification\",\"valueRequired\":true,\"valueName\":\"search_term_string\"}}],\"inLanguage\":\"es\"},{\"@type\":\"Organization\",\"@id\":\"https:\/\/sxflightcase.com\/th\/#organization\",\"name\":\"sxpowercase.com\",\"url\":\"https:\/\/sxflightcase.com\/th\/\",\"logo\":{\"@type\":\"ImageObject\",\"inLanguage\":\"es\",\"@id\":\"https:\/\/sxflightcase.com\/th\/#\/schema\/logo\/image\/\",\"url\":\"https:\/\/sxflightcase.com\/wp-content\/uploads\/2024\/04\/1713919036007.jpg\",\"contentUrl\":\"https:\/\/sxflightcase.com\/wp-content\/uploads\/2024\/04\/1713919036007.jpg\",\"width\":382,\"height\":388,\"caption\":\"sxpowercase.com\"},\"image\":{\"@id\":\"https:\/\/sxflightcase.com\/th\/#\/schema\/logo\/image\/\"},\"sameAs\":[\"https:\/\/www.facebook.com\/profile.php?id=61560407257971\"],\"numberOfEmployees\":{\"@type\":\"QuantitativeValue\",\"minValue\":\"11\",\"maxValue\":\"50\"}}]}<\/script>\n<!-- \/ Yoast SEO Premium plugin. -->","yoast_head_json":{"title":"FP 19 Inch Rack - https:\/\/sxflightcase.com \ud83d\udc97","description":"Rack de 19 pulgadas: Descubra nuestras opciones directas de f\u00e1brica, que ofrecen una personalizaci\u00f3n profesional para una organizaci\u00f3n y almacenamiento eficientes de su equipo.","robots":{"index":"index","follow":"follow","max-snippet":"max-snippet:-1","max-image-preview":"max-image-preview:large","max-video-preview":"max-video-preview:-1"},"canonical":"https:\/\/sxflightcase.com\/es_es\/produk\/19-inch-rack\/","og_locale":"es_ES","og_type":"article","og_title":"FP 19 Inch Rack","og_description":"19 Inch Rack: Discover our factory-direct options, offering professional customization for efficient organization and storage of your equipment","og_url":"https:\/\/sxflightcase.com\/es_es\/produk\/19-inch-rack\/","og_site_name":"https:\/\/sxflightcase.com","article_publisher":"https:\/\/www.facebook.com\/profile.php?id=61560407257971","article_modified_time":"2024-06-27T07:14:30+00:00","og_image":[{"width":750,"height":750,"url":"https:\/\/sxflightcase.com\/wp-content\/uploads\/2024\/05\/19-inch09185401738.webp","type":"image\/webp"}],"twitter_card":"summary_large_image","twitter_misc":{"Tiempo de lectura":"3 minutos"},"schema":{"@context":"https:\/\/schema.org","@graph":[{"@type":"WebPage","@id":"https:\/\/sxflightcase.com\/af\/produk\/19-inch-rack\/","url":"https:\/\/sxflightcase.com\/af\/produk\/19-inch-rack\/","name":"FP 19 Inch Rack - https:\/\/sxflightcase.com \ud83d\udc97","isPartOf":{"@id":"https:\/\/sxflightcase.com\/th\/#website"},"primaryImageOfPage":{"@id":"https:\/\/sxflightcase.com\/af\/produk\/19-inch-rack\/#primaryimage"},"image":{"@id":"https:\/\/sxflightcase.com\/af\/produk\/19-inch-rack\/#primaryimage"},"thumbnailUrl":"https:\/\/sxflightcase.com\/wp-content\/uploads\/2024\/05\/19-inch09185401738.webp","datePublished":"2024-05-10T01:09:14+00:00","dateModified":"2024-06-27T07:14:30+00:00","description":"Rack de 19 pulgadas: Descubra nuestras opciones directas de f\u00e1brica, que ofrecen una personalizaci\u00f3n profesional para una organizaci\u00f3n y almacenamiento eficientes de su equipo.","breadcrumb":{"@id":"https:\/\/sxflightcase.com\/af\/produk\/19-inch-rack\/#breadcrumb"},"inLanguage":"es","potentialAction":[{"@type":"ReadAction","target":["https:\/\/sxflightcase.com\/af\/produk\/19-inch-rack\/"]}]},{"@type":"ImageObject","inLanguage":"es","@id":"https:\/\/sxflightcase.com\/af\/produk\/19-inch-rack\/#primaryimage","url":"https:\/\/sxflightcase.com\/wp-content\/uploads\/2024\/05\/19-inch09185401738.webp","contentUrl":"https:\/\/sxflightcase.com\/wp-content\/uploads\/2024\/05\/19-inch09185401738.webp","width":750,"height":750,"caption":"19 Inch Rack"},{"@type":"BreadcrumbList","@id":"https:\/\/sxflightcase.com\/af\/produk\/19-inch-rack\/#breadcrumb","itemListElement":[{"@type":"ListItem","position":1,"name":"Home","item":"https:\/\/sxflightcase.com\/"},{"@type":"ListItem","position":2,"name":"\u0e2a\u0e34\u0e19\u0e04\u0e49\u0e32","item":"https:\/\/sxflightcase.com\/th\/shop\/"},{"@type":"ListItem","position":3,"name":"FP 19 Inch Rack"}]},{"@type":"WebSite","@id":"https:\/\/sxflightcase.com\/th\/#website","url":"https:\/\/sxflightcase.com\/th\/","name":"es.sxpowercase.com","description":"F\u00e1brica de flightcases","publisher":{"@id":"https:\/\/sxflightcase.com\/th\/#organization"},"potentialAction":[{"@type":"SearchAction","target":{"@type":"EntryPoint","urlTemplate":"https:\/\/sxflightcase.com\/th\/?s={search_term_string}"},"query-input":{"@type":"PropertyValueSpecification","valueRequired":true,"valueName":"search_term_string"}}],"inLanguage":"es"},{"@type":"Organization","@id":"https:\/\/sxflightcase.com\/th\/#organization","name":"es.sxpowercase.com","url":"https:\/\/sxflightcase.com\/th\/","logo":{"@type":"ImageObject","inLanguage":"es","@id":"https:\/\/sxflightcase.com\/th\/#\/schema\/logo\/image\/","url":"https:\/\/sxflightcase.com\/wp-content\/uploads\/2024\/04\/1713919036007.jpg","contentUrl":"https:\/\/sxflightcase.com\/wp-content\/uploads\/2024\/04\/1713919036007.jpg","width":382,"height":388,"caption":"sxpowercase.com"},"image":{"@id":"https:\/\/sxflightcase.com\/th\/#\/schema\/logo\/image\/"},"sameAs":["https:\/\/www.facebook.com\/profile.php?id=61560407257971"],"numberOfEmployees":{"@type":"QuantitativeValue","minValue":"11","maxValue":"50"}}]}},"_links":{"self":[{"href":"https:\/\/sxflightcase.com\/es_es\/wp-json\/wp\/v2\/product\/1596","targetHints":{"allow":["GET"]}}],"collection":[{"href":"https:\/\/sxflightcase.com\/es_es\/wp-json\/wp\/v2\/product"}],"about":[{"href":"https:\/\/sxflightcase.com\/es_es\/wp-json\/wp\/v2\/types\/product"}],"replies":[{"embeddable":true,"href":"https:\/\/sxflightcase.com\/es_es\/wp-json\/wp\/v2\/comments?post=1596"}],"version-history":[{"count":0,"href":"https:\/\/sxflightcase.com\/es_es\/wp-json\/wp\/v2\/product\/1596\/revisions"}],"wp:featuredmedia":[{"embeddable":true,"href":"https:\/\/sxflightcase.com\/es_es\/wp-json\/wp\/v2\/media\/1597"}],"wp:attachment":[{"href":"https:\/\/sxflightcase.com\/es_es\/wp-json\/wp\/v2\/media?parent=1596"}],"wp:term":[{"taxonomy":"product_brand","embeddable":true,"href":"https:\/\/sxflightcase.com\/es_es\/wp-json\/wp\/v2\/product_brand?post=1596"},{"taxonomy":"product_cat","embeddable":true,"href":"https:\/\/sxflightcase.com\/es_es\/wp-json\/wp\/v2\/product_cat?post=1596"},{"taxonomy":"product_tag","embeddable":true,"href":"https:\/\/sxflightcase.com\/es_es\/wp-json\/wp\/v2\/product_tag?post=1596"}],"curies":[{"name":"wp","href":"https:\/\/api.w.org\/{rel}","templated":true}]}}