{"id":1607,"date":"2024-05-10T02:29:21","date_gmt":"2024-05-10T01:29:21","guid":{"rendered":"https:\/\/sxpowercase.com\/?post_type=product&#038;p=1607"},"modified":"2024-06-27T08:16:10","modified_gmt":"2024-06-27T07:16:10","slug":"rack-mount-enclosure","status":"publish","type":"product","link":"https:\/\/sxflightcase.com\/es_es\/producto\/armario-rack-2\/","title":{"rendered":"Caja de montaje en rack FC"},"content":{"rendered":"<p><strong>Par\u00e1metros del producto<\/strong><\/p>\n<section class=\"table-wrap\">\n<table class=\"table\" width=\"100%\" cellspacing=\"0\" cellpadding=\"0\">\n<tbody>\n<tr class=\"firstRow\">\n<td width=\"134\">Nombre del producto:<\/td>\n<td width=\"503\">Caja para montaje en bastidor<\/td>\n<\/tr>\n<tr>\n<td width=\"134\">Material<\/td>\n<td width=\"503\">Marco de aluminio + Ign\u00edfugo + Madera contrachapada de 9 mm<\/td>\n<\/tr>\n<tr>\n<td width=\"134\">Adentro<\/td>\n<td width=\"503\">Espuma antichoque de alta densidad<\/td>\n<\/tr>\n<tr>\n<td width=\"134\">Tama\u00f1o<\/td>\n<td width=\"503\">Se puede personalizar<\/td>\n<\/tr>\n<tr>\n<td width=\"134\">Accesorios<\/td>\n<td width=\"503\">Ocho cierres de mariposa, cuatro ruedas para facilitar el transporte, cuatro asas resistentes<\/td>\n<\/tr>\n<tr>\n<td width=\"134\">Costumbre<\/td>\n<td width=\"503\">Se aceptan todo tipo de personalizaciones, como el material de la caja de aluminio, la dimensi\u00f3n, los rellenos internos, las manijas, las cerraduras, etc.<\/td>\n<\/tr>\n<\/tbody>\n<\/table>\n<\/section>\n<h3>Asegure sus equipos con los armarios de montaje en bastidor SX<\/h3>\n<h4>Armarios de montaje en bastidor SX: Proteja y organice sus equipos<\/h4>\n<p>Garantice la seguridad y organizaci\u00f3n de sus valiosos equipos con <a href=\"https:\/\/sxpowercase.com\/\" target=\"_blank\"  rel=\"noopener\" title=\"SX\"  data-wpil-monitor-id=\"503\">SX<\/a> Armarios de montaje en bastidor. Estos armarios est\u00e1n dise\u00f1ados para alojar de forma segura sus equipos electr\u00f3nicos, proporcionando protecci\u00f3n contra el polvo, la humedad y los da\u00f1os f\u00edsicos a la vez que optimizan el espacio y la accesibilidad.<\/p>\n<h4>Directo de f\u00e1brica<\/h4>\n<p>En SX, damos prioridad a la calidad y la fiabilidad. Nuestros armarios para montaje en bastidor se fabrican directamente en nuestra f\u00e1brica, lo que nos permite mantener un riguroso control de calidad y ofrecer precios competitivos. Al eliminar intermediarios, nos aseguramos de que reciba una soluci\u00f3n duradera y rentable.<\/p>\n<h4>Soluciones personalizables<\/h4>\n<p>Entendemos que cada instalaci\u00f3n es \u00fanica. Por eso nuestros armarios de montaje en bastidor pueden personalizarse para satisfacer sus requisitos espec\u00edficos. Tanto si necesita ventilaci\u00f3n adicional, opciones de gesti\u00f3n de cables o un tama\u00f1o concreto, nuestros armarios pueden adaptarse a la perfecci\u00f3n a su entorno.<\/p>\n<hr \/>\n<h4>\u00bfPor qu\u00e9 elegir armarios autoportantes SX?<\/h4>\n<p>Elegir SX significa elegir durabilidad, funcionalidad y tranquilidad. Nuestros armarios est\u00e1n fabricados para soportar los rigores del uso profesional, a la vez que facilitan el acceso y la protecci\u00f3n de sus equipos. Con su dise\u00f1o vers\u00e1til y construcci\u00f3n robusta, son ideales para una gran variedad de aplicaciones.<\/p>\n<hr \/>\n<h4>Mejora tu configuraci\u00f3n con SX<\/h4>\n<p>Invierta hoy mismo en un armario de montaje en bastidor SX y disfrute de una mayor seguridad y organizaci\u00f3n para sus equipos electr\u00f3nicos. Ya sea para centros de datos, instalaciones audiovisuales o aplicaciones industriales, los armarios SX ofrecen un rendimiento y una fiabilidad superiores. P\u00f3ngase en contacto con nosotros ahora para explorar nuestra gama y encontrar la soluci\u00f3n perfecta para sus necesidades.<\/p>\n<p><strong>PREGUNTAS FRECUENTES<\/strong><\/p>\n<p>P: \u00bfCu\u00e1l es su plazo de entrega?<\/p>\n<p>R: Nuestro plazo de entrega ordinario es EXW Guangzhou. Tambi\u00e9n aceptamos FOB, CFR, CIF, DDP, DDU, etc. Le ofreceremos los gastos de env\u00edo y podr\u00e1 elegir el que le resulte m\u00e1s c\u00f3modo y eficaz.<\/p>\n<p>P: \u00bfQu\u00e9 forma de pago aceptan?<\/p>\n<p>R: T\/T, Western Union, etc. Aceptamos cualquier t\u00e9rmino conveniente y r\u00e1pido del pago.<\/p>\n<p>Hot Tags: Low price, in stock, free sample, Power And Signal Cable, 16 Gauge 4 Conductor Wire, Microphone Stand Case, Outdoor Led Display Cabinet, Rack Mount, 19\" Rackmount Mixer Flight Cases\uff0celectrical distro box, China, proveedores, f\u00e1brica, modificado para requisitos particulares, al por mayor, <span style=\"color: #993366;\"><a style=\"color: #993366;\" href=\"https:\/\/sxflightcase.com\/es_es\/product-category\/all-product\/power-distribution-boxes\/\">cajas de poder<\/a>,\u00a0<a style=\"color: #993366;\" href=\"https:\/\/sxflightcase.com\/es_es\/product-category\/all-product\/hoist-controllers\/\">cables de alimentaci\u00f3n<\/a>,\u00a0<a style=\"color: #993366;\" href=\"https:\/\/sxflightcase.com\/es_es\/product-category\/all-product\/hoist-controllers\/\">controladores de polipasto<\/a>,\u00a0<a style=\"color: #993366;\" href=\"https:\/\/sxflightcase.com\/es_es\/product-category\/all-product\/flight-case\/\">Estuches de vuelo.<\/a><\/span><\/p>","protected":false},"excerpt":{"rendered":"<h2>Caja para montaje en bastidor<\/h2>\n<p>Fundada en 2001, estamos especializados en la fabricaci\u00f3n de todo tipo de armarios para montaje en rack con un \u00e1rea de taller de m\u00e1s de 20.00 metros cuadrados. Normalmente hacemos armarios rack de 2u a 20u, pero tambi\u00e9n hacemos diferentes tama\u00f1os dependiendo de sus necesidades.<\/p>\n<h2><strong>Introducci\u00f3n de la producci\u00f3n<\/strong><\/h2>\n<p>La dimensi\u00f3n de la anchura interior del armario para montaje en bastidor es est\u00e1ndar de 19\". La profundidad del rack (hasta la tapa trasera) es de 20,25\". Profundidad de la tapa: 3,75\", 4 asas con resorte, 8 pestillos giratorios empotrados con inserciones para candado. La serie Shengxiang de cajas para rack tambi\u00e9n est\u00e1 disponible en cajas para rack de 2U, 4U, 6U, 8U, 10U, 12U, 14U y 16U.<\/p>","protected":false},"featured_media":1611,"comment_status":"open","ping_status":"closed","template":"","meta":[],"product_brand":[],"product_cat":[35],"product_tag":[52],"class_list":{"0":"post-1607","1":"product","2":"type-product","3":"status-publish","4":"has-post-thumbnail","6":"product_cat-standard-rack-cases","7":"product_tag-fc","9":"first","10":"instock","11":"shipping-taxable","12":"product-type-simple"},"yoast_head":"<!-- This site is optimized with the Yoast SEO Premium plugin v27.1 (Yoast SEO v27.2) - https:\/\/yoast.com\/product\/yoast-seo-premium-wordpress\/ -->\n<title>FC Rack Mount Enclosure - https:\/\/sxflightcase.com \ud83d\udc97<\/title>\n<meta name=\"description\" content=\"Rack Mount Enclosure: Explore our factory-direct options for professional customization, ensuring optimal organization and protection of your equipment.\" \/>\n<meta name=\"robots\" content=\"index, follow, max-snippet:-1, max-image-preview:large, max-video-preview:-1\" \/>\n<link rel=\"canonical\" href=\"https:\/\/sxflightcase.com\/es_es\/\u0645\u0646\u062a\u062c\/\u0636\u0645\u064a\u0645\u0629-\u062a\u0631\u0643\u064a\u0628-\u0627\u0644\u062d\u0627\u0645\u0644-2\/\" \/>\n<meta property=\"og:locale\" content=\"es_ES\" \/>\n<meta property=\"og:type\" content=\"article\" \/>\n<meta property=\"og:title\" content=\"FC Rack Mount Enclosure\" \/>\n<meta property=\"og:description\" content=\"Rack Mount Enclosure: Explore our factory-direct options for professional customization, ensuring optimal organization and protection of your equipment.\" \/>\n<meta property=\"og:url\" content=\"https:\/\/sxflightcase.com\/es_es\/\u0645\u0646\u062a\u062c\/\u0636\u0645\u064a\u0645\u0629-\u062a\u0631\u0643\u064a\u0628-\u0627\u0644\u062d\u0627\u0645\u0644-2\/\" \/>\n<meta property=\"og:site_name\" content=\"https:\/\/sxflightcase.com\" \/>\n<meta property=\"article:publisher\" content=\"https:\/\/www.facebook.com\/profile.php?id=61560407257971\" \/>\n<meta property=\"article:modified_time\" content=\"2024-06-27T07:16:10+00:00\" \/>\n<meta property=\"og:image\" content=\"https:\/\/sxflightcase.com\/wp-content\/uploads\/2024\/05\/rack-mount-enclosure00548436494.webp\" \/>\n\t<meta property=\"og:image:width\" content=\"730\" \/>\n\t<meta property=\"og:image:height\" content=\"730\" \/>\n\t<meta property=\"og:image:type\" content=\"image\/webp\" \/>\n<meta name=\"twitter:card\" content=\"summary_large_image\" \/>\n<meta name=\"twitter:label1\" content=\"Tiempo de lectura\" \/>\n\t<meta name=\"twitter:data1\" content=\"3 minutos\" \/>\n<script type=\"application\/ld+json\" class=\"yoast-schema-graph\">{\"@context\":\"https:\/\/schema.org\",\"@graph\":[{\"@type\":\"WebPage\",\"@id\":\"https:\/\/sxflightcase.com\/ar\/\u0645\u0646\u062a\u062c\/\u0636\u0645\u064a\u0645\u0629-\u062a\u0631\u0643\u064a\u0628-\u0627\u0644\u062d\u0627\u0645\u0644-2\/\",\"url\":\"https:\/\/sxflightcase.com\/ar\/\u0645\u0646\u062a\u062c\/\u0636\u0645\u064a\u0645\u0629-\u062a\u0631\u0643\u064a\u0628-\u0627\u0644\u062d\u0627\u0645\u0644-2\/\",\"name\":\"FC Rack Mount Enclosure - https:\/\/sxflightcase.com \ud83d\udc97\",\"isPartOf\":{\"@id\":\"https:\/\/sxflightcase.com\/th\/#website\"},\"primaryImageOfPage\":{\"@id\":\"https:\/\/sxflightcase.com\/ar\/\u0645\u0646\u062a\u062c\/\u0636\u0645\u064a\u0645\u0629-\u062a\u0631\u0643\u064a\u0628-\u0627\u0644\u062d\u0627\u0645\u0644-2\/#primaryimage\"},\"image\":{\"@id\":\"https:\/\/sxflightcase.com\/ar\/\u0645\u0646\u062a\u062c\/\u0636\u0645\u064a\u0645\u0629-\u062a\u0631\u0643\u064a\u0628-\u0627\u0644\u062d\u0627\u0645\u0644-2\/#primaryimage\"},\"thumbnailUrl\":\"https:\/\/sxflightcase.com\/wp-content\/uploads\/2024\/05\/rack-mount-enclosure00548436494.webp\",\"datePublished\":\"2024-05-10T01:29:21+00:00\",\"dateModified\":\"2024-06-27T07:16:10+00:00\",\"description\":\"Rack Mount Enclosure: Explore our factory-direct options for professional customization, ensuring optimal organization and protection of your equipment.\",\"breadcrumb\":{\"@id\":\"https:\/\/sxflightcase.com\/ar\/\u0645\u0646\u062a\u062c\/\u0636\u0645\u064a\u0645\u0629-\u062a\u0631\u0643\u064a\u0628-\u0627\u0644\u062d\u0627\u0645\u0644-2\/#breadcrumb\"},\"inLanguage\":\"es\",\"potentialAction\":[{\"@type\":\"ReadAction\",\"target\":[\"https:\/\/sxflightcase.com\/ar\/\u0645\u0646\u062a\u062c\/\u0636\u0645\u064a\u0645\u0629-\u062a\u0631\u0643\u064a\u0628-\u0627\u0644\u062d\u0627\u0645\u0644-2\/\"]}]},{\"@type\":\"ImageObject\",\"inLanguage\":\"es\",\"@id\":\"https:\/\/sxflightcase.com\/ar\/\u0645\u0646\u062a\u062c\/\u0636\u0645\u064a\u0645\u0629-\u062a\u0631\u0643\u064a\u0628-\u0627\u0644\u062d\u0627\u0645\u0644-2\/#primaryimage\",\"url\":\"https:\/\/sxflightcase.com\/wp-content\/uploads\/2024\/05\/rack-mount-enclosure00548436494.webp\",\"contentUrl\":\"https:\/\/sxflightcase.com\/wp-content\/uploads\/2024\/05\/rack-mount-enclosure00548436494.webp\",\"width\":730,\"height\":730,\"caption\":\"Rack Mount Enclosure\"},{\"@type\":\"BreadcrumbList\",\"@id\":\"https:\/\/sxflightcase.com\/ar\/\u0645\u0646\u062a\u062c\/\u0636\u0645\u064a\u0645\u0629-\u062a\u0631\u0643\u064a\u0628-\u0627\u0644\u062d\u0627\u0645\u0644-2\/#breadcrumb\",\"itemListElement\":[{\"@type\":\"ListItem\",\"position\":1,\"name\":\"Home\",\"item\":\"https:\/\/sxflightcase.com\/\"},{\"@type\":\"ListItem\",\"position\":2,\"name\":\"\u0e2a\u0e34\u0e19\u0e04\u0e49\u0e32\",\"item\":\"https:\/\/sxflightcase.com\/th\/shop\/\"},{\"@type\":\"ListItem\",\"position\":3,\"name\":\"FC Rack Mount Enclosure\"}]},{\"@type\":\"WebSite\",\"@id\":\"https:\/\/sxflightcase.com\/th\/#website\",\"url\":\"https:\/\/sxflightcase.com\/th\/\",\"name\":\"sxpowercase.com\",\"description\":\"Flight Case Factory\",\"publisher\":{\"@id\":\"https:\/\/sxflightcase.com\/th\/#organization\"},\"potentialAction\":[{\"@type\":\"SearchAction\",\"target\":{\"@type\":\"EntryPoint\",\"urlTemplate\":\"https:\/\/sxflightcase.com\/th\/?s={search_term_string}\"},\"query-input\":{\"@type\":\"PropertyValueSpecification\",\"valueRequired\":true,\"valueName\":\"search_term_string\"}}],\"inLanguage\":\"es\"},{\"@type\":\"Organization\",\"@id\":\"https:\/\/sxflightcase.com\/th\/#organization\",\"name\":\"sxpowercase.com\",\"url\":\"https:\/\/sxflightcase.com\/th\/\",\"logo\":{\"@type\":\"ImageObject\",\"inLanguage\":\"es\",\"@id\":\"https:\/\/sxflightcase.com\/th\/#\/schema\/logo\/image\/\",\"url\":\"https:\/\/sxflightcase.com\/wp-content\/uploads\/2024\/04\/1713919036007.jpg\",\"contentUrl\":\"https:\/\/sxflightcase.com\/wp-content\/uploads\/2024\/04\/1713919036007.jpg\",\"width\":382,\"height\":388,\"caption\":\"sxpowercase.com\"},\"image\":{\"@id\":\"https:\/\/sxflightcase.com\/th\/#\/schema\/logo\/image\/\"},\"sameAs\":[\"https:\/\/www.facebook.com\/profile.php?id=61560407257971\"],\"numberOfEmployees\":{\"@type\":\"QuantitativeValue\",\"minValue\":\"11\",\"maxValue\":\"50\"}}]}<\/script>\n<!-- \/ Yoast SEO Premium plugin. -->","yoast_head_json":{"title":"FC Rack Mount Enclosure - https:\/\/sxflightcase.com \ud83d\udc97","description":"Armario para montaje en bastidor: Explore nuestras opciones directas de f\u00e1brica para una personalizaci\u00f3n profesional, garantizando una organizaci\u00f3n y protecci\u00f3n \u00f3ptimas de sus equipos.","robots":{"index":"index","follow":"follow","max-snippet":"max-snippet:-1","max-image-preview":"max-image-preview:large","max-video-preview":"max-video-preview:-1"},"canonical":"https:\/\/sxflightcase.com\/es_es\/\u0645\u0646\u062a\u062c\/\u0636\u0645\u064a\u0645\u0629-\u062a\u0631\u0643\u064a\u0628-\u0627\u0644\u062d\u0627\u0645\u0644-2\/","og_locale":"es_ES","og_type":"article","og_title":"FC Rack Mount Enclosure","og_description":"Rack Mount Enclosure: Explore our factory-direct options for professional customization, ensuring optimal organization and protection of your equipment.","og_url":"https:\/\/sxflightcase.com\/es_es\/\u0645\u0646\u062a\u062c\/\u0636\u0645\u064a\u0645\u0629-\u062a\u0631\u0643\u064a\u0628-\u0627\u0644\u062d\u0627\u0645\u0644-2\/","og_site_name":"https:\/\/sxflightcase.com","article_publisher":"https:\/\/www.facebook.com\/profile.php?id=61560407257971","article_modified_time":"2024-06-27T07:16:10+00:00","og_image":[{"width":730,"height":730,"url":"https:\/\/sxflightcase.com\/wp-content\/uploads\/2024\/05\/rack-mount-enclosure00548436494.webp","type":"image\/webp"}],"twitter_card":"summary_large_image","twitter_misc":{"Tiempo de lectura":"3 minutos"},"schema":{"@context":"https:\/\/schema.org","@graph":[{"@type":"WebPage","@id":"https:\/\/sxflightcase.com\/ar\/\u0645\u0646\u062a\u062c\/\u0636\u0645\u064a\u0645\u0629-\u062a\u0631\u0643\u064a\u0628-\u0627\u0644\u062d\u0627\u0645\u0644-2\/","url":"https:\/\/sxflightcase.com\/ar\/\u0645\u0646\u062a\u062c\/\u0636\u0645\u064a\u0645\u0629-\u062a\u0631\u0643\u064a\u0628-\u0627\u0644\u062d\u0627\u0645\u0644-2\/","name":"FC Rack Mount Enclosure - https:\/\/sxflightcase.com \ud83d\udc97","isPartOf":{"@id":"https:\/\/sxflightcase.com\/th\/#website"},"primaryImageOfPage":{"@id":"https:\/\/sxflightcase.com\/ar\/\u0645\u0646\u062a\u062c\/\u0636\u0645\u064a\u0645\u0629-\u062a\u0631\u0643\u064a\u0628-\u0627\u0644\u062d\u0627\u0645\u0644-2\/#primaryimage"},"image":{"@id":"https:\/\/sxflightcase.com\/ar\/\u0645\u0646\u062a\u062c\/\u0636\u0645\u064a\u0645\u0629-\u062a\u0631\u0643\u064a\u0628-\u0627\u0644\u062d\u0627\u0645\u0644-2\/#primaryimage"},"thumbnailUrl":"https:\/\/sxflightcase.com\/wp-content\/uploads\/2024\/05\/rack-mount-enclosure00548436494.webp","datePublished":"2024-05-10T01:29:21+00:00","dateModified":"2024-06-27T07:16:10+00:00","description":"Armario para montaje en bastidor: Explore nuestras opciones directas de f\u00e1brica para una personalizaci\u00f3n profesional, garantizando una organizaci\u00f3n y protecci\u00f3n \u00f3ptimas de sus equipos.","breadcrumb":{"@id":"https:\/\/sxflightcase.com\/ar\/\u0645\u0646\u062a\u062c\/\u0636\u0645\u064a\u0645\u0629-\u062a\u0631\u0643\u064a\u0628-\u0627\u0644\u062d\u0627\u0645\u0644-2\/#breadcrumb"},"inLanguage":"es","potentialAction":[{"@type":"ReadAction","target":["https:\/\/sxflightcase.com\/ar\/\u0645\u0646\u062a\u062c\/\u0636\u0645\u064a\u0645\u0629-\u062a\u0631\u0643\u064a\u0628-\u0627\u0644\u062d\u0627\u0645\u0644-2\/"]}]},{"@type":"ImageObject","inLanguage":"es","@id":"https:\/\/sxflightcase.com\/ar\/\u0645\u0646\u062a\u062c\/\u0636\u0645\u064a\u0645\u0629-\u062a\u0631\u0643\u064a\u0628-\u0627\u0644\u062d\u0627\u0645\u0644-2\/#primaryimage","url":"https:\/\/sxflightcase.com\/wp-content\/uploads\/2024\/05\/rack-mount-enclosure00548436494.webp","contentUrl":"https:\/\/sxflightcase.com\/wp-content\/uploads\/2024\/05\/rack-mount-enclosure00548436494.webp","width":730,"height":730,"caption":"Rack Mount Enclosure"},{"@type":"BreadcrumbList","@id":"https:\/\/sxflightcase.com\/ar\/\u0645\u0646\u062a\u062c\/\u0636\u0645\u064a\u0645\u0629-\u062a\u0631\u0643\u064a\u0628-\u0627\u0644\u062d\u0627\u0645\u0644-2\/#breadcrumb","itemListElement":[{"@type":"ListItem","position":1,"name":"Home","item":"https:\/\/sxflightcase.com\/"},{"@type":"ListItem","position":2,"name":"\u0e2a\u0e34\u0e19\u0e04\u0e49\u0e32","item":"https:\/\/sxflightcase.com\/th\/shop\/"},{"@type":"ListItem","position":3,"name":"FC Rack Mount Enclosure"}]},{"@type":"WebSite","@id":"https:\/\/sxflightcase.com\/th\/#website","url":"https:\/\/sxflightcase.com\/th\/","name":"es.sxpowercase.com","description":"F\u00e1brica de flightcases","publisher":{"@id":"https:\/\/sxflightcase.com\/th\/#organization"},"potentialAction":[{"@type":"SearchAction","target":{"@type":"EntryPoint","urlTemplate":"https:\/\/sxflightcase.com\/th\/?s={search_term_string}"},"query-input":{"@type":"PropertyValueSpecification","valueRequired":true,"valueName":"search_term_string"}}],"inLanguage":"es"},{"@type":"Organization","@id":"https:\/\/sxflightcase.com\/th\/#organization","name":"es.sxpowercase.com","url":"https:\/\/sxflightcase.com\/th\/","logo":{"@type":"ImageObject","inLanguage":"es","@id":"https:\/\/sxflightcase.com\/th\/#\/schema\/logo\/image\/","url":"https:\/\/sxflightcase.com\/wp-content\/uploads\/2024\/04\/1713919036007.jpg","contentUrl":"https:\/\/sxflightcase.com\/wp-content\/uploads\/2024\/04\/1713919036007.jpg","width":382,"height":388,"caption":"sxpowercase.com"},"image":{"@id":"https:\/\/sxflightcase.com\/th\/#\/schema\/logo\/image\/"},"sameAs":["https:\/\/www.facebook.com\/profile.php?id=61560407257971"],"numberOfEmployees":{"@type":"QuantitativeValue","minValue":"11","maxValue":"50"}}]}},"_links":{"self":[{"href":"https:\/\/sxflightcase.com\/es_es\/wp-json\/wp\/v2\/product\/1607","targetHints":{"allow":["GET"]}}],"collection":[{"href":"https:\/\/sxflightcase.com\/es_es\/wp-json\/wp\/v2\/product"}],"about":[{"href":"https:\/\/sxflightcase.com\/es_es\/wp-json\/wp\/v2\/types\/product"}],"replies":[{"embeddable":true,"href":"https:\/\/sxflightcase.com\/es_es\/wp-json\/wp\/v2\/comments?post=1607"}],"version-history":[{"count":0,"href":"https:\/\/sxflightcase.com\/es_es\/wp-json\/wp\/v2\/product\/1607\/revisions"}],"wp:featuredmedia":[{"embeddable":true,"href":"https:\/\/sxflightcase.com\/es_es\/wp-json\/wp\/v2\/media\/1611"}],"wp:attachment":[{"href":"https:\/\/sxflightcase.com\/es_es\/wp-json\/wp\/v2\/media?parent=1607"}],"wp:term":[{"taxonomy":"product_brand","embeddable":true,"href":"https:\/\/sxflightcase.com\/es_es\/wp-json\/wp\/v2\/product_brand?post=1607"},{"taxonomy":"product_cat","embeddable":true,"href":"https:\/\/sxflightcase.com\/es_es\/wp-json\/wp\/v2\/product_cat?post=1607"},{"taxonomy":"product_tag","embeddable":true,"href":"https:\/\/sxflightcase.com\/es_es\/wp-json\/wp\/v2\/product_tag?post=1607"}],"curies":[{"name":"wp","href":"https:\/\/api.w.org\/{rel}","templated":true}]}}