{"id":1612,"date":"2024-05-10T02:37:34","date_gmt":"2024-05-10T01:37:34","guid":{"rendered":"https:\/\/sxpowercase.com\/?post_type=product&#038;p=1612"},"modified":"2024-06-27T08:16:57","modified_gmt":"2024-06-27T07:16:57","slug":"19-rack-flight-case","status":"publish","type":"product","link":"https:\/\/sxflightcase.com\/es_es\/producto\/flight-case-de-19-bastidores-2\/","title":{"rendered":"Estuche de transporte MP 19 Rack"},"content":{"rendered":"<p><strong>Par\u00e1metros del producto<\/strong><\/p>\n<section class=\"table-wrap\">\n<table class=\"table\" width=\"100%\" cellspacing=\"0\" cellpadding=\"0\">\n<tbody>\n<tr class=\"firstRow\">\n<td width=\"134\">Nombre del producto:<\/td>\n<td width=\"503\">flight case de 19 bastidores<\/td>\n<\/tr>\n<tr>\n<td width=\"134\">Material y accesorio:<\/td>\n<td width=\"503\">Contrachapado de 9 mm + Herrajes cromados\/zincados + Extrusi\u00f3n de aluminio<br \/>\nTapas extra\u00edbles delantera y trasera<\/td>\n<\/tr>\n<tr>\n<td width=\"134\">Forro de espuma:<\/td>\n<td width=\"503\">Espuma perlada\/espuma de EVA\/espuma de huevo, etc...regular o seg\u00fan pedido<\/td>\n<\/tr>\n<tr>\n<td width=\"134\">Color:<\/td>\n<td width=\"503\">Negro (color por defecto), Rojo, Azul, Naranja, Amarillo, Verde, etc.<\/td>\n<\/tr>\n<tr>\n<td width=\"134\">Plazo de entrega:<\/td>\n<td width=\"503\">Pedido de muestra 3 d\u00edas, Pedido normal 7-15d\u00edas<\/td>\n<\/tr>\n<tr>\n<td width=\"134\">Dimensi\u00f3n:<\/td>\n<td width=\"503\">Depende de las dimensiones del equipo<\/td>\n<\/tr>\n<\/tbody>\n<\/table>\n<\/section>\n<h3>Protege tu equipo con las flight cases para rack de 19\u2033 SX<\/h3>\n<h4>SX 19\u2033 Rack Flight Cases: Seguras, fiables y vers\u00e1tiles<\/h4>\n<p>Garantice la seguridad y la portabilidad de su equipo con las cajas SX 19\u2033 Rack Flight Cases. Dise\u00f1adas para uso profesional, estas cajas ofrecen una s\u00f3lida protecci\u00f3n contra golpes, impactos y factores ambientales, al tiempo que facilitan el transporte y la instalaci\u00f3n.<\/p>\n<h4>Dise\u00f1ado para durar<\/h4>\n<p>En SX, damos prioridad a la durabilidad y el rendimiento. Nuestras 19\u2033 Rack Flight Cases est\u00e1n fabricadas con materiales de alta calidad, lo que garantiza una protecci\u00f3n duradera para su valioso equipo. Tanto si viajas de un concierto a otro como si te instalas en un lugar fijo, nuestras maletas mantienen tu equipo sano y salvo.<\/p>\n<h4>Opciones personalizables<\/h4>\n<p>Entendemos que cada configuraci\u00f3n es \u00fanica. Por eso nuestras Flight Cases para rack de 19\u2033 se pueden personalizar para adaptarse a sus necesidades espec\u00edficas. Desde el acolchado interior y la absorci\u00f3n de impactos hasta los colores exteriores y las opciones de marca, adaptamos nuestros maletines para que se ajusten perfectamente a sus requisitos.<\/p>\n<hr \/>\n<h4>Por qu\u00e9 elegir SX 19\u2033 Rack Flight Cases?<\/h4>\n<p>Elegir SX es elegir fiabilidad y tranquilidad. Nuestros maletines cuentan con la confianza de profesionales de diversos sectores, como el audiovisual, la inform\u00e1tica y las telecomunicaciones. Gracias a su robusta construcci\u00f3n y su cuidado dise\u00f1o, garantizan la protecci\u00f3n de sus equipos all\u00e1 donde vaya.<\/p>\n<hr \/>\n<h4>Aumente la protecci\u00f3n de su equipo con<\/h4>\n<p>Invierta hoy mismo en SX 19\u2033 Rack Flight Cases y disfrute de una mayor seguridad y comodidad para su equipo. Ya sea para actuaciones en directo, instalaciones de estudio o despliegues inform\u00e1ticos, las cajas SX ofrecen la fiabilidad y durabilidad que necesita. P\u00f3ngase en contacto con nosotros ahora para explorar nuestra gama y encontrar la soluci\u00f3n perfecta para su configuraci\u00f3n.<\/p>\n<h3><strong>Preguntas frecuentes<\/strong><\/h3>\n<ul>\n<li><strong>\u00bfC\u00f3mo funciona una caja de distribuci\u00f3n?<\/strong><br \/>\nLas cajas de distribuci\u00f3n regulan el flujo de electricidad a los distintos circuitos de un edificio, garantizando una distribuci\u00f3n segura y eficaz de la energ\u00eda.<\/li>\n<li><strong>\u00bfCu\u00e1les son las ventajas de la distribuci\u00f3n de energ\u00eda el\u00e9ctrica?<\/strong><br \/>\nUna distribuci\u00f3n eficaz de la energ\u00eda mejora la fiabilidad, la seguridad y la eficiencia energ\u00e9tica, contribuyendo a la productividad empresarial y al crecimiento de los ingresos.<\/li>\n<li><strong>\u00bfC\u00f3mo puede un evento esc\u00e9nico optimizar sus estrategias de distribuci\u00f3n de energ\u00eda?<\/strong><br \/>\npuede optimizar la distribuci\u00f3n de energ\u00eda invirtiendo en equipos modernos, realizando un mantenimiento peri\u00f3dico y aplicando medidas de ahorro energ\u00e9tico.<\/li>\n<li><strong>\u00bfQu\u00e9 papel desempe\u00f1a <a title=\"SX\" href=\"https:\/\/sxpowercase.com\/\" target=\"_blank\" rel=\"noopener\" data-wpil-monitor-id=\"111\">SX<\/a> en la distribuci\u00f3n de la energ\u00eda?<\/strong><br \/>\nSX ofrece soluciones para optimizar la distribuci\u00f3n de energ\u00eda, ayudando a las empresas a mejorar la eficiencia, la fiabilidad y la rentabilidad.<\/li>\n<li><strong>\u00bfPuede una distribuci\u00f3n optimizada de la energ\u00eda ahorrar costes?<\/strong><br \/>\nS\u00ed, al reducir el derroche de energ\u00eda y minimizar el tiempo de inactividad, la distribuci\u00f3n optimizada de la energ\u00eda puede suponer un importante ahorro de costes para las empresas.<\/li>\n<li><strong>\u00bfC\u00f3mo contribuye la distribuci\u00f3n de energ\u00eda al crecimiento de las empresas?<\/strong><br \/>\nUna distribuci\u00f3n fiable de la energ\u00eda garantiza un funcionamiento ininterrumpido, lo que se traduce en un aumento de la productividad, la satisfacci\u00f3n del cliente y, en \u00faltima instancia, el crecimiento de la empresa.<\/li>\n<\/ul>\n<p>Hot Tags: Low price, in stock, free sample, Power And Signal Cable, 16 Gauge 4 Conductor Wire, Microphone Stand Case, Outdoor Led Display Cabinet, Rack Mount, electrical distro box, China, proveedores, f\u00e1brica, modificado para requisitos particulares, al por mayor, <span style=\"color: #993366;\"><a style=\"color: #993366;\" href=\"https:\/\/sxflightcase.com\/es_es\/product-category\/all-product\/power-distribution-boxes\/\">cajas de poder<\/a>,\u00a0<a style=\"color: #993366;\" href=\"https:\/\/sxflightcase.com\/es_es\/product-category\/all-product\/hoist-controllers\/\">cables de alimentaci\u00f3n<\/a>,\u00a0<a style=\"color: #993366;\" href=\"https:\/\/sxflightcase.com\/es_es\/product-category\/all-product\/hoist-controllers\/\">controladores de polipasto<\/a>,\u00a0<a style=\"color: #993366;\" href=\"https:\/\/sxflightcase.com\/es_es\/product-category\/all-product\/flight-case\/\">Estuches de vuelo.<\/a><\/span><\/p>","protected":false},"excerpt":{"rendered":"<h2 class=\"prodetails-name\">19 Rack Flight Case<\/h2>\n<p>Fundada en 2001, estamos especializados en la fabricaci\u00f3n de todo tipo de flight case de montaje en rack con una superficie de taller de m\u00e1s de 20.00 metros cuadrados. Nosotros 19 rack flight case, 2u hasta 20u depende de su necesidad.<\/p>\n<p>&lt;p&gt;&lt;h2&gt;<strong>Introducci\u00f3n de la producci\u00f3n<\/strong><\/p>\n<p>flight case de 19 bastidores con leng\u00fceta y ranura de aluminio de f\u00e1cil cierre. Orificio de acceso para cables con tapa de emblema extra\u00edble y pestillos industriales empotrados de mariposa de cierre por torsi\u00f3n, listos para candado.<\/p>","protected":false},"featured_media":1613,"comment_status":"open","ping_status":"closed","template":"","meta":[],"product_brand":[],"product_cat":[35],"product_tag":[50],"class_list":{"0":"post-1612","1":"product","2":"type-product","3":"status-publish","4":"has-post-thumbnail","6":"product_cat-standard-rack-cases","7":"product_tag-mp","9":"first","10":"instock","11":"shipping-taxable","12":"product-type-simple"},"yoast_head":"<!-- This site is optimized with the Yoast SEO Premium plugin v27.1 (Yoast SEO v27.2) - https:\/\/yoast.com\/product\/yoast-seo-premium-wordpress\/ -->\n<title>MP 19 Rack Flight Case - https:\/\/sxflightcase.com \ud83d\udc97<\/title>\n<meta name=\"description\" content=\"19 Rack Flight Case: Explore our factory-direct options for professional customization, ensuring optimal organization and protection of your equipment.\" \/>\n<meta name=\"robots\" content=\"index, follow, max-snippet:-1, max-image-preview:large, max-video-preview:-1\" \/>\n<link rel=\"canonical\" href=\"https:\/\/sxflightcase.com\/es_es\/producto\/flight-case-de-19-bastidores-2\/\" \/>\n<meta property=\"og:locale\" content=\"es_ES\" \/>\n<meta property=\"og:type\" content=\"article\" \/>\n<meta property=\"og:title\" content=\"MP 19 Rack Flight Case\" \/>\n<meta property=\"og:description\" content=\"19 Rack Flight Case: Explore our factory-direct options for professional customization, ensuring optimal organization and protection of your equipment.\" \/>\n<meta property=\"og:url\" content=\"https:\/\/sxflightcase.com\/es_es\/producto\/flight-case-de-19-bastidores-2\/\" \/>\n<meta property=\"og:site_name\" content=\"https:\/\/sxflightcase.com\" \/>\n<meta property=\"article:publisher\" content=\"https:\/\/www.facebook.com\/profile.php?id=61560407257971\" \/>\n<meta property=\"article:modified_time\" content=\"2024-06-27T07:16:57+00:00\" \/>\n<meta property=\"og:image\" content=\"https:\/\/sxflightcase.com\/wp-content\/uploads\/2024\/05\/19-rack-flight-case42121776330.webp\" \/>\n\t<meta property=\"og:image:width\" content=\"750\" \/>\n\t<meta property=\"og:image:height\" content=\"750\" \/>\n\t<meta property=\"og:image:type\" content=\"image\/webp\" \/>\n<meta name=\"twitter:card\" content=\"summary_large_image\" \/>\n<meta name=\"twitter:label1\" content=\"Tiempo de lectura\" \/>\n\t<meta name=\"twitter:data1\" content=\"3 minutos\" \/>\n<script type=\"application\/ld+json\" class=\"yoast-schema-graph\">{\"@context\":\"https:\/\/schema.org\",\"@graph\":[{\"@type\":\"WebPage\",\"@id\":\"https:\/\/sxflightcase.com\/product\/19-rack-flight-case\/\",\"url\":\"https:\/\/sxflightcase.com\/product\/19-rack-flight-case\/\",\"name\":\"MP 19 Rack Flight Case - https:\/\/sxflightcase.com \ud83d\udc97\",\"isPartOf\":{\"@id\":\"https:\/\/sxflightcase.com\/th\/#website\"},\"primaryImageOfPage\":{\"@id\":\"https:\/\/sxflightcase.com\/product\/19-rack-flight-case\/#primaryimage\"},\"image\":{\"@id\":\"https:\/\/sxflightcase.com\/product\/19-rack-flight-case\/#primaryimage\"},\"thumbnailUrl\":\"https:\/\/sxflightcase.com\/wp-content\/uploads\/2024\/05\/19-rack-flight-case42121776330.webp\",\"datePublished\":\"2024-05-10T01:37:34+00:00\",\"dateModified\":\"2024-06-27T07:16:57+00:00\",\"description\":\"19 Rack Flight Case: Explore our factory-direct options for professional customization, ensuring optimal organization and protection of your equipment.\",\"breadcrumb\":{\"@id\":\"https:\/\/sxflightcase.com\/product\/19-rack-flight-case\/#breadcrumb\"},\"inLanguage\":\"es\",\"potentialAction\":[{\"@type\":\"ReadAction\",\"target\":[\"https:\/\/sxflightcase.com\/product\/19-rack-flight-case\/\"]}]},{\"@type\":\"ImageObject\",\"inLanguage\":\"es\",\"@id\":\"https:\/\/sxflightcase.com\/product\/19-rack-flight-case\/#primaryimage\",\"url\":\"https:\/\/sxflightcase.com\/wp-content\/uploads\/2024\/05\/19-rack-flight-case42121776330.webp\",\"contentUrl\":\"https:\/\/sxflightcase.com\/wp-content\/uploads\/2024\/05\/19-rack-flight-case42121776330.webp\",\"width\":750,\"height\":750,\"caption\":\"19 Rack Flight Case\"},{\"@type\":\"BreadcrumbList\",\"@id\":\"https:\/\/sxflightcase.com\/product\/19-rack-flight-case\/#breadcrumb\",\"itemListElement\":[{\"@type\":\"ListItem\",\"position\":1,\"name\":\"Home\",\"item\":\"https:\/\/sxflightcase.com\/\"},{\"@type\":\"ListItem\",\"position\":2,\"name\":\"\u0e2a\u0e34\u0e19\u0e04\u0e49\u0e32\",\"item\":\"https:\/\/sxflightcase.com\/th\/shop\/\"},{\"@type\":\"ListItem\",\"position\":3,\"name\":\"MP 19 Rack Flight Case\"}]},{\"@type\":\"WebSite\",\"@id\":\"https:\/\/sxflightcase.com\/th\/#website\",\"url\":\"https:\/\/sxflightcase.com\/th\/\",\"name\":\"sxpowercase.com\",\"description\":\"Flight Case Factory\",\"publisher\":{\"@id\":\"https:\/\/sxflightcase.com\/th\/#organization\"},\"potentialAction\":[{\"@type\":\"SearchAction\",\"target\":{\"@type\":\"EntryPoint\",\"urlTemplate\":\"https:\/\/sxflightcase.com\/th\/?s={search_term_string}\"},\"query-input\":{\"@type\":\"PropertyValueSpecification\",\"valueRequired\":true,\"valueName\":\"search_term_string\"}}],\"inLanguage\":\"es\"},{\"@type\":\"Organization\",\"@id\":\"https:\/\/sxflightcase.com\/th\/#organization\",\"name\":\"sxpowercase.com\",\"url\":\"https:\/\/sxflightcase.com\/th\/\",\"logo\":{\"@type\":\"ImageObject\",\"inLanguage\":\"es\",\"@id\":\"https:\/\/sxflightcase.com\/th\/#\/schema\/logo\/image\/\",\"url\":\"https:\/\/sxflightcase.com\/wp-content\/uploads\/2024\/04\/1713919036007.jpg\",\"contentUrl\":\"https:\/\/sxflightcase.com\/wp-content\/uploads\/2024\/04\/1713919036007.jpg\",\"width\":382,\"height\":388,\"caption\":\"sxpowercase.com\"},\"image\":{\"@id\":\"https:\/\/sxflightcase.com\/th\/#\/schema\/logo\/image\/\"},\"sameAs\":[\"https:\/\/www.facebook.com\/profile.php?id=61560407257971\"],\"numberOfEmployees\":{\"@type\":\"QuantitativeValue\",\"minValue\":\"11\",\"maxValue\":\"50\"}}]}<\/script>\n<!-- \/ Yoast SEO Premium plugin. -->","yoast_head_json":{"title":"MP 19 Rack Flight Case - https:\/\/sxflightcase.com \ud83d\udc97","description":"19 Rack Flight Case: Explore nuestras opciones directas de f\u00e1brica para una personalizaci\u00f3n profesional, garantizando una organizaci\u00f3n y protecci\u00f3n \u00f3ptimas de su equipo.","robots":{"index":"index","follow":"follow","max-snippet":"max-snippet:-1","max-image-preview":"max-image-preview:large","max-video-preview":"max-video-preview:-1"},"canonical":"https:\/\/sxflightcase.com\/es_es\/producto\/flight-case-de-19-bastidores-2\/","og_locale":"es_ES","og_type":"article","og_title":"MP 19 Rack Flight Case","og_description":"19 Rack Flight Case: Explore our factory-direct options for professional customization, ensuring optimal organization and protection of your equipment.","og_url":"https:\/\/sxflightcase.com\/es_es\/producto\/flight-case-de-19-bastidores-2\/","og_site_name":"https:\/\/sxflightcase.com","article_publisher":"https:\/\/www.facebook.com\/profile.php?id=61560407257971","article_modified_time":"2024-06-27T07:16:57+00:00","og_image":[{"width":750,"height":750,"url":"https:\/\/sxflightcase.com\/wp-content\/uploads\/2024\/05\/19-rack-flight-case42121776330.webp","type":"image\/webp"}],"twitter_card":"summary_large_image","twitter_misc":{"Tiempo de lectura":"3 minutos"},"schema":{"@context":"https:\/\/schema.org","@graph":[{"@type":"WebPage","@id":"https:\/\/sxflightcase.com\/product\/19-rack-flight-case\/","url":"https:\/\/sxflightcase.com\/product\/19-rack-flight-case\/","name":"MP 19 Rack Flight Case - https:\/\/sxflightcase.com \ud83d\udc97","isPartOf":{"@id":"https:\/\/sxflightcase.com\/th\/#website"},"primaryImageOfPage":{"@id":"https:\/\/sxflightcase.com\/product\/19-rack-flight-case\/#primaryimage"},"image":{"@id":"https:\/\/sxflightcase.com\/product\/19-rack-flight-case\/#primaryimage"},"thumbnailUrl":"https:\/\/sxflightcase.com\/wp-content\/uploads\/2024\/05\/19-rack-flight-case42121776330.webp","datePublished":"2024-05-10T01:37:34+00:00","dateModified":"2024-06-27T07:16:57+00:00","description":"19 Rack Flight Case: Explore nuestras opciones directas de f\u00e1brica para una personalizaci\u00f3n profesional, garantizando una organizaci\u00f3n y protecci\u00f3n \u00f3ptimas de su equipo.","breadcrumb":{"@id":"https:\/\/sxflightcase.com\/product\/19-rack-flight-case\/#breadcrumb"},"inLanguage":"es","potentialAction":[{"@type":"ReadAction","target":["https:\/\/sxflightcase.com\/product\/19-rack-flight-case\/"]}]},{"@type":"ImageObject","inLanguage":"es","@id":"https:\/\/sxflightcase.com\/product\/19-rack-flight-case\/#primaryimage","url":"https:\/\/sxflightcase.com\/wp-content\/uploads\/2024\/05\/19-rack-flight-case42121776330.webp","contentUrl":"https:\/\/sxflightcase.com\/wp-content\/uploads\/2024\/05\/19-rack-flight-case42121776330.webp","width":750,"height":750,"caption":"19 Rack Flight Case"},{"@type":"BreadcrumbList","@id":"https:\/\/sxflightcase.com\/product\/19-rack-flight-case\/#breadcrumb","itemListElement":[{"@type":"ListItem","position":1,"name":"Home","item":"https:\/\/sxflightcase.com\/"},{"@type":"ListItem","position":2,"name":"\u0e2a\u0e34\u0e19\u0e04\u0e49\u0e32","item":"https:\/\/sxflightcase.com\/th\/shop\/"},{"@type":"ListItem","position":3,"name":"MP 19 Rack Flight Case"}]},{"@type":"WebSite","@id":"https:\/\/sxflightcase.com\/th\/#website","url":"https:\/\/sxflightcase.com\/th\/","name":"es.sxpowercase.com","description":"F\u00e1brica de flightcases","publisher":{"@id":"https:\/\/sxflightcase.com\/th\/#organization"},"potentialAction":[{"@type":"SearchAction","target":{"@type":"EntryPoint","urlTemplate":"https:\/\/sxflightcase.com\/th\/?s={search_term_string}"},"query-input":{"@type":"PropertyValueSpecification","valueRequired":true,"valueName":"search_term_string"}}],"inLanguage":"es"},{"@type":"Organization","@id":"https:\/\/sxflightcase.com\/th\/#organization","name":"es.sxpowercase.com","url":"https:\/\/sxflightcase.com\/th\/","logo":{"@type":"ImageObject","inLanguage":"es","@id":"https:\/\/sxflightcase.com\/th\/#\/schema\/logo\/image\/","url":"https:\/\/sxflightcase.com\/wp-content\/uploads\/2024\/04\/1713919036007.jpg","contentUrl":"https:\/\/sxflightcase.com\/wp-content\/uploads\/2024\/04\/1713919036007.jpg","width":382,"height":388,"caption":"sxpowercase.com"},"image":{"@id":"https:\/\/sxflightcase.com\/th\/#\/schema\/logo\/image\/"},"sameAs":["https:\/\/www.facebook.com\/profile.php?id=61560407257971"],"numberOfEmployees":{"@type":"QuantitativeValue","minValue":"11","maxValue":"50"}}]}},"_links":{"self":[{"href":"https:\/\/sxflightcase.com\/es_es\/wp-json\/wp\/v2\/product\/1612","targetHints":{"allow":["GET"]}}],"collection":[{"href":"https:\/\/sxflightcase.com\/es_es\/wp-json\/wp\/v2\/product"}],"about":[{"href":"https:\/\/sxflightcase.com\/es_es\/wp-json\/wp\/v2\/types\/product"}],"replies":[{"embeddable":true,"href":"https:\/\/sxflightcase.com\/es_es\/wp-json\/wp\/v2\/comments?post=1612"}],"version-history":[{"count":0,"href":"https:\/\/sxflightcase.com\/es_es\/wp-json\/wp\/v2\/product\/1612\/revisions"}],"wp:featuredmedia":[{"embeddable":true,"href":"https:\/\/sxflightcase.com\/es_es\/wp-json\/wp\/v2\/media\/1613"}],"wp:attachment":[{"href":"https:\/\/sxflightcase.com\/es_es\/wp-json\/wp\/v2\/media?parent=1612"}],"wp:term":[{"taxonomy":"product_brand","embeddable":true,"href":"https:\/\/sxflightcase.com\/es_es\/wp-json\/wp\/v2\/product_brand?post=1612"},{"taxonomy":"product_cat","embeddable":true,"href":"https:\/\/sxflightcase.com\/es_es\/wp-json\/wp\/v2\/product_cat?post=1612"},{"taxonomy":"product_tag","embeddable":true,"href":"https:\/\/sxflightcase.com\/es_es\/wp-json\/wp\/v2\/product_tag?post=1612"}],"curies":[{"name":"wp","href":"https:\/\/api.w.org\/{rel}","templated":true}]}}