{"id":1628,"date":"2024-05-10T03:03:27","date_gmt":"2024-05-10T02:03:27","guid":{"rendered":"https:\/\/sxpowercase.com\/?post_type=product&#038;p=1628"},"modified":"2024-07-16T03:18:29","modified_gmt":"2024-07-16T02:18:29","slug":"flight-case-19-rack","status":"publish","type":"product","link":"https:\/\/sxflightcase.com\/es_es\/producto\/flight-case-19-rack\/","title":{"rendered":"customize 19\" Flight Case Rack"},"content":{"rendered":"<p><strong>Par\u00e1metros del producto<\/strong><\/p>\n<section class=\"table-wrap\">\n<table class=\"table\" width=\"100%\" cellspacing=\"0\" cellpadding=\"0\">\n<tbody>\n<tr class=\"firstRow\">\n<td width=\"134\">Nombre del producto<\/td>\n<td width=\"504\">Flight Case 19\" Rack<\/td>\n<\/tr>\n<tr>\n<td width=\"134\">Material<\/td>\n<td width=\"504\">Contrachapado de 9 mm de grosor + tablero ign\u00edfugo\/impermeable de 2 mm<\/td>\n<\/tr>\n<tr>\n<td width=\"134\">Tapas<\/td>\n<td width=\"504\">2 tapas (delantera y trasera extra\u00edbles )<\/td>\n<\/tr>\n<tr>\n<td width=\"134\">Color<\/td>\n<td width=\"504\">Diferentes colores disponibles<\/td>\n<\/tr>\n<tr>\n<td width=\"134\">Manijas<\/td>\n<td width=\"504\">4 o m\u00e1s<\/td>\n<\/tr>\n<tr>\n<td width=\"134\">Rueda<\/td>\n<td width=\"504\">Con o sin<\/td>\n<\/tr>\n<\/tbody>\n<\/table>\n<\/section>\n<h2>Aumente la protecci\u00f3n de su equipo con SX Flight Case Rack<\/h2>\n<h3>Duradero y fiable<\/h3>\n<p>Presentando el <a href=\"https:\/\/sxpowercase.com\/\" target=\"_blank\" rel=\"noopener\" title=\"SX\" data-wpil-monitor-id=\"484\">SX<\/a> Flight Case Rack, la soluci\u00f3n perfecta para proteger su valioso equipo. Dise\u00f1ado pensando en la durabilidad y la fiabilidad, nuestro flight case rack ofrece una protecci\u00f3n inigualable para su equipo. Tanto si eres un m\u00fasico de gira, un organizador de eventos o un ingeniero de sonido, puedes confiar en SX para mantener tu equipo seguro y protegido.<\/p>\n<h3>Venta directa de f\u00e1brica a un precio inmejorable<\/h3>\n<p>En SX, damos prioridad a ofrecer un valor excepcional a nuestros clientes. Nuestro Flight Case Rack est\u00e1 disponible a trav\u00e9s de ventas directas de f\u00e1brica, lo que le garantiza el mejor precio sin comprometer la calidad. Al eliminar intermediarios, podemos ofrecerle precios competitivos y mantener un estricto control de calidad, mejorando la eficiencia de su negocio.<\/p>\n<h3>Personalizaci\u00f3n para satisfacer sus necesidades<\/h3>\n<p>Cada profesional tiene unos requisitos \u00fanicos, y SX comprende la importancia de la personalizaci\u00f3n. Nuestro Flight Case Rack puede adaptarse a sus necesidades espec\u00edficas, desde dimensiones a medida hasta compartimentos adicionales y marcas personalizadas. Con nuestros servicios personalizados, usted obtiene un flight case que no s\u00f3lo protege su equipo, sino que tambi\u00e9n se alinea con su imagen profesional.<\/p>\n<hr \/>\n<h3>\u00bfPor qu\u00e9 elegir SX?<\/h3>\n<p>Elegir SX significa invertir en una protecci\u00f3n superior para su equipo. Nuestro modelo de venta directa de f\u00e1brica le garantiza que recibir\u00e1 productos de la m\u00e1xima calidad a los mejores precios. Con nuestro compromiso de personalizaci\u00f3n, su Flight Case se adaptar\u00e1 perfectamente a sus necesidades, proporcionando la mejor protecci\u00f3n posible para su equipo. P\u00f3ngase en contacto con SX hoy mismo para ver c\u00f3mo nuestro flight case puede mejorar su negocio y proteger su equipo.<\/p>\n<p><strong>PREGUNTAS FRECUENTES<\/strong><\/p>\n<p>P: \u00bfC\u00f3mo podemos obtener un presupuesto?<\/p>\n<p>R: P\u00f3ngase en contacto con nosotros con especificaciones: como material, dise\u00f1o, tama\u00f1o, forma, color, cantidad, acabado superficial, etc.<\/p>\n<p>P: \u00bfCu\u00e1les son las condiciones de pago?<\/p>\n<p>A: T.T with 30% down payment, 70%before shipment or West Union also accept.<\/p>\n<p>P: \u00bfPuede ayudarnos con el dise\u00f1o?<\/p>\n<p>R: S\u00ed, simplemente dise\u00f1o libre, dise\u00f1o especial necesidad de pagar.<\/p>\n<p><strong>Nuestros servicios<\/strong><\/p>\n<p>La calidad siempre es lo primero<\/p>\n<p>* Precios razonables<\/p>\n<p>* Servicio OEM<\/p>\n<p>* Servicio postventa responsable<\/p>\n<p>* El objetivo es conseguir pedidos repetidos de clientes 90% despu\u00e9s de los pedidos de prueba.<\/p>\n<p>* Avanzar juntos con los clientes<\/p>\n<p>Hot Tags: Low price, in stock, free sample, Power And Signal Cable, 16 Gauge 4 Conductor Wire, Microphone Stand Case, Outdoor Led Display Cabinet, Rack Mount, 19\" Rackmount Mixer Flight Cases\uff0celectrical distro box, China, proveedores, f\u00e1brica, modificado para requisitos particulares, al por mayor, <span style=\"color: #993366;\"><a style=\"color: #993366;\" href=\"https:\/\/sxflightcase.com\/es_es\/product-category\/all-product\/power-distribution-boxes\/\">cajas de poder<\/a>,\u00a0<a style=\"color: #993366;\" href=\"https:\/\/sxflightcase.com\/es_es\/product-category\/all-product\/hoist-controllers\/\">cables de alimentaci\u00f3n<\/a>,\u00a0<a style=\"color: #993366;\" href=\"https:\/\/sxflightcase.com\/es_es\/product-category\/all-product\/hoist-controllers\/\">controladores de polipasto<\/a>,\u00a0<a style=\"color: #993366;\" href=\"https:\/\/sxflightcase.com\/es_es\/product-category\/all-product\/flight-case\/\">Estuches de vuelo.<\/a><\/span><\/p>","protected":false},"excerpt":{"rendered":"<h2 class=\"prodetails-name\">Flight Case 19\" Rack<\/h2>\n<p>Suministramos flight case 19\u2033 rack para ofrecer una protecci\u00f3n fiable para los engranajes y equipos caros durante el uso, embalaje, almacenamiento y transporte. Nos dedicamos al flight case durante muchos a\u00f1os, cubriendo la mayor parte del mercado americano y asi\u00e1tico. Esperamos convertirnos en su socio de equipo a largo plazo en China.<\/p>\n<h2><strong>Introducci\u00f3n de la producci\u00f3n<\/strong><\/h2>\n<p>Shengxiang ha estado fabricando flight cases desde 2001 y est\u00e1 dise\u00f1ado para proteger su inversi\u00f3n. Flight case 19\u2033 rack con extra\u00edble Sliding Laptop Shelf. Cuatro pies de goma de grado industrial<\/p>","protected":false},"featured_media":1629,"comment_status":"open","ping_status":"closed","template":"","meta":[],"product_brand":[],"product_cat":[35],"product_tag":[54],"class_list":{"0":"post-1628","1":"product","2":"type-product","3":"status-publish","4":"has-post-thumbnail","6":"product_cat-standard-rack-cases","7":"product_tag-customize","9":"first","10":"instock","11":"shipping-taxable","12":"product-type-simple"},"yoast_head":"<!-- This site is optimized with the Yoast SEO Premium plugin v27.1 (Yoast SEO v27.2) - https:\/\/yoast.com\/product\/yoast-seo-premium-wordpress\/ -->\n<title>customize 19&#039;&#039; Flight Case Rack - https:\/\/sxflightcase.com \ud83d\udc97<\/title>\n<meta name=\"description\" content=\"Flight Case 19&#039;&#039; Rack: Explore our factory-direct options for professional customization, ensuring optimal organization and protection of your equipment.\" \/>\n<meta name=\"robots\" content=\"index, follow, max-snippet:-1, max-image-preview:large, max-video-preview:-1\" \/>\n<link rel=\"canonical\" href=\"https:\/\/sxflightcase.com\/es_es\/\u7522\u54c1\/\u98db\u884c\u7bb1-19-\u6a5f\u67b6\/\" \/>\n<meta property=\"og:locale\" content=\"es_ES\" \/>\n<meta property=\"og:type\" content=\"article\" \/>\n<meta property=\"og:title\" content=\"customize 19&#039;&#039; Flight Case Rack\" \/>\n<meta property=\"og:description\" content=\"Flight Case 19&#039;&#039; Rack: Explore our factory-direct options for professional customization, ensuring optimal organization and protection of your equipment.\" \/>\n<meta property=\"og:url\" content=\"https:\/\/sxflightcase.com\/es_es\/\u7522\u54c1\/\u98db\u884c\u7bb1-19-\u6a5f\u67b6\/\" \/>\n<meta property=\"og:site_name\" content=\"https:\/\/sxflightcase.com\" \/>\n<meta property=\"article:publisher\" content=\"https:\/\/www.facebook.com\/profile.php?id=61560407257971\" \/>\n<meta property=\"article:modified_time\" content=\"2024-07-16T02:18:29+00:00\" \/>\n<meta property=\"og:image\" content=\"https:\/\/sxflightcase.com\/wp-content\/uploads\/2024\/05\/flight-case-19-rack28315807855.webp\" \/>\n\t<meta property=\"og:image:width\" content=\"750\" \/>\n\t<meta property=\"og:image:height\" content=\"750\" \/>\n\t<meta property=\"og:image:type\" content=\"image\/webp\" \/>\n<meta name=\"twitter:card\" content=\"summary_large_image\" \/>\n<meta name=\"twitter:label1\" content=\"Tiempo de lectura\" \/>\n\t<meta name=\"twitter:data1\" content=\"3 minutos\" \/>\n<script type=\"application\/ld+json\" class=\"yoast-schema-graph\">{\"@context\":\"https:\/\/schema.org\",\"@graph\":[{\"@type\":\"WebPage\",\"@id\":\"https:\/\/sxflightcase.com\/zh_hk\/\u7522\u54c1\/\u98db\u884c\u7bb1-19-\u6a5f\u67b6\/\",\"url\":\"https:\/\/sxflightcase.com\/zh_hk\/\u7522\u54c1\/\u98db\u884c\u7bb1-19-\u6a5f\u67b6\/\",\"name\":\"customize 19'' Flight Case Rack - https:\/\/sxflightcase.com \ud83d\udc97\",\"isPartOf\":{\"@id\":\"https:\/\/sxflightcase.com\/th\/#website\"},\"primaryImageOfPage\":{\"@id\":\"https:\/\/sxflightcase.com\/zh_hk\/\u7522\u54c1\/\u98db\u884c\u7bb1-19-\u6a5f\u67b6\/#primaryimage\"},\"image\":{\"@id\":\"https:\/\/sxflightcase.com\/zh_hk\/\u7522\u54c1\/\u98db\u884c\u7bb1-19-\u6a5f\u67b6\/#primaryimage\"},\"thumbnailUrl\":\"https:\/\/sxflightcase.com\/wp-content\/uploads\/2024\/05\/flight-case-19-rack28315807855.webp\",\"datePublished\":\"2024-05-10T02:03:27+00:00\",\"dateModified\":\"2024-07-16T02:18:29+00:00\",\"description\":\"Flight Case 19'' Rack: Explore our factory-direct options for professional customization, ensuring optimal organization and protection of your equipment.\",\"breadcrumb\":{\"@id\":\"https:\/\/sxflightcase.com\/zh_hk\/\u7522\u54c1\/\u98db\u884c\u7bb1-19-\u6a5f\u67b6\/#breadcrumb\"},\"inLanguage\":\"es\",\"potentialAction\":[{\"@type\":\"ReadAction\",\"target\":[\"https:\/\/sxflightcase.com\/zh_hk\/\u7522\u54c1\/\u98db\u884c\u7bb1-19-\u6a5f\u67b6\/\"]}]},{\"@type\":\"ImageObject\",\"inLanguage\":\"es\",\"@id\":\"https:\/\/sxflightcase.com\/zh_hk\/\u7522\u54c1\/\u98db\u884c\u7bb1-19-\u6a5f\u67b6\/#primaryimage\",\"url\":\"https:\/\/sxflightcase.com\/wp-content\/uploads\/2024\/05\/flight-case-19-rack28315807855.webp\",\"contentUrl\":\"https:\/\/sxflightcase.com\/wp-content\/uploads\/2024\/05\/flight-case-19-rack28315807855.webp\",\"width\":750,\"height\":750,\"caption\":\"Flight Case 19'' Rack\"},{\"@type\":\"BreadcrumbList\",\"@id\":\"https:\/\/sxflightcase.com\/zh_hk\/\u7522\u54c1\/\u98db\u884c\u7bb1-19-\u6a5f\u67b6\/#breadcrumb\",\"itemListElement\":[{\"@type\":\"ListItem\",\"position\":1,\"name\":\"Home\",\"item\":\"https:\/\/sxflightcase.com\/\"},{\"@type\":\"ListItem\",\"position\":2,\"name\":\"\u0e2a\u0e34\u0e19\u0e04\u0e49\u0e32\",\"item\":\"https:\/\/sxflightcase.com\/th\/shop\/\"},{\"@type\":\"ListItem\",\"position\":3,\"name\":\"customize 19&#8221; Flight Case Rack\"}]},{\"@type\":\"WebSite\",\"@id\":\"https:\/\/sxflightcase.com\/th\/#website\",\"url\":\"https:\/\/sxflightcase.com\/th\/\",\"name\":\"sxpowercase.com\",\"description\":\"Flight Case Factory\",\"publisher\":{\"@id\":\"https:\/\/sxflightcase.com\/th\/#organization\"},\"potentialAction\":[{\"@type\":\"SearchAction\",\"target\":{\"@type\":\"EntryPoint\",\"urlTemplate\":\"https:\/\/sxflightcase.com\/th\/?s={search_term_string}\"},\"query-input\":{\"@type\":\"PropertyValueSpecification\",\"valueRequired\":true,\"valueName\":\"search_term_string\"}}],\"inLanguage\":\"es\"},{\"@type\":\"Organization\",\"@id\":\"https:\/\/sxflightcase.com\/th\/#organization\",\"name\":\"sxpowercase.com\",\"url\":\"https:\/\/sxflightcase.com\/th\/\",\"logo\":{\"@type\":\"ImageObject\",\"inLanguage\":\"es\",\"@id\":\"https:\/\/sxflightcase.com\/th\/#\/schema\/logo\/image\/\",\"url\":\"https:\/\/sxflightcase.com\/wp-content\/uploads\/2024\/04\/1713919036007.jpg\",\"contentUrl\":\"https:\/\/sxflightcase.com\/wp-content\/uploads\/2024\/04\/1713919036007.jpg\",\"width\":382,\"height\":388,\"caption\":\"sxpowercase.com\"},\"image\":{\"@id\":\"https:\/\/sxflightcase.com\/th\/#\/schema\/logo\/image\/\"},\"sameAs\":[\"https:\/\/www.facebook.com\/profile.php?id=61560407257971\"],\"numberOfEmployees\":{\"@type\":\"QuantitativeValue\",\"minValue\":\"11\",\"maxValue\":\"50\"}}]}<\/script>\n<!-- \/ Yoast SEO Premium plugin. -->","yoast_head_json":{"title":"customize 19'' Flight Case Rack - https:\/\/sxflightcase.com \ud83d\udc97","description":"Flight Case 19'' Rack: Explore nuestras opciones directas de f\u00e1brica para una personalizaci\u00f3n profesional, garantizando una organizaci\u00f3n y protecci\u00f3n \u00f3ptimas de su equipo.","robots":{"index":"index","follow":"follow","max-snippet":"max-snippet:-1","max-image-preview":"max-image-preview:large","max-video-preview":"max-video-preview:-1"},"canonical":"https:\/\/sxflightcase.com\/es_es\/\u7522\u54c1\/\u98db\u884c\u7bb1-19-\u6a5f\u67b6\/","og_locale":"es_ES","og_type":"article","og_title":"customize 19'' Flight Case Rack","og_description":"Flight Case 19'' Rack: Explore our factory-direct options for professional customization, ensuring optimal organization and protection of your equipment.","og_url":"https:\/\/sxflightcase.com\/es_es\/\u7522\u54c1\/\u98db\u884c\u7bb1-19-\u6a5f\u67b6\/","og_site_name":"https:\/\/sxflightcase.com","article_publisher":"https:\/\/www.facebook.com\/profile.php?id=61560407257971","article_modified_time":"2024-07-16T02:18:29+00:00","og_image":[{"width":750,"height":750,"url":"https:\/\/sxflightcase.com\/wp-content\/uploads\/2024\/05\/flight-case-19-rack28315807855.webp","type":"image\/webp"}],"twitter_card":"summary_large_image","twitter_misc":{"Tiempo de lectura":"3 minutos"},"schema":{"@context":"https:\/\/schema.org","@graph":[{"@type":"WebPage","@id":"https:\/\/sxflightcase.com\/zh_hk\/\u7522\u54c1\/\u98db\u884c\u7bb1-19-\u6a5f\u67b6\/","url":"https:\/\/sxflightcase.com\/zh_hk\/\u7522\u54c1\/\u98db\u884c\u7bb1-19-\u6a5f\u67b6\/","name":"customize 19'' Flight Case Rack - https:\/\/sxflightcase.com \ud83d\udc97","isPartOf":{"@id":"https:\/\/sxflightcase.com\/th\/#website"},"primaryImageOfPage":{"@id":"https:\/\/sxflightcase.com\/zh_hk\/\u7522\u54c1\/\u98db\u884c\u7bb1-19-\u6a5f\u67b6\/#primaryimage"},"image":{"@id":"https:\/\/sxflightcase.com\/zh_hk\/\u7522\u54c1\/\u98db\u884c\u7bb1-19-\u6a5f\u67b6\/#primaryimage"},"thumbnailUrl":"https:\/\/sxflightcase.com\/wp-content\/uploads\/2024\/05\/flight-case-19-rack28315807855.webp","datePublished":"2024-05-10T02:03:27+00:00","dateModified":"2024-07-16T02:18:29+00:00","description":"Flight Case 19'' Rack: Explore nuestras opciones directas de f\u00e1brica para una personalizaci\u00f3n profesional, garantizando una organizaci\u00f3n y protecci\u00f3n \u00f3ptimas de su equipo.","breadcrumb":{"@id":"https:\/\/sxflightcase.com\/zh_hk\/\u7522\u54c1\/\u98db\u884c\u7bb1-19-\u6a5f\u67b6\/#breadcrumb"},"inLanguage":"es","potentialAction":[{"@type":"ReadAction","target":["https:\/\/sxflightcase.com\/zh_hk\/\u7522\u54c1\/\u98db\u884c\u7bb1-19-\u6a5f\u67b6\/"]}]},{"@type":"ImageObject","inLanguage":"es","@id":"https:\/\/sxflightcase.com\/zh_hk\/\u7522\u54c1\/\u98db\u884c\u7bb1-19-\u6a5f\u67b6\/#primaryimage","url":"https:\/\/sxflightcase.com\/wp-content\/uploads\/2024\/05\/flight-case-19-rack28315807855.webp","contentUrl":"https:\/\/sxflightcase.com\/wp-content\/uploads\/2024\/05\/flight-case-19-rack28315807855.webp","width":750,"height":750,"caption":"Flight Case 19'' Rack"},{"@type":"BreadcrumbList","@id":"https:\/\/sxflightcase.com\/zh_hk\/\u7522\u54c1\/\u98db\u884c\u7bb1-19-\u6a5f\u67b6\/#breadcrumb","itemListElement":[{"@type":"ListItem","position":1,"name":"Home","item":"https:\/\/sxflightcase.com\/"},{"@type":"ListItem","position":2,"name":"\u0e2a\u0e34\u0e19\u0e04\u0e49\u0e32","item":"https:\/\/sxflightcase.com\/th\/shop\/"},{"@type":"ListItem","position":3,"name":"customize 19&#8221; Flight Case Rack"}]},{"@type":"WebSite","@id":"https:\/\/sxflightcase.com\/th\/#website","url":"https:\/\/sxflightcase.com\/th\/","name":"es.sxpowercase.com","description":"F\u00e1brica de flightcases","publisher":{"@id":"https:\/\/sxflightcase.com\/th\/#organization"},"potentialAction":[{"@type":"SearchAction","target":{"@type":"EntryPoint","urlTemplate":"https:\/\/sxflightcase.com\/th\/?s={search_term_string}"},"query-input":{"@type":"PropertyValueSpecification","valueRequired":true,"valueName":"search_term_string"}}],"inLanguage":"es"},{"@type":"Organization","@id":"https:\/\/sxflightcase.com\/th\/#organization","name":"es.sxpowercase.com","url":"https:\/\/sxflightcase.com\/th\/","logo":{"@type":"ImageObject","inLanguage":"es","@id":"https:\/\/sxflightcase.com\/th\/#\/schema\/logo\/image\/","url":"https:\/\/sxflightcase.com\/wp-content\/uploads\/2024\/04\/1713919036007.jpg","contentUrl":"https:\/\/sxflightcase.com\/wp-content\/uploads\/2024\/04\/1713919036007.jpg","width":382,"height":388,"caption":"sxpowercase.com"},"image":{"@id":"https:\/\/sxflightcase.com\/th\/#\/schema\/logo\/image\/"},"sameAs":["https:\/\/www.facebook.com\/profile.php?id=61560407257971"],"numberOfEmployees":{"@type":"QuantitativeValue","minValue":"11","maxValue":"50"}}]}},"_links":{"self":[{"href":"https:\/\/sxflightcase.com\/es_es\/wp-json\/wp\/v2\/product\/1628","targetHints":{"allow":["GET"]}}],"collection":[{"href":"https:\/\/sxflightcase.com\/es_es\/wp-json\/wp\/v2\/product"}],"about":[{"href":"https:\/\/sxflightcase.com\/es_es\/wp-json\/wp\/v2\/types\/product"}],"replies":[{"embeddable":true,"href":"https:\/\/sxflightcase.com\/es_es\/wp-json\/wp\/v2\/comments?post=1628"}],"version-history":[{"count":0,"href":"https:\/\/sxflightcase.com\/es_es\/wp-json\/wp\/v2\/product\/1628\/revisions"}],"wp:featuredmedia":[{"embeddable":true,"href":"https:\/\/sxflightcase.com\/es_es\/wp-json\/wp\/v2\/media\/1629"}],"wp:attachment":[{"href":"https:\/\/sxflightcase.com\/es_es\/wp-json\/wp\/v2\/media?parent=1628"}],"wp:term":[{"taxonomy":"product_brand","embeddable":true,"href":"https:\/\/sxflightcase.com\/es_es\/wp-json\/wp\/v2\/product_brand?post=1628"},{"taxonomy":"product_cat","embeddable":true,"href":"https:\/\/sxflightcase.com\/es_es\/wp-json\/wp\/v2\/product_cat?post=1628"},{"taxonomy":"product_tag","embeddable":true,"href":"https:\/\/sxflightcase.com\/es_es\/wp-json\/wp\/v2\/product_tag?post=1628"}],"curies":[{"name":"wp","href":"https:\/\/api.w.org\/{rel}","templated":true}]}}