{"id":1632,"date":"2024-05-10T03:09:46","date_gmt":"2024-05-10T02:09:46","guid":{"rendered":"https:\/\/sxpowercase.com\/?post_type=product&#038;p=1632"},"modified":"2024-06-26T10:14:35","modified_gmt":"2024-06-26T09:14:35","slug":"19-inch-rack-mount-enclosure","status":"publish","type":"product","link":"https:\/\/sxflightcase.com\/es_es\/producto\/armario-para-montaje-en-bastidor-de-19-pulgadas-2\/","title":{"rendered":"Gabinete para montaje en rack MP de 19 pulgadas"},"content":{"rendered":"<h3><strong>Par\u00e1metros del producto<\/strong><\/h3>\n<section class=\"table-wrap\">\n<table class=\"table\" width=\"100%\" cellspacing=\"0\" cellpadding=\"0\">\n<tbody>\n<tr class=\"firstRow\">\n<td width=\"134\">Nombre del producto:<\/td>\n<td width=\"503\">armario para montaje en bastidor de 19 pulgadas<\/td>\n<\/tr>\n<tr>\n<td width=\"134\">Material<\/td>\n<td width=\"503\">Marco de aluminio + Ign\u00edfugo + Madera contrachapada de 9 mm<\/td>\n<\/tr>\n<tr>\n<td width=\"134\">Adentro<\/td>\n<td width=\"503\">Espuma antichoque de alta densidad<\/td>\n<\/tr>\n<tr>\n<td width=\"134\">Tama\u00f1o<\/td>\n<td width=\"503\">Se puede personalizar<\/td>\n<\/tr>\n<tr>\n<td width=\"134\">Accesorios<\/td>\n<td width=\"503\">Ocho cierres de mariposa, cuatro ruedas para facilitar el transporte, cuatro asas resistentes<\/td>\n<\/tr>\n<tr>\n<td width=\"134\">Costumbre<\/td>\n<td width=\"503\">Se aceptan todo tipo de personalizaciones, como el material de la caja de aluminio, la dimensi\u00f3n, los rellenos internos, las manijas, las cerraduras, etc.<\/td>\n<\/tr>\n<\/tbody>\n<\/table>\n<\/section>\n<h2>Mejore la protecci\u00f3n de sus equipos con el armario para montaje en bastidor de 19 pulgadas de SX<\/h2>\n<h3>Protecci\u00f3n superior para su equipo<\/h3>\n<p>Presentando el <a href=\"https:\/\/sxpowercase.com\/\" target=\"_blank\"  rel=\"noopener\" title=\"SX\"  data-wpil-monitor-id=\"485\">SX<\/a> Armario para montaje en bastidor de 19 pulgadas, la soluci\u00f3n definitiva para asegurar y proteger sus valiosos equipos. Construido con materiales robustos y un dise\u00f1o preciso, nuestro armario asegura que su equipo se mantiene a salvo de da\u00f1os, ya sea en tr\u00e1nsito o durante la instalaci\u00f3n. Conf\u00ede en SX para obtener la fiabilidad y durabilidad que necesita.<\/p>\n<h3>Ventas directas de f\u00e1brica para obtener el m\u00e1ximo valor<\/h3>\n<p>En SX, creemos en ofrecer el mejor valor a nuestros clientes. Al utilizar la venta directa de f\u00e1brica, eliminamos a los intermediarios, lo que nos permite ofrecer nuestro armario para montaje en bastidor de 19 pulgadas a precios inmejorables. Este enfoque directo no s\u00f3lo le ahorra dinero, sino que tambi\u00e9n le garantiza que recibir\u00e1 un producto de la m\u00e1s alta calidad. Aumente la eficiencia de su negocio con las soluciones rentables de SX.<\/p>\n<h3>Personalizaci\u00f3n a la medida de sus necesidades<\/h3>\n<p>Entendiendo que cada profesional tiene requisitos \u00fanicos, SX ofrece servicios integrales de personalizaci\u00f3n. Nuestros armarios para montaje en bastidor de 19 pulgadas pueden adaptarse a sus especificaciones, desde dimensiones personalizadas hasta caracter\u00edsticas adicionales como compartimentos adicionales o marcas personalizadas. Con nuestras soluciones a medida, sus equipos estar\u00e1n perfectamente protegidos y su imagen profesional mejorada.<\/p>\n<hr \/>\n<h3>\u00bfPor qu\u00e9 elegir SX?<\/h3>\n<p>Elegir SX significa invertir en una protecci\u00f3n de primera categor\u00eda para su equipo. Nuestro modelo de venta directa de f\u00e1brica le garantiza los mejores precios sin comprometer la calidad. Con nuestro compromiso de personalizaci\u00f3n, el armario para montaje en bastidor de 19 pulgadas satisfar\u00e1 sus necesidades exactas, proporcionando una protecci\u00f3n inigualable para su equipo. As\u00f3ciese con SX hoy mismo para ver c\u00f3mo nuestros productos pueden mejorar las operaciones de su empresa y salvaguardar sus valiosos equipos.<\/p>\n<p><strong>PREGUNTAS FRECUENTES<\/strong><\/p>\n<p>P: \u00bfCu\u00e1l es su MOQ?<\/p>\n<p>A: Si tenemos los productos en stock, no habr\u00e1 MOQ. Si necesitamos producir, podemos discutir el MOQ seg\u00fan la situaci\u00f3n exacta del cliente.<\/p>\n<p>P: \u00bfCu\u00e1l es su servicio de env\u00edo?<\/p>\n<p>R: Podemos prestar servicios de reserva de buques, consolidaci\u00f3n de mercanc\u00edas, declaraci\u00f3n de aduanas, preparaci\u00f3n de documentos de embarque y entrega a granel en el puerto de embarque.<\/p>\n<p>P: \u00bfPuede ayudarnos con el dise\u00f1o?<\/p>\n<p>R: S\u00ed, simplemente dise\u00f1o libre, dise\u00f1o especial necesidad de pagar.<\/p>\n<p><strong>Control de calidad<\/strong><\/p>\n<p>Todos los productos deben haber sido inspeccionados antes de la entrega. Hacemos la inspecci\u00f3n en l\u00ednea y la inspecci\u00f3n final.<\/p>\n<p>1.Toda la materia prima se comprueba una vez que llega a nuestra f\u00e1brica.<\/p>\n<p>2.Todas las piezas y el logotipo y todos los detalles comprobados durante la producci\u00f3n.<\/p>\n<p>3.Todos los detalles del embalaje se comprueban durante la producci\u00f3n.<\/p>\n<p>4.All calidad de la producci\u00f3n y el embalaje comprobado en la inspecci\u00f3n final despu\u00e9s de terminado.<\/p>\n<p>Hot Tags: Low price, in stock, free sample, Power And Signal Cable, 16 Gauge 4 Conductor Wire, Microphone Stand Case, Outdoor Led Display Cabinet, Rack Mount, 19\" Rackmount Mixer Flight Cases\uff0celectrical distro box, China, proveedores, f\u00e1brica, modificado para requisitos particulares, al por mayor, <span style=\"color: #993366;\"><a style=\"color: #993366;\" href=\"https:\/\/sxflightcase.com\/es_es\/product-category\/all-product\/power-distribution-boxes\/\">cajas de poder<\/a>,\u00a0<a style=\"color: #993366;\" href=\"https:\/\/sxflightcase.com\/es_es\/product-category\/all-product\/hoist-controllers\/\">cables de alimentaci\u00f3n<\/a>,\u00a0<a style=\"color: #993366;\" href=\"https:\/\/sxflightcase.com\/es_es\/product-category\/all-product\/hoist-controllers\/\">controladores de polipasto<\/a>,\u00a0<a style=\"color: #993366;\" href=\"https:\/\/sxflightcase.com\/es_es\/product-category\/all-product\/flight-case\/\">Estuches de vuelo.<\/a><\/span><\/p>","protected":false},"excerpt":{"rendered":"<h2 class=\"prodetails-name\">Armario para montaje en bastidor de 19 pulgadas<\/h2>\n<p>Fundada en 2001, estamos especializados en la fabricaci\u00f3n de todo tipo de armarios rack de 19 pulgadas con un \u00e1rea de taller de m\u00e1s de 20.00 metros cuadrados. Normalmente hacemos de 2u a 20u, pero tambi\u00e9n hacemos diferentes tama\u00f1os depende de su necesidad.<\/p>\n<h2><strong>Introducci\u00f3n de la producci\u00f3n<\/strong><\/h2>\n<p>La dimensi\u00f3n del ancho interior del armario para montaje en bastidor de 19 pulgadas es est\u00e1ndar de 19\". La profundidad del rack (hasta la tapa trasera) es de 20,25\". Profundidad de la tapa: 3,75\", 4 asas con resorte, 8 pestillos giratorios empotrados con inserciones para candado. La serie Shengxiang de cajas para rack tambi\u00e9n est\u00e1 disponible en cajas para rack de 2U, 4U, 6U, 8U, 10U, 12U, 14U y 16U.<\/p>","protected":false},"featured_media":1633,"comment_status":"open","ping_status":"closed","template":"","meta":[],"product_brand":[],"product_cat":[35],"product_tag":[50],"class_list":{"0":"post-1632","1":"product","2":"type-product","3":"status-publish","4":"has-post-thumbnail","6":"product_cat-standard-rack-cases","7":"product_tag-mp","9":"first","10":"instock","11":"shipping-taxable","12":"product-type-simple"},"yoast_head":"<!-- This site is optimized with the Yoast SEO Premium plugin v27.1 (Yoast SEO v27.2) - https:\/\/yoast.com\/product\/yoast-seo-premium-wordpress\/ -->\n<title>MP 19 Inch Rack Mount Enclosure - https:\/\/sxflightcase.com \ud83d\udc97<\/title>\n<meta name=\"description\" content=\"19 Inch Rack Mount Enclosure: Explore our factory-direct options for professional customization, ensuring optimal organization and protection of your equipment.\" \/>\n<meta name=\"robots\" content=\"index, follow, max-snippet:-1, max-image-preview:large, max-video-preview:-1\" \/>\n<link rel=\"canonical\" href=\"https:\/\/sxflightcase.com\/es_es\/\u0645\u0646\u062a\u062c\/\u0636\u0645\u064a\u0645\u0629-\u0645\u062b\u0628\u062a\u0629-\u0639\u0644\u0649-\u062d\u0627\u0645\u0644-19-\u0628\u0648\u0635\u0629-2\/\" \/>\n<meta property=\"og:locale\" content=\"es_ES\" \/>\n<meta property=\"og:type\" content=\"article\" \/>\n<meta property=\"og:title\" content=\"MP 19 Inch Rack Mount Enclosure\" \/>\n<meta property=\"og:description\" content=\"19 Inch Rack Mount Enclosure: Explore our factory-direct options for professional customization, ensuring optimal organization and protection of your equipment.\" \/>\n<meta property=\"og:url\" content=\"https:\/\/sxflightcase.com\/es_es\/\u0645\u0646\u062a\u062c\/\u0636\u0645\u064a\u0645\u0629-\u0645\u062b\u0628\u062a\u0629-\u0639\u0644\u0649-\u062d\u0627\u0645\u0644-19-\u0628\u0648\u0635\u0629-2\/\" \/>\n<meta property=\"og:site_name\" content=\"https:\/\/sxflightcase.com\" \/>\n<meta property=\"article:publisher\" content=\"https:\/\/www.facebook.com\/profile.php?id=61560407257971\" \/>\n<meta property=\"article:modified_time\" content=\"2024-06-26T09:14:35+00:00\" \/>\n<meta property=\"og:image\" content=\"https:\/\/sxflightcase.com\/wp-content\/uploads\/2024\/05\/19-inch-rack-mount-enclosure58212769315.webp\" \/>\n\t<meta property=\"og:image:width\" content=\"750\" \/>\n\t<meta property=\"og:image:height\" content=\"750\" \/>\n\t<meta property=\"og:image:type\" content=\"image\/webp\" \/>\n<meta name=\"twitter:card\" content=\"summary_large_image\" \/>\n<meta name=\"twitter:label1\" content=\"Tiempo de lectura\" \/>\n\t<meta name=\"twitter:data1\" content=\"4 minutos\" \/>\n<script type=\"application\/ld+json\" class=\"yoast-schema-graph\">{\"@context\":\"https:\/\/schema.org\",\"@graph\":[{\"@type\":\"WebPage\",\"@id\":\"https:\/\/sxflightcase.com\/ary\/\u0645\u0646\u062a\u062c\/\u0636\u0645\u064a\u0645\u0629-\u0645\u062b\u0628\u062a\u0629-\u0639\u0644\u0649-\u062d\u0627\u0645\u0644-19-\u0628\u0648\u0635\u0629-2\/\",\"url\":\"https:\/\/sxflightcase.com\/ary\/\u0645\u0646\u062a\u062c\/\u0636\u0645\u064a\u0645\u0629-\u0645\u062b\u0628\u062a\u0629-\u0639\u0644\u0649-\u062d\u0627\u0645\u0644-19-\u0628\u0648\u0635\u0629-2\/\",\"name\":\"MP 19 Inch Rack Mount Enclosure - https:\/\/sxflightcase.com \ud83d\udc97\",\"isPartOf\":{\"@id\":\"https:\/\/sxflightcase.com\/th\/#website\"},\"primaryImageOfPage\":{\"@id\":\"https:\/\/sxflightcase.com\/ary\/\u0645\u0646\u062a\u062c\/\u0636\u0645\u064a\u0645\u0629-\u0645\u062b\u0628\u062a\u0629-\u0639\u0644\u0649-\u062d\u0627\u0645\u0644-19-\u0628\u0648\u0635\u0629-2\/#primaryimage\"},\"image\":{\"@id\":\"https:\/\/sxflightcase.com\/ary\/\u0645\u0646\u062a\u062c\/\u0636\u0645\u064a\u0645\u0629-\u0645\u062b\u0628\u062a\u0629-\u0639\u0644\u0649-\u062d\u0627\u0645\u0644-19-\u0628\u0648\u0635\u0629-2\/#primaryimage\"},\"thumbnailUrl\":\"https:\/\/sxflightcase.com\/wp-content\/uploads\/2024\/05\/19-inch-rack-mount-enclosure58212769315.webp\",\"datePublished\":\"2024-05-10T02:09:46+00:00\",\"dateModified\":\"2024-06-26T09:14:35+00:00\",\"description\":\"19 Inch Rack Mount Enclosure: Explore our factory-direct options for professional customization, ensuring optimal organization and protection of your equipment.\",\"breadcrumb\":{\"@id\":\"https:\/\/sxflightcase.com\/ary\/\u0645\u0646\u062a\u062c\/\u0636\u0645\u064a\u0645\u0629-\u0645\u062b\u0628\u062a\u0629-\u0639\u0644\u0649-\u062d\u0627\u0645\u0644-19-\u0628\u0648\u0635\u0629-2\/#breadcrumb\"},\"inLanguage\":\"es\",\"potentialAction\":[{\"@type\":\"ReadAction\",\"target\":[\"https:\/\/sxflightcase.com\/ary\/\u0645\u0646\u062a\u062c\/\u0636\u0645\u064a\u0645\u0629-\u0645\u062b\u0628\u062a\u0629-\u0639\u0644\u0649-\u062d\u0627\u0645\u0644-19-\u0628\u0648\u0635\u0629-2\/\"]}]},{\"@type\":\"ImageObject\",\"inLanguage\":\"es\",\"@id\":\"https:\/\/sxflightcase.com\/ary\/\u0645\u0646\u062a\u062c\/\u0636\u0645\u064a\u0645\u0629-\u0645\u062b\u0628\u062a\u0629-\u0639\u0644\u0649-\u062d\u0627\u0645\u0644-19-\u0628\u0648\u0635\u0629-2\/#primaryimage\",\"url\":\"https:\/\/sxflightcase.com\/wp-content\/uploads\/2024\/05\/19-inch-rack-mount-enclosure58212769315.webp\",\"contentUrl\":\"https:\/\/sxflightcase.com\/wp-content\/uploads\/2024\/05\/19-inch-rack-mount-enclosure58212769315.webp\",\"width\":750,\"height\":750,\"caption\":\"19 Inch Rack Mount Enclosure\"},{\"@type\":\"BreadcrumbList\",\"@id\":\"https:\/\/sxflightcase.com\/ary\/\u0645\u0646\u062a\u062c\/\u0636\u0645\u064a\u0645\u0629-\u0645\u062b\u0628\u062a\u0629-\u0639\u0644\u0649-\u062d\u0627\u0645\u0644-19-\u0628\u0648\u0635\u0629-2\/#breadcrumb\",\"itemListElement\":[{\"@type\":\"ListItem\",\"position\":1,\"name\":\"Home\",\"item\":\"https:\/\/sxflightcase.com\/\"},{\"@type\":\"ListItem\",\"position\":2,\"name\":\"\u0e2a\u0e34\u0e19\u0e04\u0e49\u0e32\",\"item\":\"https:\/\/sxflightcase.com\/th\/shop\/\"},{\"@type\":\"ListItem\",\"position\":3,\"name\":\"MP 19 Inch Rack Mount Enclosure\"}]},{\"@type\":\"WebSite\",\"@id\":\"https:\/\/sxflightcase.com\/th\/#website\",\"url\":\"https:\/\/sxflightcase.com\/th\/\",\"name\":\"sxpowercase.com\",\"description\":\"Flight Case Factory\",\"publisher\":{\"@id\":\"https:\/\/sxflightcase.com\/th\/#organization\"},\"potentialAction\":[{\"@type\":\"SearchAction\",\"target\":{\"@type\":\"EntryPoint\",\"urlTemplate\":\"https:\/\/sxflightcase.com\/th\/?s={search_term_string}\"},\"query-input\":{\"@type\":\"PropertyValueSpecification\",\"valueRequired\":true,\"valueName\":\"search_term_string\"}}],\"inLanguage\":\"es\"},{\"@type\":\"Organization\",\"@id\":\"https:\/\/sxflightcase.com\/th\/#organization\",\"name\":\"sxpowercase.com\",\"url\":\"https:\/\/sxflightcase.com\/th\/\",\"logo\":{\"@type\":\"ImageObject\",\"inLanguage\":\"es\",\"@id\":\"https:\/\/sxflightcase.com\/th\/#\/schema\/logo\/image\/\",\"url\":\"https:\/\/sxflightcase.com\/wp-content\/uploads\/2024\/04\/1713919036007.jpg\",\"contentUrl\":\"https:\/\/sxflightcase.com\/wp-content\/uploads\/2024\/04\/1713919036007.jpg\",\"width\":382,\"height\":388,\"caption\":\"sxpowercase.com\"},\"image\":{\"@id\":\"https:\/\/sxflightcase.com\/th\/#\/schema\/logo\/image\/\"},\"sameAs\":[\"https:\/\/www.facebook.com\/profile.php?id=61560407257971\"],\"numberOfEmployees\":{\"@type\":\"QuantitativeValue\",\"minValue\":\"11\",\"maxValue\":\"50\"}}]}<\/script>\n<!-- \/ Yoast SEO Premium plugin. -->","yoast_head_json":{"title":"MP 19 Inch Rack Mount Enclosure - https:\/\/sxflightcase.com \ud83d\udc97","description":"Armario para montaje en bastidor de 19 pulgadas: Explore nuestras opciones directas de f\u00e1brica para una personalizaci\u00f3n profesional, garantizando una organizaci\u00f3n y protecci\u00f3n \u00f3ptimas de sus equipos.","robots":{"index":"index","follow":"follow","max-snippet":"max-snippet:-1","max-image-preview":"max-image-preview:large","max-video-preview":"max-video-preview:-1"},"canonical":"https:\/\/sxflightcase.com\/es_es\/\u0645\u0646\u062a\u062c\/\u0636\u0645\u064a\u0645\u0629-\u0645\u062b\u0628\u062a\u0629-\u0639\u0644\u0649-\u062d\u0627\u0645\u0644-19-\u0628\u0648\u0635\u0629-2\/","og_locale":"es_ES","og_type":"article","og_title":"MP 19 Inch Rack Mount Enclosure","og_description":"19 Inch Rack Mount Enclosure: Explore our factory-direct options for professional customization, ensuring optimal organization and protection of your equipment.","og_url":"https:\/\/sxflightcase.com\/es_es\/\u0645\u0646\u062a\u062c\/\u0636\u0645\u064a\u0645\u0629-\u0645\u062b\u0628\u062a\u0629-\u0639\u0644\u0649-\u062d\u0627\u0645\u0644-19-\u0628\u0648\u0635\u0629-2\/","og_site_name":"https:\/\/sxflightcase.com","article_publisher":"https:\/\/www.facebook.com\/profile.php?id=61560407257971","article_modified_time":"2024-06-26T09:14:35+00:00","og_image":[{"width":750,"height":750,"url":"https:\/\/sxflightcase.com\/wp-content\/uploads\/2024\/05\/19-inch-rack-mount-enclosure58212769315.webp","type":"image\/webp"}],"twitter_card":"summary_large_image","twitter_misc":{"Tiempo de lectura":"4 minutos"},"schema":{"@context":"https:\/\/schema.org","@graph":[{"@type":"WebPage","@id":"https:\/\/sxflightcase.com\/ary\/\u0645\u0646\u062a\u062c\/\u0636\u0645\u064a\u0645\u0629-\u0645\u062b\u0628\u062a\u0629-\u0639\u0644\u0649-\u062d\u0627\u0645\u0644-19-\u0628\u0648\u0635\u0629-2\/","url":"https:\/\/sxflightcase.com\/ary\/\u0645\u0646\u062a\u062c\/\u0636\u0645\u064a\u0645\u0629-\u0645\u062b\u0628\u062a\u0629-\u0639\u0644\u0649-\u062d\u0627\u0645\u0644-19-\u0628\u0648\u0635\u0629-2\/","name":"MP 19 Inch Rack Mount Enclosure - https:\/\/sxflightcase.com \ud83d\udc97","isPartOf":{"@id":"https:\/\/sxflightcase.com\/th\/#website"},"primaryImageOfPage":{"@id":"https:\/\/sxflightcase.com\/ary\/\u0645\u0646\u062a\u062c\/\u0636\u0645\u064a\u0645\u0629-\u0645\u062b\u0628\u062a\u0629-\u0639\u0644\u0649-\u062d\u0627\u0645\u0644-19-\u0628\u0648\u0635\u0629-2\/#primaryimage"},"image":{"@id":"https:\/\/sxflightcase.com\/ary\/\u0645\u0646\u062a\u062c\/\u0636\u0645\u064a\u0645\u0629-\u0645\u062b\u0628\u062a\u0629-\u0639\u0644\u0649-\u062d\u0627\u0645\u0644-19-\u0628\u0648\u0635\u0629-2\/#primaryimage"},"thumbnailUrl":"https:\/\/sxflightcase.com\/wp-content\/uploads\/2024\/05\/19-inch-rack-mount-enclosure58212769315.webp","datePublished":"2024-05-10T02:09:46+00:00","dateModified":"2024-06-26T09:14:35+00:00","description":"Armario para montaje en bastidor de 19 pulgadas: Explore nuestras opciones directas de f\u00e1brica para una personalizaci\u00f3n profesional, garantizando una organizaci\u00f3n y protecci\u00f3n \u00f3ptimas de sus equipos.","breadcrumb":{"@id":"https:\/\/sxflightcase.com\/ary\/\u0645\u0646\u062a\u062c\/\u0636\u0645\u064a\u0645\u0629-\u0645\u062b\u0628\u062a\u0629-\u0639\u0644\u0649-\u062d\u0627\u0645\u0644-19-\u0628\u0648\u0635\u0629-2\/#breadcrumb"},"inLanguage":"es","potentialAction":[{"@type":"ReadAction","target":["https:\/\/sxflightcase.com\/ary\/\u0645\u0646\u062a\u062c\/\u0636\u0645\u064a\u0645\u0629-\u0645\u062b\u0628\u062a\u0629-\u0639\u0644\u0649-\u062d\u0627\u0645\u0644-19-\u0628\u0648\u0635\u0629-2\/"]}]},{"@type":"ImageObject","inLanguage":"es","@id":"https:\/\/sxflightcase.com\/ary\/\u0645\u0646\u062a\u062c\/\u0636\u0645\u064a\u0645\u0629-\u0645\u062b\u0628\u062a\u0629-\u0639\u0644\u0649-\u062d\u0627\u0645\u0644-19-\u0628\u0648\u0635\u0629-2\/#primaryimage","url":"https:\/\/sxflightcase.com\/wp-content\/uploads\/2024\/05\/19-inch-rack-mount-enclosure58212769315.webp","contentUrl":"https:\/\/sxflightcase.com\/wp-content\/uploads\/2024\/05\/19-inch-rack-mount-enclosure58212769315.webp","width":750,"height":750,"caption":"19 Inch Rack Mount Enclosure"},{"@type":"BreadcrumbList","@id":"https:\/\/sxflightcase.com\/ary\/\u0645\u0646\u062a\u062c\/\u0636\u0645\u064a\u0645\u0629-\u0645\u062b\u0628\u062a\u0629-\u0639\u0644\u0649-\u062d\u0627\u0645\u0644-19-\u0628\u0648\u0635\u0629-2\/#breadcrumb","itemListElement":[{"@type":"ListItem","position":1,"name":"Home","item":"https:\/\/sxflightcase.com\/"},{"@type":"ListItem","position":2,"name":"\u0e2a\u0e34\u0e19\u0e04\u0e49\u0e32","item":"https:\/\/sxflightcase.com\/th\/shop\/"},{"@type":"ListItem","position":3,"name":"MP 19 Inch Rack Mount Enclosure"}]},{"@type":"WebSite","@id":"https:\/\/sxflightcase.com\/th\/#website","url":"https:\/\/sxflightcase.com\/th\/","name":"es.sxpowercase.com","description":"F\u00e1brica de flightcases","publisher":{"@id":"https:\/\/sxflightcase.com\/th\/#organization"},"potentialAction":[{"@type":"SearchAction","target":{"@type":"EntryPoint","urlTemplate":"https:\/\/sxflightcase.com\/th\/?s={search_term_string}"},"query-input":{"@type":"PropertyValueSpecification","valueRequired":true,"valueName":"search_term_string"}}],"inLanguage":"es"},{"@type":"Organization","@id":"https:\/\/sxflightcase.com\/th\/#organization","name":"es.sxpowercase.com","url":"https:\/\/sxflightcase.com\/th\/","logo":{"@type":"ImageObject","inLanguage":"es","@id":"https:\/\/sxflightcase.com\/th\/#\/schema\/logo\/image\/","url":"https:\/\/sxflightcase.com\/wp-content\/uploads\/2024\/04\/1713919036007.jpg","contentUrl":"https:\/\/sxflightcase.com\/wp-content\/uploads\/2024\/04\/1713919036007.jpg","width":382,"height":388,"caption":"sxpowercase.com"},"image":{"@id":"https:\/\/sxflightcase.com\/th\/#\/schema\/logo\/image\/"},"sameAs":["https:\/\/www.facebook.com\/profile.php?id=61560407257971"],"numberOfEmployees":{"@type":"QuantitativeValue","minValue":"11","maxValue":"50"}}]}},"_links":{"self":[{"href":"https:\/\/sxflightcase.com\/es_es\/wp-json\/wp\/v2\/product\/1632","targetHints":{"allow":["GET"]}}],"collection":[{"href":"https:\/\/sxflightcase.com\/es_es\/wp-json\/wp\/v2\/product"}],"about":[{"href":"https:\/\/sxflightcase.com\/es_es\/wp-json\/wp\/v2\/types\/product"}],"replies":[{"embeddable":true,"href":"https:\/\/sxflightcase.com\/es_es\/wp-json\/wp\/v2\/comments?post=1632"}],"version-history":[{"count":0,"href":"https:\/\/sxflightcase.com\/es_es\/wp-json\/wp\/v2\/product\/1632\/revisions"}],"wp:featuredmedia":[{"embeddable":true,"href":"https:\/\/sxflightcase.com\/es_es\/wp-json\/wp\/v2\/media\/1633"}],"wp:attachment":[{"href":"https:\/\/sxflightcase.com\/es_es\/wp-json\/wp\/v2\/media?parent=1632"}],"wp:term":[{"taxonomy":"product_brand","embeddable":true,"href":"https:\/\/sxflightcase.com\/es_es\/wp-json\/wp\/v2\/product_brand?post=1632"},{"taxonomy":"product_cat","embeddable":true,"href":"https:\/\/sxflightcase.com\/es_es\/wp-json\/wp\/v2\/product_cat?post=1632"},{"taxonomy":"product_tag","embeddable":true,"href":"https:\/\/sxflightcase.com\/es_es\/wp-json\/wp\/v2\/product_tag?post=1632"}],"curies":[{"name":"wp","href":"https:\/\/api.w.org\/{rel}","templated":true}]}}