{"id":1655,"date":"2024-05-10T03:33:38","date_gmt":"2024-05-10T02:33:38","guid":{"rendered":"https:\/\/sxpowercase.com\/?post_type=product&#038;p=1655"},"modified":"2024-06-26T10:23:10","modified_gmt":"2024-06-26T09:23:10","slug":"12u-rack-flight-case","status":"publish","type":"product","link":"https:\/\/sxflightcase.com\/es_es\/producto\/flight-case-rack-12u-2\/","title":{"rendered":"Estuche de transporte para rack MP 12u"},"content":{"rendered":"<h3><strong>Par\u00e1metros del producto<\/strong><\/h3>\n<section class=\"table-wrap\">\n<table class=\"table\" width=\"100%\" cellspacing=\"0\" cellpadding=\"0\">\n<tbody>\n<tr class=\"firstRow\">\n<td width=\"134\">Nombre del producto:<\/td>\n<td width=\"503\">flight case rack 12u<\/td>\n<\/tr>\n<tr>\n<td width=\"134\">Material y accesorio:<\/td>\n<td width=\"503\">Contrachapado de 9 mm + Herrajes cromados\/zincados + Extrusi\u00f3n de aluminio<br \/>\nTapas extra\u00edbles delantera y trasera<\/td>\n<\/tr>\n<tr>\n<td width=\"134\">Forro de espuma:<\/td>\n<td width=\"503\">Espuma perlada\/espuma de EVA\/espuma de huevo, etc...regular o seg\u00fan pedido<\/td>\n<\/tr>\n<tr>\n<td width=\"134\">Color:<\/td>\n<td width=\"503\">Negro (color por defecto), Rojo, Azul, Naranja, Amarillo, Verde, etc.<\/td>\n<\/tr>\n<tr>\n<td width=\"134\">Plazo de entrega:<\/td>\n<td width=\"503\">Pedido de muestra 3 d\u00edas, Pedido normal 7-15d\u00edas<\/td>\n<\/tr>\n<tr>\n<td width=\"134\">Dimensi\u00f3n:<\/td>\n<td width=\"503\">Depende de las dimensiones del equipo<\/td>\n<\/tr>\n<\/tbody>\n<\/table>\n<\/section>\n<h3>SX 12u Rack Flight Case: Asegure su equipo con confianza<\/h3>\n<h4>Protecci\u00f3n fiable para su equipo<\/h4>\n<p>Cuando se trata de transportar equipos delicados, la seguridad no es negociable. El sitio <a href=\"https:\/\/sxpowercase.com\/\" target=\"_blank\"  rel=\"noopener\" title=\"SX\"  data-wpil-monitor-id=\"490\">SX<\/a> 12u Rack Flight Case proporciona una protecci\u00f3n robusta para su valioso equipo. Fabricado con materiales duraderos y dise\u00f1ado para soportar las exigencias de los viajes, este flight case garantiza que su equipo permanezca a salvo de golpes, vibraciones y los elementos. Tanto si es un m\u00fasico de gira, un profesional audiovisual o un t\u00e9cnico industrial, conf\u00ede en SX para salvaguardar su equipo all\u00e1 donde le lleve su viaje.<\/p>\n<h4>Directo de f\u00e1brica: Calidad y valor combinados<\/h4>\n<p>En SX, creemos en la entrega de valor directamente de nuestra f\u00e1brica a sus manos. Al eliminar intermediarios, ofrecemos la 12u Rack Flight Case a precios competitivos sin comprometer la calidad. Nuestro enfoque de venta directa no s\u00f3lo le ahorra dinero, sino que tambi\u00e9n garantiza un producto que cumple con nuestros estrictos est\u00e1ndares de durabilidad y fiabilidad. Eleve sus operaciones comerciales con nuestras flight cases directas de f\u00e1brica dise\u00f1adas para proteger y mejorar su equipo.<\/p>\n<h4>Soluciones a la medida de sus necesidades<\/h4>\n<p>Entendemos que cada cliente tiene requisitos \u00fanicos. Por eso SX ofrece amplias opciones de personalizaci\u00f3n para la flight case para rack 12u. Si necesita dimensiones espec\u00edficas, caracter\u00edsticas adicionales como gesti\u00f3n de cables o una marca que refleje su identidad, nuestros servicios de personalizaci\u00f3n garantizan que su flight case se adapte exactamente a sus especificaciones. Mejore la eficiencia y la profesionalidad con una flight case que no s\u00f3lo proteja, sino que tambi\u00e9n represente su marca con distinci\u00f3n.<\/p>\n<hr \/>\n<h4>As\u00f3ciese con SX para obtener una calidad y un servicio excepcionales<\/h4>\n<p>Elegir la SX 12u Rack Flight Case significa invertir en tranquilidad y fiabilidad. Nuestro compromiso con la venta directa de f\u00e1brica y las soluciones personalizables le garantizan un producto que supera sus expectativas. Proteja su valioso equipo con confianza, sabiendo que las flight cases SX est\u00e1n dise\u00f1adas para soportar los retos del uso profesional. Conf\u00ede en SX para obtener la calidad y el servicio que se merece, permiti\u00e9ndole centrarse en lo que importa: el \u00e9xito de su negocio.<\/p>\n<p><strong>PREGUNTAS FRECUENTES<\/strong><\/p>\n<p>P: \u00bfCu\u00e1nto tiempo dura el env\u00edo?<\/p>\n<p>R: El plazo de entrega general es de 25-30 d\u00edas despu\u00e9s de recibir su confirmaci\u00f3n de pedido. Otro, si tenemos las mercanc\u00edas en la acci\u00f3n, tardar\u00e1 solamente 1-2 d\u00edas.<\/p>\n<p>P: \u00bfPodemos utilizar nuestro propio logotipo?<\/p>\n<p>A: S\u00ed, podemos imprimir su logotipo privado seg\u00fan su solicitud.<\/p>\n<p>P: \u00bfCu\u00e1ntos envases tienen?<\/p>\n<p>R: Actualmente disponemos de tres embalajes: caja de cart\u00f3n, bolsa de burbujas y papel kraft.<\/p>\n<p><strong>Control de calidad<\/strong><\/p>\n<p>Tenemos QC persona estancia en las l\u00edneas de producci\u00f3n hacer a la inspecci\u00f3n. Todos los productos deben haber sido inspeccionados antes de la entrega. Hacemos la inspecci\u00f3n en l\u00ednea y la inspecci\u00f3n final.<\/p>\n<p>1.Toda la materia prima se comprueba una vez que llega a nuestra f\u00e1brica.<\/p>\n<p>2.Todas las piezas y el logotipo y todos los detalles comprobados durante la producci\u00f3n.<\/p>\n<p>3.Todos los detalles del embalaje se comprueban durante la producci\u00f3n.<\/p>\n<p>4.All calidad de la producci\u00f3n y el embalaje comprobado en la inspecci\u00f3n final despu\u00e9s de terminado.<\/p>\n<p>Hot Tags: Low price, in stock, free sample, Power And Signal Cable, 16 Gauge 4 Conductor Wire, Microphone Stand Case, Outdoor Led Display Cabinet, Rack Mount, 19\" Rackmount Mixer Flight Cases\uff0celectrical distro box, China, proveedores, f\u00e1brica, modificado para requisitos particulares, al por mayor, <span style=\"color: #993366;\"><a style=\"color: #993366;\" href=\"https:\/\/sxflightcase.com\/es_es\/product-category\/all-product\/power-distribution-boxes\/\">cajas de poder<\/a>,\u00a0<a style=\"color: #993366;\" href=\"https:\/\/sxflightcase.com\/es_es\/product-category\/all-product\/hoist-controllers\/\">cables de alimentaci\u00f3n<\/a>,\u00a0<a style=\"color: #993366;\" href=\"https:\/\/sxflightcase.com\/es_es\/product-category\/all-product\/hoist-controllers\/\">controladores de polipasto<\/a>,\u00a0<a style=\"color: #993366;\" href=\"https:\/\/sxflightcase.com\/es_es\/product-category\/all-product\/flight-case\/\">Estuches de vuelo.<\/a><\/span><\/p>","protected":false},"excerpt":{"rendered":"<h2 class=\"prodetails-name\">12u Rack Flight Case<\/h2>\n<p>Fundada en 2001, estamos especializados en la fabricaci\u00f3n de todo tipo de flight case de montaje en rack con un \u00e1rea de taller de m\u00e1s de 20.00 metros cuadrados. Normalmente hacemos caso del vuelo del estante 12u tambi\u00e9n 16u, pero tambi\u00e9n hacemos diverso tama\u00f1o dependemos de su necesidad.<\/p>\n<h2><strong>Introducci\u00f3n de la producci\u00f3n<\/strong><\/h2>\n<p>Maleta rack 12u con leng\u00fceta y ranura de aluminio de f\u00e1cil cierre. Orificio de acceso para cables con tapa de emblema extra\u00edble y pestillos de mariposa industriales empotrados de cierre por torsi\u00f3n - Preparado para candado.<\/p>","protected":false},"featured_media":1656,"comment_status":"open","ping_status":"closed","template":"","meta":[],"product_brand":[],"product_cat":[35],"product_tag":[50],"class_list":{"0":"post-1655","1":"product","2":"type-product","3":"status-publish","4":"has-post-thumbnail","6":"product_cat-standard-rack-cases","7":"product_tag-mp","9":"first","10":"instock","11":"shipping-taxable","12":"product-type-simple"},"yoast_head":"<!-- This site is optimized with the Yoast SEO Premium plugin v27.1 (Yoast SEO v27.2) - https:\/\/yoast.com\/product\/yoast-seo-premium-wordpress\/ -->\n<title>MP 12u Rack Flight Case - https:\/\/sxflightcase.com \ud83d\udc97<\/title>\n<meta name=\"description\" content=\"12u Rack Flight Case: Discover our factory-direct options, offering professional customization for efficient organization and storage of your equipment.\" \/>\n<meta name=\"robots\" content=\"index, follow, max-snippet:-1, max-image-preview:large, max-video-preview:-1\" \/>\n<link rel=\"canonical\" href=\"https:\/\/sxflightcase.com\/es_es\/\u0645\u0646\u062a\u062c\/\u062d\u0642\u064a\u0628\u0629-\u0637\u064a\u0631\u0627\u0646-12-\u0648\u062d\u062f\u0629\/\" \/>\n<meta property=\"og:locale\" content=\"es_ES\" \/>\n<meta property=\"og:type\" content=\"article\" \/>\n<meta property=\"og:title\" content=\"MP 12u Rack Flight Case\" \/>\n<meta property=\"og:description\" content=\"12u Rack Flight Case: Discover our factory-direct options, offering professional customization for efficient organization and storage of your equipment.\" \/>\n<meta property=\"og:url\" content=\"https:\/\/sxflightcase.com\/es_es\/\u0645\u0646\u062a\u062c\/\u062d\u0642\u064a\u0628\u0629-\u0637\u064a\u0631\u0627\u0646-12-\u0648\u062d\u062f\u0629\/\" \/>\n<meta property=\"og:site_name\" content=\"https:\/\/sxflightcase.com\" \/>\n<meta property=\"article:publisher\" content=\"https:\/\/www.facebook.com\/profile.php?id=61560407257971\" \/>\n<meta property=\"article:modified_time\" content=\"2024-06-26T09:23:10+00:00\" \/>\n<meta property=\"og:image\" content=\"https:\/\/sxflightcase.com\/wp-content\/uploads\/2024\/05\/12u-rack-flight-case44398687814.webp\" \/>\n\t<meta property=\"og:image:width\" content=\"750\" \/>\n\t<meta property=\"og:image:height\" content=\"750\" \/>\n\t<meta property=\"og:image:type\" content=\"image\/webp\" \/>\n<meta name=\"twitter:card\" content=\"summary_large_image\" \/>\n<meta name=\"twitter:label1\" content=\"Tiempo de lectura\" \/>\n\t<meta name=\"twitter:data1\" content=\"4 minutos\" \/>\n<script type=\"application\/ld+json\" class=\"yoast-schema-graph\">{\"@context\":\"https:\/\/schema.org\",\"@graph\":[{\"@type\":\"WebPage\",\"@id\":\"https:\/\/sxflightcase.com\/ary\/\u0645\u0646\u062a\u062c\/\u062d\u0642\u064a\u0628\u0629-\u0637\u064a\u0631\u0627\u0646-12-\u0648\u062d\u062f\u0629\/\",\"url\":\"https:\/\/sxflightcase.com\/ary\/\u0645\u0646\u062a\u062c\/\u062d\u0642\u064a\u0628\u0629-\u0637\u064a\u0631\u0627\u0646-12-\u0648\u062d\u062f\u0629\/\",\"name\":\"MP 12u Rack Flight Case - https:\/\/sxflightcase.com \ud83d\udc97\",\"isPartOf\":{\"@id\":\"https:\/\/sxflightcase.com\/th\/#website\"},\"primaryImageOfPage\":{\"@id\":\"https:\/\/sxflightcase.com\/ary\/\u0645\u0646\u062a\u062c\/\u062d\u0642\u064a\u0628\u0629-\u0637\u064a\u0631\u0627\u0646-12-\u0648\u062d\u062f\u0629\/#primaryimage\"},\"image\":{\"@id\":\"https:\/\/sxflightcase.com\/ary\/\u0645\u0646\u062a\u062c\/\u062d\u0642\u064a\u0628\u0629-\u0637\u064a\u0631\u0627\u0646-12-\u0648\u062d\u062f\u0629\/#primaryimage\"},\"thumbnailUrl\":\"https:\/\/sxflightcase.com\/wp-content\/uploads\/2024\/05\/12u-rack-flight-case44398687814.webp\",\"datePublished\":\"2024-05-10T02:33:38+00:00\",\"dateModified\":\"2024-06-26T09:23:10+00:00\",\"description\":\"12u Rack Flight Case: Discover our factory-direct options, offering professional customization for efficient organization and storage of your equipment.\",\"breadcrumb\":{\"@id\":\"https:\/\/sxflightcase.com\/ary\/\u0645\u0646\u062a\u062c\/\u062d\u0642\u064a\u0628\u0629-\u0637\u064a\u0631\u0627\u0646-12-\u0648\u062d\u062f\u0629\/#breadcrumb\"},\"inLanguage\":\"es\",\"potentialAction\":[{\"@type\":\"ReadAction\",\"target\":[\"https:\/\/sxflightcase.com\/ary\/\u0645\u0646\u062a\u062c\/\u062d\u0642\u064a\u0628\u0629-\u0637\u064a\u0631\u0627\u0646-12-\u0648\u062d\u062f\u0629\/\"]}]},{\"@type\":\"ImageObject\",\"inLanguage\":\"es\",\"@id\":\"https:\/\/sxflightcase.com\/ary\/\u0645\u0646\u062a\u062c\/\u062d\u0642\u064a\u0628\u0629-\u0637\u064a\u0631\u0627\u0646-12-\u0648\u062d\u062f\u0629\/#primaryimage\",\"url\":\"https:\/\/sxflightcase.com\/wp-content\/uploads\/2024\/05\/12u-rack-flight-case44398687814.webp\",\"contentUrl\":\"https:\/\/sxflightcase.com\/wp-content\/uploads\/2024\/05\/12u-rack-flight-case44398687814.webp\",\"width\":750,\"height\":750,\"caption\":\"12u Rack Flight Case\"},{\"@type\":\"BreadcrumbList\",\"@id\":\"https:\/\/sxflightcase.com\/ary\/\u0645\u0646\u062a\u062c\/\u062d\u0642\u064a\u0628\u0629-\u0637\u064a\u0631\u0627\u0646-12-\u0648\u062d\u062f\u0629\/#breadcrumb\",\"itemListElement\":[{\"@type\":\"ListItem\",\"position\":1,\"name\":\"Home\",\"item\":\"https:\/\/sxflightcase.com\/\"},{\"@type\":\"ListItem\",\"position\":2,\"name\":\"\u0e2a\u0e34\u0e19\u0e04\u0e49\u0e32\",\"item\":\"https:\/\/sxflightcase.com\/th\/shop\/\"},{\"@type\":\"ListItem\",\"position\":3,\"name\":\"MP 12u Rack Flight Case\"}]},{\"@type\":\"WebSite\",\"@id\":\"https:\/\/sxflightcase.com\/th\/#website\",\"url\":\"https:\/\/sxflightcase.com\/th\/\",\"name\":\"sxpowercase.com\",\"description\":\"Flight Case Factory\",\"publisher\":{\"@id\":\"https:\/\/sxflightcase.com\/th\/#organization\"},\"potentialAction\":[{\"@type\":\"SearchAction\",\"target\":{\"@type\":\"EntryPoint\",\"urlTemplate\":\"https:\/\/sxflightcase.com\/th\/?s={search_term_string}\"},\"query-input\":{\"@type\":\"PropertyValueSpecification\",\"valueRequired\":true,\"valueName\":\"search_term_string\"}}],\"inLanguage\":\"es\"},{\"@type\":\"Organization\",\"@id\":\"https:\/\/sxflightcase.com\/th\/#organization\",\"name\":\"sxpowercase.com\",\"url\":\"https:\/\/sxflightcase.com\/th\/\",\"logo\":{\"@type\":\"ImageObject\",\"inLanguage\":\"es\",\"@id\":\"https:\/\/sxflightcase.com\/th\/#\/schema\/logo\/image\/\",\"url\":\"https:\/\/sxflightcase.com\/wp-content\/uploads\/2024\/04\/1713919036007.jpg\",\"contentUrl\":\"https:\/\/sxflightcase.com\/wp-content\/uploads\/2024\/04\/1713919036007.jpg\",\"width\":382,\"height\":388,\"caption\":\"sxpowercase.com\"},\"image\":{\"@id\":\"https:\/\/sxflightcase.com\/th\/#\/schema\/logo\/image\/\"},\"sameAs\":[\"https:\/\/www.facebook.com\/profile.php?id=61560407257971\"],\"numberOfEmployees\":{\"@type\":\"QuantitativeValue\",\"minValue\":\"11\",\"maxValue\":\"50\"}}]}<\/script>\n<!-- \/ Yoast SEO Premium plugin. -->","yoast_head_json":{"title":"MP 12u Rack Flight Case - https:\/\/sxflightcase.com \ud83d\udc97","description":"12u Rack Flight Case: Descubra nuestras opciones directas de f\u00e1brica, que ofrecen personalizaci\u00f3n profesional para una organizaci\u00f3n y almacenamiento eficientes de su equipo.","robots":{"index":"index","follow":"follow","max-snippet":"max-snippet:-1","max-image-preview":"max-image-preview:large","max-video-preview":"max-video-preview:-1"},"canonical":"https:\/\/sxflightcase.com\/es_es\/\u0645\u0646\u062a\u062c\/\u062d\u0642\u064a\u0628\u0629-\u0637\u064a\u0631\u0627\u0646-12-\u0648\u062d\u062f\u0629\/","og_locale":"es_ES","og_type":"article","og_title":"MP 12u Rack Flight Case","og_description":"12u Rack Flight Case: Discover our factory-direct options, offering professional customization for efficient organization and storage of your equipment.","og_url":"https:\/\/sxflightcase.com\/es_es\/\u0645\u0646\u062a\u062c\/\u062d\u0642\u064a\u0628\u0629-\u0637\u064a\u0631\u0627\u0646-12-\u0648\u062d\u062f\u0629\/","og_site_name":"https:\/\/sxflightcase.com","article_publisher":"https:\/\/www.facebook.com\/profile.php?id=61560407257971","article_modified_time":"2024-06-26T09:23:10+00:00","og_image":[{"width":750,"height":750,"url":"https:\/\/sxflightcase.com\/wp-content\/uploads\/2024\/05\/12u-rack-flight-case44398687814.webp","type":"image\/webp"}],"twitter_card":"summary_large_image","twitter_misc":{"Tiempo de lectura":"4 minutos"},"schema":{"@context":"https:\/\/schema.org","@graph":[{"@type":"WebPage","@id":"https:\/\/sxflightcase.com\/ary\/\u0645\u0646\u062a\u062c\/\u062d\u0642\u064a\u0628\u0629-\u0637\u064a\u0631\u0627\u0646-12-\u0648\u062d\u062f\u0629\/","url":"https:\/\/sxflightcase.com\/ary\/\u0645\u0646\u062a\u062c\/\u062d\u0642\u064a\u0628\u0629-\u0637\u064a\u0631\u0627\u0646-12-\u0648\u062d\u062f\u0629\/","name":"MP 12u Rack Flight Case - https:\/\/sxflightcase.com \ud83d\udc97","isPartOf":{"@id":"https:\/\/sxflightcase.com\/th\/#website"},"primaryImageOfPage":{"@id":"https:\/\/sxflightcase.com\/ary\/\u0645\u0646\u062a\u062c\/\u062d\u0642\u064a\u0628\u0629-\u0637\u064a\u0631\u0627\u0646-12-\u0648\u062d\u062f\u0629\/#primaryimage"},"image":{"@id":"https:\/\/sxflightcase.com\/ary\/\u0645\u0646\u062a\u062c\/\u062d\u0642\u064a\u0628\u0629-\u0637\u064a\u0631\u0627\u0646-12-\u0648\u062d\u062f\u0629\/#primaryimage"},"thumbnailUrl":"https:\/\/sxflightcase.com\/wp-content\/uploads\/2024\/05\/12u-rack-flight-case44398687814.webp","datePublished":"2024-05-10T02:33:38+00:00","dateModified":"2024-06-26T09:23:10+00:00","description":"12u Rack Flight Case: Descubra nuestras opciones directas de f\u00e1brica, que ofrecen personalizaci\u00f3n profesional para una organizaci\u00f3n y almacenamiento eficientes de su equipo.","breadcrumb":{"@id":"https:\/\/sxflightcase.com\/ary\/\u0645\u0646\u062a\u062c\/\u062d\u0642\u064a\u0628\u0629-\u0637\u064a\u0631\u0627\u0646-12-\u0648\u062d\u062f\u0629\/#breadcrumb"},"inLanguage":"es","potentialAction":[{"@type":"ReadAction","target":["https:\/\/sxflightcase.com\/ary\/\u0645\u0646\u062a\u062c\/\u062d\u0642\u064a\u0628\u0629-\u0637\u064a\u0631\u0627\u0646-12-\u0648\u062d\u062f\u0629\/"]}]},{"@type":"ImageObject","inLanguage":"es","@id":"https:\/\/sxflightcase.com\/ary\/\u0645\u0646\u062a\u062c\/\u062d\u0642\u064a\u0628\u0629-\u0637\u064a\u0631\u0627\u0646-12-\u0648\u062d\u062f\u0629\/#primaryimage","url":"https:\/\/sxflightcase.com\/wp-content\/uploads\/2024\/05\/12u-rack-flight-case44398687814.webp","contentUrl":"https:\/\/sxflightcase.com\/wp-content\/uploads\/2024\/05\/12u-rack-flight-case44398687814.webp","width":750,"height":750,"caption":"12u Rack Flight Case"},{"@type":"BreadcrumbList","@id":"https:\/\/sxflightcase.com\/ary\/\u0645\u0646\u062a\u062c\/\u062d\u0642\u064a\u0628\u0629-\u0637\u064a\u0631\u0627\u0646-12-\u0648\u062d\u062f\u0629\/#breadcrumb","itemListElement":[{"@type":"ListItem","position":1,"name":"Home","item":"https:\/\/sxflightcase.com\/"},{"@type":"ListItem","position":2,"name":"\u0e2a\u0e34\u0e19\u0e04\u0e49\u0e32","item":"https:\/\/sxflightcase.com\/th\/shop\/"},{"@type":"ListItem","position":3,"name":"MP 12u Rack Flight Case"}]},{"@type":"WebSite","@id":"https:\/\/sxflightcase.com\/th\/#website","url":"https:\/\/sxflightcase.com\/th\/","name":"es.sxpowercase.com","description":"F\u00e1brica de flightcases","publisher":{"@id":"https:\/\/sxflightcase.com\/th\/#organization"},"potentialAction":[{"@type":"SearchAction","target":{"@type":"EntryPoint","urlTemplate":"https:\/\/sxflightcase.com\/th\/?s={search_term_string}"},"query-input":{"@type":"PropertyValueSpecification","valueRequired":true,"valueName":"search_term_string"}}],"inLanguage":"es"},{"@type":"Organization","@id":"https:\/\/sxflightcase.com\/th\/#organization","name":"es.sxpowercase.com","url":"https:\/\/sxflightcase.com\/th\/","logo":{"@type":"ImageObject","inLanguage":"es","@id":"https:\/\/sxflightcase.com\/th\/#\/schema\/logo\/image\/","url":"https:\/\/sxflightcase.com\/wp-content\/uploads\/2024\/04\/1713919036007.jpg","contentUrl":"https:\/\/sxflightcase.com\/wp-content\/uploads\/2024\/04\/1713919036007.jpg","width":382,"height":388,"caption":"sxpowercase.com"},"image":{"@id":"https:\/\/sxflightcase.com\/th\/#\/schema\/logo\/image\/"},"sameAs":["https:\/\/www.facebook.com\/profile.php?id=61560407257971"],"numberOfEmployees":{"@type":"QuantitativeValue","minValue":"11","maxValue":"50"}}]}},"_links":{"self":[{"href":"https:\/\/sxflightcase.com\/es_es\/wp-json\/wp\/v2\/product\/1655","targetHints":{"allow":["GET"]}}],"collection":[{"href":"https:\/\/sxflightcase.com\/es_es\/wp-json\/wp\/v2\/product"}],"about":[{"href":"https:\/\/sxflightcase.com\/es_es\/wp-json\/wp\/v2\/types\/product"}],"replies":[{"embeddable":true,"href":"https:\/\/sxflightcase.com\/es_es\/wp-json\/wp\/v2\/comments?post=1655"}],"version-history":[{"count":0,"href":"https:\/\/sxflightcase.com\/es_es\/wp-json\/wp\/v2\/product\/1655\/revisions"}],"wp:featuredmedia":[{"embeddable":true,"href":"https:\/\/sxflightcase.com\/es_es\/wp-json\/wp\/v2\/media\/1656"}],"wp:attachment":[{"href":"https:\/\/sxflightcase.com\/es_es\/wp-json\/wp\/v2\/media?parent=1655"}],"wp:term":[{"taxonomy":"product_brand","embeddable":true,"href":"https:\/\/sxflightcase.com\/es_es\/wp-json\/wp\/v2\/product_brand?post=1655"},{"taxonomy":"product_cat","embeddable":true,"href":"https:\/\/sxflightcase.com\/es_es\/wp-json\/wp\/v2\/product_cat?post=1655"},{"taxonomy":"product_tag","embeddable":true,"href":"https:\/\/sxflightcase.com\/es_es\/wp-json\/wp\/v2\/product_tag?post=1655"}],"curies":[{"name":"wp","href":"https:\/\/api.w.org\/{rel}","templated":true}]}}