{"id":1664,"date":"2024-05-10T03:42:43","date_gmt":"2024-05-10T02:42:43","guid":{"rendered":"https:\/\/sxpowercase.com\/?post_type=product&#038;p=1664"},"modified":"2024-06-25T10:07:51","modified_gmt":"2024-06-25T09:07:51","slug":"flight-case-2u","status":"publish","type":"product","link":"https:\/\/sxflightcase.com\/es_es\/producto\/flight-case-2u\/","title":{"rendered":"Estuche de vuelo FC 2u"},"content":{"rendered":"<h3><strong>Par\u00e1metros del producto<\/strong><\/h3>\n<section class=\"table-wrap\">\n<table class=\"table\" width=\"100%\" cellspacing=\"0\" cellpadding=\"0\">\n<tbody>\n<tr class=\"firstRow\">\n<td width=\"134\">Nombre del producto:<\/td>\n<td width=\"503\">Flight case 2u<\/td>\n<\/tr>\n<tr>\n<td width=\"134\">Material y accesorio:<\/td>\n<td width=\"503\">Contrachapado de 9 mm + Herrajes cromados\/zincados + Extrusi\u00f3n de aluminio<br \/>\nTapas extra\u00edbles delantera y trasera<\/td>\n<\/tr>\n<tr>\n<td width=\"134\">Forro de espuma:<\/td>\n<td width=\"503\">Espuma perlada\/espuma de EVA\/espuma de huevo, etc...regular o seg\u00fan pedido<\/td>\n<\/tr>\n<tr>\n<td width=\"134\">Color:<\/td>\n<td width=\"503\">Negro (color por defecto), Rojo, Azul, Naranja, Amarillo, Verde, etc.<\/td>\n<\/tr>\n<tr>\n<td width=\"134\">Plazo de entrega:<\/td>\n<td width=\"503\">Pedido de muestra 3 d\u00edas, Pedido normal 7-15d\u00edas<\/td>\n<\/tr>\n<tr>\n<td width=\"134\">Dimensi\u00f3n:<\/td>\n<td width=\"503\">Depende de las dimensiones del equipo<\/td>\n<\/tr>\n<\/tbody>\n<\/table>\n<\/section>\n<h2>SX Flight Case 2U: Protecci\u00f3n compacta para su equipo<\/h2>\n<h3>Compacto pero protector<\/h3>\n<p><a href=\"https:\/\/sxpowercase.com\/\" target=\"_blank\"  rel=\"noopener\" title=\"SX\"  data-wpil-monitor-id=\"475\">SX<\/a> presenta la Flight Case 2U, dise\u00f1ada para ofrecer una protecci\u00f3n compacta pero robusta a su valioso equipo. Ideal para m\u00fasicos, DJ y profesionales del sector audiovisual, esta flight case 2U garantiza la seguridad de su equipo durante el transporte y el almacenamiento. Su robusta construcci\u00f3n y su interior acolchado ofrecen una protecci\u00f3n fiable contra golpes e impactos, salvaguardando los delicados componentes electr\u00f3nicos e instrumentos.<\/p>\n<h3>Eficiencia directa de f\u00e1brica<\/h3>\n<p>En SX, damos prioridad a las ventas directas de f\u00e1brica para mejorar la eficacia empresarial y ofrecer precios competitivos. Al eliminar intermediarios, mantenemos el control sobre la calidad a la vez que le repercutimos a usted el ahorro de costes. El Flight Case 2U ejemplifica nuestro compromiso de ofrecer flight cases de alta calidad a precios asequibles, asegurando que usted obtiene el m\u00e1ximo valor sin comprometer la protecci\u00f3n.<\/p>\n<h3>Opciones de personalizaci\u00f3n disponibles<\/h3>\n<p>Entendemos que cada profesional tiene unos requisitos \u00fanicos. Por eso SX ofrece servicios de personalizaci\u00f3n para el Flight Case 2U. Si necesita compartimentos adicionales, dimensiones personalizadas u opciones de marca, nuestro equipo puede adaptar el flight case para satisfacer sus necesidades espec\u00edficas. Mejore su configuraci\u00f3n profesional con una soluci\u00f3n personalizada que refleje sus preferencias de estilo y funcionalidad.<\/p>\n<hr \/>\n<h2>\u00bfPor qu\u00e9 elegir SX?<\/h2>\n<p>Elija SX para la Flight Case 2U y experimente una protecci\u00f3n superior y opciones de personalizaci\u00f3n adaptadas a sus necesidades. Nuestro modelo de venta directa de f\u00e1brica garantiza la transparencia y la rentabilidad, lo que le permite invertir en un flight case que cumpla sus expectativas sin exceder su presupuesto. P\u00f3ngase en contacto con SX hoy mismo para explorar nuestras soluciones de flight case y elevar la protecci\u00f3n de su equipo durante los viajes y el almacenamiento.<\/p>\n<p><strong>PREGUNTAS FRECUENTES<\/strong><\/p>\n<p>P: \u00bfCu\u00e1l es su plazo de pago?<\/p>\n<p>R: 30% pago a cuenta antes de producir y 70% pago del saldo antes del env\u00edo.<\/p>\n<p>P: \u00bfQu\u00e9 forma de pago aceptan?<\/p>\n<p>R: T\/T, Western Union, etc. Aceptamos cualquier t\u00e9rmino conveniente y r\u00e1pido del pago.<\/p>\n<p>P: \u00bfCu\u00e1ndo puedo obtener el precio?<\/p>\n<p>R: Por lo general, cotizamos dentro de las 8 horas despu\u00e9s de recibir su consulta.<\/p>\n<p>P: \u00bfCu\u00e1l es su MOQ?<\/p>\n<p>A: Si tenemos los productos en stock, no habr\u00e1 MOQ. Si necesitamos producir, podemos discutir el MOQ seg\u00fan la situaci\u00f3n exacta del cliente.<\/p>\n<p><strong>Nuestros servicios<\/strong><\/p>\n<p>1.M\u00e1s servicio profesional en la exportaci\u00f3n de productos de embalaje e impresi\u00f3n<\/p>\n<p>2.Mejor capacidad de fabricaci\u00f3n<\/p>\n<p>3.Various t\u00e9rmino del pago a elegir: T\/T, Western Union<\/p>\n<p>Hot Tags: Low price, in stock, free sample, Power And Signal Cable, 16 Gauge 4 Conductor Wire, Microphone Stand Case, Outdoor Led Display Cabinet, Rack Mount, 19\" Rackmount Mixer Flight Cases\uff0celectrical distro box, China, proveedores, f\u00e1brica, modificado para requisitos particulares, al por mayor, <span style=\"color: #993366;\"><a style=\"color: #993366;\" href=\"https:\/\/sxflightcase.com\/es_es\/product-category\/all-product\/power-distribution-boxes\/\">cajas de poder<\/a>,\u00a0<a style=\"color: #993366;\" href=\"https:\/\/sxflightcase.com\/es_es\/product-category\/all-product\/hoist-controllers\/\">cables de alimentaci\u00f3n<\/a>,\u00a0<a style=\"color: #993366;\" href=\"https:\/\/sxflightcase.com\/es_es\/product-category\/all-product\/hoist-controllers\/\">controladores de polipasto<\/a>,\u00a0<a style=\"color: #993366;\" href=\"https:\/\/sxflightcase.com\/es_es\/product-category\/all-product\/flight-case\/\">Estuches de vuelo.<\/a><\/span><\/p>","protected":false},"excerpt":{"rendered":"<h2 class=\"prodetails-name\">Flight Case 2u<\/h2>\n<p>Suministramos flight case 2u para ofrecer una protecci\u00f3n fiable para los equipos y engranajes caros durante el uso, embalaje, almacenamiento y transporte. Nos dedicamos al flight case durante muchos a\u00f1os, cubriendo la mayor parte del mercado americano y asi\u00e1tico. Esperamos convertirnos en su socio de equipo a largo plazo en China.<\/p>\n<h2><strong>Introducci\u00f3n de la producci\u00f3n<\/strong><\/h2>\n<p>Esta flight case 2u est\u00e1 dise\u00f1ada con materiales de alta calidad, fabricada con laminado de pl\u00e1stico ABS\/madera contrachapada, forro de espuma, extrusiones de aluminio y herrajes de calidad. Se utiliza para cargar todo tipo de Audio, procesador, etc....<\/p>","protected":false},"featured_media":1666,"comment_status":"open","ping_status":"closed","template":"","meta":[],"product_brand":[],"product_cat":[35],"product_tag":[52],"class_list":{"0":"post-1664","1":"product","2":"type-product","3":"status-publish","4":"has-post-thumbnail","6":"product_cat-standard-rack-cases","7":"product_tag-fc","9":"first","10":"instock","11":"shipping-taxable","12":"product-type-simple"},"yoast_head":"<!-- This site is optimized with the Yoast SEO Premium plugin v27.1 (Yoast SEO v27.2) - https:\/\/yoast.com\/product\/yoast-seo-premium-wordpress\/ -->\n<title>FC Flight Case 2u - https:\/\/sxflightcase.com \ud83d\udc97<\/title>\n<meta name=\"description\" content=\"Flight Case 2u: Discover our factory-direct options, offering professional customization for efficient organization and storage of your equipment.\" \/>\n<meta name=\"robots\" content=\"index, follow, max-snippet:-1, max-image-preview:large, max-video-preview:-1\" \/>\n<link rel=\"canonical\" href=\"https:\/\/sxflightcase.com\/es_es\/produkt\/flight-case-2u-2\/\" \/>\n<meta property=\"og:locale\" content=\"es_ES\" \/>\n<meta property=\"og:type\" content=\"article\" \/>\n<meta property=\"og:title\" content=\"FC Flight Case 2u\" \/>\n<meta property=\"og:description\" content=\"Flight Case 2u: Discover our factory-direct options, offering professional customization for efficient organization and storage of your equipment.\" \/>\n<meta property=\"og:url\" content=\"https:\/\/sxflightcase.com\/es_es\/produkt\/flight-case-2u-2\/\" \/>\n<meta property=\"og:site_name\" content=\"https:\/\/sxflightcase.com\" \/>\n<meta property=\"article:publisher\" content=\"https:\/\/www.facebook.com\/profile.php?id=61560407257971\" \/>\n<meta property=\"article:modified_time\" content=\"2024-06-25T09:07:51+00:00\" \/>\n<meta property=\"og:image\" content=\"https:\/\/sxflightcase.com\/wp-content\/uploads\/2024\/05\/flight-case-2u57082760060.webp\" \/>\n\t<meta property=\"og:image:width\" content=\"750\" \/>\n\t<meta property=\"og:image:height\" content=\"750\" \/>\n\t<meta property=\"og:image:type\" content=\"image\/webp\" \/>\n<meta name=\"twitter:card\" content=\"summary_large_image\" \/>\n<meta name=\"twitter:label1\" content=\"Tiempo de lectura\" \/>\n\t<meta name=\"twitter:data1\" content=\"3 minutos\" \/>\n<script type=\"application\/ld+json\" class=\"yoast-schema-graph\">{\"@context\":\"https:\/\/schema.org\",\"@graph\":[{\"@type\":\"WebPage\",\"@id\":\"https:\/\/sxflightcase.com\/da\/produkt\/flight-case-2u-2\/\",\"url\":\"https:\/\/sxflightcase.com\/da\/produkt\/flight-case-2u-2\/\",\"name\":\"FC Flight Case 2u - https:\/\/sxflightcase.com \ud83d\udc97\",\"isPartOf\":{\"@id\":\"https:\/\/sxflightcase.com\/th\/#website\"},\"primaryImageOfPage\":{\"@id\":\"https:\/\/sxflightcase.com\/da\/produkt\/flight-case-2u-2\/#primaryimage\"},\"image\":{\"@id\":\"https:\/\/sxflightcase.com\/da\/produkt\/flight-case-2u-2\/#primaryimage\"},\"thumbnailUrl\":\"https:\/\/sxflightcase.com\/wp-content\/uploads\/2024\/05\/flight-case-2u57082760060.webp\",\"datePublished\":\"2024-05-10T02:42:43+00:00\",\"dateModified\":\"2024-06-25T09:07:51+00:00\",\"description\":\"Flight Case 2u: Discover our factory-direct options, offering professional customization for efficient organization and storage of your equipment.\",\"breadcrumb\":{\"@id\":\"https:\/\/sxflightcase.com\/da\/produkt\/flight-case-2u-2\/#breadcrumb\"},\"inLanguage\":\"es\",\"potentialAction\":[{\"@type\":\"ReadAction\",\"target\":[\"https:\/\/sxflightcase.com\/da\/produkt\/flight-case-2u-2\/\"]}]},{\"@type\":\"ImageObject\",\"inLanguage\":\"es\",\"@id\":\"https:\/\/sxflightcase.com\/da\/produkt\/flight-case-2u-2\/#primaryimage\",\"url\":\"https:\/\/sxflightcase.com\/wp-content\/uploads\/2024\/05\/flight-case-2u57082760060.webp\",\"contentUrl\":\"https:\/\/sxflightcase.com\/wp-content\/uploads\/2024\/05\/flight-case-2u57082760060.webp\",\"width\":750,\"height\":750,\"caption\":\"Flight Case 2u\"},{\"@type\":\"BreadcrumbList\",\"@id\":\"https:\/\/sxflightcase.com\/da\/produkt\/flight-case-2u-2\/#breadcrumb\",\"itemListElement\":[{\"@type\":\"ListItem\",\"position\":1,\"name\":\"Home\",\"item\":\"https:\/\/sxflightcase.com\/\"},{\"@type\":\"ListItem\",\"position\":2,\"name\":\"\u0e2a\u0e34\u0e19\u0e04\u0e49\u0e32\",\"item\":\"https:\/\/sxflightcase.com\/th\/shop\/\"},{\"@type\":\"ListItem\",\"position\":3,\"name\":\"FC Flight Case 2u\"}]},{\"@type\":\"WebSite\",\"@id\":\"https:\/\/sxflightcase.com\/th\/#website\",\"url\":\"https:\/\/sxflightcase.com\/th\/\",\"name\":\"sxpowercase.com\",\"description\":\"Flight Case Factory\",\"publisher\":{\"@id\":\"https:\/\/sxflightcase.com\/th\/#organization\"},\"potentialAction\":[{\"@type\":\"SearchAction\",\"target\":{\"@type\":\"EntryPoint\",\"urlTemplate\":\"https:\/\/sxflightcase.com\/th\/?s={search_term_string}\"},\"query-input\":{\"@type\":\"PropertyValueSpecification\",\"valueRequired\":true,\"valueName\":\"search_term_string\"}}],\"inLanguage\":\"es\"},{\"@type\":\"Organization\",\"@id\":\"https:\/\/sxflightcase.com\/th\/#organization\",\"name\":\"sxpowercase.com\",\"url\":\"https:\/\/sxflightcase.com\/th\/\",\"logo\":{\"@type\":\"ImageObject\",\"inLanguage\":\"es\",\"@id\":\"https:\/\/sxflightcase.com\/th\/#\/schema\/logo\/image\/\",\"url\":\"https:\/\/sxflightcase.com\/wp-content\/uploads\/2024\/04\/1713919036007.jpg\",\"contentUrl\":\"https:\/\/sxflightcase.com\/wp-content\/uploads\/2024\/04\/1713919036007.jpg\",\"width\":382,\"height\":388,\"caption\":\"sxpowercase.com\"},\"image\":{\"@id\":\"https:\/\/sxflightcase.com\/th\/#\/schema\/logo\/image\/\"},\"sameAs\":[\"https:\/\/www.facebook.com\/profile.php?id=61560407257971\"],\"numberOfEmployees\":{\"@type\":\"QuantitativeValue\",\"minValue\":\"11\",\"maxValue\":\"50\"}}]}<\/script>\n<!-- \/ Yoast SEO Premium plugin. -->","yoast_head_json":{"title":"FC Flight Case 2u - https:\/\/sxflightcase.com \ud83d\udc97","description":"Flight Case 2u: Descubra nuestras opciones directas de f\u00e1brica, que ofrecen una personalizaci\u00f3n profesional para una organizaci\u00f3n y almacenamiento eficientes de su equipo.","robots":{"index":"index","follow":"follow","max-snippet":"max-snippet:-1","max-image-preview":"max-image-preview:large","max-video-preview":"max-video-preview:-1"},"canonical":"https:\/\/sxflightcase.com\/es_es\/produkt\/flight-case-2u-2\/","og_locale":"es_ES","og_type":"article","og_title":"FC Flight Case 2u","og_description":"Flight Case 2u: Discover our factory-direct options, offering professional customization for efficient organization and storage of your equipment.","og_url":"https:\/\/sxflightcase.com\/es_es\/produkt\/flight-case-2u-2\/","og_site_name":"https:\/\/sxflightcase.com","article_publisher":"https:\/\/www.facebook.com\/profile.php?id=61560407257971","article_modified_time":"2024-06-25T09:07:51+00:00","og_image":[{"width":750,"height":750,"url":"https:\/\/sxflightcase.com\/wp-content\/uploads\/2024\/05\/flight-case-2u57082760060.webp","type":"image\/webp"}],"twitter_card":"summary_large_image","twitter_misc":{"Tiempo de lectura":"3 minutos"},"schema":{"@context":"https:\/\/schema.org","@graph":[{"@type":"WebPage","@id":"https:\/\/sxflightcase.com\/da\/produkt\/flight-case-2u-2\/","url":"https:\/\/sxflightcase.com\/da\/produkt\/flight-case-2u-2\/","name":"FC Flight Case 2u - https:\/\/sxflightcase.com \ud83d\udc97","isPartOf":{"@id":"https:\/\/sxflightcase.com\/th\/#website"},"primaryImageOfPage":{"@id":"https:\/\/sxflightcase.com\/da\/produkt\/flight-case-2u-2\/#primaryimage"},"image":{"@id":"https:\/\/sxflightcase.com\/da\/produkt\/flight-case-2u-2\/#primaryimage"},"thumbnailUrl":"https:\/\/sxflightcase.com\/wp-content\/uploads\/2024\/05\/flight-case-2u57082760060.webp","datePublished":"2024-05-10T02:42:43+00:00","dateModified":"2024-06-25T09:07:51+00:00","description":"Flight Case 2u: Descubra nuestras opciones directas de f\u00e1brica, que ofrecen una personalizaci\u00f3n profesional para una organizaci\u00f3n y almacenamiento eficientes de su equipo.","breadcrumb":{"@id":"https:\/\/sxflightcase.com\/da\/produkt\/flight-case-2u-2\/#breadcrumb"},"inLanguage":"es","potentialAction":[{"@type":"ReadAction","target":["https:\/\/sxflightcase.com\/da\/produkt\/flight-case-2u-2\/"]}]},{"@type":"ImageObject","inLanguage":"es","@id":"https:\/\/sxflightcase.com\/da\/produkt\/flight-case-2u-2\/#primaryimage","url":"https:\/\/sxflightcase.com\/wp-content\/uploads\/2024\/05\/flight-case-2u57082760060.webp","contentUrl":"https:\/\/sxflightcase.com\/wp-content\/uploads\/2024\/05\/flight-case-2u57082760060.webp","width":750,"height":750,"caption":"Flight Case 2u"},{"@type":"BreadcrumbList","@id":"https:\/\/sxflightcase.com\/da\/produkt\/flight-case-2u-2\/#breadcrumb","itemListElement":[{"@type":"ListItem","position":1,"name":"Home","item":"https:\/\/sxflightcase.com\/"},{"@type":"ListItem","position":2,"name":"\u0e2a\u0e34\u0e19\u0e04\u0e49\u0e32","item":"https:\/\/sxflightcase.com\/th\/shop\/"},{"@type":"ListItem","position":3,"name":"FC Flight Case 2u"}]},{"@type":"WebSite","@id":"https:\/\/sxflightcase.com\/th\/#website","url":"https:\/\/sxflightcase.com\/th\/","name":"es.sxpowercase.com","description":"F\u00e1brica de flightcases","publisher":{"@id":"https:\/\/sxflightcase.com\/th\/#organization"},"potentialAction":[{"@type":"SearchAction","target":{"@type":"EntryPoint","urlTemplate":"https:\/\/sxflightcase.com\/th\/?s={search_term_string}"},"query-input":{"@type":"PropertyValueSpecification","valueRequired":true,"valueName":"search_term_string"}}],"inLanguage":"es"},{"@type":"Organization","@id":"https:\/\/sxflightcase.com\/th\/#organization","name":"es.sxpowercase.com","url":"https:\/\/sxflightcase.com\/th\/","logo":{"@type":"ImageObject","inLanguage":"es","@id":"https:\/\/sxflightcase.com\/th\/#\/schema\/logo\/image\/","url":"https:\/\/sxflightcase.com\/wp-content\/uploads\/2024\/04\/1713919036007.jpg","contentUrl":"https:\/\/sxflightcase.com\/wp-content\/uploads\/2024\/04\/1713919036007.jpg","width":382,"height":388,"caption":"sxpowercase.com"},"image":{"@id":"https:\/\/sxflightcase.com\/th\/#\/schema\/logo\/image\/"},"sameAs":["https:\/\/www.facebook.com\/profile.php?id=61560407257971"],"numberOfEmployees":{"@type":"QuantitativeValue","minValue":"11","maxValue":"50"}}]}},"_links":{"self":[{"href":"https:\/\/sxflightcase.com\/es_es\/wp-json\/wp\/v2\/product\/1664","targetHints":{"allow":["GET"]}}],"collection":[{"href":"https:\/\/sxflightcase.com\/es_es\/wp-json\/wp\/v2\/product"}],"about":[{"href":"https:\/\/sxflightcase.com\/es_es\/wp-json\/wp\/v2\/types\/product"}],"replies":[{"embeddable":true,"href":"https:\/\/sxflightcase.com\/es_es\/wp-json\/wp\/v2\/comments?post=1664"}],"version-history":[{"count":0,"href":"https:\/\/sxflightcase.com\/es_es\/wp-json\/wp\/v2\/product\/1664\/revisions"}],"wp:featuredmedia":[{"embeddable":true,"href":"https:\/\/sxflightcase.com\/es_es\/wp-json\/wp\/v2\/media\/1666"}],"wp:attachment":[{"href":"https:\/\/sxflightcase.com\/es_es\/wp-json\/wp\/v2\/media?parent=1664"}],"wp:term":[{"taxonomy":"product_brand","embeddable":true,"href":"https:\/\/sxflightcase.com\/es_es\/wp-json\/wp\/v2\/product_brand?post=1664"},{"taxonomy":"product_cat","embeddable":true,"href":"https:\/\/sxflightcase.com\/es_es\/wp-json\/wp\/v2\/product_cat?post=1664"},{"taxonomy":"product_tag","embeddable":true,"href":"https:\/\/sxflightcase.com\/es_es\/wp-json\/wp\/v2\/product_tag?post=1664"}],"curies":[{"name":"wp","href":"https:\/\/api.w.org\/{rel}","templated":true}]}}