{"id":1673,"date":"2024-05-10T03:49:46","date_gmt":"2024-05-10T02:49:46","guid":{"rendered":"https:\/\/sxpowercase.com\/?post_type=product&#038;p=1673"},"modified":"2024-07-16T02:59:52","modified_gmt":"2024-07-16T01:59:52","slug":"6u-flight-case","status":"publish","type":"product","link":"https:\/\/sxflightcase.com\/es_es\/producto\/flight-case-6u\/","title":{"rendered":"Estuche de transporte FP 6u"},"content":{"rendered":"<p><strong>Par\u00e1metros del producto<\/strong><\/p>\n<section class=\"table-wrap\">\n<table class=\"table\" width=\"100%\" cellspacing=\"0\" cellpadding=\"0\">\n<tbody>\n<tr class=\"firstRow\">\n<td width=\"134\">Nombre del producto:<\/td>\n<td width=\"503\">flight case 6u<\/td>\n<\/tr>\n<tr>\n<td width=\"134\">Material:<\/td>\n<td width=\"503\">Contrachapado de 9 mm + Herrajes cromados\/zincados + Extrusi\u00f3n de aluminio<\/td>\n<\/tr>\n<tr>\n<td width=\"134\">Forro de espuma:<\/td>\n<td width=\"503\">Espuma perlada\/espuma de EVA\/espuma de huevo, etc...regular o seg\u00fan pedido<\/td>\n<\/tr>\n<tr>\n<td width=\"134\">Color:<\/td>\n<td width=\"503\">Negro (color por defecto), Rojo, Azul, Naranja, Amarillo, Verde, etc.<\/td>\n<\/tr>\n<tr>\n<td width=\"134\">Plazo de entrega:<\/td>\n<td width=\"503\">Pedido de muestra 3 d\u00edas, Pedido normal 7-15d\u00edas<\/td>\n<\/tr>\n<tr>\n<td width=\"134\">Dimensi\u00f3n:<\/td>\n<td width=\"503\">Depende de las dimensiones del equipo<\/td>\n<\/tr>\n<\/tbody>\n<\/table>\n<\/section>\n<h1>SX 6U Flight Case: La protecci\u00f3n definitiva para su equipo<\/h1>\n<h2>Duradero y espacioso<\/h2>\n<p>El <a title=\"SX\" href=\"https:\/\/sxpowercase.com\/\" target=\"_blank\" rel=\"noopener\" data-wpil-monitor-id=\"473\">SX<\/a> 6U Flight Case est\u00e1 dise\u00f1ado para ofrecer la m\u00e1xima protecci\u00f3n para su valioso equipo. Con seis unidades de espacio de rack, esta flight case ofrece un amplio espacio para todo su equipo. Tanto si eres m\u00fasico, ingeniero de sonido o DJ, este malet\u00edn garantiza que tu equipo permanezca seguro y organizado durante el transporte.<\/p>\n<h2>Ventas directas de f\u00e1brica para un valor superior<\/h2>\n<h3>Ahorro m\u00e1ximo<\/h3>\n<p>En SX, creemos en ofrecer productos de alta calidad a los mejores precios posibles. Al utilizar las ventas directas de f\u00e1brica, eliminamos al intermediario y le pasamos los ahorros directamente a usted. Este enfoque nos permite ofrecer la Flight Case 6U a un precio inmejorable, asegurando que usted obtenga un valor excepcional sin comprometer la calidad.<\/p>\n<h2>Adaptaci\u00f3n a sus necesidades<\/h2>\n<h3>Protecci\u00f3n personalizada<\/h3>\n<p>Cada profesional tiene unos requisitos \u00fanicos, y la flight case SX 6U se puede personalizar para satisfacer esas necesidades. Tanto si necesita acolchado adicional, configuraciones de compartimentos espec\u00edficas o dimensiones personalizadas, nuestros servicios de personalizaci\u00f3n garantizan que su flight case se adapte perfectamente a su equipo. Proteja su equipo con una maleta dise\u00f1ada espec\u00edficamente para usted.<\/p>\n<h2>Mejore su imagen profesional<\/h2>\n<h3>Dise\u00f1o elegante y fiable<\/h3>\n<p>La flight case SX 6U no s\u00f3lo proporciona una excelente protecci\u00f3n, sino que tambi\u00e9n realza su imagen profesional. Su dise\u00f1o elegante y robusto demuestra su compromiso con la calidad y la fiabilidad. Cause una impresi\u00f3n duradera a sus clientes y colegas con una flight case de aspecto tan profesional como el equipo que protege.<\/p>\n<hr \/>\n<h2>\u00bfPor qu\u00e9 elegir SX?<\/h2>\n<p>Elegir la flight case SX 6U significa invertir en un producto que combina protecci\u00f3n superior, personalizaci\u00f3n y valor. Nuestro modelo de venta directa de f\u00e1brica, combinado con nuestra dedicaci\u00f3n a los materiales de alta calidad, garantiza un flight case que cumple y supera sus expectativas. Mejore su negocio con una flight case que resista los rigores de los viajes y mantenga al mismo tiempo un aspecto profesional.<\/p>\n<p>P\u00f3ngase en contacto con nosotros hoy mismo para obtener m\u00e1s informaci\u00f3n sobre nuestra flight case 6U y descubra c\u00f3mo nuestras opciones de personalizaci\u00f3n pueden beneficiarle. Conf\u00ede en SX para todas sus necesidades de flightcases y experimente la diferencia que marcan la calidad y el valor.<\/p>\n<p><strong>PREGUNTAS FRECUENTES<\/strong><\/p>\n<p>P: \u00bfPueden hacer OEM y ODM?<\/p>\n<p>R: S\u00ed, se aceptan tanto OEM como ODM. El material, el color y el estilo se pueden personalizar. Le informaremos la cantidad b\u00e1sica despu\u00e9s de analizarla.<\/p>\n<p>P: \u00bfPuedo saber cu\u00e1l es el puerto mar\u00edtimo m\u00e1s cercano a su empresa? en caso de que visite su empresa.<\/p>\n<p>R: Primero el puerto mar\u00edtimo de Huangpu, luego el de Shenzhen o Nansha, bienvenidos a visitarnos.<\/p>\n<p>P: \u00bfCu\u00e1les son las condiciones de pago?<\/p>\n<p>A: T.T with 30% down payment, 70%before shipment or West Union also accept.<\/p>\n<p><strong>Nuestros servicios<\/strong><\/p>\n<p>1.M\u00e1s servicio profesional en la exportaci\u00f3n de productos de embalaje e impresi\u00f3n<\/p>\n<p>2.Mejor capacidad de fabricaci\u00f3n<\/p>\n<p>3.Various t\u00e9rmino del pago a elegir: T\/T, Western Union<\/p>\n<p>Hot Tags: Low price, in stock, free sample, Power And Signal Cable, 16 Gauge 4 Conductor Wire, Microphone Stand Case, Outdoor Led Display Cabinet, Rack Mount, 19\" Rackmount Mixer Flight Cases\uff0celectrical distro box, China, proveedores, f\u00e1brica, modificado para requisitos particulares, al por mayor, <span style=\"color: #993366;\"><a style=\"color: #993366;\" href=\"https:\/\/sxflightcase.com\/es_es\/product-category\/all-product\/power-distribution-boxes\/\">cajas de poder<\/a>,\u00a0<a style=\"color: #993366;\" href=\"https:\/\/sxflightcase.com\/es_es\/product-category\/all-product\/hoist-controllers\/\">cables de alimentaci\u00f3n<\/a>,\u00a0<a style=\"color: #993366;\" href=\"https:\/\/sxflightcase.com\/es_es\/product-category\/all-product\/hoist-controllers\/\">controladores de polipasto<\/a>,\u00a0<a style=\"color: #993366;\" href=\"https:\/\/sxflightcase.com\/es_es\/product-category\/all-product\/flight-case\/\">Estuches de vuelo.<\/a><\/span><\/p>","protected":false},"excerpt":{"rendered":"<h2 class=\"prodetails-name\">Flight Case 6u<\/h2>\n<p>Somos mayoristas de todo tipo de <a class=\"wpil_keyword_link\" title=\"Estuche de vuelo\" href=\"https:\/\/sxpowercase.com\/product-category\/all-product\/flight-case\/\" target=\"_blank\" rel=\"noopener\" data-wpil-keyword-link=\"linked\" data-wpil-monitor-id=\"401\">Estuche de vuelo<\/a>La flight case 6u con cierres con candado proporciona seguridad para su tranquilidad, las esquinas apilables inteligentes le permiten colocar varias maletas una encima de otra con gran estabilidad, y las asas empotradas son c\u00f3modas de transportar.<\/p>\n<h2><strong>Introducci\u00f3n de la producci\u00f3n<\/strong><\/h2>\n<p>Esta flight case 6u est\u00e1 dise\u00f1ada con materiales de alta calidad, fabricada con laminado de madera contrachapada, forro de espuma, extrusiones de aluminio y hardware de calidad.<\/p>","protected":false},"featured_media":1676,"comment_status":"open","ping_status":"closed","template":"","meta":[],"product_brand":[],"product_cat":[35],"product_tag":[53],"class_list":{"0":"post-1673","1":"product","2":"type-product","3":"status-publish","4":"has-post-thumbnail","6":"product_cat-standard-rack-cases","7":"product_tag-fp","9":"first","10":"instock","11":"shipping-taxable","12":"product-type-simple"},"yoast_head":"<!-- This site is optimized with the Yoast SEO Premium plugin v27.1 (Yoast SEO v27.2) - https:\/\/yoast.com\/product\/yoast-seo-premium-wordpress\/ -->\n<title>FP 6u Flight Case - https:\/\/sxflightcase.com \ud83d\udc97<\/title>\n<meta name=\"description\" content=\"6u Flight Case: Explore our factory-direct options for professional customization, ensuring optimal organization and protection of your equipment.\" \/>\n<meta name=\"robots\" content=\"index, follow, max-snippet:-1, max-image-preview:large, max-video-preview:-1\" \/>\n<link rel=\"canonical\" href=\"https:\/\/sxflightcase.com\/es_es\/\u7522\u54c1\/6u-\u6a5f\u7bb1\/\" \/>\n<meta property=\"og:locale\" content=\"es_ES\" \/>\n<meta property=\"og:type\" content=\"article\" \/>\n<meta property=\"og:title\" content=\"FP 6u Flight Case\" \/>\n<meta property=\"og:description\" content=\"6u Flight Case: Explore our factory-direct options for professional customization, ensuring optimal organization and protection of your equipment.\" \/>\n<meta property=\"og:url\" content=\"https:\/\/sxflightcase.com\/es_es\/\u7522\u54c1\/6u-\u6a5f\u7bb1\/\" \/>\n<meta property=\"og:site_name\" content=\"https:\/\/sxflightcase.com\" \/>\n<meta property=\"article:publisher\" content=\"https:\/\/www.facebook.com\/profile.php?id=61560407257971\" \/>\n<meta property=\"article:modified_time\" content=\"2024-07-16T01:59:52+00:00\" \/>\n<meta property=\"og:image\" content=\"https:\/\/sxflightcase.com\/wp-content\/uploads\/2024\/05\/6u-flight-case49558055117.webp\" \/>\n\t<meta property=\"og:image:width\" content=\"750\" \/>\n\t<meta property=\"og:image:height\" content=\"750\" \/>\n\t<meta property=\"og:image:type\" content=\"image\/webp\" \/>\n<meta name=\"twitter:card\" content=\"summary_large_image\" \/>\n<meta name=\"twitter:label1\" content=\"Tiempo de lectura\" \/>\n\t<meta name=\"twitter:data1\" content=\"4 minutos\" \/>\n<script type=\"application\/ld+json\" class=\"yoast-schema-graph\">{\"@context\":\"https:\/\/schema.org\",\"@graph\":[{\"@type\":\"WebPage\",\"@id\":\"https:\/\/sxflightcase.com\/zh_hk\/\u7522\u54c1\/6u-\u6a5f\u7bb1\/\",\"url\":\"https:\/\/sxflightcase.com\/zh_hk\/\u7522\u54c1\/6u-\u6a5f\u7bb1\/\",\"name\":\"FP 6u Flight Case - https:\/\/sxflightcase.com \ud83d\udc97\",\"isPartOf\":{\"@id\":\"https:\/\/sxflightcase.com\/th\/#website\"},\"primaryImageOfPage\":{\"@id\":\"https:\/\/sxflightcase.com\/zh_hk\/\u7522\u54c1\/6u-\u6a5f\u7bb1\/#primaryimage\"},\"image\":{\"@id\":\"https:\/\/sxflightcase.com\/zh_hk\/\u7522\u54c1\/6u-\u6a5f\u7bb1\/#primaryimage\"},\"thumbnailUrl\":\"https:\/\/sxflightcase.com\/wp-content\/uploads\/2024\/05\/6u-flight-case49558055117.webp\",\"datePublished\":\"2024-05-10T02:49:46+00:00\",\"dateModified\":\"2024-07-16T01:59:52+00:00\",\"description\":\"6u Flight Case: Explore our factory-direct options for professional customization, ensuring optimal organization and protection of your equipment.\",\"breadcrumb\":{\"@id\":\"https:\/\/sxflightcase.com\/zh_hk\/\u7522\u54c1\/6u-\u6a5f\u7bb1\/#breadcrumb\"},\"inLanguage\":\"es\",\"potentialAction\":[{\"@type\":\"ReadAction\",\"target\":[\"https:\/\/sxflightcase.com\/zh_hk\/\u7522\u54c1\/6u-\u6a5f\u7bb1\/\"]}]},{\"@type\":\"ImageObject\",\"inLanguage\":\"es\",\"@id\":\"https:\/\/sxflightcase.com\/zh_hk\/\u7522\u54c1\/6u-\u6a5f\u7bb1\/#primaryimage\",\"url\":\"https:\/\/sxflightcase.com\/wp-content\/uploads\/2024\/05\/6u-flight-case49558055117.webp\",\"contentUrl\":\"https:\/\/sxflightcase.com\/wp-content\/uploads\/2024\/05\/6u-flight-case49558055117.webp\",\"width\":750,\"height\":750,\"caption\":\"6u Flight Case\"},{\"@type\":\"BreadcrumbList\",\"@id\":\"https:\/\/sxflightcase.com\/zh_hk\/\u7522\u54c1\/6u-\u6a5f\u7bb1\/#breadcrumb\",\"itemListElement\":[{\"@type\":\"ListItem\",\"position\":1,\"name\":\"Home\",\"item\":\"https:\/\/sxflightcase.com\/\"},{\"@type\":\"ListItem\",\"position\":2,\"name\":\"\u0e2a\u0e34\u0e19\u0e04\u0e49\u0e32\",\"item\":\"https:\/\/sxflightcase.com\/th\/shop\/\"},{\"@type\":\"ListItem\",\"position\":3,\"name\":\"FP 6u Flight Case\"}]},{\"@type\":\"WebSite\",\"@id\":\"https:\/\/sxflightcase.com\/th\/#website\",\"url\":\"https:\/\/sxflightcase.com\/th\/\",\"name\":\"sxpowercase.com\",\"description\":\"Flight Case Factory\",\"publisher\":{\"@id\":\"https:\/\/sxflightcase.com\/th\/#organization\"},\"potentialAction\":[{\"@type\":\"SearchAction\",\"target\":{\"@type\":\"EntryPoint\",\"urlTemplate\":\"https:\/\/sxflightcase.com\/th\/?s={search_term_string}\"},\"query-input\":{\"@type\":\"PropertyValueSpecification\",\"valueRequired\":true,\"valueName\":\"search_term_string\"}}],\"inLanguage\":\"es\"},{\"@type\":\"Organization\",\"@id\":\"https:\/\/sxflightcase.com\/th\/#organization\",\"name\":\"sxpowercase.com\",\"url\":\"https:\/\/sxflightcase.com\/th\/\",\"logo\":{\"@type\":\"ImageObject\",\"inLanguage\":\"es\",\"@id\":\"https:\/\/sxflightcase.com\/th\/#\/schema\/logo\/image\/\",\"url\":\"https:\/\/sxflightcase.com\/wp-content\/uploads\/2024\/04\/1713919036007.jpg\",\"contentUrl\":\"https:\/\/sxflightcase.com\/wp-content\/uploads\/2024\/04\/1713919036007.jpg\",\"width\":382,\"height\":388,\"caption\":\"sxpowercase.com\"},\"image\":{\"@id\":\"https:\/\/sxflightcase.com\/th\/#\/schema\/logo\/image\/\"},\"sameAs\":[\"https:\/\/www.facebook.com\/profile.php?id=61560407257971\"],\"numberOfEmployees\":{\"@type\":\"QuantitativeValue\",\"minValue\":\"11\",\"maxValue\":\"50\"}}]}<\/script>\n<!-- \/ Yoast SEO Premium plugin. -->","yoast_head_json":{"title":"FP 6u Flight Case - https:\/\/sxflightcase.com \ud83d\udc97","description":"Flight Case 6u: Explore nuestras opciones directas de f\u00e1brica para una personalizaci\u00f3n profesional, garantizando una organizaci\u00f3n y protecci\u00f3n \u00f3ptimas de su equipo.","robots":{"index":"index","follow":"follow","max-snippet":"max-snippet:-1","max-image-preview":"max-image-preview:large","max-video-preview":"max-video-preview:-1"},"canonical":"https:\/\/sxflightcase.com\/es_es\/\u7522\u54c1\/6u-\u6a5f\u7bb1\/","og_locale":"es_ES","og_type":"article","og_title":"FP 6u Flight Case","og_description":"6u Flight Case: Explore our factory-direct options for professional customization, ensuring optimal organization and protection of your equipment.","og_url":"https:\/\/sxflightcase.com\/es_es\/\u7522\u54c1\/6u-\u6a5f\u7bb1\/","og_site_name":"https:\/\/sxflightcase.com","article_publisher":"https:\/\/www.facebook.com\/profile.php?id=61560407257971","article_modified_time":"2024-07-16T01:59:52+00:00","og_image":[{"width":750,"height":750,"url":"https:\/\/sxflightcase.com\/wp-content\/uploads\/2024\/05\/6u-flight-case49558055117.webp","type":"image\/webp"}],"twitter_card":"summary_large_image","twitter_misc":{"Tiempo de lectura":"4 minutos"},"schema":{"@context":"https:\/\/schema.org","@graph":[{"@type":"WebPage","@id":"https:\/\/sxflightcase.com\/zh_hk\/\u7522\u54c1\/6u-\u6a5f\u7bb1\/","url":"https:\/\/sxflightcase.com\/zh_hk\/\u7522\u54c1\/6u-\u6a5f\u7bb1\/","name":"FP 6u Flight Case - https:\/\/sxflightcase.com \ud83d\udc97","isPartOf":{"@id":"https:\/\/sxflightcase.com\/th\/#website"},"primaryImageOfPage":{"@id":"https:\/\/sxflightcase.com\/zh_hk\/\u7522\u54c1\/6u-\u6a5f\u7bb1\/#primaryimage"},"image":{"@id":"https:\/\/sxflightcase.com\/zh_hk\/\u7522\u54c1\/6u-\u6a5f\u7bb1\/#primaryimage"},"thumbnailUrl":"https:\/\/sxflightcase.com\/wp-content\/uploads\/2024\/05\/6u-flight-case49558055117.webp","datePublished":"2024-05-10T02:49:46+00:00","dateModified":"2024-07-16T01:59:52+00:00","description":"Flight Case 6u: Explore nuestras opciones directas de f\u00e1brica para una personalizaci\u00f3n profesional, garantizando una organizaci\u00f3n y protecci\u00f3n \u00f3ptimas de su equipo.","breadcrumb":{"@id":"https:\/\/sxflightcase.com\/zh_hk\/\u7522\u54c1\/6u-\u6a5f\u7bb1\/#breadcrumb"},"inLanguage":"es","potentialAction":[{"@type":"ReadAction","target":["https:\/\/sxflightcase.com\/zh_hk\/\u7522\u54c1\/6u-\u6a5f\u7bb1\/"]}]},{"@type":"ImageObject","inLanguage":"es","@id":"https:\/\/sxflightcase.com\/zh_hk\/\u7522\u54c1\/6u-\u6a5f\u7bb1\/#primaryimage","url":"https:\/\/sxflightcase.com\/wp-content\/uploads\/2024\/05\/6u-flight-case49558055117.webp","contentUrl":"https:\/\/sxflightcase.com\/wp-content\/uploads\/2024\/05\/6u-flight-case49558055117.webp","width":750,"height":750,"caption":"6u Flight Case"},{"@type":"BreadcrumbList","@id":"https:\/\/sxflightcase.com\/zh_hk\/\u7522\u54c1\/6u-\u6a5f\u7bb1\/#breadcrumb","itemListElement":[{"@type":"ListItem","position":1,"name":"Home","item":"https:\/\/sxflightcase.com\/"},{"@type":"ListItem","position":2,"name":"\u0e2a\u0e34\u0e19\u0e04\u0e49\u0e32","item":"https:\/\/sxflightcase.com\/th\/shop\/"},{"@type":"ListItem","position":3,"name":"FP 6u Flight Case"}]},{"@type":"WebSite","@id":"https:\/\/sxflightcase.com\/th\/#website","url":"https:\/\/sxflightcase.com\/th\/","name":"es.sxpowercase.com","description":"F\u00e1brica de flightcases","publisher":{"@id":"https:\/\/sxflightcase.com\/th\/#organization"},"potentialAction":[{"@type":"SearchAction","target":{"@type":"EntryPoint","urlTemplate":"https:\/\/sxflightcase.com\/th\/?s={search_term_string}"},"query-input":{"@type":"PropertyValueSpecification","valueRequired":true,"valueName":"search_term_string"}}],"inLanguage":"es"},{"@type":"Organization","@id":"https:\/\/sxflightcase.com\/th\/#organization","name":"es.sxpowercase.com","url":"https:\/\/sxflightcase.com\/th\/","logo":{"@type":"ImageObject","inLanguage":"es","@id":"https:\/\/sxflightcase.com\/th\/#\/schema\/logo\/image\/","url":"https:\/\/sxflightcase.com\/wp-content\/uploads\/2024\/04\/1713919036007.jpg","contentUrl":"https:\/\/sxflightcase.com\/wp-content\/uploads\/2024\/04\/1713919036007.jpg","width":382,"height":388,"caption":"sxpowercase.com"},"image":{"@id":"https:\/\/sxflightcase.com\/th\/#\/schema\/logo\/image\/"},"sameAs":["https:\/\/www.facebook.com\/profile.php?id=61560407257971"],"numberOfEmployees":{"@type":"QuantitativeValue","minValue":"11","maxValue":"50"}}]}},"_links":{"self":[{"href":"https:\/\/sxflightcase.com\/es_es\/wp-json\/wp\/v2\/product\/1673","targetHints":{"allow":["GET"]}}],"collection":[{"href":"https:\/\/sxflightcase.com\/es_es\/wp-json\/wp\/v2\/product"}],"about":[{"href":"https:\/\/sxflightcase.com\/es_es\/wp-json\/wp\/v2\/types\/product"}],"replies":[{"embeddable":true,"href":"https:\/\/sxflightcase.com\/es_es\/wp-json\/wp\/v2\/comments?post=1673"}],"version-history":[{"count":0,"href":"https:\/\/sxflightcase.com\/es_es\/wp-json\/wp\/v2\/product\/1673\/revisions"}],"wp:featuredmedia":[{"embeddable":true,"href":"https:\/\/sxflightcase.com\/es_es\/wp-json\/wp\/v2\/media\/1676"}],"wp:attachment":[{"href":"https:\/\/sxflightcase.com\/es_es\/wp-json\/wp\/v2\/media?parent=1673"}],"wp:term":[{"taxonomy":"product_brand","embeddable":true,"href":"https:\/\/sxflightcase.com\/es_es\/wp-json\/wp\/v2\/product_brand?post=1673"},{"taxonomy":"product_cat","embeddable":true,"href":"https:\/\/sxflightcase.com\/es_es\/wp-json\/wp\/v2\/product_cat?post=1673"},{"taxonomy":"product_tag","embeddable":true,"href":"https:\/\/sxflightcase.com\/es_es\/wp-json\/wp\/v2\/product_tag?post=1673"}],"curies":[{"name":"wp","href":"https:\/\/api.w.org\/{rel}","templated":true}]}}