{"id":1683,"date":"2024-05-10T03:55:38","date_gmt":"2024-05-10T02:55:38","guid":{"rendered":"https:\/\/sxpowercase.com\/?post_type=product&#038;p=1683"},"modified":"2024-07-16T02:59:51","modified_gmt":"2024-07-16T01:59:51","slug":"4u-flight-case","status":"publish","type":"product","link":"https:\/\/sxflightcase.com\/es_es\/producto\/flight-case-4u\/","title":{"rendered":"Estuche de transporte FP 4u"},"content":{"rendered":"<p><strong>Par\u00e1metros del producto<\/strong><\/p>\n<section class=\"table-wrap\">\n<table class=\"table\" width=\"100%\" cellspacing=\"0\" cellpadding=\"0\">\n<tbody>\n<tr class=\"firstRow\">\n<td width=\"134\">Nombre del producto:<\/td>\n<td width=\"503\">flight case 4u<\/td>\n<\/tr>\n<tr>\n<td width=\"134\">Material:<\/td>\n<td width=\"503\">Contrachapado de 9 mm + Herrajes cromados\/zincados + Extrusi\u00f3n de aluminio<\/td>\n<\/tr>\n<tr>\n<td width=\"134\">Forro de espuma:<\/td>\n<td width=\"503\">Espuma perlada\/espuma de EVA\/espuma de huevo, etc...regular o seg\u00fan pedido<\/td>\n<\/tr>\n<tr>\n<td width=\"134\">Color:<\/td>\n<td width=\"503\">Negro (color por defecto), Rojo, Azul, Naranja, Amarillo, Verde, etc.<\/td>\n<\/tr>\n<tr>\n<td width=\"134\">Plazo de entrega:<\/td>\n<td width=\"503\">Pedido de muestra 3 d\u00edas, Pedido normal 7-15d\u00edas<\/td>\n<\/tr>\n<tr>\n<td width=\"134\">Dimensi\u00f3n:<\/td>\n<td width=\"503\">Depende de las dimensiones del equipo<\/td>\n<\/tr>\n<\/tbody>\n<\/table>\n<\/section>\n<h1>SX 4U Flight Case: lo \u00faltimo en protecci\u00f3n de equipos<\/h1>\n<h2>Protecci\u00f3n fiable para sus equipos<\/h2>\n<p>Cuando se trata de transportar su valioso equipo, la fiabilidad es clave. En <a title=\"SX\" href=\"https:\/\/sxpowercase.com\/\" target=\"_blank\" rel=\"noopener\" data-wpil-monitor-id=\"471\">SX<\/a> 4U Flight Case ofrece una protecci\u00f3n inigualable, garantizando que su equipo permanezca seguro durante el transporte. Fabricado con materiales duraderos, este flight case est\u00e1 dise\u00f1ado para soportar las condiciones m\u00e1s duras, proporcionando tranquilidad a m\u00fasicos, ingenieros de audio y profesionales de eventos.<\/p>\n<h2>Venta directa de f\u00e1brica a un precio inmejorable<\/h2>\n<h3>Calidad a precios competitivos<\/h3>\n<p>En SX, nos enorgullecemos de ofrecer productos de alta calidad a precios competitivos. Al utilizar las ventas directas de f\u00e1brica, eliminamos al intermediario, lo que nos permite ofrecer la Flight Case 4U a un valor excepcional. Este enfoque no s\u00f3lo le ahorra dinero, sino que tambi\u00e9n garantiza que usted recibe un producto que cumple con nuestros rigurosos est\u00e1ndares de calidad.<\/p>\n<h2>Personalizaci\u00f3n para satisfacer sus necesidades<\/h2>\n<h3>Soluciones a medida para cada profesional<\/h3>\n<p>Cada configuraci\u00f3n profesional es \u00fanica, por lo que SX ofrece amplios servicios de personalizaci\u00f3n para nuestras flight cases 4U. Si necesita dimensiones espec\u00edficas, acolchado adicional o compartimentos personalizados, podemos adaptar nuestras flight cases para satisfacer sus requisitos precisos. Nuestro objetivo es proporcionar una soluci\u00f3n que se adapte perfectamente a su equipo, garantizando una protecci\u00f3n y organizaci\u00f3n \u00f3ptimas.<\/p>\n<h2>Mejore su imagen profesional<\/h2>\n<h3>Dise\u00f1o duradero y elegante<\/h3>\n<p>El uso de la flight case SX 4U no s\u00f3lo protege su equipo, sino que tambi\u00e9n mejora su imagen profesional. El dise\u00f1o elegante y robusto de nuestras flight cases muestra su compromiso con la calidad y la fiabilidad. Impresione a sus clientes y compa\u00f1eros con un flight case que tiene tan buen aspecto como rendimiento, garantizando que su equipo llegue seguro y con estilo.<\/p>\n<hr \/>\n<h2>\u00bfPor qu\u00e9 elegir SX?<\/h2>\n<p>Elegir la SX 4U Flight Case significa invertir en un producto que ofrece protecci\u00f3n, personalizaci\u00f3n y valor superiores. Nuestro compromiso con la venta directa de f\u00e1brica y los materiales de alta calidad le garantizan el mejor producto para sus necesidades. Eleve su negocio con un flight case que resista los rigores de los viajes y muestre su profesionalidad.<\/p>\n<p>P\u00f3ngase en contacto con nosotros hoy mismo para obtener m\u00e1s informaci\u00f3n sobre nuestra flight case 4U y c\u00f3mo nuestras opciones de personalizaci\u00f3n pueden beneficiarle. Conf\u00ede en SX para todas sus necesidades de flightcases y experimente la diferencia que pueden marcar la calidad y el valor.<\/p>\n<p><strong>PREGUNTAS FRECUENTES<\/strong><\/p>\n<p>P: \u00bfSon ustedes comerciantes o fabricantes?<\/p>\n<p>R: Somos fabricantes profesionales especializados en flight cases y productos de distribuci\u00f3n de energ\u00eda para eventos. Y comerciamos nuestros productos con nuestros clientes directamente.<\/p>\n<p>P: \u00bfPueden hacer OEM y ODM?<\/p>\n<p>R: S\u00ed, se aceptan tanto OEM como ODM. El material, el color y el estilo se pueden personalizar. Le informaremos la cantidad b\u00e1sica despu\u00e9s de analizarla.<\/p>\n<p>P: \u00bfPodemos utilizar nuestro propio logotipo?<\/p>\n<p>A: S\u00ed, podemos imprimir su logotipo privado seg\u00fan su solicitud.<\/p>\n<p>Hot Tags: Low price, in stock, free sample, Power And Signal Cable, 16 Gauge 4 Conductor Wire, Microphone Stand Case, Outdoor Led Display Cabinet, Rack Mount, 19\" Rackmount Mixer Flight Cases\uff0celectrical distro box, China, proveedores, f\u00e1brica, modificado para requisitos particulares, al por mayor, <span style=\"color: #993366;\"><a style=\"color: #993366;\" href=\"https:\/\/sxflightcase.com\/es_es\/product-category\/all-product\/power-distribution-boxes\/\">cajas de poder<\/a>,\u00a0<a style=\"color: #993366;\" href=\"https:\/\/sxflightcase.com\/es_es\/product-category\/all-product\/hoist-controllers\/\">cables de alimentaci\u00f3n<\/a>,\u00a0<a style=\"color: #993366;\" href=\"https:\/\/sxflightcase.com\/es_es\/product-category\/all-product\/hoist-controllers\/\">controladores de polipasto<\/a>,\u00a0<a style=\"color: #993366;\" href=\"https:\/\/sxflightcase.com\/es_es\/product-category\/all-product\/flight-case\/\">Estuches de vuelo.<\/a><\/span><\/p>","protected":false},"excerpt":{"rendered":"<h2 class=\"prodetails-name\">Flight Case 4u<\/h2>\n<p>Suministramos flight cases 4u para ofrecer una protecci\u00f3n fiable de equipos y aparatos caros durante su uso, embalaje, almacenamiento y transporte.<\/p>\n<h2><strong>Introducci\u00f3n de la producci\u00f3n<\/strong><\/h2>\n<p>Esta flight case de 4u est\u00e1 dise\u00f1ada con materiales de alta calidad, tiras de rack de acero de alta resistencia y caracter\u00edsticas opcionales como ruedas, patines, plato de etiquetas y profundidades de tapa, perfecta para cargar con equipos de montaje en rack como amplificadores PA, procesadores, cajones de rack y m\u00e1quinas de efectos.<\/p>","protected":false},"featured_media":1684,"comment_status":"open","ping_status":"closed","template":"","meta":[],"product_brand":[],"product_cat":[35],"product_tag":[53],"class_list":{"0":"post-1683","1":"product","2":"type-product","3":"status-publish","4":"has-post-thumbnail","6":"product_cat-standard-rack-cases","7":"product_tag-fp","9":"first","10":"instock","11":"shipping-taxable","12":"product-type-simple"},"yoast_head":"<!-- This site is optimized with the Yoast SEO Premium plugin v27.1 (Yoast SEO v27.2) - https:\/\/yoast.com\/product\/yoast-seo-premium-wordpress\/ -->\n<title>FP 4u Flight Case Manufacture - https:\/\/sxflightcase.com<\/title>\n<meta name=\"description\" content=\"4u Flight Case Manufacture: Discover our factory-direct options for professional-grade equipment protection and organization.\" \/>\n<meta name=\"robots\" content=\"index, follow, max-snippet:-1, max-image-preview:large, max-video-preview:-1\" \/>\n<link rel=\"canonical\" href=\"https:\/\/sxflightcase.com\/es_es\/produkt\/4u-flight-case\/\" \/>\n<meta property=\"og:locale\" content=\"es_ES\" \/>\n<meta property=\"og:type\" content=\"article\" \/>\n<meta property=\"og:title\" content=\"FP 4u Flight Case\" \/>\n<meta property=\"og:description\" content=\"4u Flight Case Manufacture: Discover our factory-direct options for professional-grade equipment protection and organization.\" \/>\n<meta property=\"og:url\" content=\"https:\/\/sxflightcase.com\/es_es\/produkt\/4u-flight-case\/\" \/>\n<meta property=\"og:site_name\" content=\"https:\/\/sxflightcase.com\" \/>\n<meta property=\"article:publisher\" content=\"https:\/\/www.facebook.com\/profile.php?id=61560407257971\" \/>\n<meta property=\"article:modified_time\" content=\"2024-07-16T01:59:51+00:00\" \/>\n<meta property=\"og:image\" content=\"https:\/\/sxflightcase.com\/wp-content\/uploads\/2024\/05\/4u-flight-case14545683226.webp\" \/>\n\t<meta property=\"og:image:width\" content=\"750\" \/>\n\t<meta property=\"og:image:height\" content=\"750\" \/>\n\t<meta property=\"og:image:type\" content=\"image\/webp\" \/>\n<meta name=\"twitter:card\" content=\"summary_large_image\" \/>\n<meta name=\"twitter:label1\" content=\"Tiempo de lectura\" \/>\n\t<meta name=\"twitter:data1\" content=\"4 minutos\" \/>\n<script type=\"application\/ld+json\" class=\"yoast-schema-graph\">{\"@context\":\"https:\/\/schema.org\",\"@graph\":[{\"@type\":\"WebPage\",\"@id\":\"https:\/\/sxflightcase.com\/da\/produkt\/4u-flight-case\/\",\"url\":\"https:\/\/sxflightcase.com\/da\/produkt\/4u-flight-case\/\",\"name\":\"FP 4u Flight Case Manufacture - https:\/\/sxflightcase.com\",\"isPartOf\":{\"@id\":\"https:\/\/sxflightcase.com\/th\/#website\"},\"primaryImageOfPage\":{\"@id\":\"https:\/\/sxflightcase.com\/da\/produkt\/4u-flight-case\/#primaryimage\"},\"image\":{\"@id\":\"https:\/\/sxflightcase.com\/da\/produkt\/4u-flight-case\/#primaryimage\"},\"thumbnailUrl\":\"https:\/\/sxflightcase.com\/wp-content\/uploads\/2024\/05\/4u-flight-case14545683226.webp\",\"datePublished\":\"2024-05-10T02:55:38+00:00\",\"dateModified\":\"2024-07-16T01:59:51+00:00\",\"description\":\"4u Flight Case Manufacture: Discover our factory-direct options for professional-grade equipment protection and organization.\",\"breadcrumb\":{\"@id\":\"https:\/\/sxflightcase.com\/da\/produkt\/4u-flight-case\/#breadcrumb\"},\"inLanguage\":\"es\",\"potentialAction\":[{\"@type\":\"ReadAction\",\"target\":[\"https:\/\/sxflightcase.com\/da\/produkt\/4u-flight-case\/\"]}]},{\"@type\":\"ImageObject\",\"inLanguage\":\"es\",\"@id\":\"https:\/\/sxflightcase.com\/da\/produkt\/4u-flight-case\/#primaryimage\",\"url\":\"https:\/\/sxflightcase.com\/wp-content\/uploads\/2024\/05\/4u-flight-case14545683226.webp\",\"contentUrl\":\"https:\/\/sxflightcase.com\/wp-content\/uploads\/2024\/05\/4u-flight-case14545683226.webp\",\"width\":750,\"height\":750,\"caption\":\"4u Flight Case\"},{\"@type\":\"BreadcrumbList\",\"@id\":\"https:\/\/sxflightcase.com\/da\/produkt\/4u-flight-case\/#breadcrumb\",\"itemListElement\":[{\"@type\":\"ListItem\",\"position\":1,\"name\":\"Home\",\"item\":\"https:\/\/sxflightcase.com\/\"},{\"@type\":\"ListItem\",\"position\":2,\"name\":\"\u0e2a\u0e34\u0e19\u0e04\u0e49\u0e32\",\"item\":\"https:\/\/sxflightcase.com\/th\/shop\/\"},{\"@type\":\"ListItem\",\"position\":3,\"name\":\"FP 4u Flight Case\"}]},{\"@type\":\"WebSite\",\"@id\":\"https:\/\/sxflightcase.com\/th\/#website\",\"url\":\"https:\/\/sxflightcase.com\/th\/\",\"name\":\"sxpowercase.com\",\"description\":\"Flight Case Factory\",\"publisher\":{\"@id\":\"https:\/\/sxflightcase.com\/th\/#organization\"},\"potentialAction\":[{\"@type\":\"SearchAction\",\"target\":{\"@type\":\"EntryPoint\",\"urlTemplate\":\"https:\/\/sxflightcase.com\/th\/?s={search_term_string}\"},\"query-input\":{\"@type\":\"PropertyValueSpecification\",\"valueRequired\":true,\"valueName\":\"search_term_string\"}}],\"inLanguage\":\"es\"},{\"@type\":\"Organization\",\"@id\":\"https:\/\/sxflightcase.com\/th\/#organization\",\"name\":\"sxpowercase.com\",\"url\":\"https:\/\/sxflightcase.com\/th\/\",\"logo\":{\"@type\":\"ImageObject\",\"inLanguage\":\"es\",\"@id\":\"https:\/\/sxflightcase.com\/th\/#\/schema\/logo\/image\/\",\"url\":\"https:\/\/sxflightcase.com\/wp-content\/uploads\/2024\/04\/1713919036007.jpg\",\"contentUrl\":\"https:\/\/sxflightcase.com\/wp-content\/uploads\/2024\/04\/1713919036007.jpg\",\"width\":382,\"height\":388,\"caption\":\"sxpowercase.com\"},\"image\":{\"@id\":\"https:\/\/sxflightcase.com\/th\/#\/schema\/logo\/image\/\"},\"sameAs\":[\"https:\/\/www.facebook.com\/profile.php?id=61560407257971\"],\"numberOfEmployees\":{\"@type\":\"QuantitativeValue\",\"minValue\":\"11\",\"maxValue\":\"50\"}}]}<\/script>\n<!-- \/ Yoast SEO Premium plugin. -->","yoast_head_json":{"title":"FP 4u Flight Case Manufacture - https:\/\/sxflightcase.com","description":"4u Flight Case Fabricaci\u00f3n: Descubra nuestras opciones directas de f\u00e1brica para la protecci\u00f3n y organizaci\u00f3n de equipos de calidad profesional.","robots":{"index":"index","follow":"follow","max-snippet":"max-snippet:-1","max-image-preview":"max-image-preview:large","max-video-preview":"max-video-preview:-1"},"canonical":"https:\/\/sxflightcase.com\/es_es\/produkt\/4u-flight-case\/","og_locale":"es_ES","og_type":"article","og_title":"FP 4u Flight Case","og_description":"4u Flight Case Manufacture: Discover our factory-direct options for professional-grade equipment protection and organization.","og_url":"https:\/\/sxflightcase.com\/es_es\/produkt\/4u-flight-case\/","og_site_name":"https:\/\/sxflightcase.com","article_publisher":"https:\/\/www.facebook.com\/profile.php?id=61560407257971","article_modified_time":"2024-07-16T01:59:51+00:00","og_image":[{"width":750,"height":750,"url":"https:\/\/sxflightcase.com\/wp-content\/uploads\/2024\/05\/4u-flight-case14545683226.webp","type":"image\/webp"}],"twitter_card":"summary_large_image","twitter_misc":{"Tiempo de lectura":"4 minutos"},"schema":{"@context":"https:\/\/schema.org","@graph":[{"@type":"WebPage","@id":"https:\/\/sxflightcase.com\/da\/produkt\/4u-flight-case\/","url":"https:\/\/sxflightcase.com\/da\/produkt\/4u-flight-case\/","name":"FP 4u Flight Case Manufacture - https:\/\/sxflightcase.com","isPartOf":{"@id":"https:\/\/sxflightcase.com\/th\/#website"},"primaryImageOfPage":{"@id":"https:\/\/sxflightcase.com\/da\/produkt\/4u-flight-case\/#primaryimage"},"image":{"@id":"https:\/\/sxflightcase.com\/da\/produkt\/4u-flight-case\/#primaryimage"},"thumbnailUrl":"https:\/\/sxflightcase.com\/wp-content\/uploads\/2024\/05\/4u-flight-case14545683226.webp","datePublished":"2024-05-10T02:55:38+00:00","dateModified":"2024-07-16T01:59:51+00:00","description":"4u Flight Case Fabricaci\u00f3n: Descubra nuestras opciones directas de f\u00e1brica para la protecci\u00f3n y organizaci\u00f3n de equipos de calidad profesional.","breadcrumb":{"@id":"https:\/\/sxflightcase.com\/da\/produkt\/4u-flight-case\/#breadcrumb"},"inLanguage":"es","potentialAction":[{"@type":"ReadAction","target":["https:\/\/sxflightcase.com\/da\/produkt\/4u-flight-case\/"]}]},{"@type":"ImageObject","inLanguage":"es","@id":"https:\/\/sxflightcase.com\/da\/produkt\/4u-flight-case\/#primaryimage","url":"https:\/\/sxflightcase.com\/wp-content\/uploads\/2024\/05\/4u-flight-case14545683226.webp","contentUrl":"https:\/\/sxflightcase.com\/wp-content\/uploads\/2024\/05\/4u-flight-case14545683226.webp","width":750,"height":750,"caption":"4u Flight Case"},{"@type":"BreadcrumbList","@id":"https:\/\/sxflightcase.com\/da\/produkt\/4u-flight-case\/#breadcrumb","itemListElement":[{"@type":"ListItem","position":1,"name":"Home","item":"https:\/\/sxflightcase.com\/"},{"@type":"ListItem","position":2,"name":"\u0e2a\u0e34\u0e19\u0e04\u0e49\u0e32","item":"https:\/\/sxflightcase.com\/th\/shop\/"},{"@type":"ListItem","position":3,"name":"FP 4u Flight Case"}]},{"@type":"WebSite","@id":"https:\/\/sxflightcase.com\/th\/#website","url":"https:\/\/sxflightcase.com\/th\/","name":"es.sxpowercase.com","description":"F\u00e1brica de flightcases","publisher":{"@id":"https:\/\/sxflightcase.com\/th\/#organization"},"potentialAction":[{"@type":"SearchAction","target":{"@type":"EntryPoint","urlTemplate":"https:\/\/sxflightcase.com\/th\/?s={search_term_string}"},"query-input":{"@type":"PropertyValueSpecification","valueRequired":true,"valueName":"search_term_string"}}],"inLanguage":"es"},{"@type":"Organization","@id":"https:\/\/sxflightcase.com\/th\/#organization","name":"es.sxpowercase.com","url":"https:\/\/sxflightcase.com\/th\/","logo":{"@type":"ImageObject","inLanguage":"es","@id":"https:\/\/sxflightcase.com\/th\/#\/schema\/logo\/image\/","url":"https:\/\/sxflightcase.com\/wp-content\/uploads\/2024\/04\/1713919036007.jpg","contentUrl":"https:\/\/sxflightcase.com\/wp-content\/uploads\/2024\/04\/1713919036007.jpg","width":382,"height":388,"caption":"sxpowercase.com"},"image":{"@id":"https:\/\/sxflightcase.com\/th\/#\/schema\/logo\/image\/"},"sameAs":["https:\/\/www.facebook.com\/profile.php?id=61560407257971"],"numberOfEmployees":{"@type":"QuantitativeValue","minValue":"11","maxValue":"50"}}]}},"_links":{"self":[{"href":"https:\/\/sxflightcase.com\/es_es\/wp-json\/wp\/v2\/product\/1683","targetHints":{"allow":["GET"]}}],"collection":[{"href":"https:\/\/sxflightcase.com\/es_es\/wp-json\/wp\/v2\/product"}],"about":[{"href":"https:\/\/sxflightcase.com\/es_es\/wp-json\/wp\/v2\/types\/product"}],"replies":[{"embeddable":true,"href":"https:\/\/sxflightcase.com\/es_es\/wp-json\/wp\/v2\/comments?post=1683"}],"version-history":[{"count":0,"href":"https:\/\/sxflightcase.com\/es_es\/wp-json\/wp\/v2\/product\/1683\/revisions"}],"wp:featuredmedia":[{"embeddable":true,"href":"https:\/\/sxflightcase.com\/es_es\/wp-json\/wp\/v2\/media\/1684"}],"wp:attachment":[{"href":"https:\/\/sxflightcase.com\/es_es\/wp-json\/wp\/v2\/media?parent=1683"}],"wp:term":[{"taxonomy":"product_brand","embeddable":true,"href":"https:\/\/sxflightcase.com\/es_es\/wp-json\/wp\/v2\/product_brand?post=1683"},{"taxonomy":"product_cat","embeddable":true,"href":"https:\/\/sxflightcase.com\/es_es\/wp-json\/wp\/v2\/product_cat?post=1683"},{"taxonomy":"product_tag","embeddable":true,"href":"https:\/\/sxflightcase.com\/es_es\/wp-json\/wp\/v2\/product_tag?post=1683"}],"curies":[{"name":"wp","href":"https:\/\/api.w.org\/{rel}","templated":true}]}}