{"id":1702,"date":"2024-05-10T04:27:09","date_gmt":"2024-05-10T03:27:09","guid":{"rendered":"https:\/\/sxpowercase.com\/?post_type=product&#038;p=1702"},"modified":"2024-06-14T08:03:45","modified_gmt":"2024-06-14T07:03:45","slug":"lighting-rack-case","status":"publish","type":"product","link":"https:\/\/sxflightcase.com\/es_es\/producto\/estuche-de-iluminacion\/","title":{"rendered":"Estuche de iluminaci\u00f3n"},"content":{"rendered":"<h3><strong>Par\u00e1metros del producto<\/strong><\/h3>\n<section class=\"table-wrap\">\n<table class=\"table\" width=\"100%\" cellspacing=\"0\" cellpadding=\"0\">\n<tbody>\n<tr class=\"firstRow\">\n<td>Nombre del producto<\/td>\n<td>Estuche de iluminaci\u00f3n<\/td>\n<\/tr>\n<tr>\n<td>Material<\/td>\n<td>Marco de aluminio + Ign\u00edfugo + Madera contrachapada de 12 mm<\/td>\n<\/tr>\n<tr>\n<td>Adentro<\/td>\n<td>Espuma antichoque de alta densidad<\/td>\n<\/tr>\n<tr>\n<td>Tama\u00f1o<\/td>\n<td>Se puede personalizar<\/td>\n<\/tr>\n<tr>\n<td>Accesorios<\/td>\n<td>Cuatro cierres de mariposa, cuatro ruedas para facilitar el transporte, cuatro asas resistentes<\/td>\n<\/tr>\n<tr>\n<td>Costumbre<\/td>\n<td>Todos los tipos de personalizar son bienvenidos, como el material de la caja de aluminio, dimensi\u00f3n, rellenos interiores, asas, cerraduras, y as\u00ed sucesivamente.<\/td>\n<\/tr>\n<tr>\n<td>Tiempo de muestra<\/td>\n<td>Aproximadamente 3-5 d\u00edas laborables<\/td>\n<\/tr>\n<tr>\n<td>Plazo de pedido formal<\/td>\n<td>alrededor de 15-20 d\u00edas<\/td>\n<\/tr>\n<tr>\n<td>Embalaje<\/td>\n<td>Bolsa de burbujas + cart\u00f3n<\/td>\n<\/tr>\n<\/tbody>\n<\/table>\n<\/section>\n<p><strong>Caracter\u00edsticas y aplicaciones del producto<\/strong><\/p>\n<p>La iluminaci\u00f3n, ya sea para teatro, cine, televisi\u00f3n o arquitectura, puede ser pesada, delicada, dif\u00edcil de almacenar y cara de reemplazar. <a class=\"wpil_keyword_link\" href=\"https:\/\/sxpowercase.com\/product-category\/all-product\/flight-case\/\" target=\"_blank\" rel=\"noopener\" title=\"Estuche de vuelo\" data-wpil-keyword-link=\"linked\" data-wpil-monitor-id=\"408\">Estuche de vuelo<\/a> resolver\u00e1 todos estos problemas.<\/p>\n<p><img decoding=\"async\" title=\"1\" src=\"https:\/\/www.sxprocase.com\/Content\/uploads\/2021794209\/20210624112420da3df5ad56c64e14aa51e8d7a74b14aa.jpg\" alt=\"1\" \/><\/p>\n<p><strong>Detalles de la producci\u00f3n<\/strong><\/p>\n<p><img decoding=\"async\" title=\"NO.\" src=\"https:\/\/www.sxprocase.com\/Content\/uploads\/2021794209\/2021062411241239305641545f4d76940a059b0763885b.jpg\" \/><\/p>\n<p><img decoding=\"async\" title=\"144264-015\" src=\"https:\/\/www.sxprocase.com\/Content\/uploads\/2021794209\/20210624112412ad80be4ea75f447b99a3e9e724d4f174.jpg\" \/><\/p>\n<p><img decoding=\"async\" title=\"flight case de iluminaci\u00f3n\" src=\"https:\/\/www.sxprocase.com\/Content\/uploads\/2021794209\/202106241124130d9ed75d0f314ba389a2f0bee14bbf47.jpg\" \/><\/p>\n<p><strong>Embalaje y env\u00edo<\/strong><\/p>\n<section class=\"table-wrap\">\n<table class=\"table\" width=\"100%\" cellspacing=\"0\" cellpadding=\"0\">\n<tbody>\n<tr class=\"firstRow\">\n<td colspan=\"3\" width=\"100%\">Embalaje y env\u00edo<\/td>\n<\/tr>\n<tr>\n<td rowspan=\"3\" width=\"33%\">Plazo de entrega<\/td>\n<td width=\"33%\">Por mar<\/td>\n<td width=\"33%\">15-60 d\u00edas<\/td>\n<\/tr>\n<tr>\n<td width=\"33%\">En avi\u00f3n<\/td>\n<td width=\"33%\">4-9 d\u00edas<\/td>\n<\/tr>\n<tr>\n<td width=\"33%\">Por expreso<\/td>\n<td width=\"33%\">4-9 d\u00edas<\/td>\n<\/tr>\n<tr>\n<td width=\"33%\">Plazo de entrega<\/td>\n<td colspan=\"2\" width=\"66%\">7-15 horas de trabajo o seg\u00fan sus necesidades<\/td>\n<\/tr>\n<tr>\n<td width=\"33%\">Embalaje<\/td>\n<td colspan=\"2\" width=\"66%\">Por caja o seg\u00fan sus necesidades<\/td>\n<\/tr>\n<\/tbody>\n<\/table>\n<\/section>\n<p><strong>M\u00e1s informaci\u00f3n<\/strong><\/p>\n<p>A lo largo de los a\u00f1os con la integridad, profesionalidad, precio excelente filosof\u00eda para ganar la confianza de los clientes, los productos se venden en todo el pa\u00eds y en el extranjero, seguimos en l\u00ednea con \"la calidad del elenco profesional, la integridad \u00e9xito valor\" a todos los clientes.<\/p>\n<p><strong>Flujo de producci\u00f3n<\/strong><\/p>\n<p><img decoding=\"async\" title=\"2\" src=\"https:\/\/www.sxprocase.com\/Content\/uploads\/2021794209\/20210624112358acdb1995a8b84c9381b95906f4f15bd4.jpg\" alt=\"2\" \/><\/p>\n<p><strong>PREGUNTAS FRECUENTES<\/strong><\/p>\n<p>P: \u00bfCu\u00e1ntos tipos diferentes de productos fabrica su empresa?<\/p>\n<p>R: Ahora tenemos m\u00e1s de 1.000 productos. Tenemos una ventaja fuerte del OEM, apenas nos damos los productos reales o su idea que usted quiere, fabricaremos para usted.<\/p>\n<p>P: \u00bfCu\u00e1l es su MOQ?<\/p>\n<p>A: Si tenemos los productos en stock, no habr\u00e1 MOQ. Si necesitamos producir, podemos discutir el MOQ seg\u00fan la situaci\u00f3n exacta del cliente.<\/p>\n<p>P: \u00bfCu\u00e1nto tiempo dura el env\u00edo?<\/p>\n<p>R: El plazo de entrega general es de 15-20 d\u00edas despu\u00e9s de recibir su confirmaci\u00f3n de pedido. Anther, si tenemos las mercanc\u00edas en la acci\u00f3n, tardar\u00e1 solamente 1-2 d\u00edas.<\/p>\n<p>Hot Tags: Low price, in stock, free sample, Power And Signal Cable, 16 Gauge 4 Conductor Wire, Microphone Stand Case, Outdoor Led Display Cabinet, Rack Mount, 19\" Rackmount Mixer Flight Cases\uff0celectrical distro box, China, proveedores, f\u00e1brica, modificado para requisitos particulares, al por mayor, <span style=\"color: #993366;\"><a style=\"color: #993366;\" href=\"https:\/\/sxflightcase.com\/es_es\/product-category\/all-product\/power-distribution-boxes\/\">cajas de poder<\/a>,\u00a0<a style=\"color: #993366;\" href=\"https:\/\/sxflightcase.com\/es_es\/product-category\/all-product\/hoist-controllers\/\">cables de alimentaci\u00f3n<\/a>,\u00a0<a style=\"color: #993366;\" href=\"https:\/\/sxflightcase.com\/es_es\/product-category\/all-product\/hoist-controllers\/\">controladores de polipasto<\/a>,\u00a0<a style=\"color: #993366;\" href=\"https:\/\/sxflightcase.com\/es_es\/product-category\/all-product\/flight-case\/\">Estuches de vuelo.<\/a><\/span><\/p>","protected":false},"excerpt":{"rendered":"<h2 class=\"prodetails-name\">Estuche de iluminaci\u00f3n<\/h2>\n<p>Nos complace ofrecer una gama de robustas soluciones de viaje para que los profesionales del sector puedan transportar y almacenar de forma segura sus cabezas m\u00f3viles o similares. A lo largo de los a\u00f1os hemos dedicado muchas horas a dise\u00f1ar la soluci\u00f3n perfecta para transportar sus queridas luces sin temor a que sufran da\u00f1os.<\/p>\n<h2><strong>Introducci\u00f3n de la producci\u00f3n<\/strong><\/h2>\n<p>Estuche de iluminaci\u00f3n<\/p>\n<p>- Resistente flight road case de f\u00e1cil cierre y leng\u00fceta<\/p>\n<p>- Contrachapado laminado ign\u00edfugo de 9\/12 mm<\/p>\n<p>- Remaches de anclaje dobles Soporte interior y carcasa de espuma de alta densidad<\/p>\n<p>- Empu\u00f1aduras empotradas de acci\u00f3n de resorte por lado esquinas de bolas de acero pesadas y potentes<\/p>","protected":false},"featured_media":1703,"comment_status":"open","ping_status":"closed","template":"","meta":[],"product_brand":[],"product_cat":[41],"product_tag":[],"class_list":{"0":"post-1702","1":"product","2":"type-product","3":"status-publish","4":"has-post-thumbnail","6":"product_cat-equipment-cases","8":"first","9":"instock","10":"shipping-taxable","11":"product-type-simple"},"yoast_head":"<!-- This site is optimized with the Yoast SEO Premium plugin v27.1 (Yoast SEO v27.2) - https:\/\/yoast.com\/product\/yoast-seo-premium-wordpress\/ -->\n<title>Lighting Rack Case - https:\/\/sxflightcase.com \ud83d\udc97<\/title>\n<meta name=\"description\" content=\"Lighting Rack Case: Explore factory-direct sales and professional customization options for organizing and protecting your lighting equipment efficiently\" \/>\n<meta name=\"robots\" content=\"index, follow, max-snippet:-1, max-image-preview:large, max-video-preview:-1\" \/>\n<link rel=\"canonical\" href=\"https:\/\/sxflightcase.com\/es_es\/produto\/caixa-de-iluminacao\/\" \/>\n<meta property=\"og:locale\" content=\"es_ES\" \/>\n<meta property=\"og:type\" content=\"article\" \/>\n<meta property=\"og:title\" content=\"Lighting Rack Case\" \/>\n<meta property=\"og:description\" content=\"Lighting Rack Case: Explore factory-direct sales and professional customization options for organizing and protecting your lighting equipment efficiently\" \/>\n<meta property=\"og:url\" content=\"https:\/\/sxflightcase.com\/es_es\/produto\/caixa-de-iluminacao\/\" \/>\n<meta property=\"og:site_name\" content=\"https:\/\/sxflightcase.com\" \/>\n<meta property=\"article:publisher\" content=\"https:\/\/www.facebook.com\/profile.php?id=61560407257971\" \/>\n<meta property=\"article:modified_time\" content=\"2024-06-14T07:03:45+00:00\" \/>\n<meta property=\"og:image\" content=\"https:\/\/sxflightcase.com\/wp-content\/uploads\/2024\/05\/lighting-rack-case24311635813.webp\" \/>\n\t<meta property=\"og:image:width\" content=\"750\" \/>\n\t<meta property=\"og:image:height\" content=\"750\" \/>\n\t<meta property=\"og:image:type\" content=\"image\/webp\" \/>\n<meta name=\"twitter:card\" content=\"summary_large_image\" \/>\n<meta name=\"twitter:label1\" content=\"Tiempo de lectura\" \/>\n\t<meta name=\"twitter:data1\" content=\"4 minutos\" \/>\n<script type=\"application\/ld+json\" class=\"yoast-schema-graph\">{\"@context\":\"https:\/\/schema.org\",\"@graph\":[{\"@type\":\"WebPage\",\"@id\":\"https:\/\/sxflightcase.com\/pt\/produto\/caixa-de-iluminacao\/\",\"url\":\"https:\/\/sxflightcase.com\/pt\/produto\/caixa-de-iluminacao\/\",\"name\":\"Lighting Rack Case - https:\/\/sxflightcase.com \ud83d\udc97\",\"isPartOf\":{\"@id\":\"https:\/\/sxflightcase.com\/th\/#website\"},\"primaryImageOfPage\":{\"@id\":\"https:\/\/sxflightcase.com\/pt\/produto\/caixa-de-iluminacao\/#primaryimage\"},\"image\":{\"@id\":\"https:\/\/sxflightcase.com\/pt\/produto\/caixa-de-iluminacao\/#primaryimage\"},\"thumbnailUrl\":\"https:\/\/sxflightcase.com\/wp-content\/uploads\/2024\/05\/lighting-rack-case24311635813.webp\",\"datePublished\":\"2024-05-10T03:27:09+00:00\",\"dateModified\":\"2024-06-14T07:03:45+00:00\",\"description\":\"Lighting Rack Case: Explore factory-direct sales and professional customization options for organizing and protecting your lighting equipment efficiently\",\"breadcrumb\":{\"@id\":\"https:\/\/sxflightcase.com\/pt\/produto\/caixa-de-iluminacao\/#breadcrumb\"},\"inLanguage\":\"es\",\"potentialAction\":[{\"@type\":\"ReadAction\",\"target\":[\"https:\/\/sxflightcase.com\/pt\/produto\/caixa-de-iluminacao\/\"]}]},{\"@type\":\"ImageObject\",\"inLanguage\":\"es\",\"@id\":\"https:\/\/sxflightcase.com\/pt\/produto\/caixa-de-iluminacao\/#primaryimage\",\"url\":\"https:\/\/sxflightcase.com\/wp-content\/uploads\/2024\/05\/lighting-rack-case24311635813.webp\",\"contentUrl\":\"https:\/\/sxflightcase.com\/wp-content\/uploads\/2024\/05\/lighting-rack-case24311635813.webp\",\"width\":750,\"height\":750,\"caption\":\"Lighting Rack Case\"},{\"@type\":\"BreadcrumbList\",\"@id\":\"https:\/\/sxflightcase.com\/pt\/produto\/caixa-de-iluminacao\/#breadcrumb\",\"itemListElement\":[{\"@type\":\"ListItem\",\"position\":1,\"name\":\"Home\",\"item\":\"https:\/\/sxflightcase.com\/\"},{\"@type\":\"ListItem\",\"position\":2,\"name\":\"\u0e2a\u0e34\u0e19\u0e04\u0e49\u0e32\",\"item\":\"https:\/\/sxflightcase.com\/th\/shop\/\"},{\"@type\":\"ListItem\",\"position\":3,\"name\":\"Lighting Rack Case\"}]},{\"@type\":\"WebSite\",\"@id\":\"https:\/\/sxflightcase.com\/th\/#website\",\"url\":\"https:\/\/sxflightcase.com\/th\/\",\"name\":\"sxpowercase.com\",\"description\":\"Flight Case Factory\",\"publisher\":{\"@id\":\"https:\/\/sxflightcase.com\/th\/#organization\"},\"potentialAction\":[{\"@type\":\"SearchAction\",\"target\":{\"@type\":\"EntryPoint\",\"urlTemplate\":\"https:\/\/sxflightcase.com\/th\/?s={search_term_string}\"},\"query-input\":{\"@type\":\"PropertyValueSpecification\",\"valueRequired\":true,\"valueName\":\"search_term_string\"}}],\"inLanguage\":\"es\"},{\"@type\":\"Organization\",\"@id\":\"https:\/\/sxflightcase.com\/th\/#organization\",\"name\":\"sxpowercase.com\",\"url\":\"https:\/\/sxflightcase.com\/th\/\",\"logo\":{\"@type\":\"ImageObject\",\"inLanguage\":\"es\",\"@id\":\"https:\/\/sxflightcase.com\/th\/#\/schema\/logo\/image\/\",\"url\":\"https:\/\/sxflightcase.com\/wp-content\/uploads\/2024\/04\/1713919036007.jpg\",\"contentUrl\":\"https:\/\/sxflightcase.com\/wp-content\/uploads\/2024\/04\/1713919036007.jpg\",\"width\":382,\"height\":388,\"caption\":\"sxpowercase.com\"},\"image\":{\"@id\":\"https:\/\/sxflightcase.com\/th\/#\/schema\/logo\/image\/\"},\"sameAs\":[\"https:\/\/www.facebook.com\/profile.php?id=61560407257971\"],\"numberOfEmployees\":{\"@type\":\"QuantitativeValue\",\"minValue\":\"11\",\"maxValue\":\"50\"}}]}<\/script>\n<!-- \/ Yoast SEO Premium plugin. -->","yoast_head_json":{"title":"Lighting Rack Case - https:\/\/sxflightcase.com \ud83d\udc97","description":"Lighting Rack Case: Explore las opciones de venta directa de f\u00e1brica y personalizaci\u00f3n profesional para organizar y proteger su equipo de iluminaci\u00f3n de forma eficaz.","robots":{"index":"index","follow":"follow","max-snippet":"max-snippet:-1","max-image-preview":"max-image-preview:large","max-video-preview":"max-video-preview:-1"},"canonical":"https:\/\/sxflightcase.com\/es_es\/produto\/caixa-de-iluminacao\/","og_locale":"es_ES","og_type":"article","og_title":"Lighting Rack Case","og_description":"Lighting Rack Case: Explore factory-direct sales and professional customization options for organizing and protecting your lighting equipment efficiently","og_url":"https:\/\/sxflightcase.com\/es_es\/produto\/caixa-de-iluminacao\/","og_site_name":"https:\/\/sxflightcase.com","article_publisher":"https:\/\/www.facebook.com\/profile.php?id=61560407257971","article_modified_time":"2024-06-14T07:03:45+00:00","og_image":[{"width":750,"height":750,"url":"https:\/\/sxflightcase.com\/wp-content\/uploads\/2024\/05\/lighting-rack-case24311635813.webp","type":"image\/webp"}],"twitter_card":"summary_large_image","twitter_misc":{"Tiempo de lectura":"4 minutos"},"schema":{"@context":"https:\/\/schema.org","@graph":[{"@type":"WebPage","@id":"https:\/\/sxflightcase.com\/pt\/produto\/caixa-de-iluminacao\/","url":"https:\/\/sxflightcase.com\/pt\/produto\/caixa-de-iluminacao\/","name":"Lighting Rack Case - https:\/\/sxflightcase.com \ud83d\udc97","isPartOf":{"@id":"https:\/\/sxflightcase.com\/th\/#website"},"primaryImageOfPage":{"@id":"https:\/\/sxflightcase.com\/pt\/produto\/caixa-de-iluminacao\/#primaryimage"},"image":{"@id":"https:\/\/sxflightcase.com\/pt\/produto\/caixa-de-iluminacao\/#primaryimage"},"thumbnailUrl":"https:\/\/sxflightcase.com\/wp-content\/uploads\/2024\/05\/lighting-rack-case24311635813.webp","datePublished":"2024-05-10T03:27:09+00:00","dateModified":"2024-06-14T07:03:45+00:00","description":"Lighting Rack Case: Explore las opciones de venta directa de f\u00e1brica y personalizaci\u00f3n profesional para organizar y proteger su equipo de iluminaci\u00f3n de forma eficaz.","breadcrumb":{"@id":"https:\/\/sxflightcase.com\/pt\/produto\/caixa-de-iluminacao\/#breadcrumb"},"inLanguage":"es","potentialAction":[{"@type":"ReadAction","target":["https:\/\/sxflightcase.com\/pt\/produto\/caixa-de-iluminacao\/"]}]},{"@type":"ImageObject","inLanguage":"es","@id":"https:\/\/sxflightcase.com\/pt\/produto\/caixa-de-iluminacao\/#primaryimage","url":"https:\/\/sxflightcase.com\/wp-content\/uploads\/2024\/05\/lighting-rack-case24311635813.webp","contentUrl":"https:\/\/sxflightcase.com\/wp-content\/uploads\/2024\/05\/lighting-rack-case24311635813.webp","width":750,"height":750,"caption":"Lighting Rack Case"},{"@type":"BreadcrumbList","@id":"https:\/\/sxflightcase.com\/pt\/produto\/caixa-de-iluminacao\/#breadcrumb","itemListElement":[{"@type":"ListItem","position":1,"name":"Home","item":"https:\/\/sxflightcase.com\/"},{"@type":"ListItem","position":2,"name":"\u0e2a\u0e34\u0e19\u0e04\u0e49\u0e32","item":"https:\/\/sxflightcase.com\/th\/shop\/"},{"@type":"ListItem","position":3,"name":"Lighting Rack Case"}]},{"@type":"WebSite","@id":"https:\/\/sxflightcase.com\/th\/#website","url":"https:\/\/sxflightcase.com\/th\/","name":"es.sxpowercase.com","description":"F\u00e1brica de flightcases","publisher":{"@id":"https:\/\/sxflightcase.com\/th\/#organization"},"potentialAction":[{"@type":"SearchAction","target":{"@type":"EntryPoint","urlTemplate":"https:\/\/sxflightcase.com\/th\/?s={search_term_string}"},"query-input":{"@type":"PropertyValueSpecification","valueRequired":true,"valueName":"search_term_string"}}],"inLanguage":"es"},{"@type":"Organization","@id":"https:\/\/sxflightcase.com\/th\/#organization","name":"es.sxpowercase.com","url":"https:\/\/sxflightcase.com\/th\/","logo":{"@type":"ImageObject","inLanguage":"es","@id":"https:\/\/sxflightcase.com\/th\/#\/schema\/logo\/image\/","url":"https:\/\/sxflightcase.com\/wp-content\/uploads\/2024\/04\/1713919036007.jpg","contentUrl":"https:\/\/sxflightcase.com\/wp-content\/uploads\/2024\/04\/1713919036007.jpg","width":382,"height":388,"caption":"sxpowercase.com"},"image":{"@id":"https:\/\/sxflightcase.com\/th\/#\/schema\/logo\/image\/"},"sameAs":["https:\/\/www.facebook.com\/profile.php?id=61560407257971"],"numberOfEmployees":{"@type":"QuantitativeValue","minValue":"11","maxValue":"50"}}]}},"_links":{"self":[{"href":"https:\/\/sxflightcase.com\/es_es\/wp-json\/wp\/v2\/product\/1702","targetHints":{"allow":["GET"]}}],"collection":[{"href":"https:\/\/sxflightcase.com\/es_es\/wp-json\/wp\/v2\/product"}],"about":[{"href":"https:\/\/sxflightcase.com\/es_es\/wp-json\/wp\/v2\/types\/product"}],"replies":[{"embeddable":true,"href":"https:\/\/sxflightcase.com\/es_es\/wp-json\/wp\/v2\/comments?post=1702"}],"version-history":[{"count":0,"href":"https:\/\/sxflightcase.com\/es_es\/wp-json\/wp\/v2\/product\/1702\/revisions"}],"wp:featuredmedia":[{"embeddable":true,"href":"https:\/\/sxflightcase.com\/es_es\/wp-json\/wp\/v2\/media\/1703"}],"wp:attachment":[{"href":"https:\/\/sxflightcase.com\/es_es\/wp-json\/wp\/v2\/media?parent=1702"}],"wp:term":[{"taxonomy":"product_brand","embeddable":true,"href":"https:\/\/sxflightcase.com\/es_es\/wp-json\/wp\/v2\/product_brand?post=1702"},{"taxonomy":"product_cat","embeddable":true,"href":"https:\/\/sxflightcase.com\/es_es\/wp-json\/wp\/v2\/product_cat?post=1702"},{"taxonomy":"product_tag","embeddable":true,"href":"https:\/\/sxflightcase.com\/es_es\/wp-json\/wp\/v2\/product_tag?post=1702"}],"curies":[{"name":"wp","href":"https:\/\/api.w.org\/{rel}","templated":true}]}}