{"id":1721,"date":"2024-05-10T04:57:40","date_gmt":"2024-05-10T03:57:40","guid":{"rendered":"https:\/\/sxpowercase.com\/?post_type=product&#038;p=1721"},"modified":"2024-06-21T02:32:51","modified_gmt":"2024-06-21T01:32:51","slug":"dual-15-inch-subwoofer-box","status":"publish","type":"product","link":"https:\/\/sxflightcase.com\/es_es\/producto\/caja-de-subwoofer-doble-de-15-pulgadas\/","title":{"rendered":"Caja de subwoofer doble de 15 pulgadas"},"content":{"rendered":"<h3><strong>Par\u00e1metros del producto<\/strong><\/h3>\n<section class=\"table-wrap\">\n<table class=\"table\" width=\"100%\" cellspacing=\"0\" cellpadding=\"0\">\n<tbody>\n<tr class=\"firstRow\">\n<td width=\"148\">Nombre del producto:<\/td>\n<td width=\"569\">Caja de subwoofer doble de 15 pulgadas<\/td>\n<\/tr>\n<tr>\n<td width=\"148\">Dimensi\u00f3n:<\/td>\n<td width=\"569\">Depende del tama\u00f1o real del equipo<\/td>\n<\/tr>\n<tr>\n<td width=\"148\">Color:<\/td>\n<td width=\"569\">negro \/rojo \/azul etc<\/td>\n<\/tr>\n<tr>\n<td width=\"148\">Materiales :<\/td>\n<td width=\"569\">Aluminio + contrachapado + panel ABS+hardware+espuma<\/td>\n<\/tr>\n<tr>\n<td width=\"148\">Logotipo :<\/td>\n<td width=\"569\">Disponible para logotipo serigrafiado \/ logotipo en relieve \/ logotipo l\u00e1ser<\/td>\n<\/tr>\n<tr>\n<td width=\"148\">MOQ:<\/td>\n<td width=\"569\">10 unidades<\/td>\n<\/tr>\n<tr>\n<td width=\"148\">Tiempo de muestreo :<\/td>\n<td width=\"569\">5-7 d\u00edas<\/td>\n<\/tr>\n<tr>\n<td width=\"148\">Tiempo de producci\u00f3n :<\/td>\n<td width=\"569\">4 semanas tras la confirmaci\u00f3n del pedido<\/td>\n<\/tr>\n<tr>\n<td width=\"148\">Puerto de embarque:<\/td>\n<td width=\"569\">Shenzhen, Guangzhou, Hong Kong<\/td>\n<\/tr>\n<tr>\n<td width=\"148\">Condiciones comerciales:<\/td>\n<td width=\"569\">Ex-work \/ FOB \/ CIF \/ DDU<\/td>\n<\/tr>\n<tr>\n<td width=\"148\">Plazo de pago:<\/td>\n<td width=\"569\">T\/T 30% dep\u00f3sito y 70% antes del env\u00edo, L\/C a la vista, Western Union, etc.<\/td>\n<\/tr>\n<tr>\n<td width=\"148\">Caracter\u00edstica:<\/td>\n<td width=\"569\">1) Dise\u00f1o elegante, duradero y econ\u00f3mico<br \/>\n2) Artesan\u00eda fina y dise\u00f1o especial<br \/>\n3) Cualquier dise\u00f1o, logotipo puede ser impreso o bordado<br \/>\n4) Se aceptan tama\u00f1os, logotipos y dise\u00f1os personalizados.<\/td>\n<\/tr>\n<\/tbody>\n<\/table>\n<\/section>\n<section class=\"table-wrap\">\n<table class=\"table\" width=\"100%\" cellspacing=\"0\" cellpadding=\"0\">\n<tbody>\n<tr class=\"firstRow\">\n<td colspan=\"3\" width=\"100%\">Embalaje y env\u00edo<\/td>\n<\/tr>\n<tr>\n<td rowspan=\"3\" width=\"33%\">Plazo de entrega<\/td>\n<td width=\"33%\">Por mar<\/td>\n<td width=\"33%\">15-60 d\u00edas<\/td>\n<\/tr>\n<tr>\n<td width=\"33%\">En avi\u00f3n<\/td>\n<td width=\"33%\">4-9 d\u00edas<\/td>\n<\/tr>\n<tr>\n<td width=\"33%\">Por expreso<\/td>\n<td width=\"33%\">4-9 d\u00edas<\/td>\n<\/tr>\n<tr>\n<td width=\"33%\">Plazo de entrega<\/td>\n<td colspan=\"2\" width=\"66%\">7-15 horas de trabajo o seg\u00fan sus necesidades<\/td>\n<\/tr>\n<tr>\n<td width=\"33%\">Embalaje<\/td>\n<td colspan=\"2\" width=\"66%\">Por caja o seg\u00fan sus necesidades<\/td>\n<\/tr>\n<\/tbody>\n<\/table>\n<\/section>\n<h1><strong>Experimenta unos graves potentes con la caja de subwoofer SX Dual de 15 pulgadas<\/strong><\/h1>\n<h2>Calidad de sonido inigualable<\/h2>\n<p>Mejore su experiencia de audio con el <strong>Caja de subwoofer doble de 15 pulgadas<\/strong> de <a href=\"https:\/\/sxpowercase.com\/\" target=\"_blank\" rel=\"noopener\" title=\"SX\" data-wpil-monitor-id=\"112\">SX<\/a>. Dise\u00f1ado para ofrecer graves profundos y ricos, este subwoofer transforma la m\u00fasica y las bandas sonoras de las pel\u00edculas, creando una experiencia auditiva envolvente.<\/p>\n<h2>Perfecto para cualquier espacio<\/h2>\n<h3>Vers\u00e1til y compacto<\/h3>\n<p>El SX <strong>Caja de subwoofer doble de 15 pulgadas<\/strong> se adapta perfectamente a cualquier configuraci\u00f3n. Su dise\u00f1o compacto no compromete la potencia, por lo que es ideal tanto para sistemas de audio dom\u00e9sticos como para autom\u00f3viles. Disfrute de un sonido de alta calidad sin sacrificar espacio.<\/p>\n<h2>Directamente del fabricante<\/h2>\n<h3>Venta directa de f\u00e1brica<\/h3>\n<p>Al elegir SX, se beneficia de la venta directa de f\u00e1brica. Esto significa que recibir\u00e1 productos de la m\u00e1xima calidad a precios inmejorables. Nuestro compromiso con la excelencia le garantiza <strong>Caja de subwoofer doble de 15 pulgadas<\/strong> que cumple las normas m\u00e1s estrictas de rendimiento y durabilidad.<\/p>\n<h2>Opciones personalizables<\/h2>\n<h3>A la medida de sus necesidades<\/h3>\n<p>SX ofrece opciones personalizables que se adaptan a sus requisitos espec\u00edficos. Tanto si necesita un acabado, un tama\u00f1o o unas caracter\u00edsticas adicionales concretos, nuestro equipo est\u00e1 preparado para ofrecerle una <strong>Caja de subwoofer de 15 pulgadas<\/strong> que se adapte perfectamente a sus necesidades.<\/p>\n<h2>Mejora tu experiencia de audio<\/h2>\n<h3>Sonido profesional<\/h3>\n<p>Transforme su configuraci\u00f3n de audio con un sonido de calidad profesional. El SX <strong>Caja de subwoofer de 15 pulgadas<\/strong> est\u00e1 dise\u00f1ado para producir unos graves claros y potentes que realzan cada comp\u00e1s, lo que lo convierte en un producto imprescindible tanto para los entusiastas del audio como para los profesionales.<\/p>\n<hr \/>\n<p>Actualice su sistema de audio con el SX <strong>Caja de subwoofer de 15 pulgadas<\/strong>. P\u00f3ngase en contacto con nosotros hoy mismo para obtener m\u00e1s informaci\u00f3n sobre nuestras ventas directas de f\u00e1brica y opciones personalizables. Mejore su experiencia de sonido con SX.<\/p>\n<p><strong>PREGUNTAS FRECUENTES<\/strong><\/p>\n<p>P: \u00bfPueden hacer nuestro propio envasado?<\/p>\n<p>R: S\u00ed, s\u00f3lo tiene que proporcionar el dise\u00f1o del envase y produciremos lo que desee. Tambi\u00e9n tenemos el dise\u00f1ador profesional puede ayudarle a hacer el dise\u00f1o de envases.<\/p>\n<p>Q. \u00bfPodemos imprimir nuestro propio logotipo?<\/p>\n<p>A. S\u00ed, ofrecemos servicio OEM.<\/p>\n<p>P: \u00bfC\u00f3mo env\u00edan la mercanc\u00eda y cu\u00e1nto tarda en llegar?<\/p>\n<p>R: Normalmente enviamos por mar, podemos ayudar a hacer precio CIF o precio ex-work..<\/p>\n<p>Hot Tags: Low price, in stock, free sample, Power And Signal Cable, 16 Gauge 4 Conductor Wire, Microphone Stand Case, Outdoor Led Display Cabinet, Rack Mount, 19\" Rackmount Mixer Flight Cases\uff0celectrical distro box, China, proveedores, f\u00e1brica, modificado para requisitos particulares, al por mayor, <span style=\"color: #993366;\"><a style=\"color: #993366;\" href=\"https:\/\/sxflightcase.com\/es_es\/product-category\/all-product\/power-distribution-boxes\/\">cajas de poder<\/a>,\u00a0<a style=\"color: #993366;\" href=\"https:\/\/sxflightcase.com\/es_es\/product-category\/all-product\/hoist-controllers\/\">cables de alimentaci\u00f3n<\/a>,\u00a0<a style=\"color: #993366;\" href=\"https:\/\/sxflightcase.com\/es_es\/product-category\/all-product\/hoist-controllers\/\">controladores de polipasto<\/a>,\u00a0<a style=\"color: #993366;\" href=\"https:\/\/sxflightcase.com\/es_es\/product-category\/all-product\/flight-case\/\">Estuches de vuelo.<\/a><\/span><\/p>","protected":false},"excerpt":{"rendered":"<h2 class=\"prodetails-name\">Caja de subwoofer doble de 15 pulgadas<\/h2>\n<p>Ir de A a B no siempre es tan f\u00e1cil como parece. As\u00ed que garantiza la seguridad del equipo que transportas con un ba\u00fal de carretera resistente. La caja doble para subwoofer de 15 pulgadas es una de las flight cases m\u00e1s populares del mercado por su versatilidad.<\/p>\n<h2><strong>Introducci\u00f3n de la producci\u00f3n<\/strong><\/h2>\n<p>Caja de subwoofer doble de 15 pulgadas<\/p>\n<p>Esta caja doble para subwoofer de 15 pulgadas con cierres con candado proporciona seguridad para mayor tranquilidad, las esquinas apilables inteligentes permiten colocar varias cajas una encima de otra con gran estabilidad, y las asas empotradas son c\u00f3modas de transportar. Fabricada con laminado de pl\u00e1stico ABS\/madera contrachapada, forro de espuma, extrusiones de aluminio y herrajes de calidad.<\/p>","protected":false},"featured_media":1722,"comment_status":"open","ping_status":"closed","template":"","meta":[],"product_brand":[],"product_cat":[41],"product_tag":[],"class_list":{"0":"post-1721","1":"product","2":"type-product","3":"status-publish","4":"has-post-thumbnail","6":"product_cat-equipment-cases","8":"first","9":"instock","10":"shipping-taxable","11":"product-type-simple"},"yoast_head":"<!-- This site is optimized with the Yoast SEO Premium plugin v27.1 (Yoast SEO v27.2) - https:\/\/yoast.com\/product\/yoast-seo-premium-wordpress\/ -->\n<title>Dual 15 Inch Subwoofer Box - https:\/\/sxflightcase.com \ud83d\udc97<\/title>\n<meta name=\"description\" content=\"Dual 15 Inch Subwoofer Box: Get factory-direct sales and professional customization for optimal protection and organization of your lighting equipment\" \/>\n<meta name=\"robots\" content=\"index, follow, max-snippet:-1, max-image-preview:large, max-video-preview:-1\" \/>\n<link rel=\"canonical\" href=\"https:\/\/sxflightcase.com\/es_es\/\u0e1c\u0e25\u0e34\u0e15\u0e20\u0e31\u0e13\u0e11\u0e4c\/dual-15-inch-subwoofer-box\/\" \/>\n<meta property=\"og:locale\" content=\"es_ES\" \/>\n<meta property=\"og:type\" content=\"article\" \/>\n<meta property=\"og:title\" content=\"Dual 15 Inch Subwoofer Box\" \/>\n<meta property=\"og:description\" content=\"Dual 15 Inch Subwoofer Box: Get factory-direct sales and professional customization for optimal protection and organization of your lighting equipment\" \/>\n<meta property=\"og:url\" content=\"https:\/\/sxflightcase.com\/es_es\/\u0e1c\u0e25\u0e34\u0e15\u0e20\u0e31\u0e13\u0e11\u0e4c\/dual-15-inch-subwoofer-box\/\" \/>\n<meta property=\"og:site_name\" content=\"https:\/\/sxflightcase.com\" \/>\n<meta property=\"article:publisher\" content=\"https:\/\/www.facebook.com\/profile.php?id=61560407257971\" \/>\n<meta property=\"article:modified_time\" content=\"2024-06-21T01:32:51+00:00\" \/>\n<meta property=\"og:image\" content=\"https:\/\/sxflightcase.com\/wp-content\/uploads\/2024\/05\/dual-15-inch-subwoofer-box34149732810.webp\" \/>\n\t<meta property=\"og:image:width\" content=\"700\" \/>\n\t<meta property=\"og:image:height\" content=\"700\" \/>\n\t<meta property=\"og:image:type\" content=\"image\/webp\" \/>\n<meta name=\"twitter:card\" content=\"summary_large_image\" \/>\n<meta name=\"twitter:label1\" content=\"Tiempo de lectura\" \/>\n\t<meta name=\"twitter:data1\" content=\"4 minutos\" \/>\n<script type=\"application\/ld+json\" class=\"yoast-schema-graph\">{\"@context\":\"https:\/\/schema.org\",\"@graph\":[{\"@type\":\"WebPage\",\"@id\":\"https:\/\/sxflightcase.com\/th\/\u0e1c\u0e25\u0e34\u0e15\u0e20\u0e31\u0e13\u0e11\u0e4c\/dual-15-inch-subwoofer-box\/\",\"url\":\"https:\/\/sxflightcase.com\/th\/\u0e1c\u0e25\u0e34\u0e15\u0e20\u0e31\u0e13\u0e11\u0e4c\/dual-15-inch-subwoofer-box\/\",\"name\":\"Dual 15 Inch Subwoofer Box - https:\/\/sxflightcase.com \ud83d\udc97\",\"isPartOf\":{\"@id\":\"https:\/\/sxflightcase.com\/th\/#website\"},\"primaryImageOfPage\":{\"@id\":\"https:\/\/sxflightcase.com\/th\/\u0e1c\u0e25\u0e34\u0e15\u0e20\u0e31\u0e13\u0e11\u0e4c\/dual-15-inch-subwoofer-box\/#primaryimage\"},\"image\":{\"@id\":\"https:\/\/sxflightcase.com\/th\/\u0e1c\u0e25\u0e34\u0e15\u0e20\u0e31\u0e13\u0e11\u0e4c\/dual-15-inch-subwoofer-box\/#primaryimage\"},\"thumbnailUrl\":\"https:\/\/sxflightcase.com\/wp-content\/uploads\/2024\/05\/dual-15-inch-subwoofer-box34149732810.webp\",\"datePublished\":\"2024-05-10T03:57:40+00:00\",\"dateModified\":\"2024-06-21T01:32:51+00:00\",\"description\":\"Dual 15 Inch Subwoofer Box: Get factory-direct sales and professional customization for optimal protection and organization of your lighting equipment\",\"breadcrumb\":{\"@id\":\"https:\/\/sxflightcase.com\/th\/\u0e1c\u0e25\u0e34\u0e15\u0e20\u0e31\u0e13\u0e11\u0e4c\/dual-15-inch-subwoofer-box\/#breadcrumb\"},\"inLanguage\":\"es\",\"potentialAction\":[{\"@type\":\"ReadAction\",\"target\":[\"https:\/\/sxflightcase.com\/th\/\u0e1c\u0e25\u0e34\u0e15\u0e20\u0e31\u0e13\u0e11\u0e4c\/dual-15-inch-subwoofer-box\/\"]}]},{\"@type\":\"ImageObject\",\"inLanguage\":\"es\",\"@id\":\"https:\/\/sxflightcase.com\/th\/\u0e1c\u0e25\u0e34\u0e15\u0e20\u0e31\u0e13\u0e11\u0e4c\/dual-15-inch-subwoofer-box\/#primaryimage\",\"url\":\"https:\/\/sxflightcase.com\/wp-content\/uploads\/2024\/05\/dual-15-inch-subwoofer-box34149732810.webp\",\"contentUrl\":\"https:\/\/sxflightcase.com\/wp-content\/uploads\/2024\/05\/dual-15-inch-subwoofer-box34149732810.webp\",\"width\":700,\"height\":700,\"caption\":\"Dual 15 Inch Subwoofer Box\"},{\"@type\":\"BreadcrumbList\",\"@id\":\"https:\/\/sxflightcase.com\/th\/\u0e1c\u0e25\u0e34\u0e15\u0e20\u0e31\u0e13\u0e11\u0e4c\/dual-15-inch-subwoofer-box\/#breadcrumb\",\"itemListElement\":[{\"@type\":\"ListItem\",\"position\":1,\"name\":\"Home\",\"item\":\"https:\/\/sxflightcase.com\/\"},{\"@type\":\"ListItem\",\"position\":2,\"name\":\"\u0e2a\u0e34\u0e19\u0e04\u0e49\u0e32\",\"item\":\"https:\/\/sxflightcase.com\/th\/shop\/\"},{\"@type\":\"ListItem\",\"position\":3,\"name\":\"Dual 15 Inch Subwoofer Box\"}]},{\"@type\":\"WebSite\",\"@id\":\"https:\/\/sxflightcase.com\/th\/#website\",\"url\":\"https:\/\/sxflightcase.com\/th\/\",\"name\":\"sxpowercase.com\",\"description\":\"Flight Case Factory\",\"publisher\":{\"@id\":\"https:\/\/sxflightcase.com\/th\/#organization\"},\"potentialAction\":[{\"@type\":\"SearchAction\",\"target\":{\"@type\":\"EntryPoint\",\"urlTemplate\":\"https:\/\/sxflightcase.com\/th\/?s={search_term_string}\"},\"query-input\":{\"@type\":\"PropertyValueSpecification\",\"valueRequired\":true,\"valueName\":\"search_term_string\"}}],\"inLanguage\":\"es\"},{\"@type\":\"Organization\",\"@id\":\"https:\/\/sxflightcase.com\/th\/#organization\",\"name\":\"sxpowercase.com\",\"url\":\"https:\/\/sxflightcase.com\/th\/\",\"logo\":{\"@type\":\"ImageObject\",\"inLanguage\":\"es\",\"@id\":\"https:\/\/sxflightcase.com\/th\/#\/schema\/logo\/image\/\",\"url\":\"https:\/\/sxflightcase.com\/wp-content\/uploads\/2024\/04\/1713919036007.jpg\",\"contentUrl\":\"https:\/\/sxflightcase.com\/wp-content\/uploads\/2024\/04\/1713919036007.jpg\",\"width\":382,\"height\":388,\"caption\":\"sxpowercase.com\"},\"image\":{\"@id\":\"https:\/\/sxflightcase.com\/th\/#\/schema\/logo\/image\/\"},\"sameAs\":[\"https:\/\/www.facebook.com\/profile.php?id=61560407257971\"],\"numberOfEmployees\":{\"@type\":\"QuantitativeValue\",\"minValue\":\"11\",\"maxValue\":\"50\"}}]}<\/script>\n<!-- \/ Yoast SEO Premium plugin. -->","yoast_head_json":{"title":"Dual 15 Inch Subwoofer Box - https:\/\/sxflightcase.com \ud83d\udc97","description":"Caja doble para subwoofer de 15 pulgadas: Obtenga ventas directas de f\u00e1brica y personalizaci\u00f3n profesional para una protecci\u00f3n y organizaci\u00f3n \u00f3ptimas de su equipo de iluminaci\u00f3n.","robots":{"index":"index","follow":"follow","max-snippet":"max-snippet:-1","max-image-preview":"max-image-preview:large","max-video-preview":"max-video-preview:-1"},"canonical":"https:\/\/sxflightcase.com\/es_es\/\u0e1c\u0e25\u0e34\u0e15\u0e20\u0e31\u0e13\u0e11\u0e4c\/dual-15-inch-subwoofer-box\/","og_locale":"es_ES","og_type":"article","og_title":"Dual 15 Inch Subwoofer Box","og_description":"Dual 15 Inch Subwoofer Box: Get factory-direct sales and professional customization for optimal protection and organization of your lighting equipment","og_url":"https:\/\/sxflightcase.com\/es_es\/\u0e1c\u0e25\u0e34\u0e15\u0e20\u0e31\u0e13\u0e11\u0e4c\/dual-15-inch-subwoofer-box\/","og_site_name":"https:\/\/sxflightcase.com","article_publisher":"https:\/\/www.facebook.com\/profile.php?id=61560407257971","article_modified_time":"2024-06-21T01:32:51+00:00","og_image":[{"width":700,"height":700,"url":"https:\/\/sxflightcase.com\/wp-content\/uploads\/2024\/05\/dual-15-inch-subwoofer-box34149732810.webp","type":"image\/webp"}],"twitter_card":"summary_large_image","twitter_misc":{"Tiempo de lectura":"4 minutos"},"schema":{"@context":"https:\/\/schema.org","@graph":[{"@type":"WebPage","@id":"https:\/\/sxflightcase.com\/th\/\u0e1c\u0e25\u0e34\u0e15\u0e20\u0e31\u0e13\u0e11\u0e4c\/dual-15-inch-subwoofer-box\/","url":"https:\/\/sxflightcase.com\/th\/\u0e1c\u0e25\u0e34\u0e15\u0e20\u0e31\u0e13\u0e11\u0e4c\/dual-15-inch-subwoofer-box\/","name":"Dual 15 Inch Subwoofer Box - https:\/\/sxflightcase.com \ud83d\udc97","isPartOf":{"@id":"https:\/\/sxflightcase.com\/th\/#website"},"primaryImageOfPage":{"@id":"https:\/\/sxflightcase.com\/th\/\u0e1c\u0e25\u0e34\u0e15\u0e20\u0e31\u0e13\u0e11\u0e4c\/dual-15-inch-subwoofer-box\/#primaryimage"},"image":{"@id":"https:\/\/sxflightcase.com\/th\/\u0e1c\u0e25\u0e34\u0e15\u0e20\u0e31\u0e13\u0e11\u0e4c\/dual-15-inch-subwoofer-box\/#primaryimage"},"thumbnailUrl":"https:\/\/sxflightcase.com\/wp-content\/uploads\/2024\/05\/dual-15-inch-subwoofer-box34149732810.webp","datePublished":"2024-05-10T03:57:40+00:00","dateModified":"2024-06-21T01:32:51+00:00","description":"Caja doble para subwoofer de 15 pulgadas: Obtenga ventas directas de f\u00e1brica y personalizaci\u00f3n profesional para una protecci\u00f3n y organizaci\u00f3n \u00f3ptimas de su equipo de iluminaci\u00f3n.","breadcrumb":{"@id":"https:\/\/sxflightcase.com\/th\/\u0e1c\u0e25\u0e34\u0e15\u0e20\u0e31\u0e13\u0e11\u0e4c\/dual-15-inch-subwoofer-box\/#breadcrumb"},"inLanguage":"es","potentialAction":[{"@type":"ReadAction","target":["https:\/\/sxflightcase.com\/th\/\u0e1c\u0e25\u0e34\u0e15\u0e20\u0e31\u0e13\u0e11\u0e4c\/dual-15-inch-subwoofer-box\/"]}]},{"@type":"ImageObject","inLanguage":"es","@id":"https:\/\/sxflightcase.com\/th\/\u0e1c\u0e25\u0e34\u0e15\u0e20\u0e31\u0e13\u0e11\u0e4c\/dual-15-inch-subwoofer-box\/#primaryimage","url":"https:\/\/sxflightcase.com\/wp-content\/uploads\/2024\/05\/dual-15-inch-subwoofer-box34149732810.webp","contentUrl":"https:\/\/sxflightcase.com\/wp-content\/uploads\/2024\/05\/dual-15-inch-subwoofer-box34149732810.webp","width":700,"height":700,"caption":"Dual 15 Inch Subwoofer Box"},{"@type":"BreadcrumbList","@id":"https:\/\/sxflightcase.com\/th\/\u0e1c\u0e25\u0e34\u0e15\u0e20\u0e31\u0e13\u0e11\u0e4c\/dual-15-inch-subwoofer-box\/#breadcrumb","itemListElement":[{"@type":"ListItem","position":1,"name":"Home","item":"https:\/\/sxflightcase.com\/"},{"@type":"ListItem","position":2,"name":"\u0e2a\u0e34\u0e19\u0e04\u0e49\u0e32","item":"https:\/\/sxflightcase.com\/th\/shop\/"},{"@type":"ListItem","position":3,"name":"Dual 15 Inch Subwoofer Box"}]},{"@type":"WebSite","@id":"https:\/\/sxflightcase.com\/th\/#website","url":"https:\/\/sxflightcase.com\/th\/","name":"es.sxpowercase.com","description":"F\u00e1brica de flightcases","publisher":{"@id":"https:\/\/sxflightcase.com\/th\/#organization"},"potentialAction":[{"@type":"SearchAction","target":{"@type":"EntryPoint","urlTemplate":"https:\/\/sxflightcase.com\/th\/?s={search_term_string}"},"query-input":{"@type":"PropertyValueSpecification","valueRequired":true,"valueName":"search_term_string"}}],"inLanguage":"es"},{"@type":"Organization","@id":"https:\/\/sxflightcase.com\/th\/#organization","name":"es.sxpowercase.com","url":"https:\/\/sxflightcase.com\/th\/","logo":{"@type":"ImageObject","inLanguage":"es","@id":"https:\/\/sxflightcase.com\/th\/#\/schema\/logo\/image\/","url":"https:\/\/sxflightcase.com\/wp-content\/uploads\/2024\/04\/1713919036007.jpg","contentUrl":"https:\/\/sxflightcase.com\/wp-content\/uploads\/2024\/04\/1713919036007.jpg","width":382,"height":388,"caption":"sxpowercase.com"},"image":{"@id":"https:\/\/sxflightcase.com\/th\/#\/schema\/logo\/image\/"},"sameAs":["https:\/\/www.facebook.com\/profile.php?id=61560407257971"],"numberOfEmployees":{"@type":"QuantitativeValue","minValue":"11","maxValue":"50"}}]}},"_links":{"self":[{"href":"https:\/\/sxflightcase.com\/es_es\/wp-json\/wp\/v2\/product\/1721","targetHints":{"allow":["GET"]}}],"collection":[{"href":"https:\/\/sxflightcase.com\/es_es\/wp-json\/wp\/v2\/product"}],"about":[{"href":"https:\/\/sxflightcase.com\/es_es\/wp-json\/wp\/v2\/types\/product"}],"replies":[{"embeddable":true,"href":"https:\/\/sxflightcase.com\/es_es\/wp-json\/wp\/v2\/comments?post=1721"}],"version-history":[{"count":0,"href":"https:\/\/sxflightcase.com\/es_es\/wp-json\/wp\/v2\/product\/1721\/revisions"}],"wp:featuredmedia":[{"embeddable":true,"href":"https:\/\/sxflightcase.com\/es_es\/wp-json\/wp\/v2\/media\/1722"}],"wp:attachment":[{"href":"https:\/\/sxflightcase.com\/es_es\/wp-json\/wp\/v2\/media?parent=1721"}],"wp:term":[{"taxonomy":"product_brand","embeddable":true,"href":"https:\/\/sxflightcase.com\/es_es\/wp-json\/wp\/v2\/product_brand?post=1721"},{"taxonomy":"product_cat","embeddable":true,"href":"https:\/\/sxflightcase.com\/es_es\/wp-json\/wp\/v2\/product_cat?post=1721"},{"taxonomy":"product_tag","embeddable":true,"href":"https:\/\/sxflightcase.com\/es_es\/wp-json\/wp\/v2\/product_tag?post=1721"}],"curies":[{"name":"wp","href":"https:\/\/api.w.org\/{rel}","templated":true}]}}