{"id":1746,"date":"2024-05-10T07:01:54","date_gmt":"2024-05-10T06:01:54","guid":{"rendered":"https:\/\/sxpowercase.com\/?post_type=product&#038;p=1746"},"modified":"2024-06-21T03:08:34","modified_gmt":"2024-06-21T02:08:34","slug":"tv-rack-cabinet","status":"publish","type":"product","link":"https:\/\/sxflightcase.com\/es_es\/producto\/mueble-rack-tv-2\/","title":{"rendered":"Mueble de TV"},"content":{"rendered":"<p><strong>Par\u00e1metros del producto<\/strong><\/p>\n<section class=\"table-wrap\">\n<table class=\"table\" width=\"100%\" cellspacing=\"0\" cellpadding=\"0\">\n<tbody>\n<tr class=\"firstRow\">\n<td width=\"134\">Nombre del producto<\/td>\n<td width=\"504\">Mueble rack para TV<\/td>\n<\/tr>\n<tr>\n<td width=\"134\">Materiales<\/td>\n<td width=\"504\">Estructura de aluminio + contrachapado de 9 mm<br \/>\n4 x Cierre de mariposa con presillas para candado (candado no suministrado)<br \/>\nTotalmente forrado de espuma de plastazote<br \/>\n4 ruedas de goma de 100 mm atornilladas a la caja mediante un tablero de ruedas de abedul de 15 mm (2 tienen frenos de bloqueo total) opci\u00f3n de coste<\/td>\n<\/tr>\n<tr>\n<td width=\"134\">Color<\/td>\n<td width=\"504\">Negro, azul, rojo o personalizado<\/td>\n<\/tr>\n<tr>\n<td width=\"134\">Uso<\/td>\n<td width=\"504\">Proteger el almacenamiento de transporte<\/td>\n<\/tr>\n<\/tbody>\n<\/table>\n<\/section>\n<p><strong>Embalaje y env\u00edo<\/strong><\/p>\n<section class=\"table-wrap\">\n<table class=\"table\" width=\"100%\" cellspacing=\"0\" cellpadding=\"0\">\n<tbody>\n<tr class=\"firstRow\">\n<td colspan=\"3\" width=\"100%\">Embalaje y env\u00edo<\/td>\n<\/tr>\n<tr>\n<td rowspan=\"3\" width=\"31%\">Plazo de entrega<\/td>\n<td width=\"34%\">Por mar<\/td>\n<td width=\"33%\">15-60 d\u00edas<\/td>\n<\/tr>\n<tr>\n<td width=\"34%\">En avi\u00f3n<\/td>\n<td width=\"33%\">5-7 d\u00edas<\/td>\n<\/tr>\n<tr>\n<td width=\"34%\">Por Express<\/td>\n<td width=\"33%\">5-7 d\u00edas<\/td>\n<\/tr>\n<tr>\n<td width=\"31%\">Plazo de entrega<\/td>\n<td colspan=\"2\" width=\"68%\">7-10 horas de trabajo o seg\u00fan sus necesidades<\/td>\n<\/tr>\n<tr>\n<td width=\"31%\">Embalaje<\/td>\n<td colspan=\"2\" width=\"68%\">Por cajas o como desee<\/td>\n<\/tr>\n<\/tbody>\n<\/table>\n<\/section>\n<h1>Transforma tu sal\u00f3n con el mueble para TV de SX<\/h1>\n<h2>Dise\u00f1o elegante y funcional<\/h2>\n<p>Actualice su sal\u00f3n con el <strong>Mueble de TV<\/strong> de <a href=\"https:\/\/sxpowercase.com\/\" target=\"_blank\" rel=\"noopener\" title=\"SX\" data-wpil-monitor-id=\"117\">SX<\/a>. Nuestro mueble rack para TV combina elegancia y funcionalidad, proporcionando una soluci\u00f3n con estilo para sus necesidades de entretenimiento. Con un amplio espacio de almacenamiento y un dise\u00f1o elegante, realza la est\u00e9tica de cualquier espacio a la vez que mantiene organizados los elementos multimedia esenciales.<\/p>\n<h2>Materiales de calidad superior<\/h2>\n<h3>Construido para durar<\/h3>\n<p>El SX <strong>Mueble de TV<\/strong> est\u00e1 fabricado con materiales de primera calidad, lo que garantiza su durabilidad y longevidad. La robusta construcci\u00f3n soporta su televisor y otros dispositivos multimedia, ofreciendo una adici\u00f3n fiable y elegante a su hogar. Los acabados de alta calidad a\u00f1aden un toque de sofisticaci\u00f3n a su espacio vital.<\/p>\n<h2>Venta directa de f\u00e1brica<\/h2>\n<h3>Excelencia asequible<\/h3>\n<p>En SX nos comprometemos a ofrecer productos de alta calidad a precios competitivos. Al ofrecer venta directa de f\u00e1brica, eliminamos a los intermediarios y le garantizamos la mejor relaci\u00f3n calidad-precio. En <strong>Mueble de TV<\/strong> ofrece una calidad y un dise\u00f1o superiores sin arruinarse, lo que la convierte en una excelente inversi\u00f3n para su hogar.<\/p>\n<h2>Opciones de personalizaci\u00f3n<\/h2>\n<h3>A la medida de sus necesidades<\/h3>\n<p>Entendemos que cada hogar es \u00fanico. Por eso SX ofrece opciones de personalizaci\u00f3n para nuestros <strong>Mueble de TV<\/strong>. Si necesita dimensiones espec\u00edficas, acabados o caracter\u00edsticas adicionales, nuestro equipo est\u00e1 preparado para crear un armario que cumpla exactamente sus requisitos. Disfrute de una soluci\u00f3n personalizada que complementa su decoraci\u00f3n y satisface sus necesidades de almacenamiento.<\/p>\n<h2>Mejore su experiencia de ocio<\/h2>\n<h3>Organizado y con estilo<\/h3>\n<p>El SX <strong>Mueble de TV<\/strong> no s\u00f3lo soporta su televisor, sino que tambi\u00e9n proporciona un amplio espacio de almacenamiento para sus accesorios multimedia, consolas de juegos y mucho m\u00e1s. Mantenga su sala de estar ordenada y libre de desorden con nuestros compartimentos y estantes cuidadosamente dise\u00f1ados. El dise\u00f1o elegante y moderno del mueble realza el aspecto general de su zona de ocio.<\/p>\n<hr \/>\n<p>No se conforme con menos a la hora de configurar su sistema de entretenimiento dom\u00e9stico. Eleve su espacio con SX <strong>Mueble de TV<\/strong>. P\u00f3ngase en contacto con nosotros hoy mismo para obtener m\u00e1s informaci\u00f3n sobre nuestras opciones de venta directa de f\u00e1brica y personalizaci\u00f3n. Experimente la combinaci\u00f3n perfecta de estilo y funcionalidad con SX y disfrute de un sal\u00f3n bien organizado y est\u00e9ticamente agradable.<\/p>\n<p><strong>PREGUNTAS FRECUENTES<\/strong><\/p>\n<p>P: \u00bfCu\u00e1nto tiempo dura el env\u00edo?<\/p>\n<p>R: El plazo de entrega general es de 15-20 d\u00edas despu\u00e9s de recibir su confirmaci\u00f3n de pedido. Anther, si tenemos las mercanc\u00edas en la acci\u00f3n, tardar\u00e1 solamente 1-2 d\u00edas.<\/p>\n<p>P: \u00bfTienen alg\u00fan l\u00edmite de MOQ?<\/p>\n<p>A: MOQ bajo, 1 pc para la comprobaci\u00f3n de la muestra est\u00e1 disponible.<\/p>\n<p>P: \u00bfC\u00f3mo env\u00edan la mercanc\u00eda y cu\u00e1nto tarda en llegar?<\/p>\n<p>R: Normalmente enviamos por mar, podemos ayudar a hacer precio CIF o precio ex-work..<\/p>\n<p>Hot Tags: Low price, in stock, free sample, Power And Signal Cable, 16 Gauge 4 Conductor Wire, Microphone Stand Case, Outdoor Led Display Cabinet, Rack Mount, 19\" Rackmount Mixer Flight Cases\uff0celectrical distro box, China, proveedores, f\u00e1brica, modificado para requisitos particulares, al por mayor, <span style=\"color: #993366;\"><a style=\"color: #993366;\" href=\"https:\/\/sxflightcase.com\/es_es\/product-category\/all-product\/power-distribution-boxes\/\">cajas de poder<\/a>,\u00a0<a style=\"color: #993366;\" href=\"https:\/\/sxflightcase.com\/es_es\/product-category\/all-product\/hoist-controllers\/\">cables de alimentaci\u00f3n<\/a>,\u00a0<a style=\"color: #993366;\" href=\"https:\/\/sxflightcase.com\/es_es\/product-category\/all-product\/hoist-controllers\/\">controladores de polipasto<\/a>,\u00a0<a style=\"color: #993366;\" href=\"https:\/\/sxflightcase.com\/es_es\/product-category\/all-product\/flight-case\/\">Estuches de vuelo.<\/a><\/span><\/p>","protected":false},"excerpt":{"rendered":"<h2 class=\"prodetails-name\">Mueble de TV<\/h2>\n<p>Shengxiang flight Cases existe desde hace m\u00e1s de 10 a\u00f1os. Todos los maletines se dise\u00f1an internamente en China. Ha construido una reputaci\u00f3n para la fabricaci\u00f3n de casos de alta calidad resistente, estos casos duros de protecci\u00f3n magn\u00edficos ofrecen un transporte seguro para equipos fr\u00e1giles o costosos y son la elecci\u00f3n de los profesionales de todo el mundo.<\/p>\n<h2><strong>Introducci\u00f3n de la producci\u00f3n<\/strong><\/h2>\n<p>- Tipo: Tapa abatible<\/p>\n<p>- Material: 9mm Acabado negro<\/p>\n<p>- Trabajo pesado <a class=\"wpil_keyword_link\" href=\"https:\/\/sxpowercase.com\/product-category\/all-product\/flight-case\/\" target=\"_blank\" rel=\"noopener\" title=\"Estuche de vuelo\" data-wpil-keyword-link=\"linked\" data-wpil-monitor-id=\"414\">Estuche de vuelo<\/a> accesorios<\/p>\n<p>- Espuma: Espuma forrada en espuma de alta densidad con bloques de espuma de soporte para mantener el televisor en su sitio.<\/p>\n<p>- Espuma: Tapa espumada con bloques de soporte para garantizar la m\u00e1xima protecci\u00f3n.<\/p>\n<p>- Ruedas: Ruedas de 100 mm montadas (x2 frenos)<\/p>","protected":false},"featured_media":1747,"comment_status":"open","ping_status":"closed","template":"","meta":[],"product_brand":[],"product_cat":[41],"product_tag":[],"class_list":{"0":"post-1746","1":"product","2":"type-product","3":"status-publish","4":"has-post-thumbnail","6":"product_cat-equipment-cases","8":"first","9":"instock","10":"shipping-taxable","11":"product-type-simple"},"yoast_head":"<!-- This site is optimized with the Yoast SEO Premium plugin v27.1 (Yoast SEO v27.2) - https:\/\/yoast.com\/product\/yoast-seo-premium-wordpress\/ -->\n<title>TV Rack Cabinet - https:\/\/sxflightcase.com \ud83d\udc97<\/title>\n<meta name=\"description\" content=\"TV Rack Cabinet: Explore our factory-direct options for professional customization, perfect for organizing and displaying your television and media equipment.\" \/>\n<meta name=\"robots\" content=\"index, follow, max-snippet:-1, max-image-preview:large, max-video-preview:-1\" \/>\n<link rel=\"canonical\" href=\"https:\/\/sxflightcase.com\/es_es\/\u0645\u0646\u062a\u062c\/\u062e\u0632\u0627\u0646\u0629-\u0631\u0641-\u0627\u0644\u062a\u0644\u0641\u0632\u064a\u0648\u0646\/\" \/>\n<meta property=\"og:locale\" content=\"es_ES\" \/>\n<meta property=\"og:type\" content=\"article\" \/>\n<meta property=\"og:title\" content=\"TV Rack Cabinet\" \/>\n<meta property=\"og:description\" content=\"TV Rack Cabinet: Explore our factory-direct options for professional customization, perfect for organizing and displaying your television and media equipment.\" \/>\n<meta property=\"og:url\" content=\"https:\/\/sxflightcase.com\/es_es\/\u0645\u0646\u062a\u062c\/\u062e\u0632\u0627\u0646\u0629-\u0631\u0641-\u0627\u0644\u062a\u0644\u0641\u0632\u064a\u0648\u0646\/\" \/>\n<meta property=\"og:site_name\" content=\"https:\/\/sxflightcase.com\" \/>\n<meta property=\"article:publisher\" content=\"https:\/\/www.facebook.com\/profile.php?id=61560407257971\" \/>\n<meta property=\"article:modified_time\" content=\"2024-06-21T02:08:34+00:00\" \/>\n<meta property=\"og:image\" content=\"https:\/\/sxflightcase.com\/wp-content\/uploads\/2024\/05\/tv-rack-cabinet09272992629.webp\" \/>\n\t<meta property=\"og:image:width\" content=\"700\" \/>\n\t<meta property=\"og:image:height\" content=\"700\" \/>\n\t<meta property=\"og:image:type\" content=\"image\/webp\" \/>\n<meta name=\"twitter:card\" content=\"summary_large_image\" \/>\n<meta name=\"twitter:label1\" content=\"Tiempo de lectura\" \/>\n\t<meta name=\"twitter:data1\" content=\"4 minutos\" \/>\n<script type=\"application\/ld+json\" class=\"yoast-schema-graph\">{\"@context\":\"https:\/\/schema.org\",\"@graph\":[{\"@type\":\"WebPage\",\"@id\":\"https:\/\/sxflightcase.com\/ar\/\u0645\u0646\u062a\u062c\/\u062e\u0632\u0627\u0646\u0629-\u0631\u0641-\u0627\u0644\u062a\u0644\u0641\u0632\u064a\u0648\u0646\/\",\"url\":\"https:\/\/sxflightcase.com\/ar\/\u0645\u0646\u062a\u062c\/\u062e\u0632\u0627\u0646\u0629-\u0631\u0641-\u0627\u0644\u062a\u0644\u0641\u0632\u064a\u0648\u0646\/\",\"name\":\"TV Rack Cabinet - https:\/\/sxflightcase.com \ud83d\udc97\",\"isPartOf\":{\"@id\":\"https:\/\/sxflightcase.com\/th\/#website\"},\"primaryImageOfPage\":{\"@id\":\"https:\/\/sxflightcase.com\/ar\/\u0645\u0646\u062a\u062c\/\u062e\u0632\u0627\u0646\u0629-\u0631\u0641-\u0627\u0644\u062a\u0644\u0641\u0632\u064a\u0648\u0646\/#primaryimage\"},\"image\":{\"@id\":\"https:\/\/sxflightcase.com\/ar\/\u0645\u0646\u062a\u062c\/\u062e\u0632\u0627\u0646\u0629-\u0631\u0641-\u0627\u0644\u062a\u0644\u0641\u0632\u064a\u0648\u0646\/#primaryimage\"},\"thumbnailUrl\":\"https:\/\/sxflightcase.com\/wp-content\/uploads\/2024\/05\/tv-rack-cabinet09272992629.webp\",\"datePublished\":\"2024-05-10T06:01:54+00:00\",\"dateModified\":\"2024-06-21T02:08:34+00:00\",\"description\":\"TV Rack Cabinet: Explore our factory-direct options for professional customization, perfect for organizing and displaying your television and media equipment.\",\"breadcrumb\":{\"@id\":\"https:\/\/sxflightcase.com\/ar\/\u0645\u0646\u062a\u062c\/\u062e\u0632\u0627\u0646\u0629-\u0631\u0641-\u0627\u0644\u062a\u0644\u0641\u0632\u064a\u0648\u0646\/#breadcrumb\"},\"inLanguage\":\"es\",\"potentialAction\":[{\"@type\":\"ReadAction\",\"target\":[\"https:\/\/sxflightcase.com\/ar\/\u0645\u0646\u062a\u062c\/\u062e\u0632\u0627\u0646\u0629-\u0631\u0641-\u0627\u0644\u062a\u0644\u0641\u0632\u064a\u0648\u0646\/\"]}]},{\"@type\":\"ImageObject\",\"inLanguage\":\"es\",\"@id\":\"https:\/\/sxflightcase.com\/ar\/\u0645\u0646\u062a\u062c\/\u062e\u0632\u0627\u0646\u0629-\u0631\u0641-\u0627\u0644\u062a\u0644\u0641\u0632\u064a\u0648\u0646\/#primaryimage\",\"url\":\"https:\/\/sxflightcase.com\/wp-content\/uploads\/2024\/05\/tv-rack-cabinet09272992629.webp\",\"contentUrl\":\"https:\/\/sxflightcase.com\/wp-content\/uploads\/2024\/05\/tv-rack-cabinet09272992629.webp\",\"width\":700,\"height\":700,\"caption\":\"TV Rack Cabinet\"},{\"@type\":\"BreadcrumbList\",\"@id\":\"https:\/\/sxflightcase.com\/ar\/\u0645\u0646\u062a\u062c\/\u062e\u0632\u0627\u0646\u0629-\u0631\u0641-\u0627\u0644\u062a\u0644\u0641\u0632\u064a\u0648\u0646\/#breadcrumb\",\"itemListElement\":[{\"@type\":\"ListItem\",\"position\":1,\"name\":\"Home\",\"item\":\"https:\/\/sxflightcase.com\/\"},{\"@type\":\"ListItem\",\"position\":2,\"name\":\"\u0e2a\u0e34\u0e19\u0e04\u0e49\u0e32\",\"item\":\"https:\/\/sxflightcase.com\/th\/shop\/\"},{\"@type\":\"ListItem\",\"position\":3,\"name\":\"TV Rack Cabinet\"}]},{\"@type\":\"WebSite\",\"@id\":\"https:\/\/sxflightcase.com\/th\/#website\",\"url\":\"https:\/\/sxflightcase.com\/th\/\",\"name\":\"sxpowercase.com\",\"description\":\"Flight Case Factory\",\"publisher\":{\"@id\":\"https:\/\/sxflightcase.com\/th\/#organization\"},\"potentialAction\":[{\"@type\":\"SearchAction\",\"target\":{\"@type\":\"EntryPoint\",\"urlTemplate\":\"https:\/\/sxflightcase.com\/th\/?s={search_term_string}\"},\"query-input\":{\"@type\":\"PropertyValueSpecification\",\"valueRequired\":true,\"valueName\":\"search_term_string\"}}],\"inLanguage\":\"es\"},{\"@type\":\"Organization\",\"@id\":\"https:\/\/sxflightcase.com\/th\/#organization\",\"name\":\"sxpowercase.com\",\"url\":\"https:\/\/sxflightcase.com\/th\/\",\"logo\":{\"@type\":\"ImageObject\",\"inLanguage\":\"es\",\"@id\":\"https:\/\/sxflightcase.com\/th\/#\/schema\/logo\/image\/\",\"url\":\"https:\/\/sxflightcase.com\/wp-content\/uploads\/2024\/04\/1713919036007.jpg\",\"contentUrl\":\"https:\/\/sxflightcase.com\/wp-content\/uploads\/2024\/04\/1713919036007.jpg\",\"width\":382,\"height\":388,\"caption\":\"sxpowercase.com\"},\"image\":{\"@id\":\"https:\/\/sxflightcase.com\/th\/#\/schema\/logo\/image\/\"},\"sameAs\":[\"https:\/\/www.facebook.com\/profile.php?id=61560407257971\"],\"numberOfEmployees\":{\"@type\":\"QuantitativeValue\",\"minValue\":\"11\",\"maxValue\":\"50\"}}]}<\/script>\n<!-- \/ Yoast SEO Premium plugin. -->","yoast_head_json":{"title":"TV Rack Cabinet - https:\/\/sxflightcase.com \ud83d\udc97","description":"Armario rack para TV: Explore nuestras opciones de personalizaci\u00f3n profesional directas de f\u00e1brica, perfectas para organizar y mostrar su televisor y equipo multimedia.","robots":{"index":"index","follow":"follow","max-snippet":"max-snippet:-1","max-image-preview":"max-image-preview:large","max-video-preview":"max-video-preview:-1"},"canonical":"https:\/\/sxflightcase.com\/es_es\/\u0645\u0646\u062a\u062c\/\u062e\u0632\u0627\u0646\u0629-\u0631\u0641-\u0627\u0644\u062a\u0644\u0641\u0632\u064a\u0648\u0646\/","og_locale":"es_ES","og_type":"article","og_title":"TV Rack Cabinet","og_description":"TV Rack Cabinet: Explore our factory-direct options for professional customization, perfect for organizing and displaying your television and media equipment.","og_url":"https:\/\/sxflightcase.com\/es_es\/\u0645\u0646\u062a\u062c\/\u062e\u0632\u0627\u0646\u0629-\u0631\u0641-\u0627\u0644\u062a\u0644\u0641\u0632\u064a\u0648\u0646\/","og_site_name":"https:\/\/sxflightcase.com","article_publisher":"https:\/\/www.facebook.com\/profile.php?id=61560407257971","article_modified_time":"2024-06-21T02:08:34+00:00","og_image":[{"width":700,"height":700,"url":"https:\/\/sxflightcase.com\/wp-content\/uploads\/2024\/05\/tv-rack-cabinet09272992629.webp","type":"image\/webp"}],"twitter_card":"summary_large_image","twitter_misc":{"Tiempo de lectura":"4 minutos"},"schema":{"@context":"https:\/\/schema.org","@graph":[{"@type":"WebPage","@id":"https:\/\/sxflightcase.com\/ar\/\u0645\u0646\u062a\u062c\/\u062e\u0632\u0627\u0646\u0629-\u0631\u0641-\u0627\u0644\u062a\u0644\u0641\u0632\u064a\u0648\u0646\/","url":"https:\/\/sxflightcase.com\/ar\/\u0645\u0646\u062a\u062c\/\u062e\u0632\u0627\u0646\u0629-\u0631\u0641-\u0627\u0644\u062a\u0644\u0641\u0632\u064a\u0648\u0646\/","name":"TV Rack Cabinet - https:\/\/sxflightcase.com \ud83d\udc97","isPartOf":{"@id":"https:\/\/sxflightcase.com\/th\/#website"},"primaryImageOfPage":{"@id":"https:\/\/sxflightcase.com\/ar\/\u0645\u0646\u062a\u062c\/\u062e\u0632\u0627\u0646\u0629-\u0631\u0641-\u0627\u0644\u062a\u0644\u0641\u0632\u064a\u0648\u0646\/#primaryimage"},"image":{"@id":"https:\/\/sxflightcase.com\/ar\/\u0645\u0646\u062a\u062c\/\u062e\u0632\u0627\u0646\u0629-\u0631\u0641-\u0627\u0644\u062a\u0644\u0641\u0632\u064a\u0648\u0646\/#primaryimage"},"thumbnailUrl":"https:\/\/sxflightcase.com\/wp-content\/uploads\/2024\/05\/tv-rack-cabinet09272992629.webp","datePublished":"2024-05-10T06:01:54+00:00","dateModified":"2024-06-21T02:08:34+00:00","description":"Armario rack para TV: Explore nuestras opciones de personalizaci\u00f3n profesional directas de f\u00e1brica, perfectas para organizar y mostrar su televisor y equipo multimedia.","breadcrumb":{"@id":"https:\/\/sxflightcase.com\/ar\/\u0645\u0646\u062a\u062c\/\u062e\u0632\u0627\u0646\u0629-\u0631\u0641-\u0627\u0644\u062a\u0644\u0641\u0632\u064a\u0648\u0646\/#breadcrumb"},"inLanguage":"es","potentialAction":[{"@type":"ReadAction","target":["https:\/\/sxflightcase.com\/ar\/\u0645\u0646\u062a\u062c\/\u062e\u0632\u0627\u0646\u0629-\u0631\u0641-\u0627\u0644\u062a\u0644\u0641\u0632\u064a\u0648\u0646\/"]}]},{"@type":"ImageObject","inLanguage":"es","@id":"https:\/\/sxflightcase.com\/ar\/\u0645\u0646\u062a\u062c\/\u062e\u0632\u0627\u0646\u0629-\u0631\u0641-\u0627\u0644\u062a\u0644\u0641\u0632\u064a\u0648\u0646\/#primaryimage","url":"https:\/\/sxflightcase.com\/wp-content\/uploads\/2024\/05\/tv-rack-cabinet09272992629.webp","contentUrl":"https:\/\/sxflightcase.com\/wp-content\/uploads\/2024\/05\/tv-rack-cabinet09272992629.webp","width":700,"height":700,"caption":"TV Rack Cabinet"},{"@type":"BreadcrumbList","@id":"https:\/\/sxflightcase.com\/ar\/\u0645\u0646\u062a\u062c\/\u062e\u0632\u0627\u0646\u0629-\u0631\u0641-\u0627\u0644\u062a\u0644\u0641\u0632\u064a\u0648\u0646\/#breadcrumb","itemListElement":[{"@type":"ListItem","position":1,"name":"Home","item":"https:\/\/sxflightcase.com\/"},{"@type":"ListItem","position":2,"name":"\u0e2a\u0e34\u0e19\u0e04\u0e49\u0e32","item":"https:\/\/sxflightcase.com\/th\/shop\/"},{"@type":"ListItem","position":3,"name":"TV Rack Cabinet"}]},{"@type":"WebSite","@id":"https:\/\/sxflightcase.com\/th\/#website","url":"https:\/\/sxflightcase.com\/th\/","name":"es.sxpowercase.com","description":"F\u00e1brica de flightcases","publisher":{"@id":"https:\/\/sxflightcase.com\/th\/#organization"},"potentialAction":[{"@type":"SearchAction","target":{"@type":"EntryPoint","urlTemplate":"https:\/\/sxflightcase.com\/th\/?s={search_term_string}"},"query-input":{"@type":"PropertyValueSpecification","valueRequired":true,"valueName":"search_term_string"}}],"inLanguage":"es"},{"@type":"Organization","@id":"https:\/\/sxflightcase.com\/th\/#organization","name":"es.sxpowercase.com","url":"https:\/\/sxflightcase.com\/th\/","logo":{"@type":"ImageObject","inLanguage":"es","@id":"https:\/\/sxflightcase.com\/th\/#\/schema\/logo\/image\/","url":"https:\/\/sxflightcase.com\/wp-content\/uploads\/2024\/04\/1713919036007.jpg","contentUrl":"https:\/\/sxflightcase.com\/wp-content\/uploads\/2024\/04\/1713919036007.jpg","width":382,"height":388,"caption":"sxpowercase.com"},"image":{"@id":"https:\/\/sxflightcase.com\/th\/#\/schema\/logo\/image\/"},"sameAs":["https:\/\/www.facebook.com\/profile.php?id=61560407257971"],"numberOfEmployees":{"@type":"QuantitativeValue","minValue":"11","maxValue":"50"}}]}},"_links":{"self":[{"href":"https:\/\/sxflightcase.com\/es_es\/wp-json\/wp\/v2\/product\/1746","targetHints":{"allow":["GET"]}}],"collection":[{"href":"https:\/\/sxflightcase.com\/es_es\/wp-json\/wp\/v2\/product"}],"about":[{"href":"https:\/\/sxflightcase.com\/es_es\/wp-json\/wp\/v2\/types\/product"}],"replies":[{"embeddable":true,"href":"https:\/\/sxflightcase.com\/es_es\/wp-json\/wp\/v2\/comments?post=1746"}],"version-history":[{"count":0,"href":"https:\/\/sxflightcase.com\/es_es\/wp-json\/wp\/v2\/product\/1746\/revisions"}],"wp:featuredmedia":[{"embeddable":true,"href":"https:\/\/sxflightcase.com\/es_es\/wp-json\/wp\/v2\/media\/1747"}],"wp:attachment":[{"href":"https:\/\/sxflightcase.com\/es_es\/wp-json\/wp\/v2\/media?parent=1746"}],"wp:term":[{"taxonomy":"product_brand","embeddable":true,"href":"https:\/\/sxflightcase.com\/es_es\/wp-json\/wp\/v2\/product_brand?post=1746"},{"taxonomy":"product_cat","embeddable":true,"href":"https:\/\/sxflightcase.com\/es_es\/wp-json\/wp\/v2\/product_cat?post=1746"},{"taxonomy":"product_tag","embeddable":true,"href":"https:\/\/sxflightcase.com\/es_es\/wp-json\/wp\/v2\/product_tag?post=1746"}],"curies":[{"name":"wp","href":"https:\/\/api.w.org\/{rel}","templated":true}]}}