{"id":1802,"date":"2024-05-10T08:05:04","date_gmt":"2024-05-10T07:05:04","guid":{"rendered":"https:\/\/sxpowercase.com\/?post_type=product&#038;p=1802"},"modified":"2024-06-20T03:13:19","modified_gmt":"2024-06-20T02:13:19","slug":"shure-microphone-case","status":"publish","type":"product","link":"https:\/\/sxflightcase.com\/es_es\/producto\/funda-de-microfono-shure\/","title":{"rendered":"Funda de micr\u00f3fono Shure"},"content":{"rendered":"<h3><strong>Par\u00e1metros del producto<\/strong><\/h3>\n<section class=\"table-wrap\">\n<table class=\"table\" width=\"100%\" cellspacing=\"0\" cellpadding=\"0\">\n<tbody>\n<tr class=\"firstRow\">\n<td width=\"134\">Nombre del producto<\/td>\n<td width=\"504\">Funda de micr\u00f3fono Shure<\/td>\n<\/tr>\n<tr>\n<td width=\"134\">Materiales<\/td>\n<td width=\"504\">Construcci\u00f3n de madera contrachapada laminada de 9 mm, con herrajes chapados de calidad comercial, asas y pestillos de alta resistencia y esquinas esf\u00e9ricas.<br \/>\nAsa de remolque empotrada con muelle incorporada<br \/>\nEl acolchado interior y los tacos de espuma EVA Ultra-Dur dejan espacio para la ventilaci\u00f3n del ventilador en la parte inferior de la tabla<\/td>\n<\/tr>\n<tr>\n<td width=\"134\">Color<\/td>\n<td width=\"504\">Negro, azul, rojo o personalizado<\/td>\n<\/tr>\n<tr>\n<td width=\"134\">Uso<\/td>\n<td width=\"504\">Proteger el almacenamiento de transporte<\/td>\n<\/tr>\n<\/tbody>\n<\/table>\n<\/section>\n<p><strong>Embalaje y env\u00edo<\/strong><\/p>\n<section class=\"table-wrap\">\n<table class=\"table\" width=\"100%\" cellspacing=\"0\" cellpadding=\"0\">\n<tbody>\n<tr class=\"firstRow\">\n<td colspan=\"3\" width=\"100%\">Embalaje y env\u00edo<\/td>\n<\/tr>\n<tr>\n<td rowspan=\"3\" width=\"33%\">Plazo de entrega<\/td>\n<td width=\"33%\">Por mar<\/td>\n<td width=\"33%\">15-60 d\u00edas<\/td>\n<\/tr>\n<tr>\n<td width=\"33%\">En avi\u00f3n<\/td>\n<td width=\"33%\">4-9 d\u00edas<\/td>\n<\/tr>\n<tr>\n<td width=\"33%\">Por expreso<\/td>\n<td width=\"33%\">4-9 d\u00edas<\/td>\n<\/tr>\n<tr>\n<td width=\"33%\">Plazo de entrega<\/td>\n<td colspan=\"2\" width=\"66%\">7-15 horas de trabajo o seg\u00fan sus necesidades<\/td>\n<\/tr>\n<tr>\n<td width=\"33%\">Embalaje<\/td>\n<td colspan=\"2\" width=\"66%\">Por caja o seg\u00fan sus necesidades<\/td>\n<\/tr>\n<\/tbody>\n<\/table>\n<\/section>\n<h1>Proteja su equipo con la funda para micr\u00f3fono SX de Shure<\/h1>\n<h2>Protecci\u00f3n superior para sus micr\u00f3fonos Shure<\/h2>\n<p>\u00bfEst\u00e1 cansado de preocuparse de que sus micr\u00f3fonos Shure se da\u00f1en durante el transporte? En <a href=\"https:\/\/sxpowercase.com\/\" target=\"_blank\" rel=\"noopener\" title=\"SX\" data-wpil-monitor-id=\"129\">SX<\/a> La funda para micr\u00f3fono Shure est\u00e1 dise\u00f1ada para ofrecer una protecci\u00f3n de primera clase, garantizando que su valioso equipo permanezca sano y salvo.<\/p>\n<h3>Dise\u00f1ado para durar<\/h3>\n<p>La funda para micr\u00f3fono SX Shure est\u00e1 fabricada con materiales de alta calidad y ofrece una s\u00f3lida protecci\u00f3n contra golpes, ca\u00eddas y otros peligros potenciales. Tanto si viajas a conciertos como si guardas tus micr\u00f3fonos en casa, esta funda garantiza la seguridad de tu equipo.<\/p>\n<h3>Ajuste personalizado para micr\u00f3fonos Shure<\/h3>\n<p>Nuestra funda est\u00e1 dise\u00f1ada espec\u00edficamente para adaptarse perfectamente a los micr\u00f3fonos Shure. El interior cuenta con acolchado de espuma a medida que mantiene sus micr\u00f3fonos c\u00f3modamente en su lugar, evitando cualquier movimiento que podr\u00eda conducir a da\u00f1os. SX entiende la importancia de mantener su equipo en perfectas condiciones.<\/p>\n<h2>Ventas directas de f\u00e1brica para una mayor rentabilidad<\/h2>\n<p>En SX, creemos en ofrecer calidad sin arruinarse. Nuestro modelo de venta directa de f\u00e1brica elimina a los intermediarios, lo que nos permite ofrecer la funda para micr\u00f3fono Shure a precios imbatibles. Esto significa que usted obtiene una protecci\u00f3n de primera calidad a una fracci\u00f3n del costo.<\/p>\n<h2>Mejore su negocio con soluciones personalizadas<\/h2>\n<h3>A la medida de sus necesidades<\/h3>\n<p>SX ofrece opciones de personalizaci\u00f3n para satisfacer sus necesidades espec\u00edficas. \u00bfNecesita compartimentos adicionales para accesorios? Podemos dise\u00f1ar un estuche que se adapte a sus necesidades \u00fanicas. La personalizaci\u00f3n garantiza que su funda para micr\u00f3fono Shure SX no sea s\u00f3lo una compra, sino una inversi\u00f3n en comodidad y eficacia.<\/p>\n<h3>Aumentar la eficacia empresarial<\/h3>\n<p>Proteger sus micr\u00f3fonos significa menos sustituciones y reparaciones. Esto no s\u00f3lo ahorra dinero, sino que tambi\u00e9n garantiza que siempre dispondr\u00e1 de un equipo fiable listo para funcionar. Con SX, puedes centrarte en lo m\u00e1s importante, ofrecer un gran sonido, sin preocuparte por tu equipo.<\/p>\n<h2>Dise\u00f1o pr\u00e1ctico y elegante<\/h2>\n<h3>Elegante y profesional<\/h3>\n<p>La funda para micr\u00f3fono SX de Shure tiene un dise\u00f1o elegante y profesional que queda muy bien en la carretera o en el estudio. Combina funcionalidad con est\u00e9tica, lo que le proporciona un estuche tan elegante como pr\u00e1ctico. Impresione a clientes y colegas con un equipo que tiene tan buen aspecto como rendimiento.<\/p>\n<h3>\u00bfPor qu\u00e9 elegir SX?<\/h3>\n<p>SX est\u00e1 comprometida con la calidad y la satisfacci\u00f3n del cliente. Nuestra funda para micr\u00f3fono Shure es un testimonio de nuestra dedicaci\u00f3n a ofrecer productos que cumplan con los m\u00e1s altos est\u00e1ndares. Con nuestras ventas directas de f\u00e1brica y opciones de personalizaci\u00f3n, SX destaca como l\u00edder en equipos de protecci\u00f3n para profesionales del audio.<\/p>\n<h2>Pedido sencillo y entrega r\u00e1pida<\/h2>\n<p>Pedir su funda para micr\u00f3fono SX Shure es f\u00e1cil. S\u00f3lo tiene que ponerse en contacto con nuestro equipo de ventas para comentar sus necesidades y nosotros nos encargaremos del resto. Nuestro eficaz sistema de entrega garantiza que su funda llegue r\u00e1pidamente y en perfectas condiciones, lista para proteger sus valiosos micr\u00f3fonos.<\/p>\n<h2>Testimonios de clientes satisfechos<\/h2>\n<p>Nuestros clientes hablan maravillas de la funda para micr\u00f3fono Shure SX. \"La mejor inversi\u00f3n para mi equipo\", dice John, un m\u00fasico de gira. \"Durable y elegante\", comenta Sarah, ingeniera de sonido profesional. \u00danase a los muchos clientes satisfechos que conf\u00edan en SX para proteger sus micr\u00f3fonos.<\/p>\n<h2>Conclusi\u00f3n<\/h2>\n<p>La funda para micr\u00f3fono SX Shure es la soluci\u00f3n perfecta para proteger sus valiosos micr\u00f3fonos Shure. Con su construcci\u00f3n duradera, ajuste personalizado y dise\u00f1o elegante, ofrece una protecci\u00f3n y un estilo inigualables. Elija SX para una protecci\u00f3n fiable de su equipo que no le defraudar\u00e1.<\/p>\n<h2>Pida hoy mismo su funda para micr\u00f3fono SX Shure<\/h2>\n<p>No espere a que sea demasiado tarde. Proteja sus micr\u00f3fonos Shure con la funda para micr\u00f3fonos SX Shure. P\u00f3ngase en contacto con nosotros ahora para hacer su pedido y experimente la tranquilidad de saber que su equipo est\u00e1 a salvo. Deje que SX le ayude a mantener sus micr\u00f3fonos en las mejores condiciones, listos para cualquier actuaci\u00f3n o sesi\u00f3n de grabaci\u00f3n.<\/p>\n<h3><strong>PREGUNTAS FRECUENTES<\/strong><\/h3>\n<p>P: \u00bfCu\u00e1l es su servicio de env\u00edo?<\/p>\n<p>R: Podemos prestar servicios de reserva de buques, consolidaci\u00f3n de mercanc\u00edas, declaraci\u00f3n de aduanas, preparaci\u00f3n de documentos de embarque y entrega a granel en el puerto de embarque.<\/p>\n<p>P: \u00bfCu\u00e1l es su plazo de entrega?<\/p>\n<p>R: Nuestro plazo de entrega ordinario es EXW Guangzhou. Tambi\u00e9n aceptamos FOB, CFR, CIF, DDP, DDU, etc. Le ofreceremos los gastos de env\u00edo y podr\u00e1 elegir el que le resulte m\u00e1s c\u00f3modo y eficaz.<\/p>\n<p>P: \u00bfQu\u00e9 forma de pago aceptan?<\/p>\n<p>R: T\/T, Western Union, etc. Aceptamos cualquier t\u00e9rmino conveniente y r\u00e1pido del pago.<\/p>\n<p>Hot Tags: Low price, in stock, free sample, Power And Signal Cable, 16 Gauge 4 Conductor Wire, Microphone Stand Case, Outdoor Led Display Cabinet, Rack Mount, 19\" Rackmount Mixer Flight Cases\uff0celectrical distro box, China, proveedores, f\u00e1brica, modificado para requisitos particulares, al por mayor, <span style=\"color: #993366;\"><a style=\"color: #993366;\" href=\"https:\/\/sxflightcase.com\/es_es\/product-category\/all-product\/power-distribution-boxes\/\">cajas de poder<\/a>,\u00a0<a style=\"color: #993366;\" href=\"https:\/\/sxflightcase.com\/es_es\/product-category\/all-product\/hoist-controllers\/\">cables de alimentaci\u00f3n<\/a>,\u00a0<a style=\"color: #993366;\" href=\"https:\/\/sxflightcase.com\/es_es\/product-category\/all-product\/hoist-controllers\/\">controladores de polipasto<\/a>,\u00a0<a style=\"color: #993366;\" href=\"https:\/\/sxflightcase.com\/es_es\/product-category\/all-product\/flight-case\/\">Estuches de vuelo.<\/a><\/span><\/p>","protected":false},"excerpt":{"rendered":"<h2 class=\"prodetails-name\">Funda de micr\u00f3fono Shure<\/h2>\n<p>Hemos dise\u00f1ado el malet\u00edn para micr\u00f3fonos Shure para que tenga la mejor relaci\u00f3n calidad-precio del mercado, pestillos de alta resistencia para una mayor duraci\u00f3n y una sujeci\u00f3n m\u00e1s fuerte, bordes de aluminio de alta resistencia de 30 mm que hacen que la construcci\u00f3n sea ultrarresistente, pies de goma con una alta capacidad de carga, estantes y compartimento para el equipo.<\/p>\n<h2><strong>Introducci\u00f3n de la producci\u00f3n<\/strong><\/h2>\n<p>- Tipo: Rack de 19\u2033 con tapa para guardar micr\u00f3fonos<\/p>\n<p>- Material: Tablero ign\u00edfugo negro de 9 mm. Otros colores disponibles<\/p>\n<p>- Dimensiones int: Construido a medida para adaptarse a la configuraci\u00f3n de su micr\u00f3fono<\/p>\n<p>- Ext Dims: Construido a medida para adaptarse a la configuraci\u00f3n de su micr\u00f3fono<\/p>\n<p>- Espuma: Espuma forrada en espuma de alta densidad de 20 mm con inserci\u00f3n CNC completa adaptada a su equipo.<\/p>\n<p>- Accesorios cromados de alta resistencia<\/p>\n<p>- Ruedas: Ninguna instalada<\/p>\n<p>- Compartimento de repuesto para cables y accesorios<\/p>","protected":false},"featured_media":1803,"comment_status":"open","ping_status":"closed","template":"","meta":[],"product_brand":[],"product_cat":[41],"product_tag":[],"class_list":{"0":"post-1802","1":"product","2":"type-product","3":"status-publish","4":"has-post-thumbnail","6":"product_cat-equipment-cases","8":"first","9":"instock","10":"shipping-taxable","11":"product-type-simple"},"yoast_head":"<!-- This site is optimized with the Yoast SEO Premium plugin v27.1 (Yoast SEO v27.2) - https:\/\/yoast.com\/product\/yoast-seo-premium-wordpress\/ -->\n<title>Shure Microphone Case - https:\/\/sxflightcase.com \ud83d\udc97<\/title>\n<meta name=\"description\" content=\"Shure Microphone Case: Get factory-direct, professionally customized cases for your Shure microphones, ensuring top-notch protection and portability.\" \/>\n<meta name=\"robots\" content=\"index, follow, max-snippet:-1, max-image-preview:large, max-video-preview:-1\" \/>\n<link rel=\"canonical\" href=\"https:\/\/sxflightcase.com\/es_es\/\uc81c\ud488\/\uc288\uc5b4-\ub9c8\uc774\ud06c-\ucf00\uc774\uc2a4-2\/\" \/>\n<meta property=\"og:locale\" content=\"es_ES\" \/>\n<meta property=\"og:type\" content=\"article\" \/>\n<meta property=\"og:title\" content=\"Shure Microphone Case\" \/>\n<meta property=\"og:description\" content=\"Shure Microphone Case: Get factory-direct, professionally customized cases for your Shure microphones, ensuring top-notch protection and portability.\" \/>\n<meta property=\"og:url\" content=\"https:\/\/sxflightcase.com\/es_es\/\uc81c\ud488\/\uc288\uc5b4-\ub9c8\uc774\ud06c-\ucf00\uc774\uc2a4-2\/\" \/>\n<meta property=\"og:site_name\" content=\"https:\/\/sxflightcase.com\" \/>\n<meta property=\"article:publisher\" content=\"https:\/\/www.facebook.com\/profile.php?id=61560407257971\" \/>\n<meta property=\"article:modified_time\" content=\"2024-06-20T02:13:19+00:00\" \/>\n<meta property=\"og:image\" content=\"https:\/\/sxflightcase.com\/wp-content\/uploads\/2024\/05\/shure-microphone-case29044233616.webp\" \/>\n\t<meta property=\"og:image:width\" content=\"750\" \/>\n\t<meta property=\"og:image:height\" content=\"750\" \/>\n\t<meta property=\"og:image:type\" content=\"image\/webp\" \/>\n<meta name=\"twitter:card\" content=\"summary_large_image\" \/>\n<meta name=\"twitter:label1\" content=\"Tiempo de lectura\" \/>\n\t<meta name=\"twitter:data1\" content=\"5 minutos\" \/>\n<script type=\"application\/ld+json\" class=\"yoast-schema-graph\">{\"@context\":\"https:\/\/schema.org\",\"@graph\":[{\"@type\":\"WebPage\",\"@id\":\"https:\/\/sxflightcase.com\/ko\/\uc81c\ud488\/\uc288\uc5b4-\ub9c8\uc774\ud06c-\ucf00\uc774\uc2a4-2\/\",\"url\":\"https:\/\/sxflightcase.com\/ko\/\uc81c\ud488\/\uc288\uc5b4-\ub9c8\uc774\ud06c-\ucf00\uc774\uc2a4-2\/\",\"name\":\"Shure Microphone Case - https:\/\/sxflightcase.com \ud83d\udc97\",\"isPartOf\":{\"@id\":\"https:\/\/sxflightcase.com\/th\/#website\"},\"primaryImageOfPage\":{\"@id\":\"https:\/\/sxflightcase.com\/ko\/\uc81c\ud488\/\uc288\uc5b4-\ub9c8\uc774\ud06c-\ucf00\uc774\uc2a4-2\/#primaryimage\"},\"image\":{\"@id\":\"https:\/\/sxflightcase.com\/ko\/\uc81c\ud488\/\uc288\uc5b4-\ub9c8\uc774\ud06c-\ucf00\uc774\uc2a4-2\/#primaryimage\"},\"thumbnailUrl\":\"https:\/\/sxflightcase.com\/wp-content\/uploads\/2024\/05\/shure-microphone-case29044233616.webp\",\"datePublished\":\"2024-05-10T07:05:04+00:00\",\"dateModified\":\"2024-06-20T02:13:19+00:00\",\"description\":\"Shure Microphone Case: Get factory-direct, professionally customized cases for your Shure microphones, ensuring top-notch protection and portability.\",\"breadcrumb\":{\"@id\":\"https:\/\/sxflightcase.com\/ko\/\uc81c\ud488\/\uc288\uc5b4-\ub9c8\uc774\ud06c-\ucf00\uc774\uc2a4-2\/#breadcrumb\"},\"inLanguage\":\"es\",\"potentialAction\":[{\"@type\":\"ReadAction\",\"target\":[\"https:\/\/sxflightcase.com\/ko\/\uc81c\ud488\/\uc288\uc5b4-\ub9c8\uc774\ud06c-\ucf00\uc774\uc2a4-2\/\"]}]},{\"@type\":\"ImageObject\",\"inLanguage\":\"es\",\"@id\":\"https:\/\/sxflightcase.com\/ko\/\uc81c\ud488\/\uc288\uc5b4-\ub9c8\uc774\ud06c-\ucf00\uc774\uc2a4-2\/#primaryimage\",\"url\":\"https:\/\/sxflightcase.com\/wp-content\/uploads\/2024\/05\/shure-microphone-case29044233616.webp\",\"contentUrl\":\"https:\/\/sxflightcase.com\/wp-content\/uploads\/2024\/05\/shure-microphone-case29044233616.webp\",\"width\":750,\"height\":750,\"caption\":\"Shure Microphone Case\"},{\"@type\":\"BreadcrumbList\",\"@id\":\"https:\/\/sxflightcase.com\/ko\/\uc81c\ud488\/\uc288\uc5b4-\ub9c8\uc774\ud06c-\ucf00\uc774\uc2a4-2\/#breadcrumb\",\"itemListElement\":[{\"@type\":\"ListItem\",\"position\":1,\"name\":\"Home\",\"item\":\"https:\/\/sxflightcase.com\/\"},{\"@type\":\"ListItem\",\"position\":2,\"name\":\"\u0e2a\u0e34\u0e19\u0e04\u0e49\u0e32\",\"item\":\"https:\/\/sxflightcase.com\/th\/shop\/\"},{\"@type\":\"ListItem\",\"position\":3,\"name\":\"Shure Microphone Case\"}]},{\"@type\":\"WebSite\",\"@id\":\"https:\/\/sxflightcase.com\/th\/#website\",\"url\":\"https:\/\/sxflightcase.com\/th\/\",\"name\":\"sxpowercase.com\",\"description\":\"Flight Case Factory\",\"publisher\":{\"@id\":\"https:\/\/sxflightcase.com\/th\/#organization\"},\"potentialAction\":[{\"@type\":\"SearchAction\",\"target\":{\"@type\":\"EntryPoint\",\"urlTemplate\":\"https:\/\/sxflightcase.com\/th\/?s={search_term_string}\"},\"query-input\":{\"@type\":\"PropertyValueSpecification\",\"valueRequired\":true,\"valueName\":\"search_term_string\"}}],\"inLanguage\":\"es\"},{\"@type\":\"Organization\",\"@id\":\"https:\/\/sxflightcase.com\/th\/#organization\",\"name\":\"sxpowercase.com\",\"url\":\"https:\/\/sxflightcase.com\/th\/\",\"logo\":{\"@type\":\"ImageObject\",\"inLanguage\":\"es\",\"@id\":\"https:\/\/sxflightcase.com\/th\/#\/schema\/logo\/image\/\",\"url\":\"https:\/\/sxflightcase.com\/wp-content\/uploads\/2024\/04\/1713919036007.jpg\",\"contentUrl\":\"https:\/\/sxflightcase.com\/wp-content\/uploads\/2024\/04\/1713919036007.jpg\",\"width\":382,\"height\":388,\"caption\":\"sxpowercase.com\"},\"image\":{\"@id\":\"https:\/\/sxflightcase.com\/th\/#\/schema\/logo\/image\/\"},\"sameAs\":[\"https:\/\/www.facebook.com\/profile.php?id=61560407257971\"],\"numberOfEmployees\":{\"@type\":\"QuantitativeValue\",\"minValue\":\"11\",\"maxValue\":\"50\"}}]}<\/script>\n<!-- \/ Yoast SEO Premium plugin. -->","yoast_head_json":{"title":"Shure Microphone Case - https:\/\/sxflightcase.com \ud83d\udc97","description":"Funda de micr\u00f3fono Shure: Consigue fundas personalizadas profesionalmente y directas de f\u00e1brica para tus micr\u00f3fonos Shure, que garantizan una protecci\u00f3n y portabilidad de primera categor\u00eda.","robots":{"index":"index","follow":"follow","max-snippet":"max-snippet:-1","max-image-preview":"max-image-preview:large","max-video-preview":"max-video-preview:-1"},"canonical":"https:\/\/sxflightcase.com\/es_es\/\uc81c\ud488\/\uc288\uc5b4-\ub9c8\uc774\ud06c-\ucf00\uc774\uc2a4-2\/","og_locale":"es_ES","og_type":"article","og_title":"Shure Microphone Case","og_description":"Shure Microphone Case: Get factory-direct, professionally customized cases for your Shure microphones, ensuring top-notch protection and portability.","og_url":"https:\/\/sxflightcase.com\/es_es\/\uc81c\ud488\/\uc288\uc5b4-\ub9c8\uc774\ud06c-\ucf00\uc774\uc2a4-2\/","og_site_name":"https:\/\/sxflightcase.com","article_publisher":"https:\/\/www.facebook.com\/profile.php?id=61560407257971","article_modified_time":"2024-06-20T02:13:19+00:00","og_image":[{"width":750,"height":750,"url":"https:\/\/sxflightcase.com\/wp-content\/uploads\/2024\/05\/shure-microphone-case29044233616.webp","type":"image\/webp"}],"twitter_card":"summary_large_image","twitter_misc":{"Tiempo de lectura":"5 minutos"},"schema":{"@context":"https:\/\/schema.org","@graph":[{"@type":"WebPage","@id":"https:\/\/sxflightcase.com\/ko\/\uc81c\ud488\/\uc288\uc5b4-\ub9c8\uc774\ud06c-\ucf00\uc774\uc2a4-2\/","url":"https:\/\/sxflightcase.com\/ko\/\uc81c\ud488\/\uc288\uc5b4-\ub9c8\uc774\ud06c-\ucf00\uc774\uc2a4-2\/","name":"Shure Microphone Case - https:\/\/sxflightcase.com \ud83d\udc97","isPartOf":{"@id":"https:\/\/sxflightcase.com\/th\/#website"},"primaryImageOfPage":{"@id":"https:\/\/sxflightcase.com\/ko\/\uc81c\ud488\/\uc288\uc5b4-\ub9c8\uc774\ud06c-\ucf00\uc774\uc2a4-2\/#primaryimage"},"image":{"@id":"https:\/\/sxflightcase.com\/ko\/\uc81c\ud488\/\uc288\uc5b4-\ub9c8\uc774\ud06c-\ucf00\uc774\uc2a4-2\/#primaryimage"},"thumbnailUrl":"https:\/\/sxflightcase.com\/wp-content\/uploads\/2024\/05\/shure-microphone-case29044233616.webp","datePublished":"2024-05-10T07:05:04+00:00","dateModified":"2024-06-20T02:13:19+00:00","description":"Funda de micr\u00f3fono Shure: Consigue fundas personalizadas profesionalmente y directas de f\u00e1brica para tus micr\u00f3fonos Shure, que garantizan una protecci\u00f3n y portabilidad de primera categor\u00eda.","breadcrumb":{"@id":"https:\/\/sxflightcase.com\/ko\/\uc81c\ud488\/\uc288\uc5b4-\ub9c8\uc774\ud06c-\ucf00\uc774\uc2a4-2\/#breadcrumb"},"inLanguage":"es","potentialAction":[{"@type":"ReadAction","target":["https:\/\/sxflightcase.com\/ko\/\uc81c\ud488\/\uc288\uc5b4-\ub9c8\uc774\ud06c-\ucf00\uc774\uc2a4-2\/"]}]},{"@type":"ImageObject","inLanguage":"es","@id":"https:\/\/sxflightcase.com\/ko\/\uc81c\ud488\/\uc288\uc5b4-\ub9c8\uc774\ud06c-\ucf00\uc774\uc2a4-2\/#primaryimage","url":"https:\/\/sxflightcase.com\/wp-content\/uploads\/2024\/05\/shure-microphone-case29044233616.webp","contentUrl":"https:\/\/sxflightcase.com\/wp-content\/uploads\/2024\/05\/shure-microphone-case29044233616.webp","width":750,"height":750,"caption":"Shure Microphone Case"},{"@type":"BreadcrumbList","@id":"https:\/\/sxflightcase.com\/ko\/\uc81c\ud488\/\uc288\uc5b4-\ub9c8\uc774\ud06c-\ucf00\uc774\uc2a4-2\/#breadcrumb","itemListElement":[{"@type":"ListItem","position":1,"name":"Home","item":"https:\/\/sxflightcase.com\/"},{"@type":"ListItem","position":2,"name":"\u0e2a\u0e34\u0e19\u0e04\u0e49\u0e32","item":"https:\/\/sxflightcase.com\/th\/shop\/"},{"@type":"ListItem","position":3,"name":"Shure Microphone Case"}]},{"@type":"WebSite","@id":"https:\/\/sxflightcase.com\/th\/#website","url":"https:\/\/sxflightcase.com\/th\/","name":"es.sxpowercase.com","description":"F\u00e1brica de flightcases","publisher":{"@id":"https:\/\/sxflightcase.com\/th\/#organization"},"potentialAction":[{"@type":"SearchAction","target":{"@type":"EntryPoint","urlTemplate":"https:\/\/sxflightcase.com\/th\/?s={search_term_string}"},"query-input":{"@type":"PropertyValueSpecification","valueRequired":true,"valueName":"search_term_string"}}],"inLanguage":"es"},{"@type":"Organization","@id":"https:\/\/sxflightcase.com\/th\/#organization","name":"es.sxpowercase.com","url":"https:\/\/sxflightcase.com\/th\/","logo":{"@type":"ImageObject","inLanguage":"es","@id":"https:\/\/sxflightcase.com\/th\/#\/schema\/logo\/image\/","url":"https:\/\/sxflightcase.com\/wp-content\/uploads\/2024\/04\/1713919036007.jpg","contentUrl":"https:\/\/sxflightcase.com\/wp-content\/uploads\/2024\/04\/1713919036007.jpg","width":382,"height":388,"caption":"sxpowercase.com"},"image":{"@id":"https:\/\/sxflightcase.com\/th\/#\/schema\/logo\/image\/"},"sameAs":["https:\/\/www.facebook.com\/profile.php?id=61560407257971"],"numberOfEmployees":{"@type":"QuantitativeValue","minValue":"11","maxValue":"50"}}]}},"_links":{"self":[{"href":"https:\/\/sxflightcase.com\/es_es\/wp-json\/wp\/v2\/product\/1802","targetHints":{"allow":["GET"]}}],"collection":[{"href":"https:\/\/sxflightcase.com\/es_es\/wp-json\/wp\/v2\/product"}],"about":[{"href":"https:\/\/sxflightcase.com\/es_es\/wp-json\/wp\/v2\/types\/product"}],"replies":[{"embeddable":true,"href":"https:\/\/sxflightcase.com\/es_es\/wp-json\/wp\/v2\/comments?post=1802"}],"version-history":[{"count":0,"href":"https:\/\/sxflightcase.com\/es_es\/wp-json\/wp\/v2\/product\/1802\/revisions"}],"wp:featuredmedia":[{"embeddable":true,"href":"https:\/\/sxflightcase.com\/es_es\/wp-json\/wp\/v2\/media\/1803"}],"wp:attachment":[{"href":"https:\/\/sxflightcase.com\/es_es\/wp-json\/wp\/v2\/media?parent=1802"}],"wp:term":[{"taxonomy":"product_brand","embeddable":true,"href":"https:\/\/sxflightcase.com\/es_es\/wp-json\/wp\/v2\/product_brand?post=1802"},{"taxonomy":"product_cat","embeddable":true,"href":"https:\/\/sxflightcase.com\/es_es\/wp-json\/wp\/v2\/product_cat?post=1802"},{"taxonomy":"product_tag","embeddable":true,"href":"https:\/\/sxflightcase.com\/es_es\/wp-json\/wp\/v2\/product_tag?post=1802"}],"curies":[{"name":"wp","href":"https:\/\/api.w.org\/{rel}","templated":true}]}}