{"id":3772,"date":"2024-07-26T07:44:23","date_gmt":"2024-07-26T06:44:23","guid":{"rendered":"https:\/\/sxpowercase.com\/?post_type=product&#038;p=3772"},"modified":"2024-07-29T07:30:34","modified_gmt":"2024-07-29T06:30:34","slug":"butterfly-latch-loa101","status":"publish","type":"product","link":"https:\/\/sxflightcase.com\/es_es\/producto\/cierre-mariposa-loa101\/","title":{"rendered":"Cierre de mariposa LOA101"},"content":{"rendered":"<h1>Asegure su equipo con el cierre de mariposa de SX<\/h1>\n<h2>Seguridad sin igual con los cierres de mariposa de SX<\/h2>\n<p>Cuando se trata de proteger su valioso equipo, conf\u00ede en el cierre de mariposa de SX para obtener una seguridad y fiabilidad inigualables. Nuestros cierres de mariposa est\u00e1n dise\u00f1ados para proporcionar un cierre seguro para flight cases, garantizando que su equipo permanezca protegido durante el transporte y el almacenamiento. Tanto si es m\u00fasico, t\u00e9cnico o ingeniero de campo, los cierres de mariposa de SX le ofrecen la tranquilidad que necesita.<\/p>\n<h2>Dise\u00f1o robusto y fiable<\/h2>\n<p>Los cierres de mariposa de SX est\u00e1n hechos para durar. Fabricados con materiales de alta calidad, estos cierres est\u00e1n dise\u00f1ados para soportar los rigores del uso frecuente. Su robusta construcci\u00f3n garantiza que sus flight cases permanezcan bien cerrados, protegiendo su equipo de golpes, ca\u00eddas y otros peligros potenciales. Con <a title=\"SX\" href=\"https:\/\/sxpowercase.com\/\" target=\"_blank\" rel=\"noopener\" data-wpil-monitor-id=\"594\">SX<\/a>puede estar seguro de que su equipo est\u00e1 a salvo y protegido.<\/p>\n<h2>Garant\u00eda de calidad directa de f\u00e1brica<\/h2>\n<p>En SX, nos enorgullecemos de ofrecer productos directos de f\u00e1brica que cumplen los m\u00e1s altos est\u00e1ndares de calidad. Nuestros cierres de mariposa no son una excepci\u00f3n. Al prescindir de intermediarios, ofrecemos cierres que no s\u00f3lo son fiables, sino tambi\u00e9n asequibles. Nuestro enfoque directo de f\u00e1brica garantiza que usted reciba productos de primera calidad a precios bajos, sin comprometer la calidad.<\/p>\n<h2>F\u00e1cil de usar y c\u00f3modo<\/h2>\n<p>Los cierres de mariposa de SX se han dise\u00f1ado pensando en la comodidad. Su dise\u00f1o f\u00e1cil de usar facilita la apertura y el cierre de las flight cases, ahorr\u00e1ndole tiempo y esfuerzo. Tanto si est\u00e1 preparando un concierto como recogiendo despu\u00e9s de un trabajo, nuestros cierres le ofrecen la facilidad de uso que necesita. Experimente la comodidad de los cierres de mariposa de SX y simplifique su trabajo.<\/p>\n<h2>Adaptaci\u00f3n a sus necesidades<\/h2>\n<p>Sabemos que cada equipo es \u00fanico, al igual que sus requisitos. SX ofrece opciones de personalizaci\u00f3n para nuestros cierres de mariposa, garantizando que satisfagan sus necesidades espec\u00edficas. Tanto si necesita un tama\u00f1o, acabado o dise\u00f1o espec\u00edficos, nuestro equipo puede ofrecerle soluciones a medida que se ajusten a sus requisitos. Disfrute de las ventajas de los cierres de mariposa a medida de SX y consiga el ajuste perfecto para su equipo.<\/p>\n<h2>Calidad a un precio asequible<\/h2>\n<p>SX se compromete a ofrecer productos de alta calidad a precios asequibles. Nuestros cierres de mariposa no son una excepci\u00f3n. Aprovechando nuestro modelo directo de f\u00e1brica, ofrecemos precios competitivos que ponen la calidad al alcance de todos. Invierta en los cierres de mariposa de SX y obtenga el mejor valor por su dinero.<\/p>\n<h2>Perfecto para diversas aplicaciones<\/h2>\n<p>Los cierres de mariposa de SX son vers\u00e1tiles y pueden utilizarse en una amplia gama de aplicaciones. Desde flight cases y bastidores de equipos hasta cajas de almacenamiento y cajas de herramientas, nuestros cierres proporcionan el cierre seguro que necesita. Conf\u00ede en SX para todas sus necesidades de cierres de mariposa y disfrute de la flexibilidad y fiabilidad que ofrecen nuestros productos.<\/p>\n<h2>\u00bfPor qu\u00e9 elegir SX?<\/h2>\n<p>Elegir SX significa optar por calidad, fiabilidad y asequibilidad. Nuestros cierres de mariposa est\u00e1n dise\u00f1ados para proporcionar la mejor protecci\u00f3n a sus equipos, garantizando que permanezcan seguros y protegidos. Con nuestro compromiso de garant\u00eda de calidad directa de f\u00e1brica, puede estar seguro de que obtiene los mejores productos a los mejores precios.<\/p>\n<h2>P\u00f3ngase en contacto con SX hoy mismo<\/h2>\n<p>\u00bfEst\u00e1 preparado para mejorar la seguridad de sus equipos con los cierres de mariposa de SX? P\u00f3ngase en contacto con nosotros hoy mismo para obtener m\u00e1s informaci\u00f3n sobre nuestros productos y opciones de personalizaci\u00f3n. Nuestro equipo est\u00e1 aqu\u00ed para ayudarle a encontrar las soluciones perfectas para sus necesidades. Conf\u00ede en SX para todas sus necesidades de cierres de mariposa y experimente la diferencia en calidad y fiabilidad.<\/p>\n<p>P\u00f3ngase en contacto con nosotros:<span style=\"color: #0000ff;\"><a style=\"color: #0000ff;\" href=\"https:\/\/sxpowercase.com\/contact-us\/\">https:\/\/sxpowercase.com\/<\/a><\/span><\/p>\n<p>Cat\u00e1logo de productos de hardware\uff1a<span style=\"color: #3366ff;\"><a style=\"color: #3366ff;\" href=\"https:\/\/sxpowercase.com\/wp-content\/uploads\/2024\/07\/\u4e94\u91d1.pdf\">Cat\u00e1logo de accesorios de ferreter\u00eda<\/a><\/span><\/p>","protected":false},"excerpt":{"rendered":"<div class=\"flex-shrink-0 flex flex-col relative items-end\">\n<div>\n<div class=\"pt-0\">\n<div class=\"gizmo-bot-avatar flex h-8 w-8 items-center justify-center overflow-hidden rounded-full\">\n<h3 class=\"relative p-1 rounded-sm flex items-center justify-center bg-token-main-surface-primary text-token-text-primary h-8 w-8\">Unmatched Security with SX&#8217;s Butterfly Latch<\/h3>\n<\/div>\n<\/div>\n<\/div>\n<\/div>\n<div class=\"group\/conversation-turn relative flex w-full min-w-0 flex-col agent-turn\">\n<div class=\"flex-col gap-1 md:gap-3\">\n<div class=\"flex flex-grow flex-col max-w-full AIPRM__conversation__response\">\n<div class=\"min-h-[20px] text-message flex w-full flex-col items-end gap-2 whitespace-pre-wrap break-words [.text-message+&amp;]:mt-5 overflow-x-auto\" dir=\"auto\" data-message-author-role=\"assistant\" data-message-id=\"5f113cd8-0571-4314-acba-63f4a0d58950\">\n<div class=\"flex w-full flex-col gap-1 empty:hidden first:pt-[3px]\">\n<div class=\"markdown prose w-full break-words dark:prose-invert light\">\n<p>Protect your valuable equipment with SX&#8217;s robust and reliable butterfly latches. Built from high-quality materials, these latches ensure secure closure for flight cases, offering unmatched security and peace of mind during transport and storage.<\/p>\n<h3>Factory-Direct Quality at Affordable Prices<\/h3>\n<p>Experience top-tier quality without breaking the bank with SX&#8217;s factory-direct butterfly latches. Our latches provide durability and reliability at competitive prices, ensuring you get the best value for your money.<\/p>\n<h3>Customisable and Convenient Butterfly Latches<\/h3>\n<p>SX offers easy-to-use butterfly latches with customisation options to meet your unique needs. Whether for flight cases or storage boxes, our latches deliver secure closures, making your job simpler and more efficient.<\/p>\n<\/div>\n<\/div>\n<\/div>\n<\/div>\n<\/div>\n<\/div>\n","protected":false},"featured_media":3771,"comment_status":"open","ping_status":"closed","template":"","meta":[],"product_brand":[],"product_cat":[61],"product_tag":[],"class_list":{"0":"post-3772","1":"product","2":"type-product","3":"status-publish","4":"has-post-thumbnail","6":"product_cat-catchother-locks","8":"first","9":"instock","10":"shipping-taxable","11":"product-type-simple"},"yoast_head":"<!-- This site is optimized with the Yoast SEO Premium plugin v27.1 (Yoast SEO v27.2) - https:\/\/yoast.com\/product\/yoast-seo-premium-wordpress\/ -->\n<title>Butterfly Latch LOA101 - https:\/\/sxflightcase.com \ud83d\udc97<\/title>\n<meta name=\"description\" content=\"Butterfly latch, factory direct! High-quality, reliable solutions for secure closures on flight cases and equipment. Ideal for professional and industrial use.\" \/>\n<meta name=\"robots\" content=\"index, follow, max-snippet:-1, max-image-preview:large, max-video-preview:-1\" \/>\n<link rel=\"canonical\" href=\"https:\/\/sxflightcase.com\/es_es\/\u0645\u0646\u062a\u062c\/\u0645\u0632\u0644\u0627\u062c-\u0627\u0644\u0641\u0631\u0627\u0634\u0629-loa101-2\/\" \/>\n<meta property=\"og:locale\" content=\"es_ES\" \/>\n<meta property=\"og:type\" content=\"article\" \/>\n<meta property=\"og:title\" content=\"Butterfly Latch LOA101\" \/>\n<meta property=\"og:description\" content=\"Butterfly latch, factory direct! High-quality, reliable solutions for secure closures on flight cases and equipment. Ideal for professional and industrial use.\" \/>\n<meta property=\"og:url\" content=\"https:\/\/sxflightcase.com\/es_es\/\u0645\u0646\u062a\u062c\/\u0645\u0632\u0644\u0627\u062c-\u0627\u0644\u0641\u0631\u0627\u0634\u0629-loa101-2\/\" \/>\n<meta property=\"og:site_name\" content=\"https:\/\/sxflightcase.com\" \/>\n<meta property=\"article:publisher\" content=\"https:\/\/www.facebook.com\/profile.php?id=61560407257971\" \/>\n<meta property=\"article:modified_time\" content=\"2024-07-29T06:30:34+00:00\" \/>\n<meta property=\"og:image\" content=\"https:\/\/sxflightcase.com\/wp-content\/uploads\/2024\/07\/LOA101.jpg\" \/>\n\t<meta property=\"og:image:width\" content=\"520\" \/>\n\t<meta property=\"og:image:height\" content=\"475\" \/>\n\t<meta property=\"og:image:type\" content=\"image\/jpeg\" \/>\n<meta name=\"twitter:card\" content=\"summary_large_image\" \/>\n<meta name=\"twitter:label1\" content=\"Tiempo de lectura\" \/>\n\t<meta name=\"twitter:data1\" content=\"4 minutos\" \/>\n<script type=\"application\/ld+json\" class=\"yoast-schema-graph\">{\"@context\":\"https:\/\/schema.org\",\"@graph\":[{\"@type\":\"WebPage\",\"@id\":\"https:\/\/sxflightcase.com\/ary\/\u0645\u0646\u062a\u062c\/\u0645\u0632\u0644\u0627\u062c-\u0627\u0644\u0641\u0631\u0627\u0634\u0629-loa101-2\/\",\"url\":\"https:\/\/sxflightcase.com\/ary\/\u0645\u0646\u062a\u062c\/\u0645\u0632\u0644\u0627\u062c-\u0627\u0644\u0641\u0631\u0627\u0634\u0629-loa101-2\/\",\"name\":\"Butterfly Latch LOA101 - https:\/\/sxflightcase.com \ud83d\udc97\",\"isPartOf\":{\"@id\":\"https:\/\/sxflightcase.com\/th\/#website\"},\"primaryImageOfPage\":{\"@id\":\"https:\/\/sxflightcase.com\/ary\/\u0645\u0646\u062a\u062c\/\u0645\u0632\u0644\u0627\u062c-\u0627\u0644\u0641\u0631\u0627\u0634\u0629-loa101-2\/#primaryimage\"},\"image\":{\"@id\":\"https:\/\/sxflightcase.com\/ary\/\u0645\u0646\u062a\u062c\/\u0645\u0632\u0644\u0627\u062c-\u0627\u0644\u0641\u0631\u0627\u0634\u0629-loa101-2\/#primaryimage\"},\"thumbnailUrl\":\"https:\/\/sxflightcase.com\/wp-content\/uploads\/2024\/07\/LOA101.jpg\",\"datePublished\":\"2024-07-26T06:44:23+00:00\",\"dateModified\":\"2024-07-29T06:30:34+00:00\",\"description\":\"Butterfly latch, factory direct! High-quality, reliable solutions for secure closures on flight cases and equipment. Ideal for professional and industrial use.\",\"breadcrumb\":{\"@id\":\"https:\/\/sxflightcase.com\/ary\/\u0645\u0646\u062a\u062c\/\u0645\u0632\u0644\u0627\u062c-\u0627\u0644\u0641\u0631\u0627\u0634\u0629-loa101-2\/#breadcrumb\"},\"inLanguage\":\"es\",\"potentialAction\":[{\"@type\":\"ReadAction\",\"target\":[\"https:\/\/sxflightcase.com\/ary\/\u0645\u0646\u062a\u062c\/\u0645\u0632\u0644\u0627\u062c-\u0627\u0644\u0641\u0631\u0627\u0634\u0629-loa101-2\/\"]}]},{\"@type\":\"ImageObject\",\"inLanguage\":\"es\",\"@id\":\"https:\/\/sxflightcase.com\/ary\/\u0645\u0646\u062a\u062c\/\u0645\u0632\u0644\u0627\u062c-\u0627\u0644\u0641\u0631\u0627\u0634\u0629-loa101-2\/#primaryimage\",\"url\":\"https:\/\/sxflightcase.com\/wp-content\/uploads\/2024\/07\/LOA101.jpg\",\"contentUrl\":\"https:\/\/sxflightcase.com\/wp-content\/uploads\/2024\/07\/LOA101.jpg\",\"width\":520,\"height\":475,\"caption\":\"butterfly latch\"},{\"@type\":\"BreadcrumbList\",\"@id\":\"https:\/\/sxflightcase.com\/ary\/\u0645\u0646\u062a\u062c\/\u0645\u0632\u0644\u0627\u062c-\u0627\u0644\u0641\u0631\u0627\u0634\u0629-loa101-2\/#breadcrumb\",\"itemListElement\":[{\"@type\":\"ListItem\",\"position\":1,\"name\":\"Home\",\"item\":\"https:\/\/sxflightcase.com\/\"},{\"@type\":\"ListItem\",\"position\":2,\"name\":\"\u0e2a\u0e34\u0e19\u0e04\u0e49\u0e32\",\"item\":\"https:\/\/sxflightcase.com\/th\/shop\/\"},{\"@type\":\"ListItem\",\"position\":3,\"name\":\"Butterfly Latch LOA101\"}]},{\"@type\":\"WebSite\",\"@id\":\"https:\/\/sxflightcase.com\/th\/#website\",\"url\":\"https:\/\/sxflightcase.com\/th\/\",\"name\":\"sxpowercase.com\",\"description\":\"Flight Case Factory\",\"publisher\":{\"@id\":\"https:\/\/sxflightcase.com\/th\/#organization\"},\"potentialAction\":[{\"@type\":\"SearchAction\",\"target\":{\"@type\":\"EntryPoint\",\"urlTemplate\":\"https:\/\/sxflightcase.com\/th\/?s={search_term_string}\"},\"query-input\":{\"@type\":\"PropertyValueSpecification\",\"valueRequired\":true,\"valueName\":\"search_term_string\"}}],\"inLanguage\":\"es\"},{\"@type\":\"Organization\",\"@id\":\"https:\/\/sxflightcase.com\/th\/#organization\",\"name\":\"sxpowercase.com\",\"url\":\"https:\/\/sxflightcase.com\/th\/\",\"logo\":{\"@type\":\"ImageObject\",\"inLanguage\":\"es\",\"@id\":\"https:\/\/sxflightcase.com\/th\/#\/schema\/logo\/image\/\",\"url\":\"https:\/\/sxflightcase.com\/wp-content\/uploads\/2024\/04\/1713919036007.jpg\",\"contentUrl\":\"https:\/\/sxflightcase.com\/wp-content\/uploads\/2024\/04\/1713919036007.jpg\",\"width\":382,\"height\":388,\"caption\":\"sxpowercase.com\"},\"image\":{\"@id\":\"https:\/\/sxflightcase.com\/th\/#\/schema\/logo\/image\/\"},\"sameAs\":[\"https:\/\/www.facebook.com\/profile.php?id=61560407257971\"],\"numberOfEmployees\":{\"@type\":\"QuantitativeValue\",\"minValue\":\"11\",\"maxValue\":\"50\"}}]}<\/script>\n<!-- \/ Yoast SEO Premium plugin. -->","yoast_head_json":{"title":"Butterfly Latch LOA101 - https:\/\/sxflightcase.com \ud83d\udc97","description":"Cierre de mariposa, \u00a1directo de f\u00e1brica! Soluciones fiables y de alta calidad para cierres seguros de flight cases y equipos. Ideal para uso profesional e industrial.","robots":{"index":"index","follow":"follow","max-snippet":"max-snippet:-1","max-image-preview":"max-image-preview:large","max-video-preview":"max-video-preview:-1"},"canonical":"https:\/\/sxflightcase.com\/es_es\/\u0645\u0646\u062a\u062c\/\u0645\u0632\u0644\u0627\u062c-\u0627\u0644\u0641\u0631\u0627\u0634\u0629-loa101-2\/","og_locale":"es_ES","og_type":"article","og_title":"Butterfly Latch LOA101","og_description":"Butterfly latch, factory direct! High-quality, reliable solutions for secure closures on flight cases and equipment. Ideal for professional and industrial use.","og_url":"https:\/\/sxflightcase.com\/es_es\/\u0645\u0646\u062a\u062c\/\u0645\u0632\u0644\u0627\u062c-\u0627\u0644\u0641\u0631\u0627\u0634\u0629-loa101-2\/","og_site_name":"https:\/\/sxflightcase.com","article_publisher":"https:\/\/www.facebook.com\/profile.php?id=61560407257971","article_modified_time":"2024-07-29T06:30:34+00:00","og_image":[{"width":520,"height":475,"url":"https:\/\/sxflightcase.com\/wp-content\/uploads\/2024\/07\/LOA101.jpg","type":"image\/jpeg"}],"twitter_card":"summary_large_image","twitter_misc":{"Tiempo de lectura":"4 minutos"},"schema":{"@context":"https:\/\/schema.org","@graph":[{"@type":"WebPage","@id":"https:\/\/sxflightcase.com\/ary\/\u0645\u0646\u062a\u062c\/\u0645\u0632\u0644\u0627\u062c-\u0627\u0644\u0641\u0631\u0627\u0634\u0629-loa101-2\/","url":"https:\/\/sxflightcase.com\/ary\/\u0645\u0646\u062a\u062c\/\u0645\u0632\u0644\u0627\u062c-\u0627\u0644\u0641\u0631\u0627\u0634\u0629-loa101-2\/","name":"Butterfly Latch LOA101 - https:\/\/sxflightcase.com \ud83d\udc97","isPartOf":{"@id":"https:\/\/sxflightcase.com\/th\/#website"},"primaryImageOfPage":{"@id":"https:\/\/sxflightcase.com\/ary\/\u0645\u0646\u062a\u062c\/\u0645\u0632\u0644\u0627\u062c-\u0627\u0644\u0641\u0631\u0627\u0634\u0629-loa101-2\/#primaryimage"},"image":{"@id":"https:\/\/sxflightcase.com\/ary\/\u0645\u0646\u062a\u062c\/\u0645\u0632\u0644\u0627\u062c-\u0627\u0644\u0641\u0631\u0627\u0634\u0629-loa101-2\/#primaryimage"},"thumbnailUrl":"https:\/\/sxflightcase.com\/wp-content\/uploads\/2024\/07\/LOA101.jpg","datePublished":"2024-07-26T06:44:23+00:00","dateModified":"2024-07-29T06:30:34+00:00","description":"Cierre de mariposa, \u00a1directo de f\u00e1brica! Soluciones fiables y de alta calidad para cierres seguros de flight cases y equipos. Ideal para uso profesional e industrial.","breadcrumb":{"@id":"https:\/\/sxflightcase.com\/ary\/\u0645\u0646\u062a\u062c\/\u0645\u0632\u0644\u0627\u062c-\u0627\u0644\u0641\u0631\u0627\u0634\u0629-loa101-2\/#breadcrumb"},"inLanguage":"es","potentialAction":[{"@type":"ReadAction","target":["https:\/\/sxflightcase.com\/ary\/\u0645\u0646\u062a\u062c\/\u0645\u0632\u0644\u0627\u062c-\u0627\u0644\u0641\u0631\u0627\u0634\u0629-loa101-2\/"]}]},{"@type":"ImageObject","inLanguage":"es","@id":"https:\/\/sxflightcase.com\/ary\/\u0645\u0646\u062a\u062c\/\u0645\u0632\u0644\u0627\u062c-\u0627\u0644\u0641\u0631\u0627\u0634\u0629-loa101-2\/#primaryimage","url":"https:\/\/sxflightcase.com\/wp-content\/uploads\/2024\/07\/LOA101.jpg","contentUrl":"https:\/\/sxflightcase.com\/wp-content\/uploads\/2024\/07\/LOA101.jpg","width":520,"height":475,"caption":"butterfly latch"},{"@type":"BreadcrumbList","@id":"https:\/\/sxflightcase.com\/ary\/\u0645\u0646\u062a\u062c\/\u0645\u0632\u0644\u0627\u062c-\u0627\u0644\u0641\u0631\u0627\u0634\u0629-loa101-2\/#breadcrumb","itemListElement":[{"@type":"ListItem","position":1,"name":"Home","item":"https:\/\/sxflightcase.com\/"},{"@type":"ListItem","position":2,"name":"\u0e2a\u0e34\u0e19\u0e04\u0e49\u0e32","item":"https:\/\/sxflightcase.com\/th\/shop\/"},{"@type":"ListItem","position":3,"name":"Butterfly Latch LOA101"}]},{"@type":"WebSite","@id":"https:\/\/sxflightcase.com\/th\/#website","url":"https:\/\/sxflightcase.com\/th\/","name":"es.sxpowercase.com","description":"F\u00e1brica de flightcases","publisher":{"@id":"https:\/\/sxflightcase.com\/th\/#organization"},"potentialAction":[{"@type":"SearchAction","target":{"@type":"EntryPoint","urlTemplate":"https:\/\/sxflightcase.com\/th\/?s={search_term_string}"},"query-input":{"@type":"PropertyValueSpecification","valueRequired":true,"valueName":"search_term_string"}}],"inLanguage":"es"},{"@type":"Organization","@id":"https:\/\/sxflightcase.com\/th\/#organization","name":"es.sxpowercase.com","url":"https:\/\/sxflightcase.com\/th\/","logo":{"@type":"ImageObject","inLanguage":"es","@id":"https:\/\/sxflightcase.com\/th\/#\/schema\/logo\/image\/","url":"https:\/\/sxflightcase.com\/wp-content\/uploads\/2024\/04\/1713919036007.jpg","contentUrl":"https:\/\/sxflightcase.com\/wp-content\/uploads\/2024\/04\/1713919036007.jpg","width":382,"height":388,"caption":"sxpowercase.com"},"image":{"@id":"https:\/\/sxflightcase.com\/th\/#\/schema\/logo\/image\/"},"sameAs":["https:\/\/www.facebook.com\/profile.php?id=61560407257971"],"numberOfEmployees":{"@type":"QuantitativeValue","minValue":"11","maxValue":"50"}}]}},"_links":{"self":[{"href":"https:\/\/sxflightcase.com\/es_es\/wp-json\/wp\/v2\/product\/3772","targetHints":{"allow":["GET"]}}],"collection":[{"href":"https:\/\/sxflightcase.com\/es_es\/wp-json\/wp\/v2\/product"}],"about":[{"href":"https:\/\/sxflightcase.com\/es_es\/wp-json\/wp\/v2\/types\/product"}],"replies":[{"embeddable":true,"href":"https:\/\/sxflightcase.com\/es_es\/wp-json\/wp\/v2\/comments?post=3772"}],"version-history":[{"count":0,"href":"https:\/\/sxflightcase.com\/es_es\/wp-json\/wp\/v2\/product\/3772\/revisions"}],"wp:featuredmedia":[{"embeddable":true,"href":"https:\/\/sxflightcase.com\/es_es\/wp-json\/wp\/v2\/media\/3771"}],"wp:attachment":[{"href":"https:\/\/sxflightcase.com\/es_es\/wp-json\/wp\/v2\/media?parent=3772"}],"wp:term":[{"taxonomy":"product_brand","embeddable":true,"href":"https:\/\/sxflightcase.com\/es_es\/wp-json\/wp\/v2\/product_brand?post=3772"},{"taxonomy":"product_cat","embeddable":true,"href":"https:\/\/sxflightcase.com\/es_es\/wp-json\/wp\/v2\/product_cat?post=3772"},{"taxonomy":"product_tag","embeddable":true,"href":"https:\/\/sxflightcase.com\/es_es\/wp-json\/wp\/v2\/product_tag?post=3772"}],"curies":[{"name":"wp","href":"https:\/\/api.w.org\/{rel}","templated":true}]}}