{"id":3914,"date":"2024-08-01T07:21:03","date_gmt":"2024-08-01T06:21:03","guid":{"rendered":"https:\/\/sxpowercase.com\/?post_type=product&#038;p=3914"},"modified":"2024-08-02T07:22:56","modified_gmt":"2024-08-02T06:22:56","slug":"butterfly-twist-latch-loa402","status":"publish","type":"product","link":"https:\/\/sxflightcase.com\/es_es\/producto\/cierre-mariposa-giratorio-loa402-2\/","title":{"rendered":"Pestillo de mariposa LOA402"},"content":{"rendered":"<h2>Asegure su equipo con el cierre giratorio de mariposa SX<\/h2>\n<h3>Soluciones de fijaci\u00f3n fiables<\/h3>\n<p>Para quienes necesitan cierres fiables y elegantes para sus maletas de equipos, SX ofrece la soluci\u00f3n perfecta: <strong>Pestillo de mariposa<\/strong>. Estos cierres est\u00e1n espec\u00edficamente dise\u00f1ados para proporcionar un bloqueo seguro y firme, garantizando que su equipo permanezca protegido durante el transporte o el almacenamiento.<\/p>\n<h3>Directo de la f\u00e1brica a usted<\/h3>\n<p>En SX damos prioridad a la calidad y la asequibilidad. Al ofrecer <strong><a href=\"https:\/\/sxpowercase.com\/product\/butterfly-twist-latch-loa401\/\" target=\"_blank\" rel=\"noopener\" data-wpil-monitor-id=\"618\">Cierres de mariposa<\/a><\/strong> directamente de nuestra f\u00e1brica, eliminamos los costes adicionales, lo que le permite beneficiarse de precios directos de f\u00e1brica. Esto significa que recibir\u00e1 cierres de primera calidad por una fracci\u00f3n del coste, lo que los convierte en una opci\u00f3n econ\u00f3mica para proteger su valioso equipo.<\/p>\n<h3>Construido para durar<\/h3>\n<p>Cada <strong>Pestillo de mariposa<\/strong> de <a title=\"SX\" href=\"https:\/\/sxpowercase.com\/\" target=\"_blank\" rel=\"noopener\" data-wpil-monitor-id=\"617\">SX<\/a> est\u00e1 fabricado con materiales de primera calidad, dise\u00f1ados para soportar un uso frecuente y condiciones duras. Llevamos a cabo pruebas exhaustivas para garantizar que cada cierre cumple nuestros elevados est\u00e1ndares de durabilidad y fiabilidad. Cuando elige SX, est\u00e1 eligiendo un cierre que no solo es resistente, sino que tambi\u00e9n est\u00e1 hecho para durar.<\/p>\n<h3>Adaptaci\u00f3n a sus necesidades<\/h3>\n<p>Conscientes de que cada proyecto tiene requisitos \u00fanicos, SX ofrece opciones de personalizaci\u00f3n para nuestros productos. <strong>Cierres de mariposa<\/strong>. Tanto si necesita dimensiones, acabados o materiales espec\u00edficos, podemos personalizar nuestros productos para que se ajusten exactamente a sus especificaciones. Esta flexibilidad garantiza que nuestros cierres se adapten perfectamente a su equipo, proporcionando una soluci\u00f3n a medida que combina funcionalidad con atractivo est\u00e9tico.<\/p>\n<h3>Facilidad de uso y dise\u00f1o moderno<\/h3>\n<p>SX <strong>Cierres de mariposa<\/strong> est\u00e1n dise\u00f1ados pensando en la facilidad de instalaci\u00f3n, lo que los convierte en una opci\u00f3n pr\u00e1ctica para cualquier aplicaci\u00f3n. Su moderno dise\u00f1o no s\u00f3lo realza el aspecto de sus maletas, sino que tambi\u00e9n ofrece ventajas pr\u00e1cticas, como un acabado de perfil bajo que reduce el riesgo de enganches. Ideales para una gran variedad de usos, como flight cases y armarios de protecci\u00f3n, estos cierres ofrecen estilo y funcionalidad.<\/p>\n<h3>\u00bfPor qu\u00e9 elegir SX?<\/h3>\n<p>Elegir SX significa optar por una marca comprometida con el suministro de soluciones rentables y de alta calidad. Nuestra <strong>Cierres de mariposa<\/strong> ofrecen un valor inigualable, combinando durabilidad, seguridad y un dise\u00f1o elegante. Al comprar directamente a la f\u00e1brica, obtendr\u00e1 el mejor precio posible y la garant\u00eda de un producto que cumplir\u00e1 sus expectativas.<\/p>\n<h3>P\u00f3ngase en contacto con nosotros<\/h3>\n<p>Actualice las cajas de sus equipos con SX <strong>Cierres de mariposa<\/strong>. Estos cierres ofrecen el equilibrio perfecto entre seguridad y estilo, todo ello a un precio directo de f\u00e1brica. Tanto si necesita opciones personalizadas como una soluci\u00f3n est\u00e1ndar, SX tiene la experiencia necesaria para proporcionarle los cierres adecuados a sus necesidades. P\u00f3ngase en contacto con nosotros hoy mismo para obtener m\u00e1s informaci\u00f3n sobre nuestros productos y sobre c\u00f3mo podemos ayudarle a proteger sus equipos con los mejores cierres del mercado. Con SX, la calidad y el valor est\u00e1n siempre garantizados.<\/p>\n<p>P\u00f3ngase en contacto con nosotros:<span style=\"color: #0000ff;\"><a style=\"color: #0000ff;\" href=\"https:\/\/sxpowercase.com\/contact-us\/\">https:\/\/sxpowercase.com\/<\/a><\/span><\/p>\n<p>Cat\u00e1logo de productos de hardware\uff1a<span style=\"color: #3366ff;\"><a style=\"color: #3366ff;\" href=\"https:\/\/sxpowercase.com\/wp-content\/uploads\/2024\/07\/\u4e94\u91d1.pdf\">Cat\u00e1logo de accesorios de ferreter\u00eda<\/a><\/span><\/p>","protected":false},"excerpt":{"rendered":"<h3>Seguro y con estilo: Cierres giratorios de mariposa SX<\/h3>\n<p>Mejore sus maletas con los cierres giratorios de mariposa de alta calidad de SX, que ofrecen cierres firmes y fiables que evitan aperturas accidentales a la vez que a\u00f1aden un aspecto elegante.<\/p>\n<h3>Ahorro directo de f\u00e1brica<\/h3>\n<p>Consiga un valor insuperable con los precios directos de f\u00e1brica de SX en cierres de mariposa. Disfrute de la mejor calidad a precios m\u00e1s bajos, sin intermediarios y con el m\u00e1ximo ahorro.<\/p>\n<h3>Personalizable y f\u00e1cil de instalar<\/h3>\n<p>Los cierres giratorios de mariposa SX se adaptan a sus necesidades y est\u00e1n disponibles en varios tama\u00f1os, acabados y materiales. F\u00e1ciles de instalar, ofrecen un perfil suave y moderno, perfecto para todos los equipos.<\/p>","protected":false},"featured_media":3789,"comment_status":"open","ping_status":"closed","template":"","meta":[],"product_brand":[],"product_cat":[61],"product_tag":[],"class_list":{"0":"post-3914","1":"product","2":"type-product","3":"status-publish","4":"has-post-thumbnail","6":"product_cat-catchother-locks","8":"first","9":"instock","10":"shipping-taxable","11":"product-type-simple"},"yoast_head":"<!-- This site is optimized with the Yoast SEO Premium plugin v27.1 (Yoast SEO v27.2) - https:\/\/yoast.com\/product\/yoast-seo-premium-wordpress\/ -->\n<title>Butterfly Twist Latch LOA402 - https:\/\/sxflightcase.com \ud83d\udc97<\/title>\n<meta name=\"description\" content=\"Butterfly twist latch, factory direct! Secure, high-quality locking solutions with a twist mechanism. Perfect for protecting equipment in flight cases and professional gear.\" \/>\n<meta name=\"robots\" content=\"index, follow, max-snippet:-1, max-image-preview:large, max-video-preview:-1\" \/>\n<link rel=\"canonical\" href=\"https:\/\/sxflightcase.com\/es_es\/urun\/kelebek-bukumlu-mandal-loa402-2\/\" \/>\n<meta property=\"og:locale\" content=\"es_ES\" \/>\n<meta property=\"og:type\" content=\"article\" \/>\n<meta property=\"og:title\" content=\"Butterfly Twist Latch LOA402\" \/>\n<meta property=\"og:description\" content=\"Butterfly twist latch, factory direct! Secure, high-quality locking solutions with a twist mechanism. Perfect for protecting equipment in flight cases and professional gear.\" \/>\n<meta property=\"og:url\" content=\"https:\/\/sxflightcase.com\/es_es\/urun\/kelebek-bukumlu-mandal-loa402-2\/\" \/>\n<meta property=\"og:site_name\" content=\"https:\/\/sxflightcase.com\" \/>\n<meta property=\"article:publisher\" content=\"https:\/\/www.facebook.com\/profile.php?id=61560407257971\" \/>\n<meta property=\"article:modified_time\" content=\"2024-08-02T06:22:56+00:00\" \/>\n<meta property=\"og:image\" content=\"https:\/\/sxflightcase.com\/wp-content\/uploads\/2024\/07\/LOA402.jpg\" \/>\n\t<meta property=\"og:image:width\" content=\"520\" \/>\n\t<meta property=\"og:image:height\" content=\"449\" \/>\n\t<meta property=\"og:image:type\" content=\"image\/jpeg\" \/>\n<meta name=\"twitter:card\" content=\"summary_large_image\" \/>\n<meta name=\"twitter:label1\" content=\"Tiempo de lectura\" \/>\n\t<meta name=\"twitter:data1\" content=\"3 minutos\" \/>\n<script type=\"application\/ld+json\" class=\"yoast-schema-graph\">{\"@context\":\"https:\/\/schema.org\",\"@graph\":[{\"@type\":\"WebPage\",\"@id\":\"https:\/\/sxflightcase.com\/tr\/urun\/kelebek-bukumlu-mandal-loa402-2\/\",\"url\":\"https:\/\/sxflightcase.com\/tr\/urun\/kelebek-bukumlu-mandal-loa402-2\/\",\"name\":\"Butterfly Twist Latch LOA402 - https:\/\/sxflightcase.com \ud83d\udc97\",\"isPartOf\":{\"@id\":\"https:\/\/sxflightcase.com\/th\/#website\"},\"primaryImageOfPage\":{\"@id\":\"https:\/\/sxflightcase.com\/tr\/urun\/kelebek-bukumlu-mandal-loa402-2\/#primaryimage\"},\"image\":{\"@id\":\"https:\/\/sxflightcase.com\/tr\/urun\/kelebek-bukumlu-mandal-loa402-2\/#primaryimage\"},\"thumbnailUrl\":\"https:\/\/sxflightcase.com\/wp-content\/uploads\/2024\/07\/LOA402.jpg\",\"datePublished\":\"2024-08-01T06:21:03+00:00\",\"dateModified\":\"2024-08-02T06:22:56+00:00\",\"description\":\"Butterfly twist latch, factory direct! Secure, high-quality locking solutions with a twist mechanism. Perfect for protecting equipment in flight cases and professional gear.\",\"breadcrumb\":{\"@id\":\"https:\/\/sxflightcase.com\/tr\/urun\/kelebek-bukumlu-mandal-loa402-2\/#breadcrumb\"},\"inLanguage\":\"es\",\"potentialAction\":[{\"@type\":\"ReadAction\",\"target\":[\"https:\/\/sxflightcase.com\/tr\/urun\/kelebek-bukumlu-mandal-loa402-2\/\"]}]},{\"@type\":\"ImageObject\",\"inLanguage\":\"es\",\"@id\":\"https:\/\/sxflightcase.com\/tr\/urun\/kelebek-bukumlu-mandal-loa402-2\/#primaryimage\",\"url\":\"https:\/\/sxflightcase.com\/wp-content\/uploads\/2024\/07\/LOA402.jpg\",\"contentUrl\":\"https:\/\/sxflightcase.com\/wp-content\/uploads\/2024\/07\/LOA402.jpg\",\"width\":520,\"height\":449,\"caption\":\"Butterfly Twist Latch\"},{\"@type\":\"BreadcrumbList\",\"@id\":\"https:\/\/sxflightcase.com\/tr\/urun\/kelebek-bukumlu-mandal-loa402-2\/#breadcrumb\",\"itemListElement\":[{\"@type\":\"ListItem\",\"position\":1,\"name\":\"Home\",\"item\":\"https:\/\/sxflightcase.com\/\"},{\"@type\":\"ListItem\",\"position\":2,\"name\":\"\u0e2a\u0e34\u0e19\u0e04\u0e49\u0e32\",\"item\":\"https:\/\/sxflightcase.com\/th\/shop\/\"},{\"@type\":\"ListItem\",\"position\":3,\"name\":\"Butterfly Twist Latch LOA402\"}]},{\"@type\":\"WebSite\",\"@id\":\"https:\/\/sxflightcase.com\/th\/#website\",\"url\":\"https:\/\/sxflightcase.com\/th\/\",\"name\":\"sxpowercase.com\",\"description\":\"Flight Case Factory\",\"publisher\":{\"@id\":\"https:\/\/sxflightcase.com\/th\/#organization\"},\"potentialAction\":[{\"@type\":\"SearchAction\",\"target\":{\"@type\":\"EntryPoint\",\"urlTemplate\":\"https:\/\/sxflightcase.com\/th\/?s={search_term_string}\"},\"query-input\":{\"@type\":\"PropertyValueSpecification\",\"valueRequired\":true,\"valueName\":\"search_term_string\"}}],\"inLanguage\":\"es\"},{\"@type\":\"Organization\",\"@id\":\"https:\/\/sxflightcase.com\/th\/#organization\",\"name\":\"sxpowercase.com\",\"url\":\"https:\/\/sxflightcase.com\/th\/\",\"logo\":{\"@type\":\"ImageObject\",\"inLanguage\":\"es\",\"@id\":\"https:\/\/sxflightcase.com\/th\/#\/schema\/logo\/image\/\",\"url\":\"https:\/\/sxflightcase.com\/wp-content\/uploads\/2024\/04\/1713919036007.jpg\",\"contentUrl\":\"https:\/\/sxflightcase.com\/wp-content\/uploads\/2024\/04\/1713919036007.jpg\",\"width\":382,\"height\":388,\"caption\":\"sxpowercase.com\"},\"image\":{\"@id\":\"https:\/\/sxflightcase.com\/th\/#\/schema\/logo\/image\/\"},\"sameAs\":[\"https:\/\/www.facebook.com\/profile.php?id=61560407257971\"],\"numberOfEmployees\":{\"@type\":\"QuantitativeValue\",\"minValue\":\"11\",\"maxValue\":\"50\"}}]}<\/script>\n<!-- \/ Yoast SEO Premium plugin. -->","yoast_head_json":{"title":"Butterfly Twist Latch LOA402 - https:\/\/sxflightcase.com \ud83d\udc97","description":"Cierre giratorio de mariposa, \u00a1directo de f\u00e1brica! Soluciones de cierre seguras y de alta calidad con mecanismo de giro. Perfectos para proteger equipos en flight cases y equipos profesionales.","robots":{"index":"index","follow":"follow","max-snippet":"max-snippet:-1","max-image-preview":"max-image-preview:large","max-video-preview":"max-video-preview:-1"},"canonical":"https:\/\/sxflightcase.com\/es_es\/urun\/kelebek-bukumlu-mandal-loa402-2\/","og_locale":"es_ES","og_type":"article","og_title":"Butterfly Twist Latch LOA402","og_description":"Butterfly twist latch, factory direct! Secure, high-quality locking solutions with a twist mechanism. Perfect for protecting equipment in flight cases and professional gear.","og_url":"https:\/\/sxflightcase.com\/es_es\/urun\/kelebek-bukumlu-mandal-loa402-2\/","og_site_name":"https:\/\/sxflightcase.com","article_publisher":"https:\/\/www.facebook.com\/profile.php?id=61560407257971","article_modified_time":"2024-08-02T06:22:56+00:00","og_image":[{"width":520,"height":449,"url":"https:\/\/sxflightcase.com\/wp-content\/uploads\/2024\/07\/LOA402.jpg","type":"image\/jpeg"}],"twitter_card":"summary_large_image","twitter_misc":{"Tiempo de lectura":"3 minutos"},"schema":{"@context":"https:\/\/schema.org","@graph":[{"@type":"WebPage","@id":"https:\/\/sxflightcase.com\/tr\/urun\/kelebek-bukumlu-mandal-loa402-2\/","url":"https:\/\/sxflightcase.com\/tr\/urun\/kelebek-bukumlu-mandal-loa402-2\/","name":"Butterfly Twist Latch LOA402 - https:\/\/sxflightcase.com \ud83d\udc97","isPartOf":{"@id":"https:\/\/sxflightcase.com\/th\/#website"},"primaryImageOfPage":{"@id":"https:\/\/sxflightcase.com\/tr\/urun\/kelebek-bukumlu-mandal-loa402-2\/#primaryimage"},"image":{"@id":"https:\/\/sxflightcase.com\/tr\/urun\/kelebek-bukumlu-mandal-loa402-2\/#primaryimage"},"thumbnailUrl":"https:\/\/sxflightcase.com\/wp-content\/uploads\/2024\/07\/LOA402.jpg","datePublished":"2024-08-01T06:21:03+00:00","dateModified":"2024-08-02T06:22:56+00:00","description":"Cierre giratorio de mariposa, \u00a1directo de f\u00e1brica! Soluciones de cierre seguras y de alta calidad con mecanismo de giro. Perfectos para proteger equipos en flight cases y equipos profesionales.","breadcrumb":{"@id":"https:\/\/sxflightcase.com\/tr\/urun\/kelebek-bukumlu-mandal-loa402-2\/#breadcrumb"},"inLanguage":"es","potentialAction":[{"@type":"ReadAction","target":["https:\/\/sxflightcase.com\/tr\/urun\/kelebek-bukumlu-mandal-loa402-2\/"]}]},{"@type":"ImageObject","inLanguage":"es","@id":"https:\/\/sxflightcase.com\/tr\/urun\/kelebek-bukumlu-mandal-loa402-2\/#primaryimage","url":"https:\/\/sxflightcase.com\/wp-content\/uploads\/2024\/07\/LOA402.jpg","contentUrl":"https:\/\/sxflightcase.com\/wp-content\/uploads\/2024\/07\/LOA402.jpg","width":520,"height":449,"caption":"Butterfly Twist Latch"},{"@type":"BreadcrumbList","@id":"https:\/\/sxflightcase.com\/tr\/urun\/kelebek-bukumlu-mandal-loa402-2\/#breadcrumb","itemListElement":[{"@type":"ListItem","position":1,"name":"Home","item":"https:\/\/sxflightcase.com\/"},{"@type":"ListItem","position":2,"name":"\u0e2a\u0e34\u0e19\u0e04\u0e49\u0e32","item":"https:\/\/sxflightcase.com\/th\/shop\/"},{"@type":"ListItem","position":3,"name":"Butterfly Twist Latch LOA402"}]},{"@type":"WebSite","@id":"https:\/\/sxflightcase.com\/th\/#website","url":"https:\/\/sxflightcase.com\/th\/","name":"es.sxpowercase.com","description":"F\u00e1brica de flightcases","publisher":{"@id":"https:\/\/sxflightcase.com\/th\/#organization"},"potentialAction":[{"@type":"SearchAction","target":{"@type":"EntryPoint","urlTemplate":"https:\/\/sxflightcase.com\/th\/?s={search_term_string}"},"query-input":{"@type":"PropertyValueSpecification","valueRequired":true,"valueName":"search_term_string"}}],"inLanguage":"es"},{"@type":"Organization","@id":"https:\/\/sxflightcase.com\/th\/#organization","name":"es.sxpowercase.com","url":"https:\/\/sxflightcase.com\/th\/","logo":{"@type":"ImageObject","inLanguage":"es","@id":"https:\/\/sxflightcase.com\/th\/#\/schema\/logo\/image\/","url":"https:\/\/sxflightcase.com\/wp-content\/uploads\/2024\/04\/1713919036007.jpg","contentUrl":"https:\/\/sxflightcase.com\/wp-content\/uploads\/2024\/04\/1713919036007.jpg","width":382,"height":388,"caption":"sxpowercase.com"},"image":{"@id":"https:\/\/sxflightcase.com\/th\/#\/schema\/logo\/image\/"},"sameAs":["https:\/\/www.facebook.com\/profile.php?id=61560407257971"],"numberOfEmployees":{"@type":"QuantitativeValue","minValue":"11","maxValue":"50"}}]}},"_links":{"self":[{"href":"https:\/\/sxflightcase.com\/es_es\/wp-json\/wp\/v2\/product\/3914","targetHints":{"allow":["GET"]}}],"collection":[{"href":"https:\/\/sxflightcase.com\/es_es\/wp-json\/wp\/v2\/product"}],"about":[{"href":"https:\/\/sxflightcase.com\/es_es\/wp-json\/wp\/v2\/types\/product"}],"replies":[{"embeddable":true,"href":"https:\/\/sxflightcase.com\/es_es\/wp-json\/wp\/v2\/comments?post=3914"}],"version-history":[{"count":0,"href":"https:\/\/sxflightcase.com\/es_es\/wp-json\/wp\/v2\/product\/3914\/revisions"}],"wp:featuredmedia":[{"embeddable":true,"href":"https:\/\/sxflightcase.com\/es_es\/wp-json\/wp\/v2\/media\/3789"}],"wp:attachment":[{"href":"https:\/\/sxflightcase.com\/es_es\/wp-json\/wp\/v2\/media?parent=3914"}],"wp:term":[{"taxonomy":"product_brand","embeddable":true,"href":"https:\/\/sxflightcase.com\/es_es\/wp-json\/wp\/v2\/product_brand?post=3914"},{"taxonomy":"product_cat","embeddable":true,"href":"https:\/\/sxflightcase.com\/es_es\/wp-json\/wp\/v2\/product_cat?post=3914"},{"taxonomy":"product_tag","embeddable":true,"href":"https:\/\/sxflightcase.com\/es_es\/wp-json\/wp\/v2\/product_tag?post=3914"}],"curies":[{"name":"wp","href":"https:\/\/api.w.org\/{rel}","templated":true}]}}