{"id":4099,"date":"2024-08-13T08:16:18","date_gmt":"2024-08-13T07:16:18","guid":{"rendered":"https:\/\/sxpowercase.com\/?post_type=product&#038;p=4099"},"modified":"2024-08-13T08:16:19","modified_gmt":"2024-08-13T07:16:19","slug":"ball-corners-coa103","status":"publish","type":"product","link":"https:\/\/sxflightcase.com\/es_es\/producto\/esquinas-de-bola-coa103\/","title":{"rendered":"Esquinas de bola COA103"},"content":{"rendered":"<h3>Refuerce sus cajas con esquinas de bola SX<\/h3>\n<h4>Calidad asequible directa de f\u00e1brica<\/h4>\n<p>Cuando se trata de proteger sus valiosos equipos, SX ofrece <strong>Esquinas de bola<\/strong> que proporcionan una s\u00f3lida protecci\u00f3n a precios inmejorables. Nuestro enfoque directo de f\u00e1brica le garantiza que recibir\u00e1 productos de la m\u00e1xima calidad sin pagar el sobreprecio del intermediario. Con SX, invierte en protecci\u00f3n duradera a un precio asequible.<\/p>\n<h4>Protecci\u00f3n mejorada para cada viaje<\/h4>\n<p><a href=\"https:\/\/sxpowercase.com\/\" target=\"_blank\" rel=\"noopener\" title=\"SX\" data-wpil-monitor-id=\"656\">SX<\/a> <strong>Esquinas de bola<\/strong> est\u00e1n dise\u00f1adas para proteger sus maletas de los impactos, garantizando la seguridad de su equipo durante el transporte. Tanto si est\u00e1 de gira como si env\u00eda su equipo o simplemente lo almacena, nuestras esquinas esf\u00e9ricas absorben los impactos y reducen el riesgo de da\u00f1os. Este nivel de protecci\u00f3n es esencial para mantener la integridad de sus maletas, prolongando su vida \u00fatil y ahorr\u00e1ndole dinero a largo plazo.<\/p>\n<h4>Versatilidad para todo tipo de casos<\/h4>\n<p>Nuestra <strong>Esquinas de bola<\/strong> est\u00e1n dise\u00f1ados para adaptarse a una amplia gama de tipos de maletas, desde flight cases hasta maletas de carretera. Son f\u00e1ciles de instalar y ofrecen un ajuste universal que mejora tanto la funcionalidad como el aspecto de sus maletas. Al elegir SX, no s\u00f3lo proteger\u00e1 su equipo, sino que tambi\u00e9n mejorar\u00e1 el aspecto general de sus maletas, d\u00e1ndoles un acabado profesional y pulido.<\/p>\n<h4>Opciones de personalizaci\u00f3n para necesidades \u00fanicas<\/h4>\n<p>En SX sabemos que no hay dos casos iguales. Por eso ofrecemos <strong>Esquinas de bola<\/strong> para satisfacer sus necesidades espec\u00edficas. Tanto si necesita un tama\u00f1o, un acabado o un material exclusivos, SX puede ofrec\u00e9rselos. Esta flexibilidad garantiza que sus maletas se adapten perfectamente a sus requisitos, ofreci\u00e9ndole la tranquilidad de que sus equipos est\u00e1n bien protegidos y en consonancia con la imagen de su marca.<\/p>\n<h4>Construido para durar<\/h4>\n<p>SX <strong>Esquinas de bola<\/strong> est\u00e1n fabricadas con materiales de alta calidad, lo que garantiza que resistan las exigencias del uso frecuente. Cada esquina de bola se somete a rigurosas pruebas para cumplir nuestras estrictas normas de calidad, por lo que puede confiar en que sus fundas estar\u00e1n bien protegidas durante a\u00f1os. Nuestro compromiso con la calidad significa que con SX no s\u00f3lo est\u00e1 comprando un producto, sino que est\u00e1 haciendo una inversi\u00f3n en durabilidad.<\/p>\n<h4>Valor excepcional con precios directos de f\u00e1brica<\/h4>\n<p>Al elegir SX, usted se beneficia de nuestros precios directos de f\u00e1brica, que nos permiten ofrecer alta calidad <strong>Esquinas de bola<\/strong> a precios competitivos. Prescindimos de intermediarios para ofrecerle la mejor relaci\u00f3n calidad-precio posible, sin comprometer la calidad. Proteger sus equipos no tiene por qu\u00e9 ser caro: con SX, es asequible y eficaz.<\/p>\n<h4>P\u00f3ngase en contacto con SX para sus necesidades en materia de rincones de bolas<\/h4>\n<p>Actualice hoy mismo la protecci\u00f3n de sus equipos con SX <strong>Esquinas de bola<\/strong>. P\u00f3ngase en contacto con nosotros para explorar nuestra gama de productos, analizar las opciones de personalizaci\u00f3n o realizar un pedido. En SX, nos comprometemos a ofrecer la m\u00e1xima calidad a los precios m\u00e1s bajos, garantizando que su equipo permanezca seguro y protegido. Conf\u00ede en SX para obtener la protecci\u00f3n que su equipo merece, en todo momento.<\/p>\n<p>P\u00f3ngase en contacto con nosotros:<span style=\"color: #0000ff;\"><a style=\"color: #0000ff;\" href=\"https:\/\/sxpowercase.com\/contact-us\/\">https:\/\/sxpowercase.com\/<\/a><\/span><\/p>\n<p>Cat\u00e1logo de productos de hardware\uff1a<span style=\"color: #3366ff;\"><a style=\"color: #3366ff;\" href=\"https:\/\/sxpowercase.com\/wp-content\/uploads\/2024\/07\/\u4e94\u91d1.pdf\">Cat\u00e1logo de accesorios de ferreter\u00eda<\/a><\/span><\/p>","protected":false},"excerpt":{"rendered":"<div class=\"flex max-w-full flex-col flex-grow\">\n<div class=\"min-h-[20px] text-message flex w-full flex-col items-end gap-2 whitespace-pre-wrap break-words [.text-message+&amp;]:mt-5 overflow-x-auto\" dir=\"auto\" data-message-author-role=\"assistant\" data-message-id=\"1774b494-5ec3-4508-82fb-a8a2af9f1cd3\">\n<div class=\"flex w-full flex-col gap-1 empty:hidden first:pt-[3px]\">\n<div class=\"markdown prose w-full break-words dark:prose-invert light\">\n<h3>SX Ball Corners: Affordable, Factory-Direct Protection<\/h3>\n<p>Get robust protection for your cases with SX Ball Corners. Enjoy high-quality products at factory-direct prices, ensuring top value without extra costs.<\/p>\n<h3>Customizable Ball Corners for All Cases<\/h3>\n<p>SX offers versatile Ball Corners designed to fit any case type. Customize size, finish, or material to perfectly match your equipment and brand\u2019s needs.<\/p>\n<h3>Durable Protection for Every Journey<\/h3>\n<p>Made from high-quality materials, SX Ball Corners are built to withstand frequent use and impact, ensuring your equipment stays safe during transport.<\/p>\n<\/div>\n<\/div>\n<\/div>\n<\/div>\n<div class=\"mt-1 flex gap-3 empty:hidden -ml-2\">\n<div class=\"items-center justify-start rounded-xl p-1 flex\">\n<div class=\"flex items-center\"><\/div>\n<\/div>\n<\/div>\n","protected":false},"featured_media":4075,"comment_status":"open","ping_status":"closed","template":"","meta":[],"product_brand":[],"product_cat":[63],"product_tag":[],"class_list":{"0":"post-4099","1":"product","2":"type-product","3":"status-publish","4":"has-post-thumbnail","6":"product_cat-corners","8":"first","9":"instock","10":"shipping-taxable","11":"product-type-simple"},"yoast_head":"<!-- This site is optimized with the Yoast SEO Premium plugin v27.1 (Yoast SEO v27.2) - https:\/\/yoast.com\/product\/yoast-seo-premium-wordpress\/ -->\n<title>Ball Corners COA103 - https:\/\/sxflightcase.com \ud83d\udc97<\/title>\n<meta name=\"description\" content=\"Ball corners, factory direct! High-quality protection for flight case edges, preventing damage during transport. Durable and reliable for long-lasting equipment safety.\" \/>\n<meta name=\"robots\" content=\"index, follow, max-snippet:-1, max-image-preview:large, max-video-preview:-1\" \/>\n<link rel=\"canonical\" href=\"https:\/\/sxflightcase.com\/es_es\/produkt\/ballecken-coa103-2\/\" \/>\n<meta property=\"og:locale\" content=\"es_ES\" \/>\n<meta property=\"og:type\" content=\"article\" \/>\n<meta property=\"og:title\" content=\"Ball Corners COA103\" \/>\n<meta property=\"og:description\" content=\"Ball corners, factory direct! High-quality protection for flight case edges, preventing damage during transport. Durable and reliable for long-lasting equipment safety.\" \/>\n<meta property=\"og:url\" content=\"https:\/\/sxflightcase.com\/es_es\/produkt\/ballecken-coa103-2\/\" \/>\n<meta property=\"og:site_name\" content=\"https:\/\/sxflightcase.com\" \/>\n<meta property=\"article:publisher\" content=\"https:\/\/www.facebook.com\/profile.php?id=61560407257971\" \/>\n<meta property=\"article:modified_time\" content=\"2024-08-13T07:16:19+00:00\" \/>\n<meta property=\"og:image\" content=\"https:\/\/sxflightcase.com\/wp-content\/uploads\/2024\/08\/COA103.jpg\" \/>\n\t<meta property=\"og:image:width\" content=\"650\" \/>\n\t<meta property=\"og:image:height\" content=\"625\" \/>\n\t<meta property=\"og:image:type\" content=\"image\/jpeg\" \/>\n<meta name=\"twitter:card\" content=\"summary_large_image\" \/>\n<meta name=\"twitter:label1\" content=\"Tiempo de lectura\" \/>\n\t<meta name=\"twitter:data1\" content=\"3 minutos\" \/>\n<script type=\"application\/ld+json\" class=\"yoast-schema-graph\">{\"@context\":\"https:\/\/schema.org\",\"@graph\":[{\"@type\":\"WebPage\",\"@id\":\"https:\/\/sxflightcase.com\/de\/produkt\/ballecken-coa103-2\/\",\"url\":\"https:\/\/sxflightcase.com\/de\/produkt\/ballecken-coa103-2\/\",\"name\":\"Ball Corners COA103 - https:\/\/sxflightcase.com \ud83d\udc97\",\"isPartOf\":{\"@id\":\"https:\/\/sxflightcase.com\/th\/#website\"},\"primaryImageOfPage\":{\"@id\":\"https:\/\/sxflightcase.com\/de\/produkt\/ballecken-coa103-2\/#primaryimage\"},\"image\":{\"@id\":\"https:\/\/sxflightcase.com\/de\/produkt\/ballecken-coa103-2\/#primaryimage\"},\"thumbnailUrl\":\"https:\/\/sxflightcase.com\/wp-content\/uploads\/2024\/08\/COA103.jpg\",\"datePublished\":\"2024-08-13T07:16:18+00:00\",\"dateModified\":\"2024-08-13T07:16:19+00:00\",\"description\":\"Ball corners, factory direct! High-quality protection for flight case edges, preventing damage during transport. Durable and reliable for long-lasting equipment safety.\",\"breadcrumb\":{\"@id\":\"https:\/\/sxflightcase.com\/de\/produkt\/ballecken-coa103-2\/#breadcrumb\"},\"inLanguage\":\"es\",\"potentialAction\":[{\"@type\":\"ReadAction\",\"target\":[\"https:\/\/sxflightcase.com\/de\/produkt\/ballecken-coa103-2\/\"]}]},{\"@type\":\"ImageObject\",\"inLanguage\":\"es\",\"@id\":\"https:\/\/sxflightcase.com\/de\/produkt\/ballecken-coa103-2\/#primaryimage\",\"url\":\"https:\/\/sxflightcase.com\/wp-content\/uploads\/2024\/08\/COA103.jpg\",\"contentUrl\":\"https:\/\/sxflightcase.com\/wp-content\/uploads\/2024\/08\/COA103.jpg\",\"width\":650,\"height\":625,\"caption\":\"Ball Corners\"},{\"@type\":\"BreadcrumbList\",\"@id\":\"https:\/\/sxflightcase.com\/de\/produkt\/ballecken-coa103-2\/#breadcrumb\",\"itemListElement\":[{\"@type\":\"ListItem\",\"position\":1,\"name\":\"Home\",\"item\":\"https:\/\/sxflightcase.com\/\"},{\"@type\":\"ListItem\",\"position\":2,\"name\":\"\u0e2a\u0e34\u0e19\u0e04\u0e49\u0e32\",\"item\":\"https:\/\/sxflightcase.com\/th\/shop\/\"},{\"@type\":\"ListItem\",\"position\":3,\"name\":\"Ball Corners COA103\"}]},{\"@type\":\"WebSite\",\"@id\":\"https:\/\/sxflightcase.com\/th\/#website\",\"url\":\"https:\/\/sxflightcase.com\/th\/\",\"name\":\"sxpowercase.com\",\"description\":\"Flight Case Factory\",\"publisher\":{\"@id\":\"https:\/\/sxflightcase.com\/th\/#organization\"},\"potentialAction\":[{\"@type\":\"SearchAction\",\"target\":{\"@type\":\"EntryPoint\",\"urlTemplate\":\"https:\/\/sxflightcase.com\/th\/?s={search_term_string}\"},\"query-input\":{\"@type\":\"PropertyValueSpecification\",\"valueRequired\":true,\"valueName\":\"search_term_string\"}}],\"inLanguage\":\"es\"},{\"@type\":\"Organization\",\"@id\":\"https:\/\/sxflightcase.com\/th\/#organization\",\"name\":\"sxpowercase.com\",\"url\":\"https:\/\/sxflightcase.com\/th\/\",\"logo\":{\"@type\":\"ImageObject\",\"inLanguage\":\"es\",\"@id\":\"https:\/\/sxflightcase.com\/th\/#\/schema\/logo\/image\/\",\"url\":\"https:\/\/sxflightcase.com\/wp-content\/uploads\/2024\/04\/1713919036007.jpg\",\"contentUrl\":\"https:\/\/sxflightcase.com\/wp-content\/uploads\/2024\/04\/1713919036007.jpg\",\"width\":382,\"height\":388,\"caption\":\"sxpowercase.com\"},\"image\":{\"@id\":\"https:\/\/sxflightcase.com\/th\/#\/schema\/logo\/image\/\"},\"sameAs\":[\"https:\/\/www.facebook.com\/profile.php?id=61560407257971\"],\"numberOfEmployees\":{\"@type\":\"QuantitativeValue\",\"minValue\":\"11\",\"maxValue\":\"50\"}}]}<\/script>\n<!-- \/ Yoast SEO Premium plugin. -->","yoast_head_json":{"title":"Ball Corners COA103 - https:\/\/sxflightcase.com \ud83d\udc97","description":"Esquinas esf\u00e9ricas, \u00a1directas de f\u00e1brica! Protecci\u00f3n de alta calidad para los bordes de la flight case, que evita da\u00f1os durante el transporte. Duraderas y fiables para una seguridad duradera del equipo.","robots":{"index":"index","follow":"follow","max-snippet":"max-snippet:-1","max-image-preview":"max-image-preview:large","max-video-preview":"max-video-preview:-1"},"canonical":"https:\/\/sxflightcase.com\/es_es\/produkt\/ballecken-coa103-2\/","og_locale":"es_ES","og_type":"article","og_title":"Ball Corners COA103","og_description":"Ball corners, factory direct! High-quality protection for flight case edges, preventing damage during transport. Durable and reliable for long-lasting equipment safety.","og_url":"https:\/\/sxflightcase.com\/es_es\/produkt\/ballecken-coa103-2\/","og_site_name":"https:\/\/sxflightcase.com","article_publisher":"https:\/\/www.facebook.com\/profile.php?id=61560407257971","article_modified_time":"2024-08-13T07:16:19+00:00","og_image":[{"width":650,"height":625,"url":"https:\/\/sxflightcase.com\/wp-content\/uploads\/2024\/08\/COA103.jpg","type":"image\/jpeg"}],"twitter_card":"summary_large_image","twitter_misc":{"Tiempo de lectura":"3 minutos"},"schema":{"@context":"https:\/\/schema.org","@graph":[{"@type":"WebPage","@id":"https:\/\/sxflightcase.com\/de\/produkt\/ballecken-coa103-2\/","url":"https:\/\/sxflightcase.com\/de\/produkt\/ballecken-coa103-2\/","name":"Ball Corners COA103 - https:\/\/sxflightcase.com \ud83d\udc97","isPartOf":{"@id":"https:\/\/sxflightcase.com\/th\/#website"},"primaryImageOfPage":{"@id":"https:\/\/sxflightcase.com\/de\/produkt\/ballecken-coa103-2\/#primaryimage"},"image":{"@id":"https:\/\/sxflightcase.com\/de\/produkt\/ballecken-coa103-2\/#primaryimage"},"thumbnailUrl":"https:\/\/sxflightcase.com\/wp-content\/uploads\/2024\/08\/COA103.jpg","datePublished":"2024-08-13T07:16:18+00:00","dateModified":"2024-08-13T07:16:19+00:00","description":"Esquinas esf\u00e9ricas, \u00a1directas de f\u00e1brica! Protecci\u00f3n de alta calidad para los bordes de la flight case, que evita da\u00f1os durante el transporte. Duraderas y fiables para una seguridad duradera del equipo.","breadcrumb":{"@id":"https:\/\/sxflightcase.com\/de\/produkt\/ballecken-coa103-2\/#breadcrumb"},"inLanguage":"es","potentialAction":[{"@type":"ReadAction","target":["https:\/\/sxflightcase.com\/de\/produkt\/ballecken-coa103-2\/"]}]},{"@type":"ImageObject","inLanguage":"es","@id":"https:\/\/sxflightcase.com\/de\/produkt\/ballecken-coa103-2\/#primaryimage","url":"https:\/\/sxflightcase.com\/wp-content\/uploads\/2024\/08\/COA103.jpg","contentUrl":"https:\/\/sxflightcase.com\/wp-content\/uploads\/2024\/08\/COA103.jpg","width":650,"height":625,"caption":"Ball Corners"},{"@type":"BreadcrumbList","@id":"https:\/\/sxflightcase.com\/de\/produkt\/ballecken-coa103-2\/#breadcrumb","itemListElement":[{"@type":"ListItem","position":1,"name":"Home","item":"https:\/\/sxflightcase.com\/"},{"@type":"ListItem","position":2,"name":"\u0e2a\u0e34\u0e19\u0e04\u0e49\u0e32","item":"https:\/\/sxflightcase.com\/th\/shop\/"},{"@type":"ListItem","position":3,"name":"Ball Corners COA103"}]},{"@type":"WebSite","@id":"https:\/\/sxflightcase.com\/th\/#website","url":"https:\/\/sxflightcase.com\/th\/","name":"es.sxpowercase.com","description":"F\u00e1brica de flightcases","publisher":{"@id":"https:\/\/sxflightcase.com\/th\/#organization"},"potentialAction":[{"@type":"SearchAction","target":{"@type":"EntryPoint","urlTemplate":"https:\/\/sxflightcase.com\/th\/?s={search_term_string}"},"query-input":{"@type":"PropertyValueSpecification","valueRequired":true,"valueName":"search_term_string"}}],"inLanguage":"es"},{"@type":"Organization","@id":"https:\/\/sxflightcase.com\/th\/#organization","name":"es.sxpowercase.com","url":"https:\/\/sxflightcase.com\/th\/","logo":{"@type":"ImageObject","inLanguage":"es","@id":"https:\/\/sxflightcase.com\/th\/#\/schema\/logo\/image\/","url":"https:\/\/sxflightcase.com\/wp-content\/uploads\/2024\/04\/1713919036007.jpg","contentUrl":"https:\/\/sxflightcase.com\/wp-content\/uploads\/2024\/04\/1713919036007.jpg","width":382,"height":388,"caption":"sxpowercase.com"},"image":{"@id":"https:\/\/sxflightcase.com\/th\/#\/schema\/logo\/image\/"},"sameAs":["https:\/\/www.facebook.com\/profile.php?id=61560407257971"],"numberOfEmployees":{"@type":"QuantitativeValue","minValue":"11","maxValue":"50"}}]}},"_links":{"self":[{"href":"https:\/\/sxflightcase.com\/es_es\/wp-json\/wp\/v2\/product\/4099","targetHints":{"allow":["GET"]}}],"collection":[{"href":"https:\/\/sxflightcase.com\/es_es\/wp-json\/wp\/v2\/product"}],"about":[{"href":"https:\/\/sxflightcase.com\/es_es\/wp-json\/wp\/v2\/types\/product"}],"replies":[{"embeddable":true,"href":"https:\/\/sxflightcase.com\/es_es\/wp-json\/wp\/v2\/comments?post=4099"}],"version-history":[{"count":0,"href":"https:\/\/sxflightcase.com\/es_es\/wp-json\/wp\/v2\/product\/4099\/revisions"}],"wp:featuredmedia":[{"embeddable":true,"href":"https:\/\/sxflightcase.com\/es_es\/wp-json\/wp\/v2\/media\/4075"}],"wp:attachment":[{"href":"https:\/\/sxflightcase.com\/es_es\/wp-json\/wp\/v2\/media?parent=4099"}],"wp:term":[{"taxonomy":"product_brand","embeddable":true,"href":"https:\/\/sxflightcase.com\/es_es\/wp-json\/wp\/v2\/product_brand?post=4099"},{"taxonomy":"product_cat","embeddable":true,"href":"https:\/\/sxflightcase.com\/es_es\/wp-json\/wp\/v2\/product_cat?post=4099"},{"taxonomy":"product_tag","embeddable":true,"href":"https:\/\/sxflightcase.com\/es_es\/wp-json\/wp\/v2\/product_tag?post=4099"}],"curies":[{"name":"wp","href":"https:\/\/api.w.org\/{rel}","templated":true}]}}