{"id":4100,"date":"2024-08-13T08:18:35","date_gmt":"2024-08-13T07:18:35","guid":{"rendered":"https:\/\/sxpowercase.com\/?post_type=product&#038;p=4100"},"modified":"2024-08-13T08:18:36","modified_gmt":"2024-08-13T07:18:36","slug":"ball-corners-coa104","status":"publish","type":"product","link":"https:\/\/sxflightcase.com\/es_es\/producto\/esquinas-de-bola-coa104-2\/","title":{"rendered":"Esquinas de bola COA104"},"content":{"rendered":"<h3>Esquinas de bola SX: Protecci\u00f3n fiable para sus fundas<\/h3>\n<h4>Protecci\u00f3n de alta calidad a precios directos de f\u00e1brica<\/h4>\n<p>Cuando se trata de proteger sus equipos, SX <strong>Esquinas de bola<\/strong> son la elecci\u00f3n perfecta para garantizar durabilidad y fiabilidad. Ofrecemos estos componentes esenciales a precios directos de f\u00e1brica, lo que le permite proteger su equipo sin gastar de m\u00e1s. SX se compromete a ofrecer soluciones rentables y de alta calidad para todas sus necesidades de protecci\u00f3n de maletas.<\/p>\n<h4>Durabilidad en la que puede confiar<\/h4>\n<p><a href=\"https:\/\/sxpowercase.com\/\" target=\"_blank\" rel=\"noopener\" title=\"SX\" data-wpil-monitor-id=\"657\">SX<\/a> <strong>Esquinas de bola<\/strong> est\u00e1n dise\u00f1adas para soportar los rigores del transporte y la manipulaci\u00f3n. Tanto si sus maletas est\u00e1n en la carretera como almacenadas, nuestras esquinas esf\u00e9ricas est\u00e1n dise\u00f1adas para absorber impactos y evitar da\u00f1os. Al reforzar las esquinas de sus maletas, SX contribuye a prolongar su vida \u00fatil, garantizando la protecci\u00f3n de su inversi\u00f3n.<\/p>\n<h4>Ideal para una amplia gama de casos<\/h4>\n<p>Nuestra <strong>Esquinas de bola<\/strong> son vers\u00e1tiles y se pueden utilizar en varios tipos de maletas, como flight cases, maletas de carretera y maletas para equipos. Est\u00e1n dise\u00f1ados para una instalaci\u00f3n sencilla, lo que le permite mejorar r\u00e1pidamente la durabilidad y el aspecto de sus maletas. Con SX, puede estar seguro de que su equipo est\u00e1 protegido, vaya donde vaya.<\/p>\n<h4>Soluciones personalizadas para necesidades \u00fanicas<\/h4>\n<p>En SX somos conscientes de que cada caso tiene unos requisitos distintos. Por eso ofrecemos opciones de personalizaci\u00f3n para nuestros <strong>Esquinas de bola<\/strong>. Tanto si necesita un tama\u00f1o, material o acabado espec\u00edficos, SX puede ofrecerle la soluci\u00f3n perfecta para satisfacer sus necesidades. Nuestras opciones personalizadas garantizan que sus maletas no solo est\u00e9n protegidas, sino que tambi\u00e9n se ajusten a sus preferencias est\u00e9ticas espec\u00edficas.<\/p>\n<h4>Construido para durar<\/h4>\n<p>Fabricado con materiales de primera calidad, SX <strong>Esquinas de bola<\/strong> est\u00e1n fabricados para durar. Probamos rigurosamente cada producto para asegurarnos de que cumple nuestros elevados est\u00e1ndares de resistencia y durabilidad. Cuando elige SX, est\u00e1 eligiendo un producto que soportar\u00e1 las exigencias del uso frecuente, proporcionando una protecci\u00f3n duradera para sus maletas.<\/p>\n<h4>Asequible y confiable<\/h4>\n<p>Ofertas SX <strong>Esquinas de bola<\/strong> a precios competitivos, directamente de nuestra f\u00e1brica a usted. Al eliminar a los intermediarios, podemos mantener los costes bajos sin renunciar a los m\u00e1s altos niveles de calidad. Esto significa que obtendr\u00e1 la mejor relaci\u00f3n calidad-precio, protegiendo sus maletas sin arruinarse.<\/p>\n<h4>Contacte con SX hoy<\/h4>\n<p>Si busca mejorar la protecci\u00f3n de sus fundas con un material duradero y asequible <strong>Esquinas de bola<\/strong>SX tiene todo lo que necesita. P\u00f3ngase en contacto con nosotros para obtener m\u00e1s informaci\u00f3n sobre nuestra oferta de productos, opciones de personalizaci\u00f3n y para realizar su pedido. Con SX, puede confiar en que su equipo est\u00e1 en buenas manos, protegido por componentes de alta calidad dise\u00f1ados para durar.<\/p>\n<p>P\u00f3ngase en contacto con nosotros:<span style=\"color: #0000ff;\"><a style=\"color: #0000ff;\" href=\"https:\/\/sxpowercase.com\/contact-us\/\">https:\/\/sxpowercase.com\/<\/a><\/span><\/p>\n<p>Cat\u00e1logo de productos de hardware\uff1a<span style=\"color: #3366ff;\"><a style=\"color: #3366ff;\" href=\"https:\/\/sxpowercase.com\/wp-content\/uploads\/2024\/07\/\u4e94\u91d1.pdf\">Cat\u00e1logo de accesorios de ferreter\u00eda<\/a><\/span><\/p>","protected":false},"excerpt":{"rendered":"<div class=\"flex max-w-full flex-col flex-grow\">\n<div class=\"min-h-[20px] text-message flex w-full flex-col items-end gap-2 whitespace-pre-wrap break-words [.text-message+&amp;]:mt-5 overflow-x-auto\" dir=\"auto\" data-message-author-role=\"assistant\" data-message-id=\"1774b494-5ec3-4508-82fb-a8a2af9f1cd3\">\n<div class=\"flex w-full flex-col gap-1 empty:hidden first:pt-[3px]\">\n<div class=\"markdown prose w-full break-words dark:prose-invert light\">\n<h3>SX Ball Corners: Affordable, Factory-Direct Protection<\/h3>\n<p>Get robust protection for your cases with SX Ball Corners. Enjoy high-quality products at factory-direct prices, ensuring top value without extra costs.<\/p>\n<h3>Customizable Ball Corners for All Cases<\/h3>\n<p>SX offers versatile Ball Corners designed to fit any case type. Customize size, finish, or material to perfectly match your equipment and brand\u2019s needs.<\/p>\n<h3>Durable Protection for Every Journey<\/h3>\n<p>Made from high-quality materials, SX Ball Corners are built to withstand frequent use and impact, ensuring your equipment stays safe during transport.<\/p>\n<\/div>\n<\/div>\n<\/div>\n<\/div>\n<div class=\"mt-1 flex gap-3 empty:hidden -ml-2\">\n<div class=\"items-center justify-start rounded-xl p-1 flex\">\n<div class=\"flex items-center\"><\/div>\n<\/div>\n<\/div>\n","protected":false},"featured_media":4076,"comment_status":"open","ping_status":"closed","template":"","meta":[],"product_brand":[],"product_cat":[63],"product_tag":[],"class_list":{"0":"post-4100","1":"product","2":"type-product","3":"status-publish","4":"has-post-thumbnail","6":"product_cat-corners","8":"first","9":"instock","10":"shipping-taxable","11":"product-type-simple"},"yoast_head":"<!-- This site is optimized with the Yoast SEO Premium plugin v27.1 (Yoast SEO v27.2) - https:\/\/yoast.com\/product\/yoast-seo-premium-wordpress\/ -->\n<title>Ball Corners COA104 - https:\/\/sxflightcase.com \ud83d\udc97<\/title>\n<meta name=\"description\" content=\"Ball corners, factory direct! High-quality protection for flight case edges, preventing damage during transport. Durable and reliable for long-lasting equipment safety.\" \/>\n<meta name=\"robots\" content=\"index, follow, max-snippet:-1, max-image-preview:large, max-video-preview:-1\" \/>\n<link rel=\"canonical\" href=\"https:\/\/sxflightcase.com\/es_es\/\u0e1c\u0e25\u0e34\u0e15\u0e20\u0e31\u0e13\u0e11\u0e4c\/ball-corners-coa104\/\" \/>\n<meta property=\"og:locale\" content=\"es_ES\" \/>\n<meta property=\"og:type\" content=\"article\" \/>\n<meta property=\"og:title\" content=\"Ball Corners COA104\" \/>\n<meta property=\"og:description\" content=\"Ball corners, factory direct! High-quality protection for flight case edges, preventing damage during transport. Durable and reliable for long-lasting equipment safety.\" \/>\n<meta property=\"og:url\" content=\"https:\/\/sxflightcase.com\/es_es\/\u0e1c\u0e25\u0e34\u0e15\u0e20\u0e31\u0e13\u0e11\u0e4c\/ball-corners-coa104\/\" \/>\n<meta property=\"og:site_name\" content=\"https:\/\/sxflightcase.com\" \/>\n<meta property=\"article:publisher\" content=\"https:\/\/www.facebook.com\/profile.php?id=61560407257971\" \/>\n<meta property=\"article:modified_time\" content=\"2024-08-13T07:18:36+00:00\" \/>\n<meta property=\"og:image\" content=\"https:\/\/sxflightcase.com\/wp-content\/uploads\/2024\/08\/COA104.jpg\" \/>\n\t<meta property=\"og:image:width\" content=\"520\" \/>\n\t<meta property=\"og:image:height\" content=\"520\" \/>\n\t<meta property=\"og:image:type\" content=\"image\/jpeg\" \/>\n<meta name=\"twitter:card\" content=\"summary_large_image\" \/>\n<meta name=\"twitter:label1\" content=\"Tiempo de lectura\" \/>\n\t<meta name=\"twitter:data1\" content=\"3 minutos\" \/>\n<script type=\"application\/ld+json\" class=\"yoast-schema-graph\">{\"@context\":\"https:\/\/schema.org\",\"@graph\":[{\"@type\":\"WebPage\",\"@id\":\"https:\/\/sxflightcase.com\/th\/\u0e1c\u0e25\u0e34\u0e15\u0e20\u0e31\u0e13\u0e11\u0e4c\/ball-corners-coa104\/\",\"url\":\"https:\/\/sxflightcase.com\/th\/\u0e1c\u0e25\u0e34\u0e15\u0e20\u0e31\u0e13\u0e11\u0e4c\/ball-corners-coa104\/\",\"name\":\"Ball Corners COA104 - https:\/\/sxflightcase.com \ud83d\udc97\",\"isPartOf\":{\"@id\":\"https:\/\/sxflightcase.com\/th\/#website\"},\"primaryImageOfPage\":{\"@id\":\"https:\/\/sxflightcase.com\/th\/\u0e1c\u0e25\u0e34\u0e15\u0e20\u0e31\u0e13\u0e11\u0e4c\/ball-corners-coa104\/#primaryimage\"},\"image\":{\"@id\":\"https:\/\/sxflightcase.com\/th\/\u0e1c\u0e25\u0e34\u0e15\u0e20\u0e31\u0e13\u0e11\u0e4c\/ball-corners-coa104\/#primaryimage\"},\"thumbnailUrl\":\"https:\/\/sxflightcase.com\/wp-content\/uploads\/2024\/08\/COA104.jpg\",\"datePublished\":\"2024-08-13T07:18:35+00:00\",\"dateModified\":\"2024-08-13T07:18:36+00:00\",\"description\":\"Ball corners, factory direct! High-quality protection for flight case edges, preventing damage during transport. Durable and reliable for long-lasting equipment safety.\",\"breadcrumb\":{\"@id\":\"https:\/\/sxflightcase.com\/th\/\u0e1c\u0e25\u0e34\u0e15\u0e20\u0e31\u0e13\u0e11\u0e4c\/ball-corners-coa104\/#breadcrumb\"},\"inLanguage\":\"es\",\"potentialAction\":[{\"@type\":\"ReadAction\",\"target\":[\"https:\/\/sxflightcase.com\/th\/\u0e1c\u0e25\u0e34\u0e15\u0e20\u0e31\u0e13\u0e11\u0e4c\/ball-corners-coa104\/\"]}]},{\"@type\":\"ImageObject\",\"inLanguage\":\"es\",\"@id\":\"https:\/\/sxflightcase.com\/th\/\u0e1c\u0e25\u0e34\u0e15\u0e20\u0e31\u0e13\u0e11\u0e4c\/ball-corners-coa104\/#primaryimage\",\"url\":\"https:\/\/sxflightcase.com\/wp-content\/uploads\/2024\/08\/COA104.jpg\",\"contentUrl\":\"https:\/\/sxflightcase.com\/wp-content\/uploads\/2024\/08\/COA104.jpg\",\"width\":520,\"height\":520,\"caption\":\"Ball Corners\"},{\"@type\":\"BreadcrumbList\",\"@id\":\"https:\/\/sxflightcase.com\/th\/\u0e1c\u0e25\u0e34\u0e15\u0e20\u0e31\u0e13\u0e11\u0e4c\/ball-corners-coa104\/#breadcrumb\",\"itemListElement\":[{\"@type\":\"ListItem\",\"position\":1,\"name\":\"Home\",\"item\":\"https:\/\/sxflightcase.com\/\"},{\"@type\":\"ListItem\",\"position\":2,\"name\":\"\u0e2a\u0e34\u0e19\u0e04\u0e49\u0e32\",\"item\":\"https:\/\/sxflightcase.com\/th\/shop\/\"},{\"@type\":\"ListItem\",\"position\":3,\"name\":\"Ball Corners COA104\"}]},{\"@type\":\"WebSite\",\"@id\":\"https:\/\/sxflightcase.com\/th\/#website\",\"url\":\"https:\/\/sxflightcase.com\/th\/\",\"name\":\"sxpowercase.com\",\"description\":\"Flight Case Factory\",\"publisher\":{\"@id\":\"https:\/\/sxflightcase.com\/th\/#organization\"},\"potentialAction\":[{\"@type\":\"SearchAction\",\"target\":{\"@type\":\"EntryPoint\",\"urlTemplate\":\"https:\/\/sxflightcase.com\/th\/?s={search_term_string}\"},\"query-input\":{\"@type\":\"PropertyValueSpecification\",\"valueRequired\":true,\"valueName\":\"search_term_string\"}}],\"inLanguage\":\"es\"},{\"@type\":\"Organization\",\"@id\":\"https:\/\/sxflightcase.com\/th\/#organization\",\"name\":\"sxpowercase.com\",\"url\":\"https:\/\/sxflightcase.com\/th\/\",\"logo\":{\"@type\":\"ImageObject\",\"inLanguage\":\"es\",\"@id\":\"https:\/\/sxflightcase.com\/th\/#\/schema\/logo\/image\/\",\"url\":\"https:\/\/sxflightcase.com\/wp-content\/uploads\/2024\/04\/1713919036007.jpg\",\"contentUrl\":\"https:\/\/sxflightcase.com\/wp-content\/uploads\/2024\/04\/1713919036007.jpg\",\"width\":382,\"height\":388,\"caption\":\"sxpowercase.com\"},\"image\":{\"@id\":\"https:\/\/sxflightcase.com\/th\/#\/schema\/logo\/image\/\"},\"sameAs\":[\"https:\/\/www.facebook.com\/profile.php?id=61560407257971\"],\"numberOfEmployees\":{\"@type\":\"QuantitativeValue\",\"minValue\":\"11\",\"maxValue\":\"50\"}}]}<\/script>\n<!-- \/ Yoast SEO Premium plugin. -->","yoast_head_json":{"title":"Ball Corners COA104 - https:\/\/sxflightcase.com \ud83d\udc97","description":"Esquinas esf\u00e9ricas, \u00a1directas de f\u00e1brica! Protecci\u00f3n de alta calidad para los bordes de la flight case, que evita da\u00f1os durante el transporte. Duraderas y fiables para una seguridad duradera del equipo.","robots":{"index":"index","follow":"follow","max-snippet":"max-snippet:-1","max-image-preview":"max-image-preview:large","max-video-preview":"max-video-preview:-1"},"canonical":"https:\/\/sxflightcase.com\/es_es\/\u0e1c\u0e25\u0e34\u0e15\u0e20\u0e31\u0e13\u0e11\u0e4c\/ball-corners-coa104\/","og_locale":"es_ES","og_type":"article","og_title":"Ball Corners COA104","og_description":"Ball corners, factory direct! High-quality protection for flight case edges, preventing damage during transport. Durable and reliable for long-lasting equipment safety.","og_url":"https:\/\/sxflightcase.com\/es_es\/\u0e1c\u0e25\u0e34\u0e15\u0e20\u0e31\u0e13\u0e11\u0e4c\/ball-corners-coa104\/","og_site_name":"https:\/\/sxflightcase.com","article_publisher":"https:\/\/www.facebook.com\/profile.php?id=61560407257971","article_modified_time":"2024-08-13T07:18:36+00:00","og_image":[{"width":520,"height":520,"url":"https:\/\/sxflightcase.com\/wp-content\/uploads\/2024\/08\/COA104.jpg","type":"image\/jpeg"}],"twitter_card":"summary_large_image","twitter_misc":{"Tiempo de lectura":"3 minutos"},"schema":{"@context":"https:\/\/schema.org","@graph":[{"@type":"WebPage","@id":"https:\/\/sxflightcase.com\/th\/\u0e1c\u0e25\u0e34\u0e15\u0e20\u0e31\u0e13\u0e11\u0e4c\/ball-corners-coa104\/","url":"https:\/\/sxflightcase.com\/th\/\u0e1c\u0e25\u0e34\u0e15\u0e20\u0e31\u0e13\u0e11\u0e4c\/ball-corners-coa104\/","name":"Ball Corners COA104 - https:\/\/sxflightcase.com \ud83d\udc97","isPartOf":{"@id":"https:\/\/sxflightcase.com\/th\/#website"},"primaryImageOfPage":{"@id":"https:\/\/sxflightcase.com\/th\/\u0e1c\u0e25\u0e34\u0e15\u0e20\u0e31\u0e13\u0e11\u0e4c\/ball-corners-coa104\/#primaryimage"},"image":{"@id":"https:\/\/sxflightcase.com\/th\/\u0e1c\u0e25\u0e34\u0e15\u0e20\u0e31\u0e13\u0e11\u0e4c\/ball-corners-coa104\/#primaryimage"},"thumbnailUrl":"https:\/\/sxflightcase.com\/wp-content\/uploads\/2024\/08\/COA104.jpg","datePublished":"2024-08-13T07:18:35+00:00","dateModified":"2024-08-13T07:18:36+00:00","description":"Esquinas esf\u00e9ricas, \u00a1directas de f\u00e1brica! Protecci\u00f3n de alta calidad para los bordes de la flight case, que evita da\u00f1os durante el transporte. Duraderas y fiables para una seguridad duradera del equipo.","breadcrumb":{"@id":"https:\/\/sxflightcase.com\/th\/\u0e1c\u0e25\u0e34\u0e15\u0e20\u0e31\u0e13\u0e11\u0e4c\/ball-corners-coa104\/#breadcrumb"},"inLanguage":"es","potentialAction":[{"@type":"ReadAction","target":["https:\/\/sxflightcase.com\/th\/\u0e1c\u0e25\u0e34\u0e15\u0e20\u0e31\u0e13\u0e11\u0e4c\/ball-corners-coa104\/"]}]},{"@type":"ImageObject","inLanguage":"es","@id":"https:\/\/sxflightcase.com\/th\/\u0e1c\u0e25\u0e34\u0e15\u0e20\u0e31\u0e13\u0e11\u0e4c\/ball-corners-coa104\/#primaryimage","url":"https:\/\/sxflightcase.com\/wp-content\/uploads\/2024\/08\/COA104.jpg","contentUrl":"https:\/\/sxflightcase.com\/wp-content\/uploads\/2024\/08\/COA104.jpg","width":520,"height":520,"caption":"Ball Corners"},{"@type":"BreadcrumbList","@id":"https:\/\/sxflightcase.com\/th\/\u0e1c\u0e25\u0e34\u0e15\u0e20\u0e31\u0e13\u0e11\u0e4c\/ball-corners-coa104\/#breadcrumb","itemListElement":[{"@type":"ListItem","position":1,"name":"Home","item":"https:\/\/sxflightcase.com\/"},{"@type":"ListItem","position":2,"name":"\u0e2a\u0e34\u0e19\u0e04\u0e49\u0e32","item":"https:\/\/sxflightcase.com\/th\/shop\/"},{"@type":"ListItem","position":3,"name":"Ball Corners COA104"}]},{"@type":"WebSite","@id":"https:\/\/sxflightcase.com\/th\/#website","url":"https:\/\/sxflightcase.com\/th\/","name":"es.sxpowercase.com","description":"F\u00e1brica de flightcases","publisher":{"@id":"https:\/\/sxflightcase.com\/th\/#organization"},"potentialAction":[{"@type":"SearchAction","target":{"@type":"EntryPoint","urlTemplate":"https:\/\/sxflightcase.com\/th\/?s={search_term_string}"},"query-input":{"@type":"PropertyValueSpecification","valueRequired":true,"valueName":"search_term_string"}}],"inLanguage":"es"},{"@type":"Organization","@id":"https:\/\/sxflightcase.com\/th\/#organization","name":"es.sxpowercase.com","url":"https:\/\/sxflightcase.com\/th\/","logo":{"@type":"ImageObject","inLanguage":"es","@id":"https:\/\/sxflightcase.com\/th\/#\/schema\/logo\/image\/","url":"https:\/\/sxflightcase.com\/wp-content\/uploads\/2024\/04\/1713919036007.jpg","contentUrl":"https:\/\/sxflightcase.com\/wp-content\/uploads\/2024\/04\/1713919036007.jpg","width":382,"height":388,"caption":"sxpowercase.com"},"image":{"@id":"https:\/\/sxflightcase.com\/th\/#\/schema\/logo\/image\/"},"sameAs":["https:\/\/www.facebook.com\/profile.php?id=61560407257971"],"numberOfEmployees":{"@type":"QuantitativeValue","minValue":"11","maxValue":"50"}}]}},"_links":{"self":[{"href":"https:\/\/sxflightcase.com\/es_es\/wp-json\/wp\/v2\/product\/4100","targetHints":{"allow":["GET"]}}],"collection":[{"href":"https:\/\/sxflightcase.com\/es_es\/wp-json\/wp\/v2\/product"}],"about":[{"href":"https:\/\/sxflightcase.com\/es_es\/wp-json\/wp\/v2\/types\/product"}],"replies":[{"embeddable":true,"href":"https:\/\/sxflightcase.com\/es_es\/wp-json\/wp\/v2\/comments?post=4100"}],"version-history":[{"count":0,"href":"https:\/\/sxflightcase.com\/es_es\/wp-json\/wp\/v2\/product\/4100\/revisions"}],"wp:featuredmedia":[{"embeddable":true,"href":"https:\/\/sxflightcase.com\/es_es\/wp-json\/wp\/v2\/media\/4076"}],"wp:attachment":[{"href":"https:\/\/sxflightcase.com\/es_es\/wp-json\/wp\/v2\/media?parent=4100"}],"wp:term":[{"taxonomy":"product_brand","embeddable":true,"href":"https:\/\/sxflightcase.com\/es_es\/wp-json\/wp\/v2\/product_brand?post=4100"},{"taxonomy":"product_cat","embeddable":true,"href":"https:\/\/sxflightcase.com\/es_es\/wp-json\/wp\/v2\/product_cat?post=4100"},{"taxonomy":"product_tag","embeddable":true,"href":"https:\/\/sxflightcase.com\/es_es\/wp-json\/wp\/v2\/product_tag?post=4100"}],"curies":[{"name":"wp","href":"https:\/\/api.w.org\/{rel}","templated":true}]}}