{"id":4124,"date":"2024-08-15T08:08:32","date_gmt":"2024-08-15T07:08:32","guid":{"rendered":"https:\/\/sxpowercase.com\/?post_type=product&#038;p=4124"},"modified":"2024-08-15T08:08:33","modified_gmt":"2024-08-15T07:08:33","slug":"flight-case-corners-coa202","status":"publish","type":"product","link":"https:\/\/sxflightcase.com\/es_es\/producto\/flight-case-esquinas-coa202-2\/","title":{"rendered":"Esquinas para Flight Case COA202"},"content":{"rendered":"<h3>Protecci\u00f3n fiable con SX Flight Case Corners<\/h3>\n<h4>La defensa definitiva para su equipo<\/h4>\n<p>Cuando se transporta equipo valioso, se necesita una protecci\u00f3n s\u00f3lida. SX <strong>Flight Case Esquinas<\/strong> ofrecen un blindaje duradero que mantiene su equipo a salvo de golpes y manipulaciones bruscas. Dise\u00f1adas para ofrecer resistencia y fiabilidad, estas esquinas garantizan que sus maletas resistan un uso constante sin perder calidad. Adem\u00e1s, con los precios directos de f\u00e1brica de SX, obtendr\u00e1 un rendimiento de gama alta a un coste inferior.<\/p>\n<h4>Dise\u00f1ado para entornos dif\u00edciles<\/h4>\n<p><a href=\"https:\/\/sxpowercase.com\/\" target=\"_blank\" rel=\"noopener\" title=\"SX\" data-wpil-monitor-id=\"668\">SX<\/a> <strong>Flight Case Esquinas<\/strong> est\u00e1n fabricadas con materiales de primera calidad para durar incluso en las condiciones m\u00e1s duras. Tanto si est\u00e1 de gira como si env\u00eda equipos delicados, estas esquinas ofrecen una protecci\u00f3n reforzada. Nuestro enfoque en la calidad garantiza un producto fiable a un precio asequible, ayud\u00e1ndole a reducir los costes totales a largo plazo.<\/p>\n<h4>Instalaci\u00f3n sin fisuras para todos los casos<\/h4>\n<p>SX <strong>Flight Case Esquinas<\/strong> est\u00e1n dise\u00f1adas para una f\u00e1cil instalaci\u00f3n y un ajuste preciso, por lo que son adecuadas para cualquier tipo de caja. Nuestras esquinas son vers\u00e1tiles y f\u00e1ciles de usar, tanto si est\u00e1 actualizando una maleta antigua como si est\u00e1 construyendo una nueva. Al elegir SX, se asegura una mayor durabilidad y un acabado atractivo sin gastar de m\u00e1s.<\/p>\n<h4>Soluciones personalizadas para sus necesidades<\/h4>\n<p>Cada caso tiene sus requisitos particulares, y SX ofrece opciones personalizables para nuestros <strong>Flight Case Esquinas<\/strong>. Tanto si necesita diferentes tama\u00f1os, formas o acabados, nuestras esquinas se adaptan a sus necesidades espec\u00edficas. Con SX, obtendr\u00e1 soluciones a medida a precios que se ajustan a su presupuesto.<\/p>\n<h4>Calidad sin concesiones a bajo precio<\/h4>\n<p>SX combina unos est\u00e1ndares de fabricaci\u00f3n de primera categor\u00eda con unos precios rentables, proporcion\u00e1ndole <strong>Flight Case Esquinas<\/strong> que no comprometen la calidad. Gracias a nuestro enfoque directo de f\u00e1brica, obtendr\u00e1 componentes duraderos a precios asequibles. Tanto si necesita un \u00fanico pedido como grandes cantidades, SX le ofrece la combinaci\u00f3n perfecta de calidad y asequibilidad.<\/p>\n<h4>Profesionales de todo el mundo conf\u00edan en nosotros<\/h4>\n<p>Los profesionales del sector conf\u00edan en SX por su fiabilidad y robustez. <strong>Flight Case Esquinas<\/strong>. Tanto si se trata de proteger equipos audiovisuales delicados, instalaciones de iluminaci\u00f3n u otras herramientas valiosas, nuestras esquinas ofrecen una larga durabilidad. SX es la elecci\u00f3n de confianza cuando se necesita una protecci\u00f3n de equipos fiable y econ\u00f3mica.<\/p>\n<h4>Conecte con SX para obtener soluciones personalizadas<\/h4>\n<p>Busca un producto duradero y asequible <strong>Flight Case Corner<\/strong>? P\u00f3ngase en contacto con SX hoy mismo para descubrir nuestra amplia gama de opciones personalizables y precios competitivos. Como marca comprometida con la calidad y la satisfacci\u00f3n del cliente, SX es su mejor opci\u00f3n para asegurar su equipo sin salirse del presupuesto.<\/p>\n<p>P\u00f3ngase en contacto con nosotros:<span style=\"color: #0000ff;\"><a style=\"color: #0000ff;\" href=\"https:\/\/sxpowercase.com\/contact-us\/\">https:\/\/sxpowercase.com\/<\/a><\/span><\/p>\n<p>Cat\u00e1logo de productos de hardware\uff1a<span style=\"color: #3366ff;\"><a style=\"color: #3366ff;\" href=\"https:\/\/sxpowercase.com\/wp-content\/uploads\/2024\/07\/\u4e94\u91d1.pdf\">Cat\u00e1logo de accesorios de ferreter\u00eda<\/a><\/span><\/p>","protected":false},"excerpt":{"rendered":"<h3>Esquinas SX Flight Case: Protecci\u00f3n superior del equipo<\/h3>\n<p>Proteja su fr\u00e1gil equipo con las esquinas SX Flight Case, dise\u00f1adas para resistir golpes, ca\u00eddas y el desgaste diario. Obtenga calidad de primera a precios directos de f\u00e1brica, garantizando una protecci\u00f3n fiable sin costes inflados.<\/p>\n<h3>Instalaci\u00f3n sencilla, rendimiento resistente<\/h3>\n<p>Las esquinas SX Flight Case est\u00e1n fabricadas para un uso intensivo y una aplicaci\u00f3n sin esfuerzo. Tanto si se trata de actualizar maletas antiguas como de montar maletas nuevas, estas esquinas mejoran la resistencia y ofrecen un aspecto pulido.<\/p>\n<h3>Soluciones personalizadas a precios asequibles<\/h3>\n<p>SX ofrece Flight Case Corners personalizables adaptados a sus necesidades exactas, combinando versatilidad con asequibilidad. Con la confianza de profesionales de todo el mundo, SX ofrece una calidad en la que puede confiar.<\/p>","protected":false},"featured_media":4084,"comment_status":"open","ping_status":"closed","template":"","meta":[],"product_brand":[],"product_cat":[63],"product_tag":[],"class_list":{"0":"post-4124","1":"product","2":"type-product","3":"status-publish","4":"has-post-thumbnail","6":"product_cat-corners","8":"first","9":"instock","10":"shipping-taxable","11":"product-type-simple"},"yoast_head":"<!-- This site is optimized with the Yoast SEO Premium plugin v27.1 (Yoast SEO v27.2) - https:\/\/yoast.com\/product\/yoast-seo-premium-wordpress\/ -->\n<title>Flight Case Corners COA202 - https:\/\/sxflightcase.com \ud83d\udc97<\/title>\n<meta name=\"description\" content=\"Flight case corners, factory direct! High-quality, durable edge protection for flight cases. Prevents damage during transport and ensures long-lasting reliability for your equipment.\" \/>\n<meta name=\"robots\" content=\"index, follow, max-snippet:-1, max-image-preview:large, max-video-preview:-1\" \/>\n<link rel=\"canonical\" href=\"https:\/\/sxflightcase.com\/es_es\/producto\/flight-case-esquinas-coa202-2\/\" \/>\n<meta property=\"og:locale\" content=\"es_ES\" \/>\n<meta property=\"og:type\" content=\"article\" \/>\n<meta property=\"og:title\" content=\"Flight Case Corners COA202\" \/>\n<meta property=\"og:description\" content=\"Flight case corners, factory direct! High-quality, durable edge protection for flight cases. Prevents damage during transport and ensures long-lasting reliability for your equipment.\" \/>\n<meta property=\"og:url\" content=\"https:\/\/sxflightcase.com\/es_es\/producto\/flight-case-esquinas-coa202-2\/\" \/>\n<meta property=\"og:site_name\" content=\"https:\/\/sxflightcase.com\" \/>\n<meta property=\"article:publisher\" content=\"https:\/\/www.facebook.com\/profile.php?id=61560407257971\" \/>\n<meta property=\"article:modified_time\" content=\"2024-08-15T07:08:33+00:00\" \/>\n<meta property=\"og:image\" content=\"https:\/\/sxflightcase.com\/wp-content\/uploads\/2024\/08\/COA202.jpg\" \/>\n\t<meta property=\"og:image:width\" content=\"455\" \/>\n\t<meta property=\"og:image:height\" content=\"422\" \/>\n\t<meta property=\"og:image:type\" content=\"image\/jpeg\" \/>\n<meta name=\"twitter:card\" content=\"summary_large_image\" \/>\n<meta name=\"twitter:label1\" content=\"Tiempo de lectura\" \/>\n\t<meta name=\"twitter:data1\" content=\"3 minutos\" \/>\n<script type=\"application\/ld+json\" class=\"yoast-schema-graph\">{\"@context\":\"https:\/\/schema.org\",\"@graph\":[{\"@type\":\"WebPage\",\"@id\":\"https:\/\/sxflightcase.com\/product\/flight-case-corners-coa202\/\",\"url\":\"https:\/\/sxflightcase.com\/product\/flight-case-corners-coa202\/\",\"name\":\"Flight Case Corners COA202 - https:\/\/sxflightcase.com \ud83d\udc97\",\"isPartOf\":{\"@id\":\"https:\/\/sxflightcase.com\/th\/#website\"},\"primaryImageOfPage\":{\"@id\":\"https:\/\/sxflightcase.com\/product\/flight-case-corners-coa202\/#primaryimage\"},\"image\":{\"@id\":\"https:\/\/sxflightcase.com\/product\/flight-case-corners-coa202\/#primaryimage\"},\"thumbnailUrl\":\"https:\/\/sxflightcase.com\/wp-content\/uploads\/2024\/08\/COA202.jpg\",\"datePublished\":\"2024-08-15T07:08:32+00:00\",\"dateModified\":\"2024-08-15T07:08:33+00:00\",\"description\":\"Flight case corners, factory direct! High-quality, durable edge protection for flight cases. Prevents damage during transport and ensures long-lasting reliability for your equipment.\",\"breadcrumb\":{\"@id\":\"https:\/\/sxflightcase.com\/product\/flight-case-corners-coa202\/#breadcrumb\"},\"inLanguage\":\"es\",\"potentialAction\":[{\"@type\":\"ReadAction\",\"target\":[\"https:\/\/sxflightcase.com\/product\/flight-case-corners-coa202\/\"]}]},{\"@type\":\"ImageObject\",\"inLanguage\":\"es\",\"@id\":\"https:\/\/sxflightcase.com\/product\/flight-case-corners-coa202\/#primaryimage\",\"url\":\"https:\/\/sxflightcase.com\/wp-content\/uploads\/2024\/08\/COA202.jpg\",\"contentUrl\":\"https:\/\/sxflightcase.com\/wp-content\/uploads\/2024\/08\/COA202.jpg\",\"width\":455,\"height\":422,\"caption\":\"Flight Case Corners\"},{\"@type\":\"BreadcrumbList\",\"@id\":\"https:\/\/sxflightcase.com\/product\/flight-case-corners-coa202\/#breadcrumb\",\"itemListElement\":[{\"@type\":\"ListItem\",\"position\":1,\"name\":\"Home\",\"item\":\"https:\/\/sxflightcase.com\/\"},{\"@type\":\"ListItem\",\"position\":2,\"name\":\"\u0e2a\u0e34\u0e19\u0e04\u0e49\u0e32\",\"item\":\"https:\/\/sxflightcase.com\/th\/shop\/\"},{\"@type\":\"ListItem\",\"position\":3,\"name\":\"Flight Case Corners COA202\"}]},{\"@type\":\"WebSite\",\"@id\":\"https:\/\/sxflightcase.com\/th\/#website\",\"url\":\"https:\/\/sxflightcase.com\/th\/\",\"name\":\"sxpowercase.com\",\"description\":\"Flight Case Factory\",\"publisher\":{\"@id\":\"https:\/\/sxflightcase.com\/th\/#organization\"},\"potentialAction\":[{\"@type\":\"SearchAction\",\"target\":{\"@type\":\"EntryPoint\",\"urlTemplate\":\"https:\/\/sxflightcase.com\/th\/?s={search_term_string}\"},\"query-input\":{\"@type\":\"PropertyValueSpecification\",\"valueRequired\":true,\"valueName\":\"search_term_string\"}}],\"inLanguage\":\"es\"},{\"@type\":\"Organization\",\"@id\":\"https:\/\/sxflightcase.com\/th\/#organization\",\"name\":\"sxpowercase.com\",\"url\":\"https:\/\/sxflightcase.com\/th\/\",\"logo\":{\"@type\":\"ImageObject\",\"inLanguage\":\"es\",\"@id\":\"https:\/\/sxflightcase.com\/th\/#\/schema\/logo\/image\/\",\"url\":\"https:\/\/sxflightcase.com\/wp-content\/uploads\/2024\/04\/1713919036007.jpg\",\"contentUrl\":\"https:\/\/sxflightcase.com\/wp-content\/uploads\/2024\/04\/1713919036007.jpg\",\"width\":382,\"height\":388,\"caption\":\"sxpowercase.com\"},\"image\":{\"@id\":\"https:\/\/sxflightcase.com\/th\/#\/schema\/logo\/image\/\"},\"sameAs\":[\"https:\/\/www.facebook.com\/profile.php?id=61560407257971\"],\"numberOfEmployees\":{\"@type\":\"QuantitativeValue\",\"minValue\":\"11\",\"maxValue\":\"50\"}}]}<\/script>\n<!-- \/ Yoast SEO Premium plugin. -->","yoast_head_json":{"title":"Flight Case Corners COA202 - https:\/\/sxflightcase.com \ud83d\udc97","description":"Esquinas para flightcases, \u00a1directas de f\u00e1brica! Protecci\u00f3n de bordes duradera y de alta calidad para flightcases. Evita da\u00f1os durante el transporte y garantiza la fiabilidad duradera de su equipo.","robots":{"index":"index","follow":"follow","max-snippet":"max-snippet:-1","max-image-preview":"max-image-preview:large","max-video-preview":"max-video-preview:-1"},"canonical":"https:\/\/sxflightcase.com\/es_es\/producto\/flight-case-esquinas-coa202-2\/","og_locale":"es_ES","og_type":"article","og_title":"Flight Case Corners COA202","og_description":"Flight case corners, factory direct! High-quality, durable edge protection for flight cases. Prevents damage during transport and ensures long-lasting reliability for your equipment.","og_url":"https:\/\/sxflightcase.com\/es_es\/producto\/flight-case-esquinas-coa202-2\/","og_site_name":"https:\/\/sxflightcase.com","article_publisher":"https:\/\/www.facebook.com\/profile.php?id=61560407257971","article_modified_time":"2024-08-15T07:08:33+00:00","og_image":[{"width":455,"height":422,"url":"https:\/\/sxflightcase.com\/wp-content\/uploads\/2024\/08\/COA202.jpg","type":"image\/jpeg"}],"twitter_card":"summary_large_image","twitter_misc":{"Tiempo de lectura":"3 minutos"},"schema":{"@context":"https:\/\/schema.org","@graph":[{"@type":"WebPage","@id":"https:\/\/sxflightcase.com\/product\/flight-case-corners-coa202\/","url":"https:\/\/sxflightcase.com\/product\/flight-case-corners-coa202\/","name":"Flight Case Corners COA202 - https:\/\/sxflightcase.com \ud83d\udc97","isPartOf":{"@id":"https:\/\/sxflightcase.com\/th\/#website"},"primaryImageOfPage":{"@id":"https:\/\/sxflightcase.com\/product\/flight-case-corners-coa202\/#primaryimage"},"image":{"@id":"https:\/\/sxflightcase.com\/product\/flight-case-corners-coa202\/#primaryimage"},"thumbnailUrl":"https:\/\/sxflightcase.com\/wp-content\/uploads\/2024\/08\/COA202.jpg","datePublished":"2024-08-15T07:08:32+00:00","dateModified":"2024-08-15T07:08:33+00:00","description":"Esquinas para flightcases, \u00a1directas de f\u00e1brica! Protecci\u00f3n de bordes duradera y de alta calidad para flightcases. Evita da\u00f1os durante el transporte y garantiza la fiabilidad duradera de su equipo.","breadcrumb":{"@id":"https:\/\/sxflightcase.com\/product\/flight-case-corners-coa202\/#breadcrumb"},"inLanguage":"es","potentialAction":[{"@type":"ReadAction","target":["https:\/\/sxflightcase.com\/product\/flight-case-corners-coa202\/"]}]},{"@type":"ImageObject","inLanguage":"es","@id":"https:\/\/sxflightcase.com\/product\/flight-case-corners-coa202\/#primaryimage","url":"https:\/\/sxflightcase.com\/wp-content\/uploads\/2024\/08\/COA202.jpg","contentUrl":"https:\/\/sxflightcase.com\/wp-content\/uploads\/2024\/08\/COA202.jpg","width":455,"height":422,"caption":"Flight Case Corners"},{"@type":"BreadcrumbList","@id":"https:\/\/sxflightcase.com\/product\/flight-case-corners-coa202\/#breadcrumb","itemListElement":[{"@type":"ListItem","position":1,"name":"Home","item":"https:\/\/sxflightcase.com\/"},{"@type":"ListItem","position":2,"name":"\u0e2a\u0e34\u0e19\u0e04\u0e49\u0e32","item":"https:\/\/sxflightcase.com\/th\/shop\/"},{"@type":"ListItem","position":3,"name":"Flight Case Corners COA202"}]},{"@type":"WebSite","@id":"https:\/\/sxflightcase.com\/th\/#website","url":"https:\/\/sxflightcase.com\/th\/","name":"es.sxpowercase.com","description":"F\u00e1brica de flightcases","publisher":{"@id":"https:\/\/sxflightcase.com\/th\/#organization"},"potentialAction":[{"@type":"SearchAction","target":{"@type":"EntryPoint","urlTemplate":"https:\/\/sxflightcase.com\/th\/?s={search_term_string}"},"query-input":{"@type":"PropertyValueSpecification","valueRequired":true,"valueName":"search_term_string"}}],"inLanguage":"es"},{"@type":"Organization","@id":"https:\/\/sxflightcase.com\/th\/#organization","name":"es.sxpowercase.com","url":"https:\/\/sxflightcase.com\/th\/","logo":{"@type":"ImageObject","inLanguage":"es","@id":"https:\/\/sxflightcase.com\/th\/#\/schema\/logo\/image\/","url":"https:\/\/sxflightcase.com\/wp-content\/uploads\/2024\/04\/1713919036007.jpg","contentUrl":"https:\/\/sxflightcase.com\/wp-content\/uploads\/2024\/04\/1713919036007.jpg","width":382,"height":388,"caption":"sxpowercase.com"},"image":{"@id":"https:\/\/sxflightcase.com\/th\/#\/schema\/logo\/image\/"},"sameAs":["https:\/\/www.facebook.com\/profile.php?id=61560407257971"],"numberOfEmployees":{"@type":"QuantitativeValue","minValue":"11","maxValue":"50"}}]}},"_links":{"self":[{"href":"https:\/\/sxflightcase.com\/es_es\/wp-json\/wp\/v2\/product\/4124","targetHints":{"allow":["GET"]}}],"collection":[{"href":"https:\/\/sxflightcase.com\/es_es\/wp-json\/wp\/v2\/product"}],"about":[{"href":"https:\/\/sxflightcase.com\/es_es\/wp-json\/wp\/v2\/types\/product"}],"replies":[{"embeddable":true,"href":"https:\/\/sxflightcase.com\/es_es\/wp-json\/wp\/v2\/comments?post=4124"}],"version-history":[{"count":0,"href":"https:\/\/sxflightcase.com\/es_es\/wp-json\/wp\/v2\/product\/4124\/revisions"}],"wp:featuredmedia":[{"embeddable":true,"href":"https:\/\/sxflightcase.com\/es_es\/wp-json\/wp\/v2\/media\/4084"}],"wp:attachment":[{"href":"https:\/\/sxflightcase.com\/es_es\/wp-json\/wp\/v2\/media?parent=4124"}],"wp:term":[{"taxonomy":"product_brand","embeddable":true,"href":"https:\/\/sxflightcase.com\/es_es\/wp-json\/wp\/v2\/product_brand?post=4124"},{"taxonomy":"product_cat","embeddable":true,"href":"https:\/\/sxflightcase.com\/es_es\/wp-json\/wp\/v2\/product_cat?post=4124"},{"taxonomy":"product_tag","embeddable":true,"href":"https:\/\/sxflightcase.com\/es_es\/wp-json\/wp\/v2\/product_tag?post=4124"}],"curies":[{"name":"wp","href":"https:\/\/api.w.org\/{rel}","templated":true}]}}