{"id":4136,"date":"2024-08-16T08:36:34","date_gmt":"2024-08-16T07:36:34","guid":{"rendered":"https:\/\/sxpowercase.com\/?post_type=product&#038;p=4136"},"modified":"2024-08-16T08:36:35","modified_gmt":"2024-08-16T07:36:35","slug":"flight-case-corner-protectors-coa204","status":"publish","type":"product","link":"https:\/\/sxflightcase.com\/es_es\/producto\/protectores-de-esquinas-para-flightcases-coa204-2\/","title":{"rendered":"Protectores de esquinas para Flight Case COA204"},"content":{"rendered":"<h3>Protectores de esquinas para flightcases de alta calidad de SX<\/h3>\n<h4>Protecci\u00f3n fiable para su equipo<\/h4>\n<p>Cuando se transportan equipos valiosos, contar con una protecci\u00f3n fiable es crucial. SX <strong>Protectores de esquinas para flightcases<\/strong> est\u00e1n dise\u00f1ados para ofrecer una mayor durabilidad y seguridad para sus fundas. Fabricados con materiales de alta resistencia, estos protectores de esquinas proporcionan una capa adicional de defensa contra ca\u00eddas, impactos y manipulaciones bruscas. Al elegir <a href=\"https:\/\/sxpowercase.com\/\" target=\"_blank\" rel=\"noopener\" title=\"SX\" data-wpil-monitor-id=\"670\">SX<\/a>obtendr\u00e1 precios directos de f\u00e1brica sin renunciar a la calidad.<\/p>\n<h4>Dise\u00f1ado para condiciones duras<\/h4>\n<p>SX <strong>Protectores de esquinas para flightcases<\/strong> est\u00e1n dise\u00f1ados para soportar un uso intensivo en entornos exigentes. Tanto si est\u00e1 de gira con un grupo musical como si se encarga del montaje de un evento, estos protectores garantizan la seguridad de su equipo. Dise\u00f1ados para cumplir con los est\u00e1ndares profesionales, nuestros protectores combinan resistencia y asequibilidad, ofreciendo un excelente valor para su inversi\u00f3n.<\/p>\n<h4>F\u00e1cil de instalar y vers\u00e1til<\/h4>\n<p>Nuestra <strong>Protectores de esquinas para flightcases<\/strong> son f\u00e1ciles de instalar y compatibles con una amplia gama de tipos de carcasas. Tanto si est\u00e1 actualizando sus maletas como si est\u00e1 construyendo unas nuevas, SX le ofrece soluciones vers\u00e1tiles que se adaptan a la perfecci\u00f3n. Con dise\u00f1os de ingenier\u00eda de precisi\u00f3n, nuestros protectores de esquinas mejoran tanto la protecci\u00f3n como el aspecto general de sus cajas.<\/p>\n<h4>Personalizable y rentable<\/h4>\n<p>En SX sabemos que no hay una talla \u00fanica. Por eso ofrecemos <strong>Protectores de esquinas para flightcases<\/strong> para satisfacer sus necesidades espec\u00edficas. Tanto si necesita tama\u00f1os, formas o acabados espec\u00edficos, lo tenemos cubierto, todo a precios competitivos. Al tratar directamente con nuestra f\u00e1brica, usted se beneficia de costes bajos sin sacrificar la calidad.<\/p>\n<h4>Calidad en la que puede confiar<\/h4>\n<p>SX se compromete a suministrar productos de confianza. Nuestra <strong>Protectores de esquinas para flightcases<\/strong> se fabrican prestando una atenci\u00f3n meticulosa a los detalles, lo que garantiza un rendimiento y una durabilidad constantes. Las rigurosas pruebas y el control de calidad garantizan que cada pieza cumpla los elevados est\u00e1ndares que esperan los profesionales. Con SX, obtendr\u00e1 una protecci\u00f3n duradera a un precio asequible.<\/p>\n<h4>Preferido por los expertos del sector<\/h4>\n<p>SX <strong>Protector de esquinas para flightcases<\/strong>\u00a0cuentan con la confianza de profesionales de diversos sectores, desde la organizaci\u00f3n de eventos hasta la radiodifusi\u00f3n. Nuestros productos son elegidos por quienes exigen fiabilidad y valor en cada componente. Tanto si necesita pedidos al por mayor como una personalizaci\u00f3n espec\u00edfica, SX es su socio de confianza para todas las necesidades de hardware de flight cases.<\/p>\n<h4>Contacte con SX para grandes ofertas<\/h4>\n<p>Para la prima <strong>Protector de esquinas para flightcases<\/strong>\u00a0sin arruinarse, recurra a SX. Nuestra amplia selecci\u00f3n de hardware est\u00e1 dise\u00f1ada para ofrecer protecci\u00f3n de primer nivel a precios directos de f\u00e1brica. P\u00f3ngase en contacto con nosotros hoy mismo para descubrir c\u00f3mo SX puede ayudarle a mantener su equipo seguro y protegido, independientemente de d\u00f3nde le lleve su trabajo.<\/p>\n<p>P\u00f3ngase en contacto con nosotros:<span style=\"color: #0000ff;\"><a style=\"color: #0000ff;\" href=\"https:\/\/sxpowercase.com\/contact-us\/\">https:\/\/sxpowercase.com\/<\/a><\/span><\/p>\n<p>Cat\u00e1logo de productos de hardware\uff1a<span style=\"color: #3366ff;\"><a style=\"color: #3366ff;\" href=\"https:\/\/sxpowercase.com\/wp-content\/uploads\/2024\/07\/\u4e94\u91d1.pdf\">Cat\u00e1logo de accesorios de ferreter\u00eda<\/a><\/span><\/p>","protected":false},"excerpt":{"rendered":"<h3>Protectores de esquinas SX Flight Case: Protecci\u00f3n Premium para el equipo<\/h3>\n<p>Mantenga su equipo seguro con los duraderos protectores de esquinas para flightcases de SX. Fabricados con materiales de alta calidad, proporcionan resistencia a los impactos y una protecci\u00f3n fiable durante el transporte a precios directos de f\u00e1brica.<\/p>\n<h3>Resistente, f\u00e1cil de instalar<\/h3>\n<p>Los protectores de esquinas SX est\u00e1n dise\u00f1ados para entornos exigentes y ofrecen una instalaci\u00f3n r\u00e1pida para todo tipo de carcasas. Ofrecen un rendimiento robusto y un acabado elegante para sus carcasas.<\/p>\n<h3>Soluciones personalizables y asequibles<\/h3>\n<p>Adapte los protectores de esquinas SX Flight Case a sus necesidades con opciones personalizables de tama\u00f1o y acabado. Disfrute de una protecci\u00f3n de primer nivel sin arruinarse, en la que conf\u00edan profesionales de todo el mundo.<\/p>","protected":false},"featured_media":4086,"comment_status":"open","ping_status":"closed","template":"","meta":[],"product_brand":[],"product_cat":[63],"product_tag":[],"class_list":{"0":"post-4136","1":"product","2":"type-product","3":"status-publish","4":"has-post-thumbnail","6":"product_cat-corners","8":"first","9":"instock","10":"shipping-taxable","11":"product-type-simple"},"yoast_head":"<!-- This site is optimized with the Yoast SEO Premium plugin v27.1 (Yoast SEO v27.2) - https:\/\/yoast.com\/product\/yoast-seo-premium-wordpress\/ -->\n<title>Flight Case Corner Protectors COA204 - https:\/\/sxflightcase.com \ud83d\udc97<\/title>\n<meta name=\"description\" content=\"Flight case corner protectors, factory direct! Durable and high-quality edge protection for flight cases, ensuring reliable equipment safety during transport. Ideal for long-lasting use.\" \/>\n<meta name=\"robots\" content=\"index, follow, max-snippet:-1, max-image-preview:large, max-video-preview:-1\" \/>\n<link rel=\"canonical\" href=\"https:\/\/sxflightcase.com\/es_es\/producto\/protectores-de-esquinas-para-flightcases-coa204-2\/\" \/>\n<meta property=\"og:locale\" content=\"es_ES\" \/>\n<meta property=\"og:type\" content=\"article\" \/>\n<meta property=\"og:title\" content=\"Flight Case Corner Protectors COA204\" \/>\n<meta property=\"og:description\" content=\"Flight case corner protectors, factory direct! Durable and high-quality edge protection for flight cases, ensuring reliable equipment safety during transport. Ideal for long-lasting use.\" \/>\n<meta property=\"og:url\" content=\"https:\/\/sxflightcase.com\/es_es\/producto\/protectores-de-esquinas-para-flightcases-coa204-2\/\" \/>\n<meta property=\"og:site_name\" content=\"https:\/\/sxflightcase.com\" \/>\n<meta property=\"article:publisher\" content=\"https:\/\/www.facebook.com\/profile.php?id=61560407257971\" \/>\n<meta property=\"article:modified_time\" content=\"2024-08-16T07:36:35+00:00\" \/>\n<meta property=\"og:image\" content=\"https:\/\/sxflightcase.com\/wp-content\/uploads\/2024\/08\/COA204.jpg\" \/>\n\t<meta property=\"og:image:width\" content=\"520\" \/>\n\t<meta property=\"og:image:height\" content=\"561\" \/>\n\t<meta property=\"og:image:type\" content=\"image\/jpeg\" \/>\n<meta name=\"twitter:card\" content=\"summary_large_image\" \/>\n<meta name=\"twitter:label1\" content=\"Tiempo de lectura\" \/>\n\t<meta name=\"twitter:data1\" content=\"3 minutos\" \/>\n<script type=\"application\/ld+json\" class=\"yoast-schema-graph\">{\"@context\":\"https:\/\/schema.org\",\"@graph\":[{\"@type\":\"WebPage\",\"@id\":\"https:\/\/sxflightcase.com\/es_es\/producto\/protectores-de-esquinas-para-flightcases-coa204-2\/\",\"url\":\"https:\/\/sxflightcase.com\/es_es\/producto\/protectores-de-esquinas-para-flightcases-coa204-2\/\",\"name\":\"Flight Case Corner Protectors COA204 - https:\/\/sxflightcase.com \ud83d\udc97\",\"isPartOf\":{\"@id\":\"https:\/\/sxflightcase.com\/th\/#website\"},\"primaryImageOfPage\":{\"@id\":\"https:\/\/sxflightcase.com\/es_es\/producto\/protectores-de-esquinas-para-flightcases-coa204-2\/#primaryimage\"},\"image\":{\"@id\":\"https:\/\/sxflightcase.com\/es_es\/producto\/protectores-de-esquinas-para-flightcases-coa204-2\/#primaryimage\"},\"thumbnailUrl\":\"https:\/\/sxflightcase.com\/wp-content\/uploads\/2024\/08\/COA204.jpg\",\"datePublished\":\"2024-08-16T07:36:34+00:00\",\"dateModified\":\"2024-08-16T07:36:35+00:00\",\"description\":\"Flight case corner protectors, factory direct! Durable and high-quality edge protection for flight cases, ensuring reliable equipment safety during transport. Ideal for long-lasting use.\",\"breadcrumb\":{\"@id\":\"https:\/\/sxflightcase.com\/es_es\/producto\/protectores-de-esquinas-para-flightcases-coa204-2\/#breadcrumb\"},\"inLanguage\":\"es\",\"potentialAction\":[{\"@type\":\"ReadAction\",\"target\":[\"https:\/\/sxflightcase.com\/es_es\/producto\/protectores-de-esquinas-para-flightcases-coa204-2\/\"]}]},{\"@type\":\"ImageObject\",\"inLanguage\":\"es\",\"@id\":\"https:\/\/sxflightcase.com\/es_es\/producto\/protectores-de-esquinas-para-flightcases-coa204-2\/#primaryimage\",\"url\":\"https:\/\/sxflightcase.com\/wp-content\/uploads\/2024\/08\/COA204.jpg\",\"contentUrl\":\"https:\/\/sxflightcase.com\/wp-content\/uploads\/2024\/08\/COA204.jpg\",\"width\":520,\"height\":561,\"caption\":\"Flight Case Corner Protectors\"},{\"@type\":\"BreadcrumbList\",\"@id\":\"https:\/\/sxflightcase.com\/es_es\/producto\/protectores-de-esquinas-para-flightcases-coa204-2\/#breadcrumb\",\"itemListElement\":[{\"@type\":\"ListItem\",\"position\":1,\"name\":\"Home\",\"item\":\"https:\/\/sxflightcase.com\/\"},{\"@type\":\"ListItem\",\"position\":2,\"name\":\"\u0e2a\u0e34\u0e19\u0e04\u0e49\u0e32\",\"item\":\"https:\/\/sxflightcase.com\/th\/shop\/\"},{\"@type\":\"ListItem\",\"position\":3,\"name\":\"Flight Case Corner Protectors COA204\"}]},{\"@type\":\"WebSite\",\"@id\":\"https:\/\/sxflightcase.com\/th\/#website\",\"url\":\"https:\/\/sxflightcase.com\/th\/\",\"name\":\"sxpowercase.com\",\"description\":\"Flight Case Factory\",\"publisher\":{\"@id\":\"https:\/\/sxflightcase.com\/th\/#organization\"},\"potentialAction\":[{\"@type\":\"SearchAction\",\"target\":{\"@type\":\"EntryPoint\",\"urlTemplate\":\"https:\/\/sxflightcase.com\/th\/?s={search_term_string}\"},\"query-input\":{\"@type\":\"PropertyValueSpecification\",\"valueRequired\":true,\"valueName\":\"search_term_string\"}}],\"inLanguage\":\"es\"},{\"@type\":\"Organization\",\"@id\":\"https:\/\/sxflightcase.com\/th\/#organization\",\"name\":\"sxpowercase.com\",\"url\":\"https:\/\/sxflightcase.com\/th\/\",\"logo\":{\"@type\":\"ImageObject\",\"inLanguage\":\"es\",\"@id\":\"https:\/\/sxflightcase.com\/th\/#\/schema\/logo\/image\/\",\"url\":\"https:\/\/sxflightcase.com\/wp-content\/uploads\/2024\/04\/1713919036007.jpg\",\"contentUrl\":\"https:\/\/sxflightcase.com\/wp-content\/uploads\/2024\/04\/1713919036007.jpg\",\"width\":382,\"height\":388,\"caption\":\"sxpowercase.com\"},\"image\":{\"@id\":\"https:\/\/sxflightcase.com\/th\/#\/schema\/logo\/image\/\"},\"sameAs\":[\"https:\/\/www.facebook.com\/profile.php?id=61560407257971\"],\"numberOfEmployees\":{\"@type\":\"QuantitativeValue\",\"minValue\":\"11\",\"maxValue\":\"50\"}}]}<\/script>\n<!-- \/ Yoast SEO Premium plugin. -->","yoast_head_json":{"title":"Flight Case Corner Protectors COA204 - https:\/\/sxflightcase.com \ud83d\udc97","description":"Cantoneras para flightcases, \u00a1directas de f\u00e1brica! Protecci\u00f3n de bordes duradera y de alta calidad para flightcases, que garantiza la seguridad del equipo durante el transporte. Ideal para un uso duradero.","robots":{"index":"index","follow":"follow","max-snippet":"max-snippet:-1","max-image-preview":"max-image-preview:large","max-video-preview":"max-video-preview:-1"},"canonical":"https:\/\/sxflightcase.com\/es_es\/producto\/protectores-de-esquinas-para-flightcases-coa204-2\/","og_locale":"es_ES","og_type":"article","og_title":"Flight Case Corner Protectors COA204","og_description":"Flight case corner protectors, factory direct! Durable and high-quality edge protection for flight cases, ensuring reliable equipment safety during transport. Ideal for long-lasting use.","og_url":"https:\/\/sxflightcase.com\/es_es\/producto\/protectores-de-esquinas-para-flightcases-coa204-2\/","og_site_name":"https:\/\/sxflightcase.com","article_publisher":"https:\/\/www.facebook.com\/profile.php?id=61560407257971","article_modified_time":"2024-08-16T07:36:35+00:00","og_image":[{"width":520,"height":561,"url":"https:\/\/sxflightcase.com\/wp-content\/uploads\/2024\/08\/COA204.jpg","type":"image\/jpeg"}],"twitter_card":"summary_large_image","twitter_misc":{"Tiempo de lectura":"3 minutos"},"schema":{"@context":"https:\/\/schema.org","@graph":[{"@type":"WebPage","@id":"https:\/\/sxflightcase.com\/es_es\/producto\/protectores-de-esquinas-para-flightcases-coa204-2\/","url":"https:\/\/sxflightcase.com\/es_es\/producto\/protectores-de-esquinas-para-flightcases-coa204-2\/","name":"Flight Case Corner Protectors COA204 - https:\/\/sxflightcase.com \ud83d\udc97","isPartOf":{"@id":"https:\/\/sxflightcase.com\/th\/#website"},"primaryImageOfPage":{"@id":"https:\/\/sxflightcase.com\/es_es\/producto\/protectores-de-esquinas-para-flightcases-coa204-2\/#primaryimage"},"image":{"@id":"https:\/\/sxflightcase.com\/es_es\/producto\/protectores-de-esquinas-para-flightcases-coa204-2\/#primaryimage"},"thumbnailUrl":"https:\/\/sxflightcase.com\/wp-content\/uploads\/2024\/08\/COA204.jpg","datePublished":"2024-08-16T07:36:34+00:00","dateModified":"2024-08-16T07:36:35+00:00","description":"Cantoneras para flightcases, \u00a1directas de f\u00e1brica! Protecci\u00f3n de bordes duradera y de alta calidad para flightcases, que garantiza la seguridad del equipo durante el transporte. Ideal para un uso duradero.","breadcrumb":{"@id":"https:\/\/sxflightcase.com\/es_es\/producto\/protectores-de-esquinas-para-flightcases-coa204-2\/#breadcrumb"},"inLanguage":"es","potentialAction":[{"@type":"ReadAction","target":["https:\/\/sxflightcase.com\/es_es\/producto\/protectores-de-esquinas-para-flightcases-coa204-2\/"]}]},{"@type":"ImageObject","inLanguage":"es","@id":"https:\/\/sxflightcase.com\/es_es\/producto\/protectores-de-esquinas-para-flightcases-coa204-2\/#primaryimage","url":"https:\/\/sxflightcase.com\/wp-content\/uploads\/2024\/08\/COA204.jpg","contentUrl":"https:\/\/sxflightcase.com\/wp-content\/uploads\/2024\/08\/COA204.jpg","width":520,"height":561,"caption":"Flight Case Corner Protectors"},{"@type":"BreadcrumbList","@id":"https:\/\/sxflightcase.com\/es_es\/producto\/protectores-de-esquinas-para-flightcases-coa204-2\/#breadcrumb","itemListElement":[{"@type":"ListItem","position":1,"name":"Home","item":"https:\/\/sxflightcase.com\/"},{"@type":"ListItem","position":2,"name":"\u0e2a\u0e34\u0e19\u0e04\u0e49\u0e32","item":"https:\/\/sxflightcase.com\/th\/shop\/"},{"@type":"ListItem","position":3,"name":"Flight Case Corner Protectors COA204"}]},{"@type":"WebSite","@id":"https:\/\/sxflightcase.com\/th\/#website","url":"https:\/\/sxflightcase.com\/th\/","name":"es.sxpowercase.com","description":"F\u00e1brica de flightcases","publisher":{"@id":"https:\/\/sxflightcase.com\/th\/#organization"},"potentialAction":[{"@type":"SearchAction","target":{"@type":"EntryPoint","urlTemplate":"https:\/\/sxflightcase.com\/th\/?s={search_term_string}"},"query-input":{"@type":"PropertyValueSpecification","valueRequired":true,"valueName":"search_term_string"}}],"inLanguage":"es"},{"@type":"Organization","@id":"https:\/\/sxflightcase.com\/th\/#organization","name":"es.sxpowercase.com","url":"https:\/\/sxflightcase.com\/th\/","logo":{"@type":"ImageObject","inLanguage":"es","@id":"https:\/\/sxflightcase.com\/th\/#\/schema\/logo\/image\/","url":"https:\/\/sxflightcase.com\/wp-content\/uploads\/2024\/04\/1713919036007.jpg","contentUrl":"https:\/\/sxflightcase.com\/wp-content\/uploads\/2024\/04\/1713919036007.jpg","width":382,"height":388,"caption":"sxpowercase.com"},"image":{"@id":"https:\/\/sxflightcase.com\/th\/#\/schema\/logo\/image\/"},"sameAs":["https:\/\/www.facebook.com\/profile.php?id=61560407257971"],"numberOfEmployees":{"@type":"QuantitativeValue","minValue":"11","maxValue":"50"}}]}},"_links":{"self":[{"href":"https:\/\/sxflightcase.com\/es_es\/wp-json\/wp\/v2\/product\/4136","targetHints":{"allow":["GET"]}}],"collection":[{"href":"https:\/\/sxflightcase.com\/es_es\/wp-json\/wp\/v2\/product"}],"about":[{"href":"https:\/\/sxflightcase.com\/es_es\/wp-json\/wp\/v2\/types\/product"}],"replies":[{"embeddable":true,"href":"https:\/\/sxflightcase.com\/es_es\/wp-json\/wp\/v2\/comments?post=4136"}],"version-history":[{"count":0,"href":"https:\/\/sxflightcase.com\/es_es\/wp-json\/wp\/v2\/product\/4136\/revisions"}],"wp:featuredmedia":[{"embeddable":true,"href":"https:\/\/sxflightcase.com\/es_es\/wp-json\/wp\/v2\/media\/4086"}],"wp:attachment":[{"href":"https:\/\/sxflightcase.com\/es_es\/wp-json\/wp\/v2\/media?parent=4136"}],"wp:term":[{"taxonomy":"product_brand","embeddable":true,"href":"https:\/\/sxflightcase.com\/es_es\/wp-json\/wp\/v2\/product_brand?post=4136"},{"taxonomy":"product_cat","embeddable":true,"href":"https:\/\/sxflightcase.com\/es_es\/wp-json\/wp\/v2\/product_cat?post=4136"},{"taxonomy":"product_tag","embeddable":true,"href":"https:\/\/sxflightcase.com\/es_es\/wp-json\/wp\/v2\/product_tag?post=4136"}],"curies":[{"name":"wp","href":"https:\/\/api.w.org\/{rel}","templated":true}]}}