{"id":4146,"date":"2024-08-20T07:50:17","date_gmt":"2024-08-20T06:50:17","guid":{"rendered":"https:\/\/sxpowercase.com\/?post_type=product&#038;p=4146"},"modified":"2024-08-20T07:54:35","modified_gmt":"2024-08-20T06:54:35","slug":"road-case-corner-protectors-coc501","status":"publish","type":"product","link":"https:\/\/sxflightcase.com\/es_es\/producto\/protectores-de-esquinas-coc501-2\/","title":{"rendered":"Protectores de esquinas Road Case COC501"},"content":{"rendered":"<h3>Mejora la protecci\u00f3n con las cantoneras SX Road Case<\/h3>\n<h4>Defensa fiable para su equipo<\/h4>\n<p>Cuando su equipo necesita viajar, la protecci\u00f3n es clave. SX ofrece <strong>Protectores de esquinas para maletas de carretera<\/strong> dise\u00f1adas para proteger sus maletas de los duros impactos del transporte. Estos protectores de esquinas act\u00faan como primera l\u00ednea de defensa, garantizando que su valioso equipo se mantenga a salvo de golpes, ca\u00eddas y manipulaciones bruscas.<\/p>\n<h4>Fabricado para durar con una calidad superior<\/h4>\n<p><a title=\"SX\" href=\"https:\/\/sxpowercase.com\/\" target=\"_blank\" rel=\"noopener\" data-wpil-monitor-id=\"675\">SX<\/a> entiende que la durabilidad es imprescindible en entornos profesionales. Por eso nuestros <strong>Protectores de esquinas para maletas de carretera<\/strong> se fabrican con materiales de alta calidad resistentes a los impactos. Est\u00e1n fabricados para soportar las exigencias de un uso constante, proporcion\u00e1ndole una protecci\u00f3n duradera a un precio asequible. Con SX, obtendr\u00e1 precios directos de f\u00e1brica, combinando calidad y asequibilidad en cada compra.<\/p>\n<h4>F\u00e1cil de instalar y compatible con todo el mundo<\/h4>\n<p>Nuestra <strong>Protectores de esquinas para maletas de carretera<\/strong> est\u00e1n dise\u00f1adas para una instalaci\u00f3n sencilla, lo que las convierte en una opci\u00f3n c\u00f3moda para los profesionales que necesitan actualizar o mantener sus maletas. Son compatibles con una amplia gama de tama\u00f1os y tipos de fundas, lo que garantiza que obtendr\u00e1 la protecci\u00f3n que necesita sin complicaciones. El compromiso de SX con la calidad garantiza que estos protectores no s\u00f3lo se ajusten perfectamente, sino que tambi\u00e9n proporcionen una mayor durabilidad.<\/p>\n<h4>Soluciones personalizadas para necesidades \u00fanicas<\/h4>\n<p>En SX sabemos que cada caso tiene requisitos distintos. Por eso ofrecemos opciones personalizables para nuestros <strong>Protectores de esquinas para maletas de carretera<\/strong>. Si necesita materiales, tama\u00f1os o acabados espec\u00edficos, SX puede adaptar una soluci\u00f3n que cumpla sus especificaciones exactas, todo ello manteniendo unos costes bajos gracias a nuestro modelo directo de f\u00e1brica.<\/p>\n<h4>La confianza de profesionales de todos los sectores<\/h4>\n<p>SX <strong>Road Case Protector de esquinas<\/strong>\u00a0cuentan con la confianza de los profesionales de la m\u00fasica, el cine y los eventos en directo. Conf\u00edan en nuestros productos para la protecci\u00f3n y longevidad de sus equipos. Con SX, elige una marca que valora la calidad, la asequibilidad y la fiabilidad.<\/p>\n<h4>Precios competitivos con garant\u00eda de calidad<\/h4>\n<p>Ofertas SX <strong>Road Case Protector de esquinas<\/strong>\u00a0a precios competitivos, gracias a nuestro enfoque directo de f\u00e1brica. Esto significa que obtendr\u00e1 componentes de alta calidad sin sobreprecios, lo que facilita la protecci\u00f3n de sus maletas sin salirse del presupuesto. SX garantiza que todos los productos cumplen normas rigurosas, lo que le da tranquilidad con cada compra.<\/p>\n<h4>M\u00e1xima protecci\u00f3n al m\u00ednimo coste<\/h4>\n<p>Cuando se trata de proteger su valioso equipo, SX's <a href=\"https:\/\/sxpowercase.com\/product\/road-case-corner-cob401\/\"><strong>Protectores de esquinas para maletas de carretera<\/strong><\/a> ofrecen el equilibrio perfecto entre calidad y asequibilidad. Conf\u00ede en SX para obtener productos que resistan los rigores del uso profesional, ofreciendo una protecci\u00f3n superior a un precio dif\u00edcil de superar. P\u00f3ngase en contacto con nosotros hoy mismo para descubrir c\u00f3mo nuestras cantoneras pueden mejorar la durabilidad de sus maletas de carretera.<\/p>\n<p>P\u00f3ngase en contacto con nosotros:<span style=\"color: #0000ff;\"><a style=\"color: #0000ff;\" href=\"https:\/\/sxpowercase.com\/contact-us\/\">https:\/\/sxpowercase.com\/<\/a><\/span><\/p>\n<p>Cat\u00e1logo de productos de hardware\uff1a<span style=\"color: #3366ff;\"><a style=\"color: #3366ff;\" href=\"https:\/\/sxpowercase.com\/wp-content\/uploads\/2024\/07\/\u4e94\u91d1.pdf\">Cat\u00e1logo de accesorios de ferreter\u00eda<\/a><\/span><\/p>","protected":false},"excerpt":{"rendered":"<div class=\"flex max-w-full flex-col flex-grow\">\n<div class=\"\">\n<p>&nbsp;<\/p>\n<div class=\"flex w-full flex-col gap-1 empty:hidden first:pt-[3px]\">\n<div class=\"markdown prose w-full break-words dark:prose-invert light\">\n<h3>SX Road Case Corner Protectors: Ultimate Gear Defense<\/h3>\n<p>Safeguard your equipment during transport with SX Road Case Corner Protectors, designed to absorb harsh impacts and prevent damage. Get superior protection at factory-direct prices.<\/p>\n<h3>Built for Professional Durability<\/h3>\n<p>SX Corner Protectors are made from impact-resistant materials, ensuring your cases stay secure even with constant use. Enjoy long-lasting reliability without overspending.<\/p>\n<h3>Customizable Protection, Perfect Fit<\/h3>\n<p>SX offers customizable corner protectors to meet your specific needs. Easy to install and universally compatible, they provide tailored solutions for various case sizes and styles.<\/p>\n<\/div>\n<\/div>\n<\/div>\n<\/div>\n","protected":false},"featured_media":4091,"comment_status":"open","ping_status":"closed","template":"","meta":[],"product_brand":[],"product_cat":[63],"product_tag":[],"class_list":{"0":"post-4146","1":"product","2":"type-product","3":"status-publish","4":"has-post-thumbnail","6":"product_cat-corners","8":"first","9":"instock","10":"shipping-taxable","11":"product-type-simple"},"yoast_head":"<!-- This site is optimized with the Yoast SEO Premium plugin v27.1 (Yoast SEO v27.2) - https:\/\/yoast.com\/product\/yoast-seo-premium-wordpress\/ -->\n<title>Road Case Corner Protectors COC501 - https:\/\/sxflightcase.com \ud83d\udc97<\/title>\n<meta name=\"description\" content=\"Road case corner protectors, factory direct! High-quality, durable protection for case edges. Safeguards equipment during transport, ensuring long-lasting reliability for heavy-duty use.\" \/>\n<meta name=\"robots\" content=\"index, follow, max-snippet:-1, max-image-preview:large, max-video-preview:-1\" \/>\n<link rel=\"canonical\" href=\"https:\/\/sxflightcase.com\/es_es\/\u0645\u0646\u062a\u062c\/\u0648\u0627\u0642\u064a\u0627\u062a-\u0632\u0648\u0627\u064a\u0627-\u062d\u0642\u064a\u0628\u0629-\u0627\u0644\u0637\u0631\u064a\u0642-coc501\/\" \/>\n<meta property=\"og:locale\" content=\"es_ES\" \/>\n<meta property=\"og:type\" content=\"article\" \/>\n<meta property=\"og:title\" content=\"Road Case Corner Protectors COC501\" \/>\n<meta property=\"og:description\" content=\"Road case corner protectors, factory direct! High-quality, durable protection for case edges. Safeguards equipment during transport, ensuring long-lasting reliability for heavy-duty use.\" \/>\n<meta property=\"og:url\" content=\"https:\/\/sxflightcase.com\/es_es\/\u0645\u0646\u062a\u062c\/\u0648\u0627\u0642\u064a\u0627\u062a-\u0632\u0648\u0627\u064a\u0627-\u062d\u0642\u064a\u0628\u0629-\u0627\u0644\u0637\u0631\u064a\u0642-coc501\/\" \/>\n<meta property=\"og:site_name\" content=\"https:\/\/sxflightcase.com\" \/>\n<meta property=\"article:publisher\" content=\"https:\/\/www.facebook.com\/profile.php?id=61560407257971\" \/>\n<meta property=\"article:modified_time\" content=\"2024-08-20T06:54:35+00:00\" \/>\n<meta property=\"og:image\" content=\"https:\/\/sxflightcase.com\/wp-content\/uploads\/2024\/08\/COC501.jpg\" \/>\n\t<meta property=\"og:image:width\" content=\"491\" \/>\n\t<meta property=\"og:image:height\" content=\"486\" \/>\n\t<meta property=\"og:image:type\" content=\"image\/jpeg\" \/>\n<meta name=\"twitter:card\" content=\"summary_large_image\" \/>\n<meta name=\"twitter:label1\" content=\"Tiempo de lectura\" \/>\n\t<meta name=\"twitter:data1\" content=\"3 minutos\" \/>\n<script type=\"application\/ld+json\" class=\"yoast-schema-graph\">{\"@context\":\"https:\/\/schema.org\",\"@graph\":[{\"@type\":\"WebPage\",\"@id\":\"https:\/\/sxflightcase.com\/ar\/\u0645\u0646\u062a\u062c\/\u0648\u0627\u0642\u064a\u0627\u062a-\u0632\u0648\u0627\u064a\u0627-\u062d\u0642\u064a\u0628\u0629-\u0627\u0644\u0637\u0631\u064a\u0642-coc501\/\",\"url\":\"https:\/\/sxflightcase.com\/ar\/\u0645\u0646\u062a\u062c\/\u0648\u0627\u0642\u064a\u0627\u062a-\u0632\u0648\u0627\u064a\u0627-\u062d\u0642\u064a\u0628\u0629-\u0627\u0644\u0637\u0631\u064a\u0642-coc501\/\",\"name\":\"Road Case Corner Protectors COC501 - https:\/\/sxflightcase.com \ud83d\udc97\",\"isPartOf\":{\"@id\":\"https:\/\/sxflightcase.com\/th\/#website\"},\"primaryImageOfPage\":{\"@id\":\"https:\/\/sxflightcase.com\/ar\/\u0645\u0646\u062a\u062c\/\u0648\u0627\u0642\u064a\u0627\u062a-\u0632\u0648\u0627\u064a\u0627-\u062d\u0642\u064a\u0628\u0629-\u0627\u0644\u0637\u0631\u064a\u0642-coc501\/#primaryimage\"},\"image\":{\"@id\":\"https:\/\/sxflightcase.com\/ar\/\u0645\u0646\u062a\u062c\/\u0648\u0627\u0642\u064a\u0627\u062a-\u0632\u0648\u0627\u064a\u0627-\u062d\u0642\u064a\u0628\u0629-\u0627\u0644\u0637\u0631\u064a\u0642-coc501\/#primaryimage\"},\"thumbnailUrl\":\"https:\/\/sxflightcase.com\/wp-content\/uploads\/2024\/08\/COC501.jpg\",\"datePublished\":\"2024-08-20T06:50:17+00:00\",\"dateModified\":\"2024-08-20T06:54:35+00:00\",\"description\":\"Road case corner protectors, factory direct! High-quality, durable protection for case edges. Safeguards equipment during transport, ensuring long-lasting reliability for heavy-duty use.\",\"breadcrumb\":{\"@id\":\"https:\/\/sxflightcase.com\/ar\/\u0645\u0646\u062a\u062c\/\u0648\u0627\u0642\u064a\u0627\u062a-\u0632\u0648\u0627\u064a\u0627-\u062d\u0642\u064a\u0628\u0629-\u0627\u0644\u0637\u0631\u064a\u0642-coc501\/#breadcrumb\"},\"inLanguage\":\"es\",\"potentialAction\":[{\"@type\":\"ReadAction\",\"target\":[\"https:\/\/sxflightcase.com\/ar\/\u0645\u0646\u062a\u062c\/\u0648\u0627\u0642\u064a\u0627\u062a-\u0632\u0648\u0627\u064a\u0627-\u062d\u0642\u064a\u0628\u0629-\u0627\u0644\u0637\u0631\u064a\u0642-coc501\/\"]}]},{\"@type\":\"ImageObject\",\"inLanguage\":\"es\",\"@id\":\"https:\/\/sxflightcase.com\/ar\/\u0645\u0646\u062a\u062c\/\u0648\u0627\u0642\u064a\u0627\u062a-\u0632\u0648\u0627\u064a\u0627-\u062d\u0642\u064a\u0628\u0629-\u0627\u0644\u0637\u0631\u064a\u0642-coc501\/#primaryimage\",\"url\":\"https:\/\/sxflightcase.com\/wp-content\/uploads\/2024\/08\/COC501.jpg\",\"contentUrl\":\"https:\/\/sxflightcase.com\/wp-content\/uploads\/2024\/08\/COC501.jpg\",\"width\":491,\"height\":486,\"caption\":\"Road Case Corner Protectors\"},{\"@type\":\"BreadcrumbList\",\"@id\":\"https:\/\/sxflightcase.com\/ar\/\u0645\u0646\u062a\u062c\/\u0648\u0627\u0642\u064a\u0627\u062a-\u0632\u0648\u0627\u064a\u0627-\u062d\u0642\u064a\u0628\u0629-\u0627\u0644\u0637\u0631\u064a\u0642-coc501\/#breadcrumb\",\"itemListElement\":[{\"@type\":\"ListItem\",\"position\":1,\"name\":\"Home\",\"item\":\"https:\/\/sxflightcase.com\/\"},{\"@type\":\"ListItem\",\"position\":2,\"name\":\"\u0e2a\u0e34\u0e19\u0e04\u0e49\u0e32\",\"item\":\"https:\/\/sxflightcase.com\/th\/shop\/\"},{\"@type\":\"ListItem\",\"position\":3,\"name\":\"Road Case Corner Protectors COC501\"}]},{\"@type\":\"WebSite\",\"@id\":\"https:\/\/sxflightcase.com\/th\/#website\",\"url\":\"https:\/\/sxflightcase.com\/th\/\",\"name\":\"sxpowercase.com\",\"description\":\"Flight Case Factory\",\"publisher\":{\"@id\":\"https:\/\/sxflightcase.com\/th\/#organization\"},\"potentialAction\":[{\"@type\":\"SearchAction\",\"target\":{\"@type\":\"EntryPoint\",\"urlTemplate\":\"https:\/\/sxflightcase.com\/th\/?s={search_term_string}\"},\"query-input\":{\"@type\":\"PropertyValueSpecification\",\"valueRequired\":true,\"valueName\":\"search_term_string\"}}],\"inLanguage\":\"es\"},{\"@type\":\"Organization\",\"@id\":\"https:\/\/sxflightcase.com\/th\/#organization\",\"name\":\"sxpowercase.com\",\"url\":\"https:\/\/sxflightcase.com\/th\/\",\"logo\":{\"@type\":\"ImageObject\",\"inLanguage\":\"es\",\"@id\":\"https:\/\/sxflightcase.com\/th\/#\/schema\/logo\/image\/\",\"url\":\"https:\/\/sxflightcase.com\/wp-content\/uploads\/2024\/04\/1713919036007.jpg\",\"contentUrl\":\"https:\/\/sxflightcase.com\/wp-content\/uploads\/2024\/04\/1713919036007.jpg\",\"width\":382,\"height\":388,\"caption\":\"sxpowercase.com\"},\"image\":{\"@id\":\"https:\/\/sxflightcase.com\/th\/#\/schema\/logo\/image\/\"},\"sameAs\":[\"https:\/\/www.facebook.com\/profile.php?id=61560407257971\"],\"numberOfEmployees\":{\"@type\":\"QuantitativeValue\",\"minValue\":\"11\",\"maxValue\":\"50\"}}]}<\/script>\n<!-- \/ Yoast SEO Premium plugin. -->","yoast_head_json":{"title":"Road Case Corner Protectors COC501 - https:\/\/sxflightcase.com \ud83d\udc97","description":"Protectores de esquinas para maletas de carretera, \u00a1directos de f\u00e1brica! Protecci\u00f3n duradera y de alta calidad para los bordes de las maletas. Protege el equipo durante el transporte, garantizando una fiabilidad duradera para un uso intensivo.","robots":{"index":"index","follow":"follow","max-snippet":"max-snippet:-1","max-image-preview":"max-image-preview:large","max-video-preview":"max-video-preview:-1"},"canonical":"https:\/\/sxflightcase.com\/es_es\/\u0645\u0646\u062a\u062c\/\u0648\u0627\u0642\u064a\u0627\u062a-\u0632\u0648\u0627\u064a\u0627-\u062d\u0642\u064a\u0628\u0629-\u0627\u0644\u0637\u0631\u064a\u0642-coc501\/","og_locale":"es_ES","og_type":"article","og_title":"Road Case Corner Protectors COC501","og_description":"Road case corner protectors, factory direct! High-quality, durable protection for case edges. Safeguards equipment during transport, ensuring long-lasting reliability for heavy-duty use.","og_url":"https:\/\/sxflightcase.com\/es_es\/\u0645\u0646\u062a\u062c\/\u0648\u0627\u0642\u064a\u0627\u062a-\u0632\u0648\u0627\u064a\u0627-\u062d\u0642\u064a\u0628\u0629-\u0627\u0644\u0637\u0631\u064a\u0642-coc501\/","og_site_name":"https:\/\/sxflightcase.com","article_publisher":"https:\/\/www.facebook.com\/profile.php?id=61560407257971","article_modified_time":"2024-08-20T06:54:35+00:00","og_image":[{"width":491,"height":486,"url":"https:\/\/sxflightcase.com\/wp-content\/uploads\/2024\/08\/COC501.jpg","type":"image\/jpeg"}],"twitter_card":"summary_large_image","twitter_misc":{"Tiempo de lectura":"3 minutos"},"schema":{"@context":"https:\/\/schema.org","@graph":[{"@type":"WebPage","@id":"https:\/\/sxflightcase.com\/ar\/\u0645\u0646\u062a\u062c\/\u0648\u0627\u0642\u064a\u0627\u062a-\u0632\u0648\u0627\u064a\u0627-\u062d\u0642\u064a\u0628\u0629-\u0627\u0644\u0637\u0631\u064a\u0642-coc501\/","url":"https:\/\/sxflightcase.com\/ar\/\u0645\u0646\u062a\u062c\/\u0648\u0627\u0642\u064a\u0627\u062a-\u0632\u0648\u0627\u064a\u0627-\u062d\u0642\u064a\u0628\u0629-\u0627\u0644\u0637\u0631\u064a\u0642-coc501\/","name":"Road Case Corner Protectors COC501 - https:\/\/sxflightcase.com \ud83d\udc97","isPartOf":{"@id":"https:\/\/sxflightcase.com\/th\/#website"},"primaryImageOfPage":{"@id":"https:\/\/sxflightcase.com\/ar\/\u0645\u0646\u062a\u062c\/\u0648\u0627\u0642\u064a\u0627\u062a-\u0632\u0648\u0627\u064a\u0627-\u062d\u0642\u064a\u0628\u0629-\u0627\u0644\u0637\u0631\u064a\u0642-coc501\/#primaryimage"},"image":{"@id":"https:\/\/sxflightcase.com\/ar\/\u0645\u0646\u062a\u062c\/\u0648\u0627\u0642\u064a\u0627\u062a-\u0632\u0648\u0627\u064a\u0627-\u062d\u0642\u064a\u0628\u0629-\u0627\u0644\u0637\u0631\u064a\u0642-coc501\/#primaryimage"},"thumbnailUrl":"https:\/\/sxflightcase.com\/wp-content\/uploads\/2024\/08\/COC501.jpg","datePublished":"2024-08-20T06:50:17+00:00","dateModified":"2024-08-20T06:54:35+00:00","description":"Protectores de esquinas para maletas de carretera, \u00a1directos de f\u00e1brica! Protecci\u00f3n duradera y de alta calidad para los bordes de las maletas. Protege el equipo durante el transporte, garantizando una fiabilidad duradera para un uso intensivo.","breadcrumb":{"@id":"https:\/\/sxflightcase.com\/ar\/\u0645\u0646\u062a\u062c\/\u0648\u0627\u0642\u064a\u0627\u062a-\u0632\u0648\u0627\u064a\u0627-\u062d\u0642\u064a\u0628\u0629-\u0627\u0644\u0637\u0631\u064a\u0642-coc501\/#breadcrumb"},"inLanguage":"es","potentialAction":[{"@type":"ReadAction","target":["https:\/\/sxflightcase.com\/ar\/\u0645\u0646\u062a\u062c\/\u0648\u0627\u0642\u064a\u0627\u062a-\u0632\u0648\u0627\u064a\u0627-\u062d\u0642\u064a\u0628\u0629-\u0627\u0644\u0637\u0631\u064a\u0642-coc501\/"]}]},{"@type":"ImageObject","inLanguage":"es","@id":"https:\/\/sxflightcase.com\/ar\/\u0645\u0646\u062a\u062c\/\u0648\u0627\u0642\u064a\u0627\u062a-\u0632\u0648\u0627\u064a\u0627-\u062d\u0642\u064a\u0628\u0629-\u0627\u0644\u0637\u0631\u064a\u0642-coc501\/#primaryimage","url":"https:\/\/sxflightcase.com\/wp-content\/uploads\/2024\/08\/COC501.jpg","contentUrl":"https:\/\/sxflightcase.com\/wp-content\/uploads\/2024\/08\/COC501.jpg","width":491,"height":486,"caption":"Road Case Corner Protectors"},{"@type":"BreadcrumbList","@id":"https:\/\/sxflightcase.com\/ar\/\u0645\u0646\u062a\u062c\/\u0648\u0627\u0642\u064a\u0627\u062a-\u0632\u0648\u0627\u064a\u0627-\u062d\u0642\u064a\u0628\u0629-\u0627\u0644\u0637\u0631\u064a\u0642-coc501\/#breadcrumb","itemListElement":[{"@type":"ListItem","position":1,"name":"Home","item":"https:\/\/sxflightcase.com\/"},{"@type":"ListItem","position":2,"name":"\u0e2a\u0e34\u0e19\u0e04\u0e49\u0e32","item":"https:\/\/sxflightcase.com\/th\/shop\/"},{"@type":"ListItem","position":3,"name":"Road Case Corner Protectors COC501"}]},{"@type":"WebSite","@id":"https:\/\/sxflightcase.com\/th\/#website","url":"https:\/\/sxflightcase.com\/th\/","name":"es.sxpowercase.com","description":"F\u00e1brica de flightcases","publisher":{"@id":"https:\/\/sxflightcase.com\/th\/#organization"},"potentialAction":[{"@type":"SearchAction","target":{"@type":"EntryPoint","urlTemplate":"https:\/\/sxflightcase.com\/th\/?s={search_term_string}"},"query-input":{"@type":"PropertyValueSpecification","valueRequired":true,"valueName":"search_term_string"}}],"inLanguage":"es"},{"@type":"Organization","@id":"https:\/\/sxflightcase.com\/th\/#organization","name":"es.sxpowercase.com","url":"https:\/\/sxflightcase.com\/th\/","logo":{"@type":"ImageObject","inLanguage":"es","@id":"https:\/\/sxflightcase.com\/th\/#\/schema\/logo\/image\/","url":"https:\/\/sxflightcase.com\/wp-content\/uploads\/2024\/04\/1713919036007.jpg","contentUrl":"https:\/\/sxflightcase.com\/wp-content\/uploads\/2024\/04\/1713919036007.jpg","width":382,"height":388,"caption":"sxpowercase.com"},"image":{"@id":"https:\/\/sxflightcase.com\/th\/#\/schema\/logo\/image\/"},"sameAs":["https:\/\/www.facebook.com\/profile.php?id=61560407257971"],"numberOfEmployees":{"@type":"QuantitativeValue","minValue":"11","maxValue":"50"}}]}},"_links":{"self":[{"href":"https:\/\/sxflightcase.com\/es_es\/wp-json\/wp\/v2\/product\/4146","targetHints":{"allow":["GET"]}}],"collection":[{"href":"https:\/\/sxflightcase.com\/es_es\/wp-json\/wp\/v2\/product"}],"about":[{"href":"https:\/\/sxflightcase.com\/es_es\/wp-json\/wp\/v2\/types\/product"}],"replies":[{"embeddable":true,"href":"https:\/\/sxflightcase.com\/es_es\/wp-json\/wp\/v2\/comments?post=4146"}],"version-history":[{"count":0,"href":"https:\/\/sxflightcase.com\/es_es\/wp-json\/wp\/v2\/product\/4146\/revisions"}],"wp:featuredmedia":[{"embeddable":true,"href":"https:\/\/sxflightcase.com\/es_es\/wp-json\/wp\/v2\/media\/4091"}],"wp:attachment":[{"href":"https:\/\/sxflightcase.com\/es_es\/wp-json\/wp\/v2\/media?parent=4146"}],"wp:term":[{"taxonomy":"product_brand","embeddable":true,"href":"https:\/\/sxflightcase.com\/es_es\/wp-json\/wp\/v2\/product_brand?post=4146"},{"taxonomy":"product_cat","embeddable":true,"href":"https:\/\/sxflightcase.com\/es_es\/wp-json\/wp\/v2\/product_cat?post=4146"},{"taxonomy":"product_tag","embeddable":true,"href":"https:\/\/sxflightcase.com\/es_es\/wp-json\/wp\/v2\/product_tag?post=4146"}],"curies":[{"name":"wp","href":"https:\/\/api.w.org\/{rel}","templated":true}]}}