{"id":4147,"date":"2024-08-20T07:54:30","date_gmt":"2024-08-20T06:54:30","guid":{"rendered":"https:\/\/sxpowercase.com\/?post_type=product&#038;p=4147"},"modified":"2024-08-20T07:54:31","modified_gmt":"2024-08-20T06:54:31","slug":"road-case-corner-protectors-coc502","status":"publish","type":"product","link":"https:\/\/sxflightcase.com\/es_es\/producto\/cantoneras-para-maletas-de-carretera-coc502-2\/","title":{"rendered":"Protectores de esquinas para Road Case COC502"},"content":{"rendered":"<h3>Mant\u00e9n tu equipo a salvo con los protectores de esquinas SX Road Case<\/h3>\n<h4>Protecci\u00f3n esencial para cada viaje<\/h4>\n<p>Cuando se trata de proteger su valioso equipo, los peque\u00f1os detalles importan. SX ofrece <strong>Protectores de esquinas para maletas de carretera<\/strong> dise\u00f1ados para proporcionar una barrera resistente y fiable contra los golpes y ca\u00eddas que se producen en los viajes frecuentes. Con estos protectores, tu equipo estar\u00e1 seguro y tus maletas permanecer\u00e1n intactas viaje tras viaje.<\/p>\n<h4>Construido para un rendimiento resistente<\/h4>\n<p>SX <strong>Protectores de esquinas para maletas de carretera<\/strong> est\u00e1n fabricadas con materiales de primera calidad, dise\u00f1ados para soportar entornos dif\u00edciles y un uso constante. Tanto si transporta su equipo a un concierto, un estudio o un evento, estos protectores aportan a sus maletas una capa adicional de durabilidad. Los precios directos de f\u00e1brica le garantizan productos de alta calidad sin el coste adicional, lo que facilita la protecci\u00f3n de su equipo.<\/p>\n<h4>Instalaci\u00f3n sencilla, m\u00e1xima eficacia<\/h4>\n<p>Instalaci\u00f3n de <a href=\"https:\/\/sxpowercase.com\/\" target=\"_blank\" rel=\"noopener\" title=\"SX\" data-wpil-monitor-id=\"676\">SX<\/a> <strong>Protectores de esquinas para maletas de carretera<\/strong> es sencillo y r\u00e1pido. Estos protectores est\u00e1n dise\u00f1ados para ser universalmente compatibles con varios tipos y tama\u00f1os de fundas. Esta adaptabilidad significa que puede mejorar su configuraci\u00f3n actual o personalizar nuevas fundas con el m\u00ednimo esfuerzo. SX se enorgullece de ofrecer soluciones que son f\u00e1ciles de implementar a la vez que proporcionan valor y protecci\u00f3n a largo plazo.<\/p>\n<h4>Opciones personalizadas adaptadas a sus necesidades<\/h4>\n<p>Cada caso es \u00fanico, y SX lo entiende. Nuestro <strong>Road Case Protector de esquinas<\/strong>\u00a0pueden personalizarse para adaptarse a sus requisitos espec\u00edficos, ya sea el material, el tama\u00f1o o el acabado. Esta flexibilidad le permite obtener exactamente lo que necesita al tiempo que se beneficia de los precios directos de f\u00e1brica de SX, que mantienen los costes bajos sin comprometer la calidad.<\/p>\n<h4>De confianza en entornos profesionales<\/h4>\n<p>SX <strong>Protectores de esquinas para maletas de carretera<\/strong> son utilizados por profesionales de la m\u00fasica, el entretenimiento y la industria audiovisual. Conf\u00edan en nuestros productos para proteger sus equipos durante el transporte, garantizando que todo llegue en perfectas condiciones. Cuando elige SX, est\u00e1 eligiendo una marca conocida por su fiabilidad, valor y compromiso con la excelencia.<\/p>\n<h4>Protecci\u00f3n asequible con calidad garantizada<\/h4>\n<p>Gracias al modelo de venta directa de f\u00e1brica de SX, nuestros <strong>Road Case Protector de esquinas<\/strong>\u00a0tienen un precio competitivo sin sacrificar la calidad. Obtendr\u00e1 una s\u00f3lida protecci\u00f3n para sus equipos al tiempo que mantiene sus gastos bajo control. Cada producto se somete a estrictos controles de calidad, por lo que puede confiar en el rendimiento duradero de cada compra.<\/p>\n<h4>Calidad de confianza a precios asequibles<\/h4>\n<p>Para una protecci\u00f3n eficaz y de bajo coste, SX's <a href=\"https:\/\/sxpowercase.com\/product\/road-case-corner-protectors-coc501\/\"><strong>Protectores de esquinas para maletas de carretera<\/strong><\/a> son la elecci\u00f3n inteligente. Nuestros protectores le ofrecen la tranquilidad de saber que su equipo est\u00e1 a salvo de da\u00f1os, a la vez que disfruta de importantes ahorros gracias a los precios directos de f\u00e1brica. Conf\u00ede en SX para obtener soluciones fiables y duraderas que satisfagan sus necesidades profesionales.<\/p>\n<p>P\u00f3ngase en contacto con nosotros:<span style=\"color: #0000ff;\"><a style=\"color: #0000ff;\" href=\"https:\/\/sxpowercase.com\/contact-us\/\">https:\/\/sxpowercase.com\/<\/a><\/span><\/p>\n<p>Cat\u00e1logo de productos de hardware\uff1a<span style=\"color: #3366ff;\"><a style=\"color: #3366ff;\" href=\"https:\/\/sxpowercase.com\/wp-content\/uploads\/2024\/07\/\u4e94\u91d1.pdf\">Cat\u00e1logo de accesorios de ferreter\u00eda<\/a><\/span><\/p>","protected":false},"excerpt":{"rendered":"<div class=\"flex max-w-full flex-col flex-grow\">\n<div class=\"\">\n<p>&nbsp;<\/p>\n<div class=\"flex w-full flex-col gap-1 empty:hidden first:pt-[3px]\">\n<div class=\"markdown prose w-full break-words dark:prose-invert light\">\n<h3>SX Road Case Corner Protectors: Ultimate Gear Defense<\/h3>\n<p>Safeguard your equipment during transport with SX Road Case Corner Protectors, designed to absorb harsh impacts and prevent damage. Get superior protection at factory-direct prices.<\/p>\n<h3>Built for Professional Durability<\/h3>\n<p>SX Corner Protectors are made from impact-resistant materials, ensuring your cases stay secure even with constant use. Enjoy long-lasting reliability without overspending.<\/p>\n<h3>Customizable Protection, Perfect Fit<\/h3>\n<p>SX offers customizable corner protectors to meet your specific needs. Easy to install and universally compatible, they provide tailored solutions for various case sizes and styles.<\/p>\n<\/div>\n<\/div>\n<\/div>\n<\/div>\n","protected":false},"featured_media":4092,"comment_status":"open","ping_status":"closed","template":"","meta":[],"product_brand":[],"product_cat":[63],"product_tag":[],"class_list":{"0":"post-4147","1":"product","2":"type-product","3":"status-publish","4":"has-post-thumbnail","6":"product_cat-corners","8":"first","9":"instock","10":"shipping-taxable","11":"product-type-simple"},"yoast_head":"<!-- This site is optimized with the Yoast SEO Premium plugin v27.1 (Yoast SEO v27.2) - https:\/\/yoast.com\/product\/yoast-seo-premium-wordpress\/ -->\n<title>Road Case Corner Protectors COC502 - https:\/\/sxflightcase.com \ud83d\udc97<\/title>\n<meta name=\"description\" content=\"Road case corner protectors, factory direct! High-quality, durable protection for case edges. Safeguards equipment during transport, ensuring long-lasting reliability for heavy-duty use.\" \/>\n<meta name=\"robots\" content=\"index, follow, max-snippet:-1, max-image-preview:large, max-video-preview:-1\" \/>\n<link rel=\"canonical\" href=\"https:\/\/sxflightcase.com\/es_es\/\uc81c\ud488\/\ub85c\ub4dc-\ucf00\uc774\uc2a4-\ucf54\ub108-\ud504\ub85c\ud14d\ud130-coc502-2\/\" \/>\n<meta property=\"og:locale\" content=\"es_ES\" \/>\n<meta property=\"og:type\" content=\"article\" \/>\n<meta property=\"og:title\" content=\"Road Case Corner Protectors COC502\" \/>\n<meta property=\"og:description\" content=\"Road case corner protectors, factory direct! High-quality, durable protection for case edges. Safeguards equipment during transport, ensuring long-lasting reliability for heavy-duty use.\" \/>\n<meta property=\"og:url\" content=\"https:\/\/sxflightcase.com\/es_es\/\uc81c\ud488\/\ub85c\ub4dc-\ucf00\uc774\uc2a4-\ucf54\ub108-\ud504\ub85c\ud14d\ud130-coc502-2\/\" \/>\n<meta property=\"og:site_name\" content=\"https:\/\/sxflightcase.com\" \/>\n<meta property=\"article:publisher\" content=\"https:\/\/www.facebook.com\/profile.php?id=61560407257971\" \/>\n<meta property=\"article:modified_time\" content=\"2024-08-20T06:54:31+00:00\" \/>\n<meta property=\"og:image\" content=\"https:\/\/sxflightcase.com\/wp-content\/uploads\/2024\/08\/COC502.jpg\" \/>\n\t<meta property=\"og:image:width\" content=\"520\" \/>\n\t<meta property=\"og:image:height\" content=\"520\" \/>\n\t<meta property=\"og:image:type\" content=\"image\/jpeg\" \/>\n<meta name=\"twitter:card\" content=\"summary_large_image\" \/>\n<meta name=\"twitter:label1\" content=\"Tiempo de lectura\" \/>\n\t<meta name=\"twitter:data1\" content=\"3 minutos\" \/>\n<script type=\"application\/ld+json\" class=\"yoast-schema-graph\">{\"@context\":\"https:\/\/schema.org\",\"@graph\":[{\"@type\":\"WebPage\",\"@id\":\"https:\/\/sxflightcase.com\/ko\/\uc81c\ud488\/\ub85c\ub4dc-\ucf00\uc774\uc2a4-\ucf54\ub108-\ud504\ub85c\ud14d\ud130-coc502-2\/\",\"url\":\"https:\/\/sxflightcase.com\/ko\/\uc81c\ud488\/\ub85c\ub4dc-\ucf00\uc774\uc2a4-\ucf54\ub108-\ud504\ub85c\ud14d\ud130-coc502-2\/\",\"name\":\"Road Case Corner Protectors COC502 - https:\/\/sxflightcase.com \ud83d\udc97\",\"isPartOf\":{\"@id\":\"https:\/\/sxflightcase.com\/th\/#website\"},\"primaryImageOfPage\":{\"@id\":\"https:\/\/sxflightcase.com\/ko\/\uc81c\ud488\/\ub85c\ub4dc-\ucf00\uc774\uc2a4-\ucf54\ub108-\ud504\ub85c\ud14d\ud130-coc502-2\/#primaryimage\"},\"image\":{\"@id\":\"https:\/\/sxflightcase.com\/ko\/\uc81c\ud488\/\ub85c\ub4dc-\ucf00\uc774\uc2a4-\ucf54\ub108-\ud504\ub85c\ud14d\ud130-coc502-2\/#primaryimage\"},\"thumbnailUrl\":\"https:\/\/sxflightcase.com\/wp-content\/uploads\/2024\/08\/COC502.jpg\",\"datePublished\":\"2024-08-20T06:54:30+00:00\",\"dateModified\":\"2024-08-20T06:54:31+00:00\",\"description\":\"Road case corner protectors, factory direct! High-quality, durable protection for case edges. Safeguards equipment during transport, ensuring long-lasting reliability for heavy-duty use.\",\"breadcrumb\":{\"@id\":\"https:\/\/sxflightcase.com\/ko\/\uc81c\ud488\/\ub85c\ub4dc-\ucf00\uc774\uc2a4-\ucf54\ub108-\ud504\ub85c\ud14d\ud130-coc502-2\/#breadcrumb\"},\"inLanguage\":\"es\",\"potentialAction\":[{\"@type\":\"ReadAction\",\"target\":[\"https:\/\/sxflightcase.com\/ko\/\uc81c\ud488\/\ub85c\ub4dc-\ucf00\uc774\uc2a4-\ucf54\ub108-\ud504\ub85c\ud14d\ud130-coc502-2\/\"]}]},{\"@type\":\"ImageObject\",\"inLanguage\":\"es\",\"@id\":\"https:\/\/sxflightcase.com\/ko\/\uc81c\ud488\/\ub85c\ub4dc-\ucf00\uc774\uc2a4-\ucf54\ub108-\ud504\ub85c\ud14d\ud130-coc502-2\/#primaryimage\",\"url\":\"https:\/\/sxflightcase.com\/wp-content\/uploads\/2024\/08\/COC502.jpg\",\"contentUrl\":\"https:\/\/sxflightcase.com\/wp-content\/uploads\/2024\/08\/COC502.jpg\",\"width\":520,\"height\":520,\"caption\":\"Road Case Corner Protectors\"},{\"@type\":\"BreadcrumbList\",\"@id\":\"https:\/\/sxflightcase.com\/ko\/\uc81c\ud488\/\ub85c\ub4dc-\ucf00\uc774\uc2a4-\ucf54\ub108-\ud504\ub85c\ud14d\ud130-coc502-2\/#breadcrumb\",\"itemListElement\":[{\"@type\":\"ListItem\",\"position\":1,\"name\":\"Home\",\"item\":\"https:\/\/sxflightcase.com\/\"},{\"@type\":\"ListItem\",\"position\":2,\"name\":\"\u0e2a\u0e34\u0e19\u0e04\u0e49\u0e32\",\"item\":\"https:\/\/sxflightcase.com\/th\/shop\/\"},{\"@type\":\"ListItem\",\"position\":3,\"name\":\"Road Case Corner Protectors COC502\"}]},{\"@type\":\"WebSite\",\"@id\":\"https:\/\/sxflightcase.com\/th\/#website\",\"url\":\"https:\/\/sxflightcase.com\/th\/\",\"name\":\"sxpowercase.com\",\"description\":\"Flight Case Factory\",\"publisher\":{\"@id\":\"https:\/\/sxflightcase.com\/th\/#organization\"},\"potentialAction\":[{\"@type\":\"SearchAction\",\"target\":{\"@type\":\"EntryPoint\",\"urlTemplate\":\"https:\/\/sxflightcase.com\/th\/?s={search_term_string}\"},\"query-input\":{\"@type\":\"PropertyValueSpecification\",\"valueRequired\":true,\"valueName\":\"search_term_string\"}}],\"inLanguage\":\"es\"},{\"@type\":\"Organization\",\"@id\":\"https:\/\/sxflightcase.com\/th\/#organization\",\"name\":\"sxpowercase.com\",\"url\":\"https:\/\/sxflightcase.com\/th\/\",\"logo\":{\"@type\":\"ImageObject\",\"inLanguage\":\"es\",\"@id\":\"https:\/\/sxflightcase.com\/th\/#\/schema\/logo\/image\/\",\"url\":\"https:\/\/sxflightcase.com\/wp-content\/uploads\/2024\/04\/1713919036007.jpg\",\"contentUrl\":\"https:\/\/sxflightcase.com\/wp-content\/uploads\/2024\/04\/1713919036007.jpg\",\"width\":382,\"height\":388,\"caption\":\"sxpowercase.com\"},\"image\":{\"@id\":\"https:\/\/sxflightcase.com\/th\/#\/schema\/logo\/image\/\"},\"sameAs\":[\"https:\/\/www.facebook.com\/profile.php?id=61560407257971\"],\"numberOfEmployees\":{\"@type\":\"QuantitativeValue\",\"minValue\":\"11\",\"maxValue\":\"50\"}}]}<\/script>\n<!-- \/ Yoast SEO Premium plugin. -->","yoast_head_json":{"title":"Road Case Corner Protectors COC502 - https:\/\/sxflightcase.com \ud83d\udc97","description":"Protectores de esquinas para maletas de carretera, \u00a1directos de f\u00e1brica! Protecci\u00f3n duradera y de alta calidad para los bordes de las maletas. Protege el equipo durante el transporte, garantizando una fiabilidad duradera para un uso intensivo.","robots":{"index":"index","follow":"follow","max-snippet":"max-snippet:-1","max-image-preview":"max-image-preview:large","max-video-preview":"max-video-preview:-1"},"canonical":"https:\/\/sxflightcase.com\/es_es\/\uc81c\ud488\/\ub85c\ub4dc-\ucf00\uc774\uc2a4-\ucf54\ub108-\ud504\ub85c\ud14d\ud130-coc502-2\/","og_locale":"es_ES","og_type":"article","og_title":"Road Case Corner Protectors COC502","og_description":"Road case corner protectors, factory direct! High-quality, durable protection for case edges. Safeguards equipment during transport, ensuring long-lasting reliability for heavy-duty use.","og_url":"https:\/\/sxflightcase.com\/es_es\/\uc81c\ud488\/\ub85c\ub4dc-\ucf00\uc774\uc2a4-\ucf54\ub108-\ud504\ub85c\ud14d\ud130-coc502-2\/","og_site_name":"https:\/\/sxflightcase.com","article_publisher":"https:\/\/www.facebook.com\/profile.php?id=61560407257971","article_modified_time":"2024-08-20T06:54:31+00:00","og_image":[{"width":520,"height":520,"url":"https:\/\/sxflightcase.com\/wp-content\/uploads\/2024\/08\/COC502.jpg","type":"image\/jpeg"}],"twitter_card":"summary_large_image","twitter_misc":{"Tiempo de lectura":"3 minutos"},"schema":{"@context":"https:\/\/schema.org","@graph":[{"@type":"WebPage","@id":"https:\/\/sxflightcase.com\/ko\/\uc81c\ud488\/\ub85c\ub4dc-\ucf00\uc774\uc2a4-\ucf54\ub108-\ud504\ub85c\ud14d\ud130-coc502-2\/","url":"https:\/\/sxflightcase.com\/ko\/\uc81c\ud488\/\ub85c\ub4dc-\ucf00\uc774\uc2a4-\ucf54\ub108-\ud504\ub85c\ud14d\ud130-coc502-2\/","name":"Road Case Corner Protectors COC502 - https:\/\/sxflightcase.com \ud83d\udc97","isPartOf":{"@id":"https:\/\/sxflightcase.com\/th\/#website"},"primaryImageOfPage":{"@id":"https:\/\/sxflightcase.com\/ko\/\uc81c\ud488\/\ub85c\ub4dc-\ucf00\uc774\uc2a4-\ucf54\ub108-\ud504\ub85c\ud14d\ud130-coc502-2\/#primaryimage"},"image":{"@id":"https:\/\/sxflightcase.com\/ko\/\uc81c\ud488\/\ub85c\ub4dc-\ucf00\uc774\uc2a4-\ucf54\ub108-\ud504\ub85c\ud14d\ud130-coc502-2\/#primaryimage"},"thumbnailUrl":"https:\/\/sxflightcase.com\/wp-content\/uploads\/2024\/08\/COC502.jpg","datePublished":"2024-08-20T06:54:30+00:00","dateModified":"2024-08-20T06:54:31+00:00","description":"Protectores de esquinas para maletas de carretera, \u00a1directos de f\u00e1brica! Protecci\u00f3n duradera y de alta calidad para los bordes de las maletas. Protege el equipo durante el transporte, garantizando una fiabilidad duradera para un uso intensivo.","breadcrumb":{"@id":"https:\/\/sxflightcase.com\/ko\/\uc81c\ud488\/\ub85c\ub4dc-\ucf00\uc774\uc2a4-\ucf54\ub108-\ud504\ub85c\ud14d\ud130-coc502-2\/#breadcrumb"},"inLanguage":"es","potentialAction":[{"@type":"ReadAction","target":["https:\/\/sxflightcase.com\/ko\/\uc81c\ud488\/\ub85c\ub4dc-\ucf00\uc774\uc2a4-\ucf54\ub108-\ud504\ub85c\ud14d\ud130-coc502-2\/"]}]},{"@type":"ImageObject","inLanguage":"es","@id":"https:\/\/sxflightcase.com\/ko\/\uc81c\ud488\/\ub85c\ub4dc-\ucf00\uc774\uc2a4-\ucf54\ub108-\ud504\ub85c\ud14d\ud130-coc502-2\/#primaryimage","url":"https:\/\/sxflightcase.com\/wp-content\/uploads\/2024\/08\/COC502.jpg","contentUrl":"https:\/\/sxflightcase.com\/wp-content\/uploads\/2024\/08\/COC502.jpg","width":520,"height":520,"caption":"Road Case Corner Protectors"},{"@type":"BreadcrumbList","@id":"https:\/\/sxflightcase.com\/ko\/\uc81c\ud488\/\ub85c\ub4dc-\ucf00\uc774\uc2a4-\ucf54\ub108-\ud504\ub85c\ud14d\ud130-coc502-2\/#breadcrumb","itemListElement":[{"@type":"ListItem","position":1,"name":"Home","item":"https:\/\/sxflightcase.com\/"},{"@type":"ListItem","position":2,"name":"\u0e2a\u0e34\u0e19\u0e04\u0e49\u0e32","item":"https:\/\/sxflightcase.com\/th\/shop\/"},{"@type":"ListItem","position":3,"name":"Road Case Corner Protectors COC502"}]},{"@type":"WebSite","@id":"https:\/\/sxflightcase.com\/th\/#website","url":"https:\/\/sxflightcase.com\/th\/","name":"es.sxpowercase.com","description":"F\u00e1brica de flightcases","publisher":{"@id":"https:\/\/sxflightcase.com\/th\/#organization"},"potentialAction":[{"@type":"SearchAction","target":{"@type":"EntryPoint","urlTemplate":"https:\/\/sxflightcase.com\/th\/?s={search_term_string}"},"query-input":{"@type":"PropertyValueSpecification","valueRequired":true,"valueName":"search_term_string"}}],"inLanguage":"es"},{"@type":"Organization","@id":"https:\/\/sxflightcase.com\/th\/#organization","name":"es.sxpowercase.com","url":"https:\/\/sxflightcase.com\/th\/","logo":{"@type":"ImageObject","inLanguage":"es","@id":"https:\/\/sxflightcase.com\/th\/#\/schema\/logo\/image\/","url":"https:\/\/sxflightcase.com\/wp-content\/uploads\/2024\/04\/1713919036007.jpg","contentUrl":"https:\/\/sxflightcase.com\/wp-content\/uploads\/2024\/04\/1713919036007.jpg","width":382,"height":388,"caption":"sxpowercase.com"},"image":{"@id":"https:\/\/sxflightcase.com\/th\/#\/schema\/logo\/image\/"},"sameAs":["https:\/\/www.facebook.com\/profile.php?id=61560407257971"],"numberOfEmployees":{"@type":"QuantitativeValue","minValue":"11","maxValue":"50"}}]}},"_links":{"self":[{"href":"https:\/\/sxflightcase.com\/es_es\/wp-json\/wp\/v2\/product\/4147","targetHints":{"allow":["GET"]}}],"collection":[{"href":"https:\/\/sxflightcase.com\/es_es\/wp-json\/wp\/v2\/product"}],"about":[{"href":"https:\/\/sxflightcase.com\/es_es\/wp-json\/wp\/v2\/types\/product"}],"replies":[{"embeddable":true,"href":"https:\/\/sxflightcase.com\/es_es\/wp-json\/wp\/v2\/comments?post=4147"}],"version-history":[{"count":0,"href":"https:\/\/sxflightcase.com\/es_es\/wp-json\/wp\/v2\/product\/4147\/revisions"}],"wp:featuredmedia":[{"embeddable":true,"href":"https:\/\/sxflightcase.com\/es_es\/wp-json\/wp\/v2\/media\/4092"}],"wp:attachment":[{"href":"https:\/\/sxflightcase.com\/es_es\/wp-json\/wp\/v2\/media?parent=4147"}],"wp:term":[{"taxonomy":"product_brand","embeddable":true,"href":"https:\/\/sxflightcase.com\/es_es\/wp-json\/wp\/v2\/product_brand?post=4147"},{"taxonomy":"product_cat","embeddable":true,"href":"https:\/\/sxflightcase.com\/es_es\/wp-json\/wp\/v2\/product_cat?post=4147"},{"taxonomy":"product_tag","embeddable":true,"href":"https:\/\/sxflightcase.com\/es_es\/wp-json\/wp\/v2\/product_tag?post=4147"}],"curies":[{"name":"wp","href":"https:\/\/api.w.org\/{rel}","templated":true}]}}