{"id":4158,"date":"2024-08-21T07:24:43","date_gmt":"2024-08-21T06:24:43","guid":{"rendered":"https:\/\/sxpowercase.com\/?post_type=product&#038;p=4158"},"modified":"2024-08-21T07:24:44","modified_gmt":"2024-08-21T06:24:44","slug":"metal-corner-protector-coc601","status":"publish","type":"product","link":"https:\/\/sxflightcase.com\/es_es\/producto\/cantonera-metalica-coc601-2\/","title":{"rendered":"Protector de esquinas de metal COC601"},"content":{"rendered":"<h3>Protecci\u00f3n fiable con el protector de esquinas met\u00e1lico SX<\/h3>\n<h4>Protecci\u00f3n esencial para su equipo<\/h4>\n<p>Para los profesionales que necesitan una protecci\u00f3n fiable de sus equipos, el SX <span style=\"color: #3366ff;\"><a style=\"color: #3366ff;\" href=\"https:\/\/sxpowercase.com\/product\/road-case-corner-protectors-coc502\/\"><strong>Protector met\u00e1lico para esquinas<\/strong><\/a><\/span> es una excelente elecci\u00f3n. Dise\u00f1adas para proteger las flight cases y las maletas de carretera de los impactos, estas cantoneras mejoran la durabilidad y la longevidad. Si opta por SX, estar\u00e1 eligiendo calidad a un precio directo de f\u00e1brica, lo que le garantiza la mejor relaci\u00f3n calidad-precio.<\/p>\n<h4>Dise\u00f1ados para durar en entornos dif\u00edciles<\/h4>\n<p>SX <strong>Cantoneras met\u00e1licas<\/strong> est\u00e1n fabricados con materiales de primera calidad dise\u00f1ados para resistir la manipulaci\u00f3n brusca, el uso intensivo y las condiciones m\u00e1s exigentes. Tanto si transporta su equipo por la ciudad como por todo el mundo, estos protectores ofrecen una defensa de primer nivel contra abolladuras, ara\u00f1azos y otros da\u00f1os. El dise\u00f1o robusto significa fiabilidad a largo plazo a un precio bajo.<\/p>\n<h4>Instalaci\u00f3n sencilla para una m\u00e1xima protecci\u00f3n<\/h4>\n<p>El <a href=\"https:\/\/sxpowercase.com\/\" target=\"_blank\" rel=\"noopener\" title=\"SX\" data-wpil-monitor-id=\"679\">SX<\/a> <strong>Protector met\u00e1lico para esquinas<\/strong> es f\u00e1cil de instalar, por lo que resulta sencillo a\u00f1adir protecci\u00f3n a sus maletas existentes o nuevas. Gracias a su compatibilidad con una amplia gama de tipos y tama\u00f1os de maletas, estos protectores ofrecen flexibilidad para diversas aplicaciones. En SX, nos centramos en ofrecer soluciones de alta calidad y bajo coste que sean f\u00e1ciles de implementar y que, al mismo tiempo, garanticen la seguridad de sus equipos.<\/p>\n<h4>Adaptable a sus necesidades<\/h4>\n<p>Cada instalaci\u00f3n es \u00fanica, y SX entiende la necesidad de soluciones a medida. Nuestro <strong>Cantoneras met\u00e1licas<\/strong> pueden personalizarse en t\u00e9rminos de tama\u00f1o, acabado y especificaciones para adaptarse a sus requisitos espec\u00edficos. Al ofrecer opciones directas de f\u00e1brica, SX proporciona personalizaciones que no tienen un precio elevado, lo que le permite obtener exactamente lo que necesita sin comprometer la calidad.<\/p>\n<h4>La confianza de profesionales de todos los sectores<\/h4>\n<p>SX <strong>Cantoneras met\u00e1licas<\/strong> cuentan con la confianza de los profesionales de los sectores del entretenimiento, la m\u00fasica y los equipos audiovisuales. Al proteger las maletas de los da\u00f1os, garantizan que el valioso equipo llegue siempre en perfectas condiciones. El compromiso de SX con la calidad y el precio directo de f\u00e1brica significa que obtendr\u00e1 un producto que ofrece valor y rendimiento.<\/p>\n<h4>Calidad y asequibilidad combinadas<\/h4>\n<p>Al elegir SX <strong>Cantoneras met\u00e1licas<\/strong>no s\u00f3lo invierte en protecci\u00f3n, sino tambi\u00e9n en calidad. Gracias a nuestro enfoque de venta directa de f\u00e1brica, disfrutar\u00e1 de un ahorro significativo sin sacrificar la fiabilidad. Cada protector se somete a rigurosas pruebas de durabilidad, lo que le da confianza en su rendimiento a la vez que mantiene los costes bajos.<\/p>\n<h4>La elecci\u00f3n inteligente para una protecci\u00f3n rentable<\/h4>\n<p>SX <strong>Cantoneras met\u00e1licas<\/strong> ofrecen una protecci\u00f3n fiable y rentable para sus maletas, lo que los convierte en una opci\u00f3n inteligente para profesionales y empresas. Con una combinaci\u00f3n de durabilidad, facilidad de instalaci\u00f3n y asequibilidad, estos protectores le ayudan a proteger sus inversiones sin arruinarse. Conf\u00ede en SX para obtener soluciones de alta calidad y bajo coste adaptadas a sus necesidades.<\/p>\n<p>P\u00f3ngase en contacto con nosotros:<span style=\"color: #0000ff;\"><a style=\"color: #0000ff;\" href=\"https:\/\/sxpowercase.com\/contact-us\/\">https:\/\/sxpowercase.com\/<\/a><\/span><\/p>\n<p>Cat\u00e1logo de productos de hardware\uff1a<span style=\"color: #3366ff;\"><a style=\"color: #3366ff;\" href=\"https:\/\/sxpowercase.com\/wp-content\/uploads\/2024\/07\/\u4e94\u91d1.pdf\">Cat\u00e1logo de accesorios de ferreter\u00eda<\/a><\/span><\/p>","protected":false},"excerpt":{"rendered":"<div class=\"flex max-w-full flex-col flex-grow\">\n<div class=\"min-h-[20px] text-message flex w-full flex-col items-end gap-2 break-words [.text-message+&amp;]:mt-5 overflow-x-auto whitespace-pre-wrap\" dir=\"auto\" data-message-author-role=\"assistant\" data-message-id=\"1065a7ee-4302-4017-b1b0-786dd3af75a9\">\n<div class=\"flex w-full flex-col gap-1 empty:hidden first:pt-[3px]\">\n<div class=\"markdown prose w-full break-words dark:prose-invert light\">\n<h3>SX Metal Corner Protector: Essential Defense for Your Gear<\/h3>\n<p>Protect your equipment from impacts with SX Metal Corner Protectors, offering top-tier durability and factory-direct pricing for unbeatable value.<\/p>\n<h3>Built for Tough Conditions<\/h3>\n<p>Engineered from premium materials, SX Metal Corner Protectors withstand rough handling and heavy use, ensuring your cases stay intact in any environment.<\/p>\n<h3>Customizable and Easy to Install<\/h3>\n<p>SX provides customizable options to fit your unique needs, with quick installation and universal compatibility that make upgrading your cases effortless.<\/p>\n<\/div>\n<\/div>\n<\/div>\n<\/div>\n","protected":false},"featured_media":4093,"comment_status":"open","ping_status":"closed","template":"","meta":[],"product_brand":[],"product_cat":[63],"product_tag":[],"class_list":{"0":"post-4158","1":"product","2":"type-product","3":"status-publish","4":"has-post-thumbnail","6":"product_cat-corners","8":"first","9":"instock","10":"shipping-taxable","11":"product-type-simple"},"yoast_head":"<!-- This site is optimized with the Yoast SEO Premium plugin v27.1 (Yoast SEO v27.2) - https:\/\/yoast.com\/product\/yoast-seo-premium-wordpress\/ -->\n<title>Metal Corner Protector COC601 - https:\/\/sxflightcase.com \ud83d\udc97<\/title>\n<meta name=\"description\" content=\"Metal corner protector, factory direct! High-quality, durable protection for case edges. Ideal for safeguarding against impact during transport, ensuring long-lasting reliability and safety.\" \/>\n<meta name=\"robots\" content=\"index, follow, max-snippet:-1, max-image-preview:large, max-video-preview:-1\" \/>\n<link rel=\"canonical\" href=\"https:\/\/sxflightcase.com\/es_es\/producto\/cantonera-metalica-coc601-2\/\" \/>\n<meta property=\"og:locale\" content=\"es_ES\" \/>\n<meta property=\"og:type\" content=\"article\" \/>\n<meta property=\"og:title\" content=\"Metal Corner Protector COC601\" \/>\n<meta property=\"og:description\" content=\"Metal corner protector, factory direct! High-quality, durable protection for case edges. Ideal for safeguarding against impact during transport, ensuring long-lasting reliability and safety.\" \/>\n<meta property=\"og:url\" content=\"https:\/\/sxflightcase.com\/es_es\/producto\/cantonera-metalica-coc601-2\/\" \/>\n<meta property=\"og:site_name\" content=\"https:\/\/sxflightcase.com\" \/>\n<meta property=\"article:publisher\" content=\"https:\/\/www.facebook.com\/profile.php?id=61560407257971\" \/>\n<meta property=\"article:modified_time\" content=\"2024-08-21T06:24:44+00:00\" \/>\n<meta property=\"og:image\" content=\"https:\/\/sxflightcase.com\/wp-content\/uploads\/2024\/08\/COC601.jpg\" \/>\n\t<meta property=\"og:image:width\" content=\"520\" \/>\n\t<meta property=\"og:image:height\" content=\"529\" \/>\n\t<meta property=\"og:image:type\" content=\"image\/jpeg\" \/>\n<meta name=\"twitter:card\" content=\"summary_large_image\" \/>\n<meta name=\"twitter:label1\" content=\"Tiempo de lectura\" \/>\n\t<meta name=\"twitter:data1\" content=\"3 minutos\" \/>\n<script type=\"application\/ld+json\" class=\"yoast-schema-graph\">{\"@context\":\"https:\/\/schema.org\",\"@graph\":[{\"@type\":\"WebPage\",\"@id\":\"https:\/\/sxflightcase.com\/product\/metal-corner-protector-coc601\/\",\"url\":\"https:\/\/sxflightcase.com\/product\/metal-corner-protector-coc601\/\",\"name\":\"Metal Corner Protector COC601 - https:\/\/sxflightcase.com \ud83d\udc97\",\"isPartOf\":{\"@id\":\"https:\/\/sxflightcase.com\/th\/#website\"},\"primaryImageOfPage\":{\"@id\":\"https:\/\/sxflightcase.com\/product\/metal-corner-protector-coc601\/#primaryimage\"},\"image\":{\"@id\":\"https:\/\/sxflightcase.com\/product\/metal-corner-protector-coc601\/#primaryimage\"},\"thumbnailUrl\":\"https:\/\/sxflightcase.com\/wp-content\/uploads\/2024\/08\/COC601.jpg\",\"datePublished\":\"2024-08-21T06:24:43+00:00\",\"dateModified\":\"2024-08-21T06:24:44+00:00\",\"description\":\"Metal corner protector, factory direct! High-quality, durable protection for case edges. Ideal for safeguarding against impact during transport, ensuring long-lasting reliability and safety.\",\"breadcrumb\":{\"@id\":\"https:\/\/sxflightcase.com\/product\/metal-corner-protector-coc601\/#breadcrumb\"},\"inLanguage\":\"es\",\"potentialAction\":[{\"@type\":\"ReadAction\",\"target\":[\"https:\/\/sxflightcase.com\/product\/metal-corner-protector-coc601\/\"]}]},{\"@type\":\"ImageObject\",\"inLanguage\":\"es\",\"@id\":\"https:\/\/sxflightcase.com\/product\/metal-corner-protector-coc601\/#primaryimage\",\"url\":\"https:\/\/sxflightcase.com\/wp-content\/uploads\/2024\/08\/COC601.jpg\",\"contentUrl\":\"https:\/\/sxflightcase.com\/wp-content\/uploads\/2024\/08\/COC601.jpg\",\"width\":520,\"height\":529,\"caption\":\"Metal Corner Protector\"},{\"@type\":\"BreadcrumbList\",\"@id\":\"https:\/\/sxflightcase.com\/product\/metal-corner-protector-coc601\/#breadcrumb\",\"itemListElement\":[{\"@type\":\"ListItem\",\"position\":1,\"name\":\"Home\",\"item\":\"https:\/\/sxflightcase.com\/\"},{\"@type\":\"ListItem\",\"position\":2,\"name\":\"\u0e2a\u0e34\u0e19\u0e04\u0e49\u0e32\",\"item\":\"https:\/\/sxflightcase.com\/th\/shop\/\"},{\"@type\":\"ListItem\",\"position\":3,\"name\":\"Metal Corner Protector COC601\"}]},{\"@type\":\"WebSite\",\"@id\":\"https:\/\/sxflightcase.com\/th\/#website\",\"url\":\"https:\/\/sxflightcase.com\/th\/\",\"name\":\"sxpowercase.com\",\"description\":\"Flight Case Factory\",\"publisher\":{\"@id\":\"https:\/\/sxflightcase.com\/th\/#organization\"},\"potentialAction\":[{\"@type\":\"SearchAction\",\"target\":{\"@type\":\"EntryPoint\",\"urlTemplate\":\"https:\/\/sxflightcase.com\/th\/?s={search_term_string}\"},\"query-input\":{\"@type\":\"PropertyValueSpecification\",\"valueRequired\":true,\"valueName\":\"search_term_string\"}}],\"inLanguage\":\"es\"},{\"@type\":\"Organization\",\"@id\":\"https:\/\/sxflightcase.com\/th\/#organization\",\"name\":\"sxpowercase.com\",\"url\":\"https:\/\/sxflightcase.com\/th\/\",\"logo\":{\"@type\":\"ImageObject\",\"inLanguage\":\"es\",\"@id\":\"https:\/\/sxflightcase.com\/th\/#\/schema\/logo\/image\/\",\"url\":\"https:\/\/sxflightcase.com\/wp-content\/uploads\/2024\/04\/1713919036007.jpg\",\"contentUrl\":\"https:\/\/sxflightcase.com\/wp-content\/uploads\/2024\/04\/1713919036007.jpg\",\"width\":382,\"height\":388,\"caption\":\"sxpowercase.com\"},\"image\":{\"@id\":\"https:\/\/sxflightcase.com\/th\/#\/schema\/logo\/image\/\"},\"sameAs\":[\"https:\/\/www.facebook.com\/profile.php?id=61560407257971\"],\"numberOfEmployees\":{\"@type\":\"QuantitativeValue\",\"minValue\":\"11\",\"maxValue\":\"50\"}}]}<\/script>\n<!-- \/ Yoast SEO Premium plugin. -->","yoast_head_json":{"title":"Metal Corner Protector COC601 - https:\/\/sxflightcase.com \ud83d\udc97","description":"Protector de esquinas met\u00e1lico, \u00a1directo de f\u00e1brica! Protecci\u00f3n duradera y de alta calidad para los bordes de las maletas. Ideal para proteger contra impactos durante el transporte, garantizando una fiabilidad y seguridad duraderas.","robots":{"index":"index","follow":"follow","max-snippet":"max-snippet:-1","max-image-preview":"max-image-preview:large","max-video-preview":"max-video-preview:-1"},"canonical":"https:\/\/sxflightcase.com\/es_es\/producto\/cantonera-metalica-coc601-2\/","og_locale":"es_ES","og_type":"article","og_title":"Metal Corner Protector COC601","og_description":"Metal corner protector, factory direct! High-quality, durable protection for case edges. Ideal for safeguarding against impact during transport, ensuring long-lasting reliability and safety.","og_url":"https:\/\/sxflightcase.com\/es_es\/producto\/cantonera-metalica-coc601-2\/","og_site_name":"https:\/\/sxflightcase.com","article_publisher":"https:\/\/www.facebook.com\/profile.php?id=61560407257971","article_modified_time":"2024-08-21T06:24:44+00:00","og_image":[{"width":520,"height":529,"url":"https:\/\/sxflightcase.com\/wp-content\/uploads\/2024\/08\/COC601.jpg","type":"image\/jpeg"}],"twitter_card":"summary_large_image","twitter_misc":{"Tiempo de lectura":"3 minutos"},"schema":{"@context":"https:\/\/schema.org","@graph":[{"@type":"WebPage","@id":"https:\/\/sxflightcase.com\/product\/metal-corner-protector-coc601\/","url":"https:\/\/sxflightcase.com\/product\/metal-corner-protector-coc601\/","name":"Metal Corner Protector COC601 - https:\/\/sxflightcase.com \ud83d\udc97","isPartOf":{"@id":"https:\/\/sxflightcase.com\/th\/#website"},"primaryImageOfPage":{"@id":"https:\/\/sxflightcase.com\/product\/metal-corner-protector-coc601\/#primaryimage"},"image":{"@id":"https:\/\/sxflightcase.com\/product\/metal-corner-protector-coc601\/#primaryimage"},"thumbnailUrl":"https:\/\/sxflightcase.com\/wp-content\/uploads\/2024\/08\/COC601.jpg","datePublished":"2024-08-21T06:24:43+00:00","dateModified":"2024-08-21T06:24:44+00:00","description":"Protector de esquinas met\u00e1lico, \u00a1directo de f\u00e1brica! Protecci\u00f3n duradera y de alta calidad para los bordes de las maletas. Ideal para proteger contra impactos durante el transporte, garantizando una fiabilidad y seguridad duraderas.","breadcrumb":{"@id":"https:\/\/sxflightcase.com\/product\/metal-corner-protector-coc601\/#breadcrumb"},"inLanguage":"es","potentialAction":[{"@type":"ReadAction","target":["https:\/\/sxflightcase.com\/product\/metal-corner-protector-coc601\/"]}]},{"@type":"ImageObject","inLanguage":"es","@id":"https:\/\/sxflightcase.com\/product\/metal-corner-protector-coc601\/#primaryimage","url":"https:\/\/sxflightcase.com\/wp-content\/uploads\/2024\/08\/COC601.jpg","contentUrl":"https:\/\/sxflightcase.com\/wp-content\/uploads\/2024\/08\/COC601.jpg","width":520,"height":529,"caption":"Metal Corner Protector"},{"@type":"BreadcrumbList","@id":"https:\/\/sxflightcase.com\/product\/metal-corner-protector-coc601\/#breadcrumb","itemListElement":[{"@type":"ListItem","position":1,"name":"Home","item":"https:\/\/sxflightcase.com\/"},{"@type":"ListItem","position":2,"name":"\u0e2a\u0e34\u0e19\u0e04\u0e49\u0e32","item":"https:\/\/sxflightcase.com\/th\/shop\/"},{"@type":"ListItem","position":3,"name":"Metal Corner Protector COC601"}]},{"@type":"WebSite","@id":"https:\/\/sxflightcase.com\/th\/#website","url":"https:\/\/sxflightcase.com\/th\/","name":"es.sxpowercase.com","description":"F\u00e1brica de flightcases","publisher":{"@id":"https:\/\/sxflightcase.com\/th\/#organization"},"potentialAction":[{"@type":"SearchAction","target":{"@type":"EntryPoint","urlTemplate":"https:\/\/sxflightcase.com\/th\/?s={search_term_string}"},"query-input":{"@type":"PropertyValueSpecification","valueRequired":true,"valueName":"search_term_string"}}],"inLanguage":"es"},{"@type":"Organization","@id":"https:\/\/sxflightcase.com\/th\/#organization","name":"es.sxpowercase.com","url":"https:\/\/sxflightcase.com\/th\/","logo":{"@type":"ImageObject","inLanguage":"es","@id":"https:\/\/sxflightcase.com\/th\/#\/schema\/logo\/image\/","url":"https:\/\/sxflightcase.com\/wp-content\/uploads\/2024\/04\/1713919036007.jpg","contentUrl":"https:\/\/sxflightcase.com\/wp-content\/uploads\/2024\/04\/1713919036007.jpg","width":382,"height":388,"caption":"sxpowercase.com"},"image":{"@id":"https:\/\/sxflightcase.com\/th\/#\/schema\/logo\/image\/"},"sameAs":["https:\/\/www.facebook.com\/profile.php?id=61560407257971"],"numberOfEmployees":{"@type":"QuantitativeValue","minValue":"11","maxValue":"50"}}]}},"_links":{"self":[{"href":"https:\/\/sxflightcase.com\/es_es\/wp-json\/wp\/v2\/product\/4158","targetHints":{"allow":["GET"]}}],"collection":[{"href":"https:\/\/sxflightcase.com\/es_es\/wp-json\/wp\/v2\/product"}],"about":[{"href":"https:\/\/sxflightcase.com\/es_es\/wp-json\/wp\/v2\/types\/product"}],"replies":[{"embeddable":true,"href":"https:\/\/sxflightcase.com\/es_es\/wp-json\/wp\/v2\/comments?post=4158"}],"version-history":[{"count":0,"href":"https:\/\/sxflightcase.com\/es_es\/wp-json\/wp\/v2\/product\/4158\/revisions"}],"wp:featuredmedia":[{"embeddable":true,"href":"https:\/\/sxflightcase.com\/es_es\/wp-json\/wp\/v2\/media\/4093"}],"wp:attachment":[{"href":"https:\/\/sxflightcase.com\/es_es\/wp-json\/wp\/v2\/media?parent=4158"}],"wp:term":[{"taxonomy":"product_brand","embeddable":true,"href":"https:\/\/sxflightcase.com\/es_es\/wp-json\/wp\/v2\/product_brand?post=4158"},{"taxonomy":"product_cat","embeddable":true,"href":"https:\/\/sxflightcase.com\/es_es\/wp-json\/wp\/v2\/product_cat?post=4158"},{"taxonomy":"product_tag","embeddable":true,"href":"https:\/\/sxflightcase.com\/es_es\/wp-json\/wp\/v2\/product_tag?post=4158"}],"curies":[{"name":"wp","href":"https:\/\/api.w.org\/{rel}","templated":true}]}}