{"id":4160,"date":"2024-08-21T07:45:28","date_gmt":"2024-08-21T06:45:28","guid":{"rendered":"https:\/\/sxpowercase.com\/?post_type=product&#038;p=4160"},"modified":"2024-08-21T07:45:29","modified_gmt":"2024-08-21T06:45:29","slug":"metal-corner-protectors-coc701","status":"publish","type":"product","link":"https:\/\/sxflightcase.com\/es_es\/producto\/cantoneras-metalicas-coc701-2\/","title":{"rendered":"Protectores de esquinas de metal COC701"},"content":{"rendered":"<h3>Protecci\u00f3n superior con cantoneras met\u00e1licas SX<\/h3>\n<h4>Proteja sus equipos con confianza<\/h4>\n<p>Su equipo merece la mejor protecci\u00f3n, y SX <span style=\"color: #3366ff;\"><a style=\"color: #3366ff;\" href=\"https:\/\/sxpowercase.com\/product\/metal-corner-protector-coc602\/\"><strong>Cantoneras met\u00e1licas<\/strong><\/a><\/span> est\u00e1n dise\u00f1adas para ofrecer precisamente eso. Dise\u00f1ados para proteger sus maletas de vuelo y de carretera de posibles da\u00f1os, estos protectores garantizan la seguridad de su equipo durante el transporte. Con precios directos de f\u00e1brica, SX ofrece una calidad superior a una fracci\u00f3n del coste.<\/p>\n<h4>Fuerza y resistencia excepcionales<\/h4>\n<p>Fabricado con materiales duraderos, <a href=\"https:\/\/sxpowercase.com\/\" target=\"_blank\" rel=\"noopener\" title=\"SX\" data-wpil-monitor-id=\"681\">SX<\/a> <strong>Cantoneras met\u00e1licas<\/strong> est\u00e1n fabricados para resistir fuertes impactos y una manipulaci\u00f3n brusca. Estos protectores no s\u00f3lo son duros, sino tambi\u00e9n resistentes a los ara\u00f1azos y al desgaste, proporcionando una protecci\u00f3n duradera para sus fundas. Cuando eliges SX, inviertes en una defensa fiable que mantiene tu equipo a salvo, todo ello mientras te beneficias de un precio asequible.<\/p>\n<h4>Instalaci\u00f3n sencilla para uso inmediato<\/h4>\n<p>Instalaci\u00f3n de SX <strong>Cantoneras met\u00e1licas<\/strong> es r\u00e1pido y sencillo, lo que le permite fortificar sus maletines sin complicaciones. Estos protectores est\u00e1n dise\u00f1ados para adaptarse a una gran variedad de tipos de maletines, lo que los convierte en una opci\u00f3n vers\u00e1til para profesionales de distintos sectores. Con un precio directo de f\u00e1brica, disfrutar\u00e1 de una protecci\u00f3n de alta calidad a un precio rentable.<\/p>\n<h4>Soluciones personalizadas para necesidades \u00fanicas<\/h4>\n<p>Cada caso es \u00fanico, y SX comprende la importancia de las soluciones a medida. Nuestro <strong>Cantoneras met\u00e1licas<\/strong> pueden personalizarse para adaptarse a sus requisitos espec\u00edficos, garantizando un ajuste perfecto y una protecci\u00f3n \u00f3ptima. Al comprar directamente a SX, puede acceder a estas opciones personalizadas a un precio asequible, sin renunciar a la calidad.<\/p>\n<h4>Profesionales de todo el mundo conf\u00edan en nosotros<\/h4>\n<p>SX es un nombre de confianza entre los profesionales que exigen lo mejor para sus equipos. Nuestra <strong>Cantoneras met\u00e1licas<\/strong> cuentan con la confianza de expertos de los sectores del entretenimiento, la log\u00edstica y la producci\u00f3n audiovisual para mantener sus maletas seguras. Con un enfoque en la durabilidad y la rentabilidad, SX ofrece productos que cumplen con los m\u00e1s altos est\u00e1ndares de rendimiento.<\/p>\n<h4>Defensa asequible y de alta calidad<\/h4>\n<p>Proteger su valioso equipo no deber\u00eda costarle un dineral. SX <strong>Cantoneras met\u00e1licas<\/strong> ofrecen protecci\u00f3n de alta calidad a un precio que no sobrecargar\u00e1 su presupuesto. Gracias a las ventas directas de f\u00e1brica, SX le garantiza que recibir\u00e1 productos duraderos y eficaces sin sobreprecio, lo que supone un gran valor para su inversi\u00f3n.<\/p>\n<h4>Protecci\u00f3n duradera y rentable<\/h4>\n<p>SX <strong>Protector met\u00e1lico para esquinas<\/strong>\u00a0est\u00e1n dise\u00f1ados para durar, d\u00e1ndole la tranquilidad de que sus maletas est\u00e1n bien protegidas durante el transporte. Estos protectores son una excelente opci\u00f3n para cualquiera que busque una protecci\u00f3n fiable a bajo coste. Con SX, obtendr\u00e1 el equilibrio perfecto entre calidad, durabilidad y asequibilidad.<\/p>\n<p>P\u00f3ngase en contacto con nosotros:<span style=\"color: #0000ff;\"><a style=\"color: #0000ff;\" href=\"https:\/\/sxpowercase.com\/contact-us\/\">https:\/\/sxpowercase.com\/<\/a><\/span><\/p>\n<p>Cat\u00e1logo de productos de hardware\uff1a<span style=\"color: #3366ff;\"><a style=\"color: #3366ff;\" href=\"https:\/\/sxpowercase.com\/wp-content\/uploads\/2024\/07\/\u4e94\u91d1.pdf\">Cat\u00e1logo de accesorios de ferreter\u00eda<\/a><\/span><\/p>","protected":false},"excerpt":{"rendered":"<h3>Cantoneras met\u00e1licas SX: La mejor defensa para su equipo<\/h3>\n<p>Garantice la seguridad de sus equipos durante el transporte con las cantoneras met\u00e1licas SX, dise\u00f1adas para ofrecer una protecci\u00f3n de primera categor\u00eda a precios directos de f\u00e1brica.<\/p>\n<h3>Protecci\u00f3n duradera y resistente<\/h3>\n<p>Fabricados con materiales de alta calidad, los cantoneras met\u00e1licas SX ofrecen una resistencia excepcional contra los impactos y el desgaste, proporcionando una defensa fiable y duradera.<\/p>\n<h3>Personalizable y f\u00e1cil de instalar<\/h3>\n<p>SX ofrece protectores de esquinas personalizables que son f\u00e1ciles de instalar y se adaptan a varios tipos de carcasas, al tiempo que ofrecen una protecci\u00f3n asequible y de alta calidad adaptada a sus necesidades.<\/p>","protected":false},"featured_media":4095,"comment_status":"open","ping_status":"closed","template":"","meta":[],"product_brand":[],"product_cat":[63],"product_tag":[],"class_list":{"0":"post-4160","1":"product","2":"type-product","3":"status-publish","4":"has-post-thumbnail","6":"product_cat-corners","8":"first","9":"instock","10":"shipping-taxable","11":"product-type-simple"},"yoast_head":"<!-- This site is optimized with the Yoast SEO Premium plugin v27.1 (Yoast SEO v27.2) - https:\/\/yoast.com\/product\/yoast-seo-premium-wordpress\/ -->\n<title>Metal Corner Protectors COC701 - https:\/\/sxflightcase.com \ud83d\udc97<\/title>\n<meta name=\"description\" content=\"Metal corner protectors, factory direct! High-quality, durable protection for case edges. Ideal for safeguarding against impact during transport\" \/>\n<meta name=\"robots\" content=\"index, follow, max-snippet:-1, max-image-preview:large, max-video-preview:-1\" \/>\n<link rel=\"canonical\" href=\"https:\/\/sxflightcase.com\/es_es\/producto\/cantoneras-metalicas-coc701-2\/\" \/>\n<meta property=\"og:locale\" content=\"es_ES\" \/>\n<meta property=\"og:type\" content=\"article\" \/>\n<meta property=\"og:title\" content=\"Metal Corner Protectors COC701\" \/>\n<meta property=\"og:description\" content=\"Metal corner protectors, factory direct! High-quality, durable protection for case edges. Ideal for safeguarding against impact during transport\" \/>\n<meta property=\"og:url\" content=\"https:\/\/sxflightcase.com\/es_es\/producto\/cantoneras-metalicas-coc701-2\/\" \/>\n<meta property=\"og:site_name\" content=\"https:\/\/sxflightcase.com\" \/>\n<meta property=\"article:publisher\" content=\"https:\/\/www.facebook.com\/profile.php?id=61560407257971\" \/>\n<meta property=\"article:modified_time\" content=\"2024-08-21T06:45:29+00:00\" \/>\n<meta property=\"og:image\" content=\"https:\/\/sxflightcase.com\/wp-content\/uploads\/2024\/08\/COC701.jpg\" \/>\n\t<meta property=\"og:image:width\" content=\"520\" \/>\n\t<meta property=\"og:image:height\" content=\"520\" \/>\n\t<meta property=\"og:image:type\" content=\"image\/jpeg\" \/>\n<meta name=\"twitter:card\" content=\"summary_large_image\" \/>\n<meta name=\"twitter:label1\" content=\"Tiempo de lectura\" \/>\n\t<meta name=\"twitter:data1\" content=\"3 minutos\" \/>\n<script type=\"application\/ld+json\" class=\"yoast-schema-graph\">{\"@context\":\"https:\/\/schema.org\",\"@graph\":[{\"@type\":\"WebPage\",\"@id\":\"https:\/\/sxflightcase.com\/product\/metal-corner-protectors-coc701\/\",\"url\":\"https:\/\/sxflightcase.com\/product\/metal-corner-protectors-coc701\/\",\"name\":\"Metal Corner Protectors COC701 - https:\/\/sxflightcase.com \ud83d\udc97\",\"isPartOf\":{\"@id\":\"https:\/\/sxflightcase.com\/th\/#website\"},\"primaryImageOfPage\":{\"@id\":\"https:\/\/sxflightcase.com\/product\/metal-corner-protectors-coc701\/#primaryimage\"},\"image\":{\"@id\":\"https:\/\/sxflightcase.com\/product\/metal-corner-protectors-coc701\/#primaryimage\"},\"thumbnailUrl\":\"https:\/\/sxflightcase.com\/wp-content\/uploads\/2024\/08\/COC701.jpg\",\"datePublished\":\"2024-08-21T06:45:28+00:00\",\"dateModified\":\"2024-08-21T06:45:29+00:00\",\"description\":\"Metal corner protectors, factory direct! High-quality, durable protection for case edges. Ideal for safeguarding against impact during transport\",\"breadcrumb\":{\"@id\":\"https:\/\/sxflightcase.com\/product\/metal-corner-protectors-coc701\/#breadcrumb\"},\"inLanguage\":\"es\",\"potentialAction\":[{\"@type\":\"ReadAction\",\"target\":[\"https:\/\/sxflightcase.com\/product\/metal-corner-protectors-coc701\/\"]}]},{\"@type\":\"ImageObject\",\"inLanguage\":\"es\",\"@id\":\"https:\/\/sxflightcase.com\/product\/metal-corner-protectors-coc701\/#primaryimage\",\"url\":\"https:\/\/sxflightcase.com\/wp-content\/uploads\/2024\/08\/COC701.jpg\",\"contentUrl\":\"https:\/\/sxflightcase.com\/wp-content\/uploads\/2024\/08\/COC701.jpg\",\"width\":520,\"height\":520,\"caption\":\"Metal Corner Protectors\"},{\"@type\":\"BreadcrumbList\",\"@id\":\"https:\/\/sxflightcase.com\/product\/metal-corner-protectors-coc701\/#breadcrumb\",\"itemListElement\":[{\"@type\":\"ListItem\",\"position\":1,\"name\":\"Home\",\"item\":\"https:\/\/sxflightcase.com\/\"},{\"@type\":\"ListItem\",\"position\":2,\"name\":\"\u0e2a\u0e34\u0e19\u0e04\u0e49\u0e32\",\"item\":\"https:\/\/sxflightcase.com\/th\/shop\/\"},{\"@type\":\"ListItem\",\"position\":3,\"name\":\"Metal Corner Protectors COC701\"}]},{\"@type\":\"WebSite\",\"@id\":\"https:\/\/sxflightcase.com\/th\/#website\",\"url\":\"https:\/\/sxflightcase.com\/th\/\",\"name\":\"sxpowercase.com\",\"description\":\"Flight Case Factory\",\"publisher\":{\"@id\":\"https:\/\/sxflightcase.com\/th\/#organization\"},\"potentialAction\":[{\"@type\":\"SearchAction\",\"target\":{\"@type\":\"EntryPoint\",\"urlTemplate\":\"https:\/\/sxflightcase.com\/th\/?s={search_term_string}\"},\"query-input\":{\"@type\":\"PropertyValueSpecification\",\"valueRequired\":true,\"valueName\":\"search_term_string\"}}],\"inLanguage\":\"es\"},{\"@type\":\"Organization\",\"@id\":\"https:\/\/sxflightcase.com\/th\/#organization\",\"name\":\"sxpowercase.com\",\"url\":\"https:\/\/sxflightcase.com\/th\/\",\"logo\":{\"@type\":\"ImageObject\",\"inLanguage\":\"es\",\"@id\":\"https:\/\/sxflightcase.com\/th\/#\/schema\/logo\/image\/\",\"url\":\"https:\/\/sxflightcase.com\/wp-content\/uploads\/2024\/04\/1713919036007.jpg\",\"contentUrl\":\"https:\/\/sxflightcase.com\/wp-content\/uploads\/2024\/04\/1713919036007.jpg\",\"width\":382,\"height\":388,\"caption\":\"sxpowercase.com\"},\"image\":{\"@id\":\"https:\/\/sxflightcase.com\/th\/#\/schema\/logo\/image\/\"},\"sameAs\":[\"https:\/\/www.facebook.com\/profile.php?id=61560407257971\"],\"numberOfEmployees\":{\"@type\":\"QuantitativeValue\",\"minValue\":\"11\",\"maxValue\":\"50\"}}]}<\/script>\n<!-- \/ Yoast SEO Premium plugin. -->","yoast_head_json":{"title":"Metal Corner Protectors COC701 - https:\/\/sxflightcase.com \ud83d\udc97","description":"Cantoneras met\u00e1licas, \u00a1directas de f\u00e1brica! Protecci\u00f3n duradera y de alta calidad para los bordes de las maletas. Ideales para proteger contra golpes durante el transporte.","robots":{"index":"index","follow":"follow","max-snippet":"max-snippet:-1","max-image-preview":"max-image-preview:large","max-video-preview":"max-video-preview:-1"},"canonical":"https:\/\/sxflightcase.com\/es_es\/producto\/cantoneras-metalicas-coc701-2\/","og_locale":"es_ES","og_type":"article","og_title":"Metal Corner Protectors COC701","og_description":"Metal corner protectors, factory direct! High-quality, durable protection for case edges. Ideal for safeguarding against impact during transport","og_url":"https:\/\/sxflightcase.com\/es_es\/producto\/cantoneras-metalicas-coc701-2\/","og_site_name":"https:\/\/sxflightcase.com","article_publisher":"https:\/\/www.facebook.com\/profile.php?id=61560407257971","article_modified_time":"2024-08-21T06:45:29+00:00","og_image":[{"width":520,"height":520,"url":"https:\/\/sxflightcase.com\/wp-content\/uploads\/2024\/08\/COC701.jpg","type":"image\/jpeg"}],"twitter_card":"summary_large_image","twitter_misc":{"Tiempo de lectura":"3 minutos"},"schema":{"@context":"https:\/\/schema.org","@graph":[{"@type":"WebPage","@id":"https:\/\/sxflightcase.com\/product\/metal-corner-protectors-coc701\/","url":"https:\/\/sxflightcase.com\/product\/metal-corner-protectors-coc701\/","name":"Metal Corner Protectors COC701 - https:\/\/sxflightcase.com \ud83d\udc97","isPartOf":{"@id":"https:\/\/sxflightcase.com\/th\/#website"},"primaryImageOfPage":{"@id":"https:\/\/sxflightcase.com\/product\/metal-corner-protectors-coc701\/#primaryimage"},"image":{"@id":"https:\/\/sxflightcase.com\/product\/metal-corner-protectors-coc701\/#primaryimage"},"thumbnailUrl":"https:\/\/sxflightcase.com\/wp-content\/uploads\/2024\/08\/COC701.jpg","datePublished":"2024-08-21T06:45:28+00:00","dateModified":"2024-08-21T06:45:29+00:00","description":"Cantoneras met\u00e1licas, \u00a1directas de f\u00e1brica! Protecci\u00f3n duradera y de alta calidad para los bordes de las maletas. Ideales para proteger contra golpes durante el transporte.","breadcrumb":{"@id":"https:\/\/sxflightcase.com\/product\/metal-corner-protectors-coc701\/#breadcrumb"},"inLanguage":"es","potentialAction":[{"@type":"ReadAction","target":["https:\/\/sxflightcase.com\/product\/metal-corner-protectors-coc701\/"]}]},{"@type":"ImageObject","inLanguage":"es","@id":"https:\/\/sxflightcase.com\/product\/metal-corner-protectors-coc701\/#primaryimage","url":"https:\/\/sxflightcase.com\/wp-content\/uploads\/2024\/08\/COC701.jpg","contentUrl":"https:\/\/sxflightcase.com\/wp-content\/uploads\/2024\/08\/COC701.jpg","width":520,"height":520,"caption":"Metal Corner Protectors"},{"@type":"BreadcrumbList","@id":"https:\/\/sxflightcase.com\/product\/metal-corner-protectors-coc701\/#breadcrumb","itemListElement":[{"@type":"ListItem","position":1,"name":"Home","item":"https:\/\/sxflightcase.com\/"},{"@type":"ListItem","position":2,"name":"\u0e2a\u0e34\u0e19\u0e04\u0e49\u0e32","item":"https:\/\/sxflightcase.com\/th\/shop\/"},{"@type":"ListItem","position":3,"name":"Metal Corner Protectors COC701"}]},{"@type":"WebSite","@id":"https:\/\/sxflightcase.com\/th\/#website","url":"https:\/\/sxflightcase.com\/th\/","name":"es.sxpowercase.com","description":"F\u00e1brica de flightcases","publisher":{"@id":"https:\/\/sxflightcase.com\/th\/#organization"},"potentialAction":[{"@type":"SearchAction","target":{"@type":"EntryPoint","urlTemplate":"https:\/\/sxflightcase.com\/th\/?s={search_term_string}"},"query-input":{"@type":"PropertyValueSpecification","valueRequired":true,"valueName":"search_term_string"}}],"inLanguage":"es"},{"@type":"Organization","@id":"https:\/\/sxflightcase.com\/th\/#organization","name":"es.sxpowercase.com","url":"https:\/\/sxflightcase.com\/th\/","logo":{"@type":"ImageObject","inLanguage":"es","@id":"https:\/\/sxflightcase.com\/th\/#\/schema\/logo\/image\/","url":"https:\/\/sxflightcase.com\/wp-content\/uploads\/2024\/04\/1713919036007.jpg","contentUrl":"https:\/\/sxflightcase.com\/wp-content\/uploads\/2024\/04\/1713919036007.jpg","width":382,"height":388,"caption":"sxpowercase.com"},"image":{"@id":"https:\/\/sxflightcase.com\/th\/#\/schema\/logo\/image\/"},"sameAs":["https:\/\/www.facebook.com\/profile.php?id=61560407257971"],"numberOfEmployees":{"@type":"QuantitativeValue","minValue":"11","maxValue":"50"}}]}},"_links":{"self":[{"href":"https:\/\/sxflightcase.com\/es_es\/wp-json\/wp\/v2\/product\/4160","targetHints":{"allow":["GET"]}}],"collection":[{"href":"https:\/\/sxflightcase.com\/es_es\/wp-json\/wp\/v2\/product"}],"about":[{"href":"https:\/\/sxflightcase.com\/es_es\/wp-json\/wp\/v2\/types\/product"}],"replies":[{"embeddable":true,"href":"https:\/\/sxflightcase.com\/es_es\/wp-json\/wp\/v2\/comments?post=4160"}],"version-history":[{"count":0,"href":"https:\/\/sxflightcase.com\/es_es\/wp-json\/wp\/v2\/product\/4160\/revisions"}],"wp:featuredmedia":[{"embeddable":true,"href":"https:\/\/sxflightcase.com\/es_es\/wp-json\/wp\/v2\/media\/4095"}],"wp:attachment":[{"href":"https:\/\/sxflightcase.com\/es_es\/wp-json\/wp\/v2\/media?parent=4160"}],"wp:term":[{"taxonomy":"product_brand","embeddable":true,"href":"https:\/\/sxflightcase.com\/es_es\/wp-json\/wp\/v2\/product_brand?post=4160"},{"taxonomy":"product_cat","embeddable":true,"href":"https:\/\/sxflightcase.com\/es_es\/wp-json\/wp\/v2\/product_cat?post=4160"},{"taxonomy":"product_tag","embeddable":true,"href":"https:\/\/sxflightcase.com\/es_es\/wp-json\/wp\/v2\/product_tag?post=4160"}],"curies":[{"name":"wp","href":"https:\/\/api.w.org\/{rel}","templated":true}]}}